{"id":4328,"date":"2023-01-24T15:12:47","date_gmt":"2023-01-24T15:12:47","guid":{"rendered":"https:\/\/www.safinel.fr\/?post_type=product&#038;p=4328"},"modified":"2023-12-30T12:16:42","modified_gmt":"2023-12-30T12:16:42","slug":"haifischknorpel","status":"publish","type":"product","link":"https:\/\/www.safinel.fr\/de\/product-2\/haifischknorpel\/","title":{"rendered":"60 Kapseln aus Haifischknorpel"},"content":{"rendered":"<p>Haben Sie schon einmal vom\u00a0<strong>Haifischknorpel<\/strong>\u00a0? Auch wenn es Ihnen vielleicht seltsam vorkommt, ist es eine hervorragende Quelle f\u00fcr Kalzium und Vitamin D! Zoom auf diesen verkannten Verb\u00fcndeten f\u00fcr Ihr Gelenk- und Knochenkapital!<\/p>\n<h2><strong>Haifischknorpel: Was<\/strong>\u2019<strong>ist c<\/strong>\u2019<strong>ist?<\/strong><\/h2>\n<p>Haifischknorpel ist wie der menschliche Knorpel ein z\u00e4hes, aber weiches Gewebe. Er ist nicht vaskularisiert und bedeckt die Oberfl\u00e4che der Knochen an den Gelenken. Er kann sogar das Ger\u00fcst f\u00fcr bestimmte Organe sein (z. B. das Ohr!).<\/p>\n<p>Es ist vor allem eine nat\u00fcrliche Quelle f\u00fcr kollagene Proteine. Aber auch Kalzium, Chondroitin und Phosphor.<\/p>\n<p>Kalzium ist das am h\u00e4ufigsten vorkommende Mineral im menschlichen K\u00f6rper. Es macht 1 bis 1,5 kg aus. Und 99% davon tragen zur Festigkeit Ihrer Knochen und Z\u00e4hne bei.<\/p>\n<p>Dar\u00fcber hinaus ist das zweitwichtigste Mineral Phosphor, ein wichtiger Bestandteil unserer Knochenzellen. \u00dcbrigens sind 85% dieses Phosphors mit dem Kalzium in den Knochen verbunden.<\/p>\n<p>Kollagene Proteine und Chondroitin sind zwei wichtige Bestandteile des Knorpels.<\/p>\n<p>Sie werden es verstehen: Haifischknorpel ist eine nicht zu untersch\u00e4tzende Unterst\u00fctzung f\u00fcr den gesamten Knochenbereich! Er hilft dabei, normale Knochen und Z\u00e4hne zu erhalten!<\/p>\n<p>Der verwendete Knorpel stammt von einer nicht bedrohten Haiart, die zu Nahrungszwecken gefischt wird.<\/p>\n<h2><strong>Warum sollte man Haifischknorpel einnehmen?<\/strong><\/h2>\n<p>Es wird derzeit an der Erforschung des Anti-Krebs-Potenzials dieses Produkts gearbeitet. Bisher gibt es dazu noch keine eindeutigen Ergebnisse.<\/p>\n<p>Stattdessen sprechen wir heute \u00fcber die Gesundheit Ihrer Gelenke! Arthrose, Arthritis, Gelenkschmerzen: Haifischknorpel wirkt!<\/p>\n<p>Er besitzt n\u00e4mlich zahlreiche medizinische Eigenschaften.<\/p>\n<p>Wohlbefinden der Gelenke: Er hat eine wohltuende Wirkung auf die Gelenke. Langfristig tr\u00e4gt er zur Linderung von Arthritis, Osteoarthrose und rheumatoider Arthritis bei.<\/p>\n<p>Au\u00dferdem hilft es, die allgemeine Beweglichkeit zu verbessern.<\/p>\n<p>Es tr\u00e4gt zur Erneuerung des Knorpels bei. Vor allem dank der oben genannten Komponenten Glucosamin und Chondroitin, die es enth\u00e4lt.<\/p>\n<p>Es begrenzt aber auch seinen Abbau und hilft, die Gelenke zu remineralisieren.<\/p>\n<p>Dar\u00fcber hinaus ist es nachweislich wirksam bei der Behandlung von entz\u00fcndlichen Erkrankungen. Insbesondere bei H\u00e4morrhoiden und Rektokolitis. Aber auch Psoriasis und akute Hautallergien.<\/p>\n<h3><strong>Haifischknorpel: Vorsichtsma\u00dfnahmen<\/strong>\u2019<strong>Verwendung<\/strong><\/h3>\n<p>Aufgrund seiner antiangiogenen Wirkung ist es absolut tabu :<\/p>\n<ul>\n<li>bei schwangeren und stillenden Frauen<\/li>\n<li>ebenso wie bei Kindern<\/li>\n<li>sowie bei Personen mit Wunden (nach einer Verletzung oder Operation).<\/li>\n<\/ul>\n<p>Verwenden Sie dieses Produkt auch nicht, wenn Sie allergisch gegen Fisch, Schalentiere und\/oder Muscheln sind.<\/p>\n<h3><strong>Safinel, der Shop f\u00fcr nat\u00fcrliche und afrikanische Produkte!<\/strong><\/h3>\n<p>Entdecken Sie unseren Online-Shop: E-Commerce, der es gut mit Ihnen meint!<\/p>\n<p>Denn wir bieten Ihnen nur Naturkosmetik an, die wir sorgf\u00e4ltig speziell f\u00fcr Sie ausgew\u00e4hlt haben!<\/p>\n<p>Sie werden verschiedene Items wiederfinden,<\/p>\n<p>Und die Frau steht im Mittelpunkt! Finden Sie unter anderem :<\/p>\n<ul>\n<li>nat\u00fcrliche Fruchtbarkeitshilfen, die selbstverst\u00e4ndlich anerkannt sind! Wie z. B. die\u00a0<strong>Palmenpollen-Kapseln<\/strong>\u00a0oder die<strong>\u00a0Rose von Jericho<\/strong>\u00a0;<\/li>\n<li>Pflanzen, die helfen, die Vagina zu straffen, wie die\u00a0<strong>Nep-nep-Pulver<\/strong>\u00a0;<\/li>\n<li>oder zur Linderung schmerzhafter Menstruationsbeschwerden, wie z. B. das\u00a0<strong>Frucht 4 Seiten<\/strong>\u00a0;<\/li>\n<li>Aber auch das\u00a0<a href=\"https:\/\/www.safinel.fr\/de\/product-2\/vetiverwurzeln\/\"><strong>khamar\u00e9<\/strong><\/a>, Sie kann auch in der postpartalen Phase verwendet werden. Oder bei z. B. vaginaler Trockenheit!<\/li>\n<\/ul>\n<p>Und das ist noch nicht alles! Entdecken Sie auch Kr\u00e4utertees und Pflanzenpulver, die Ihre\u00a0<strong>Fruchtbarkeit<\/strong>, sondern auch von\u00a0<strong>aphrodisierende Pflanzen<\/strong>.<\/p>\n<p>In einem anderen Register bieten wir Ihnen Pflanzen an, mit denen Sie die ganze Familie auf nat\u00fcrliche Weise pflegen k\u00f6nnen (<strong>Eukalyptus<\/strong>,\u00a0<strong>Tulsibl\u00e4tter<\/strong>...)<\/p>\n<p>Oder sich einfach von den Zehenspitzen bis zum Haaransatz pflegen! Unter anderem mit dem\u00a0<strong>Karit\u00e9butter<\/strong>, am\u00a0<strong>Bhringaraj<\/strong>, und sogar<strong>\u00a0<a href=\"https:\/\/www.safinel.fr\/de\/product-category-2\/haarbotox\/\">Haar-Botox<\/a><\/strong>\u00a0!<\/p>","protected":false},"excerpt":{"rendered":"<p>Avez-vous d\u00e9j\u00e0 entendu parler du\u00a0cartilage de requin\u00a0? Bien que cela puisse vous para\u00eetre \u00e9trange, c\u2019est une excellente source de calcium et de vitamine D ! Zoom sur cet alli\u00e9 m\u00e9connu de votre capital articulaire et osseux ! Le cartilage de requin : qu\u2019est-ce que c\u2019est ? Le cartilage de requin, tout comme le cartilage humain, [&#8230;]","protected":false},"featured_media":4331,"template":"","meta":[],"product_brand":[],"product_cat":[15],"product_tag":[],"class_list":{"0":"post-4328","1":"product","2":"type-product","3":"status-publish","4":"has-post-thumbnail","6":"product_cat-fertilite","8":"first","9":"outofstock","10":"shipping-taxable","11":"purchasable","12":"product-type-simple"},"yoast_head":"<!-- This site is optimized with the Yoast SEO plugin v26.6 - https:\/\/yoast.com\/wordpress\/plugins\/seo\/ -->\n<title>Cartilage de requin I 60 g\u00e9lules I Bienfaits nombreux<\/title>\n<meta name=\"description\" content=\"Avez-vous d\u00e9j\u00e0 entendu parler du\u00a0cartilage de requin\u00a0? Bien que cela puisse vous para\u00eetre \u00e9trange, c\u2019est une excellente source de calcium et de vitamine D !\" \/>\n<meta name=\"robots\" content=\"index, follow, max-snippet:-1, max-image-preview:large, max-video-preview:-1\" \/>\n<link rel=\"canonical\" href=\"https:\/\/www.safinel.fr\/de\/product-2\/haifischknorpel\/\" \/>\n<meta property=\"og:locale\" content=\"de_DE\" \/>\n<meta property=\"og:type\" content=\"article\" \/>\n<meta property=\"og:title\" content=\"Cartilage de requin I 60 g\u00e9lules I Bienfaits nombreux\" \/>\n<meta property=\"og:description\" content=\"Avez-vous d\u00e9j\u00e0 entendu parler du\u00a0cartilage de requin\u00a0? Bien que cela puisse vous para\u00eetre \u00e9trange, c\u2019est une excellente source de calcium et de vitamine D !\" \/>\n<meta property=\"og:url\" content=\"https:\/\/www.safinel.fr\/de\/product-2\/haifischknorpel\/\" \/>\n<meta property=\"og:site_name\" content=\"Safinel\" \/>\n<meta property=\"article:modified_time\" content=\"2023-12-30T12:16:42+00:00\" \/>\n<meta property=\"og:image\" content=\"https:\/\/www.safinel.fr\/wp-content\/uploads\/2023\/01\/gelules-de-cartilage-de-requin.jpg\" \/>\n\t<meta property=\"og:image:width\" content=\"600\" \/>\n\t<meta property=\"og:image:height\" content=\"600\" \/>\n\t<meta property=\"og:image:type\" content=\"image\/jpeg\" \/>\n<meta name=\"twitter:card\" content=\"summary_large_image\" \/>\n<meta name=\"twitter:label1\" content=\"Gesch\u00e4tzte Lesezeit\" \/>\n\t<meta name=\"twitter:data1\" content=\"3\u00a0Minuten\" \/>\n<script type=\"application\/ld+json\" class=\"yoast-schema-graph\">{\"@context\":\"https:\/\/schema.org\",\"@graph\":[{\"@type\":\"WebPage\",\"@id\":\"https:\/\/www.safinel.fr\/produit\/cartilage-de-requin\/\",\"url\":\"https:\/\/www.safinel.fr\/produit\/cartilage-de-requin\/\",\"name\":\"Cartilage de requin I 60 g\u00e9lules I Bienfaits nombreux\",\"isPartOf\":{\"@id\":\"https:\/\/www.safinel.fr\/#website\"},\"primaryImageOfPage\":{\"@id\":\"https:\/\/www.safinel.fr\/produit\/cartilage-de-requin\/#primaryimage\"},\"image\":{\"@id\":\"https:\/\/www.safinel.fr\/produit\/cartilage-de-requin\/#primaryimage\"},\"thumbnailUrl\":\"https:\/\/www.safinel.fr\/wp-content\/uploads\/2023\/01\/gelules-de-cartilage-de-requin.jpg\",\"datePublished\":\"2023-01-24T15:12:47+00:00\",\"dateModified\":\"2023-12-30T12:16:42+00:00\",\"description\":\"Avez-vous d\u00e9j\u00e0 entendu parler du\u00a0cartilage de requin\u00a0? Bien que cela puisse vous para\u00eetre \u00e9trange, c\u2019est une excellente source de calcium et de vitamine D !\",\"breadcrumb\":{\"@id\":\"https:\/\/www.safinel.fr\/produit\/cartilage-de-requin\/#breadcrumb\"},\"inLanguage\":\"de\",\"potentialAction\":[{\"@type\":\"ReadAction\",\"target\":[\"https:\/\/www.safinel.fr\/produit\/cartilage-de-requin\/\"]}]},{\"@type\":\"ImageObject\",\"inLanguage\":\"de\",\"@id\":\"https:\/\/www.safinel.fr\/produit\/cartilage-de-requin\/#primaryimage\",\"url\":\"https:\/\/www.safinel.fr\/wp-content\/uploads\/2023\/01\/gelules-de-cartilage-de-requin.jpg\",\"contentUrl\":\"https:\/\/www.safinel.fr\/wp-content\/uploads\/2023\/01\/gelules-de-cartilage-de-requin.jpg\",\"width\":600,\"height\":600,\"caption\":\"60 g\u00e9lules de cartilage de requin\"},{\"@type\":\"BreadcrumbList\",\"@id\":\"https:\/\/www.safinel.fr\/produit\/cartilage-de-requin\/#breadcrumb\",\"itemListElement\":[{\"@type\":\"ListItem\",\"position\":1,\"name\":\"Accueil\",\"item\":\"https:\/\/www.safinel.fr\/\"},{\"@type\":\"ListItem\",\"position\":2,\"name\":\"Boutique\",\"item\":\"https:\/\/www.safinel.fr\/boutique\/\"},{\"@type\":\"ListItem\",\"position\":3,\"name\":\"60 g\u00e9lules de cartilage de requin\"}]},{\"@type\":\"WebSite\",\"@id\":\"https:\/\/www.safinel.fr\/#website\",\"url\":\"https:\/\/www.safinel.fr\/\",\"name\":\"Safinel\",\"description\":\"\",\"publisher\":{\"@id\":\"https:\/\/www.safinel.fr\/#organization\"},\"potentialAction\":[{\"@type\":\"SearchAction\",\"target\":{\"@type\":\"EntryPoint\",\"urlTemplate\":\"https:\/\/www.safinel.fr\/?s={search_term_string}\"},\"query-input\":{\"@type\":\"PropertyValueSpecification\",\"valueRequired\":true,\"valueName\":\"search_term_string\"}}],\"inLanguage\":\"de\"},{\"@type\":\"Organization\",\"@id\":\"https:\/\/www.safinel.fr\/#organization\",\"name\":\"Safinel\",\"url\":\"https:\/\/www.safinel.fr\/\",\"logo\":{\"@type\":\"ImageObject\",\"inLanguage\":\"de\",\"@id\":\"https:\/\/www.safinel.fr\/#\/schema\/logo\/image\/\",\"url\":\"https:\/\/www.safinel.fr\/wp-content\/uploads\/2021\/05\/boutique-cosmetique.png\",\"contentUrl\":\"https:\/\/www.safinel.fr\/wp-content\/uploads\/2021\/05\/boutique-cosmetique.png\",\"width\":800,\"height\":200,\"caption\":\"Safinel\"},\"image\":{\"@id\":\"https:\/\/www.safinel.fr\/#\/schema\/logo\/image\/\"}}]}<\/script>\n<!-- \/ Yoast SEO plugin. -->","yoast_head_json":{"title":"Haifischknorpel I 60 Kapseln I Zahlreiche Vorteile","description":"Haben Sie schon einmal von Haifischknorpel geh\u00f6rt? Auch wenn es Ihnen vielleicht seltsam vorkommt, ist er eine hervorragende Quelle f\u00fcr Kalzium und Vitamin D!","robots":{"index":"index","follow":"follow","max-snippet":"max-snippet:-1","max-image-preview":"max-image-preview:large","max-video-preview":"max-video-preview:-1"},"canonical":"https:\/\/www.safinel.fr\/de\/product-2\/haifischknorpel\/","og_locale":"de_DE","og_type":"article","og_title":"Cartilage de requin I 60 g\u00e9lules I Bienfaits nombreux","og_description":"Avez-vous d\u00e9j\u00e0 entendu parler du\u00a0cartilage de requin\u00a0? Bien que cela puisse vous para\u00eetre \u00e9trange, c\u2019est une excellente source de calcium et de vitamine D !","og_url":"https:\/\/www.safinel.fr\/de\/product-2\/haifischknorpel\/","og_site_name":"Safinel","article_modified_time":"2023-12-30T12:16:42+00:00","og_image":[{"width":600,"height":600,"url":"https:\/\/www.safinel.fr\/wp-content\/uploads\/2023\/01\/gelules-de-cartilage-de-requin.jpg","type":"image\/jpeg"}],"twitter_card":"summary_large_image","twitter_misc":{"Gesch\u00e4tzte Lesezeit":"3\u00a0Minuten"},"schema":{"@context":"https:\/\/schema.org","@graph":[{"@type":"WebPage","@id":"https:\/\/www.safinel.fr\/produit\/cartilage-de-requin\/","url":"https:\/\/www.safinel.fr\/produit\/cartilage-de-requin\/","name":"Haifischknorpel I 60 Kapseln I Zahlreiche Vorteile","isPartOf":{"@id":"https:\/\/www.safinel.fr\/#website"},"primaryImageOfPage":{"@id":"https:\/\/www.safinel.fr\/produit\/cartilage-de-requin\/#primaryimage"},"image":{"@id":"https:\/\/www.safinel.fr\/produit\/cartilage-de-requin\/#primaryimage"},"thumbnailUrl":"https:\/\/www.safinel.fr\/wp-content\/uploads\/2023\/01\/gelules-de-cartilage-de-requin.jpg","datePublished":"2023-01-24T15:12:47+00:00","dateModified":"2023-12-30T12:16:42+00:00","description":"Haben Sie schon einmal von Haifischknorpel geh\u00f6rt? Auch wenn es Ihnen vielleicht seltsam vorkommt, ist er eine hervorragende Quelle f\u00fcr Kalzium und Vitamin D!","breadcrumb":{"@id":"https:\/\/www.safinel.fr\/produit\/cartilage-de-requin\/#breadcrumb"},"inLanguage":"de","potentialAction":[{"@type":"ReadAction","target":["https:\/\/www.safinel.fr\/produit\/cartilage-de-requin\/"]}]},{"@type":"ImageObject","inLanguage":"de","@id":"https:\/\/www.safinel.fr\/produit\/cartilage-de-requin\/#primaryimage","url":"https:\/\/www.safinel.fr\/wp-content\/uploads\/2023\/01\/gelules-de-cartilage-de-requin.jpg","contentUrl":"https:\/\/www.safinel.fr\/wp-content\/uploads\/2023\/01\/gelules-de-cartilage-de-requin.jpg","width":600,"height":600,"caption":"60 g\u00e9lules de cartilage de requin"},{"@type":"BreadcrumbList","@id":"https:\/\/www.safinel.fr\/produit\/cartilage-de-requin\/#breadcrumb","itemListElement":[{"@type":"ListItem","position":1,"name":"Accueil","item":"https:\/\/www.safinel.fr\/"},{"@type":"ListItem","position":2,"name":"Boutique","item":"https:\/\/www.safinel.fr\/boutique\/"},{"@type":"ListItem","position":3,"name":"60 g\u00e9lules de cartilage de requin"}]},{"@type":"WebSite","@id":"https:\/\/www.safinel.fr\/#website","url":"https:\/\/www.safinel.fr\/","name":"Safinel","description":"","publisher":{"@id":"https:\/\/www.safinel.fr\/#organization"},"potentialAction":[{"@type":"SearchAction","target":{"@type":"EntryPoint","urlTemplate":"https:\/\/www.safinel.fr\/?s={search_term_string}"},"query-input":{"@type":"PropertyValueSpecification","valueRequired":true,"valueName":"search_term_string"}}],"inLanguage":"de"},{"@type":"Organization","@id":"https:\/\/www.safinel.fr\/#organization","name":"Safinel","url":"https:\/\/www.safinel.fr\/","logo":{"@type":"ImageObject","inLanguage":"de","@id":"https:\/\/www.safinel.fr\/#\/schema\/logo\/image\/","url":"https:\/\/www.safinel.fr\/wp-content\/uploads\/2021\/05\/boutique-cosmetique.png","contentUrl":"https:\/\/www.safinel.fr\/wp-content\/uploads\/2021\/05\/boutique-cosmetique.png","width":800,"height":200,"caption":"Safinel"},"image":{"@id":"https:\/\/www.safinel.fr\/#\/schema\/logo\/image\/"}}]}},"_links":{"self":[{"href":"https:\/\/www.safinel.fr\/de\/wp-json\/wp\/v2\/product\/4328","targetHints":{"allow":["GET"]}}],"collection":[{"href":"https:\/\/www.safinel.fr\/de\/wp-json\/wp\/v2\/product"}],"about":[{"href":"https:\/\/www.safinel.fr\/de\/wp-json\/wp\/v2\/types\/product"}],"wp:featuredmedia":[{"embeddable":true,"href":"https:\/\/www.safinel.fr\/de\/wp-json\/wp\/v2\/media\/4331"}],"wp:attachment":[{"href":"https:\/\/www.safinel.fr\/de\/wp-json\/wp\/v2\/media?parent=4328"}],"wp:term":[{"taxonomy":"product_brand","embeddable":true,"href":"https:\/\/www.safinel.fr\/de\/wp-json\/wp\/v2\/product_brand?post=4328"},{"taxonomy":"product_cat","embeddable":true,"href":"https:\/\/www.safinel.fr\/de\/wp-json\/wp\/v2\/product_cat?post=4328"},{"taxonomy":"product_tag","embeddable":true,"href":"https:\/\/www.safinel.fr\/de\/wp-json\/wp\/v2\/product_tag?post=4328"}],"curies":[{"name":"wp","href":"https:\/\/api.w.org\/{rel}","templated":true}]}}