{"id":4301,"date":"2023-01-22T17:33:41","date_gmt":"2023-01-22T17:33:41","guid":{"rendered":"https:\/\/www.safinel.fr\/?post_type=product&#038;p=4301"},"modified":"2024-08-08T11:13:13","modified_gmt":"2024-08-08T11:13:13","slug":"kamelfett","status":"publish","type":"product","link":"https:\/\/www.safinel.fr\/de\/product-2\/kamelfett\/","title":{"rendered":"Kamelfett 45g"},"content":{"rendered":"<p><strong>Kamelfett.\u00a0<\/strong>Wenn Sie diesen Begriff noch nicht geh\u00f6rt haben, sollten Sie wissen, was sich hinter dieser Formulierung verbirgt\u00a0<strong>ein Produkt voller Vorteile.<\/strong>\u00a0Zoom auf Kamelfett, eine Neuheit in unserem Shop als<strong>\u00a0d\u00fcrfen Sie auf keinen Fall verpassen!<\/strong><\/p>\n<h2><strong>Kamelfett, eine verkannte Perle<\/strong><\/h2>\n<p>In der Tat ist es ein<strong>\u00a0eher seltenes und unbekanntes Produkt<\/strong>\u00a0\u00fcber die wir hier berichten. In\u00a0<a href=\"https:\/\/www.campings.ma\" target=\"_blank\" rel=\"noopener\"><strong>direkte Herkunft aus Marokko<\/strong><\/a>, Diese kleine Perle\u00a0<strong>tr\u00e4gt auch den Namen daroua<\/strong>. Die Legende, dass Kamelh\u00f6cker Wasser enthalten, ist also nicht mehr wahr! Die Kamelh\u00f6cker enthalten n\u00e4mlich Fett.<\/p>\n<p>Diese\u00a0<strong>bietet uns ein hochwertiges Produkt, mit dem wir viele Beschwerden der Gelenke und der Haut lindern k\u00f6nnen, insbesondere<\/strong>. Lassen Sie uns die Vorteile, die sie in sich birgt, im Einzelnen betrachten.<\/p>\n<h2><strong>Die Vorteile von Kamelh\u00f6ckerfett\u00a0<\/strong><\/h2>\n<p><strong>Die Vorteile von Kamelfett aus Marokko<\/strong>, werden erstens beobachtet\u00a0<strong>bei Gelenkproblemen<\/strong>. Wenn Sie n\u00e4mlich anf\u00e4llig sind f\u00fcr<strong>\u00a0Probleme mit Arthritis, Arthrose oder Rheuma<\/strong>\u00a0Dann ist dieses Produkt genau das Richtige f\u00fcr Sie! Ebenso wird das Fett wirksam f\u00fcr Ihre\u00a0<strong>Muskelschmerzen, R\u00fcckenschmerzen<\/strong>\u00a0sowie f\u00fcr\u00a0<strong>Ihren Ischiasnerv entlasten.\u00a0<\/strong><\/p>\n<p>Kamelfett ist auch bei folgenden Hautkrankheiten wirksam<strong>\u00a0Ekzeme und Psoriasis.<\/strong>\u00a0Auch<strong>\u00a0trockene Haut mit Rissen zu lindern<\/strong>. Und sie wird ebenso eine gro\u00dfe Hilfe sein in der\u00a0<strong>Atemwegserkrankungen insbesondere Asthma<\/strong>.  Nutzen Sie schlie\u00dflich die Vorteile dieser W\u00fcstenperle, um<strong>\u00a0Schmerzen bei H\u00e4morrhoiden lindern<\/strong>. Wir erkl\u00e4ren Ihnen gleich, wie sie verwendet wird.<\/p>\n<h2><strong>Die Verwendung von Kamelh\u00f6ckerfett<\/strong><\/h2>\n<p>Je nachdem, was Sie behandeln m\u00f6chten, k\u00f6nnen Sie das Fett des marokkanischen Kamels wie folgt auf Ihre Haut auftragen. So, wenn Sie sich von Schmerzen befreien m\u00f6chten,<strong>\u00a0den Bereich gezielt direkt mit dem Fett massieren<\/strong>. Zweitens, wenn Sie bestimmte Hautprobleme loswerden m\u00f6chten,\u00a0<a href=\"https:\/\/www.safinel.fr\/de\/product-2\/anti-akne-serum-mit-nigella\/\"><strong>k\u00f6nnen Sie es mit Schwarzk\u00fcmmel\u00f6l mischen<\/strong><\/a>\u00a0zum Beispiel. Dann\u00a0<strong>Massieren Sie den zu behandelnden Bereich Ihrer Epidermis lokal ein.<\/strong>\u00a0und z\u00f6gern Sie nicht, den Vorgang zu wiederholen.<\/p>\n<p>Bei Atemwegsproblemen schlie\u00dflich Kamelfett auftragen.\u00a0<strong>als Massage direkt auf dem Brustkorb.<\/strong>\u00a0Sowie\u00a0<strong>der obere Teil des R\u00fcckens.<\/strong>\u00a0Schlie\u00dflich sollten Sie wissen, dass\u00a0<strong>das Kamelfett wird auch allein oder mit Honig vermischt verzehrt.<\/strong>\u00a0Dies erweist sich im Falle von Atemproblemen als besonders wirksam.<\/p>\n<p>Wir haben Ihnen also gesagt, dass es sich um eine echte Perle handelt. Wir wollen Ihnen nun zeigen, wie Sie es am besten aufbewahren, um seine volle Wirksamkeit zu erhalten.<\/p>\n<h3><strong>Rat zur Erhaltung\u00a0<\/strong><\/h3>\n<p>Um Ihr Kamelfett sowie alle seine Vorz\u00fcge bestm\u00f6glich zu erhalten,\u00a0<strong>wir empfehlen, sie an einem eher k\u00fchlen und vorzugsweise trockenen Ort zu lagern<\/strong>. Sowie in\u00a0<strong>vor Licht gesch\u00fctzt.<\/strong>\u00a0Zum Schluss beachten Sie bitte de\u00a0<strong>bringen Sie Ihr Kamelfett nicht mit Wasser in Ber\u00fchrung.\u00a0<\/strong><\/p>","protected":false},"excerpt":{"rendered":"<p>Kamelfett. Wenn Sie diesen Begriff noch nicht geh\u00f6rt haben, sollten Sie wissen, dass sich hinter dieser Bezeichnung ein Produkt mit vielen Vorteilen verbirgt. Werfen wir einen Blick auf Kamelfett, eine Neuheit in unserem Shop, die Sie sich nicht entgehen lassen sollten! Kamel-Fett, ein unbekannter Schatz Es handelt sich um ein eher seltenes und unbekanntes Produkt, das wir [\u2026]","protected":false},"featured_media":4302,"template":"","meta":[],"product_brand":[],"product_cat":[41],"product_tag":[],"class_list":{"0":"post-4301","1":"product","2":"type-product","3":"status-publish","4":"has-post-thumbnail","6":"product_cat-produits-naturels-divers","8":"first","9":"instock","10":"shipping-taxable","11":"purchasable","12":"product-type-simple"},"yoast_head":"<!-- This site is optimized with the Yoast SEO plugin v26.6 - https:\/\/yoast.com\/wordpress\/plugins\/seo\/ -->\n<title>Graisse de chameau I Bienfaits nombreux I Originaire du Maroc<\/title>\n<meta name=\"description\" content=\"La graisse de chameau.\u00a0Si vous n&#039;avez pas encore entendu ce terme, sachez que se cache derri\u00e8re ce libell\u00e9\u00a0un produit rempli de bienfaits.\" \/>\n<meta name=\"robots\" content=\"index, follow, max-snippet:-1, max-image-preview:large, max-video-preview:-1\" \/>\n<link rel=\"canonical\" href=\"https:\/\/www.safinel.fr\/de\/product-2\/kamelfett\/\" \/>\n<meta property=\"og:locale\" content=\"de_DE\" \/>\n<meta property=\"og:type\" content=\"article\" \/>\n<meta property=\"og:title\" content=\"Graisse de chameau I Bienfaits nombreux I Originaire du Maroc\" \/>\n<meta property=\"og:description\" content=\"La graisse de chameau.\u00a0Si vous n&#039;avez pas encore entendu ce terme, sachez que se cache derri\u00e8re ce libell\u00e9\u00a0un produit rempli de bienfaits.\" \/>\n<meta property=\"og:url\" content=\"https:\/\/www.safinel.fr\/de\/product-2\/kamelfett\/\" \/>\n<meta property=\"og:site_name\" content=\"Safinel\" \/>\n<meta property=\"article:modified_time\" content=\"2024-08-08T11:13:13+00:00\" \/>\n<meta property=\"og:image\" content=\"https:\/\/www.safinel.fr\/wp-content\/uploads\/2023\/01\/graisse-de-chameau.jpg\" \/>\n\t<meta property=\"og:image:width\" content=\"600\" \/>\n\t<meta property=\"og:image:height\" content=\"600\" \/>\n\t<meta property=\"og:image:type\" content=\"image\/jpeg\" \/>\n<meta name=\"twitter:card\" content=\"summary_large_image\" \/>\n<meta name=\"twitter:label1\" content=\"Gesch\u00e4tzte Lesezeit\" \/>\n\t<meta name=\"twitter:data1\" content=\"3\u00a0Minuten\" \/>\n<script type=\"application\/ld+json\" class=\"yoast-schema-graph\">{\"@context\":\"https:\/\/schema.org\",\"@graph\":[{\"@type\":\"WebPage\",\"@id\":\"https:\/\/www.safinel.fr\/produit\/graisse-de-chameau\/\",\"url\":\"https:\/\/www.safinel.fr\/produit\/graisse-de-chameau\/\",\"name\":\"Graisse de chameau I Bienfaits nombreux I Originaire du Maroc\",\"isPartOf\":{\"@id\":\"https:\/\/www.safinel.fr\/#website\"},\"primaryImageOfPage\":{\"@id\":\"https:\/\/www.safinel.fr\/produit\/graisse-de-chameau\/#primaryimage\"},\"image\":{\"@id\":\"https:\/\/www.safinel.fr\/produit\/graisse-de-chameau\/#primaryimage\"},\"thumbnailUrl\":\"https:\/\/www.safinel.fr\/wp-content\/uploads\/2023\/01\/graisse-de-chameau.jpg\",\"datePublished\":\"2023-01-22T17:33:41+00:00\",\"dateModified\":\"2024-08-08T11:13:13+00:00\",\"description\":\"La graisse de chameau.\u00a0Si vous n'avez pas encore entendu ce terme, sachez que se cache derri\u00e8re ce libell\u00e9\u00a0un produit rempli de bienfaits.\",\"breadcrumb\":{\"@id\":\"https:\/\/www.safinel.fr\/produit\/graisse-de-chameau\/#breadcrumb\"},\"inLanguage\":\"de\",\"potentialAction\":[{\"@type\":\"ReadAction\",\"target\":[\"https:\/\/www.safinel.fr\/produit\/graisse-de-chameau\/\"]}]},{\"@type\":\"ImageObject\",\"inLanguage\":\"de\",\"@id\":\"https:\/\/www.safinel.fr\/produit\/graisse-de-chameau\/#primaryimage\",\"url\":\"https:\/\/www.safinel.fr\/wp-content\/uploads\/2023\/01\/graisse-de-chameau.jpg\",\"contentUrl\":\"https:\/\/www.safinel.fr\/wp-content\/uploads\/2023\/01\/graisse-de-chameau.jpg\",\"width\":600,\"height\":600,\"caption\":\"Graisse de chameau\"},{\"@type\":\"BreadcrumbList\",\"@id\":\"https:\/\/www.safinel.fr\/produit\/graisse-de-chameau\/#breadcrumb\",\"itemListElement\":[{\"@type\":\"ListItem\",\"position\":1,\"name\":\"Accueil\",\"item\":\"https:\/\/www.safinel.fr\/\"},{\"@type\":\"ListItem\",\"position\":2,\"name\":\"Boutique\",\"item\":\"https:\/\/www.safinel.fr\/boutique\/\"},{\"@type\":\"ListItem\",\"position\":3,\"name\":\"Graisse de chameau 45g\"}]},{\"@type\":\"WebSite\",\"@id\":\"https:\/\/www.safinel.fr\/#website\",\"url\":\"https:\/\/www.safinel.fr\/\",\"name\":\"Safinel\",\"description\":\"\",\"publisher\":{\"@id\":\"https:\/\/www.safinel.fr\/#organization\"},\"potentialAction\":[{\"@type\":\"SearchAction\",\"target\":{\"@type\":\"EntryPoint\",\"urlTemplate\":\"https:\/\/www.safinel.fr\/?s={search_term_string}\"},\"query-input\":{\"@type\":\"PropertyValueSpecification\",\"valueRequired\":true,\"valueName\":\"search_term_string\"}}],\"inLanguage\":\"de\"},{\"@type\":\"Organization\",\"@id\":\"https:\/\/www.safinel.fr\/#organization\",\"name\":\"Safinel\",\"url\":\"https:\/\/www.safinel.fr\/\",\"logo\":{\"@type\":\"ImageObject\",\"inLanguage\":\"de\",\"@id\":\"https:\/\/www.safinel.fr\/#\/schema\/logo\/image\/\",\"url\":\"https:\/\/www.safinel.fr\/wp-content\/uploads\/2021\/05\/boutique-cosmetique.png\",\"contentUrl\":\"https:\/\/www.safinel.fr\/wp-content\/uploads\/2021\/05\/boutique-cosmetique.png\",\"width\":800,\"height\":200,\"caption\":\"Safinel\"},\"image\":{\"@id\":\"https:\/\/www.safinel.fr\/#\/schema\/logo\/image\/\"}}]}<\/script>\n<!-- \/ Yoast SEO plugin. -->","yoast_head_json":{"title":"Kamelfett I Zahlreiche Vorteile I Urspr\u00fcnglich aus Marokko","description":"Das Fett von Kamelen. Falls Sie diesen Begriff noch nicht geh\u00f6rt haben, sollten Sie wissen, dass sich hinter dieser Bezeichnung ein Produkt voller Vorteile verbirgt.","robots":{"index":"index","follow":"follow","max-snippet":"max-snippet:-1","max-image-preview":"max-image-preview:large","max-video-preview":"max-video-preview:-1"},"canonical":"https:\/\/www.safinel.fr\/de\/product-2\/kamelfett\/","og_locale":"de_DE","og_type":"article","og_title":"Graisse de chameau I Bienfaits nombreux I Originaire du Maroc","og_description":"La graisse de chameau.\u00a0Si vous n'avez pas encore entendu ce terme, sachez que se cache derri\u00e8re ce libell\u00e9\u00a0un produit rempli de bienfaits.","og_url":"https:\/\/www.safinel.fr\/de\/product-2\/kamelfett\/","og_site_name":"Safinel","article_modified_time":"2024-08-08T11:13:13+00:00","og_image":[{"width":600,"height":600,"url":"https:\/\/www.safinel.fr\/wp-content\/uploads\/2023\/01\/graisse-de-chameau.jpg","type":"image\/jpeg"}],"twitter_card":"summary_large_image","twitter_misc":{"Gesch\u00e4tzte Lesezeit":"3\u00a0Minuten"},"schema":{"@context":"https:\/\/schema.org","@graph":[{"@type":"WebPage","@id":"https:\/\/www.safinel.fr\/produit\/graisse-de-chameau\/","url":"https:\/\/www.safinel.fr\/produit\/graisse-de-chameau\/","name":"Kamelfett I Zahlreiche Vorteile I Urspr\u00fcnglich aus Marokko","isPartOf":{"@id":"https:\/\/www.safinel.fr\/#website"},"primaryImageOfPage":{"@id":"https:\/\/www.safinel.fr\/produit\/graisse-de-chameau\/#primaryimage"},"image":{"@id":"https:\/\/www.safinel.fr\/produit\/graisse-de-chameau\/#primaryimage"},"thumbnailUrl":"https:\/\/www.safinel.fr\/wp-content\/uploads\/2023\/01\/graisse-de-chameau.jpg","datePublished":"2023-01-22T17:33:41+00:00","dateModified":"2024-08-08T11:13:13+00:00","description":"Das Fett von Kamelen. Falls Sie diesen Begriff noch nicht geh\u00f6rt haben, sollten Sie wissen, dass sich hinter dieser Bezeichnung ein Produkt voller Vorteile verbirgt.","breadcrumb":{"@id":"https:\/\/www.safinel.fr\/produit\/graisse-de-chameau\/#breadcrumb"},"inLanguage":"de","potentialAction":[{"@type":"ReadAction","target":["https:\/\/www.safinel.fr\/produit\/graisse-de-chameau\/"]}]},{"@type":"ImageObject","inLanguage":"de","@id":"https:\/\/www.safinel.fr\/produit\/graisse-de-chameau\/#primaryimage","url":"https:\/\/www.safinel.fr\/wp-content\/uploads\/2023\/01\/graisse-de-chameau.jpg","contentUrl":"https:\/\/www.safinel.fr\/wp-content\/uploads\/2023\/01\/graisse-de-chameau.jpg","width":600,"height":600,"caption":"Graisse de chameau"},{"@type":"BreadcrumbList","@id":"https:\/\/www.safinel.fr\/produit\/graisse-de-chameau\/#breadcrumb","itemListElement":[{"@type":"ListItem","position":1,"name":"Accueil","item":"https:\/\/www.safinel.fr\/"},{"@type":"ListItem","position":2,"name":"Boutique","item":"https:\/\/www.safinel.fr\/boutique\/"},{"@type":"ListItem","position":3,"name":"Graisse de chameau 45g"}]},{"@type":"WebSite","@id":"https:\/\/www.safinel.fr\/#website","url":"https:\/\/www.safinel.fr\/","name":"Safinel","description":"","publisher":{"@id":"https:\/\/www.safinel.fr\/#organization"},"potentialAction":[{"@type":"SearchAction","target":{"@type":"EntryPoint","urlTemplate":"https:\/\/www.safinel.fr\/?s={search_term_string}"},"query-input":{"@type":"PropertyValueSpecification","valueRequired":true,"valueName":"search_term_string"}}],"inLanguage":"de"},{"@type":"Organization","@id":"https:\/\/www.safinel.fr\/#organization","name":"Safinel","url":"https:\/\/www.safinel.fr\/","logo":{"@type":"ImageObject","inLanguage":"de","@id":"https:\/\/www.safinel.fr\/#\/schema\/logo\/image\/","url":"https:\/\/www.safinel.fr\/wp-content\/uploads\/2021\/05\/boutique-cosmetique.png","contentUrl":"https:\/\/www.safinel.fr\/wp-content\/uploads\/2021\/05\/boutique-cosmetique.png","width":800,"height":200,"caption":"Safinel"},"image":{"@id":"https:\/\/www.safinel.fr\/#\/schema\/logo\/image\/"}}]}},"_links":{"self":[{"href":"https:\/\/www.safinel.fr\/de\/wp-json\/wp\/v2\/product\/4301","targetHints":{"allow":["GET"]}}],"collection":[{"href":"https:\/\/www.safinel.fr\/de\/wp-json\/wp\/v2\/product"}],"about":[{"href":"https:\/\/www.safinel.fr\/de\/wp-json\/wp\/v2\/types\/product"}],"wp:featuredmedia":[{"embeddable":true,"href":"https:\/\/www.safinel.fr\/de\/wp-json\/wp\/v2\/media\/4302"}],"wp:attachment":[{"href":"https:\/\/www.safinel.fr\/de\/wp-json\/wp\/v2\/media?parent=4301"}],"wp:term":[{"taxonomy":"product_brand","embeddable":true,"href":"https:\/\/www.safinel.fr\/de\/wp-json\/wp\/v2\/product_brand?post=4301"},{"taxonomy":"product_cat","embeddable":true,"href":"https:\/\/www.safinel.fr\/de\/wp-json\/wp\/v2\/product_cat?post=4301"},{"taxonomy":"product_tag","embeddable":true,"href":"https:\/\/www.safinel.fr\/de\/wp-json\/wp\/v2\/product_tag?post=4301"}],"curies":[{"name":"wp","href":"https:\/\/api.w.org\/{rel}","templated":true}]}}