{"id":4232,"date":"2023-01-15T16:46:56","date_gmt":"2023-01-15T16:46:56","guid":{"rendered":"https:\/\/www.safinel.fr\/?post_type=product&#038;p=4232"},"modified":"2023-12-28T17:15:43","modified_gmt":"2023-12-28T17:15:43","slug":"hiltitol","status":"publish","type":"product","link":"https:\/\/www.safinel.fr\/de\/product-2\/hiltitol\/","title":{"rendered":"Hiltite-\u00d6l 30ml - Hemani"},"content":{"rendered":"<p>L\u2019<strong>Hiltit\u00f6l<\/strong>\u00a0oder\u00a0<strong>asafoetida<\/strong>\u00a0ist ein Pflanzen\u00f6l, das f\u00fcr seine wohltuende Wirkung bekannt ist. Die aus dem Nahen Osten stammende Pflanze ist eine Art Riesenfenchel. Dazu lernen Sie dieses Produkt genauer kennen.<\/p>\n<h2><strong>Woher kommt Hiltit\u00f6l?\u00a0<\/strong><\/h2>\n<p>Diese\u00a0<strong>Pflanzen\u00f6l<\/strong>\u00a0wird aus der Asafoetida-Pflanze gewonnen, die auch als Stinkende Ase oder Hantite bezeichnet wird. Er wird durch Anschneiden der Wurzeln der Pflanze gewonnen.<\/p>\n<p>Dieses \u00d6l hat einen sehr starken Geruch, der f\u00fcr manche Menschen unangenehm sein kann. Tats\u00e4chlich wird es oft mit der Rue verglichen, einer Pflanze mit einem besonderen Geruch. Au\u00dferdem,\u00a0<strong><a href=\"https:\/\/www.safinel.fr\/de\/product-2\/strasenol\/\">die Stra\u00dfe<\/a>\u00a0<\/strong>ist in unserem Safinel-Shop erh\u00e4ltlich.<\/p>\n<h2><strong>Die Vorteile von Hiltite-\u00d6l\u00a0<\/strong><\/h2>\n<p>Entdecken Sie die<strong>\u00a0zahlreiche Tugenden<\/strong>\u00a0dieses Produkts :<\/p>\n<ul>\n<li>Pflanze, die die Verdauung f\u00f6rdert und Bl\u00e4hungen lindert ;<\/li>\n<li>Wird in der ayurvedischen Medizin wegen seiner krampfl\u00f6senden Eigenschaften verwendet; ;<\/li>\n<li>N\u00fctzlich gegen Erk\u00e4ltung und Grippe ;<\/li>\n<li>Nat\u00fcrliches Abf\u00fchrmittel ;<\/li>\n<li>Erleichtert das Atmen ;<\/li>\n<li>F\u00f6rdert eine gute Herz-Kreislauf-Gesundheit ;<\/li>\n<\/ul>\n<h3><strong>Wie verwende ich dieses Pflanzen\u00f6l?<\/strong><\/h3>\n<p>Sie k\u00f6nnen diese<strong>\u00a0\u00d6l intern\u00a0<\/strong>oder\u00a0<strong>extern.\u00a0<\/strong>Zum Beispiel als Creme auf die Stellen, an denen du Schmerzen hast. Indem Sie morgens auf n\u00fcchternen Magen einen L\u00f6ffel schlucken. Zum Waschen des Intimbereichs. Und viele andere Verwendungsm\u00f6glichkeiten.<\/p>\n<p>Achten Sie jedoch darauf, die angegebene Dosis nicht zu \u00fcberschreiten.<\/p>\n<h3><strong>Gehen Sie auch auf Entdeckungsreise nach Schwefelpulver\u00a0<\/strong><\/h3>\n<p>Ebenfalls in unserem Shop erh\u00e4ltlich sind\u00a0<strong>Schwefelpulver<\/strong>. Dieser hat viele gesundheitliche Vorteile und wird h\u00e4ufig verwendet. So ist es unter anderem hilfreich bei bestimmten Hals-Nasen-Ohren-Erkrankungen. Ebenso ist bekannt, dass dieses Produkt bei bestimmten Atemproblemen hilft.<\/p>\n<p>Schauen Sie sich dazu in unserem Online-Shop um, um dieses Produkt zu entdecken.<\/p>\n<p>\u00dcbrigens bieten wir Ihnen auch verschiedene<strong>\u00a0<a href=\"https:\/\/www.safinel.fr\/de\/product-category-2\/bienenzucht\/\">honig aus allen Ecken der Welt<\/a><\/strong>, dann kommen Sie vorbei! Sie werden nicht entt\u00e4uscht sein.<\/p>","protected":false},"excerpt":{"rendered":"<p>L\u2019huile de hiltite\u00a0ou encore\u00a0asafoetida\u00a0est une huile v\u00e9g\u00e9tale reconnue pour ses bienfaits. Originaire du Moyen-Orient, cette plante est une sorte de fenouil g\u00e9ant. Pour ce faire, d\u00e9couvrez plus en d\u00e9tail ce produit. D\u2019o\u00f9 provient l\u2019huile de hiltite ?\u00a0 Cette\u00a0huile v\u00e9g\u00e9tale\u00a0est extraite de la plante asafoetida, nomm\u00e9e aussi ase f\u00e9tide, ou encore hantite. Celle-ci est obtenue en [&#8230;]","protected":false},"featured_media":4233,"template":"","meta":[],"product_brand":[],"product_cat":[122],"product_tag":[],"class_list":{"0":"post-4232","1":"product","2":"type-product","3":"status-publish","4":"has-post-thumbnail","6":"product_cat-huile-vegetale","8":"first","9":"instock","10":"shipping-taxable","11":"purchasable","12":"product-type-simple"},"yoast_head":"<!-- This site is optimized with the Yoast SEO plugin v26.6 - https:\/\/yoast.com\/wordpress\/plugins\/seo\/ -->\n<title>Huile de hiltite I Huile de asafoetida I Bienfaits nombreux<\/title>\n<meta name=\"description\" content=\"L\u2019huile de hiltite\u00a0ou encore\u00a0asafoetida\u00a0est une huile v\u00e9g\u00e9tale reconnue pour ses bienfaits. Adoptez-l\u00e0 sans en quelques clics !\" \/>\n<meta name=\"robots\" content=\"index, follow, max-snippet:-1, max-image-preview:large, max-video-preview:-1\" \/>\n<link rel=\"canonical\" href=\"https:\/\/www.safinel.fr\/de\/product-2\/hiltitol\/\" \/>\n<meta property=\"og:locale\" content=\"de_DE\" \/>\n<meta property=\"og:type\" content=\"article\" \/>\n<meta property=\"og:title\" content=\"Huile de hiltite I Huile de asafoetida I Bienfaits nombreux\" \/>\n<meta property=\"og:description\" content=\"L\u2019huile de hiltite\u00a0ou encore\u00a0asafoetida\u00a0est une huile v\u00e9g\u00e9tale reconnue pour ses bienfaits. Adoptez-l\u00e0 sans en quelques clics !\" \/>\n<meta property=\"og:url\" content=\"https:\/\/www.safinel.fr\/de\/product-2\/hiltitol\/\" \/>\n<meta property=\"og:site_name\" content=\"Safinel\" \/>\n<meta property=\"article:modified_time\" content=\"2023-12-28T17:15:43+00:00\" \/>\n<meta property=\"og:image\" content=\"https:\/\/www.safinel.fr\/wp-content\/uploads\/2023\/01\/huile-de-hiltyte-hemani.jpg\" \/>\n\t<meta property=\"og:image:width\" content=\"600\" \/>\n\t<meta property=\"og:image:height\" content=\"600\" \/>\n\t<meta property=\"og:image:type\" content=\"image\/jpeg\" \/>\n<meta name=\"twitter:card\" content=\"summary_large_image\" \/>\n<meta name=\"twitter:label1\" content=\"Gesch\u00e4tzte Lesezeit\" \/>\n\t<meta name=\"twitter:data1\" content=\"2\u00a0Minuten\" \/>\n<script type=\"application\/ld+json\" class=\"yoast-schema-graph\">{\"@context\":\"https:\/\/schema.org\",\"@graph\":[{\"@type\":\"WebPage\",\"@id\":\"https:\/\/www.safinel.fr\/produit\/huile-de-hiltite\/\",\"url\":\"https:\/\/www.safinel.fr\/produit\/huile-de-hiltite\/\",\"name\":\"Huile de hiltite I Huile de asafoetida I Bienfaits nombreux\",\"isPartOf\":{\"@id\":\"https:\/\/www.safinel.fr\/#website\"},\"primaryImageOfPage\":{\"@id\":\"https:\/\/www.safinel.fr\/produit\/huile-de-hiltite\/#primaryimage\"},\"image\":{\"@id\":\"https:\/\/www.safinel.fr\/produit\/huile-de-hiltite\/#primaryimage\"},\"thumbnailUrl\":\"https:\/\/www.safinel.fr\/wp-content\/uploads\/2023\/01\/huile-de-hiltyte-hemani.jpg\",\"datePublished\":\"2023-01-15T16:46:56+00:00\",\"dateModified\":\"2023-12-28T17:15:43+00:00\",\"description\":\"L\u2019huile de hiltite\u00a0ou encore\u00a0asafoetida\u00a0est une huile v\u00e9g\u00e9tale reconnue pour ses bienfaits. Adoptez-l\u00e0 sans en quelques clics !\",\"breadcrumb\":{\"@id\":\"https:\/\/www.safinel.fr\/produit\/huile-de-hiltite\/#breadcrumb\"},\"inLanguage\":\"de\",\"potentialAction\":[{\"@type\":\"ReadAction\",\"target\":[\"https:\/\/www.safinel.fr\/produit\/huile-de-hiltite\/\"]}]},{\"@type\":\"ImageObject\",\"inLanguage\":\"de\",\"@id\":\"https:\/\/www.safinel.fr\/produit\/huile-de-hiltite\/#primaryimage\",\"url\":\"https:\/\/www.safinel.fr\/wp-content\/uploads\/2023\/01\/huile-de-hiltyte-hemani.jpg\",\"contentUrl\":\"https:\/\/www.safinel.fr\/wp-content\/uploads\/2023\/01\/huile-de-hiltyte-hemani.jpg\",\"width\":600,\"height\":600,\"caption\":\"Huile de hiltite 30ml - Hemani\"},{\"@type\":\"BreadcrumbList\",\"@id\":\"https:\/\/www.safinel.fr\/produit\/huile-de-hiltite\/#breadcrumb\",\"itemListElement\":[{\"@type\":\"ListItem\",\"position\":1,\"name\":\"Accueil\",\"item\":\"https:\/\/www.safinel.fr\/\"},{\"@type\":\"ListItem\",\"position\":2,\"name\":\"Boutique\",\"item\":\"https:\/\/www.safinel.fr\/boutique\/\"},{\"@type\":\"ListItem\",\"position\":3,\"name\":\"Huile de hiltite 30ml &#8211; Hemani\"}]},{\"@type\":\"WebSite\",\"@id\":\"https:\/\/www.safinel.fr\/#website\",\"url\":\"https:\/\/www.safinel.fr\/\",\"name\":\"Safinel\",\"description\":\"\",\"publisher\":{\"@id\":\"https:\/\/www.safinel.fr\/#organization\"},\"potentialAction\":[{\"@type\":\"SearchAction\",\"target\":{\"@type\":\"EntryPoint\",\"urlTemplate\":\"https:\/\/www.safinel.fr\/?s={search_term_string}\"},\"query-input\":{\"@type\":\"PropertyValueSpecification\",\"valueRequired\":true,\"valueName\":\"search_term_string\"}}],\"inLanguage\":\"de\"},{\"@type\":\"Organization\",\"@id\":\"https:\/\/www.safinel.fr\/#organization\",\"name\":\"Safinel\",\"url\":\"https:\/\/www.safinel.fr\/\",\"logo\":{\"@type\":\"ImageObject\",\"inLanguage\":\"de\",\"@id\":\"https:\/\/www.safinel.fr\/#\/schema\/logo\/image\/\",\"url\":\"https:\/\/www.safinel.fr\/wp-content\/uploads\/2021\/05\/boutique-cosmetique.png\",\"contentUrl\":\"https:\/\/www.safinel.fr\/wp-content\/uploads\/2021\/05\/boutique-cosmetique.png\",\"width\":800,\"height\":200,\"caption\":\"Safinel\"},\"image\":{\"@id\":\"https:\/\/www.safinel.fr\/#\/schema\/logo\/image\/\"}}]}<\/script>\n<!-- \/ Yoast SEO plugin. -->","yoast_head_json":{"title":"Hiltite-\u00d6l I Asafoetida-\u00d6l I Zahlreiche Vorteile","description":"Hiltite- oder Asafoetida-\u00d6l ist ein pflanzliches \u00d6l, das f\u00fcr seine wohltuende Wirkung bekannt ist. Mit nur wenigen Klicks k\u00f6nnen Sie es sich zu eigen machen.","robots":{"index":"index","follow":"follow","max-snippet":"max-snippet:-1","max-image-preview":"max-image-preview:large","max-video-preview":"max-video-preview:-1"},"canonical":"https:\/\/www.safinel.fr\/de\/product-2\/hiltitol\/","og_locale":"de_DE","og_type":"article","og_title":"Huile de hiltite I Huile de asafoetida I Bienfaits nombreux","og_description":"L\u2019huile de hiltite\u00a0ou encore\u00a0asafoetida\u00a0est une huile v\u00e9g\u00e9tale reconnue pour ses bienfaits. Adoptez-l\u00e0 sans en quelques clics !","og_url":"https:\/\/www.safinel.fr\/de\/product-2\/hiltitol\/","og_site_name":"Safinel","article_modified_time":"2023-12-28T17:15:43+00:00","og_image":[{"width":600,"height":600,"url":"https:\/\/www.safinel.fr\/wp-content\/uploads\/2023\/01\/huile-de-hiltyte-hemani.jpg","type":"image\/jpeg"}],"twitter_card":"summary_large_image","twitter_misc":{"Gesch\u00e4tzte Lesezeit":"2\u00a0Minuten"},"schema":{"@context":"https:\/\/schema.org","@graph":[{"@type":"WebPage","@id":"https:\/\/www.safinel.fr\/produit\/huile-de-hiltite\/","url":"https:\/\/www.safinel.fr\/produit\/huile-de-hiltite\/","name":"Hiltite-\u00d6l I Asafoetida-\u00d6l I Zahlreiche Vorteile","isPartOf":{"@id":"https:\/\/www.safinel.fr\/#website"},"primaryImageOfPage":{"@id":"https:\/\/www.safinel.fr\/produit\/huile-de-hiltite\/#primaryimage"},"image":{"@id":"https:\/\/www.safinel.fr\/produit\/huile-de-hiltite\/#primaryimage"},"thumbnailUrl":"https:\/\/www.safinel.fr\/wp-content\/uploads\/2023\/01\/huile-de-hiltyte-hemani.jpg","datePublished":"2023-01-15T16:46:56+00:00","dateModified":"2023-12-28T17:15:43+00:00","description":"Hiltite- oder Asafoetida-\u00d6l ist ein pflanzliches \u00d6l, das f\u00fcr seine wohltuende Wirkung bekannt ist. Mit nur wenigen Klicks k\u00f6nnen Sie es sich zu eigen machen.","breadcrumb":{"@id":"https:\/\/www.safinel.fr\/produit\/huile-de-hiltite\/#breadcrumb"},"inLanguage":"de","potentialAction":[{"@type":"ReadAction","target":["https:\/\/www.safinel.fr\/produit\/huile-de-hiltite\/"]}]},{"@type":"ImageObject","inLanguage":"de","@id":"https:\/\/www.safinel.fr\/produit\/huile-de-hiltite\/#primaryimage","url":"https:\/\/www.safinel.fr\/wp-content\/uploads\/2023\/01\/huile-de-hiltyte-hemani.jpg","contentUrl":"https:\/\/www.safinel.fr\/wp-content\/uploads\/2023\/01\/huile-de-hiltyte-hemani.jpg","width":600,"height":600,"caption":"Huile de hiltite 30ml - Hemani"},{"@type":"BreadcrumbList","@id":"https:\/\/www.safinel.fr\/produit\/huile-de-hiltite\/#breadcrumb","itemListElement":[{"@type":"ListItem","position":1,"name":"Accueil","item":"https:\/\/www.safinel.fr\/"},{"@type":"ListItem","position":2,"name":"Boutique","item":"https:\/\/www.safinel.fr\/boutique\/"},{"@type":"ListItem","position":3,"name":"Huile de hiltite 30ml &#8211; Hemani"}]},{"@type":"WebSite","@id":"https:\/\/www.safinel.fr\/#website","url":"https:\/\/www.safinel.fr\/","name":"Safinel","description":"","publisher":{"@id":"https:\/\/www.safinel.fr\/#organization"},"potentialAction":[{"@type":"SearchAction","target":{"@type":"EntryPoint","urlTemplate":"https:\/\/www.safinel.fr\/?s={search_term_string}"},"query-input":{"@type":"PropertyValueSpecification","valueRequired":true,"valueName":"search_term_string"}}],"inLanguage":"de"},{"@type":"Organization","@id":"https:\/\/www.safinel.fr\/#organization","name":"Safinel","url":"https:\/\/www.safinel.fr\/","logo":{"@type":"ImageObject","inLanguage":"de","@id":"https:\/\/www.safinel.fr\/#\/schema\/logo\/image\/","url":"https:\/\/www.safinel.fr\/wp-content\/uploads\/2021\/05\/boutique-cosmetique.png","contentUrl":"https:\/\/www.safinel.fr\/wp-content\/uploads\/2021\/05\/boutique-cosmetique.png","width":800,"height":200,"caption":"Safinel"},"image":{"@id":"https:\/\/www.safinel.fr\/#\/schema\/logo\/image\/"}}]}},"_links":{"self":[{"href":"https:\/\/www.safinel.fr\/de\/wp-json\/wp\/v2\/product\/4232","targetHints":{"allow":["GET"]}}],"collection":[{"href":"https:\/\/www.safinel.fr\/de\/wp-json\/wp\/v2\/product"}],"about":[{"href":"https:\/\/www.safinel.fr\/de\/wp-json\/wp\/v2\/types\/product"}],"wp:featuredmedia":[{"embeddable":true,"href":"https:\/\/www.safinel.fr\/de\/wp-json\/wp\/v2\/media\/4233"}],"wp:attachment":[{"href":"https:\/\/www.safinel.fr\/de\/wp-json\/wp\/v2\/media?parent=4232"}],"wp:term":[{"taxonomy":"product_brand","embeddable":true,"href":"https:\/\/www.safinel.fr\/de\/wp-json\/wp\/v2\/product_brand?post=4232"},{"taxonomy":"product_cat","embeddable":true,"href":"https:\/\/www.safinel.fr\/de\/wp-json\/wp\/v2\/product_cat?post=4232"},{"taxonomy":"product_tag","embeddable":true,"href":"https:\/\/www.safinel.fr\/de\/wp-json\/wp\/v2\/product_tag?post=4232"}],"curies":[{"name":"wp","href":"https:\/\/api.w.org\/{rel}","templated":true}]}}