{"id":4220,"date":"2023-01-14T14:52:32","date_gmt":"2023-01-14T14:52:32","guid":{"rendered":"https:\/\/www.safinel.fr\/?post_type=product&#038;p=4220"},"modified":"2023-12-30T12:16:51","modified_gmt":"2023-12-30T12:16:51","slug":"seneblatter","status":"publish","type":"product","link":"https:\/\/www.safinel.fr\/de\/product-2\/seneblatter\/","title":{"rendered":"Sennesbl\u00e4tter (100g)"},"content":{"rendered":"<p>Kennen Sie die\u00a0<strong>Sennesbl\u00e4tter?<\/strong>\u00a0Diese sind f\u00fcr ihre sehr effektive abf\u00fchrende Wirkung bekannt. Gehen Sie deshalb auf Entdeckungsreise mit dieser Pflanze, die auch Cassia Angustifolia genannt wird.<\/p>\n<h2><strong>Sennesbl\u00e4tter: Was ist das?<\/strong><\/h2>\n<p>Die<strong>\u00a0s\u00e9n\u00e9\u00a0<\/strong>ist in Indien und Afrika s\u00fcdlich der Sahara beheimatet, wird aber auch in Nordafrika angebaut. Er wird auch als Senna de <a href=\"https:\/\/locadomtom.com\/mayotte-une-destination-de-choix\/\" target=\"_blank\" rel=\"noopener\"><strong>Mekka<\/strong><\/a> oder Sana Makki, da dieser in der Hidschaz-Region vorkommt.<\/p>\n<p>Die<strong>\u00a0Araber<\/strong>\u00a0waren die ersten, die die wohltuende Wirkung dieser Pflanze entdeckten. Sp\u00e4ter brachten sie sie dann nach Europa, wo sie zu einem wirksamen Heilmittel wurde.<\/p>\n<p>Seitdem hat das Interesse an Senna nicht nachgelassen und seine Verwendung ist weltweit verbreitet.<\/p>\n<h2><strong>Sennesbl\u00e4tter: Eine Pflanze, die es gut mit Ihnen meint\u00a0<\/strong><\/h2>\n<p>Diese haben von\u00a0<strong>zahlreiche Vorteile\u00a0<\/strong>f\u00fcr die Gesundheit :<\/p>\n<ul>\n<li>Handeln <a href=\"https:\/\/www.safinel.fr\/de\/product-2\/moringa\/\"><strong>gegen gelegentliche Verstopfung<\/strong><\/a> ;<\/li>\n<li>Kann in gro\u00dfen Mengen konsumiert eine reinigende Wirkung haben; ;<\/li>\n<li>K\u00f6nnen als Darmsp\u00fclung verwendet werden ;<\/li>\n<li>Ebenso wird diese Pflanze bei H\u00e4morrhoiden empfohlen. So k\u00f6nnen Sie mit diesem nat\u00fcrlichen Abf\u00fchrmittel Blutungen verhindern.<\/li>\n<\/ul>\n<h2><strong>Wie werden Sennesbl\u00e4tter verwendet?\u00a0<\/strong><\/h2>\n<p>Diese Pflanze kann innerlich und \u00e4u\u00dferlich angewendet werden:<\/p>\n<ul>\n<li><strong>Intern :\u00a0<\/strong><\/li>\n<\/ul>\n<p>Um die Bl\u00e4tter innerlich zu verwenden, gibt es nichts Besseres als einen guten Aufguss. Bringen Sie dazu Wasser zum Kochen, ohne dass es kocht, und stellen Sie den Herd ab. Schlie\u00dflich lassen Sie Ihre Bl\u00e4tter 10 Minuten lang in lauwarmem Wasser ziehen.<\/p>\n<p>Sie sollten eine Tasse am Morgen auf n\u00fcchternen Magen trinken. Und bei Bedarf eine Tasse am Abend.<\/p>\n<ul>\n<li><strong>Extern:\u00a0<\/strong><\/li>\n<\/ul>\n<p>Verwenden Sie den Aufguss von Sana Makki als Sp\u00fclwasser f\u00fcr Ihr Haar. So k\u00f6nnen Sie alle Vorteile dieser Pflanze f\u00fcr sch\u00f6nes Haar nutzen.<\/p>\n<h3><strong>Vorsichtsma\u00dfnahmen bei Sana Makki<\/strong><\/h3>\n<p>Die angegebenen Dosierungen sollten nicht \u00fcberschritten werden.<\/p>\n<p>Schwangeren und stillenden Frauen wird von der Verwendung dieser Pflanze abgeraten.<\/p>","protected":false},"excerpt":{"rendered":"<p>Kennen Sie Sennesbl\u00e4tter? Diese sind f\u00fcr ihre sehr wirksame abf\u00fchrende Wirkung bekannt. Entdecken Sie diese Pflanze, die auch Cassia Angustifolia genannt wird. Senna-Bl\u00e4tter: Was ist das? Senna stammt urspr\u00fcnglich aus Indien und Subsahara-Afrika, wird aber auch in Nordafrika angebaut. Es wird auch Senna [\u2026] genannt.","protected":false},"featured_media":4221,"template":"","meta":[],"product_brand":[],"product_cat":[27],"product_tag":[],"class_list":{"0":"post-4220","1":"product","2":"type-product","3":"status-publish","4":"has-post-thumbnail","6":"product_cat-plantes-medicinales","8":"first","9":"instock","10":"shipping-taxable","11":"purchasable","12":"product-type-simple"},"yoast_head":"<!-- This site is optimized with the Yoast SEO plugin v26.6 - https:\/\/yoast.com\/wordpress\/plugins\/seo\/ -->\n<title>Feuilles de s\u00e9n\u00e9 I Sana Makki I Bienfaits nombreux<\/title>\n<meta name=\"description\" content=\"Connaissez-vous les\u00a0feuilles de s\u00e9n\u00e9 (Sana Makki) ?\u00a0Ces derni\u00e8res sont connues pour leurs effets laxatifs tr\u00e8s efficaces.\" \/>\n<meta name=\"robots\" content=\"index, follow, max-snippet:-1, max-image-preview:large, max-video-preview:-1\" \/>\n<link rel=\"canonical\" href=\"https:\/\/www.safinel.fr\/de\/product-2\/seneblatter\/\" \/>\n<meta property=\"og:locale\" content=\"de_DE\" \/>\n<meta property=\"og:type\" content=\"article\" \/>\n<meta property=\"og:title\" content=\"Feuilles de s\u00e9n\u00e9 I Sana Makki I Bienfaits nombreux\" \/>\n<meta property=\"og:description\" content=\"Connaissez-vous les\u00a0feuilles de s\u00e9n\u00e9 (Sana Makki) ?\u00a0Ces derni\u00e8res sont connues pour leurs effets laxatifs tr\u00e8s efficaces.\" \/>\n<meta property=\"og:url\" content=\"https:\/\/www.safinel.fr\/de\/product-2\/seneblatter\/\" \/>\n<meta property=\"og:site_name\" content=\"Safinel\" \/>\n<meta property=\"article:modified_time\" content=\"2023-12-30T12:16:51+00:00\" \/>\n<meta property=\"og:image\" content=\"https:\/\/www.safinel.fr\/wp-content\/uploads\/2023\/01\/feuilles-de-sene-makki.jpg\" \/>\n\t<meta property=\"og:image:width\" content=\"600\" \/>\n\t<meta property=\"og:image:height\" content=\"600\" \/>\n\t<meta property=\"og:image:type\" content=\"image\/jpeg\" \/>\n<meta name=\"twitter:card\" content=\"summary_large_image\" \/>\n<meta name=\"twitter:label1\" content=\"Gesch\u00e4tzte Lesezeit\" \/>\n\t<meta name=\"twitter:data1\" content=\"2\u00a0Minuten\" \/>\n<script type=\"application\/ld+json\" class=\"yoast-schema-graph\">{\"@context\":\"https:\/\/schema.org\",\"@graph\":[{\"@type\":\"WebPage\",\"@id\":\"https:\/\/www.safinel.fr\/produit\/feuilles-de-sene\/\",\"url\":\"https:\/\/www.safinel.fr\/produit\/feuilles-de-sene\/\",\"name\":\"Feuilles de s\u00e9n\u00e9 I Sana Makki I Bienfaits nombreux\",\"isPartOf\":{\"@id\":\"https:\/\/www.safinel.fr\/#website\"},\"primaryImageOfPage\":{\"@id\":\"https:\/\/www.safinel.fr\/produit\/feuilles-de-sene\/#primaryimage\"},\"image\":{\"@id\":\"https:\/\/www.safinel.fr\/produit\/feuilles-de-sene\/#primaryimage\"},\"thumbnailUrl\":\"https:\/\/www.safinel.fr\/wp-content\/uploads\/2023\/01\/feuilles-de-sene-makki.jpg\",\"datePublished\":\"2023-01-14T14:52:32+00:00\",\"dateModified\":\"2023-12-30T12:16:51+00:00\",\"description\":\"Connaissez-vous les\u00a0feuilles de s\u00e9n\u00e9 (Sana Makki) ?\u00a0Ces derni\u00e8res sont connues pour leurs effets laxatifs tr\u00e8s efficaces.\",\"breadcrumb\":{\"@id\":\"https:\/\/www.safinel.fr\/produit\/feuilles-de-sene\/#breadcrumb\"},\"inLanguage\":\"de\",\"potentialAction\":[{\"@type\":\"ReadAction\",\"target\":[\"https:\/\/www.safinel.fr\/produit\/feuilles-de-sene\/\"]}]},{\"@type\":\"ImageObject\",\"inLanguage\":\"de\",\"@id\":\"https:\/\/www.safinel.fr\/produit\/feuilles-de-sene\/#primaryimage\",\"url\":\"https:\/\/www.safinel.fr\/wp-content\/uploads\/2023\/01\/feuilles-de-sene-makki.jpg\",\"contentUrl\":\"https:\/\/www.safinel.fr\/wp-content\/uploads\/2023\/01\/feuilles-de-sene-makki.jpg\",\"width\":600,\"height\":600,\"caption\":\"Feuilles de s\u00e9n\u00e9 (100g)\"},{\"@type\":\"BreadcrumbList\",\"@id\":\"https:\/\/www.safinel.fr\/produit\/feuilles-de-sene\/#breadcrumb\",\"itemListElement\":[{\"@type\":\"ListItem\",\"position\":1,\"name\":\"Accueil\",\"item\":\"https:\/\/www.safinel.fr\/\"},{\"@type\":\"ListItem\",\"position\":2,\"name\":\"Boutique\",\"item\":\"https:\/\/www.safinel.fr\/boutique\/\"},{\"@type\":\"ListItem\",\"position\":3,\"name\":\"Feuilles de s\u00e9n\u00e9 (100g)\"}]},{\"@type\":\"WebSite\",\"@id\":\"https:\/\/www.safinel.fr\/#website\",\"url\":\"https:\/\/www.safinel.fr\/\",\"name\":\"Safinel\",\"description\":\"\",\"publisher\":{\"@id\":\"https:\/\/www.safinel.fr\/#organization\"},\"potentialAction\":[{\"@type\":\"SearchAction\",\"target\":{\"@type\":\"EntryPoint\",\"urlTemplate\":\"https:\/\/www.safinel.fr\/?s={search_term_string}\"},\"query-input\":{\"@type\":\"PropertyValueSpecification\",\"valueRequired\":true,\"valueName\":\"search_term_string\"}}],\"inLanguage\":\"de\"},{\"@type\":\"Organization\",\"@id\":\"https:\/\/www.safinel.fr\/#organization\",\"name\":\"Safinel\",\"url\":\"https:\/\/www.safinel.fr\/\",\"logo\":{\"@type\":\"ImageObject\",\"inLanguage\":\"de\",\"@id\":\"https:\/\/www.safinel.fr\/#\/schema\/logo\/image\/\",\"url\":\"https:\/\/www.safinel.fr\/wp-content\/uploads\/2021\/05\/boutique-cosmetique.png\",\"contentUrl\":\"https:\/\/www.safinel.fr\/wp-content\/uploads\/2021\/05\/boutique-cosmetique.png\",\"width\":800,\"height\":200,\"caption\":\"Safinel\"},\"image\":{\"@id\":\"https:\/\/www.safinel.fr\/#\/schema\/logo\/image\/\"}}]}<\/script>\n<!-- \/ Yoast SEO plugin. -->","yoast_head_json":{"title":"Sennesbl\u00e4tter I Sana Makki I Zahlreiche Vorteile","description":"Kennen Sie die Bl\u00e4tter der Senna (Sana Makki)? Diese sind f\u00fcr ihre sehr effektive abf\u00fchrende Wirkung bekannt.","robots":{"index":"index","follow":"follow","max-snippet":"max-snippet:-1","max-image-preview":"max-image-preview:large","max-video-preview":"max-video-preview:-1"},"canonical":"https:\/\/www.safinel.fr\/de\/product-2\/seneblatter\/","og_locale":"de_DE","og_type":"article","og_title":"Feuilles de s\u00e9n\u00e9 I Sana Makki I Bienfaits nombreux","og_description":"Connaissez-vous les\u00a0feuilles de s\u00e9n\u00e9 (Sana Makki) ?\u00a0Ces derni\u00e8res sont connues pour leurs effets laxatifs tr\u00e8s efficaces.","og_url":"https:\/\/www.safinel.fr\/de\/product-2\/seneblatter\/","og_site_name":"Safinel","article_modified_time":"2023-12-30T12:16:51+00:00","og_image":[{"width":600,"height":600,"url":"https:\/\/www.safinel.fr\/wp-content\/uploads\/2023\/01\/feuilles-de-sene-makki.jpg","type":"image\/jpeg"}],"twitter_card":"summary_large_image","twitter_misc":{"Gesch\u00e4tzte Lesezeit":"2\u00a0Minuten"},"schema":{"@context":"https:\/\/schema.org","@graph":[{"@type":"WebPage","@id":"https:\/\/www.safinel.fr\/produit\/feuilles-de-sene\/","url":"https:\/\/www.safinel.fr\/produit\/feuilles-de-sene\/","name":"Sennesbl\u00e4tter I Sana Makki I Zahlreiche Vorteile","isPartOf":{"@id":"https:\/\/www.safinel.fr\/#website"},"primaryImageOfPage":{"@id":"https:\/\/www.safinel.fr\/produit\/feuilles-de-sene\/#primaryimage"},"image":{"@id":"https:\/\/www.safinel.fr\/produit\/feuilles-de-sene\/#primaryimage"},"thumbnailUrl":"https:\/\/www.safinel.fr\/wp-content\/uploads\/2023\/01\/feuilles-de-sene-makki.jpg","datePublished":"2023-01-14T14:52:32+00:00","dateModified":"2023-12-30T12:16:51+00:00","description":"Kennen Sie die Bl\u00e4tter der Senna (Sana Makki)? Diese sind f\u00fcr ihre sehr effektive abf\u00fchrende Wirkung bekannt.","breadcrumb":{"@id":"https:\/\/www.safinel.fr\/produit\/feuilles-de-sene\/#breadcrumb"},"inLanguage":"de","potentialAction":[{"@type":"ReadAction","target":["https:\/\/www.safinel.fr\/produit\/feuilles-de-sene\/"]}]},{"@type":"ImageObject","inLanguage":"de","@id":"https:\/\/www.safinel.fr\/produit\/feuilles-de-sene\/#primaryimage","url":"https:\/\/www.safinel.fr\/wp-content\/uploads\/2023\/01\/feuilles-de-sene-makki.jpg","contentUrl":"https:\/\/www.safinel.fr\/wp-content\/uploads\/2023\/01\/feuilles-de-sene-makki.jpg","width":600,"height":600,"caption":"Feuilles de s\u00e9n\u00e9 (100g)"},{"@type":"BreadcrumbList","@id":"https:\/\/www.safinel.fr\/produit\/feuilles-de-sene\/#breadcrumb","itemListElement":[{"@type":"ListItem","position":1,"name":"Accueil","item":"https:\/\/www.safinel.fr\/"},{"@type":"ListItem","position":2,"name":"Boutique","item":"https:\/\/www.safinel.fr\/boutique\/"},{"@type":"ListItem","position":3,"name":"Feuilles de s\u00e9n\u00e9 (100g)"}]},{"@type":"WebSite","@id":"https:\/\/www.safinel.fr\/#website","url":"https:\/\/www.safinel.fr\/","name":"Safinel","description":"","publisher":{"@id":"https:\/\/www.safinel.fr\/#organization"},"potentialAction":[{"@type":"SearchAction","target":{"@type":"EntryPoint","urlTemplate":"https:\/\/www.safinel.fr\/?s={search_term_string}"},"query-input":{"@type":"PropertyValueSpecification","valueRequired":true,"valueName":"search_term_string"}}],"inLanguage":"de"},{"@type":"Organization","@id":"https:\/\/www.safinel.fr\/#organization","name":"Safinel","url":"https:\/\/www.safinel.fr\/","logo":{"@type":"ImageObject","inLanguage":"de","@id":"https:\/\/www.safinel.fr\/#\/schema\/logo\/image\/","url":"https:\/\/www.safinel.fr\/wp-content\/uploads\/2021\/05\/boutique-cosmetique.png","contentUrl":"https:\/\/www.safinel.fr\/wp-content\/uploads\/2021\/05\/boutique-cosmetique.png","width":800,"height":200,"caption":"Safinel"},"image":{"@id":"https:\/\/www.safinel.fr\/#\/schema\/logo\/image\/"}}]}},"_links":{"self":[{"href":"https:\/\/www.safinel.fr\/de\/wp-json\/wp\/v2\/product\/4220","targetHints":{"allow":["GET"]}}],"collection":[{"href":"https:\/\/www.safinel.fr\/de\/wp-json\/wp\/v2\/product"}],"about":[{"href":"https:\/\/www.safinel.fr\/de\/wp-json\/wp\/v2\/types\/product"}],"wp:featuredmedia":[{"embeddable":true,"href":"https:\/\/www.safinel.fr\/de\/wp-json\/wp\/v2\/media\/4221"}],"wp:attachment":[{"href":"https:\/\/www.safinel.fr\/de\/wp-json\/wp\/v2\/media?parent=4220"}],"wp:term":[{"taxonomy":"product_brand","embeddable":true,"href":"https:\/\/www.safinel.fr\/de\/wp-json\/wp\/v2\/product_brand?post=4220"},{"taxonomy":"product_cat","embeddable":true,"href":"https:\/\/www.safinel.fr\/de\/wp-json\/wp\/v2\/product_cat?post=4220"},{"taxonomy":"product_tag","embeddable":true,"href":"https:\/\/www.safinel.fr\/de\/wp-json\/wp\/v2\/product_tag?post=4220"}],"curies":[{"name":"wp","href":"https:\/\/api.w.org\/{rel}","templated":true}]}}