{"id":4125,"date":"2023-01-06T19:06:51","date_gmt":"2023-01-06T19:06:51","guid":{"rendered":"https:\/\/www.safinel.fr\/?post_type=product&#038;p=4125"},"modified":"2026-02-04T09:37:21","modified_gmt":"2026-02-04T09:37:21","slug":"jus-attote","status":"publish","type":"product","link":"https:\/\/www.safinel.fr\/de\/product-2\/jus-attote\/","title":{"rendered":"Attote-Saft 500ml"},"content":{"rendered":"<p>Attote Saft ist ein Energydrink. Er wird von M\u00e4nnern verwendet, um\u00a0<strong>ihr Begehren erh\u00f6hen <\/strong>und ihre sexuelle Leistungsf\u00e4higkeit. Bei Frauen ist ein Erwachen der Libido garantiert. Mit diesem Produkt werden Sie wieder\u00a0<strong>Harmonie in Ihrer Partnerschaft<\/strong>. Wir sagen Ihnen alles.<\/p>\n<h2><strong>Attote-Saft: Ein t\u00e4glicher Energieschub<\/strong><\/h2>\n<p>Dieses Getr\u00e4nk ist\u00a0<strong>100% nat\u00fcrlich<\/strong>\u00a0und\u00a0<strong>ohne Alkohol<\/strong>. Das Rezept f\u00fcr dieses Elixier wurde von dem des Attot\u00e9, einem starken Aphrodisiakum von der Elfenbeink\u00fcste, inspiriert. Auf der Basis von\u00a0<strong>cola<\/strong>,\u00a0<a href=\"https:\/\/www.safinel.fr\/de\/product-2\/kleine-cola\/\"><strong>kleine Cola<\/strong><\/a>,\u00a0<strong>Ingwer<\/strong>\u00a0und\u00a0<strong>Hibiskusbl\u00fcten<\/strong>, dann ist das der richtige Boost f\u00fcr Sie. Diese Zutaten sind alle bekannt f\u00fcr ihre\u00a0<strong>aphrodisierende Eigenschaften<\/strong>,\u00a0<strong>anregend<\/strong>\u00a0und\u00a0<strong>belebend<\/strong>.<\/p>\n<h3><strong>Hibiskusbl\u00fcte: f\u00fcr eine erf\u00fcllte weibliche Sexualit\u00e4t<\/strong><\/h3>\n<p>Sie wird hier wegen ihrer Wirkung auf den\u00a0<strong>weibliches Begehren<\/strong>. Die Libido der Frau wird wiederbelebt. Dank dessen wird sie\u00a0<strong>frankiert<\/strong>\u00a0von allen seinen\u00a0<strong>Blockaden<\/strong>. Und, Sie werden wiederfinden oder entdecken eine\u00a0<strong>Harmonie in Ihrer Sexualit\u00e4t<\/strong>. Um das Verlangen beim Vorspiel zu steigern, probieren Sie gemeinsam die\u00a0<strong><a href=\"https:\/\/www.safinel.fr\/de\/product-2\/aphrodisierende-bonbons-lump-sugar\/\">aphrodisierende Bonbons lump sugar<\/a>.<\/strong><\/p>\n<h3><strong>Kolanuss und Ingwer: Verb\u00fcndete des Menschen<\/strong><\/h3>\n<p>Cola wird verwendet, um\u00a0<strong>die Libido anregen<\/strong>\u00a0bei den Menschen. Aber auch wegen seiner\u00a0<strong>belebende und stimulierende Eigenschaften<\/strong>. Das gilt auch f\u00fcr Ingwer, der dank seiner gef\u00e4\u00dferweiternden Eigenschaften Impotenz heilen wird. Und: Sie werden vitaler und leistungsf\u00e4higer.<\/p>\n<h2><strong>Der Attote-Saft: ein Getr\u00e4nk mit Gesundheitsstandards<\/strong><\/h2>\n<p>Es gibt viele energiespendende afrikanische Heilmittel. Leider gibt es viele F\u00e4lschungen. Der Attote Saft\u00a0<strong>h\u00e4lt die Gesundheitsstandards ein<\/strong>. Es wurde von zertifizierten Labors analysiert. Das Ergebnis ist, dass es f\u00fcr den Verzehr geeignet und frei von jeglichen Risiken f\u00fcr Ihre Gesundheit ist.<\/p>\n<h3><strong>Das Erwachen der Empfindungen<\/strong><\/h3>\n<p>Probleme mit Impotenz oder sexuellen Aussetzern sind viel h\u00e4ufiger, als man denkt. Und leider helfen die Tabus, die mit mangelnder Leistung verbunden sind, all diesen M\u00e4nnern nicht weiter. Mit diesem Getr\u00e4nk werden diese Sorgen hinter Ihnen liegen. Sie werden Ihre Empfindungen wiederfinden und sie werden sogar noch gesteigert. All das zu Ihrem Vergn\u00fcgen und dem Ihrer Partnerin. Diese Mischung aus Samen, Pflanzen und Blumen wird Sie\u00a0<strong>nachhaltig aufwecken<\/strong>.<\/p>\n<h3><strong>F\u00fcr mehr Leistung<\/strong><\/h3>\n<p>Sie k\u00f6nnen dieses Produkt auch einnehmen, um Ihren Geschlechtsverkehr zu verl\u00e4ngern. Dies ist bei vielen M\u00e4nnern der Fall, die keine besonderen Probleme haben. Auf diese Weise werden sie eine l\u00e4ngere Erektionsdauer haben. Da es heute weltweit bekannt ist, sind es nicht mehr nur Afrikaner, die seine Wirksamkeit bezeugen, sondern M\u00e4nner jeglicher Herkunft.<\/p>\n<h3><strong>Die F\u00f6rderung von Naturprodukten aus Afrika<\/strong><\/h3>\n<p>Attote Juice ist mehr als nur ein Getr\u00e4nk, es ist die Anerkennung der nat\u00fcrlichen afrikanischen Energierezepte. Sie werden von den Einheimischen schon seit langem gesch\u00e4tzt und erfreuen sich immer gr\u00f6\u00dferer Beliebtheit. Probieren Sie auch den\u00a0<a href=\"https:\/\/www.safinel.fr\/de\/product-2\/kognon-mousso\/\"><strong>Kognon Mousso<\/strong><\/a>\u00a0bekannt daf\u00fcr, das Verlangen zu stimulieren und die sexuelle Leistungsf\u00e4higkeit zu steigern.<\/p>\n<h3><strong>Wie nehme ich Attote-Saft ein?<\/strong><\/h3>\n<p>Um dauerhaft vital zu werden, trinken Sie ein Glas pro Tag.<\/p>\n<p>Der Geschmack von Cola ist sehr bitter. Sie k\u00f6nnen auch Fruchtsaft hinzuf\u00fcgen, um den Geschmack abzumildern. Au\u00dferdem sollten Sie Energydrinks nur mit\u00a0<strong>Moderation<\/strong>. Au\u00dferdem sind sie\u00a0<strong>Schwangeren Frauen abgeraten<\/strong>\u00a0und an Personen, die eine\u00a0<strong>Herzschw\u00e4che<\/strong>.<\/p>\n<p>500ml-Flasche<\/p>","protected":false},"excerpt":{"rendered":"<p><img decoding=\"async\" class=\"size-full wp-image-5091 aligncenter\" src=\"https:\/\/www.safinel.fr\/wp-content\/uploads\/2021\/06\/BANNIERE-ICONE-SAFINEL.webp\" alt=\"Satines-R\u00fcckversicherung\" width=\"800\" height=\"200\" srcset=\"https:\/\/www.safinel.fr\/wp-content\/uploads\/2021\/06\/BANNIERE-ICONE-SAFINEL.webp 800w, https:\/\/www.safinel.fr\/wp-content\/uploads\/2021\/06\/BANNIERE-ICONE-SAFINEL-600x150.webp 600w, https:\/\/www.safinel.fr\/wp-content\/uploads\/2021\/06\/BANNIERE-ICONE-SAFINEL-768x192.webp 768w\" sizes=\"(max-width: 800px) 100vw, 800px\" \/><\/p>","protected":false},"featured_media":4126,"template":"","meta":[],"product_brand":[],"product_cat":[91],"product_tag":[],"class_list":{"0":"post-4125","1":"product","2":"type-product","3":"status-publish","4":"has-post-thumbnail","6":"product_cat-boisson-aphrodisiaque-africaine","8":"first","9":"instock","10":"shipping-taxable","11":"purchasable","12":"product-type-simple"},"yoast_head":"<!-- This site is optimized with the Yoast SEO plugin v26.6 - https:\/\/yoast.com\/wordpress\/plugins\/seo\/ -->\n<title>Attote jus I Boisson aphrodisiaque africaine par excellence<\/title>\n<meta name=\"description\" content=\"L\u2019attote jus est une boisson \u00e9nergisante. Elle est utilis\u00e9e par les hommes pour\u00a0augmenter leur d\u00e9sire et leurs performances sexuelles.\" \/>\n<meta name=\"robots\" content=\"index, follow, max-snippet:-1, max-image-preview:large, max-video-preview:-1\" \/>\n<link rel=\"canonical\" href=\"https:\/\/www.safinel.fr\/de\/product-2\/jus-attote\/\" \/>\n<meta property=\"og:locale\" content=\"de_DE\" \/>\n<meta property=\"og:type\" content=\"article\" \/>\n<meta property=\"og:title\" content=\"Attote jus I Boisson aphrodisiaque africaine par excellence\" \/>\n<meta property=\"og:description\" content=\"L\u2019attote jus est une boisson \u00e9nergisante. Elle est utilis\u00e9e par les hommes pour\u00a0augmenter leur d\u00e9sire et leurs performances sexuelles.\" \/>\n<meta property=\"og:url\" content=\"https:\/\/www.safinel.fr\/de\/product-2\/jus-attote\/\" \/>\n<meta property=\"og:site_name\" content=\"Safinel\" \/>\n<meta property=\"article:modified_time\" content=\"2026-02-04T09:37:21+00:00\" \/>\n<meta property=\"og:image\" content=\"https:\/\/www.safinel.fr\/wp-content\/uploads\/2023\/01\/attote.jpeg\" \/>\n\t<meta property=\"og:image:width\" content=\"600\" \/>\n\t<meta property=\"og:image:height\" content=\"600\" \/>\n\t<meta property=\"og:image:type\" content=\"image\/jpeg\" \/>\n<meta name=\"twitter:card\" content=\"summary_large_image\" \/>\n<meta name=\"twitter:label1\" content=\"Gesch\u00e4tzte Lesezeit\" \/>\n\t<meta name=\"twitter:data1\" content=\"3\u00a0Minuten\" \/>\n<script type=\"application\/ld+json\" class=\"yoast-schema-graph\">{\"@context\":\"https:\/\/schema.org\",\"@graph\":[{\"@type\":\"WebPage\",\"@id\":\"https:\/\/www.safinel.fr\/produit\/jus-attote\/\",\"url\":\"https:\/\/www.safinel.fr\/produit\/jus-attote\/\",\"name\":\"Attote jus I Boisson aphrodisiaque africaine par excellence\",\"isPartOf\":{\"@id\":\"https:\/\/www.safinel.fr\/#website\"},\"primaryImageOfPage\":{\"@id\":\"https:\/\/www.safinel.fr\/produit\/jus-attote\/#primaryimage\"},\"image\":{\"@id\":\"https:\/\/www.safinel.fr\/produit\/jus-attote\/#primaryimage\"},\"thumbnailUrl\":\"https:\/\/www.safinel.fr\/wp-content\/uploads\/2023\/01\/attote.jpeg\",\"datePublished\":\"2023-01-06T19:06:51+00:00\",\"dateModified\":\"2026-02-04T09:37:21+00:00\",\"description\":\"L\u2019attote jus est une boisson \u00e9nergisante. Elle est utilis\u00e9e par les hommes pour\u00a0augmenter leur d\u00e9sire et leurs performances sexuelles.\",\"breadcrumb\":{\"@id\":\"https:\/\/www.safinel.fr\/produit\/jus-attote\/#breadcrumb\"},\"inLanguage\":\"de\",\"potentialAction\":[{\"@type\":\"ReadAction\",\"target\":[\"https:\/\/www.safinel.fr\/produit\/jus-attote\/\"]}]},{\"@type\":\"ImageObject\",\"inLanguage\":\"de\",\"@id\":\"https:\/\/www.safinel.fr\/produit\/jus-attote\/#primaryimage\",\"url\":\"https:\/\/www.safinel.fr\/wp-content\/uploads\/2023\/01\/attote.jpeg\",\"contentUrl\":\"https:\/\/www.safinel.fr\/wp-content\/uploads\/2023\/01\/attote.jpeg\",\"width\":600,\"height\":600,\"caption\":\"Jus d'Attote\"},{\"@type\":\"BreadcrumbList\",\"@id\":\"https:\/\/www.safinel.fr\/produit\/jus-attote\/#breadcrumb\",\"itemListElement\":[{\"@type\":\"ListItem\",\"position\":1,\"name\":\"Accueil\",\"item\":\"https:\/\/www.safinel.fr\/\"},{\"@type\":\"ListItem\",\"position\":2,\"name\":\"Boutique\",\"item\":\"https:\/\/www.safinel.fr\/boutique\/\"},{\"@type\":\"ListItem\",\"position\":3,\"name\":\"Jus d&rsquo;Attote 500ml\"}]},{\"@type\":\"WebSite\",\"@id\":\"https:\/\/www.safinel.fr\/#website\",\"url\":\"https:\/\/www.safinel.fr\/\",\"name\":\"Safinel\",\"description\":\"\",\"publisher\":{\"@id\":\"https:\/\/www.safinel.fr\/#organization\"},\"potentialAction\":[{\"@type\":\"SearchAction\",\"target\":{\"@type\":\"EntryPoint\",\"urlTemplate\":\"https:\/\/www.safinel.fr\/?s={search_term_string}\"},\"query-input\":{\"@type\":\"PropertyValueSpecification\",\"valueRequired\":true,\"valueName\":\"search_term_string\"}}],\"inLanguage\":\"de\"},{\"@type\":\"Organization\",\"@id\":\"https:\/\/www.safinel.fr\/#organization\",\"name\":\"Safinel\",\"url\":\"https:\/\/www.safinel.fr\/\",\"logo\":{\"@type\":\"ImageObject\",\"inLanguage\":\"de\",\"@id\":\"https:\/\/www.safinel.fr\/#\/schema\/logo\/image\/\",\"url\":\"https:\/\/www.safinel.fr\/wp-content\/uploads\/2021\/05\/boutique-cosmetique.png\",\"contentUrl\":\"https:\/\/www.safinel.fr\/wp-content\/uploads\/2021\/05\/boutique-cosmetique.png\",\"width\":800,\"height\":200,\"caption\":\"Safinel\"},\"image\":{\"@id\":\"https:\/\/www.safinel.fr\/#\/schema\/logo\/image\/\"}}]}<\/script>\n<!-- \/ Yoast SEO plugin. -->","yoast_head_json":{"title":"Attote Saft I Afrikanisches Aphrodisiakumgetr\u00e4nk par excellence","description":"Attote Saft ist ein Energydrink. Er wird von M\u00e4nnern verwendet, um ihr Verlangen und ihre sexuelle Leistungsf\u00e4higkeit zu steigern.","robots":{"index":"index","follow":"follow","max-snippet":"max-snippet:-1","max-image-preview":"max-image-preview:large","max-video-preview":"max-video-preview:-1"},"canonical":"https:\/\/www.safinel.fr\/de\/product-2\/jus-attote\/","og_locale":"de_DE","og_type":"article","og_title":"Attote jus I Boisson aphrodisiaque africaine par excellence","og_description":"L\u2019attote jus est une boisson \u00e9nergisante. Elle est utilis\u00e9e par les hommes pour\u00a0augmenter leur d\u00e9sire et leurs performances sexuelles.","og_url":"https:\/\/www.safinel.fr\/de\/product-2\/jus-attote\/","og_site_name":"Safinel","article_modified_time":"2026-02-04T09:37:21+00:00","og_image":[{"width":600,"height":600,"url":"https:\/\/www.safinel.fr\/wp-content\/uploads\/2023\/01\/attote.jpeg","type":"image\/jpeg"}],"twitter_card":"summary_large_image","twitter_misc":{"Gesch\u00e4tzte Lesezeit":"3\u00a0Minuten"},"schema":{"@context":"https:\/\/schema.org","@graph":[{"@type":"WebPage","@id":"https:\/\/www.safinel.fr\/produit\/jus-attote\/","url":"https:\/\/www.safinel.fr\/produit\/jus-attote\/","name":"Attote Saft I Afrikanisches Aphrodisiakumgetr\u00e4nk par excellence","isPartOf":{"@id":"https:\/\/www.safinel.fr\/#website"},"primaryImageOfPage":{"@id":"https:\/\/www.safinel.fr\/produit\/jus-attote\/#primaryimage"},"image":{"@id":"https:\/\/www.safinel.fr\/produit\/jus-attote\/#primaryimage"},"thumbnailUrl":"https:\/\/www.safinel.fr\/wp-content\/uploads\/2023\/01\/attote.jpeg","datePublished":"2023-01-06T19:06:51+00:00","dateModified":"2026-02-04T09:37:21+00:00","description":"Attote Saft ist ein Energydrink. Er wird von M\u00e4nnern verwendet, um ihr Verlangen und ihre sexuelle Leistungsf\u00e4higkeit zu steigern.","breadcrumb":{"@id":"https:\/\/www.safinel.fr\/produit\/jus-attote\/#breadcrumb"},"inLanguage":"de","potentialAction":[{"@type":"ReadAction","target":["https:\/\/www.safinel.fr\/produit\/jus-attote\/"]}]},{"@type":"ImageObject","inLanguage":"de","@id":"https:\/\/www.safinel.fr\/produit\/jus-attote\/#primaryimage","url":"https:\/\/www.safinel.fr\/wp-content\/uploads\/2023\/01\/attote.jpeg","contentUrl":"https:\/\/www.safinel.fr\/wp-content\/uploads\/2023\/01\/attote.jpeg","width":600,"height":600,"caption":"Jus d'Attote"},{"@type":"BreadcrumbList","@id":"https:\/\/www.safinel.fr\/produit\/jus-attote\/#breadcrumb","itemListElement":[{"@type":"ListItem","position":1,"name":"Accueil","item":"https:\/\/www.safinel.fr\/"},{"@type":"ListItem","position":2,"name":"Boutique","item":"https:\/\/www.safinel.fr\/boutique\/"},{"@type":"ListItem","position":3,"name":"Jus d&rsquo;Attote 500ml"}]},{"@type":"WebSite","@id":"https:\/\/www.safinel.fr\/#website","url":"https:\/\/www.safinel.fr\/","name":"Safinel","description":"","publisher":{"@id":"https:\/\/www.safinel.fr\/#organization"},"potentialAction":[{"@type":"SearchAction","target":{"@type":"EntryPoint","urlTemplate":"https:\/\/www.safinel.fr\/?s={search_term_string}"},"query-input":{"@type":"PropertyValueSpecification","valueRequired":true,"valueName":"search_term_string"}}],"inLanguage":"de"},{"@type":"Organization","@id":"https:\/\/www.safinel.fr\/#organization","name":"Safinel","url":"https:\/\/www.safinel.fr\/","logo":{"@type":"ImageObject","inLanguage":"de","@id":"https:\/\/www.safinel.fr\/#\/schema\/logo\/image\/","url":"https:\/\/www.safinel.fr\/wp-content\/uploads\/2021\/05\/boutique-cosmetique.png","contentUrl":"https:\/\/www.safinel.fr\/wp-content\/uploads\/2021\/05\/boutique-cosmetique.png","width":800,"height":200,"caption":"Safinel"},"image":{"@id":"https:\/\/www.safinel.fr\/#\/schema\/logo\/image\/"}}]}},"_links":{"self":[{"href":"https:\/\/www.safinel.fr\/de\/wp-json\/wp\/v2\/product\/4125","targetHints":{"allow":["GET"]}}],"collection":[{"href":"https:\/\/www.safinel.fr\/de\/wp-json\/wp\/v2\/product"}],"about":[{"href":"https:\/\/www.safinel.fr\/de\/wp-json\/wp\/v2\/types\/product"}],"wp:featuredmedia":[{"embeddable":true,"href":"https:\/\/www.safinel.fr\/de\/wp-json\/wp\/v2\/media\/4126"}],"wp:attachment":[{"href":"https:\/\/www.safinel.fr\/de\/wp-json\/wp\/v2\/media?parent=4125"}],"wp:term":[{"taxonomy":"product_brand","embeddable":true,"href":"https:\/\/www.safinel.fr\/de\/wp-json\/wp\/v2\/product_brand?post=4125"},{"taxonomy":"product_cat","embeddable":true,"href":"https:\/\/www.safinel.fr\/de\/wp-json\/wp\/v2\/product_cat?post=4125"},{"taxonomy":"product_tag","embeddable":true,"href":"https:\/\/www.safinel.fr\/de\/wp-json\/wp\/v2\/product_tag?post=4125"}],"curies":[{"name":"wp","href":"https:\/\/api.w.org\/{rel}","templated":true}]}}