{"id":4089,"date":"2023-01-04T15:36:22","date_gmt":"2023-01-04T15:36:22","guid":{"rendered":"https:\/\/www.safinel.fr\/?post_type=product&#038;p=4089"},"modified":"2024-01-09T22:29:46","modified_gmt":"2024-01-09T22:29:46","slug":"kigelia-butter-100g","status":"publish","type":"product","link":"https:\/\/www.safinel.fr\/de\/product-2\/kigelia-butter-100g\/","title":{"rendered":"Kigelia-Butter 100g"},"content":{"rendered":"<p>Wenn Sie nach einem nat\u00fcrlichen Weg suchen, Ihre Figur und Ihre Formen zu verbessern, sollten Sie unbedingt den\u00a0<strong>Kigelia-Butter.<\/strong>\u00a0Dieser erstaunliche Extrakt hat eine formende Wirkung, die zur Verbesserung der Figur und zur Verringerung von Cellulite beitragen kann. Entdecken Sie ihn jetzt.<\/p>\n<h2><strong>Kigelia-Butter: Ihr Sch\u00f6nheitstipp!\u00a0<\/strong><\/h2>\n<p>Kigelia-Butter ist ein nat\u00fcrlicher Extrakt des Wurstbaums und hat viele positive Auswirkungen auf die Haut. Sie wird in Afrika und insbesondere an der Elfenbeink\u00fcste, wo der Baum urspr\u00fcnglich beheimatet ist, h\u00e4ufig verwendet.<\/p>\n<p>Wenn Sie einen Weg suchen, um\u00a0<strong>Ihren K\u00f6rper modellieren\u00a0<\/strong>und eine harmonischere Form zu erhalten, die\u00a0<strong>Kigelia-Creme<\/strong>\u00a0ist sicherlich die L\u00f6sung, nach der Sie suchen. Au\u00dferdem hat sie viele weitere Vorteile, wie z. B. die Verringerung von Entz\u00fcndungen und die Verbesserung der Gesundheit der Gelenke. Warum also noch warten? Beginnen Sie noch heute mit der Anwendung und \u00fcberzeugen Sie sich selbst von den erstaunlichen Effekten!<\/p>\n<p>Diese\u00a0<strong>straffende Massagecreme<\/strong>\u00a0wird Ihnen in unserem Safinel-Shop neben vielen anderen nat\u00fcrlichen Produkten aus demselben Sortiment angeboten. Dazu geh\u00f6ren zum Beispiel,\u00a0<a href=\"https:\/\/www.safinel.fr\/de\/product-2\/yokebe\/\"><strong>Yokebe-\u00d6l<\/strong><\/a>, oder der\u00a0<a href=\"https:\/\/www.safinel.fr\/de\/product-2\/bockshornklee-butter\/\"><strong>Bockshornklee-Butter<\/strong><\/a>\u00a0!<\/p>\n<h2><strong>Was sind seine Vorteile?\u00a0<\/strong><\/h2>\n<p>Er besitzt viele positive Eigenschaften:<\/p>\n<ul>\n<li>Zun\u00e4chst einmal ist Kigelia-Butter ein wirksamer Feuchtigkeitsspender f\u00fcr die Haut.<\/li>\n<li>Positive Wirkung auf die Haut, da es hilft, Falten zu reduzieren und einen gesunden Teint zu f\u00f6rdern.<\/li>\n<li>Dar\u00fcber hinaus ist Kigelia-Butter daf\u00fcr bekannt, dass sie die Figur verbessert, indem sie harmonische Formen f\u00f6rdert und Fettablagerungen reduziert.<\/li>\n<li>Strafft die Brust.<\/li>\n<li>Kann auch dazu beitragen, den Tonus und die Struktur der Haut zu verbessern.<\/li>\n<li>F\u00e4higkeit, das Erscheinungsbild von Aknenarben und Falten zu verbessern.<\/li>\n<li>Schlie\u00dflich hilft es, das Erscheinungsbild von Altersflecken zu reduzieren<\/li>\n<\/ul>\n<h3><strong>Wie verwende ich Kigelia-Butter?\u00a0<\/strong><\/h3>\n<p>Nehmen Sie einfach eine haselnussgro\u00dfe Menge dieses afrikanischen Naturprodukts und massieren Sie die zu behandelnden K\u00f6rperstellen.<\/p>\n<p>Au\u00dferhalb der Reichweite von Kindern aufbewahren.<\/p>","protected":false},"excerpt":{"rendered":"<p><img decoding=\"async\" class=\"size-full wp-image-5091 aligncenter\" src=\"https:\/\/www.safinel.fr\/wp-content\/uploads\/2021\/06\/BANNIERE-ICONE-SAFINEL.webp\" alt=\"Satines-R\u00fcckversicherung\" width=\"800\" height=\"200\" srcset=\"https:\/\/www.safinel.fr\/wp-content\/uploads\/2021\/06\/BANNIERE-ICONE-SAFINEL.webp 800w, https:\/\/www.safinel.fr\/wp-content\/uploads\/2021\/06\/BANNIERE-ICONE-SAFINEL-600x150.webp 600w, https:\/\/www.safinel.fr\/wp-content\/uploads\/2021\/06\/BANNIERE-ICONE-SAFINEL-768x192.webp 768w\" sizes=\"(max-width: 800px) 100vw, 800px\" \/><\/p>","protected":false},"featured_media":5410,"template":"","meta":[],"product_brand":[],"product_cat":[41],"product_tag":[],"class_list":{"0":"post-4089","1":"product","2":"type-product","3":"status-publish","4":"has-post-thumbnail","6":"product_cat-produits-naturels-divers","8":"first","9":"outofstock","10":"shipping-taxable","11":"purchasable","12":"product-type-simple"},"yoast_head":"<!-- This site is optimized with the Yoast SEO plugin v26.6 - https:\/\/yoast.com\/wordpress\/plugins\/seo\/ -->\n<title>Beurre de kigelia I Hydratant cutan\u00e9 efficace I Bienfaits nombreux<\/title>\n<meta name=\"description\" content=\"Si vous cherchez un moyen naturel d&#039;am\u00e9liorer votre silhouette et vos formes, vous devez absolument d\u00e9couvrir le\u00a0beurre de kigelia.\" \/>\n<meta name=\"robots\" content=\"index, follow, max-snippet:-1, max-image-preview:large, max-video-preview:-1\" \/>\n<link rel=\"canonical\" href=\"https:\/\/www.safinel.fr\/de\/product-2\/kigelia-butter-100g\/\" \/>\n<meta property=\"og:locale\" content=\"de_DE\" \/>\n<meta property=\"og:type\" content=\"article\" \/>\n<meta property=\"og:title\" content=\"Beurre de kigelia I Hydratant cutan\u00e9 efficace I Bienfaits nombreux\" \/>\n<meta property=\"og:description\" content=\"Si vous cherchez un moyen naturel d&#039;am\u00e9liorer votre silhouette et vos formes, vous devez absolument d\u00e9couvrir le\u00a0beurre de kigelia.\" \/>\n<meta property=\"og:url\" content=\"https:\/\/www.safinel.fr\/de\/product-2\/kigelia-butter-100g\/\" \/>\n<meta property=\"og:site_name\" content=\"Safinel\" \/>\n<meta property=\"article:modified_time\" content=\"2024-01-09T22:29:46+00:00\" \/>\n<meta property=\"og:image\" content=\"https:\/\/www.safinel.fr\/wp-content\/uploads\/2023\/01\/beurre-de-kigelia-1.jpg\" \/>\n\t<meta property=\"og:image:width\" content=\"600\" \/>\n\t<meta property=\"og:image:height\" content=\"600\" \/>\n\t<meta property=\"og:image:type\" content=\"image\/jpeg\" \/>\n<meta name=\"twitter:card\" content=\"summary_large_image\" \/>\n<meta name=\"twitter:label1\" content=\"Gesch\u00e4tzte Lesezeit\" \/>\n\t<meta name=\"twitter:data1\" content=\"2\u00a0Minuten\" \/>\n<script type=\"application\/ld+json\" class=\"yoast-schema-graph\">{\"@context\":\"https:\/\/schema.org\",\"@graph\":[{\"@type\":\"WebPage\",\"@id\":\"https:\/\/www.safinel.fr\/produit\/beurre-de-kigelia-100g\/\",\"url\":\"https:\/\/www.safinel.fr\/produit\/beurre-de-kigelia-100g\/\",\"name\":\"Beurre de kigelia I Hydratant cutan\u00e9 efficace I Bienfaits nombreux\",\"isPartOf\":{\"@id\":\"https:\/\/www.safinel.fr\/#website\"},\"primaryImageOfPage\":{\"@id\":\"https:\/\/www.safinel.fr\/produit\/beurre-de-kigelia-100g\/#primaryimage\"},\"image\":{\"@id\":\"https:\/\/www.safinel.fr\/produit\/beurre-de-kigelia-100g\/#primaryimage\"},\"thumbnailUrl\":\"https:\/\/www.safinel.fr\/wp-content\/uploads\/2023\/01\/beurre-de-kigelia-1.jpg\",\"datePublished\":\"2023-01-04T15:36:22+00:00\",\"dateModified\":\"2024-01-09T22:29:46+00:00\",\"description\":\"Si vous cherchez un moyen naturel d'am\u00e9liorer votre silhouette et vos formes, vous devez absolument d\u00e9couvrir le\u00a0beurre de kigelia.\",\"breadcrumb\":{\"@id\":\"https:\/\/www.safinel.fr\/produit\/beurre-de-kigelia-100g\/#breadcrumb\"},\"inLanguage\":\"de\",\"potentialAction\":[{\"@type\":\"ReadAction\",\"target\":[\"https:\/\/www.safinel.fr\/produit\/beurre-de-kigelia-100g\/\"]}]},{\"@type\":\"ImageObject\",\"inLanguage\":\"de\",\"@id\":\"https:\/\/www.safinel.fr\/produit\/beurre-de-kigelia-100g\/#primaryimage\",\"url\":\"https:\/\/www.safinel.fr\/wp-content\/uploads\/2023\/01\/beurre-de-kigelia-1.jpg\",\"contentUrl\":\"https:\/\/www.safinel.fr\/wp-content\/uploads\/2023\/01\/beurre-de-kigelia-1.jpg\",\"width\":600,\"height\":600,\"caption\":\"Beurre de kigelia 100g\"},{\"@type\":\"BreadcrumbList\",\"@id\":\"https:\/\/www.safinel.fr\/produit\/beurre-de-kigelia-100g\/#breadcrumb\",\"itemListElement\":[{\"@type\":\"ListItem\",\"position\":1,\"name\":\"Accueil\",\"item\":\"https:\/\/www.safinel.fr\/\"},{\"@type\":\"ListItem\",\"position\":2,\"name\":\"Boutique\",\"item\":\"https:\/\/www.safinel.fr\/boutique\/\"},{\"@type\":\"ListItem\",\"position\":3,\"name\":\"Beurre de kigelia 100g\"}]},{\"@type\":\"WebSite\",\"@id\":\"https:\/\/www.safinel.fr\/#website\",\"url\":\"https:\/\/www.safinel.fr\/\",\"name\":\"Safinel\",\"description\":\"\",\"publisher\":{\"@id\":\"https:\/\/www.safinel.fr\/#organization\"},\"potentialAction\":[{\"@type\":\"SearchAction\",\"target\":{\"@type\":\"EntryPoint\",\"urlTemplate\":\"https:\/\/www.safinel.fr\/?s={search_term_string}\"},\"query-input\":{\"@type\":\"PropertyValueSpecification\",\"valueRequired\":true,\"valueName\":\"search_term_string\"}}],\"inLanguage\":\"de\"},{\"@type\":\"Organization\",\"@id\":\"https:\/\/www.safinel.fr\/#organization\",\"name\":\"Safinel\",\"url\":\"https:\/\/www.safinel.fr\/\",\"logo\":{\"@type\":\"ImageObject\",\"inLanguage\":\"de\",\"@id\":\"https:\/\/www.safinel.fr\/#\/schema\/logo\/image\/\",\"url\":\"https:\/\/www.safinel.fr\/wp-content\/uploads\/2021\/05\/boutique-cosmetique.png\",\"contentUrl\":\"https:\/\/www.safinel.fr\/wp-content\/uploads\/2021\/05\/boutique-cosmetique.png\",\"width\":800,\"height\":200,\"caption\":\"Safinel\"},\"image\":{\"@id\":\"https:\/\/www.safinel.fr\/#\/schema\/logo\/image\/\"}}]}<\/script>\n<!-- \/ Yoast SEO plugin. -->","yoast_head_json":{"title":"Kigelia-Butter I Effektiver Feuchtigkeitsspender f\u00fcr die Haut I Zahlreiche Vorteile","description":"Wenn Sie nach einem nat\u00fcrlichen Weg suchen, Ihre Figur und Formen zu verbessern, sollten Sie unbedingt die Kigelia-Butter kennenlernen.","robots":{"index":"index","follow":"follow","max-snippet":"max-snippet:-1","max-image-preview":"max-image-preview:large","max-video-preview":"max-video-preview:-1"},"canonical":"https:\/\/www.safinel.fr\/de\/product-2\/kigelia-butter-100g\/","og_locale":"de_DE","og_type":"article","og_title":"Beurre de kigelia I Hydratant cutan\u00e9 efficace I Bienfaits nombreux","og_description":"Si vous cherchez un moyen naturel d'am\u00e9liorer votre silhouette et vos formes, vous devez absolument d\u00e9couvrir le\u00a0beurre de kigelia.","og_url":"https:\/\/www.safinel.fr\/de\/product-2\/kigelia-butter-100g\/","og_site_name":"Safinel","article_modified_time":"2024-01-09T22:29:46+00:00","og_image":[{"width":600,"height":600,"url":"https:\/\/www.safinel.fr\/wp-content\/uploads\/2023\/01\/beurre-de-kigelia-1.jpg","type":"image\/jpeg"}],"twitter_card":"summary_large_image","twitter_misc":{"Gesch\u00e4tzte Lesezeit":"2\u00a0Minuten"},"schema":{"@context":"https:\/\/schema.org","@graph":[{"@type":"WebPage","@id":"https:\/\/www.safinel.fr\/produit\/beurre-de-kigelia-100g\/","url":"https:\/\/www.safinel.fr\/produit\/beurre-de-kigelia-100g\/","name":"Kigelia-Butter I Effektiver Feuchtigkeitsspender f\u00fcr die Haut I Zahlreiche Vorteile","isPartOf":{"@id":"https:\/\/www.safinel.fr\/#website"},"primaryImageOfPage":{"@id":"https:\/\/www.safinel.fr\/produit\/beurre-de-kigelia-100g\/#primaryimage"},"image":{"@id":"https:\/\/www.safinel.fr\/produit\/beurre-de-kigelia-100g\/#primaryimage"},"thumbnailUrl":"https:\/\/www.safinel.fr\/wp-content\/uploads\/2023\/01\/beurre-de-kigelia-1.jpg","datePublished":"2023-01-04T15:36:22+00:00","dateModified":"2024-01-09T22:29:46+00:00","description":"Wenn Sie nach einem nat\u00fcrlichen Weg suchen, Ihre Figur und Formen zu verbessern, sollten Sie unbedingt die Kigelia-Butter kennenlernen.","breadcrumb":{"@id":"https:\/\/www.safinel.fr\/produit\/beurre-de-kigelia-100g\/#breadcrumb"},"inLanguage":"de","potentialAction":[{"@type":"ReadAction","target":["https:\/\/www.safinel.fr\/produit\/beurre-de-kigelia-100g\/"]}]},{"@type":"ImageObject","inLanguage":"de","@id":"https:\/\/www.safinel.fr\/produit\/beurre-de-kigelia-100g\/#primaryimage","url":"https:\/\/www.safinel.fr\/wp-content\/uploads\/2023\/01\/beurre-de-kigelia-1.jpg","contentUrl":"https:\/\/www.safinel.fr\/wp-content\/uploads\/2023\/01\/beurre-de-kigelia-1.jpg","width":600,"height":600,"caption":"Beurre de kigelia 100g"},{"@type":"BreadcrumbList","@id":"https:\/\/www.safinel.fr\/produit\/beurre-de-kigelia-100g\/#breadcrumb","itemListElement":[{"@type":"ListItem","position":1,"name":"Accueil","item":"https:\/\/www.safinel.fr\/"},{"@type":"ListItem","position":2,"name":"Boutique","item":"https:\/\/www.safinel.fr\/boutique\/"},{"@type":"ListItem","position":3,"name":"Beurre de kigelia 100g"}]},{"@type":"WebSite","@id":"https:\/\/www.safinel.fr\/#website","url":"https:\/\/www.safinel.fr\/","name":"Safinel","description":"","publisher":{"@id":"https:\/\/www.safinel.fr\/#organization"},"potentialAction":[{"@type":"SearchAction","target":{"@type":"EntryPoint","urlTemplate":"https:\/\/www.safinel.fr\/?s={search_term_string}"},"query-input":{"@type":"PropertyValueSpecification","valueRequired":true,"valueName":"search_term_string"}}],"inLanguage":"de"},{"@type":"Organization","@id":"https:\/\/www.safinel.fr\/#organization","name":"Safinel","url":"https:\/\/www.safinel.fr\/","logo":{"@type":"ImageObject","inLanguage":"de","@id":"https:\/\/www.safinel.fr\/#\/schema\/logo\/image\/","url":"https:\/\/www.safinel.fr\/wp-content\/uploads\/2021\/05\/boutique-cosmetique.png","contentUrl":"https:\/\/www.safinel.fr\/wp-content\/uploads\/2021\/05\/boutique-cosmetique.png","width":800,"height":200,"caption":"Safinel"},"image":{"@id":"https:\/\/www.safinel.fr\/#\/schema\/logo\/image\/"}}]}},"_links":{"self":[{"href":"https:\/\/www.safinel.fr\/de\/wp-json\/wp\/v2\/product\/4089","targetHints":{"allow":["GET"]}}],"collection":[{"href":"https:\/\/www.safinel.fr\/de\/wp-json\/wp\/v2\/product"}],"about":[{"href":"https:\/\/www.safinel.fr\/de\/wp-json\/wp\/v2\/types\/product"}],"wp:featuredmedia":[{"embeddable":true,"href":"https:\/\/www.safinel.fr\/de\/wp-json\/wp\/v2\/media\/5410"}],"wp:attachment":[{"href":"https:\/\/www.safinel.fr\/de\/wp-json\/wp\/v2\/media?parent=4089"}],"wp:term":[{"taxonomy":"product_brand","embeddable":true,"href":"https:\/\/www.safinel.fr\/de\/wp-json\/wp\/v2\/product_brand?post=4089"},{"taxonomy":"product_cat","embeddable":true,"href":"https:\/\/www.safinel.fr\/de\/wp-json\/wp\/v2\/product_cat?post=4089"},{"taxonomy":"product_tag","embeddable":true,"href":"https:\/\/www.safinel.fr\/de\/wp-json\/wp\/v2\/product_tag?post=4089"}],"curies":[{"name":"wp","href":"https:\/\/api.w.org\/{rel}","templated":true}]}}