{"id":4009,"date":"2022-12-29T17:52:22","date_gmt":"2022-12-29T17:52:22","guid":{"rendered":"https:\/\/www.safinel.fr\/?post_type=product&#038;p=4009"},"modified":"2023-12-28T17:15:45","modified_gmt":"2023-12-28T17:15:45","slug":"madurasa-honig","status":"publish","type":"product","link":"https:\/\/www.safinel.fr\/de\/product-2\/madurasa-honig\/","title":{"rendered":"Madurasa-Honig"},"content":{"rendered":"<p><strong>Finden Sie den s\u00fc\u00dfen Genuss und die hohe Qualit\u00e4t wieder<\/strong>\u00a0Ihrer Intimit\u00e4t mit Ihrem n\u00e4chsten neuen Verb\u00fcndeten:<strong>\u00a0den Madurasa-Honig.<\/strong>\u00a0Dieser Honig hat n\u00e4mlich die Besonderheit, ein Aphrodisiakum zu sein. Ihn zu verzehren bedeutet\u00a0<strong>die Exzellenz Ihrer intimen Beziehungen sicherstellen,<\/strong>\u00a0wiederzufinden. Wir verraten Ihnen, was Sie \u00fcber diesen neuen Partner wissen m\u00fcssen, den Sie unbedingt haben sollten.<\/p>\n<h2><strong>Was ist Madurasa-Honig?\u00a0<\/strong><\/h2>\n<p>Direkt aus\u00a0<strong>die Insel Madura,\u00a0<\/strong>Madurasa-Honig wird auf einer Insel im Nordosten der Insel Java in Indonesien hergestellt und ist ein aphrodisischer Honig. Sie finden ihn in Form von kleinen T\u00fctchen in Einzeldosen, die genau aus einem<strong>\u00a0reiner Honig, angereichert mit dem ber\u00fchmten Gel\u00e9e Royale, aber auch mit einigen Gew\u00fcrzen.<\/strong>\u00a0Er wird also<strong>\u00a0leicht zu nehmen, jederzeit.\u00a0<\/strong><\/p>\n<h2><strong>Warum sollte man Madurasa-Honig einnehmen?<\/strong><\/h2>\n<p>Wenn Sie vor allem nach<strong>\u00a0<a href=\"https:\/\/www.safinel.fr\/de\/product-2\/libidomiel\/\">Ihre Libido steigern<\/a>,<\/strong>\u00a0ist der Madurasa-Honig genau das Richtige f\u00fcr Sie. Dar\u00fcber hinaus ist er unter anderem sehr bekannt f\u00fcr\u00a0<strong>seine bemerkenswerte Hilfe bei der vaginalen Befeuchtung.<\/strong>\u00a0Denn er wird die Feuchtigkeitsversorgung erheblich f\u00f6rdern und so\u00a0<strong>das Ph\u00e4nomen vermeiden,<\/strong>\u00a0Die meisten Frauen sind damit konfrontiert,\u00a0<strong>vaginaler Trockenheit.\u00a0<\/strong><\/p>\n<p>Und besonders,<strong>\u00a0beim Intimverkehr.<\/strong>\u00a0Er erm\u00f6glicht also eine\u00a0<strong>angenehmere Beziehung f\u00fcr beide Partner.<\/strong>\u00a0Aber auch\u00a0<strong>f\u00fcr einen l\u00e4ngeren Zeitraum.<\/strong>\u00a0Sehen wir uns nun an, wie man ihn konsumieren sollte, um seine Wirkung voll auszusch\u00f6pfen.<\/p>\n<h3><strong>Wie soll man ihn konsumieren?\u00a0<\/strong><\/h3>\n<p>Um den Madurasa-Honig zu konsumieren, m\u00fcssen Sie selbst entscheiden, was Sie bevorzugen. Sie haben zwei M\u00f6glichkeiten. Sie haben den\u2019<strong>Option, es direkt zu trinken.<\/strong>\u00a0Oder\u00a0<strong>es in Ihren Kaffee oder Kr\u00e4utertee zu geben, wenn Sie dies bevorzugen.<\/strong><\/p>\n<p>In jedem Fall empfehlen wir<strong>\u00a0es mindestens 1 Stunde lang einnehmen<\/strong>\u00a0vor dem Geschlechtsverkehr, damit Sie die Vorteile voll und ganz genie\u00dfen k\u00f6nnen. Danach ist es Zeit f\u00fcr gemeinsame Lustmomente und nat\u00fcrlich f\u00fcr eine angenehme und lange Dauer.<\/p>","protected":false},"excerpt":{"rendered":"<p><img decoding=\"async\" class=\"size-full wp-image-5091 aligncenter\" src=\"https:\/\/www.safinel.fr\/wp-content\/uploads\/2021\/06\/BANNIERE-ICONE-SAFINEL.webp\" alt=\"Satines-R\u00fcckversicherung\" width=\"800\" height=\"200\" srcset=\"https:\/\/www.safinel.fr\/wp-content\/uploads\/2021\/06\/BANNIERE-ICONE-SAFINEL.webp 800w, https:\/\/www.safinel.fr\/wp-content\/uploads\/2021\/06\/BANNIERE-ICONE-SAFINEL-600x150.webp 600w, https:\/\/www.safinel.fr\/wp-content\/uploads\/2021\/06\/BANNIERE-ICONE-SAFINEL-768x192.webp 768w\" sizes=\"(max-width: 800px) 100vw, 800px\" \/><\/p>","protected":false},"featured_media":4013,"template":"","meta":[],"product_brand":[],"product_cat":[24,72],"product_tag":[],"class_list":{"0":"post-4009","1":"product","2":"type-product","3":"status-publish","4":"has-post-thumbnail","6":"product_cat-apiculture","7":"product_cat-miel-aphrodisiaque","9":"first","10":"outofstock","11":"shipping-taxable","12":"purchasable","13":"product-type-variable"},"yoast_head":"<!-- This site is optimized with the Yoast SEO plugin v26.6 - https:\/\/yoast.com\/wordpress\/plugins\/seo\/ -->\n<title>Miel madurasa I Aphrodisiaque f\u00e9minin I Achat s\u00e9curis\u00e9<\/title>\n<meta name=\"description\" content=\"Retrouvez le doux plaisir et la grande qualit\u00e9\u00a0de votre intimit\u00e9 avec votre prochain nouvel alli\u00e9 :\u00a0le miel Madurasa. Adoptez-le sans plus attendre !\" \/>\n<meta name=\"robots\" content=\"index, follow, max-snippet:-1, max-image-preview:large, max-video-preview:-1\" \/>\n<link rel=\"canonical\" href=\"https:\/\/www.safinel.fr\/de\/product-2\/madurasa-honig\/\" \/>\n<meta property=\"og:locale\" content=\"de_DE\" \/>\n<meta property=\"og:type\" content=\"article\" \/>\n<meta property=\"og:title\" content=\"Miel madurasa I Aphrodisiaque f\u00e9minin I Achat s\u00e9curis\u00e9\" \/>\n<meta property=\"og:description\" content=\"Retrouvez le doux plaisir et la grande qualit\u00e9\u00a0de votre intimit\u00e9 avec votre prochain nouvel alli\u00e9 :\u00a0le miel Madurasa. Adoptez-le sans plus attendre !\" \/>\n<meta property=\"og:url\" content=\"https:\/\/www.safinel.fr\/de\/product-2\/madurasa-honig\/\" \/>\n<meta property=\"og:site_name\" content=\"Safinel\" \/>\n<meta property=\"article:modified_time\" content=\"2023-12-28T17:15:45+00:00\" \/>\n<meta property=\"og:image\" content=\"https:\/\/www.safinel.fr\/wp-content\/uploads\/2022\/12\/miel-madurasa-aphrodisiaque.jpg\" \/>\n\t<meta property=\"og:image:width\" content=\"600\" \/>\n\t<meta property=\"og:image:height\" content=\"600\" \/>\n\t<meta property=\"og:image:type\" content=\"image\/jpeg\" \/>\n<meta name=\"twitter:card\" content=\"summary_large_image\" \/>\n<meta name=\"twitter:label1\" content=\"Gesch\u00e4tzte Lesezeit\" \/>\n\t<meta name=\"twitter:data1\" content=\"2\u00a0Minuten\" \/>\n<script type=\"application\/ld+json\" class=\"yoast-schema-graph\">{\"@context\":\"https:\/\/schema.org\",\"@graph\":[{\"@type\":\"WebPage\",\"@id\":\"https:\/\/www.safinel.fr\/produit\/miel-madurasa\/\",\"url\":\"https:\/\/www.safinel.fr\/produit\/miel-madurasa\/\",\"name\":\"Miel madurasa I Aphrodisiaque f\u00e9minin I Achat s\u00e9curis\u00e9\",\"isPartOf\":{\"@id\":\"https:\/\/www.safinel.fr\/#website\"},\"primaryImageOfPage\":{\"@id\":\"https:\/\/www.safinel.fr\/produit\/miel-madurasa\/#primaryimage\"},\"image\":{\"@id\":\"https:\/\/www.safinel.fr\/produit\/miel-madurasa\/#primaryimage\"},\"thumbnailUrl\":\"https:\/\/www.safinel.fr\/wp-content\/uploads\/2022\/12\/miel-madurasa-aphrodisiaque.jpg\",\"datePublished\":\"2022-12-29T17:52:22+00:00\",\"dateModified\":\"2023-12-28T17:15:45+00:00\",\"description\":\"Retrouvez le doux plaisir et la grande qualit\u00e9\u00a0de votre intimit\u00e9 avec votre prochain nouvel alli\u00e9 :\u00a0le miel Madurasa. Adoptez-le sans plus attendre !\",\"breadcrumb\":{\"@id\":\"https:\/\/www.safinel.fr\/produit\/miel-madurasa\/#breadcrumb\"},\"inLanguage\":\"de\",\"potentialAction\":[{\"@type\":\"ReadAction\",\"target\":[\"https:\/\/www.safinel.fr\/produit\/miel-madurasa\/\"]}]},{\"@type\":\"ImageObject\",\"inLanguage\":\"de\",\"@id\":\"https:\/\/www.safinel.fr\/produit\/miel-madurasa\/#primaryimage\",\"url\":\"https:\/\/www.safinel.fr\/wp-content\/uploads\/2022\/12\/miel-madurasa-aphrodisiaque.jpg\",\"contentUrl\":\"https:\/\/www.safinel.fr\/wp-content\/uploads\/2022\/12\/miel-madurasa-aphrodisiaque.jpg\",\"width\":600,\"height\":600,\"caption\":\"miel madurasa aphrodisiaque\"},{\"@type\":\"BreadcrumbList\",\"@id\":\"https:\/\/www.safinel.fr\/produit\/miel-madurasa\/#breadcrumb\",\"itemListElement\":[{\"@type\":\"ListItem\",\"position\":1,\"name\":\"Accueil\",\"item\":\"https:\/\/www.safinel.fr\/\"},{\"@type\":\"ListItem\",\"position\":2,\"name\":\"Boutique\",\"item\":\"https:\/\/www.safinel.fr\/boutique\/\"},{\"@type\":\"ListItem\",\"position\":3,\"name\":\"Miel madurasa\"}]},{\"@type\":\"WebSite\",\"@id\":\"https:\/\/www.safinel.fr\/#website\",\"url\":\"https:\/\/www.safinel.fr\/\",\"name\":\"Safinel\",\"description\":\"\",\"publisher\":{\"@id\":\"https:\/\/www.safinel.fr\/#organization\"},\"potentialAction\":[{\"@type\":\"SearchAction\",\"target\":{\"@type\":\"EntryPoint\",\"urlTemplate\":\"https:\/\/www.safinel.fr\/?s={search_term_string}\"},\"query-input\":{\"@type\":\"PropertyValueSpecification\",\"valueRequired\":true,\"valueName\":\"search_term_string\"}}],\"inLanguage\":\"de\"},{\"@type\":\"Organization\",\"@id\":\"https:\/\/www.safinel.fr\/#organization\",\"name\":\"Safinel\",\"url\":\"https:\/\/www.safinel.fr\/\",\"logo\":{\"@type\":\"ImageObject\",\"inLanguage\":\"de\",\"@id\":\"https:\/\/www.safinel.fr\/#\/schema\/logo\/image\/\",\"url\":\"https:\/\/www.safinel.fr\/wp-content\/uploads\/2021\/05\/boutique-cosmetique.png\",\"contentUrl\":\"https:\/\/www.safinel.fr\/wp-content\/uploads\/2021\/05\/boutique-cosmetique.png\",\"width\":800,\"height\":200,\"caption\":\"Safinel\"},\"image\":{\"@id\":\"https:\/\/www.safinel.fr\/#\/schema\/logo\/image\/\"}}]}<\/script>\n<!-- \/ Yoast SEO plugin. -->","yoast_head_json":{"title":"Honig madurasa I Aphrodisiakum f\u00fcr Frauen I Sicherer Einkauf","description":"Finden Sie den s\u00fc\u00dfen Genuss und die hohe Qualit\u00e4t Ihrer Intimit\u00e4t mit Ihrem n\u00e4chsten neuen Verb\u00fcndeten wieder: dem Madurasa-Honig. Adoptieren Sie ihn sofort!","robots":{"index":"index","follow":"follow","max-snippet":"max-snippet:-1","max-image-preview":"max-image-preview:large","max-video-preview":"max-video-preview:-1"},"canonical":"https:\/\/www.safinel.fr\/de\/product-2\/madurasa-honig\/","og_locale":"de_DE","og_type":"article","og_title":"Miel madurasa I Aphrodisiaque f\u00e9minin I Achat s\u00e9curis\u00e9","og_description":"Retrouvez le doux plaisir et la grande qualit\u00e9\u00a0de votre intimit\u00e9 avec votre prochain nouvel alli\u00e9 :\u00a0le miel Madurasa. Adoptez-le sans plus attendre !","og_url":"https:\/\/www.safinel.fr\/de\/product-2\/madurasa-honig\/","og_site_name":"Safinel","article_modified_time":"2023-12-28T17:15:45+00:00","og_image":[{"width":600,"height":600,"url":"https:\/\/www.safinel.fr\/wp-content\/uploads\/2022\/12\/miel-madurasa-aphrodisiaque.jpg","type":"image\/jpeg"}],"twitter_card":"summary_large_image","twitter_misc":{"Gesch\u00e4tzte Lesezeit":"2\u00a0Minuten"},"schema":{"@context":"https:\/\/schema.org","@graph":[{"@type":"WebPage","@id":"https:\/\/www.safinel.fr\/produit\/miel-madurasa\/","url":"https:\/\/www.safinel.fr\/produit\/miel-madurasa\/","name":"Honig madurasa I Aphrodisiakum f\u00fcr Frauen I Sicherer Einkauf","isPartOf":{"@id":"https:\/\/www.safinel.fr\/#website"},"primaryImageOfPage":{"@id":"https:\/\/www.safinel.fr\/produit\/miel-madurasa\/#primaryimage"},"image":{"@id":"https:\/\/www.safinel.fr\/produit\/miel-madurasa\/#primaryimage"},"thumbnailUrl":"https:\/\/www.safinel.fr\/wp-content\/uploads\/2022\/12\/miel-madurasa-aphrodisiaque.jpg","datePublished":"2022-12-29T17:52:22+00:00","dateModified":"2023-12-28T17:15:45+00:00","description":"Finden Sie den s\u00fc\u00dfen Genuss und die hohe Qualit\u00e4t Ihrer Intimit\u00e4t mit Ihrem n\u00e4chsten neuen Verb\u00fcndeten wieder: dem Madurasa-Honig. Adoptieren Sie ihn sofort!","breadcrumb":{"@id":"https:\/\/www.safinel.fr\/produit\/miel-madurasa\/#breadcrumb"},"inLanguage":"de","potentialAction":[{"@type":"ReadAction","target":["https:\/\/www.safinel.fr\/produit\/miel-madurasa\/"]}]},{"@type":"ImageObject","inLanguage":"de","@id":"https:\/\/www.safinel.fr\/produit\/miel-madurasa\/#primaryimage","url":"https:\/\/www.safinel.fr\/wp-content\/uploads\/2022\/12\/miel-madurasa-aphrodisiaque.jpg","contentUrl":"https:\/\/www.safinel.fr\/wp-content\/uploads\/2022\/12\/miel-madurasa-aphrodisiaque.jpg","width":600,"height":600,"caption":"miel madurasa aphrodisiaque"},{"@type":"BreadcrumbList","@id":"https:\/\/www.safinel.fr\/produit\/miel-madurasa\/#breadcrumb","itemListElement":[{"@type":"ListItem","position":1,"name":"Accueil","item":"https:\/\/www.safinel.fr\/"},{"@type":"ListItem","position":2,"name":"Boutique","item":"https:\/\/www.safinel.fr\/boutique\/"},{"@type":"ListItem","position":3,"name":"Miel madurasa"}]},{"@type":"WebSite","@id":"https:\/\/www.safinel.fr\/#website","url":"https:\/\/www.safinel.fr\/","name":"Safinel","description":"","publisher":{"@id":"https:\/\/www.safinel.fr\/#organization"},"potentialAction":[{"@type":"SearchAction","target":{"@type":"EntryPoint","urlTemplate":"https:\/\/www.safinel.fr\/?s={search_term_string}"},"query-input":{"@type":"PropertyValueSpecification","valueRequired":true,"valueName":"search_term_string"}}],"inLanguage":"de"},{"@type":"Organization","@id":"https:\/\/www.safinel.fr\/#organization","name":"Safinel","url":"https:\/\/www.safinel.fr\/","logo":{"@type":"ImageObject","inLanguage":"de","@id":"https:\/\/www.safinel.fr\/#\/schema\/logo\/image\/","url":"https:\/\/www.safinel.fr\/wp-content\/uploads\/2021\/05\/boutique-cosmetique.png","contentUrl":"https:\/\/www.safinel.fr\/wp-content\/uploads\/2021\/05\/boutique-cosmetique.png","width":800,"height":200,"caption":"Safinel"},"image":{"@id":"https:\/\/www.safinel.fr\/#\/schema\/logo\/image\/"}}]}},"_links":{"self":[{"href":"https:\/\/www.safinel.fr\/de\/wp-json\/wp\/v2\/product\/4009","targetHints":{"allow":["GET"]}}],"collection":[{"href":"https:\/\/www.safinel.fr\/de\/wp-json\/wp\/v2\/product"}],"about":[{"href":"https:\/\/www.safinel.fr\/de\/wp-json\/wp\/v2\/types\/product"}],"wp:featuredmedia":[{"embeddable":true,"href":"https:\/\/www.safinel.fr\/de\/wp-json\/wp\/v2\/media\/4013"}],"wp:attachment":[{"href":"https:\/\/www.safinel.fr\/de\/wp-json\/wp\/v2\/media?parent=4009"}],"wp:term":[{"taxonomy":"product_brand","embeddable":true,"href":"https:\/\/www.safinel.fr\/de\/wp-json\/wp\/v2\/product_brand?post=4009"},{"taxonomy":"product_cat","embeddable":true,"href":"https:\/\/www.safinel.fr\/de\/wp-json\/wp\/v2\/product_cat?post=4009"},{"taxonomy":"product_tag","embeddable":true,"href":"https:\/\/www.safinel.fr\/de\/wp-json\/wp\/v2\/product_tag?post=4009"}],"curies":[{"name":"wp","href":"https:\/\/api.w.org\/{rel}","templated":true}]}}