{"id":3932,"date":"2022-12-22T12:11:53","date_gmt":"2022-12-22T12:11:53","guid":{"rendered":"https:\/\/www.safinel.fr\/?post_type=product&#038;p=3932"},"modified":"2024-04-19T13:34:52","modified_gmt":"2024-04-19T13:34:52","slug":"san-qi-hua","status":"publish","type":"product","link":"https:\/\/www.safinel.fr\/de\/product-2\/san-qi-hua\/","title":{"rendered":"San qi hua (Notoginsengbl\u00fcten \u4e09\u4e03\u82b1) 100g"},"content":{"rendered":"<p>Die\u00a0<strong>san qi hua<\/strong>\u00a0oder auch Notoginseng-Bl\u00fcten werden vor allem im S\u00fcden und in Zentralchina angebaut. Entdecken Sie also diese\u00a0<strong>asiatische Pflanze.\u00a0<\/strong><\/p>\n<h2><strong>San qi hua: Was ist das?\u00a0<\/strong><\/h2>\n<p>Die\u00a0<strong>san qi hua<\/strong>\u00a0ist eine Art entfernter Cousin des Ginseng. Seine Wurzel wird als \u201cwertvoller als Gold\u201d beschrieben und geh\u00f6rt in der chinesischen Medizin zu den Kr\u00e4utern, die das Blut regulieren.<\/p>\n<p>Dar\u00fcber hinaus ist in der\u00a0<strong>chinesische Pharmakop\u00f6e<\/strong>, Die Bl\u00fcten des Notoginseng sind daf\u00fcr bekannt, Blutungen zu stillen, das Blut zu beleben und Stauungen umzuwandeln. Es ist wichtig zu wissen, dass sie auch traditionell verwendet wird, um die Blutzirkulation anzuregen und Schwellungen zu lindern.<\/p>\n<h2><strong>Wie wendet man San Qi Hua an?\u00a0<\/strong><\/h2>\n<p>Um diese\u00a0<strong>asiatische Pflanze<\/strong>\u00a0als Tee: Geben Sie 10 g der Wurzeln in 500 ml Wasser. Dann zum Kochen bringen und vor dem Servieren etwa 10 Minuten auf kleiner Flamme k\u00f6cheln lassen.<\/p>\n<p>Wenn du es als Pulver verwenden m\u00f6chtest, kannst du die Pulverdosis in einer kleinen Tasse mit kochendem Wasser aufl\u00f6sen. Dann gut umr\u00fchren und trinken.<\/p>\n<p>Z\u00f6gern Sie nicht l\u00e4nger und bestellen Sie Ihre asiatische Pflanze bei den<strong>\u00a0mehrere Vorteile.\u00a0<\/strong><\/p>\n<h3><strong>Vorsichtsma\u00dfnahmen<\/strong><\/h3>\n<ul>\n<li>Au\u00dferhalb der Reichweite von Kindern aufbewahren.<\/li>\n<li>Es ist nur f\u00fcr Erwachsene und Kinder \u00fcber 12 Jahre geeignet.<\/li>\n<li>Kein Ersatz f\u00fcr eine abwechslungsreiche Ern\u00e4hrung und einen gesunden Lebensstil.<\/li>\n<li>Schlie\u00dflich sollten Sie vor jeder Anwendung Ihren Arzt oder Apotheker befragen.<\/li>\n<\/ul>\n<h3><strong>Entdecken Sie auch die Lotusbl\u00e4tter\u00a0<\/strong><\/h3>\n<p>Die\u00a0<strong>lotus<\/strong>\u00a0ist eine emblematische Wasserpflanze aus der Region Ostasien. Ihre Bl\u00e4tter, die als \u201c<a href=\"https:\/\/www.safinel.fr\/de\/product-2\/lotusblatt\/\"><strong>He ye<\/strong><\/a>\u201dSie werden in der traditionellen Medizin verwendet und haben die Eigenschaft, den Gewichtsverlust zu f\u00f6rdern.<\/p>\n<p>Entdecken Sie deshalb die Eigenschaften dieser Pflanze und machen Sie sie zu Ihrer neuen nat\u00fcrlichen Schlankheitsverb\u00fcndeten.<\/p>\n<p>Kommen Sie zum Einkaufen auf unseren\u00a0<strong>Safinel-Website<\/strong>, Die meisten Menschen, die sich mit dem Thema besch\u00e4ftigen, sind in der Lage, sich mit dem Thema zu befassen.<\/p>","protected":false},"excerpt":{"rendered":"<p>San Qi Hua oder Notoginseng-Bl\u00fcten werden vor allem im S\u00fcden und in der Mitte Chinas angebaut. Begeben Sie sich auf Entdeckungsreise zu dieser asiatischen Pflanze.\u00a0 San Qi Hua: Was ist das? San Qi Hua ist eine Art entfernter Verwandter des Ginsengs. Seine Wurzel wird als \u201cwertvoller als Gold\u201d beschrieben und [\u2026]","protected":false},"featured_media":3933,"template":"","meta":[],"product_brand":[],"product_cat":[108],"product_tag":[],"class_list":{"0":"post-3932","1":"product","2":"type-product","3":"status-publish","4":"has-post-thumbnail","6":"product_cat-plantes-asiatiques","8":"first","9":"outofstock","10":"shipping-taxable","11":"purchasable","12":"product-type-simple"},"yoast_head":"<!-- This site is optimized with the Yoast SEO plugin v26.6 - https:\/\/yoast.com\/wordpress\/plugins\/seo\/ -->\n<title>San qi hua I Fleurs de Notoginseng I Bienfaits nombreux<\/title>\n<meta name=\"description\" content=\"Le\u00a0san qi hua\u00a0ou encore les fleurs de notoginseng sont cultiv\u00e9s particuli\u00e8rement dans le Sud et dans le centre de la Chine.\" \/>\n<meta name=\"robots\" content=\"index, follow, max-snippet:-1, max-image-preview:large, max-video-preview:-1\" \/>\n<link rel=\"canonical\" href=\"https:\/\/www.safinel.fr\/de\/product-2\/san-qi-hua\/\" \/>\n<meta property=\"og:locale\" content=\"de_DE\" \/>\n<meta property=\"og:type\" content=\"article\" \/>\n<meta property=\"og:title\" content=\"San qi hua I Fleurs de Notoginseng I Bienfaits nombreux\" \/>\n<meta property=\"og:description\" content=\"Le\u00a0san qi hua\u00a0ou encore les fleurs de notoginseng sont cultiv\u00e9s particuli\u00e8rement dans le Sud et dans le centre de la Chine.\" \/>\n<meta property=\"og:url\" content=\"https:\/\/www.safinel.fr\/de\/product-2\/san-qi-hua\/\" \/>\n<meta property=\"og:site_name\" content=\"Safinel\" \/>\n<meta property=\"article:modified_time\" content=\"2024-04-19T13:34:52+00:00\" \/>\n<meta property=\"og:image\" content=\"https:\/\/www.safinel.fr\/wp-content\/uploads\/2022\/12\/San-qi-hua-Fleurs-de-Notoginseng-\u4e09\u4e03\u82b1-.jpg\" \/>\n\t<meta property=\"og:image:width\" content=\"600\" \/>\n\t<meta property=\"og:image:height\" content=\"600\" \/>\n\t<meta property=\"og:image:type\" content=\"image\/jpeg\" \/>\n<meta name=\"twitter:card\" content=\"summary_large_image\" \/>\n<meta name=\"twitter:label1\" content=\"Gesch\u00e4tzte Lesezeit\" \/>\n\t<meta name=\"twitter:data1\" content=\"2\u00a0Minuten\" \/>\n<script type=\"application\/ld+json\" class=\"yoast-schema-graph\">{\"@context\":\"https:\/\/schema.org\",\"@graph\":[{\"@type\":\"WebPage\",\"@id\":\"https:\/\/www.safinel.fr\/produit\/san-qi-hua\/\",\"url\":\"https:\/\/www.safinel.fr\/produit\/san-qi-hua\/\",\"name\":\"San qi hua I Fleurs de Notoginseng I Bienfaits nombreux\",\"isPartOf\":{\"@id\":\"https:\/\/www.safinel.fr\/#website\"},\"primaryImageOfPage\":{\"@id\":\"https:\/\/www.safinel.fr\/produit\/san-qi-hua\/#primaryimage\"},\"image\":{\"@id\":\"https:\/\/www.safinel.fr\/produit\/san-qi-hua\/#primaryimage\"},\"thumbnailUrl\":\"https:\/\/www.safinel.fr\/wp-content\/uploads\/2022\/12\/San-qi-hua-Fleurs-de-Notoginseng-\u4e09\u4e03\u82b1-.jpg\",\"datePublished\":\"2022-12-22T12:11:53+00:00\",\"dateModified\":\"2024-04-19T13:34:52+00:00\",\"description\":\"Le\u00a0san qi hua\u00a0ou encore les fleurs de notoginseng sont cultiv\u00e9s particuli\u00e8rement dans le Sud et dans le centre de la Chine.\",\"breadcrumb\":{\"@id\":\"https:\/\/www.safinel.fr\/produit\/san-qi-hua\/#breadcrumb\"},\"inLanguage\":\"de\",\"potentialAction\":[{\"@type\":\"ReadAction\",\"target\":[\"https:\/\/www.safinel.fr\/produit\/san-qi-hua\/\"]}]},{\"@type\":\"ImageObject\",\"inLanguage\":\"de\",\"@id\":\"https:\/\/www.safinel.fr\/produit\/san-qi-hua\/#primaryimage\",\"url\":\"https:\/\/www.safinel.fr\/wp-content\/uploads\/2022\/12\/San-qi-hua-Fleurs-de-Notoginseng-\u4e09\u4e03\u82b1-.jpg\",\"contentUrl\":\"https:\/\/www.safinel.fr\/wp-content\/uploads\/2022\/12\/San-qi-hua-Fleurs-de-Notoginseng-\u4e09\u4e03\u82b1-.jpg\",\"width\":600,\"height\":600,\"caption\":\"San qi hua (Fleurs de Notoginseng \u4e09\u4e03\u82b1) 100g\"},{\"@type\":\"BreadcrumbList\",\"@id\":\"https:\/\/www.safinel.fr\/produit\/san-qi-hua\/#breadcrumb\",\"itemListElement\":[{\"@type\":\"ListItem\",\"position\":1,\"name\":\"Accueil\",\"item\":\"https:\/\/www.safinel.fr\/\"},{\"@type\":\"ListItem\",\"position\":2,\"name\":\"Boutique\",\"item\":\"https:\/\/www.safinel.fr\/boutique\/\"},{\"@type\":\"ListItem\",\"position\":3,\"name\":\"San qi hua (Fleurs de Notoginseng \u4e09\u4e03\u82b1) 100g\"}]},{\"@type\":\"WebSite\",\"@id\":\"https:\/\/www.safinel.fr\/#website\",\"url\":\"https:\/\/www.safinel.fr\/\",\"name\":\"Safinel\",\"description\":\"\",\"publisher\":{\"@id\":\"https:\/\/www.safinel.fr\/#organization\"},\"potentialAction\":[{\"@type\":\"SearchAction\",\"target\":{\"@type\":\"EntryPoint\",\"urlTemplate\":\"https:\/\/www.safinel.fr\/?s={search_term_string}\"},\"query-input\":{\"@type\":\"PropertyValueSpecification\",\"valueRequired\":true,\"valueName\":\"search_term_string\"}}],\"inLanguage\":\"de\"},{\"@type\":\"Organization\",\"@id\":\"https:\/\/www.safinel.fr\/#organization\",\"name\":\"Safinel\",\"url\":\"https:\/\/www.safinel.fr\/\",\"logo\":{\"@type\":\"ImageObject\",\"inLanguage\":\"de\",\"@id\":\"https:\/\/www.safinel.fr\/#\/schema\/logo\/image\/\",\"url\":\"https:\/\/www.safinel.fr\/wp-content\/uploads\/2021\/05\/boutique-cosmetique.png\",\"contentUrl\":\"https:\/\/www.safinel.fr\/wp-content\/uploads\/2021\/05\/boutique-cosmetique.png\",\"width\":800,\"height\":200,\"caption\":\"Safinel\"},\"image\":{\"@id\":\"https:\/\/www.safinel.fr\/#\/schema\/logo\/image\/\"}}]}<\/script>\n<!-- \/ Yoast SEO plugin. -->","yoast_head_json":{"title":"San qi hua I Notoginseng-Bl\u00fcten I Zahlreiche Vorteile","description":"San Qi Hua oder auch Notoginseng-Bl\u00fcten werden vor allem in S\u00fcd- und Zentralchina angebaut.","robots":{"index":"index","follow":"follow","max-snippet":"max-snippet:-1","max-image-preview":"max-image-preview:large","max-video-preview":"max-video-preview:-1"},"canonical":"https:\/\/www.safinel.fr\/de\/product-2\/san-qi-hua\/","og_locale":"de_DE","og_type":"article","og_title":"San qi hua I Fleurs de Notoginseng I Bienfaits nombreux","og_description":"Le\u00a0san qi hua\u00a0ou encore les fleurs de notoginseng sont cultiv\u00e9s particuli\u00e8rement dans le Sud et dans le centre de la Chine.","og_url":"https:\/\/www.safinel.fr\/de\/product-2\/san-qi-hua\/","og_site_name":"Safinel","article_modified_time":"2024-04-19T13:34:52+00:00","og_image":[{"width":600,"height":600,"url":"https:\/\/www.safinel.fr\/wp-content\/uploads\/2022\/12\/San-qi-hua-Fleurs-de-Notoginseng-\u4e09\u4e03\u82b1-.jpg","type":"image\/jpeg"}],"twitter_card":"summary_large_image","twitter_misc":{"Gesch\u00e4tzte Lesezeit":"2\u00a0Minuten"},"schema":{"@context":"https:\/\/schema.org","@graph":[{"@type":"WebPage","@id":"https:\/\/www.safinel.fr\/produit\/san-qi-hua\/","url":"https:\/\/www.safinel.fr\/produit\/san-qi-hua\/","name":"San qi hua I Notoginseng-Bl\u00fcten I Zahlreiche Vorteile","isPartOf":{"@id":"https:\/\/www.safinel.fr\/#website"},"primaryImageOfPage":{"@id":"https:\/\/www.safinel.fr\/produit\/san-qi-hua\/#primaryimage"},"image":{"@id":"https:\/\/www.safinel.fr\/produit\/san-qi-hua\/#primaryimage"},"thumbnailUrl":"https:\/\/www.safinel.fr\/wp-content\/uploads\/2022\/12\/San-qi-hua-Fleurs-de-Notoginseng-\u4e09\u4e03\u82b1-.jpg","datePublished":"2022-12-22T12:11:53+00:00","dateModified":"2024-04-19T13:34:52+00:00","description":"San Qi Hua oder auch Notoginseng-Bl\u00fcten werden vor allem in S\u00fcd- und Zentralchina angebaut.","breadcrumb":{"@id":"https:\/\/www.safinel.fr\/produit\/san-qi-hua\/#breadcrumb"},"inLanguage":"de","potentialAction":[{"@type":"ReadAction","target":["https:\/\/www.safinel.fr\/produit\/san-qi-hua\/"]}]},{"@type":"ImageObject","inLanguage":"de","@id":"https:\/\/www.safinel.fr\/produit\/san-qi-hua\/#primaryimage","url":"https:\/\/www.safinel.fr\/wp-content\/uploads\/2022\/12\/San-qi-hua-Fleurs-de-Notoginseng-\u4e09\u4e03\u82b1-.jpg","contentUrl":"https:\/\/www.safinel.fr\/wp-content\/uploads\/2022\/12\/San-qi-hua-Fleurs-de-Notoginseng-\u4e09\u4e03\u82b1-.jpg","width":600,"height":600,"caption":"San qi hua (Fleurs de Notoginseng \u4e09\u4e03\u82b1) 100g"},{"@type":"BreadcrumbList","@id":"https:\/\/www.safinel.fr\/produit\/san-qi-hua\/#breadcrumb","itemListElement":[{"@type":"ListItem","position":1,"name":"Accueil","item":"https:\/\/www.safinel.fr\/"},{"@type":"ListItem","position":2,"name":"Boutique","item":"https:\/\/www.safinel.fr\/boutique\/"},{"@type":"ListItem","position":3,"name":"San qi hua (Fleurs de Notoginseng \u4e09\u4e03\u82b1) 100g"}]},{"@type":"WebSite","@id":"https:\/\/www.safinel.fr\/#website","url":"https:\/\/www.safinel.fr\/","name":"Safinel","description":"","publisher":{"@id":"https:\/\/www.safinel.fr\/#organization"},"potentialAction":[{"@type":"SearchAction","target":{"@type":"EntryPoint","urlTemplate":"https:\/\/www.safinel.fr\/?s={search_term_string}"},"query-input":{"@type":"PropertyValueSpecification","valueRequired":true,"valueName":"search_term_string"}}],"inLanguage":"de"},{"@type":"Organization","@id":"https:\/\/www.safinel.fr\/#organization","name":"Safinel","url":"https:\/\/www.safinel.fr\/","logo":{"@type":"ImageObject","inLanguage":"de","@id":"https:\/\/www.safinel.fr\/#\/schema\/logo\/image\/","url":"https:\/\/www.safinel.fr\/wp-content\/uploads\/2021\/05\/boutique-cosmetique.png","contentUrl":"https:\/\/www.safinel.fr\/wp-content\/uploads\/2021\/05\/boutique-cosmetique.png","width":800,"height":200,"caption":"Safinel"},"image":{"@id":"https:\/\/www.safinel.fr\/#\/schema\/logo\/image\/"}}]}},"_links":{"self":[{"href":"https:\/\/www.safinel.fr\/de\/wp-json\/wp\/v2\/product\/3932","targetHints":{"allow":["GET"]}}],"collection":[{"href":"https:\/\/www.safinel.fr\/de\/wp-json\/wp\/v2\/product"}],"about":[{"href":"https:\/\/www.safinel.fr\/de\/wp-json\/wp\/v2\/types\/product"}],"wp:featuredmedia":[{"embeddable":true,"href":"https:\/\/www.safinel.fr\/de\/wp-json\/wp\/v2\/media\/3933"}],"wp:attachment":[{"href":"https:\/\/www.safinel.fr\/de\/wp-json\/wp\/v2\/media?parent=3932"}],"wp:term":[{"taxonomy":"product_brand","embeddable":true,"href":"https:\/\/www.safinel.fr\/de\/wp-json\/wp\/v2\/product_brand?post=3932"},{"taxonomy":"product_cat","embeddable":true,"href":"https:\/\/www.safinel.fr\/de\/wp-json\/wp\/v2\/product_cat?post=3932"},{"taxonomy":"product_tag","embeddable":true,"href":"https:\/\/www.safinel.fr\/de\/wp-json\/wp\/v2\/product_tag?post=3932"}],"curies":[{"name":"wp","href":"https:\/\/api.w.org\/{rel}","templated":true}]}}