{"id":3930,"date":"2022-12-22T12:07:54","date_gmt":"2022-12-22T12:07:54","guid":{"rendered":"https:\/\/www.safinel.fr\/?post_type=product&#038;p=3930"},"modified":"2024-08-28T11:13:49","modified_gmt":"2024-08-28T11:13:49","slug":"bai-zhu-chao-wurzel-datractylode","status":"publish","type":"product","link":"https:\/\/www.safinel.fr\/de\/product-2\/bai-zhu-chao-wurzel-datractylode\/","title":{"rendered":"Bai zhu (Chao) - Zubereitete Atractylode-Wurzel 100g"},"content":{"rendered":"<p>Die\u00a0<strong>bai zhu,<\/strong>\u00a0kommt Ihnen das bekannt vor? Auch als Atractylode-Wurzel bekannt, handelt es sich um eine asiatische Pflanze mit\u00a0<strong>Heilkr\u00e4fte\u00a0<\/strong>die seit Jahrhunderten in der traditionellen chinesischen Medizin verwendet wird. Gehen Sie zu diesem Zweck auf Entdeckungsreise durch den\u00a0<strong>bai zhu.<\/strong><\/p>\n<h2><strong>Bai Zhu: Was ist das?\u00a0<\/strong><\/h2>\n<p>Bai Zhu ist eine\u00a0<strong>krautige Pflanze<\/strong>\u00a0mehrj\u00e4hrige Pflanze aus der Familie der Korbbl\u00fctler (Asteraceae). Die Pflanze ist mittelgro\u00df und h\u00f6chstens 60 cm hoch. Das Rhizom ist fleischig und sieht aus wie eine geballte Faust.<\/p>\n<p>Diese asiatische Pflanze w\u00e4chst nur sehr selten im Inland.\u2019<strong>Wildnis<\/strong>. Tats\u00e4chlich wird sie am h\u00e4ufigsten in China, Japan und Korea angebaut.<\/p>\n<p>Au\u00dferdem werden aus seiner Wurzel die\u00a0<strong>medizinische Eigenschaften.<\/strong>\u00a0Die\u00a0<strong>bai zhu\u00a0<\/strong>wird im Sp\u00e4therbst oder Fr\u00fchwinter geerntet. Er wird gereinigt, von Unreinheiten befreit und getrocknet. Dann werden die faserigen Wurzeln entfernt und er wird in Wasser eingeweicht, das in Streifen geschnitten wurde.<\/p>\n<h2><strong>Die Vorteile von Bai Zhu\u00a0<\/strong><\/h2>\n<p>Die\u00a0<strong>Atractylode-Wurzel<\/strong>\u00a0wird eine therapeutische Wirkung als harntreibend, beruhigend, blutzuckersenkend, stomachisch, tonisierend und karminativ zugeschrieben. Und sogar gegen Durchfall.<\/p>\n<p>So eignet sich diese Wurzel zur Behandlung von Verdauungsst\u00f6rungen mit Durchfall und Erbrechen. Aber auch bei Bl\u00e4hungen, Verdauungsst\u00f6rungen, Appetit- und Gewichtsverlust.<\/p>\n<p>Sie ist sogar wirksam, um \u00fcberm\u00e4\u00dfiges Schwitzen und Wassereinlagerungen zu stoppen. Sie wird bei Dysurien, \u00d6demen und zur Beruhigung der Unruhe des F\u00f6tus (vor allem bei Fehlgeburten) empfohlen.<\/p>\n<p>Diese asiatische Pflanze ist gut f\u00fcr die St\u00e4rkung des Qi und zielt vor allem auf die Milz und den Magen ab. Sie hat einen s\u00fc\u00dfen, bitteren Geschmack und ist von lauwarmer Eigenschaft.<\/p>\n<p>Verwendet seit\u00a0<strong>Jahrhunderten,<\/strong>\u00a0sie entw\u00e4ssert, reinigt, tonisiert und stimuliert m\u00fcde Organismen.<\/p>\n<p>So z\u00f6gern Sie nicht, diese Wurzel zu testen, Sie werden nicht entt\u00e4uscht sein.<\/p>\n<h2><strong>Bai zhu: Anwendungstipps\u00a0<\/strong><\/h2>\n<p>Um die<strong>\u00a0Atractylode-Wurzel<\/strong>\u00a0als Tee, hier eine kleine Anleitung:<\/p>\n<p>10 g Wurzeln in 500 mL Wasser geben, zum Kochen bringen und vor dem Servieren 10 Minuten auf kleiner Flamme k\u00f6cheln lassen.<\/p>\n<p>Um es als Pulver zu verwenden, verd\u00fcnne die Pulverdosis in einer kleinen Tasse mit kochendem Wasser, r\u00fchre um und trinke.<\/p>\n<p>Hinsichtlich der Dosierung ist es wichtig, die Empfehlungen auf dem Beipackzettel zu befolgen. Ein Tonikum sollte mindestens einen Monat lang eingenommen werden. Und es kann auch \u00fcber einen l\u00e4ngeren Zeitraum eingenommen werden.<\/p>\n<h3><strong>Vorsichtsma\u00dfnahmen bei der Verwendung\u00a0<\/strong><\/h3>\n<p>Diese\u00a0<strong>Wurzel\u00a0<\/strong>ist vor Licht und W\u00e4rmequellen gesch\u00fctzt aufzubewahren. Sie muss au\u00dferhalb der Reichweite von Kindern aufbewahrt werden. Au\u00dferdem handelt es sich um ein Nahrungserg\u00e4nzungsmittel, das Erwachsenen und Kindern \u00fcber 12 Jahren vorbehalten ist.<\/p>\n<p>Ebenso sollte die Verwendung dieses Produkts nicht als Ersatz f\u00fcr eine abwechslungsreiche Ern\u00e4hrung und einen gesunden Lebensstil dienen.<\/p>\n<p>Schlie\u00dflich sollten Sie vor der Anwendung Ihren Arzt oder Apotheker befragen.<\/p>\n<h3><strong>Entdecken Sie unsere asiatischen Pflanzen\u00a0<\/strong><\/h3>\n<p>Die\u00a0<strong>asiatische Pflanzen<\/strong>\u00a0sind ein Muss f\u00fcr jede K\u00fcche. Entdecken Sie daher alle unsere Pflanzen, die in unserem Online-Shop Safinel erh\u00e4ltlich sind. Zum Beispiel,\u00a0<strong><a href=\"https:\/\/www.safinel.fr\/de\/product-2\/san-qi-hua\/\">San qi hua<\/a>, <a href=\"https:\/\/www.safinel.fr\/de\/product-2\/kudzu\/\">Kudzu<\/a><\/strong>, usw.<\/p>","protected":false},"excerpt":{"rendered":"<p>Sagt Ihnen Bai Zhu etwas? Auch Atractylode-Wurzel genannt, ist eine asiatische Pflanze mit therapeutischen Eigenschaften, die seit Jahrhunderten in der traditionellen chinesischen Medizin verwendet wird. Gehen Sie deshalb auf Entdeckungsreise und lernen Sie Bai Zhu kennen. Bai Zhu: Was ist das?  Bai Zhu ist eine mehrj\u00e4hrige krautige Pflanze aus der Familie der Korbbl\u00fctler (Asteraceae). Diese [...].","protected":false},"featured_media":3931,"template":"","meta":[],"product_brand":[],"product_cat":[108],"product_tag":[],"class_list":{"0":"post-3930","1":"product","2":"type-product","3":"status-publish","4":"has-post-thumbnail","6":"product_cat-plantes-asiatiques","8":"first","9":"outofstock","10":"shipping-taxable","11":"purchasable","12":"product-type-simple"},"yoast_head":"<!-- This site is optimized with the Yoast SEO plugin v26.6 - https:\/\/yoast.com\/wordpress\/plugins\/seo\/ -->\n<title>Bai zhu I Racine d&#039;Atractylode I Bienfaits nombreux<\/title>\n<meta name=\"description\" content=\"Le\u00a0bai zhu,\u00a0cela vous dit quelque chose ? Aussi appel\u00e9 racine d\u2019Atractylode, il s\u2019agit d\u2019une plante asiatique ayant des\u00a0vertus th\u00e9rapeutiques.\" \/>\n<meta name=\"robots\" content=\"index, follow, max-snippet:-1, max-image-preview:large, max-video-preview:-1\" \/>\n<link rel=\"canonical\" href=\"https:\/\/www.safinel.fr\/de\/product-2\/bai-zhu-chao-wurzel-datractylode\/\" \/>\n<meta property=\"og:locale\" content=\"de_DE\" \/>\n<meta property=\"og:type\" content=\"article\" \/>\n<meta property=\"og:title\" content=\"Bai zhu I Racine d&#039;Atractylode I Bienfaits nombreux\" \/>\n<meta property=\"og:description\" content=\"Le\u00a0bai zhu,\u00a0cela vous dit quelque chose ? Aussi appel\u00e9 racine d\u2019Atractylode, il s\u2019agit d\u2019une plante asiatique ayant des\u00a0vertus th\u00e9rapeutiques.\" \/>\n<meta property=\"og:url\" content=\"https:\/\/www.safinel.fr\/de\/product-2\/bai-zhu-chao-wurzel-datractylode\/\" \/>\n<meta property=\"og:site_name\" content=\"Safinel\" \/>\n<meta property=\"article:modified_time\" content=\"2024-08-28T11:13:49+00:00\" \/>\n<meta property=\"og:image\" content=\"https:\/\/www.safinel.fr\/wp-content\/uploads\/2022\/12\/Bai-zhu-Chao-racine-dAtractylode-preparee-site.jpg\" \/>\n\t<meta property=\"og:image:width\" content=\"600\" \/>\n\t<meta property=\"og:image:height\" content=\"600\" \/>\n\t<meta property=\"og:image:type\" content=\"image\/jpeg\" \/>\n<meta name=\"twitter:card\" content=\"summary_large_image\" \/>\n<meta name=\"twitter:label1\" content=\"Gesch\u00e4tzte Lesezeit\" \/>\n\t<meta name=\"twitter:data1\" content=\"3\u00a0Minuten\" \/>\n<script type=\"application\/ld+json\" class=\"yoast-schema-graph\">{\"@context\":\"https:\/\/schema.org\",\"@graph\":[{\"@type\":\"WebPage\",\"@id\":\"https:\/\/www.safinel.fr\/produit\/bai-zhu-chao-racine-datractylode\/\",\"url\":\"https:\/\/www.safinel.fr\/produit\/bai-zhu-chao-racine-datractylode\/\",\"name\":\"Bai zhu I Racine d'Atractylode I Bienfaits nombreux\",\"isPartOf\":{\"@id\":\"https:\/\/www.safinel.fr\/#website\"},\"primaryImageOfPage\":{\"@id\":\"https:\/\/www.safinel.fr\/produit\/bai-zhu-chao-racine-datractylode\/#primaryimage\"},\"image\":{\"@id\":\"https:\/\/www.safinel.fr\/produit\/bai-zhu-chao-racine-datractylode\/#primaryimage\"},\"thumbnailUrl\":\"https:\/\/www.safinel.fr\/wp-content\/uploads\/2022\/12\/Bai-zhu-Chao-racine-dAtractylode-preparee-site.jpg\",\"datePublished\":\"2022-12-22T12:07:54+00:00\",\"dateModified\":\"2024-08-28T11:13:49+00:00\",\"description\":\"Le\u00a0bai zhu,\u00a0cela vous dit quelque chose ? Aussi appel\u00e9 racine d\u2019Atractylode, il s\u2019agit d\u2019une plante asiatique ayant des\u00a0vertus th\u00e9rapeutiques.\",\"breadcrumb\":{\"@id\":\"https:\/\/www.safinel.fr\/produit\/bai-zhu-chao-racine-datractylode\/#breadcrumb\"},\"inLanguage\":\"de\",\"potentialAction\":[{\"@type\":\"ReadAction\",\"target\":[\"https:\/\/www.safinel.fr\/produit\/bai-zhu-chao-racine-datractylode\/\"]}]},{\"@type\":\"ImageObject\",\"inLanguage\":\"de\",\"@id\":\"https:\/\/www.safinel.fr\/produit\/bai-zhu-chao-racine-datractylode\/#primaryimage\",\"url\":\"https:\/\/www.safinel.fr\/wp-content\/uploads\/2022\/12\/Bai-zhu-Chao-racine-dAtractylode-preparee-site.jpg\",\"contentUrl\":\"https:\/\/www.safinel.fr\/wp-content\/uploads\/2022\/12\/Bai-zhu-Chao-racine-dAtractylode-preparee-site.jpg\",\"width\":600,\"height\":600,\"caption\":\"Bai zhu (Chao) - Racine d'Atractylode pr\u00e9par\u00e9e 100g\"},{\"@type\":\"BreadcrumbList\",\"@id\":\"https:\/\/www.safinel.fr\/produit\/bai-zhu-chao-racine-datractylode\/#breadcrumb\",\"itemListElement\":[{\"@type\":\"ListItem\",\"position\":1,\"name\":\"Accueil\",\"item\":\"https:\/\/www.safinel.fr\/\"},{\"@type\":\"ListItem\",\"position\":2,\"name\":\"Boutique\",\"item\":\"https:\/\/www.safinel.fr\/boutique\/\"},{\"@type\":\"ListItem\",\"position\":3,\"name\":\"Bai zhu (Chao) &#8211; Racine d&#8217;Atractylode pr\u00e9par\u00e9e 100g\"}]},{\"@type\":\"WebSite\",\"@id\":\"https:\/\/www.safinel.fr\/#website\",\"url\":\"https:\/\/www.safinel.fr\/\",\"name\":\"Safinel\",\"description\":\"\",\"publisher\":{\"@id\":\"https:\/\/www.safinel.fr\/#organization\"},\"potentialAction\":[{\"@type\":\"SearchAction\",\"target\":{\"@type\":\"EntryPoint\",\"urlTemplate\":\"https:\/\/www.safinel.fr\/?s={search_term_string}\"},\"query-input\":{\"@type\":\"PropertyValueSpecification\",\"valueRequired\":true,\"valueName\":\"search_term_string\"}}],\"inLanguage\":\"de\"},{\"@type\":\"Organization\",\"@id\":\"https:\/\/www.safinel.fr\/#organization\",\"name\":\"Safinel\",\"url\":\"https:\/\/www.safinel.fr\/\",\"logo\":{\"@type\":\"ImageObject\",\"inLanguage\":\"de\",\"@id\":\"https:\/\/www.safinel.fr\/#\/schema\/logo\/image\/\",\"url\":\"https:\/\/www.safinel.fr\/wp-content\/uploads\/2021\/05\/boutique-cosmetique.png\",\"contentUrl\":\"https:\/\/www.safinel.fr\/wp-content\/uploads\/2021\/05\/boutique-cosmetique.png\",\"width\":800,\"height\":200,\"caption\":\"Safinel\"},\"image\":{\"@id\":\"https:\/\/www.safinel.fr\/#\/schema\/logo\/image\/\"}}]}<\/script>\n<!-- \/ Yoast SEO plugin. -->","yoast_head_json":{"title":"Bai zhu I Atractylode-Wurzel I Zahlreiche Vorteile","description":"Sagt Ihnen Bai Zhu etwas? Sie wird auch als Atractylode-Wurzel bezeichnet und ist eine asiatische Pflanze mit therapeutischen Eigenschaften.","robots":{"index":"index","follow":"follow","max-snippet":"max-snippet:-1","max-image-preview":"max-image-preview:large","max-video-preview":"max-video-preview:-1"},"canonical":"https:\/\/www.safinel.fr\/de\/product-2\/bai-zhu-chao-wurzel-datractylode\/","og_locale":"de_DE","og_type":"article","og_title":"Bai zhu I Racine d'Atractylode I Bienfaits nombreux","og_description":"Le\u00a0bai zhu,\u00a0cela vous dit quelque chose ? Aussi appel\u00e9 racine d\u2019Atractylode, il s\u2019agit d\u2019une plante asiatique ayant des\u00a0vertus th\u00e9rapeutiques.","og_url":"https:\/\/www.safinel.fr\/de\/product-2\/bai-zhu-chao-wurzel-datractylode\/","og_site_name":"Safinel","article_modified_time":"2024-08-28T11:13:49+00:00","og_image":[{"width":600,"height":600,"url":"https:\/\/www.safinel.fr\/wp-content\/uploads\/2022\/12\/Bai-zhu-Chao-racine-dAtractylode-preparee-site.jpg","type":"image\/jpeg"}],"twitter_card":"summary_large_image","twitter_misc":{"Gesch\u00e4tzte Lesezeit":"3\u00a0Minuten"},"schema":{"@context":"https:\/\/schema.org","@graph":[{"@type":"WebPage","@id":"https:\/\/www.safinel.fr\/produit\/bai-zhu-chao-racine-datractylode\/","url":"https:\/\/www.safinel.fr\/produit\/bai-zhu-chao-racine-datractylode\/","name":"Bai zhu I Atractylode-Wurzel I Zahlreiche Vorteile","isPartOf":{"@id":"https:\/\/www.safinel.fr\/#website"},"primaryImageOfPage":{"@id":"https:\/\/www.safinel.fr\/produit\/bai-zhu-chao-racine-datractylode\/#primaryimage"},"image":{"@id":"https:\/\/www.safinel.fr\/produit\/bai-zhu-chao-racine-datractylode\/#primaryimage"},"thumbnailUrl":"https:\/\/www.safinel.fr\/wp-content\/uploads\/2022\/12\/Bai-zhu-Chao-racine-dAtractylode-preparee-site.jpg","datePublished":"2022-12-22T12:07:54+00:00","dateModified":"2024-08-28T11:13:49+00:00","description":"Sagt Ihnen Bai Zhu etwas? Sie wird auch als Atractylode-Wurzel bezeichnet und ist eine asiatische Pflanze mit therapeutischen Eigenschaften.","breadcrumb":{"@id":"https:\/\/www.safinel.fr\/produit\/bai-zhu-chao-racine-datractylode\/#breadcrumb"},"inLanguage":"de","potentialAction":[{"@type":"ReadAction","target":["https:\/\/www.safinel.fr\/produit\/bai-zhu-chao-racine-datractylode\/"]}]},{"@type":"ImageObject","inLanguage":"de","@id":"https:\/\/www.safinel.fr\/produit\/bai-zhu-chao-racine-datractylode\/#primaryimage","url":"https:\/\/www.safinel.fr\/wp-content\/uploads\/2022\/12\/Bai-zhu-Chao-racine-dAtractylode-preparee-site.jpg","contentUrl":"https:\/\/www.safinel.fr\/wp-content\/uploads\/2022\/12\/Bai-zhu-Chao-racine-dAtractylode-preparee-site.jpg","width":600,"height":600,"caption":"Bai zhu (Chao) - Racine d'Atractylode pr\u00e9par\u00e9e 100g"},{"@type":"BreadcrumbList","@id":"https:\/\/www.safinel.fr\/produit\/bai-zhu-chao-racine-datractylode\/#breadcrumb","itemListElement":[{"@type":"ListItem","position":1,"name":"Accueil","item":"https:\/\/www.safinel.fr\/"},{"@type":"ListItem","position":2,"name":"Boutique","item":"https:\/\/www.safinel.fr\/boutique\/"},{"@type":"ListItem","position":3,"name":"Bai zhu (Chao) &#8211; Racine d&#8217;Atractylode pr\u00e9par\u00e9e 100g"}]},{"@type":"WebSite","@id":"https:\/\/www.safinel.fr\/#website","url":"https:\/\/www.safinel.fr\/","name":"Safinel","description":"","publisher":{"@id":"https:\/\/www.safinel.fr\/#organization"},"potentialAction":[{"@type":"SearchAction","target":{"@type":"EntryPoint","urlTemplate":"https:\/\/www.safinel.fr\/?s={search_term_string}"},"query-input":{"@type":"PropertyValueSpecification","valueRequired":true,"valueName":"search_term_string"}}],"inLanguage":"de"},{"@type":"Organization","@id":"https:\/\/www.safinel.fr\/#organization","name":"Safinel","url":"https:\/\/www.safinel.fr\/","logo":{"@type":"ImageObject","inLanguage":"de","@id":"https:\/\/www.safinel.fr\/#\/schema\/logo\/image\/","url":"https:\/\/www.safinel.fr\/wp-content\/uploads\/2021\/05\/boutique-cosmetique.png","contentUrl":"https:\/\/www.safinel.fr\/wp-content\/uploads\/2021\/05\/boutique-cosmetique.png","width":800,"height":200,"caption":"Safinel"},"image":{"@id":"https:\/\/www.safinel.fr\/#\/schema\/logo\/image\/"}}]}},"_links":{"self":[{"href":"https:\/\/www.safinel.fr\/de\/wp-json\/wp\/v2\/product\/3930","targetHints":{"allow":["GET"]}}],"collection":[{"href":"https:\/\/www.safinel.fr\/de\/wp-json\/wp\/v2\/product"}],"about":[{"href":"https:\/\/www.safinel.fr\/de\/wp-json\/wp\/v2\/types\/product"}],"wp:featuredmedia":[{"embeddable":true,"href":"https:\/\/www.safinel.fr\/de\/wp-json\/wp\/v2\/media\/3931"}],"wp:attachment":[{"href":"https:\/\/www.safinel.fr\/de\/wp-json\/wp\/v2\/media?parent=3930"}],"wp:term":[{"taxonomy":"product_brand","embeddable":true,"href":"https:\/\/www.safinel.fr\/de\/wp-json\/wp\/v2\/product_brand?post=3930"},{"taxonomy":"product_cat","embeddable":true,"href":"https:\/\/www.safinel.fr\/de\/wp-json\/wp\/v2\/product_cat?post=3930"},{"taxonomy":"product_tag","embeddable":true,"href":"https:\/\/www.safinel.fr\/de\/wp-json\/wp\/v2\/product_tag?post=3930"}],"curies":[{"name":"wp","href":"https:\/\/api.w.org\/{rel}","templated":true}]}}