{"id":3771,"date":"2022-12-07T17:33:58","date_gmt":"2022-12-07T17:33:58","guid":{"rendered":"https:\/\/www.safinel.fr\/?post_type=product&#038;p=3771"},"modified":"2024-11-25T20:45:39","modified_gmt":"2024-11-25T20:45:39","slug":"zitterpappel","status":"publish","type":"product","link":"https:\/\/www.safinel.fr\/de\/product-2\/zitterpappel\/","title":{"rendered":"Tremella in Spindelform (\u94f6\u6728\u8033) 100g"},"content":{"rendered":"<p>Die spindelf\u00f6rmige Tremella ist ein\u00a0<strong>Pilz<\/strong>\u00a0verwendet in der\u00a0<strong>asiatische K\u00fcche<\/strong>, aber nicht nur das. Die Vorteile, die es f\u00fcr die Haut hat, machen es zu einem Star unter den Frauen, die sich um sich selbst k\u00fcmmern wollen. Es ist eine 2-in-1-Zutat, die Ihren Gaumen verw\u00f6hnt und gleichzeitig Ihre Haut pflegt.<\/p>\n<h2><strong>Die spindelf\u00f6rmige Tremella: eine Zutat der asiatischen K\u00fcche<\/strong><\/h2>\n<p>Dieser Pilz w\u00e4chst in Asien in B\u00fcscheln auf den St\u00e4mmen lebender oder toter B\u00e4ume. Er ist cremewei\u00df und durchscheinend. Er wird auch als wei\u00dfer Pilz bezeichnet. Er ist genie\u00dfbar und wird besonders gerne in\u00a0<strong>Suppen<\/strong>, Die\u00a0<strong>Salate\u00a0<\/strong>und die\u00a0<strong>entremets\u00a0<\/strong>chinesischen und japanischen K\u00fcche. Aber auch in der chinesischen Pharmakop\u00f6e wird es wegen seiner zahlreichen positiven Wirkungen auf den K\u00f6rper verwendet. Um sich selbst zu heilen, ist es \u00fcblich, es in einem leckeren Rezept zuzubereiten. Es ist ein Nahrungsmittel, das sch\u00f6n macht und gut tut.<\/p>\n<h2><strong>Eine Verlangsamung der Hautalterung<\/strong><\/h2>\n<p>Seine Wirkstoffe, insbesondere Antioxidantien, wirken auf die Zellen und verz\u00f6gern deren Ver\u00e4nderung wie die\u00a0<a href=\"https:\/\/www.safinel.fr\/de\/product-2\/karite-schlagsahne\/\"><strong>Karit\u00e9-Schlagsahne<\/strong><\/a>. Diese Wirkung wird sich positiv auf die Epidermis auswirken, aber auch auf das Gehirn auf der Ebene der Neuronen. Ein weiterer Vorteil ist seine F\u00e4higkeit, Husten zu lindern, wie z. B.\u00a0<a href=\"https:\/\/www.safinel.fr\/de\/product-2\/daghmous-honig\/\"><strong>Daghmous-Honig aus Marokko<\/strong><\/a>.  Und: Um \u00fcberzeugende Ergebnisse zu erzielen, sollten Sie t\u00e4glich etwa 10 Gramm zu sich nehmen.<\/p>\n<h3><strong>Unser s\u00fc\u00dfes Rezept f\u00fcr gespindeltes Tremella\u00a0<\/strong><\/h3>\n<p>Sie ben\u00f6tigen:<\/p>\n<ul>\n<li>40 Gramm Pilze<\/li>\n<li>10\u00a0<strong>getrocknete Jujuben<\/strong><\/li>\n<li>10 Gramm Gojibeeren<\/li>\n<\/ul>\n<p>Lassen Sie die Tremellas 4 Stunden in Wasser einweichen. Wenn sie gequollen und durchscheinend sind, nehmen Sie sie aus dem Beh\u00e4lter. Schneiden Sie sie grob und achten Sie darauf, den gelben Teil der Wurzel zu entfernen. Sp\u00fclen Sie sie ab, bevor Sie sie p\u00fcrieren. Dann alles in einen Topf geben und mit 1 Liter Wasser bis zum Siedepunkt erhitzen. Dann lassen Sie es 30 Minuten auf kleiner Flamme k\u00f6cheln, bevor Sie die\u00a0<strong>Jujuben\u00a0<\/strong>und Gojibeeren. R\u00fchren Sie um und s\u00fc\u00dfen Sie nach Belieben. Jetzt nur noch genie\u00dfen!<\/p>","protected":false},"excerpt":{"rendered":"<p>La tr\u00e9melle en fuseau est un\u00a0champignon\u00a0utilis\u00e9 dans la\u00a0cuisine asiatique, mais pas que. En effet, ses bienfaits sur la peau en font une star chez les femmes qui veulent prendre soin d\u2019elles. En fait c\u2019est un ingr\u00e9dient 2 en 1. Il ravira vos papilles et prendra soin de vous\u00a0en m\u00eame temps. La tr\u00e9melle en fuseau\u00a0: un [&#8230;]","protected":false},"featured_media":3772,"template":"","meta":[],"product_brand":[],"product_cat":[108],"product_tag":[],"class_list":{"0":"post-3771","1":"product","2":"type-product","3":"status-publish","4":"has-post-thumbnail","6":"product_cat-plantes-asiatiques","8":"first","9":"outofstock","10":"shipping-taxable","11":"purchasable","12":"product-type-simple"},"yoast_head":"<!-- This site is optimized with the Yoast SEO plugin v26.6 - https:\/\/yoast.com\/wordpress\/plugins\/seo\/ -->\n<title>Tr\u00e9melle en fuseau I Champignon aux bienfaits nombreux<\/title>\n<meta name=\"description\" content=\"La tr\u00e9melle en fuseau est un\u00a0champignon\u00a0utilis\u00e9 dans la\u00a0cuisine asiatique, mais pas que. D\u00e9couvrez ses nombreux bienfaits rapidement !\" \/>\n<meta name=\"robots\" content=\"index, follow, max-snippet:-1, max-image-preview:large, max-video-preview:-1\" \/>\n<link rel=\"canonical\" href=\"https:\/\/www.safinel.fr\/de\/product-2\/zitterpappel\/\" \/>\n<meta property=\"og:locale\" content=\"de_DE\" \/>\n<meta property=\"og:type\" content=\"article\" \/>\n<meta property=\"og:title\" content=\"Tr\u00e9melle en fuseau I Champignon aux bienfaits nombreux\" \/>\n<meta property=\"og:description\" content=\"La tr\u00e9melle en fuseau est un\u00a0champignon\u00a0utilis\u00e9 dans la\u00a0cuisine asiatique, mais pas que. D\u00e9couvrez ses nombreux bienfaits rapidement !\" \/>\n<meta property=\"og:url\" content=\"https:\/\/www.safinel.fr\/de\/product-2\/zitterpappel\/\" \/>\n<meta property=\"og:site_name\" content=\"Safinel\" \/>\n<meta property=\"article:modified_time\" content=\"2024-11-25T20:45:39+00:00\" \/>\n<meta property=\"og:image\" content=\"https:\/\/www.safinel.fr\/wp-content\/uploads\/2022\/12\/Yin-mu-er-Tremelle-en-fuseau-site.jpg\" \/>\n\t<meta property=\"og:image:width\" content=\"600\" \/>\n\t<meta property=\"og:image:height\" content=\"594\" \/>\n\t<meta property=\"og:image:type\" content=\"image\/jpeg\" \/>\n<meta name=\"twitter:card\" content=\"summary_large_image\" \/>\n<meta name=\"twitter:label1\" content=\"Gesch\u00e4tzte Lesezeit\" \/>\n\t<meta name=\"twitter:data1\" content=\"2\u00a0Minuten\" \/>\n<script type=\"application\/ld+json\" class=\"yoast-schema-graph\">{\"@context\":\"https:\/\/schema.org\",\"@graph\":[{\"@type\":\"WebPage\",\"@id\":\"https:\/\/www.safinel.fr\/produit\/tremelle-en-fuseau\/\",\"url\":\"https:\/\/www.safinel.fr\/produit\/tremelle-en-fuseau\/\",\"name\":\"Tr\u00e9melle en fuseau I Champignon aux bienfaits nombreux\",\"isPartOf\":{\"@id\":\"https:\/\/www.safinel.fr\/#website\"},\"primaryImageOfPage\":{\"@id\":\"https:\/\/www.safinel.fr\/produit\/tremelle-en-fuseau\/#primaryimage\"},\"image\":{\"@id\":\"https:\/\/www.safinel.fr\/produit\/tremelle-en-fuseau\/#primaryimage\"},\"thumbnailUrl\":\"https:\/\/www.safinel.fr\/wp-content\/uploads\/2022\/12\/Yin-mu-er-Tremelle-en-fuseau-site.jpg\",\"datePublished\":\"2022-12-07T17:33:58+00:00\",\"dateModified\":\"2024-11-25T20:45:39+00:00\",\"description\":\"La tr\u00e9melle en fuseau est un\u00a0champignon\u00a0utilis\u00e9 dans la\u00a0cuisine asiatique, mais pas que. D\u00e9couvrez ses nombreux bienfaits rapidement !\",\"breadcrumb\":{\"@id\":\"https:\/\/www.safinel.fr\/produit\/tremelle-en-fuseau\/#breadcrumb\"},\"inLanguage\":\"de\",\"potentialAction\":[{\"@type\":\"ReadAction\",\"target\":[\"https:\/\/www.safinel.fr\/produit\/tremelle-en-fuseau\/\"]}]},{\"@type\":\"ImageObject\",\"inLanguage\":\"de\",\"@id\":\"https:\/\/www.safinel.fr\/produit\/tremelle-en-fuseau\/#primaryimage\",\"url\":\"https:\/\/www.safinel.fr\/wp-content\/uploads\/2022\/12\/Yin-mu-er-Tremelle-en-fuseau-site.jpg\",\"contentUrl\":\"https:\/\/www.safinel.fr\/wp-content\/uploads\/2022\/12\/Yin-mu-er-Tremelle-en-fuseau-site.jpg\",\"width\":600,\"height\":594,\"caption\":\"Tr\u00e9melle en fuseau (\u94f6\u6728\u8033) 100g\"},{\"@type\":\"BreadcrumbList\",\"@id\":\"https:\/\/www.safinel.fr\/produit\/tremelle-en-fuseau\/#breadcrumb\",\"itemListElement\":[{\"@type\":\"ListItem\",\"position\":1,\"name\":\"Accueil\",\"item\":\"https:\/\/www.safinel.fr\/\"},{\"@type\":\"ListItem\",\"position\":2,\"name\":\"Boutique\",\"item\":\"https:\/\/www.safinel.fr\/boutique\/\"},{\"@type\":\"ListItem\",\"position\":3,\"name\":\"Tr\u00e9melle en fuseau (\u94f6\u6728\u8033) 100g\"}]},{\"@type\":\"WebSite\",\"@id\":\"https:\/\/www.safinel.fr\/#website\",\"url\":\"https:\/\/www.safinel.fr\/\",\"name\":\"Safinel\",\"description\":\"\",\"publisher\":{\"@id\":\"https:\/\/www.safinel.fr\/#organization\"},\"potentialAction\":[{\"@type\":\"SearchAction\",\"target\":{\"@type\":\"EntryPoint\",\"urlTemplate\":\"https:\/\/www.safinel.fr\/?s={search_term_string}\"},\"query-input\":{\"@type\":\"PropertyValueSpecification\",\"valueRequired\":true,\"valueName\":\"search_term_string\"}}],\"inLanguage\":\"de\"},{\"@type\":\"Organization\",\"@id\":\"https:\/\/www.safinel.fr\/#organization\",\"name\":\"Safinel\",\"url\":\"https:\/\/www.safinel.fr\/\",\"logo\":{\"@type\":\"ImageObject\",\"inLanguage\":\"de\",\"@id\":\"https:\/\/www.safinel.fr\/#\/schema\/logo\/image\/\",\"url\":\"https:\/\/www.safinel.fr\/wp-content\/uploads\/2021\/05\/boutique-cosmetique.png\",\"contentUrl\":\"https:\/\/www.safinel.fr\/wp-content\/uploads\/2021\/05\/boutique-cosmetique.png\",\"width\":800,\"height\":200,\"caption\":\"Safinel\"},\"image\":{\"@id\":\"https:\/\/www.safinel.fr\/#\/schema\/logo\/image\/\"}}]}<\/script>\n<!-- \/ Yoast SEO plugin. -->","yoast_head_json":{"title":"Tamariske in Spindelform I Pilz mit vielen Vorteilen","description":"Der Spindelige Tremulus ist ein Pilz, der in der asiatischen K\u00fcche verwendet wird, aber nicht nur dort. Entdecken Sie schnell seine zahlreichen Vorteile!","robots":{"index":"index","follow":"follow","max-snippet":"max-snippet:-1","max-image-preview":"max-image-preview:large","max-video-preview":"max-video-preview:-1"},"canonical":"https:\/\/www.safinel.fr\/de\/product-2\/zitterpappel\/","og_locale":"de_DE","og_type":"article","og_title":"Tr\u00e9melle en fuseau I Champignon aux bienfaits nombreux","og_description":"La tr\u00e9melle en fuseau est un\u00a0champignon\u00a0utilis\u00e9 dans la\u00a0cuisine asiatique, mais pas que. D\u00e9couvrez ses nombreux bienfaits rapidement !","og_url":"https:\/\/www.safinel.fr\/de\/product-2\/zitterpappel\/","og_site_name":"Safinel","article_modified_time":"2024-11-25T20:45:39+00:00","og_image":[{"width":600,"height":594,"url":"https:\/\/www.safinel.fr\/wp-content\/uploads\/2022\/12\/Yin-mu-er-Tremelle-en-fuseau-site.jpg","type":"image\/jpeg"}],"twitter_card":"summary_large_image","twitter_misc":{"Gesch\u00e4tzte Lesezeit":"2\u00a0Minuten"},"schema":{"@context":"https:\/\/schema.org","@graph":[{"@type":"WebPage","@id":"https:\/\/www.safinel.fr\/produit\/tremelle-en-fuseau\/","url":"https:\/\/www.safinel.fr\/produit\/tremelle-en-fuseau\/","name":"Tamariske in Spindelform I Pilz mit vielen Vorteilen","isPartOf":{"@id":"https:\/\/www.safinel.fr\/#website"},"primaryImageOfPage":{"@id":"https:\/\/www.safinel.fr\/produit\/tremelle-en-fuseau\/#primaryimage"},"image":{"@id":"https:\/\/www.safinel.fr\/produit\/tremelle-en-fuseau\/#primaryimage"},"thumbnailUrl":"https:\/\/www.safinel.fr\/wp-content\/uploads\/2022\/12\/Yin-mu-er-Tremelle-en-fuseau-site.jpg","datePublished":"2022-12-07T17:33:58+00:00","dateModified":"2024-11-25T20:45:39+00:00","description":"Der Spindelige Tremulus ist ein Pilz, der in der asiatischen K\u00fcche verwendet wird, aber nicht nur dort. Entdecken Sie schnell seine zahlreichen Vorteile!","breadcrumb":{"@id":"https:\/\/www.safinel.fr\/produit\/tremelle-en-fuseau\/#breadcrumb"},"inLanguage":"de","potentialAction":[{"@type":"ReadAction","target":["https:\/\/www.safinel.fr\/produit\/tremelle-en-fuseau\/"]}]},{"@type":"ImageObject","inLanguage":"de","@id":"https:\/\/www.safinel.fr\/produit\/tremelle-en-fuseau\/#primaryimage","url":"https:\/\/www.safinel.fr\/wp-content\/uploads\/2022\/12\/Yin-mu-er-Tremelle-en-fuseau-site.jpg","contentUrl":"https:\/\/www.safinel.fr\/wp-content\/uploads\/2022\/12\/Yin-mu-er-Tremelle-en-fuseau-site.jpg","width":600,"height":594,"caption":"Tr\u00e9melle en fuseau (\u94f6\u6728\u8033) 100g"},{"@type":"BreadcrumbList","@id":"https:\/\/www.safinel.fr\/produit\/tremelle-en-fuseau\/#breadcrumb","itemListElement":[{"@type":"ListItem","position":1,"name":"Accueil","item":"https:\/\/www.safinel.fr\/"},{"@type":"ListItem","position":2,"name":"Boutique","item":"https:\/\/www.safinel.fr\/boutique\/"},{"@type":"ListItem","position":3,"name":"Tr\u00e9melle en fuseau (\u94f6\u6728\u8033) 100g"}]},{"@type":"WebSite","@id":"https:\/\/www.safinel.fr\/#website","url":"https:\/\/www.safinel.fr\/","name":"Safinel","description":"","publisher":{"@id":"https:\/\/www.safinel.fr\/#organization"},"potentialAction":[{"@type":"SearchAction","target":{"@type":"EntryPoint","urlTemplate":"https:\/\/www.safinel.fr\/?s={search_term_string}"},"query-input":{"@type":"PropertyValueSpecification","valueRequired":true,"valueName":"search_term_string"}}],"inLanguage":"de"},{"@type":"Organization","@id":"https:\/\/www.safinel.fr\/#organization","name":"Safinel","url":"https:\/\/www.safinel.fr\/","logo":{"@type":"ImageObject","inLanguage":"de","@id":"https:\/\/www.safinel.fr\/#\/schema\/logo\/image\/","url":"https:\/\/www.safinel.fr\/wp-content\/uploads\/2021\/05\/boutique-cosmetique.png","contentUrl":"https:\/\/www.safinel.fr\/wp-content\/uploads\/2021\/05\/boutique-cosmetique.png","width":800,"height":200,"caption":"Safinel"},"image":{"@id":"https:\/\/www.safinel.fr\/#\/schema\/logo\/image\/"}}]}},"_links":{"self":[{"href":"https:\/\/www.safinel.fr\/de\/wp-json\/wp\/v2\/product\/3771","targetHints":{"allow":["GET"]}}],"collection":[{"href":"https:\/\/www.safinel.fr\/de\/wp-json\/wp\/v2\/product"}],"about":[{"href":"https:\/\/www.safinel.fr\/de\/wp-json\/wp\/v2\/types\/product"}],"wp:featuredmedia":[{"embeddable":true,"href":"https:\/\/www.safinel.fr\/de\/wp-json\/wp\/v2\/media\/3772"}],"wp:attachment":[{"href":"https:\/\/www.safinel.fr\/de\/wp-json\/wp\/v2\/media?parent=3771"}],"wp:term":[{"taxonomy":"product_brand","embeddable":true,"href":"https:\/\/www.safinel.fr\/de\/wp-json\/wp\/v2\/product_brand?post=3771"},{"taxonomy":"product_cat","embeddable":true,"href":"https:\/\/www.safinel.fr\/de\/wp-json\/wp\/v2\/product_cat?post=3771"},{"taxonomy":"product_tag","embeddable":true,"href":"https:\/\/www.safinel.fr\/de\/wp-json\/wp\/v2\/product_tag?post=3771"}],"curies":[{"name":"wp","href":"https:\/\/api.w.org\/{rel}","templated":true}]}}