{"id":3764,"date":"2022-12-07T17:01:17","date_gmt":"2022-12-07T17:01:17","guid":{"rendered":"https:\/\/www.safinel.fr\/?post_type=product&#038;p=3764"},"modified":"2025-01-21T08:51:31","modified_gmt":"2025-01-21T08:51:31","slug":"yokebe-zapfchen","status":"publish","type":"product","link":"https:\/\/www.safinel.fr\/de\/product-2\/yokebe-zapfchen\/","title":{"rendered":"Z\u00e4pfchen Yokebe"},"content":{"rendered":"<p>Einen haben\u00a0<strong>sch\u00f6ner Po<\/strong>\u00a0ist nicht jedermanns Sache. Es gibt einen gro\u00dfen Anteil an Genetik, aber auch viel Sport und die richtige Ern\u00e4hrung. Die\u00a0<strong>Yokebe-Z\u00e4pfchen\u00a0<\/strong>wurden mit dem Ziel formuliert, einen volumin\u00f6seren Po und eine unwiderstehliche Silhouette zu erreichen.<\/p>\n<p>Entdecken Sie sie gleich in Ihrem<strong>\u00a0Wellness-Shop<\/strong>\u00a0Safinel.<\/p>\n<h2><strong>Was sind Yokebe Dicker Po Z\u00e4pfchen?\u00a0<\/strong><\/h2>\n<p>Diese\u00a0<strong>Kosmetik<\/strong>\u00a0100% Thai ist nur f\u00fcr Erwachsene geeignet, die sich einen sch\u00f6neren Po w\u00fcnschen. Diese Z\u00e4pfchen sollen den Umfang der H\u00fcften und des Pos vergr\u00f6\u00dfern, und das alles ohne Sport oder spezielle Di\u00e4ten.<\/p>\n<p>Dieses Produkt enth\u00e4lt :<\/p>\n<ul>\n<li>Ein Extrakt aus nat\u00fcrlichen Pflanzen und \u00e4therischen \u00d6len<\/li>\n<li>Mischungen aus verschiedenen nat\u00fcrlichen Kr\u00e4utern<\/li>\n<\/ul>\n<p>Enth\u00e4lt 15 Z\u00e4pfchen, ohne chemische Behandlung.<\/p>\n<h2><strong>Wie verwendet man Yokebe-Z\u00e4pfchen?<\/strong><\/h2>\n<p>Es ist ratsam, diesen\u00a0<strong>Yokebe-Ger\u00e4t\u00a0<\/strong>als einmonatige Kur, um ein optimales Ergebnis zu erzielen. Dazu morgens und abends ein Suppo rektal anwenden, wobei die Plastiklasche vorher entfernt werden muss.<\/p>\n<p>Vor und nach dem Gebrauch endlich die H\u00e4nde waschen.<\/p>\n<p>Dar\u00fcber hinaus empfehlen wir Ihnen, auch\u00a0<a href=\"https:\/\/www.safinel.fr\/de\/product-2\/yokebe\/\"><strong>das Yokebe-\u00d6l<\/strong><\/a>\u00a0aus demselben Bereich, um hoffentlich bessere Ergebnisse zu erzielen.<\/p>\n<p>Da Sport eine gro\u00dfe Hilfe ist, empfehlen wir Ihnen, Krafttraining zu betreiben. Wenn Sie Ihre Beine und Ges\u00e4\u00dfmuskeln trainieren, z. B. durch Kniebeugen, k\u00f6nnen Sie ein gutes Ergebnis erzielen.<\/p>\n<p>Entdecken Sie auch: die\u00a0<a href=\"https:\/\/www.safinel.fr\/de\/product-2\/creme-zur-vergroserung-von-brust-und-gesas\/\"><strong>Creme zur Vergr\u00f6\u00dferung von Brust und Ges\u00e4\u00df<\/strong><\/a>. Eine geschickte Mischung aus verschiedenen pflanzlichen \u00d6len und Buttersorten, die auch als Massagecreme verwendet werden kann.<\/p>\n<p>Achten Sie darauf, dass Sie die Gebrauchsanweisung in der Produktverpackung sorgf\u00e4ltig befolgen.<\/p>\n<h3><strong>Vorsichtsma\u00dfnahmen\u00a0<\/strong><\/h3>\n<p>Bitte beachten Sie, dass es sich bei diesem Produkt nicht um ein medizinisches Ger\u00e4t handelt. Bitte konsultieren Sie Ihren Arzt, bevor Sie eine Kur beginnen.<\/p>\n<p>Im K\u00fchlschrank aufbewahren.<\/p>\n<p>Nur f\u00fcr Erwachsene.<\/p>\n<p>Schwangeren und stillenden Frauen wird von der Einnahme abgeraten.<\/p>","protected":false},"excerpt":{"rendered":"<p>Nicht jeder hat das Gl\u00fcck, einen sch\u00f6nen Po zu haben. Das liegt zum gro\u00dfen Teil an den Genen, aber auch an viel Sport und einer ausgewogenen Ern\u00e4hrung. Die Yokebe-Z\u00e4pfchen wurden entwickelt, um ein gr\u00f6\u00dferes Ges\u00e4\u00df und eine unwiderstehliche Silhouette zu erzielen. Entdecken Sie sie jetzt in Ihrem Safinel-Wellness-Shop. Was ist [\u2026]","protected":false},"featured_media":3765,"template":"","meta":[],"product_brand":[],"product_cat":[28,23],"product_tag":[],"class_list":{"0":"post-3764","1":"product","2":"type-product","3":"status-publish","4":"has-post-thumbnail","6":"product_cat-divers","7":"product_cat-hygiene-feminine","9":"first","10":"outofstock","11":"shipping-taxable","12":"purchasable","13":"product-type-simple"},"yoast_head":"<!-- This site is optimized with the Yoast SEO plugin v26.6 - https:\/\/yoast.com\/wordpress\/plugins\/seo\/ -->\n<title>Suppositoires Yokebe I Id\u00e9al pour faire grossir les fesses<\/title>\n<meta name=\"description\" content=\"Les\u00a0suppositoires Yokebe\u00a0ont \u00e9t\u00e9 formul\u00e9s dans l\u2019objectif d\u2019obtenir des fesses plus volumineuses et une silhouette irr\u00e9sistible.\" \/>\n<meta name=\"robots\" content=\"index, follow, max-snippet:-1, max-image-preview:large, max-video-preview:-1\" \/>\n<link rel=\"canonical\" href=\"https:\/\/www.safinel.fr\/de\/product-2\/yokebe-zapfchen\/\" \/>\n<meta property=\"og:locale\" content=\"de_DE\" \/>\n<meta property=\"og:type\" content=\"article\" \/>\n<meta property=\"og:title\" content=\"Suppositoires Yokebe I Id\u00e9al pour faire grossir les fesses\" \/>\n<meta property=\"og:description\" content=\"Les\u00a0suppositoires Yokebe\u00a0ont \u00e9t\u00e9 formul\u00e9s dans l\u2019objectif d\u2019obtenir des fesses plus volumineuses et une silhouette irr\u00e9sistible.\" \/>\n<meta property=\"og:url\" content=\"https:\/\/www.safinel.fr\/de\/product-2\/yokebe-zapfchen\/\" \/>\n<meta property=\"og:site_name\" content=\"Safinel\" \/>\n<meta property=\"article:modified_time\" content=\"2025-01-21T08:51:31+00:00\" \/>\n<meta property=\"og:image\" content=\"https:\/\/www.safinel.fr\/wp-content\/uploads\/2022\/12\/yokobe-supo.jpg\" \/>\n\t<meta property=\"og:image:width\" content=\"479\" \/>\n\t<meta property=\"og:image:height\" content=\"600\" \/>\n\t<meta property=\"og:image:type\" content=\"image\/jpeg\" \/>\n<meta name=\"twitter:card\" content=\"summary_large_image\" \/>\n<meta name=\"twitter:label1\" content=\"Gesch\u00e4tzte Lesezeit\" \/>\n\t<meta name=\"twitter:data1\" content=\"2\u00a0Minuten\" \/>\n<script type=\"application\/ld+json\" class=\"yoast-schema-graph\">{\"@context\":\"https:\/\/schema.org\",\"@graph\":[{\"@type\":\"WebPage\",\"@id\":\"https:\/\/www.safinel.fr\/produit\/suppositoires-yokebe\/\",\"url\":\"https:\/\/www.safinel.fr\/produit\/suppositoires-yokebe\/\",\"name\":\"Suppositoires Yokebe I Id\u00e9al pour faire grossir les fesses\",\"isPartOf\":{\"@id\":\"https:\/\/www.safinel.fr\/#website\"},\"primaryImageOfPage\":{\"@id\":\"https:\/\/www.safinel.fr\/produit\/suppositoires-yokebe\/#primaryimage\"},\"image\":{\"@id\":\"https:\/\/www.safinel.fr\/produit\/suppositoires-yokebe\/#primaryimage\"},\"thumbnailUrl\":\"https:\/\/www.safinel.fr\/wp-content\/uploads\/2022\/12\/yokobe-supo.jpg\",\"datePublished\":\"2022-12-07T17:01:17+00:00\",\"dateModified\":\"2025-01-21T08:51:31+00:00\",\"description\":\"Les\u00a0suppositoires Yokebe\u00a0ont \u00e9t\u00e9 formul\u00e9s dans l\u2019objectif d\u2019obtenir des fesses plus volumineuses et une silhouette irr\u00e9sistible.\",\"breadcrumb\":{\"@id\":\"https:\/\/www.safinel.fr\/produit\/suppositoires-yokebe\/#breadcrumb\"},\"inLanguage\":\"de\",\"potentialAction\":[{\"@type\":\"ReadAction\",\"target\":[\"https:\/\/www.safinel.fr\/produit\/suppositoires-yokebe\/\"]}]},{\"@type\":\"ImageObject\",\"inLanguage\":\"de\",\"@id\":\"https:\/\/www.safinel.fr\/produit\/suppositoires-yokebe\/#primaryimage\",\"url\":\"https:\/\/www.safinel.fr\/wp-content\/uploads\/2022\/12\/yokobe-supo.jpg\",\"contentUrl\":\"https:\/\/www.safinel.fr\/wp-content\/uploads\/2022\/12\/yokobe-supo.jpg\",\"width\":479,\"height\":600,\"caption\":\"Suppositoires Yokebe par 12\"},{\"@type\":\"BreadcrumbList\",\"@id\":\"https:\/\/www.safinel.fr\/produit\/suppositoires-yokebe\/#breadcrumb\",\"itemListElement\":[{\"@type\":\"ListItem\",\"position\":1,\"name\":\"Accueil\",\"item\":\"https:\/\/www.safinel.fr\/\"},{\"@type\":\"ListItem\",\"position\":2,\"name\":\"Boutique\",\"item\":\"https:\/\/www.safinel.fr\/boutique\/\"},{\"@type\":\"ListItem\",\"position\":3,\"name\":\"Suppositoires Yokebe\"}]},{\"@type\":\"WebSite\",\"@id\":\"https:\/\/www.safinel.fr\/#website\",\"url\":\"https:\/\/www.safinel.fr\/\",\"name\":\"Safinel\",\"description\":\"\",\"publisher\":{\"@id\":\"https:\/\/www.safinel.fr\/#organization\"},\"potentialAction\":[{\"@type\":\"SearchAction\",\"target\":{\"@type\":\"EntryPoint\",\"urlTemplate\":\"https:\/\/www.safinel.fr\/?s={search_term_string}\"},\"query-input\":{\"@type\":\"PropertyValueSpecification\",\"valueRequired\":true,\"valueName\":\"search_term_string\"}}],\"inLanguage\":\"de\"},{\"@type\":\"Organization\",\"@id\":\"https:\/\/www.safinel.fr\/#organization\",\"name\":\"Safinel\",\"url\":\"https:\/\/www.safinel.fr\/\",\"logo\":{\"@type\":\"ImageObject\",\"inLanguage\":\"de\",\"@id\":\"https:\/\/www.safinel.fr\/#\/schema\/logo\/image\/\",\"url\":\"https:\/\/www.safinel.fr\/wp-content\/uploads\/2021\/05\/boutique-cosmetique.png\",\"contentUrl\":\"https:\/\/www.safinel.fr\/wp-content\/uploads\/2021\/05\/boutique-cosmetique.png\",\"width\":800,\"height\":200,\"caption\":\"Safinel\"},\"image\":{\"@id\":\"https:\/\/www.safinel.fr\/#\/schema\/logo\/image\/\"}}]}<\/script>\n<!-- \/ Yoast SEO plugin. -->","yoast_head_json":{"title":"Z\u00e4pfchen Yokebe I Ideal, um den Po dicker zu machen","description":"Die Yokebe-Z\u00e4pfchen wurden mit dem Ziel formuliert, einen volumin\u00f6seren Po und eine unwiderstehliche Silhouette zu erreichen.","robots":{"index":"index","follow":"follow","max-snippet":"max-snippet:-1","max-image-preview":"max-image-preview:large","max-video-preview":"max-video-preview:-1"},"canonical":"https:\/\/www.safinel.fr\/de\/product-2\/yokebe-zapfchen\/","og_locale":"de_DE","og_type":"article","og_title":"Suppositoires Yokebe I Id\u00e9al pour faire grossir les fesses","og_description":"Les\u00a0suppositoires Yokebe\u00a0ont \u00e9t\u00e9 formul\u00e9s dans l\u2019objectif d\u2019obtenir des fesses plus volumineuses et une silhouette irr\u00e9sistible.","og_url":"https:\/\/www.safinel.fr\/de\/product-2\/yokebe-zapfchen\/","og_site_name":"Safinel","article_modified_time":"2025-01-21T08:51:31+00:00","og_image":[{"width":479,"height":600,"url":"https:\/\/www.safinel.fr\/wp-content\/uploads\/2022\/12\/yokobe-supo.jpg","type":"image\/jpeg"}],"twitter_card":"summary_large_image","twitter_misc":{"Gesch\u00e4tzte Lesezeit":"2\u00a0Minuten"},"schema":{"@context":"https:\/\/schema.org","@graph":[{"@type":"WebPage","@id":"https:\/\/www.safinel.fr\/produit\/suppositoires-yokebe\/","url":"https:\/\/www.safinel.fr\/produit\/suppositoires-yokebe\/","name":"Z\u00e4pfchen Yokebe I Ideal, um den Po dicker zu machen","isPartOf":{"@id":"https:\/\/www.safinel.fr\/#website"},"primaryImageOfPage":{"@id":"https:\/\/www.safinel.fr\/produit\/suppositoires-yokebe\/#primaryimage"},"image":{"@id":"https:\/\/www.safinel.fr\/produit\/suppositoires-yokebe\/#primaryimage"},"thumbnailUrl":"https:\/\/www.safinel.fr\/wp-content\/uploads\/2022\/12\/yokobe-supo.jpg","datePublished":"2022-12-07T17:01:17+00:00","dateModified":"2025-01-21T08:51:31+00:00","description":"Die Yokebe-Z\u00e4pfchen wurden mit dem Ziel formuliert, einen volumin\u00f6seren Po und eine unwiderstehliche Silhouette zu erreichen.","breadcrumb":{"@id":"https:\/\/www.safinel.fr\/produit\/suppositoires-yokebe\/#breadcrumb"},"inLanguage":"de","potentialAction":[{"@type":"ReadAction","target":["https:\/\/www.safinel.fr\/produit\/suppositoires-yokebe\/"]}]},{"@type":"ImageObject","inLanguage":"de","@id":"https:\/\/www.safinel.fr\/produit\/suppositoires-yokebe\/#primaryimage","url":"https:\/\/www.safinel.fr\/wp-content\/uploads\/2022\/12\/yokobe-supo.jpg","contentUrl":"https:\/\/www.safinel.fr\/wp-content\/uploads\/2022\/12\/yokobe-supo.jpg","width":479,"height":600,"caption":"Suppositoires Yokebe par 12"},{"@type":"BreadcrumbList","@id":"https:\/\/www.safinel.fr\/produit\/suppositoires-yokebe\/#breadcrumb","itemListElement":[{"@type":"ListItem","position":1,"name":"Accueil","item":"https:\/\/www.safinel.fr\/"},{"@type":"ListItem","position":2,"name":"Boutique","item":"https:\/\/www.safinel.fr\/boutique\/"},{"@type":"ListItem","position":3,"name":"Suppositoires Yokebe"}]},{"@type":"WebSite","@id":"https:\/\/www.safinel.fr\/#website","url":"https:\/\/www.safinel.fr\/","name":"Safinel","description":"","publisher":{"@id":"https:\/\/www.safinel.fr\/#organization"},"potentialAction":[{"@type":"SearchAction","target":{"@type":"EntryPoint","urlTemplate":"https:\/\/www.safinel.fr\/?s={search_term_string}"},"query-input":{"@type":"PropertyValueSpecification","valueRequired":true,"valueName":"search_term_string"}}],"inLanguage":"de"},{"@type":"Organization","@id":"https:\/\/www.safinel.fr\/#organization","name":"Safinel","url":"https:\/\/www.safinel.fr\/","logo":{"@type":"ImageObject","inLanguage":"de","@id":"https:\/\/www.safinel.fr\/#\/schema\/logo\/image\/","url":"https:\/\/www.safinel.fr\/wp-content\/uploads\/2021\/05\/boutique-cosmetique.png","contentUrl":"https:\/\/www.safinel.fr\/wp-content\/uploads\/2021\/05\/boutique-cosmetique.png","width":800,"height":200,"caption":"Safinel"},"image":{"@id":"https:\/\/www.safinel.fr\/#\/schema\/logo\/image\/"}}]}},"_links":{"self":[{"href":"https:\/\/www.safinel.fr\/de\/wp-json\/wp\/v2\/product\/3764","targetHints":{"allow":["GET"]}}],"collection":[{"href":"https:\/\/www.safinel.fr\/de\/wp-json\/wp\/v2\/product"}],"about":[{"href":"https:\/\/www.safinel.fr\/de\/wp-json\/wp\/v2\/types\/product"}],"wp:featuredmedia":[{"embeddable":true,"href":"https:\/\/www.safinel.fr\/de\/wp-json\/wp\/v2\/media\/3765"}],"wp:attachment":[{"href":"https:\/\/www.safinel.fr\/de\/wp-json\/wp\/v2\/media?parent=3764"}],"wp:term":[{"taxonomy":"product_brand","embeddable":true,"href":"https:\/\/www.safinel.fr\/de\/wp-json\/wp\/v2\/product_brand?post=3764"},{"taxonomy":"product_cat","embeddable":true,"href":"https:\/\/www.safinel.fr\/de\/wp-json\/wp\/v2\/product_cat?post=3764"},{"taxonomy":"product_tag","embeddable":true,"href":"https:\/\/www.safinel.fr\/de\/wp-json\/wp\/v2\/product_tag?post=3764"}],"curies":[{"name":"wp","href":"https:\/\/api.w.org\/{rel}","templated":true}]}}