{"id":3627,"date":"2022-11-25T20:56:10","date_gmt":"2022-11-25T20:56:10","guid":{"rendered":"https:\/\/www.safinel.fr\/?post_type=product&#038;p=3627"},"modified":"2023-12-28T17:15:41","modified_gmt":"2023-12-28T17:15:41","slug":"tongkat-ali","status":"publish","type":"product","link":"https:\/\/www.safinel.fr\/de\/product-2\/tongkat-ali\/","title":{"rendered":"Tongkat ali"},"content":{"rendered":"<p>Asien ist ein Kontinent mit vielf\u00e4ltigen und abwechslungsreichen Landschaften. Die hohen Berge, die von Umweltverschmutzung und anderen Sch\u00e4dlingen verschont geblieben sind, lassen Raum f\u00fcr bestimmte Pflanzen wie den\u00a0<strong>Tongkat ali\u00a0<\/strong>!<\/p>\n<p>Da sie von einem der Kontinente stammt, die am reichsten an Natursch\u00e4tzen sind, ist diese hier keine Ausnahme - ganz im Gegenteil.<\/p>\n<h2><strong>Auf Entdeckungsreise im Tongkat ali\u00a0<\/strong><\/h2>\n<p>Los geht's mit einer Reise nach Asien... Genauer gesagt nach Malaysia und Indonesien, wo man eine Pflanze namens Tongkat ali finden kann! Von ihrem botanischen Namen\u00a0<strong>Simaroubaceae<\/strong>, Die Pflanze ist nicht nur an ihren Bl\u00e4ttern erkennbar, sondern auch an ihrem schlanken Strauch, der bis zu 10 Meter hoch werden kann.  Die Pflanze ist in L\u00e4ndern wie Laos und Thailand wegen des g\u00fcnstigen Klimas zu finden.<\/p>\n<p>Je nachdem, in welcher Ecke der Welt Sie sich befinden, haben Sie jedoch die M\u00f6glichkeit, dass er mit mehreren verschiedenen Bezeichnungen in Verbindung gebracht wird.<strong>\u00a0Penawar pahit<\/strong>, bedara putih, bidara laut und viele andere. Die Definition, die sich aus diesen Bezeichnungen ergibt, ist die\u00a0<strong>bittere Medizin<\/strong>, Die meisten Sch\u00fclerinnen und Sch\u00fcler haben sich wegen ihres starken Geschmacks f\u00fcr die Schule entschieden.<\/p>\n<h2><strong>Safinel bietet Ihnen endlich den Tongkat ali als Lieferung in Deutschland an<\/strong><\/h2>\n<p>Ihr Naturkostladen freut sich, Sie mit Produkten aus der ganzen Welt auf Reisen schicken zu k\u00f6nnen! Heute auf der Tagesordnung: Tongkat ali france! Bei der Mehrheit nicht sehr bekannt, k\u00f6nnte es dennoch ein wesentlicher Bestandteil Ihres Alltags sein. Deshalb haben Sie die M\u00f6glichkeit, es in zwei verschiedenen Formen in unseren Gesch\u00e4ften zu finden.<\/p>\n<ul>\n<li>Als Pulver, in einem Beh\u00e4lter zu 100 g<\/li>\n<li>In Kapseln<\/li>\n<\/ul>\n<p>Wenn Sie die Aufl\u00f6sung bevorzugen, ist das Pulver wahrscheinlich das Richtige f\u00fcr Sie. F\u00fcr diejenigen, die eher Kapseln bevorzugen, ist das zweite Format besser geeignet.<\/p>\n<h2><strong>Die \u00fcberraschenden Vorteile von Tongkat ali\u00a0<\/strong><\/h2>\n<p>Diese Pflanze besitzt mehrere positive Eigenschaften. Eine Studie aus dem Jahr 2010 ergab, dass diese ber\u00fchmte\u00a0<strong>Schatz der Natur\u00a0<\/strong>wurde gegen verschiedene Beschwerden eingesetzt. Zum Beispiel als Antimalaria, Antipyretikum, Antidiabetikum, aber auch als Aphrodisiakum.<\/p>\n<p>Es stimmt, dass diese \u00fcberraschende Pflanze einige Vorz\u00fcge besitzt, um die Libido zu steigern. Bei h\u00e4ufiger Anwendung k\u00f6nnte sie Ihnen die vergessene Lust wiedergeben.<\/p>\n<p>Wenn auch Sie sich wieder mehr Lust w\u00fcnschen, dann k\u00f6nnte Tongkat ali Ihr Verb\u00fcndeter sein. Z\u00f6gern Sie nicht l\u00e4nger und geh\u00f6ren Sie zu denjenigen, die es wagen, sich auf die\u00a0<strong>Naturprodukte<\/strong>.<\/p>\n<h3><strong>Der Safinel Shop hat Geschmack und Sie auch...<\/strong><\/h3>\n<p>Wir wissen, wie wichtig Ihnen Qualit\u00e4tsprodukte sind. Deshalb hat Ihr auf die folgenden Produkte spezialisierter Shop\u00a0<strong>Naturartikel<\/strong>, In unserer Datenbank finden Sie eine sorgf\u00e4ltige Auswahl an Produkten, die Sie zufriedenstellen k\u00f6nnten.<\/p>\n<p>Au\u00dferdem wissen wir, was \u00c4sthetik in der Gesellschaft bedeutet... Aus diesem Grund sollten Sie, wenn Sie wissen m\u00f6chten, wie Sie einen dicken Po bekommen?<\/p>\n<p>Entdecken Sie die<strong>\u00a0<a href=\"https:\/\/www.safinel.fr\/de\/product-2\/yokebe-zapfchen\/\">Yokebe-Z\u00e4pfchen<\/a><\/strong>\u00a0! Diese sind Erwachsenen vorbehalten und n\u00fctzlich f\u00fcr das Aussehen eines dicken Hinterns. 100% nat\u00fcrlich, k\u00f6nnte es gut sein, dass sie zu Ihrem bevorzugten Naturprodukt werden! \u00dcbrigens haben Sie auch die M\u00f6glichkeit, sie in<strong>\u00a0Tabletten<\/strong>.<\/p>\n<p>Jetzt, da Sie mehr wissen, lernen Sie den Yokebe kennen und gewinnen Sie neues Selbstvertrauen!<\/p>","protected":false},"excerpt":{"rendered":"<p><img decoding=\"async\" class=\"size-full wp-image-5091 aligncenter\" src=\"https:\/\/www.safinel.fr\/wp-content\/uploads\/2021\/06\/BANNIERE-ICONE-SAFINEL.webp\" alt=\"Satines-R\u00fcckversicherung\" width=\"800\" height=\"200\" srcset=\"https:\/\/www.safinel.fr\/wp-content\/uploads\/2021\/06\/BANNIERE-ICONE-SAFINEL.webp 800w, https:\/\/www.safinel.fr\/wp-content\/uploads\/2021\/06\/BANNIERE-ICONE-SAFINEL-600x150.webp 600w, https:\/\/www.safinel.fr\/wp-content\/uploads\/2021\/06\/BANNIERE-ICONE-SAFINEL-768x192.webp 768w\" sizes=\"(max-width: 800px) 100vw, 800px\" \/><\/p>","protected":false},"featured_media":3630,"template":"","meta":[],"product_brand":[],"product_cat":[27],"product_tag":[],"class_list":{"0":"post-3627","1":"product","2":"type-product","3":"status-publish","4":"has-post-thumbnail","6":"product_cat-plantes-medicinales","8":"first","9":"instock","10":"shipping-taxable","11":"purchasable","12":"product-type-variable"},"yoast_head":"<!-- This site is optimized with the Yoast SEO plugin v26.6 - https:\/\/yoast.com\/wordpress\/plugins\/seo\/ -->\n<title>Tongkat ali Simaroubaceae I Poudres &amp; G\u00e9lules I Achat en France<\/title>\n<meta name=\"description\" content=\"C\u2019est parti pour une visite guid\u00e9e de l\u2019Asie\u2026 Plus particuli\u00e8rement de la Malaisie et de l\u2019Indon\u00e9sie o\u00f9 l\u2019on peut trouver une plante nomm\u00e9e Tongkat ali !\" \/>\n<meta name=\"robots\" content=\"index, follow, max-snippet:-1, max-image-preview:large, max-video-preview:-1\" \/>\n<link rel=\"canonical\" href=\"https:\/\/www.safinel.fr\/de\/product-2\/tongkat-ali\/\" \/>\n<meta property=\"og:locale\" content=\"de_DE\" \/>\n<meta property=\"og:type\" content=\"article\" \/>\n<meta property=\"og:title\" content=\"Tongkat ali Simaroubaceae I Poudres &amp; G\u00e9lules I Achat en France\" \/>\n<meta property=\"og:description\" content=\"C\u2019est parti pour une visite guid\u00e9e de l\u2019Asie\u2026 Plus particuli\u00e8rement de la Malaisie et de l\u2019Indon\u00e9sie o\u00f9 l\u2019on peut trouver une plante nomm\u00e9e Tongkat ali !\" \/>\n<meta property=\"og:url\" content=\"https:\/\/www.safinel.fr\/de\/product-2\/tongkat-ali\/\" \/>\n<meta property=\"og:site_name\" content=\"Safinel\" \/>\n<meta property=\"article:modified_time\" content=\"2023-12-28T17:15:41+00:00\" \/>\n<meta property=\"og:image\" content=\"https:\/\/www.safinel.fr\/wp-content\/uploads\/2022\/11\/tongkat-ali-en-poudres.jpg\" \/>\n\t<meta property=\"og:image:width\" content=\"600\" \/>\n\t<meta property=\"og:image:height\" content=\"600\" \/>\n\t<meta property=\"og:image:type\" content=\"image\/jpeg\" \/>\n<meta name=\"twitter:card\" content=\"summary_large_image\" \/>\n<meta name=\"twitter:label1\" content=\"Gesch\u00e4tzte Lesezeit\" \/>\n\t<meta name=\"twitter:data1\" content=\"3\u00a0Minuten\" \/>\n<script type=\"application\/ld+json\" class=\"yoast-schema-graph\">{\"@context\":\"https:\/\/schema.org\",\"@graph\":[{\"@type\":\"WebPage\",\"@id\":\"https:\/\/www.safinel.fr\/produit\/tongkat-ali\/\",\"url\":\"https:\/\/www.safinel.fr\/produit\/tongkat-ali\/\",\"name\":\"Tongkat ali Simaroubaceae I Poudres & G\u00e9lules I Achat en France\",\"isPartOf\":{\"@id\":\"https:\/\/www.safinel.fr\/#website\"},\"primaryImageOfPage\":{\"@id\":\"https:\/\/www.safinel.fr\/produit\/tongkat-ali\/#primaryimage\"},\"image\":{\"@id\":\"https:\/\/www.safinel.fr\/produit\/tongkat-ali\/#primaryimage\"},\"thumbnailUrl\":\"https:\/\/www.safinel.fr\/wp-content\/uploads\/2022\/11\/tongkat-ali-en-poudres.jpg\",\"datePublished\":\"2022-11-25T20:56:10+00:00\",\"dateModified\":\"2023-12-28T17:15:41+00:00\",\"description\":\"C\u2019est parti pour une visite guid\u00e9e de l\u2019Asie\u2026 Plus particuli\u00e8rement de la Malaisie et de l\u2019Indon\u00e9sie o\u00f9 l\u2019on peut trouver une plante nomm\u00e9e Tongkat ali !\",\"breadcrumb\":{\"@id\":\"https:\/\/www.safinel.fr\/produit\/tongkat-ali\/#breadcrumb\"},\"inLanguage\":\"de\",\"potentialAction\":[{\"@type\":\"ReadAction\",\"target\":[\"https:\/\/www.safinel.fr\/produit\/tongkat-ali\/\"]}]},{\"@type\":\"ImageObject\",\"inLanguage\":\"de\",\"@id\":\"https:\/\/www.safinel.fr\/produit\/tongkat-ali\/#primaryimage\",\"url\":\"https:\/\/www.safinel.fr\/wp-content\/uploads\/2022\/11\/tongkat-ali-en-poudres.jpg\",\"contentUrl\":\"https:\/\/www.safinel.fr\/wp-content\/uploads\/2022\/11\/tongkat-ali-en-poudres.jpg\",\"width\":600,\"height\":600,\"caption\":\"tongkat ali en poudres\"},{\"@type\":\"BreadcrumbList\",\"@id\":\"https:\/\/www.safinel.fr\/produit\/tongkat-ali\/#breadcrumb\",\"itemListElement\":[{\"@type\":\"ListItem\",\"position\":1,\"name\":\"Accueil\",\"item\":\"https:\/\/www.safinel.fr\/\"},{\"@type\":\"ListItem\",\"position\":2,\"name\":\"Boutique\",\"item\":\"https:\/\/www.safinel.fr\/boutique\/\"},{\"@type\":\"ListItem\",\"position\":3,\"name\":\"Tongkat ali\"}]},{\"@type\":\"WebSite\",\"@id\":\"https:\/\/www.safinel.fr\/#website\",\"url\":\"https:\/\/www.safinel.fr\/\",\"name\":\"Safinel\",\"description\":\"\",\"publisher\":{\"@id\":\"https:\/\/www.safinel.fr\/#organization\"},\"potentialAction\":[{\"@type\":\"SearchAction\",\"target\":{\"@type\":\"EntryPoint\",\"urlTemplate\":\"https:\/\/www.safinel.fr\/?s={search_term_string}\"},\"query-input\":{\"@type\":\"PropertyValueSpecification\",\"valueRequired\":true,\"valueName\":\"search_term_string\"}}],\"inLanguage\":\"de\"},{\"@type\":\"Organization\",\"@id\":\"https:\/\/www.safinel.fr\/#organization\",\"name\":\"Safinel\",\"url\":\"https:\/\/www.safinel.fr\/\",\"logo\":{\"@type\":\"ImageObject\",\"inLanguage\":\"de\",\"@id\":\"https:\/\/www.safinel.fr\/#\/schema\/logo\/image\/\",\"url\":\"https:\/\/www.safinel.fr\/wp-content\/uploads\/2021\/05\/boutique-cosmetique.png\",\"contentUrl\":\"https:\/\/www.safinel.fr\/wp-content\/uploads\/2021\/05\/boutique-cosmetique.png\",\"width\":800,\"height\":200,\"caption\":\"Safinel\"},\"image\":{\"@id\":\"https:\/\/www.safinel.fr\/#\/schema\/logo\/image\/\"}}]}<\/script>\n<!-- \/ Yoast SEO plugin. -->","yoast_head_json":{"title":"Tongkat ali Simaroubaceae I Pulver &amp; Kapseln I Kauf in Deutschland","description":"Auf geht's nach Asien ... Genauer gesagt nach Malaysia und Indonesien, wo man eine Pflanze namens Tongkat ali finden kann!","robots":{"index":"index","follow":"follow","max-snippet":"max-snippet:-1","max-image-preview":"max-image-preview:large","max-video-preview":"max-video-preview:-1"},"canonical":"https:\/\/www.safinel.fr\/de\/product-2\/tongkat-ali\/","og_locale":"de_DE","og_type":"article","og_title":"Tongkat ali Simaroubaceae I Poudres & G\u00e9lules I Achat en France","og_description":"C\u2019est parti pour une visite guid\u00e9e de l\u2019Asie\u2026 Plus particuli\u00e8rement de la Malaisie et de l\u2019Indon\u00e9sie o\u00f9 l\u2019on peut trouver une plante nomm\u00e9e Tongkat ali !","og_url":"https:\/\/www.safinel.fr\/de\/product-2\/tongkat-ali\/","og_site_name":"Safinel","article_modified_time":"2023-12-28T17:15:41+00:00","og_image":[{"width":600,"height":600,"url":"https:\/\/www.safinel.fr\/wp-content\/uploads\/2022\/11\/tongkat-ali-en-poudres.jpg","type":"image\/jpeg"}],"twitter_card":"summary_large_image","twitter_misc":{"Gesch\u00e4tzte Lesezeit":"3\u00a0Minuten"},"schema":{"@context":"https:\/\/schema.org","@graph":[{"@type":"WebPage","@id":"https:\/\/www.safinel.fr\/produit\/tongkat-ali\/","url":"https:\/\/www.safinel.fr\/produit\/tongkat-ali\/","name":"Tongkat ali Simaroubaceae I Pulver &amp; Kapseln I Kauf in Deutschland","isPartOf":{"@id":"https:\/\/www.safinel.fr\/#website"},"primaryImageOfPage":{"@id":"https:\/\/www.safinel.fr\/produit\/tongkat-ali\/#primaryimage"},"image":{"@id":"https:\/\/www.safinel.fr\/produit\/tongkat-ali\/#primaryimage"},"thumbnailUrl":"https:\/\/www.safinel.fr\/wp-content\/uploads\/2022\/11\/tongkat-ali-en-poudres.jpg","datePublished":"2022-11-25T20:56:10+00:00","dateModified":"2023-12-28T17:15:41+00:00","description":"Auf geht's nach Asien ... Genauer gesagt nach Malaysia und Indonesien, wo man eine Pflanze namens Tongkat ali finden kann!","breadcrumb":{"@id":"https:\/\/www.safinel.fr\/produit\/tongkat-ali\/#breadcrumb"},"inLanguage":"de","potentialAction":[{"@type":"ReadAction","target":["https:\/\/www.safinel.fr\/produit\/tongkat-ali\/"]}]},{"@type":"ImageObject","inLanguage":"de","@id":"https:\/\/www.safinel.fr\/produit\/tongkat-ali\/#primaryimage","url":"https:\/\/www.safinel.fr\/wp-content\/uploads\/2022\/11\/tongkat-ali-en-poudres.jpg","contentUrl":"https:\/\/www.safinel.fr\/wp-content\/uploads\/2022\/11\/tongkat-ali-en-poudres.jpg","width":600,"height":600,"caption":"tongkat ali en poudres"},{"@type":"BreadcrumbList","@id":"https:\/\/www.safinel.fr\/produit\/tongkat-ali\/#breadcrumb","itemListElement":[{"@type":"ListItem","position":1,"name":"Accueil","item":"https:\/\/www.safinel.fr\/"},{"@type":"ListItem","position":2,"name":"Boutique","item":"https:\/\/www.safinel.fr\/boutique\/"},{"@type":"ListItem","position":3,"name":"Tongkat ali"}]},{"@type":"WebSite","@id":"https:\/\/www.safinel.fr\/#website","url":"https:\/\/www.safinel.fr\/","name":"Safinel","description":"","publisher":{"@id":"https:\/\/www.safinel.fr\/#organization"},"potentialAction":[{"@type":"SearchAction","target":{"@type":"EntryPoint","urlTemplate":"https:\/\/www.safinel.fr\/?s={search_term_string}"},"query-input":{"@type":"PropertyValueSpecification","valueRequired":true,"valueName":"search_term_string"}}],"inLanguage":"de"},{"@type":"Organization","@id":"https:\/\/www.safinel.fr\/#organization","name":"Safinel","url":"https:\/\/www.safinel.fr\/","logo":{"@type":"ImageObject","inLanguage":"de","@id":"https:\/\/www.safinel.fr\/#\/schema\/logo\/image\/","url":"https:\/\/www.safinel.fr\/wp-content\/uploads\/2021\/05\/boutique-cosmetique.png","contentUrl":"https:\/\/www.safinel.fr\/wp-content\/uploads\/2021\/05\/boutique-cosmetique.png","width":800,"height":200,"caption":"Safinel"},"image":{"@id":"https:\/\/www.safinel.fr\/#\/schema\/logo\/image\/"}}]}},"_links":{"self":[{"href":"https:\/\/www.safinel.fr\/de\/wp-json\/wp\/v2\/product\/3627","targetHints":{"allow":["GET"]}}],"collection":[{"href":"https:\/\/www.safinel.fr\/de\/wp-json\/wp\/v2\/product"}],"about":[{"href":"https:\/\/www.safinel.fr\/de\/wp-json\/wp\/v2\/types\/product"}],"wp:featuredmedia":[{"embeddable":true,"href":"https:\/\/www.safinel.fr\/de\/wp-json\/wp\/v2\/media\/3630"}],"wp:attachment":[{"href":"https:\/\/www.safinel.fr\/de\/wp-json\/wp\/v2\/media?parent=3627"}],"wp:term":[{"taxonomy":"product_brand","embeddable":true,"href":"https:\/\/www.safinel.fr\/de\/wp-json\/wp\/v2\/product_brand?post=3627"},{"taxonomy":"product_cat","embeddable":true,"href":"https:\/\/www.safinel.fr\/de\/wp-json\/wp\/v2\/product_cat?post=3627"},{"taxonomy":"product_tag","embeddable":true,"href":"https:\/\/www.safinel.fr\/de\/wp-json\/wp\/v2\/product_tag?post=3627"}],"curies":[{"name":"wp","href":"https:\/\/api.w.org\/{rel}","templated":true}]}}