{"id":3621,"date":"2022-11-25T20:30:15","date_gmt":"2022-11-25T20:30:15","guid":{"rendered":"https:\/\/www.safinel.fr\/?post_type=product&#038;p=3621"},"modified":"2024-01-08T08:35:25","modified_gmt":"2024-01-08T08:35:25","slug":"yohimbin","status":"publish","type":"product","link":"https:\/\/www.safinel.fr\/de\/product-2\/yohimbin\/","title":{"rendered":"Yohimbin"},"content":{"rendered":"<p>Die Freude an der Entdeckung von Naturprodukten sp\u00fcren Sie in Ihrem Safinel-Shop mit der\u00a0<strong>yohimbin\u00a0<\/strong>! Sie stammt urspr\u00fcnglich aus Afrika und ihre zahlreichen Vorteile k\u00f6nnten Sie \u00fcberraschen...<\/p>\n<h2><strong>Was ist Yohimbin<\/strong><\/h2>\n<p>Ihr Online-Naturkostladen m\u00f6chte Ihnen den afrikanischen Kontinent n\u00e4her bringen... Nicht auf dem Luftweg, sondern auf dem Landweg. Zu diesem Zweck stellt er Yohimbin in den Vordergrund. Wenn Sie sich fragen, was Yohimbin ist, sollten Sie sich mit Geduld wappnen, denn dazu kommen wir gleich. Letzteres ist ihr tropischer Name. Es stammt aus Westafrika, genauer gesagt von einem Baum namens<strong>\u00a0Pausinystalia yohimbe<\/strong>. Von der<strong>\u00a0Familie der Rubiaceae<\/strong>, Dieser Baum ist f\u00fcr einige positive Aspekte f\u00fcr den K\u00f6rper bekannt!<\/p>\n<h2><strong>Die Vorteile von Yohimbin\u00a0<\/strong><\/h2>\n<p>Sie fragen sich wahrscheinlich, was sich hinter<strong>\u00a0der Yohimbe<\/strong>... Machen Sie es sich bequem, denn es k\u00f6nnte sein, dass Sie \u00fcberrascht werden. Dieser Schatz der Natur aus Westafrika wird normalerweise gegen Angstzust\u00e4nde eingesetzt.<\/p>\n<p>Au\u00dferdem stellt sich heraus, dass dieses nat\u00fcrliche 100%-Produkt ein hervorragendes m\u00e4nnliches Aphrodisiakum ist, und das ist noch nicht alles! Verwendet bei Sportlern f\u00fcr schnelles Trocknen oder als<strong>\u00a0<a href=\"https:\/\/www.safinel.fr\/de\/product-2\/kirschschwanze\/\">Fettverbrenner<\/a>,<\/strong>\u00a0ist er ein wesentlicher Trumpf. Ihr gr\u00f6\u00dfter Trumpf bleibt jedoch das Aphrodisiakum. Sie kann helfen gegen<strong>\u00a0Erektionsproblem<\/strong>\u00a0sondern auch der Libido einen Schub verleihen!<\/p>\n<p>Da Sie nun wissen, was es ist, warum nicht Ihre hei\u00dfen N\u00e4chte aufpeppen? In Kapseln oder als Pulver, das bleibt Ihnen \u00fcberlassen. Vor dem Sport oder vor dem Geschlechtsverkehr k\u00f6nnen Sie sich auf eine echte Wirkung gefasst machen.<\/p>\n<h2><strong>Die Pr\u00e4sentationen von Yohimbin\u00a0<\/strong><\/h2>\n<p>Wie w\u00e4re es, wenn wir uns den ernsten Dingen zuwenden? Endlich ist es an der Zeit, Ihnen das ber\u00fchmte Yohimbin vorzustellen... Auch wenn es nicht sehr bekannt ist, wird es in einigen Ecken Afrikas und Asiens doch sehr h\u00e4ufig verwendet.<\/p>\n<p>Denn diese Gemeinschaften verf\u00fcgen \u00fcber viel Wissen \u00fcber die Natur, und heute erweisen sie uns die Ehre, diesen Schatz hervorheben zu d\u00fcrfen!<\/p>\n<p>Wenn Sie sich noch fragen, wo Sie dieses Produkt finden k\u00f6nnen, sind Sie hier genau richtig! Es wird in einem 100g-Beh\u00e4lter angeboten, der ideal f\u00fcr den h\u00e4ufigen Verzehr ist.<\/p>\n<p>Dar\u00fcber hinaus ist Ihr<strong>\u00a0Naturladen<\/strong>\u00a0bietet Ihnen auch die<strong>\u00a0Yohimbin in Kapseln<\/strong>\u00a0! Eh ja! Dies ist umso praktischer f\u00fcr die Aufnahme. Nun sind Sie an der Reihe.<\/p>\n<h3><strong>Die Natur hat einen guten Geschmack...\u00a0<\/strong><\/h3>\n<p>Wenn man von Natur spricht, stellt man sich oft gr\u00fcne Wiesen oder sogar Fl\u00fcsse vor, dabei ist die Natur so gro\u00df und reich an Vorteilen ... Und genau aus diesem Grund m\u00f6chte Ihr Online-Shop Ihnen immer ein bisschen mehr davon zeigen!<\/p>\n<p>Ein Sprichwort sagt, langsam, aber sicher... Wenn das stimmt, warum lassen Sie sich dann nicht von der Entdeckung unserer k\u00f6stlichen\u00a0<a href=\"https:\/\/www.safinel.fr\/de\/product-category-2\/bienenzucht\/\"><strong>Honig aus aller Welt<\/strong><\/a>\u00a0? Frankreich, Spanien oder sogar Marokko - an Auswahl mangelt es nicht! Sie haben sogar die M\u00f6glichkeit, mit unserer Reihe\u00a0<strong>aphrodisierende Honige<\/strong>.<\/p>\n<p>Als Brotaufstrich oder in Ihrem Hei\u00dfgetr\u00e4nk - Sie haben die Wahl.<\/p>","protected":false},"excerpt":{"rendered":"<p><img decoding=\"async\" class=\"size-full wp-image-5091 aligncenter\" src=\"https:\/\/www.safinel.fr\/wp-content\/uploads\/2021\/06\/BANNIERE-ICONE-SAFINEL.webp\" alt=\"Satines-R\u00fcckversicherung\" width=\"800\" height=\"200\" srcset=\"https:\/\/www.safinel.fr\/wp-content\/uploads\/2021\/06\/BANNIERE-ICONE-SAFINEL.webp 800w, https:\/\/www.safinel.fr\/wp-content\/uploads\/2021\/06\/BANNIERE-ICONE-SAFINEL-600x150.webp 600w, https:\/\/www.safinel.fr\/wp-content\/uploads\/2021\/06\/BANNIERE-ICONE-SAFINEL-768x192.webp 768w\" sizes=\"(max-width: 800px) 100vw, 800px\" \/><\/p>","protected":false},"featured_media":3623,"template":"","meta":[],"product_brand":[],"product_cat":[27],"product_tag":[],"class_list":{"0":"post-3621","1":"product","2":"type-product","3":"status-publish","4":"has-post-thumbnail","6":"product_cat-plantes-medicinales","8":"first","9":"instock","10":"shipping-taxable","11":"purchasable","12":"product-type-variable"},"yoast_head":"<!-- This site is optimized with the Yoast SEO plugin v26.6 - https:\/\/yoast.com\/wordpress\/plugins\/seo\/ -->\n<title>Yohimbine I Bienfaits nombreux I Achat en ligne s\u00e9curis\u00e9<\/title>\n<meta name=\"description\" content=\"Le plaisir de d\u00e9couvrir les produits de la nature se ressent chez votre boutique Safinel avec la\u00a0yohimbine\u00a0! Adoptez-le sans plus attendre !\" \/>\n<meta name=\"robots\" content=\"index, follow, max-snippet:-1, max-image-preview:large, max-video-preview:-1\" \/>\n<link rel=\"canonical\" href=\"https:\/\/www.safinel.fr\/de\/product-2\/yohimbin\/\" \/>\n<meta property=\"og:locale\" content=\"de_DE\" \/>\n<meta property=\"og:type\" content=\"article\" \/>\n<meta property=\"og:title\" content=\"Yohimbine I Bienfaits nombreux I Achat en ligne s\u00e9curis\u00e9\" \/>\n<meta property=\"og:description\" content=\"Le plaisir de d\u00e9couvrir les produits de la nature se ressent chez votre boutique Safinel avec la\u00a0yohimbine\u00a0! Adoptez-le sans plus attendre !\" \/>\n<meta property=\"og:url\" content=\"https:\/\/www.safinel.fr\/de\/product-2\/yohimbin\/\" \/>\n<meta property=\"og:site_name\" content=\"Safinel\" \/>\n<meta property=\"article:modified_time\" content=\"2024-01-08T08:35:25+00:00\" \/>\n<meta property=\"og:image\" content=\"https:\/\/www.safinel.fr\/wp-content\/uploads\/2022\/11\/yohimbine-en-poudre.jpg\" \/>\n\t<meta property=\"og:image:width\" content=\"600\" \/>\n\t<meta property=\"og:image:height\" content=\"600\" \/>\n\t<meta property=\"og:image:type\" content=\"image\/jpeg\" \/>\n<meta name=\"twitter:card\" content=\"summary_large_image\" \/>\n<meta name=\"twitter:label1\" content=\"Gesch\u00e4tzte Lesezeit\" \/>\n\t<meta name=\"twitter:data1\" content=\"3\u00a0Minuten\" \/>\n<script type=\"application\/ld+json\" class=\"yoast-schema-graph\">{\"@context\":\"https:\/\/schema.org\",\"@graph\":[{\"@type\":\"WebPage\",\"@id\":\"https:\/\/www.safinel.fr\/produit\/yohimbine\/\",\"url\":\"https:\/\/www.safinel.fr\/produit\/yohimbine\/\",\"name\":\"Yohimbine I Bienfaits nombreux I Achat en ligne s\u00e9curis\u00e9\",\"isPartOf\":{\"@id\":\"https:\/\/www.safinel.fr\/#website\"},\"primaryImageOfPage\":{\"@id\":\"https:\/\/www.safinel.fr\/produit\/yohimbine\/#primaryimage\"},\"image\":{\"@id\":\"https:\/\/www.safinel.fr\/produit\/yohimbine\/#primaryimage\"},\"thumbnailUrl\":\"https:\/\/www.safinel.fr\/wp-content\/uploads\/2022\/11\/yohimbine-en-poudre.jpg\",\"datePublished\":\"2022-11-25T20:30:15+00:00\",\"dateModified\":\"2024-01-08T08:35:25+00:00\",\"description\":\"Le plaisir de d\u00e9couvrir les produits de la nature se ressent chez votre boutique Safinel avec la\u00a0yohimbine\u00a0! Adoptez-le sans plus attendre !\",\"breadcrumb\":{\"@id\":\"https:\/\/www.safinel.fr\/produit\/yohimbine\/#breadcrumb\"},\"inLanguage\":\"de\",\"potentialAction\":[{\"@type\":\"ReadAction\",\"target\":[\"https:\/\/www.safinel.fr\/produit\/yohimbine\/\"]}]},{\"@type\":\"ImageObject\",\"inLanguage\":\"de\",\"@id\":\"https:\/\/www.safinel.fr\/produit\/yohimbine\/#primaryimage\",\"url\":\"https:\/\/www.safinel.fr\/wp-content\/uploads\/2022\/11\/yohimbine-en-poudre.jpg\",\"contentUrl\":\"https:\/\/www.safinel.fr\/wp-content\/uploads\/2022\/11\/yohimbine-en-poudre.jpg\",\"width\":600,\"height\":600,\"caption\":\"yohimbine en poudre\"},{\"@type\":\"BreadcrumbList\",\"@id\":\"https:\/\/www.safinel.fr\/produit\/yohimbine\/#breadcrumb\",\"itemListElement\":[{\"@type\":\"ListItem\",\"position\":1,\"name\":\"Accueil\",\"item\":\"https:\/\/www.safinel.fr\/\"},{\"@type\":\"ListItem\",\"position\":2,\"name\":\"Boutique\",\"item\":\"https:\/\/www.safinel.fr\/boutique\/\"},{\"@type\":\"ListItem\",\"position\":3,\"name\":\"Yohimbine\"}]},{\"@type\":\"WebSite\",\"@id\":\"https:\/\/www.safinel.fr\/#website\",\"url\":\"https:\/\/www.safinel.fr\/\",\"name\":\"Safinel\",\"description\":\"\",\"publisher\":{\"@id\":\"https:\/\/www.safinel.fr\/#organization\"},\"potentialAction\":[{\"@type\":\"SearchAction\",\"target\":{\"@type\":\"EntryPoint\",\"urlTemplate\":\"https:\/\/www.safinel.fr\/?s={search_term_string}\"},\"query-input\":{\"@type\":\"PropertyValueSpecification\",\"valueRequired\":true,\"valueName\":\"search_term_string\"}}],\"inLanguage\":\"de\"},{\"@type\":\"Organization\",\"@id\":\"https:\/\/www.safinel.fr\/#organization\",\"name\":\"Safinel\",\"url\":\"https:\/\/www.safinel.fr\/\",\"logo\":{\"@type\":\"ImageObject\",\"inLanguage\":\"de\",\"@id\":\"https:\/\/www.safinel.fr\/#\/schema\/logo\/image\/\",\"url\":\"https:\/\/www.safinel.fr\/wp-content\/uploads\/2021\/05\/boutique-cosmetique.png\",\"contentUrl\":\"https:\/\/www.safinel.fr\/wp-content\/uploads\/2021\/05\/boutique-cosmetique.png\",\"width\":800,\"height\":200,\"caption\":\"Safinel\"},\"image\":{\"@id\":\"https:\/\/www.safinel.fr\/#\/schema\/logo\/image\/\"}}]}<\/script>\n<!-- \/ Yoast SEO plugin. -->","yoast_head_json":{"title":"Yohimbin I Zahlreiche Vorteile I Sicherer Online-Kauf","description":"Die Freude, Produkte aus der Natur zu entdecken, sp\u00fcren Sie in Ihrem Safinel-Shop mit Yohimbin! Adoptieren Sie es ohne weitere Verz\u00f6gerung!","robots":{"index":"index","follow":"follow","max-snippet":"max-snippet:-1","max-image-preview":"max-image-preview:large","max-video-preview":"max-video-preview:-1"},"canonical":"https:\/\/www.safinel.fr\/de\/product-2\/yohimbin\/","og_locale":"de_DE","og_type":"article","og_title":"Yohimbine I Bienfaits nombreux I Achat en ligne s\u00e9curis\u00e9","og_description":"Le plaisir de d\u00e9couvrir les produits de la nature se ressent chez votre boutique Safinel avec la\u00a0yohimbine\u00a0! Adoptez-le sans plus attendre !","og_url":"https:\/\/www.safinel.fr\/de\/product-2\/yohimbin\/","og_site_name":"Safinel","article_modified_time":"2024-01-08T08:35:25+00:00","og_image":[{"width":600,"height":600,"url":"https:\/\/www.safinel.fr\/wp-content\/uploads\/2022\/11\/yohimbine-en-poudre.jpg","type":"image\/jpeg"}],"twitter_card":"summary_large_image","twitter_misc":{"Gesch\u00e4tzte Lesezeit":"3\u00a0Minuten"},"schema":{"@context":"https:\/\/schema.org","@graph":[{"@type":"WebPage","@id":"https:\/\/www.safinel.fr\/produit\/yohimbine\/","url":"https:\/\/www.safinel.fr\/produit\/yohimbine\/","name":"Yohimbin I Zahlreiche Vorteile I Sicherer Online-Kauf","isPartOf":{"@id":"https:\/\/www.safinel.fr\/#website"},"primaryImageOfPage":{"@id":"https:\/\/www.safinel.fr\/produit\/yohimbine\/#primaryimage"},"image":{"@id":"https:\/\/www.safinel.fr\/produit\/yohimbine\/#primaryimage"},"thumbnailUrl":"https:\/\/www.safinel.fr\/wp-content\/uploads\/2022\/11\/yohimbine-en-poudre.jpg","datePublished":"2022-11-25T20:30:15+00:00","dateModified":"2024-01-08T08:35:25+00:00","description":"Die Freude, Produkte aus der Natur zu entdecken, sp\u00fcren Sie in Ihrem Safinel-Shop mit Yohimbin! Adoptieren Sie es ohne weitere Verz\u00f6gerung!","breadcrumb":{"@id":"https:\/\/www.safinel.fr\/produit\/yohimbine\/#breadcrumb"},"inLanguage":"de","potentialAction":[{"@type":"ReadAction","target":["https:\/\/www.safinel.fr\/produit\/yohimbine\/"]}]},{"@type":"ImageObject","inLanguage":"de","@id":"https:\/\/www.safinel.fr\/produit\/yohimbine\/#primaryimage","url":"https:\/\/www.safinel.fr\/wp-content\/uploads\/2022\/11\/yohimbine-en-poudre.jpg","contentUrl":"https:\/\/www.safinel.fr\/wp-content\/uploads\/2022\/11\/yohimbine-en-poudre.jpg","width":600,"height":600,"caption":"yohimbine en poudre"},{"@type":"BreadcrumbList","@id":"https:\/\/www.safinel.fr\/produit\/yohimbine\/#breadcrumb","itemListElement":[{"@type":"ListItem","position":1,"name":"Accueil","item":"https:\/\/www.safinel.fr\/"},{"@type":"ListItem","position":2,"name":"Boutique","item":"https:\/\/www.safinel.fr\/boutique\/"},{"@type":"ListItem","position":3,"name":"Yohimbine"}]},{"@type":"WebSite","@id":"https:\/\/www.safinel.fr\/#website","url":"https:\/\/www.safinel.fr\/","name":"Safinel","description":"","publisher":{"@id":"https:\/\/www.safinel.fr\/#organization"},"potentialAction":[{"@type":"SearchAction","target":{"@type":"EntryPoint","urlTemplate":"https:\/\/www.safinel.fr\/?s={search_term_string}"},"query-input":{"@type":"PropertyValueSpecification","valueRequired":true,"valueName":"search_term_string"}}],"inLanguage":"de"},{"@type":"Organization","@id":"https:\/\/www.safinel.fr\/#organization","name":"Safinel","url":"https:\/\/www.safinel.fr\/","logo":{"@type":"ImageObject","inLanguage":"de","@id":"https:\/\/www.safinel.fr\/#\/schema\/logo\/image\/","url":"https:\/\/www.safinel.fr\/wp-content\/uploads\/2021\/05\/boutique-cosmetique.png","contentUrl":"https:\/\/www.safinel.fr\/wp-content\/uploads\/2021\/05\/boutique-cosmetique.png","width":800,"height":200,"caption":"Safinel"},"image":{"@id":"https:\/\/www.safinel.fr\/#\/schema\/logo\/image\/"}}]}},"_links":{"self":[{"href":"https:\/\/www.safinel.fr\/de\/wp-json\/wp\/v2\/product\/3621","targetHints":{"allow":["GET"]}}],"collection":[{"href":"https:\/\/www.safinel.fr\/de\/wp-json\/wp\/v2\/product"}],"about":[{"href":"https:\/\/www.safinel.fr\/de\/wp-json\/wp\/v2\/types\/product"}],"wp:featuredmedia":[{"embeddable":true,"href":"https:\/\/www.safinel.fr\/de\/wp-json\/wp\/v2\/media\/3623"}],"wp:attachment":[{"href":"https:\/\/www.safinel.fr\/de\/wp-json\/wp\/v2\/media?parent=3621"}],"wp:term":[{"taxonomy":"product_brand","embeddable":true,"href":"https:\/\/www.safinel.fr\/de\/wp-json\/wp\/v2\/product_brand?post=3621"},{"taxonomy":"product_cat","embeddable":true,"href":"https:\/\/www.safinel.fr\/de\/wp-json\/wp\/v2\/product_cat?post=3621"},{"taxonomy":"product_tag","embeddable":true,"href":"https:\/\/www.safinel.fr\/de\/wp-json\/wp\/v2\/product_tag?post=3621"}],"curies":[{"name":"wp","href":"https:\/\/api.w.org\/{rel}","templated":true}]}}