{"id":3537,"date":"2021-11-17T11:01:33","date_gmt":"2021-11-17T11:01:33","guid":{"rendered":"https:\/\/www.safinel.fr\/?post_type=product&#038;p=3537"},"modified":"2023-12-30T13:31:13","modified_gmt":"2023-12-30T13:31:13","slug":"bupelwurzel","status":"publish","type":"product","link":"https:\/\/www.safinel.fr\/de\/product-2\/bupelwurzel\/","title":{"rendered":"Steinbei\u00dferwurzel"},"content":{"rendered":"<p>Der Steinbei\u00dfer ist eine Wurzel, die in der Pflanzenheilkunde in erster Linie zur Behandlung von\u00a0<strong>Lebersyndrome<\/strong>. So wird sie ein hervorragendes Tonikum sein, um einem\u00a0<strong>geschw\u00e4chte Leber\u00a0<\/strong>durch Hepatitis oder Medikamentenvergiftungen. Sie ist aber auch ein sehr gutes entz\u00fcndungshemmendes Mittel. Es ist die Pflanze, die Sie nat\u00fcrlich und wirksam heilen wird.<\/p>\n<h2><strong>Was ist die Steinbei\u00dferwurzel?<\/strong><\/h2>\n<p>Diese Wurzel, die uns von\u00a0<strong>China<\/strong>\u00a0ist vor allem bekannt f\u00fcr seine\u00a0<strong>Reinigungseffekte<\/strong>\u00a0und\u00a0<strong>Tonika<\/strong>\u00a0auf dem\u00a0<strong>Leber<\/strong>. Es ist eine gro\u00dfe Pflanze, die sehr\u00a0<strong>erfrischend<\/strong>. Sie hat einen leicht\u00a0<strong>scharf und bitter<\/strong>. Sie wird seit Jahrhunderten in der traditionellen chinesischen Medizin verwendet, ist aber im Rest der Welt nur wenig bekannt.<\/p>\n<h2><strong>Warum ist es so wichtig, sich um Ihre Leber zu k\u00fcmmern?<\/strong><\/h2>\n<p>Die Leber ist ein wichtiges Organ, das f\u00fcr das reibungslose Funktionieren Ihres K\u00f6rpers verantwortlich ist. Ohne sie k\u00f6nnen Sie nicht leben. In der Tat hat sie eine Helferrolle bei der\u00a0<strong>Verdauung<\/strong>. Das ist es, was daf\u00fcr sorgen wird, dass das, was Sie essen, in Energie umgewandelt wird. Wie eine Mutter, die auf ihre Jungen aufpasst, wird es daf\u00fcr sorgen, dass es Ihrem K\u00f6rper an nichts mangelt.<\/p>\n<p>Dar\u00fcber hinaus wird er sich wie ein\u00a0<strong>Filter\u00a0<\/strong>f\u00fcr die Giftstoffe, die wir zu uns nehmen. Sie werden leicht verstehen, dass es notwendig ist, sich um sie zu k\u00fcmmern.<\/p>\n<h2><strong>Steinbei\u00dferwurzel: Ihrer Leber neue Vitalit\u00e4t verleihen\u00a0<\/strong><\/h2>\n<p>Wenn Ihre Leber schwach ist, m\u00fcssen Sie unbedingt schnell handeln. Die Wurzel von Bupl\u00e8vre wird sie<strong>\u00a0nat\u00fcrlich reinigen<\/strong>. So wird er von Giftstoffen befreit und findet seine\u00a0<strong>Energie und ihre Vitalit\u00e4t<\/strong>.<\/p>\n<h3><strong>Freund der Gallenblase<\/strong><\/h3>\n<p>Diese kleine Dr\u00fcse hat einen direkten Einfluss auf die Verdauung. Die Galle, die sie produziert, hilft beim Abbau von Fetten. Die Pflanze wird\u00a0<strong>ihr Handeln anregen<\/strong>\u00a0und sie zu entgiften. Dies ist auch der Fall bei\u00a0<strong><a href=\"https:\/\/www.safinel.fr\/de\/product-2\/lowenzahnwurzel\/\">die L\u00f6wenzahnwurzel<\/a>,\u00a0<\/strong>die wir Ihnen empfehlen.<\/p>\n<h3><strong>Ein starker Entz\u00fcndungshemmer<\/strong><\/h3>\n<p>Seine erfrischende Eigenschaft erm\u00f6glicht es\u00a0<strong>Entz\u00fcndungen lindern<\/strong>. So wird die Frische Folgendes erm\u00f6glichen\u00a0<strong>die Schwellung senken\u00a0<\/strong>von Entz\u00fcndungen zu reduzieren. Au\u00dferdem hat die Wurzel auch eine Wirkung\u00a0<strong>Schmerzmittel<\/strong>\u00a0was Ihre Schmerzen verringern wird. Schlie\u00dflich wird sie auch auf die\u00a0<strong>Fieber<\/strong>\u00a0die h\u00e4ufig mit diesen Irritationen einhergeht.<\/p>\n<h2><strong>Steinbei\u00dferwurzel: Hilfe beim Abnehmen<\/strong><\/h2>\n<p>Seine Wirkung auf die Leber wird eine\u00a0<strong>direkte Auswirkung auf den Gewichtsverlust<\/strong>. Wie wir bereits erl\u00e4utert haben, ist es dieses Organ, das die Fette verdaut und in Energie umwandelt. Wenn Sie \u00fcbergewichtig sind, ist es oft m\u00fcde. Das liegt daran, dass es viel mehr Fett gespeichert hat, als es eigentlich verarbeiten kann. Die durch diese Wurzel angeregte Reinigung wird eine\u00a0<strong>besserer Abbau von Fetten<\/strong>. So wird es Ihnen leicht gemacht, Ihre Pfunde zu verlieren! Und, f\u00fcr eine gr\u00fcndliche Ausscheidung, testen Sie den\u00a0<strong>Triphala<\/strong>.<\/p>\n<h3><strong>Wie nimmt man die Wurzel des Steinbocks ein?<\/strong><\/h3>\n<p>Die empfohlene Dosis betr\u00e4gt 3 bis 10 Gramm. T\u00e4glich als Abkochung einnehmen. Achten Sie auf die richtige Menge. Eine \u00dcberdosierung f\u00fchrt n\u00e4mlich zu Symptomen wie Erbrechen und \u00dcbelkeit.<\/p>\n<p>Diese Pflanze ist nicht f\u00fcr schwangere oder stillende Frauen und Personen mit einer \u00fcberaktiven Leber geeignet.<\/p>","protected":false},"excerpt":{"rendered":"<p>La bupl\u00e8vre est une racine utilis\u00e9e en phytoth\u00e9rapie pour soigner en premier lieu les\u00a0syndromes du foie. Ainsi, elle sera un excellent tonifiant pour donner une deuxi\u00e8me jeunesse \u00e0 un\u00a0foie fragilis\u00e9\u00a0par des h\u00e9patites ou des intoxications m\u00e9dicamenteuses. Mais c\u2019est aussi un tr\u00e8s bon antiinflammatoire. C\u2019est la plante qui vous soignera naturellement et efficacement. La racine de [&#8230;]","protected":false},"featured_media":4094,"template":"","meta":[],"product_brand":[],"product_cat":[27],"product_tag":[],"class_list":{"0":"post-3537","1":"product","2":"type-product","3":"status-publish","4":"has-post-thumbnail","6":"product_cat-plantes-medicinales","8":"first","9":"outofstock","10":"shipping-taxable","11":"purchasable","12":"product-type-simple"},"yoast_head":"<!-- This site is optimized with the Yoast SEO plugin v26.6 - https:\/\/yoast.com\/wordpress\/plugins\/seo\/ -->\n<title>Racine de bupl\u00e8vre I Bienfaits nombreux pour le foie<\/title>\n<meta name=\"description\" content=\"La bupl\u00e8vre est une racine utilis\u00e9e en phytoth\u00e9rapie pour soigner en premier lieu les\u00a0syndromes du foie. D\u00e9couvrez-l\u00e0 sans plus attendre !\" \/>\n<meta name=\"robots\" content=\"index, follow, max-snippet:-1, max-image-preview:large, max-video-preview:-1\" \/>\n<link rel=\"canonical\" href=\"https:\/\/www.safinel.fr\/de\/product-2\/bupelwurzel\/\" \/>\n<meta property=\"og:locale\" content=\"de_DE\" \/>\n<meta property=\"og:type\" content=\"article\" \/>\n<meta property=\"og:title\" content=\"Racine de bupl\u00e8vre I Bienfaits nombreux pour le foie\" \/>\n<meta property=\"og:description\" content=\"La bupl\u00e8vre est une racine utilis\u00e9e en phytoth\u00e9rapie pour soigner en premier lieu les\u00a0syndromes du foie. D\u00e9couvrez-l\u00e0 sans plus attendre !\" \/>\n<meta property=\"og:url\" content=\"https:\/\/www.safinel.fr\/de\/product-2\/bupelwurzel\/\" \/>\n<meta property=\"og:site_name\" content=\"Safinel\" \/>\n<meta property=\"article:modified_time\" content=\"2023-12-30T13:31:13+00:00\" \/>\n<meta property=\"og:image\" content=\"https:\/\/www.safinel.fr\/wp-content\/uploads\/2021\/11\/Chai-Hu.jpg\" \/>\n\t<meta property=\"og:image:width\" content=\"600\" \/>\n\t<meta property=\"og:image:height\" content=\"600\" \/>\n\t<meta property=\"og:image:type\" content=\"image\/jpeg\" \/>\n<meta name=\"twitter:card\" content=\"summary_large_image\" \/>\n<meta name=\"twitter:label1\" content=\"Gesch\u00e4tzte Lesezeit\" \/>\n\t<meta name=\"twitter:data1\" content=\"3\u00a0Minuten\" \/>\n<script type=\"application\/ld+json\" class=\"yoast-schema-graph\">{\"@context\":\"https:\/\/schema.org\",\"@graph\":[{\"@type\":\"WebPage\",\"@id\":\"https:\/\/www.safinel.fr\/produit\/racine-de-buplevre\/\",\"url\":\"https:\/\/www.safinel.fr\/produit\/racine-de-buplevre\/\",\"name\":\"Racine de bupl\u00e8vre I Bienfaits nombreux pour le foie\",\"isPartOf\":{\"@id\":\"https:\/\/www.safinel.fr\/#website\"},\"primaryImageOfPage\":{\"@id\":\"https:\/\/www.safinel.fr\/produit\/racine-de-buplevre\/#primaryimage\"},\"image\":{\"@id\":\"https:\/\/www.safinel.fr\/produit\/racine-de-buplevre\/#primaryimage\"},\"thumbnailUrl\":\"https:\/\/www.safinel.fr\/wp-content\/uploads\/2021\/11\/Chai-Hu.jpg\",\"datePublished\":\"2021-11-17T11:01:33+00:00\",\"dateModified\":\"2023-12-30T13:31:13+00:00\",\"description\":\"La bupl\u00e8vre est une racine utilis\u00e9e en phytoth\u00e9rapie pour soigner en premier lieu les\u00a0syndromes du foie. D\u00e9couvrez-l\u00e0 sans plus attendre !\",\"breadcrumb\":{\"@id\":\"https:\/\/www.safinel.fr\/produit\/racine-de-buplevre\/#breadcrumb\"},\"inLanguage\":\"de\",\"potentialAction\":[{\"@type\":\"ReadAction\",\"target\":[\"https:\/\/www.safinel.fr\/produit\/racine-de-buplevre\/\"]}]},{\"@type\":\"ImageObject\",\"inLanguage\":\"de\",\"@id\":\"https:\/\/www.safinel.fr\/produit\/racine-de-buplevre\/#primaryimage\",\"url\":\"https:\/\/www.safinel.fr\/wp-content\/uploads\/2021\/11\/Chai-Hu.jpg\",\"contentUrl\":\"https:\/\/www.safinel.fr\/wp-content\/uploads\/2021\/11\/Chai-Hu.jpg\",\"width\":600,\"height\":600},{\"@type\":\"BreadcrumbList\",\"@id\":\"https:\/\/www.safinel.fr\/produit\/racine-de-buplevre\/#breadcrumb\",\"itemListElement\":[{\"@type\":\"ListItem\",\"position\":1,\"name\":\"Accueil\",\"item\":\"https:\/\/www.safinel.fr\/\"},{\"@type\":\"ListItem\",\"position\":2,\"name\":\"Boutique\",\"item\":\"https:\/\/www.safinel.fr\/boutique\/\"},{\"@type\":\"ListItem\",\"position\":3,\"name\":\"Racine de bupl\u00e8vre\"}]},{\"@type\":\"WebSite\",\"@id\":\"https:\/\/www.safinel.fr\/#website\",\"url\":\"https:\/\/www.safinel.fr\/\",\"name\":\"Safinel\",\"description\":\"\",\"publisher\":{\"@id\":\"https:\/\/www.safinel.fr\/#organization\"},\"potentialAction\":[{\"@type\":\"SearchAction\",\"target\":{\"@type\":\"EntryPoint\",\"urlTemplate\":\"https:\/\/www.safinel.fr\/?s={search_term_string}\"},\"query-input\":{\"@type\":\"PropertyValueSpecification\",\"valueRequired\":true,\"valueName\":\"search_term_string\"}}],\"inLanguage\":\"de\"},{\"@type\":\"Organization\",\"@id\":\"https:\/\/www.safinel.fr\/#organization\",\"name\":\"Safinel\",\"url\":\"https:\/\/www.safinel.fr\/\",\"logo\":{\"@type\":\"ImageObject\",\"inLanguage\":\"de\",\"@id\":\"https:\/\/www.safinel.fr\/#\/schema\/logo\/image\/\",\"url\":\"https:\/\/www.safinel.fr\/wp-content\/uploads\/2021\/05\/boutique-cosmetique.png\",\"contentUrl\":\"https:\/\/www.safinel.fr\/wp-content\/uploads\/2021\/05\/boutique-cosmetique.png\",\"width\":800,\"height\":200,\"caption\":\"Safinel\"},\"image\":{\"@id\":\"https:\/\/www.safinel.fr\/#\/schema\/logo\/image\/\"}}]}<\/script>\n<!-- \/ Yoast SEO plugin. -->","yoast_head_json":{"title":"Steinbei\u00dferwurzel I Zahlreiche Vorteile f\u00fcr die Leber","description":"Die Wurzel des Steinbocks wird in der Pflanzenheilkunde vor allem zur Behandlung von Lebererkrankungen eingesetzt. Entdecken Sie sie jetzt!","robots":{"index":"index","follow":"follow","max-snippet":"max-snippet:-1","max-image-preview":"max-image-preview:large","max-video-preview":"max-video-preview:-1"},"canonical":"https:\/\/www.safinel.fr\/de\/product-2\/bupelwurzel\/","og_locale":"de_DE","og_type":"article","og_title":"Racine de bupl\u00e8vre I Bienfaits nombreux pour le foie","og_description":"La bupl\u00e8vre est une racine utilis\u00e9e en phytoth\u00e9rapie pour soigner en premier lieu les\u00a0syndromes du foie. D\u00e9couvrez-l\u00e0 sans plus attendre !","og_url":"https:\/\/www.safinel.fr\/de\/product-2\/bupelwurzel\/","og_site_name":"Safinel","article_modified_time":"2023-12-30T13:31:13+00:00","og_image":[{"width":600,"height":600,"url":"https:\/\/www.safinel.fr\/wp-content\/uploads\/2021\/11\/Chai-Hu.jpg","type":"image\/jpeg"}],"twitter_card":"summary_large_image","twitter_misc":{"Gesch\u00e4tzte Lesezeit":"3\u00a0Minuten"},"schema":{"@context":"https:\/\/schema.org","@graph":[{"@type":"WebPage","@id":"https:\/\/www.safinel.fr\/produit\/racine-de-buplevre\/","url":"https:\/\/www.safinel.fr\/produit\/racine-de-buplevre\/","name":"Steinbei\u00dferwurzel I Zahlreiche Vorteile f\u00fcr die Leber","isPartOf":{"@id":"https:\/\/www.safinel.fr\/#website"},"primaryImageOfPage":{"@id":"https:\/\/www.safinel.fr\/produit\/racine-de-buplevre\/#primaryimage"},"image":{"@id":"https:\/\/www.safinel.fr\/produit\/racine-de-buplevre\/#primaryimage"},"thumbnailUrl":"https:\/\/www.safinel.fr\/wp-content\/uploads\/2021\/11\/Chai-Hu.jpg","datePublished":"2021-11-17T11:01:33+00:00","dateModified":"2023-12-30T13:31:13+00:00","description":"Die Wurzel des Steinbocks wird in der Pflanzenheilkunde vor allem zur Behandlung von Lebererkrankungen eingesetzt. Entdecken Sie sie jetzt!","breadcrumb":{"@id":"https:\/\/www.safinel.fr\/produit\/racine-de-buplevre\/#breadcrumb"},"inLanguage":"de","potentialAction":[{"@type":"ReadAction","target":["https:\/\/www.safinel.fr\/produit\/racine-de-buplevre\/"]}]},{"@type":"ImageObject","inLanguage":"de","@id":"https:\/\/www.safinel.fr\/produit\/racine-de-buplevre\/#primaryimage","url":"https:\/\/www.safinel.fr\/wp-content\/uploads\/2021\/11\/Chai-Hu.jpg","contentUrl":"https:\/\/www.safinel.fr\/wp-content\/uploads\/2021\/11\/Chai-Hu.jpg","width":600,"height":600},{"@type":"BreadcrumbList","@id":"https:\/\/www.safinel.fr\/produit\/racine-de-buplevre\/#breadcrumb","itemListElement":[{"@type":"ListItem","position":1,"name":"Accueil","item":"https:\/\/www.safinel.fr\/"},{"@type":"ListItem","position":2,"name":"Boutique","item":"https:\/\/www.safinel.fr\/boutique\/"},{"@type":"ListItem","position":3,"name":"Racine de bupl\u00e8vre"}]},{"@type":"WebSite","@id":"https:\/\/www.safinel.fr\/#website","url":"https:\/\/www.safinel.fr\/","name":"Safinel","description":"","publisher":{"@id":"https:\/\/www.safinel.fr\/#organization"},"potentialAction":[{"@type":"SearchAction","target":{"@type":"EntryPoint","urlTemplate":"https:\/\/www.safinel.fr\/?s={search_term_string}"},"query-input":{"@type":"PropertyValueSpecification","valueRequired":true,"valueName":"search_term_string"}}],"inLanguage":"de"},{"@type":"Organization","@id":"https:\/\/www.safinel.fr\/#organization","name":"Safinel","url":"https:\/\/www.safinel.fr\/","logo":{"@type":"ImageObject","inLanguage":"de","@id":"https:\/\/www.safinel.fr\/#\/schema\/logo\/image\/","url":"https:\/\/www.safinel.fr\/wp-content\/uploads\/2021\/05\/boutique-cosmetique.png","contentUrl":"https:\/\/www.safinel.fr\/wp-content\/uploads\/2021\/05\/boutique-cosmetique.png","width":800,"height":200,"caption":"Safinel"},"image":{"@id":"https:\/\/www.safinel.fr\/#\/schema\/logo\/image\/"}}]}},"_links":{"self":[{"href":"https:\/\/www.safinel.fr\/de\/wp-json\/wp\/v2\/product\/3537","targetHints":{"allow":["GET"]}}],"collection":[{"href":"https:\/\/www.safinel.fr\/de\/wp-json\/wp\/v2\/product"}],"about":[{"href":"https:\/\/www.safinel.fr\/de\/wp-json\/wp\/v2\/types\/product"}],"wp:featuredmedia":[{"embeddable":true,"href":"https:\/\/www.safinel.fr\/de\/wp-json\/wp\/v2\/media\/4094"}],"wp:attachment":[{"href":"https:\/\/www.safinel.fr\/de\/wp-json\/wp\/v2\/media?parent=3537"}],"wp:term":[{"taxonomy":"product_brand","embeddable":true,"href":"https:\/\/www.safinel.fr\/de\/wp-json\/wp\/v2\/product_brand?post=3537"},{"taxonomy":"product_cat","embeddable":true,"href":"https:\/\/www.safinel.fr\/de\/wp-json\/wp\/v2\/product_cat?post=3537"},{"taxonomy":"product_tag","embeddable":true,"href":"https:\/\/www.safinel.fr\/de\/wp-json\/wp\/v2\/product_tag?post=3537"}],"curies":[{"name":"wp","href":"https:\/\/api.w.org\/{rel}","templated":true}]}}