{"id":3524,"date":"2021-11-15T12:22:12","date_gmt":"2021-11-15T12:22:12","guid":{"rendered":"https:\/\/www.safinel.fr\/?post_type=product&#038;p=3524"},"modified":"2024-10-16T17:39:16","modified_gmt":"2024-10-16T17:39:16","slug":"ol-aus-touloucouna","status":"publish","type":"product","link":"https:\/\/www.safinel.fr\/de\/product-2\/ol-aus-touloucouna\/","title":{"rendered":"Touloucouna-\u00d6l 100g"},"content":{"rendered":"<p><strong>Das \u00d6l von Touloucouna\u00a0<\/strong>ist auch bekannt unter dem Namen\u2019<strong>Carapa-\u00d6l<\/strong>, oder\u00a0<strong>Crabwood<\/strong>. Wenn Ihnen der Name nichts sagt, lassen Sie sich von uns etwas mehr \u00fcber sie erz\u00e4hlen. Seine Eigenschaften sind es wert, dass man ihm Aufmerksamkeit schenkt!<\/p>\n<h2><strong>\u00d6l aus Touloucouna: Wenn Afrika uns das Beste schenkt\u00a0<\/strong><\/h2>\n<p>Wieder einmal \u00fcberrascht uns der afrikanische Kontinent mit einer wahrlich nicht allt\u00e4glichen Pflanze. Genau wie der\u00a0<a href=\"https:\/\/www.safinel.fr\/de\/product-2\/karite-vegetal-butter-brut-certified-organic-100ml\/\"><strong>Karit\u00e9<\/strong><\/a>, Unser wertvolles Touloucouna-\u00d6l wird aus einer Nuss gewonnen, die wiederum aus dem Carapa Procera-Baum stammt. Ihr Name stammt aus dem Mandingo-Gebiet, da sie haupts\u00e4chlich im Senegal vorkommt.<\/p>\n<p>Betrachtet als eine\u00a0<strong>seltenes Pflanzen\u00f6l<\/strong>, Die Pflanze ist f\u00fcr die lokale Bev\u00f6lkerung sehr wichtig. Sie wird haupts\u00e4chlich wegen ihrer medizinischen und kosmetischen Eigenschaften verwendet.<\/p>\n<h2><strong>Die Eigenschaften von Touloucouna\u00f6l\u00a0<\/strong><\/h2>\n<p>Dieses Carapa-\u00d6l hat viele Eigenschaften:<\/p>\n<p><strong>F\u00fcr die Haut\u00a0<\/strong><\/p>\n<ul>\n<li>Beruhigt unangenehme Hauterscheinungen (Juckreiz, Trockenheit...)<\/li>\n<li>Regenerierende und reparierende Eigenschaften<\/li>\n<li>Sehr n\u00e4hrend<\/li>\n<li>Mildert das Erscheinungsbild von Cellulite<\/li>\n<li>Beugt vorzeitiger Hautalterung vor<\/li>\n<\/ul>\n<p><strong>Seine Vorteile f\u00fcr das Haar\u00a0<\/strong><\/p>\n<ul>\n<li>Gegen Schuppen<\/li>\n<li>Empfohlen f\u00fcr trockenes und gesch\u00e4digtes Haar<\/li>\n<li>Verleiht dem Haar Glanz<\/li>\n<li>Beruhigt empfindliche Kopfhaut<\/li>\n<\/ul>\n<p><strong>F\u00fcr die Gesundheit\u00a0<\/strong><\/p>\n<p>Wohltuend als Massage\u00f6l gegen Muskel- oder Gelenkschmerzen<\/p>\n<h2><strong>Wie wird dieser kosmetische Inhaltsstoff verwendet?\u00a0<\/strong><\/h2>\n<p>Es kann auch in einem \u00d6lbad verwendet werden, z. B. gemischt mit\u00a0<strong>Rizinus<\/strong>\u00a0oder von\u00a0<strong>Affenbrotbaum-\u00d6l,<\/strong>\u00a0zum Beispiel.<\/p>\n<p>Au\u00dferdem kann es als Hautpflege eine Zutat sein, die man in eine selbstgemachte Zubereitung einbauen kann. Wie in einer n\u00e4hrenden Creme oder einer festen Seife!<\/p>\n<p>Sie kann auch pur auf die Haut aufgetragen und einmassiert werden, um schmerzende Stellen zu lindern. Da sein Duft recht neutral ist, k\u00f6nnen Sie einen nat\u00fcrlichen Duftstoff oder auch ein \u00e4therisches \u00d6l verwenden, wenn Sie das d\u00fcrfen!<\/p>\n<h3><strong>Vorsichtsma\u00dfnahmen\u00a0<\/strong><\/h3>\n<p>Nur f\u00fcr den \u00e4u\u00dferen Gebrauch geeignet.<\/p>\n<p>Au\u00dferdem wird sie wegen ihres sehr bitteren Geschmacks nicht f\u00fcr die Lippenpflege empfohlen.<\/p>","protected":false},"excerpt":{"rendered":"<p>L\u2019huile de touloucouna\u00a0est \u00e9galement connue sous le nom d\u2019huile de Carapa, ou encore\u00a0Crabwood. Si son nom ne vous dit rien, laissez-nous vous en dire davantage \u00e0 son sujet. Ses propri\u00e9t\u00e9s sont telles qu\u2019elle m\u00e9rite largement que l\u2019on y pr\u00eate attention ! Huile de touloucouna : quand l\u2019Afrique nous offre le meilleur\u00a0 Une fois de plus, [&#8230;]","protected":false},"featured_media":4355,"template":"","meta":[],"product_brand":[],"product_cat":[122,41],"product_tag":[],"class_list":{"0":"post-3524","1":"product","2":"type-product","3":"status-publish","4":"has-post-thumbnail","6":"product_cat-huile-vegetale","7":"product_cat-produits-naturels-divers","9":"first","10":"instock","11":"shipping-taxable","12":"purchasable","13":"product-type-simple"},"yoast_head":"<!-- This site is optimized with the Yoast SEO plugin v26.6 - https:\/\/yoast.com\/wordpress\/plugins\/seo\/ -->\n<title>Huile de touloucouna I Huile de Carapa I Bienfaits nombreux<\/title>\n<meta name=\"description\" content=\"L\u2019huile de touloucouna\u00a0est \u00e9galement connue sous le nom d\u2019huile de Carapa, ou encore\u00a0Crabwood. Adoptez-l\u00e0 sans plus attendre !\" \/>\n<meta name=\"robots\" content=\"index, follow, max-snippet:-1, max-image-preview:large, max-video-preview:-1\" \/>\n<link rel=\"canonical\" href=\"https:\/\/www.safinel.fr\/de\/product-2\/ol-aus-touloucouna\/\" \/>\n<meta property=\"og:locale\" content=\"de_DE\" \/>\n<meta property=\"og:type\" content=\"article\" \/>\n<meta property=\"og:title\" content=\"Huile de touloucouna I Huile de Carapa I Bienfaits nombreux\" \/>\n<meta property=\"og:description\" content=\"L\u2019huile de touloucouna\u00a0est \u00e9galement connue sous le nom d\u2019huile de Carapa, ou encore\u00a0Crabwood. Adoptez-l\u00e0 sans plus attendre !\" \/>\n<meta property=\"og:url\" content=\"https:\/\/www.safinel.fr\/de\/product-2\/ol-aus-touloucouna\/\" \/>\n<meta property=\"og:site_name\" content=\"Safinel\" \/>\n<meta property=\"article:modified_time\" content=\"2024-10-16T17:39:16+00:00\" \/>\n<meta property=\"og:image\" content=\"https:\/\/www.safinel.fr\/wp-content\/uploads\/2021\/11\/huile-de-touloucouna.jpg\" \/>\n\t<meta property=\"og:image:width\" content=\"600\" \/>\n\t<meta property=\"og:image:height\" content=\"600\" \/>\n\t<meta property=\"og:image:type\" content=\"image\/jpeg\" \/>\n<meta name=\"twitter:card\" content=\"summary_large_image\" \/>\n<meta name=\"twitter:label1\" content=\"Gesch\u00e4tzte Lesezeit\" \/>\n\t<meta name=\"twitter:data1\" content=\"2\u00a0Minuten\" \/>\n<script type=\"application\/ld+json\" class=\"yoast-schema-graph\">{\"@context\":\"https:\/\/schema.org\",\"@graph\":[{\"@type\":\"WebPage\",\"@id\":\"https:\/\/www.safinel.fr\/produit\/huile-de-touloucouna\/\",\"url\":\"https:\/\/www.safinel.fr\/produit\/huile-de-touloucouna\/\",\"name\":\"Huile de touloucouna I Huile de Carapa I Bienfaits nombreux\",\"isPartOf\":{\"@id\":\"https:\/\/www.safinel.fr\/#website\"},\"primaryImageOfPage\":{\"@id\":\"https:\/\/www.safinel.fr\/produit\/huile-de-touloucouna\/#primaryimage\"},\"image\":{\"@id\":\"https:\/\/www.safinel.fr\/produit\/huile-de-touloucouna\/#primaryimage\"},\"thumbnailUrl\":\"https:\/\/www.safinel.fr\/wp-content\/uploads\/2021\/11\/huile-de-touloucouna.jpg\",\"datePublished\":\"2021-11-15T12:22:12+00:00\",\"dateModified\":\"2024-10-16T17:39:16+00:00\",\"description\":\"L\u2019huile de touloucouna\u00a0est \u00e9galement connue sous le nom d\u2019huile de Carapa, ou encore\u00a0Crabwood. Adoptez-l\u00e0 sans plus attendre !\",\"breadcrumb\":{\"@id\":\"https:\/\/www.safinel.fr\/produit\/huile-de-touloucouna\/#breadcrumb\"},\"inLanguage\":\"de\",\"potentialAction\":[{\"@type\":\"ReadAction\",\"target\":[\"https:\/\/www.safinel.fr\/produit\/huile-de-touloucouna\/\"]}]},{\"@type\":\"ImageObject\",\"inLanguage\":\"de\",\"@id\":\"https:\/\/www.safinel.fr\/produit\/huile-de-touloucouna\/#primaryimage\",\"url\":\"https:\/\/www.safinel.fr\/wp-content\/uploads\/2021\/11\/huile-de-touloucouna.jpg\",\"contentUrl\":\"https:\/\/www.safinel.fr\/wp-content\/uploads\/2021\/11\/huile-de-touloucouna.jpg\",\"width\":600,\"height\":600,\"caption\":\"Huile de touloucouna 100g\"},{\"@type\":\"BreadcrumbList\",\"@id\":\"https:\/\/www.safinel.fr\/produit\/huile-de-touloucouna\/#breadcrumb\",\"itemListElement\":[{\"@type\":\"ListItem\",\"position\":1,\"name\":\"Accueil\",\"item\":\"https:\/\/www.safinel.fr\/\"},{\"@type\":\"ListItem\",\"position\":2,\"name\":\"Boutique\",\"item\":\"https:\/\/www.safinel.fr\/boutique\/\"},{\"@type\":\"ListItem\",\"position\":3,\"name\":\"Huile de touloucouna 100g\"}]},{\"@type\":\"WebSite\",\"@id\":\"https:\/\/www.safinel.fr\/#website\",\"url\":\"https:\/\/www.safinel.fr\/\",\"name\":\"Safinel\",\"description\":\"\",\"publisher\":{\"@id\":\"https:\/\/www.safinel.fr\/#organization\"},\"potentialAction\":[{\"@type\":\"SearchAction\",\"target\":{\"@type\":\"EntryPoint\",\"urlTemplate\":\"https:\/\/www.safinel.fr\/?s={search_term_string}\"},\"query-input\":{\"@type\":\"PropertyValueSpecification\",\"valueRequired\":true,\"valueName\":\"search_term_string\"}}],\"inLanguage\":\"de\"},{\"@type\":\"Organization\",\"@id\":\"https:\/\/www.safinel.fr\/#organization\",\"name\":\"Safinel\",\"url\":\"https:\/\/www.safinel.fr\/\",\"logo\":{\"@type\":\"ImageObject\",\"inLanguage\":\"de\",\"@id\":\"https:\/\/www.safinel.fr\/#\/schema\/logo\/image\/\",\"url\":\"https:\/\/www.safinel.fr\/wp-content\/uploads\/2021\/05\/boutique-cosmetique.png\",\"contentUrl\":\"https:\/\/www.safinel.fr\/wp-content\/uploads\/2021\/05\/boutique-cosmetique.png\",\"width\":800,\"height\":200,\"caption\":\"Safinel\"},\"image\":{\"@id\":\"https:\/\/www.safinel.fr\/#\/schema\/logo\/image\/\"}}]}<\/script>\n<!-- \/ Yoast SEO plugin. -->","yoast_head_json":{"title":"Touloucouna-\u00d6l I Carapa-\u00d6l I Zahlreiche Vorteile","description":"Touloucouna\u00f6l ist auch unter den Namen Carapa- oder Crabwood\u00f6l bekannt. Sie sollten es unbedingt verwenden!","robots":{"index":"index","follow":"follow","max-snippet":"max-snippet:-1","max-image-preview":"max-image-preview:large","max-video-preview":"max-video-preview:-1"},"canonical":"https:\/\/www.safinel.fr\/de\/product-2\/ol-aus-touloucouna\/","og_locale":"de_DE","og_type":"article","og_title":"Huile de touloucouna I Huile de Carapa I Bienfaits nombreux","og_description":"L\u2019huile de touloucouna\u00a0est \u00e9galement connue sous le nom d\u2019huile de Carapa, ou encore\u00a0Crabwood. Adoptez-l\u00e0 sans plus attendre !","og_url":"https:\/\/www.safinel.fr\/de\/product-2\/ol-aus-touloucouna\/","og_site_name":"Safinel","article_modified_time":"2024-10-16T17:39:16+00:00","og_image":[{"width":600,"height":600,"url":"https:\/\/www.safinel.fr\/wp-content\/uploads\/2021\/11\/huile-de-touloucouna.jpg","type":"image\/jpeg"}],"twitter_card":"summary_large_image","twitter_misc":{"Gesch\u00e4tzte Lesezeit":"2\u00a0Minuten"},"schema":{"@context":"https:\/\/schema.org","@graph":[{"@type":"WebPage","@id":"https:\/\/www.safinel.fr\/produit\/huile-de-touloucouna\/","url":"https:\/\/www.safinel.fr\/produit\/huile-de-touloucouna\/","name":"Touloucouna-\u00d6l I Carapa-\u00d6l I Zahlreiche Vorteile","isPartOf":{"@id":"https:\/\/www.safinel.fr\/#website"},"primaryImageOfPage":{"@id":"https:\/\/www.safinel.fr\/produit\/huile-de-touloucouna\/#primaryimage"},"image":{"@id":"https:\/\/www.safinel.fr\/produit\/huile-de-touloucouna\/#primaryimage"},"thumbnailUrl":"https:\/\/www.safinel.fr\/wp-content\/uploads\/2021\/11\/huile-de-touloucouna.jpg","datePublished":"2021-11-15T12:22:12+00:00","dateModified":"2024-10-16T17:39:16+00:00","description":"Touloucouna\u00f6l ist auch unter den Namen Carapa- oder Crabwood\u00f6l bekannt. Sie sollten es unbedingt verwenden!","breadcrumb":{"@id":"https:\/\/www.safinel.fr\/produit\/huile-de-touloucouna\/#breadcrumb"},"inLanguage":"de","potentialAction":[{"@type":"ReadAction","target":["https:\/\/www.safinel.fr\/produit\/huile-de-touloucouna\/"]}]},{"@type":"ImageObject","inLanguage":"de","@id":"https:\/\/www.safinel.fr\/produit\/huile-de-touloucouna\/#primaryimage","url":"https:\/\/www.safinel.fr\/wp-content\/uploads\/2021\/11\/huile-de-touloucouna.jpg","contentUrl":"https:\/\/www.safinel.fr\/wp-content\/uploads\/2021\/11\/huile-de-touloucouna.jpg","width":600,"height":600,"caption":"Huile de touloucouna 100g"},{"@type":"BreadcrumbList","@id":"https:\/\/www.safinel.fr\/produit\/huile-de-touloucouna\/#breadcrumb","itemListElement":[{"@type":"ListItem","position":1,"name":"Accueil","item":"https:\/\/www.safinel.fr\/"},{"@type":"ListItem","position":2,"name":"Boutique","item":"https:\/\/www.safinel.fr\/boutique\/"},{"@type":"ListItem","position":3,"name":"Huile de touloucouna 100g"}]},{"@type":"WebSite","@id":"https:\/\/www.safinel.fr\/#website","url":"https:\/\/www.safinel.fr\/","name":"Safinel","description":"","publisher":{"@id":"https:\/\/www.safinel.fr\/#organization"},"potentialAction":[{"@type":"SearchAction","target":{"@type":"EntryPoint","urlTemplate":"https:\/\/www.safinel.fr\/?s={search_term_string}"},"query-input":{"@type":"PropertyValueSpecification","valueRequired":true,"valueName":"search_term_string"}}],"inLanguage":"de"},{"@type":"Organization","@id":"https:\/\/www.safinel.fr\/#organization","name":"Safinel","url":"https:\/\/www.safinel.fr\/","logo":{"@type":"ImageObject","inLanguage":"de","@id":"https:\/\/www.safinel.fr\/#\/schema\/logo\/image\/","url":"https:\/\/www.safinel.fr\/wp-content\/uploads\/2021\/05\/boutique-cosmetique.png","contentUrl":"https:\/\/www.safinel.fr\/wp-content\/uploads\/2021\/05\/boutique-cosmetique.png","width":800,"height":200,"caption":"Safinel"},"image":{"@id":"https:\/\/www.safinel.fr\/#\/schema\/logo\/image\/"}}]}},"_links":{"self":[{"href":"https:\/\/www.safinel.fr\/de\/wp-json\/wp\/v2\/product\/3524","targetHints":{"allow":["GET"]}}],"collection":[{"href":"https:\/\/www.safinel.fr\/de\/wp-json\/wp\/v2\/product"}],"about":[{"href":"https:\/\/www.safinel.fr\/de\/wp-json\/wp\/v2\/types\/product"}],"wp:featuredmedia":[{"embeddable":true,"href":"https:\/\/www.safinel.fr\/de\/wp-json\/wp\/v2\/media\/4355"}],"wp:attachment":[{"href":"https:\/\/www.safinel.fr\/de\/wp-json\/wp\/v2\/media?parent=3524"}],"wp:term":[{"taxonomy":"product_brand","embeddable":true,"href":"https:\/\/www.safinel.fr\/de\/wp-json\/wp\/v2\/product_brand?post=3524"},{"taxonomy":"product_cat","embeddable":true,"href":"https:\/\/www.safinel.fr\/de\/wp-json\/wp\/v2\/product_cat?post=3524"},{"taxonomy":"product_tag","embeddable":true,"href":"https:\/\/www.safinel.fr\/de\/wp-json\/wp\/v2\/product_tag?post=3524"}],"curies":[{"name":"wp","href":"https:\/\/api.w.org\/{rel}","templated":true}]}}