{"id":3466,"date":"2022-11-09T17:31:49","date_gmt":"2022-11-09T17:31:49","guid":{"rendered":"https:\/\/www.safinel.fr\/?post_type=product&#038;p=3466"},"modified":"2024-11-26T18:34:41","modified_gmt":"2024-11-26T18:34:41","slug":"jobtrane","status":"publish","type":"product","link":"https:\/\/www.safinel.fr\/de\/product-2\/jobtrane\/","title":{"rendered":"Tr\u00e4nen des Hiob (Yi yi ren \u858f\u82e1\u4ec1) 100g"},"content":{"rendered":"<p>Die Pflanze namens \u00ab\u00a0<strong>Hiobstr\u00e4ne<\/strong>\u201d in Europa oder<strong>\u00a0yi yi ren<\/strong>\u00a0in China ist wirklich beeindruckend! Urspr\u00fcnglich wurde sie vor allem als Nahrungspflanze und in der Ahnenmedizin in S\u00fcdostasien verwendet. Sp\u00e4ter wurde sie in Europa eingef\u00fchrt und f\u00fcr die Herstellung von Rosenkr\u00e4nzen angebaut. Heutzutage verwenden wir sie wegen ihrer vielen positiven Eigenschaften als Nahrungserg\u00e4nzungsmittel.<\/p>\n<h2><strong>Mehr zu yi yi rien, oder die Tr\u00e4nen Hiobs (coix lacryma-jobi)...<\/strong><\/h2>\n<p>Von seinem lateinischen Namen \u201c<strong>coix lacryma-jobi<\/strong>\u201dDiese Pflanze ist auch unter verschiedenen Bezeichnungen bekannt. Tats\u00e4chlich wird sie auch als \u201c<strong>Rosenkranzgras<\/strong>\u201d, \u201c<strong>larmille<\/strong>\u201d oder \u201c<strong>Perlenpflanze<\/strong>\u201d wegen seines Samens. Sie geh\u00f6rt zur Familie der Gr\u00e4ser und kann bis zu 3 Meter hoch werden.<\/p>\n<p>Es ist eine\u00a0<strong>Nahrungspflanze<\/strong>\u00a0mehrj\u00e4hrige Pflanze, die mehrere Eigenschaften in sich vereint. Sie wurde in S\u00fcdostasien lange Zeit als Getreide verwendet. Wenn der Samen gekocht wird, \u00e4hnelt er ein wenig einer Kaurimuschel. Fr\u00fcher stellten chinesische Frauen daraus Halsketten her, um sich zu schm\u00fccken. Vor allem aber sind sie Teil der traditionellen Medizin.<\/p>\n<p>Sp\u00e4ter wurde der\u00a0<strong>yi yi ren<\/strong>\u00a0wurde in Europa eingef\u00fchrt und kultiviert, allerdings um daraus Rosenkr\u00e4nze herzustellen. Sie ist die einzige existierende Pflanze, bei der die Samen von ihrem St\u00e4ngel in der Achse durchzogen sind, wie aufgereihte Perlen. \u00dcbrigens leitet sich ihr Name von der Form ihrer Samen ab, die wie Tr\u00e4nen aussehen.<\/p>\n<h2><strong>Die Vorteile von Hiobs Tr\u00e4ne<\/strong><\/h2>\n<p>In tropischen Gebieten ist der\u00a0<strong>coix lacryma-jobi\u00a0<\/strong>wird seit jeher als nat\u00fcrliches Heilmittel zur Behandlung verschiedener Beschwerden eingesetzt. Seine Samen enthalten zahlreiche Wirkstoffe, darunter Glyceride der Palmitins\u00e4ure. Aber auch Mineralstoffe wie Kalzium, Phosphor, Eisen, Magnesium, Natrium und Kalium. Und schlie\u00dflich enth\u00e4lt er mehrere Vitamine der Gruppe A,B (B1, B2, B6, B12) und C.<\/p>\n<p>Die\u00a0<strong>Hiobs Tr\u00e4nen<\/strong>\u00a0werden traditionell zur Linderung einer Vielzahl von Gesundheitsproblemen eingesetzt. Ernsthafte Forschungen haben jedoch noch mehr positive Eigenschaften ans Licht gebracht! Wir k\u00f6nnen unter den Krankheiten, die sie lindert, folgende finden: Allergien, Lungen- und Darm\u00f6deme, Zahnschmerzen, Lebensmittelvergiftungen, Wassereinlagerungen, Durchfall, Rheuma, schlechtes Cholesterin, Warzen, Hautprobleme...<\/p>\n<h3><strong>Eigenschaften der Lacryma-jobi-Walnuss<\/strong><\/h3>\n<ul>\n<li><strong><a href=\"https:\/\/www.safinel.fr\/de\/product-2\/kirschschwanze\/\">Diuretikum<\/a> :\u00a0<\/strong>Erh\u00f6ht die Harnsekretion. Das macht sie zu einer wirksamen Behandlung von Wassereinlagerungen, Bluthochdruck, \u00d6demen und Herzinsuffizienz.<\/li>\n<li><strong>Analgetika :\u00a0<\/strong>Lindert den Schmerz. In der Tat\u00a0<strong>yi yi ren<\/strong>\u00a0wird traditionell unter anderem zur Beruhigung von Zahnschmerzen verwendet.<\/li>\n<li><strong>Reguliert die Hormone :<\/strong>\u00a0F\u00e4higkeit, bestimmte Hormone wie Progesteron und Testosteron zu senken. Au\u00dferdem wurde ein drastischer R\u00fcckgang der Regelschmerzen festgestellt.<\/li>\n<li><strong>Allgemeines Tonikum f\u00fcr das Immun- und Nervensystem :<\/strong>\u00a0Aufgrund seiner Eigenschaften ist der\u00a0<strong>coix lacryma-jobi<\/strong>\u00a0beruhigt nerv\u00f6se Zust\u00e4nde und st\u00e4rkt das Immunsystem im Allgemeinen.<\/li>\n<li><strong>Cholesterinsenkend :<\/strong>\u00a0Eine Studie an M\u00e4usen zeigte eine Wirkung auf die Senkung des schlechten Cholesterinspiegels (bei F\u00fctterung mit\u00a0<strong>Hiobs Tr\u00e4ne)<\/strong>.<\/li>\n<li><strong>Antikrebsmittel :\u00a0<\/strong>In China haben Studien eine positive Wirkung auf die Behandlung von Bauchspeicheldr\u00fcsen-, Dickdarm-, Leber-, Lungen- und Brustkrebs sowie von Leuk\u00e4mie gezeigt.<\/li>\n<\/ul>","protected":false},"excerpt":{"rendered":"<p>Die Pflanze, die in Europa \u00abHiobstr\u00e4ne\u201d oder in China \"Yi Yi Ren\" genannt wird, ist wirklich beeindruckend! Urspr\u00fcnglich wurde sie haupts\u00e4chlich als Nahrungspflanze und in der Ahnenmedizin in S\u00fcdostasien verwendet. Sp\u00e4ter wurde sie in Europa eingef\u00fchrt und f\u00fcr die Herstellung von Rosenkr\u00e4nzen angebaut. Heutzutage verwenden wir sie als [...].","protected":false},"featured_media":3467,"template":"","meta":[],"product_brand":[],"product_cat":[108],"product_tag":[],"class_list":{"0":"post-3466","1":"product","2":"type-product","3":"status-publish","4":"has-post-thumbnail","6":"product_cat-plantes-asiatiques","8":"first","9":"outofstock","10":"shipping-taxable","11":"purchasable","12":"product-type-simple"},"yoast_head":"<!-- This site is optimized with the Yoast SEO plugin v26.6 - https:\/\/yoast.com\/wordpress\/plugins\/seo\/ -->\n<title>Larme de Job I Yi Yi Ren I Plante aux bienfaits nombreux<\/title>\n<meta name=\"description\" content=\"La plante appel\u00e9e &quot;larme de Job\u201d en Europe ou\u00a0yi yi ren\u00a0en Chine est vraiment impressionnante ! D\u00e9couvrez-l\u00e0 sans plus attendre !\" \/>\n<meta name=\"robots\" content=\"index, follow, max-snippet:-1, max-image-preview:large, max-video-preview:-1\" \/>\n<link rel=\"canonical\" href=\"https:\/\/www.safinel.fr\/de\/product-2\/jobtrane\/\" \/>\n<meta property=\"og:locale\" content=\"de_DE\" \/>\n<meta property=\"og:type\" content=\"article\" \/>\n<meta property=\"og:title\" content=\"Larme de Job I Yi Yi Ren I Plante aux bienfaits nombreux\" \/>\n<meta property=\"og:description\" content=\"La plante appel\u00e9e &quot;larme de Job\u201d en Europe ou\u00a0yi yi ren\u00a0en Chine est vraiment impressionnante ! D\u00e9couvrez-l\u00e0 sans plus attendre !\" \/>\n<meta property=\"og:url\" content=\"https:\/\/www.safinel.fr\/de\/product-2\/jobtrane\/\" \/>\n<meta property=\"og:site_name\" content=\"Safinel\" \/>\n<meta property=\"article:modified_time\" content=\"2024-11-26T18:34:41+00:00\" \/>\n<meta property=\"og:image\" content=\"https:\/\/www.safinel.fr\/wp-content\/uploads\/2022\/11\/larme-de-job-Yi-yi-ren.jpg\" \/>\n\t<meta property=\"og:image:width\" content=\"600\" \/>\n\t<meta property=\"og:image:height\" content=\"600\" \/>\n\t<meta property=\"og:image:type\" content=\"image\/jpeg\" \/>\n<meta name=\"twitter:card\" content=\"summary_large_image\" \/>\n<meta name=\"twitter:label1\" content=\"Gesch\u00e4tzte Lesezeit\" \/>\n\t<meta name=\"twitter:data1\" content=\"3\u00a0Minuten\" \/>\n<script type=\"application\/ld+json\" class=\"yoast-schema-graph\">{\"@context\":\"https:\/\/schema.org\",\"@graph\":[{\"@type\":\"WebPage\",\"@id\":\"https:\/\/www.safinel.fr\/produit\/larme-de-job\/\",\"url\":\"https:\/\/www.safinel.fr\/produit\/larme-de-job\/\",\"name\":\"Larme de Job I Yi Yi Ren I Plante aux bienfaits nombreux\",\"isPartOf\":{\"@id\":\"https:\/\/www.safinel.fr\/#website\"},\"primaryImageOfPage\":{\"@id\":\"https:\/\/www.safinel.fr\/produit\/larme-de-job\/#primaryimage\"},\"image\":{\"@id\":\"https:\/\/www.safinel.fr\/produit\/larme-de-job\/#primaryimage\"},\"thumbnailUrl\":\"https:\/\/www.safinel.fr\/wp-content\/uploads\/2022\/11\/larme-de-job-Yi-yi-ren.jpg\",\"datePublished\":\"2022-11-09T17:31:49+00:00\",\"dateModified\":\"2024-11-26T18:34:41+00:00\",\"description\":\"La plante appel\u00e9e \\\"larme de Job\u201d en Europe ou\u00a0yi yi ren\u00a0en Chine est vraiment impressionnante ! D\u00e9couvrez-l\u00e0 sans plus attendre !\",\"breadcrumb\":{\"@id\":\"https:\/\/www.safinel.fr\/produit\/larme-de-job\/#breadcrumb\"},\"inLanguage\":\"de\",\"potentialAction\":[{\"@type\":\"ReadAction\",\"target\":[\"https:\/\/www.safinel.fr\/produit\/larme-de-job\/\"]}]},{\"@type\":\"ImageObject\",\"inLanguage\":\"de\",\"@id\":\"https:\/\/www.safinel.fr\/produit\/larme-de-job\/#primaryimage\",\"url\":\"https:\/\/www.safinel.fr\/wp-content\/uploads\/2022\/11\/larme-de-job-Yi-yi-ren.jpg\",\"contentUrl\":\"https:\/\/www.safinel.fr\/wp-content\/uploads\/2022\/11\/larme-de-job-Yi-yi-ren.jpg\",\"width\":600,\"height\":600,\"caption\":\"Larmes de Job (Yi yi ren \u858f\u82e1\u4ec1) 100g\"},{\"@type\":\"BreadcrumbList\",\"@id\":\"https:\/\/www.safinel.fr\/produit\/larme-de-job\/#breadcrumb\",\"itemListElement\":[{\"@type\":\"ListItem\",\"position\":1,\"name\":\"Accueil\",\"item\":\"https:\/\/www.safinel.fr\/\"},{\"@type\":\"ListItem\",\"position\":2,\"name\":\"Boutique\",\"item\":\"https:\/\/www.safinel.fr\/boutique\/\"},{\"@type\":\"ListItem\",\"position\":3,\"name\":\"Larmes de Job (Yi yi ren \u858f\u82e1\u4ec1) 100g\"}]},{\"@type\":\"WebSite\",\"@id\":\"https:\/\/www.safinel.fr\/#website\",\"url\":\"https:\/\/www.safinel.fr\/\",\"name\":\"Safinel\",\"description\":\"\",\"publisher\":{\"@id\":\"https:\/\/www.safinel.fr\/#organization\"},\"potentialAction\":[{\"@type\":\"SearchAction\",\"target\":{\"@type\":\"EntryPoint\",\"urlTemplate\":\"https:\/\/www.safinel.fr\/?s={search_term_string}\"},\"query-input\":{\"@type\":\"PropertyValueSpecification\",\"valueRequired\":true,\"valueName\":\"search_term_string\"}}],\"inLanguage\":\"de\"},{\"@type\":\"Organization\",\"@id\":\"https:\/\/www.safinel.fr\/#organization\",\"name\":\"Safinel\",\"url\":\"https:\/\/www.safinel.fr\/\",\"logo\":{\"@type\":\"ImageObject\",\"inLanguage\":\"de\",\"@id\":\"https:\/\/www.safinel.fr\/#\/schema\/logo\/image\/\",\"url\":\"https:\/\/www.safinel.fr\/wp-content\/uploads\/2021\/05\/boutique-cosmetique.png\",\"contentUrl\":\"https:\/\/www.safinel.fr\/wp-content\/uploads\/2021\/05\/boutique-cosmetique.png\",\"width\":800,\"height\":200,\"caption\":\"Safinel\"},\"image\":{\"@id\":\"https:\/\/www.safinel.fr\/#\/schema\/logo\/image\/\"}}]}<\/script>\n<!-- \/ Yoast SEO plugin. -->","yoast_head_json":{"title":"Hiobstr\u00e4ne I Yi Yi Ren I Pflanze mit vielen Vorteilen","description":"Die Pflanze, die in Europa \"Hiobstr\u00e4ne\u201d und in China \"Yi Yi Ren\" genannt wird, ist wirklich beeindruckend! Entdecken Sie sie jetzt!","robots":{"index":"index","follow":"follow","max-snippet":"max-snippet:-1","max-image-preview":"max-image-preview:large","max-video-preview":"max-video-preview:-1"},"canonical":"https:\/\/www.safinel.fr\/de\/product-2\/jobtrane\/","og_locale":"de_DE","og_type":"article","og_title":"Larme de Job I Yi Yi Ren I Plante aux bienfaits nombreux","og_description":"La plante appel\u00e9e \"larme de Job\u201d en Europe ou\u00a0yi yi ren\u00a0en Chine est vraiment impressionnante ! D\u00e9couvrez-l\u00e0 sans plus attendre !","og_url":"https:\/\/www.safinel.fr\/de\/product-2\/jobtrane\/","og_site_name":"Safinel","article_modified_time":"2024-11-26T18:34:41+00:00","og_image":[{"width":600,"height":600,"url":"https:\/\/www.safinel.fr\/wp-content\/uploads\/2022\/11\/larme-de-job-Yi-yi-ren.jpg","type":"image\/jpeg"}],"twitter_card":"summary_large_image","twitter_misc":{"Gesch\u00e4tzte Lesezeit":"3\u00a0Minuten"},"schema":{"@context":"https:\/\/schema.org","@graph":[{"@type":"WebPage","@id":"https:\/\/www.safinel.fr\/produit\/larme-de-job\/","url":"https:\/\/www.safinel.fr\/produit\/larme-de-job\/","name":"Hiobstr\u00e4ne I Yi Yi Ren I Pflanze mit vielen Vorteilen","isPartOf":{"@id":"https:\/\/www.safinel.fr\/#website"},"primaryImageOfPage":{"@id":"https:\/\/www.safinel.fr\/produit\/larme-de-job\/#primaryimage"},"image":{"@id":"https:\/\/www.safinel.fr\/produit\/larme-de-job\/#primaryimage"},"thumbnailUrl":"https:\/\/www.safinel.fr\/wp-content\/uploads\/2022\/11\/larme-de-job-Yi-yi-ren.jpg","datePublished":"2022-11-09T17:31:49+00:00","dateModified":"2024-11-26T18:34:41+00:00","description":"Die Pflanze, die in Europa \"Hiobstr\u00e4ne\u201d und in China \"Yi Yi Ren\" genannt wird, ist wirklich beeindruckend! Entdecken Sie sie jetzt!","breadcrumb":{"@id":"https:\/\/www.safinel.fr\/produit\/larme-de-job\/#breadcrumb"},"inLanguage":"de","potentialAction":[{"@type":"ReadAction","target":["https:\/\/www.safinel.fr\/produit\/larme-de-job\/"]}]},{"@type":"ImageObject","inLanguage":"de","@id":"https:\/\/www.safinel.fr\/produit\/larme-de-job\/#primaryimage","url":"https:\/\/www.safinel.fr\/wp-content\/uploads\/2022\/11\/larme-de-job-Yi-yi-ren.jpg","contentUrl":"https:\/\/www.safinel.fr\/wp-content\/uploads\/2022\/11\/larme-de-job-Yi-yi-ren.jpg","width":600,"height":600,"caption":"Larmes de Job (Yi yi ren \u858f\u82e1\u4ec1) 100g"},{"@type":"BreadcrumbList","@id":"https:\/\/www.safinel.fr\/produit\/larme-de-job\/#breadcrumb","itemListElement":[{"@type":"ListItem","position":1,"name":"Accueil","item":"https:\/\/www.safinel.fr\/"},{"@type":"ListItem","position":2,"name":"Boutique","item":"https:\/\/www.safinel.fr\/boutique\/"},{"@type":"ListItem","position":3,"name":"Larmes de Job (Yi yi ren \u858f\u82e1\u4ec1) 100g"}]},{"@type":"WebSite","@id":"https:\/\/www.safinel.fr\/#website","url":"https:\/\/www.safinel.fr\/","name":"Safinel","description":"","publisher":{"@id":"https:\/\/www.safinel.fr\/#organization"},"potentialAction":[{"@type":"SearchAction","target":{"@type":"EntryPoint","urlTemplate":"https:\/\/www.safinel.fr\/?s={search_term_string}"},"query-input":{"@type":"PropertyValueSpecification","valueRequired":true,"valueName":"search_term_string"}}],"inLanguage":"de"},{"@type":"Organization","@id":"https:\/\/www.safinel.fr\/#organization","name":"Safinel","url":"https:\/\/www.safinel.fr\/","logo":{"@type":"ImageObject","inLanguage":"de","@id":"https:\/\/www.safinel.fr\/#\/schema\/logo\/image\/","url":"https:\/\/www.safinel.fr\/wp-content\/uploads\/2021\/05\/boutique-cosmetique.png","contentUrl":"https:\/\/www.safinel.fr\/wp-content\/uploads\/2021\/05\/boutique-cosmetique.png","width":800,"height":200,"caption":"Safinel"},"image":{"@id":"https:\/\/www.safinel.fr\/#\/schema\/logo\/image\/"}}]}},"_links":{"self":[{"href":"https:\/\/www.safinel.fr\/de\/wp-json\/wp\/v2\/product\/3466","targetHints":{"allow":["GET"]}}],"collection":[{"href":"https:\/\/www.safinel.fr\/de\/wp-json\/wp\/v2\/product"}],"about":[{"href":"https:\/\/www.safinel.fr\/de\/wp-json\/wp\/v2\/types\/product"}],"wp:featuredmedia":[{"embeddable":true,"href":"https:\/\/www.safinel.fr\/de\/wp-json\/wp\/v2\/media\/3467"}],"wp:attachment":[{"href":"https:\/\/www.safinel.fr\/de\/wp-json\/wp\/v2\/media?parent=3466"}],"wp:term":[{"taxonomy":"product_brand","embeddable":true,"href":"https:\/\/www.safinel.fr\/de\/wp-json\/wp\/v2\/product_brand?post=3466"},{"taxonomy":"product_cat","embeddable":true,"href":"https:\/\/www.safinel.fr\/de\/wp-json\/wp\/v2\/product_cat?post=3466"},{"taxonomy":"product_tag","embeddable":true,"href":"https:\/\/www.safinel.fr\/de\/wp-json\/wp\/v2\/product_tag?post=3466"}],"curies":[{"name":"wp","href":"https:\/\/api.w.org\/{rel}","templated":true}]}}