{"id":3454,"date":"2022-11-07T18:59:04","date_gmt":"2022-11-07T18:59:04","guid":{"rendered":"https:\/\/www.safinel.fr\/?post_type=product&#038;p=3454"},"modified":"2024-09-01T15:41:09","modified_gmt":"2024-09-01T15:41:09","slug":"dang-shen-codonopsis-pilosula","status":"publish","type":"product","link":"https:\/\/www.safinel.fr\/de\/product-2\/dang-shen-codonopsis-pilosula\/","title":{"rendered":"Dang Shen (Codonopsis pilosula \u515a\u53c2) 100g"},"content":{"rendered":"<p>Dang Shen ist eine Pflanze aus der chinesischen Pharmakop\u00f6e. Sie wird auch als\u00a0<strong>codonopsis<\/strong>. Sie wird viel verwendet und unter anderem als\u00a0<strong>Ersatz f\u00fcr<\/strong>\u00a0Ginseng. So werden Sie verstehen, dass er vor allem wegen seiner Wirkung begehrt ist\u00a0<strong>revitalisierend<\/strong>und\u00a0<strong>energetisierend<\/strong>. Aber auch wegen seiner <strong>Stimulierung des Immunsystems.<\/strong><\/p>\n<h2><strong>Dang Shen, der Ginseng der Armen<\/strong><\/h2>\n<p>Diese Pflanze ist viel billiger als Ginseng, obwohl sie viele seiner Vorz\u00fcge hat. Aus diesem Grund wird sie auch als Ginseng der Armen bezeichnet. Es ist besser, einen guten Dang Shen zu nehmen als einen mittelm\u00e4\u00dfigen Ginseng.<\/p>\n<h2><strong>Dang Shen, ein starker Energizer<\/strong><\/h2>\n<p>Die Codonopsis-Wurzel wird einen Effekt haben\u00a0<strong>gegen M\u00fcdigkeit<\/strong>\u00a0sofort und\u00a0<strong>Sie wieder in Schwung bringen<\/strong>\u00a0! Sie wird Ihr Blut n\u00e4hren und\u00a0<strong>den Anstieg anregen\u00a0<\/strong>der wei\u00dfen und roten Blutk\u00f6rperchen. Dar\u00fcber hinaus wird es Ihr Gef\u00e4\u00dfsystem unterst\u00fctzen, damit es eine\u00a0<strong>bessere Durchblutung<\/strong>. All diese Elemente werden Ihnen\u00a0<strong>Vitalit\u00e4t und Energie<\/strong>\u00a0in Potenz als\u00a0<a href=\"https:\/\/www.safinel.fr\/de\/product-2\/tribulus\/\"><strong>der Tribble<\/strong><\/a>\u00a0die wir Ihnen empfehlen, auszuprobieren.<\/p>\n<h2><strong>Dang Shen \u515a\u53c2: Schluss mit Husten und Schleim\u00a0<\/strong><\/h2>\n<p>Diese Wirkstoffe wirken auch auf die durch chronischen Husten geschw\u00e4chte Lunge ein. Ihre Wirkung wird ihn beruhigen und Sie von Schleim befreien. So finden Sie wieder eine\u00a0<strong>normale Atmung und guter Atem<\/strong>. Bei Hustenbeschwerden empfehlen wir Ihnen auch den Gutschein\u00a0<a href=\"https:\/\/www.safinel.fr\/de\/product-2\/leukalyptushonig\/\"><strong>Eukalyptushonig<\/strong><\/a>.<\/p>\n<h3><strong>Wie bereitet man Codonopsis pilosula zu?<\/strong><\/h3>\n<p>Diese Pflanze mit ihrem Geschmack\u00a0<strong>s\u00fc\u00df<\/strong>, wird als Dekokt eingenommen. Um eine optimale Wirkung zu erzielen, trinken Sie morgens und abends eine Tasse.<\/p>\n<p>F\u00fcr Ihren t\u00e4glichen Kr\u00e4utertee nehmen Sie einen Essl\u00f6ffel voll Codonopsis (die Sie zuvor gewaschen haben). Bedecken Sie ihn mit einem Glas hei\u00dfem Wasser und lassen Sie ihn 5 Minuten ziehen. Denken Sie daran, Ihre Tasse f\u00fcr die Dauer des Aufgusses abzudecken. Wiederholen Sie den Vorgang am Abend, damit die Wirkstoffe nicht verloren gehen.<\/p>\n<p>Um den Geschmack zu variieren, kochen Sie sie als chinesische oder taiwanesische Suppe. So k\u00f6nnen Sie der ganzen Familie neue Energie geben!<\/p>","protected":false},"excerpt":{"rendered":"<p>Le Dang Shen est une plante de la pharmacop\u00e9e chinoise. Elle est aussi appel\u00e9e\u00a0codonopsis. Elle est tr\u00e8s utilis\u00e9e et entre autres comme\u00a0substitut de\u00a0Ginseng. Ainsi vous comprendrez qu\u2019elle est recherch\u00e9e avant tout, pour son effet\u00a0revitalisantet\u00a0\u00e9nergisant. Mais, aussi, pour sa stimulation du syst\u00e8me immunitaire. Le Dang Shen, le Ginseng du pauvre Cette plante est beaucoup moins ch\u00e8re [&#8230;]","protected":false},"featured_media":3456,"template":"","meta":[],"product_brand":[],"product_cat":[108],"product_tag":[],"class_list":{"0":"post-3454","1":"product","2":"type-product","3":"status-publish","4":"has-post-thumbnail","6":"product_cat-plantes-asiatiques","8":"first","9":"outofstock","10":"shipping-taxable","11":"purchasable","12":"product-type-simple"},"yoast_head":"<!-- This site is optimized with the Yoast SEO plugin v26.6 - https:\/\/yoast.com\/wordpress\/plugins\/seo\/ -->\n<title>Dang Shen \u515a\u53c2 I Codonopsis pilosula I Bienfaits nombreux<\/title>\n<meta name=\"description\" content=\"Le Dang Shen est une plante de la pharmacop\u00e9e chinoise. Elle est aussi appel\u00e9e\u00a0codonopsis. Tr\u00e8s utilis\u00e9e et entre autres comme\u00a0substitut de\u00a0Ginseng.\" \/>\n<meta name=\"robots\" content=\"index, follow, max-snippet:-1, max-image-preview:large, max-video-preview:-1\" \/>\n<link rel=\"canonical\" href=\"https:\/\/www.safinel.fr\/de\/product-2\/dang-shen-codonopsis-pilosula\/\" \/>\n<meta property=\"og:locale\" content=\"de_DE\" \/>\n<meta property=\"og:type\" content=\"article\" \/>\n<meta property=\"og:title\" content=\"Dang Shen \u515a\u53c2 I Codonopsis pilosula I Bienfaits nombreux\" \/>\n<meta property=\"og:description\" content=\"Le Dang Shen est une plante de la pharmacop\u00e9e chinoise. Elle est aussi appel\u00e9e\u00a0codonopsis. Tr\u00e8s utilis\u00e9e et entre autres comme\u00a0substitut de\u00a0Ginseng.\" \/>\n<meta property=\"og:url\" content=\"https:\/\/www.safinel.fr\/de\/product-2\/dang-shen-codonopsis-pilosula\/\" \/>\n<meta property=\"og:site_name\" content=\"Safinel\" \/>\n<meta property=\"article:modified_time\" content=\"2024-09-01T15:41:09+00:00\" \/>\n<meta property=\"og:image\" content=\"https:\/\/www.safinel.fr\/wp-content\/uploads\/2022\/11\/dang-shen.jpg\" \/>\n\t<meta property=\"og:image:width\" content=\"600\" \/>\n\t<meta property=\"og:image:height\" content=\"600\" \/>\n\t<meta property=\"og:image:type\" content=\"image\/jpeg\" \/>\n<meta name=\"twitter:card\" content=\"summary_large_image\" \/>\n<meta name=\"twitter:label1\" content=\"Gesch\u00e4tzte Lesezeit\" \/>\n\t<meta name=\"twitter:data1\" content=\"2\u00a0Minuten\" \/>\n<script type=\"application\/ld+json\" class=\"yoast-schema-graph\">{\"@context\":\"https:\/\/schema.org\",\"@graph\":[{\"@type\":\"WebPage\",\"@id\":\"https:\/\/www.safinel.fr\/produit\/dang-shen-codonopsis-pilosula\/\",\"url\":\"https:\/\/www.safinel.fr\/produit\/dang-shen-codonopsis-pilosula\/\",\"name\":\"Dang Shen \u515a\u53c2 I Codonopsis pilosula I Bienfaits nombreux\",\"isPartOf\":{\"@id\":\"https:\/\/www.safinel.fr\/#website\"},\"primaryImageOfPage\":{\"@id\":\"https:\/\/www.safinel.fr\/produit\/dang-shen-codonopsis-pilosula\/#primaryimage\"},\"image\":{\"@id\":\"https:\/\/www.safinel.fr\/produit\/dang-shen-codonopsis-pilosula\/#primaryimage\"},\"thumbnailUrl\":\"https:\/\/www.safinel.fr\/wp-content\/uploads\/2022\/11\/dang-shen.jpg\",\"datePublished\":\"2022-11-07T18:59:04+00:00\",\"dateModified\":\"2024-09-01T15:41:09+00:00\",\"description\":\"Le Dang Shen est une plante de la pharmacop\u00e9e chinoise. Elle est aussi appel\u00e9e\u00a0codonopsis. Tr\u00e8s utilis\u00e9e et entre autres comme\u00a0substitut de\u00a0Ginseng.\",\"breadcrumb\":{\"@id\":\"https:\/\/www.safinel.fr\/produit\/dang-shen-codonopsis-pilosula\/#breadcrumb\"},\"inLanguage\":\"de\",\"potentialAction\":[{\"@type\":\"ReadAction\",\"target\":[\"https:\/\/www.safinel.fr\/produit\/dang-shen-codonopsis-pilosula\/\"]}]},{\"@type\":\"ImageObject\",\"inLanguage\":\"de\",\"@id\":\"https:\/\/www.safinel.fr\/produit\/dang-shen-codonopsis-pilosula\/#primaryimage\",\"url\":\"https:\/\/www.safinel.fr\/wp-content\/uploads\/2022\/11\/dang-shen.jpg\",\"contentUrl\":\"https:\/\/www.safinel.fr\/wp-content\/uploads\/2022\/11\/dang-shen.jpg\",\"width\":600,\"height\":600,\"caption\":\"dang shen\"},{\"@type\":\"BreadcrumbList\",\"@id\":\"https:\/\/www.safinel.fr\/produit\/dang-shen-codonopsis-pilosula\/#breadcrumb\",\"itemListElement\":[{\"@type\":\"ListItem\",\"position\":1,\"name\":\"Accueil\",\"item\":\"https:\/\/www.safinel.fr\/\"},{\"@type\":\"ListItem\",\"position\":2,\"name\":\"Boutique\",\"item\":\"https:\/\/www.safinel.fr\/boutique\/\"},{\"@type\":\"ListItem\",\"position\":3,\"name\":\"Dang Shen (Codonopsis pilosula \u515a\u53c2) 100g\"}]},{\"@type\":\"WebSite\",\"@id\":\"https:\/\/www.safinel.fr\/#website\",\"url\":\"https:\/\/www.safinel.fr\/\",\"name\":\"Safinel\",\"description\":\"\",\"publisher\":{\"@id\":\"https:\/\/www.safinel.fr\/#organization\"},\"potentialAction\":[{\"@type\":\"SearchAction\",\"target\":{\"@type\":\"EntryPoint\",\"urlTemplate\":\"https:\/\/www.safinel.fr\/?s={search_term_string}\"},\"query-input\":{\"@type\":\"PropertyValueSpecification\",\"valueRequired\":true,\"valueName\":\"search_term_string\"}}],\"inLanguage\":\"de\"},{\"@type\":\"Organization\",\"@id\":\"https:\/\/www.safinel.fr\/#organization\",\"name\":\"Safinel\",\"url\":\"https:\/\/www.safinel.fr\/\",\"logo\":{\"@type\":\"ImageObject\",\"inLanguage\":\"de\",\"@id\":\"https:\/\/www.safinel.fr\/#\/schema\/logo\/image\/\",\"url\":\"https:\/\/www.safinel.fr\/wp-content\/uploads\/2021\/05\/boutique-cosmetique.png\",\"contentUrl\":\"https:\/\/www.safinel.fr\/wp-content\/uploads\/2021\/05\/boutique-cosmetique.png\",\"width\":800,\"height\":200,\"caption\":\"Safinel\"},\"image\":{\"@id\":\"https:\/\/www.safinel.fr\/#\/schema\/logo\/image\/\"}}]}<\/script>\n<!-- \/ Yoast SEO plugin. -->","yoast_head_json":{"title":"Dang Shen \u515a\u53c2 I Codonopsis pilosula I Zahlreiche Vorteile","description":"Dang Shen ist eine Pflanze aus der chinesischen Pharmakop\u00f6e. Sie wird auch Codonopsis genannt. Sie wird h\u00e4ufig und unter anderem als Ersatz f\u00fcr Ginseng verwendet.","robots":{"index":"index","follow":"follow","max-snippet":"max-snippet:-1","max-image-preview":"max-image-preview:large","max-video-preview":"max-video-preview:-1"},"canonical":"https:\/\/www.safinel.fr\/de\/product-2\/dang-shen-codonopsis-pilosula\/","og_locale":"de_DE","og_type":"article","og_title":"Dang Shen \u515a\u53c2 I Codonopsis pilosula I Bienfaits nombreux","og_description":"Le Dang Shen est une plante de la pharmacop\u00e9e chinoise. Elle est aussi appel\u00e9e\u00a0codonopsis. Tr\u00e8s utilis\u00e9e et entre autres comme\u00a0substitut de\u00a0Ginseng.","og_url":"https:\/\/www.safinel.fr\/de\/product-2\/dang-shen-codonopsis-pilosula\/","og_site_name":"Safinel","article_modified_time":"2024-09-01T15:41:09+00:00","og_image":[{"width":600,"height":600,"url":"https:\/\/www.safinel.fr\/wp-content\/uploads\/2022\/11\/dang-shen.jpg","type":"image\/jpeg"}],"twitter_card":"summary_large_image","twitter_misc":{"Gesch\u00e4tzte Lesezeit":"2\u00a0Minuten"},"schema":{"@context":"https:\/\/schema.org","@graph":[{"@type":"WebPage","@id":"https:\/\/www.safinel.fr\/produit\/dang-shen-codonopsis-pilosula\/","url":"https:\/\/www.safinel.fr\/produit\/dang-shen-codonopsis-pilosula\/","name":"Dang Shen \u515a\u53c2 I Codonopsis pilosula I Zahlreiche Vorteile","isPartOf":{"@id":"https:\/\/www.safinel.fr\/#website"},"primaryImageOfPage":{"@id":"https:\/\/www.safinel.fr\/produit\/dang-shen-codonopsis-pilosula\/#primaryimage"},"image":{"@id":"https:\/\/www.safinel.fr\/produit\/dang-shen-codonopsis-pilosula\/#primaryimage"},"thumbnailUrl":"https:\/\/www.safinel.fr\/wp-content\/uploads\/2022\/11\/dang-shen.jpg","datePublished":"2022-11-07T18:59:04+00:00","dateModified":"2024-09-01T15:41:09+00:00","description":"Dang Shen ist eine Pflanze aus der chinesischen Pharmakop\u00f6e. Sie wird auch Codonopsis genannt. Sie wird h\u00e4ufig und unter anderem als Ersatz f\u00fcr Ginseng verwendet.","breadcrumb":{"@id":"https:\/\/www.safinel.fr\/produit\/dang-shen-codonopsis-pilosula\/#breadcrumb"},"inLanguage":"de","potentialAction":[{"@type":"ReadAction","target":["https:\/\/www.safinel.fr\/produit\/dang-shen-codonopsis-pilosula\/"]}]},{"@type":"ImageObject","inLanguage":"de","@id":"https:\/\/www.safinel.fr\/produit\/dang-shen-codonopsis-pilosula\/#primaryimage","url":"https:\/\/www.safinel.fr\/wp-content\/uploads\/2022\/11\/dang-shen.jpg","contentUrl":"https:\/\/www.safinel.fr\/wp-content\/uploads\/2022\/11\/dang-shen.jpg","width":600,"height":600,"caption":"dang shen"},{"@type":"BreadcrumbList","@id":"https:\/\/www.safinel.fr\/produit\/dang-shen-codonopsis-pilosula\/#breadcrumb","itemListElement":[{"@type":"ListItem","position":1,"name":"Accueil","item":"https:\/\/www.safinel.fr\/"},{"@type":"ListItem","position":2,"name":"Boutique","item":"https:\/\/www.safinel.fr\/boutique\/"},{"@type":"ListItem","position":3,"name":"Dang Shen (Codonopsis pilosula \u515a\u53c2) 100g"}]},{"@type":"WebSite","@id":"https:\/\/www.safinel.fr\/#website","url":"https:\/\/www.safinel.fr\/","name":"Safinel","description":"","publisher":{"@id":"https:\/\/www.safinel.fr\/#organization"},"potentialAction":[{"@type":"SearchAction","target":{"@type":"EntryPoint","urlTemplate":"https:\/\/www.safinel.fr\/?s={search_term_string}"},"query-input":{"@type":"PropertyValueSpecification","valueRequired":true,"valueName":"search_term_string"}}],"inLanguage":"de"},{"@type":"Organization","@id":"https:\/\/www.safinel.fr\/#organization","name":"Safinel","url":"https:\/\/www.safinel.fr\/","logo":{"@type":"ImageObject","inLanguage":"de","@id":"https:\/\/www.safinel.fr\/#\/schema\/logo\/image\/","url":"https:\/\/www.safinel.fr\/wp-content\/uploads\/2021\/05\/boutique-cosmetique.png","contentUrl":"https:\/\/www.safinel.fr\/wp-content\/uploads\/2021\/05\/boutique-cosmetique.png","width":800,"height":200,"caption":"Safinel"},"image":{"@id":"https:\/\/www.safinel.fr\/#\/schema\/logo\/image\/"}}]}},"_links":{"self":[{"href":"https:\/\/www.safinel.fr\/de\/wp-json\/wp\/v2\/product\/3454","targetHints":{"allow":["GET"]}}],"collection":[{"href":"https:\/\/www.safinel.fr\/de\/wp-json\/wp\/v2\/product"}],"about":[{"href":"https:\/\/www.safinel.fr\/de\/wp-json\/wp\/v2\/types\/product"}],"wp:featuredmedia":[{"embeddable":true,"href":"https:\/\/www.safinel.fr\/de\/wp-json\/wp\/v2\/media\/3456"}],"wp:attachment":[{"href":"https:\/\/www.safinel.fr\/de\/wp-json\/wp\/v2\/media?parent=3454"}],"wp:term":[{"taxonomy":"product_brand","embeddable":true,"href":"https:\/\/www.safinel.fr\/de\/wp-json\/wp\/v2\/product_brand?post=3454"},{"taxonomy":"product_cat","embeddable":true,"href":"https:\/\/www.safinel.fr\/de\/wp-json\/wp\/v2\/product_cat?post=3454"},{"taxonomy":"product_tag","embeddable":true,"href":"https:\/\/www.safinel.fr\/de\/wp-json\/wp\/v2\/product_tag?post=3454"}],"curies":[{"name":"wp","href":"https:\/\/api.w.org\/{rel}","templated":true}]}}