{"id":3452,"date":"2022-11-07T17:37:34","date_gmt":"2022-11-07T17:37:34","guid":{"rendered":"https:\/\/www.safinel.fr\/?post_type=product&#038;p=3452"},"modified":"2024-11-25T20:45:40","modified_gmt":"2024-11-25T20:45:40","slug":"jie-geng-wurzeln-von-platycodon","status":"publish","type":"product","link":"https:\/\/www.safinel.fr\/de\/product-2\/jie-geng-wurzeln-von-platycodon\/","title":{"rendered":"Jie geng (Platycodon-Wurzeln \u6854\u6897) 100g"},"content":{"rendered":"<p>Aus Asien stammend Jie geng die\u00a0<strong>Platycodonwurzeln<\/strong>\u00a0<strong>grandiflorus<\/strong>\u00a0oder Wurzeln von\u00a0<strong>blaue Ballonblumen\u00a0<\/strong>enthalten viele medizinische Eigenschaften. Diese helfen Ihnen unter anderem dabei\u00a0<strong>einen besseren Winter verbringen\u00a0<\/strong>! Entdecken Sie ohne weitere Verz\u00f6gerung alle ihre Vorteile!<\/p>\n<h2><strong>Jie geng Platycodon-Wurzeln: Was ist das?<\/strong><\/h2>\n<p>Die\u00a0<strong>blaue Ballonblume<\/strong>\u00a0(oder lateinisch platycodon, was so viel bedeutet wie \u00ab\u00a0<strong>gro\u00dfe Glocke<\/strong>\u00a0\u00bb) ist eine mehrj\u00e4hrige Pflanze, die aus Ostasien importiert wurde. Sie produziert gro\u00dfe, erhabene, blau\/violette, glockenf\u00f6rmige Bl\u00fcten, daher der lateinische Name.<\/p>\n<p>Sein allgemeiner Name \u00ab\u00a0<strong>blaue Ballonblume<\/strong>\u00a0\u00bb spiegelt auch wider, was diese Pflanze zu einer so besonderen Blume macht. Ihre blauen Bl\u00fctenknospen schwellen n\u00e4mlich mit zunehmender Reife an (wie ein Ballon) und platzen schlie\u00dflich zu einem wundersch\u00f6nen f\u00fcnfzackigen Stern auf.<\/p>\n<p>Sie ist eine erhabene Zierblume, die es zu bewundern gilt. Allerdings ist das noch nicht alles, ihre Wurzel ist eine\u00a0<strong>essbare Heilpflanze sehr nachgewiesen<\/strong>\u00a0!<\/p>\n<p>Sie ist auf M\u00e4rkten in ganz Asien zu finden, wo sie beliebt ist. Sie bildet ein Gericht, das die Koreaner lieben: \u00ab?\u00ab\u00a0<strong>doraji-muchim<\/strong>\u00a0\u00bb.<\/p>\n<p>Die Wurzel hat einen Geschmack von\u00a0<strong>Haselnuss<\/strong>\u00a0mit einer Seite\u00a0<strong>bitter.<\/strong>\u00a0Das macht sie zu einer Wurzel, deren Aroma und Textur oft mit \u00ab?\u00ab\u00a0<strong>Ginseng \u00bb<\/strong>.<\/p>\n<p>Wie Sie vielleicht schon bemerkt haben, wird es wie ein echtes Gem\u00fcse verzehrt. In Korea wird er vor allem in den \u00ab?\u00ab\u00a0<strong>bibimbap \u00bb<\/strong>\u00a0oder als Beilage gemischt mit einer w\u00fcrzigen s\u00fc\u00df-sauren Sauce serviert.<\/p>\n<h2><strong>Die Heilkraft der Platycodon-Wurzeln Ji Geng<\/strong><\/h2>\n<p>Die Wurzeln von Platycodon werden auch f\u00fcr medizinische Zubereitungen aufbewahrt.<\/p>\n<p>Sie sind n\u00e4mlich reich an Saponinen, die Platycoside genannt werden. Diese weisen zahlreiche gesundheitsf\u00f6rdernde Eigenschaften auf. Darunter sind Eigenschaften :<\/p>\n<ul>\n<li>Antimikrobiell ;<\/li>\n<li>Antibakteriell ;<\/li>\n<li>Auch krebshemmend.<\/li>\n<\/ul>\n<p>Eine wissenschaftliche Studie hat au\u00dferdem gezeigt, dass\u00a0<strong>Platycodinwurzeln<\/strong>\u00a0helfen bei\u00a0<strong>den Cholesterinspiegel senken<\/strong>.<\/p>\n<p>In Korea schlie\u00dflich verwendet man die Platycodinwurzeln in Form von Tee (der \u00ab\u00a0<strong>doraji cha<\/strong>\u00a0\u00bb) wegen ihrer gesundheitsf\u00f6rdernden Eigenschaften. Sie sind Teil der\u00a0<strong>traditionelle koreanische Medizin<\/strong>\u00a0unter anderem und stellen ein Heilmittel gegen\u00a0<strong>Erk\u00e4ltung<\/strong>, Die\u00a0<strong>Husten\u00a0<\/strong>und andere\u00a0<strong>Atemwegserkrankungen<\/strong>.<\/p>\n<h3><strong>Wie verwendet man Grandiflorus-Wurzeln?<\/strong><\/h3>\n<p>Die Platycodonwurzel hat viele Vorteile, die die Koreaner zu nutzen wissen. Sie sind auch eine der Zutaten, die in der\u00a0<strong>chinesische Medizin<\/strong>. Auch Sie k\u00f6nnen die Platycodonwurzeln in Ihrem Alltag nutzen, indem Sie sie in Ihre Ern\u00e4hrung integrieren.<\/p>\n<ul>\n<li>Zun\u00e4chst einmal k\u00f6nnen Sie Ihre Platycodon-Wurzeln in roher Form verzehren, indem Sie die k\u00f6stlichen koreanischen Rezepte ausprobieren (<strong>bibimbap<\/strong>\u00a0und\u00a0<strong>doraji-muchim<\/strong>).<\/li>\n<\/ul>\n<ul>\n<li>Anschlie\u00dfend f\u00fchren Sie einen\u00a0<a href=\"https:\/\/www.safinel.fr\/de\/product-category-2\/krautertees\/\"><strong>Tee<\/strong><\/a>\u00a0oder eine\u00a0<a href=\"https:\/\/www.safinel.fr\/de\/product-category-2\/afrikanisches-aphrodisiakisches-getrank\/\"><strong>Getr\u00e4nk<\/strong><\/a>\u00a0in die Sie Ihre Pflanze hineingeben werden. So profitieren Sie den ganzen Winter \u00fcber von ihrer Heilkraft!<\/li>\n<\/ul>\n<ul>\n<li>Lassen Sie schlie\u00dflich Ihren W\u00fcnschen und Ihrer Fantasie freien Lauf und bereiten Sie Ihre Platycodonwurzeln so zu, wie Sie sie haben m\u00f6chten!<\/li>\n<\/ul>\n<p>Heilpflanzen sind sehr wirksam und helfen bei der Linderung vieler Beschwerden, ersetzen aber nicht die medizinische Behandlung durch einen Arzt.<\/p>\n<p>Wenn Sie unter \u00e4rztlicher Behandlung stehen, sollten Sie vor der Einnahme von Nahrungserg\u00e4nzungsmitteln immer Ihren Arzt um Rat fragen.<\/p>","protected":false},"excerpt":{"rendered":"<p>Die aus Asien stammenden Jie geng-Wurzeln von Platycodon grandiflorus oder blauen Ballonblumenwurzeln besitzen zahlreiche medizinische Eigenschaften. Diese helfen Ihnen unter anderem dabei, besser durch den Winter zu kommen! Entdecken Sie jetzt alle ihre Vorteile! Die Wurzeln von Platycodon Jie geng: Was ist das? Die blaue Ballonblume (oder Platycodon, was auf Lateinisch \u00abgro\u00dfe Glocke\u00bb bedeutet) ist eine Pflanze [\u2026]","protected":false},"featured_media":3453,"template":"","meta":[],"product_brand":[],"product_cat":[108],"product_tag":[],"class_list":{"0":"post-3452","1":"product","2":"type-product","3":"status-publish","4":"has-post-thumbnail","6":"product_cat-plantes-asiatiques","8":"first","9":"outofstock","10":"shipping-taxable","11":"purchasable","12":"product-type-simple"},"yoast_head":"<!-- This site is optimized with the Yoast SEO plugin v26.6 - https:\/\/yoast.com\/wordpress\/plugins\/seo\/ -->\n<title>Jie geng I Platycodon grandiflorus I Bienfaits nombreux<\/title>\n<meta name=\"description\" content=\"Originaires d\u2019Asie Jie geng les\u00a0racines de platycodon\u00a0grandiflorus\u00a0ou racines de\u00a0fleurs de ballons bleues\u00a0renferment de nombreuses propri\u00e9t\u00e9s m\u00e9dicinales.\" \/>\n<meta name=\"robots\" content=\"index, follow, max-snippet:-1, max-image-preview:large, max-video-preview:-1\" \/>\n<link rel=\"canonical\" href=\"https:\/\/www.safinel.fr\/de\/product-2\/jie-geng-wurzeln-von-platycodon\/\" \/>\n<meta property=\"og:locale\" content=\"de_DE\" \/>\n<meta property=\"og:type\" content=\"article\" \/>\n<meta property=\"og:title\" content=\"Jie geng I Platycodon grandiflorus I Bienfaits nombreux\" \/>\n<meta property=\"og:description\" content=\"Originaires d\u2019Asie Jie geng les\u00a0racines de platycodon\u00a0grandiflorus\u00a0ou racines de\u00a0fleurs de ballons bleues\u00a0renferment de nombreuses propri\u00e9t\u00e9s m\u00e9dicinales.\" \/>\n<meta property=\"og:url\" content=\"https:\/\/www.safinel.fr\/de\/product-2\/jie-geng-wurzeln-von-platycodon\/\" \/>\n<meta property=\"og:site_name\" content=\"Safinel\" \/>\n<meta property=\"article:modified_time\" content=\"2024-11-25T20:45:40+00:00\" \/>\n<meta property=\"og:image\" content=\"https:\/\/www.safinel.fr\/wp-content\/uploads\/2022\/11\/Jie-geng.jpg\" \/>\n\t<meta property=\"og:image:width\" content=\"600\" \/>\n\t<meta property=\"og:image:height\" content=\"600\" \/>\n\t<meta property=\"og:image:type\" content=\"image\/jpeg\" \/>\n<meta name=\"twitter:card\" content=\"summary_large_image\" \/>\n<meta name=\"twitter:label1\" content=\"Gesch\u00e4tzte Lesezeit\" \/>\n\t<meta name=\"twitter:data1\" content=\"3\u00a0Minuten\" \/>\n<script type=\"application\/ld+json\" class=\"yoast-schema-graph\">{\"@context\":\"https:\/\/schema.org\",\"@graph\":[{\"@type\":\"WebPage\",\"@id\":\"https:\/\/www.safinel.fr\/produit\/jie-geng-racines-de-platycodon\/\",\"url\":\"https:\/\/www.safinel.fr\/produit\/jie-geng-racines-de-platycodon\/\",\"name\":\"Jie geng I Platycodon grandiflorus I Bienfaits nombreux\",\"isPartOf\":{\"@id\":\"https:\/\/www.safinel.fr\/#website\"},\"primaryImageOfPage\":{\"@id\":\"https:\/\/www.safinel.fr\/produit\/jie-geng-racines-de-platycodon\/#primaryimage\"},\"image\":{\"@id\":\"https:\/\/www.safinel.fr\/produit\/jie-geng-racines-de-platycodon\/#primaryimage\"},\"thumbnailUrl\":\"https:\/\/www.safinel.fr\/wp-content\/uploads\/2022\/11\/Jie-geng.jpg\",\"datePublished\":\"2022-11-07T17:37:34+00:00\",\"dateModified\":\"2024-11-25T20:45:40+00:00\",\"description\":\"Originaires d\u2019Asie Jie geng les\u00a0racines de platycodon\u00a0grandiflorus\u00a0ou racines de\u00a0fleurs de ballons bleues\u00a0renferment de nombreuses propri\u00e9t\u00e9s m\u00e9dicinales.\",\"breadcrumb\":{\"@id\":\"https:\/\/www.safinel.fr\/produit\/jie-geng-racines-de-platycodon\/#breadcrumb\"},\"inLanguage\":\"de\",\"potentialAction\":[{\"@type\":\"ReadAction\",\"target\":[\"https:\/\/www.safinel.fr\/produit\/jie-geng-racines-de-platycodon\/\"]}]},{\"@type\":\"ImageObject\",\"inLanguage\":\"de\",\"@id\":\"https:\/\/www.safinel.fr\/produit\/jie-geng-racines-de-platycodon\/#primaryimage\",\"url\":\"https:\/\/www.safinel.fr\/wp-content\/uploads\/2022\/11\/Jie-geng.jpg\",\"contentUrl\":\"https:\/\/www.safinel.fr\/wp-content\/uploads\/2022\/11\/Jie-geng.jpg\",\"width\":600,\"height\":600,\"caption\":\"Jie geng (Racines de Platycodon \u6854\u6897) 100g\"},{\"@type\":\"BreadcrumbList\",\"@id\":\"https:\/\/www.safinel.fr\/produit\/jie-geng-racines-de-platycodon\/#breadcrumb\",\"itemListElement\":[{\"@type\":\"ListItem\",\"position\":1,\"name\":\"Accueil\",\"item\":\"https:\/\/www.safinel.fr\/\"},{\"@type\":\"ListItem\",\"position\":2,\"name\":\"Boutique\",\"item\":\"https:\/\/www.safinel.fr\/boutique\/\"},{\"@type\":\"ListItem\",\"position\":3,\"name\":\"Jie geng (Racines de Platycodon \u6854\u6897) 100g\"}]},{\"@type\":\"WebSite\",\"@id\":\"https:\/\/www.safinel.fr\/#website\",\"url\":\"https:\/\/www.safinel.fr\/\",\"name\":\"Safinel\",\"description\":\"\",\"publisher\":{\"@id\":\"https:\/\/www.safinel.fr\/#organization\"},\"potentialAction\":[{\"@type\":\"SearchAction\",\"target\":{\"@type\":\"EntryPoint\",\"urlTemplate\":\"https:\/\/www.safinel.fr\/?s={search_term_string}\"},\"query-input\":{\"@type\":\"PropertyValueSpecification\",\"valueRequired\":true,\"valueName\":\"search_term_string\"}}],\"inLanguage\":\"de\"},{\"@type\":\"Organization\",\"@id\":\"https:\/\/www.safinel.fr\/#organization\",\"name\":\"Safinel\",\"url\":\"https:\/\/www.safinel.fr\/\",\"logo\":{\"@type\":\"ImageObject\",\"inLanguage\":\"de\",\"@id\":\"https:\/\/www.safinel.fr\/#\/schema\/logo\/image\/\",\"url\":\"https:\/\/www.safinel.fr\/wp-content\/uploads\/2021\/05\/boutique-cosmetique.png\",\"contentUrl\":\"https:\/\/www.safinel.fr\/wp-content\/uploads\/2021\/05\/boutique-cosmetique.png\",\"width\":800,\"height\":200,\"caption\":\"Safinel\"},\"image\":{\"@id\":\"https:\/\/www.safinel.fr\/#\/schema\/logo\/image\/\"}}]}<\/script>\n<!-- \/ Yoast SEO plugin. -->","yoast_head_json":{"title":"Jie geng I Platycodon grandiflorus I Zahlreiche Vorteile","description":"Die Wurzeln der Platycodon grandiflorus oder Blauen Ballonblumenwurzel stammen aus dem asiatischen Jie geng und haben zahlreiche medizinische Eigenschaften.","robots":{"index":"index","follow":"follow","max-snippet":"max-snippet:-1","max-image-preview":"max-image-preview:large","max-video-preview":"max-video-preview:-1"},"canonical":"https:\/\/www.safinel.fr\/de\/product-2\/jie-geng-wurzeln-von-platycodon\/","og_locale":"de_DE","og_type":"article","og_title":"Jie geng I Platycodon grandiflorus I Bienfaits nombreux","og_description":"Originaires d\u2019Asie Jie geng les\u00a0racines de platycodon\u00a0grandiflorus\u00a0ou racines de\u00a0fleurs de ballons bleues\u00a0renferment de nombreuses propri\u00e9t\u00e9s m\u00e9dicinales.","og_url":"https:\/\/www.safinel.fr\/de\/product-2\/jie-geng-wurzeln-von-platycodon\/","og_site_name":"Safinel","article_modified_time":"2024-11-25T20:45:40+00:00","og_image":[{"width":600,"height":600,"url":"https:\/\/www.safinel.fr\/wp-content\/uploads\/2022\/11\/Jie-geng.jpg","type":"image\/jpeg"}],"twitter_card":"summary_large_image","twitter_misc":{"Gesch\u00e4tzte Lesezeit":"3\u00a0Minuten"},"schema":{"@context":"https:\/\/schema.org","@graph":[{"@type":"WebPage","@id":"https:\/\/www.safinel.fr\/produit\/jie-geng-racines-de-platycodon\/","url":"https:\/\/www.safinel.fr\/produit\/jie-geng-racines-de-platycodon\/","name":"Jie geng I Platycodon grandiflorus I Zahlreiche Vorteile","isPartOf":{"@id":"https:\/\/www.safinel.fr\/#website"},"primaryImageOfPage":{"@id":"https:\/\/www.safinel.fr\/produit\/jie-geng-racines-de-platycodon\/#primaryimage"},"image":{"@id":"https:\/\/www.safinel.fr\/produit\/jie-geng-racines-de-platycodon\/#primaryimage"},"thumbnailUrl":"https:\/\/www.safinel.fr\/wp-content\/uploads\/2022\/11\/Jie-geng.jpg","datePublished":"2022-11-07T17:37:34+00:00","dateModified":"2024-11-25T20:45:40+00:00","description":"Die Wurzeln der Platycodon grandiflorus oder Blauen Ballonblumenwurzel stammen aus dem asiatischen Jie geng und haben zahlreiche medizinische Eigenschaften.","breadcrumb":{"@id":"https:\/\/www.safinel.fr\/produit\/jie-geng-racines-de-platycodon\/#breadcrumb"},"inLanguage":"de","potentialAction":[{"@type":"ReadAction","target":["https:\/\/www.safinel.fr\/produit\/jie-geng-racines-de-platycodon\/"]}]},{"@type":"ImageObject","inLanguage":"de","@id":"https:\/\/www.safinel.fr\/produit\/jie-geng-racines-de-platycodon\/#primaryimage","url":"https:\/\/www.safinel.fr\/wp-content\/uploads\/2022\/11\/Jie-geng.jpg","contentUrl":"https:\/\/www.safinel.fr\/wp-content\/uploads\/2022\/11\/Jie-geng.jpg","width":600,"height":600,"caption":"Jie geng (Racines de Platycodon \u6854\u6897) 100g"},{"@type":"BreadcrumbList","@id":"https:\/\/www.safinel.fr\/produit\/jie-geng-racines-de-platycodon\/#breadcrumb","itemListElement":[{"@type":"ListItem","position":1,"name":"Accueil","item":"https:\/\/www.safinel.fr\/"},{"@type":"ListItem","position":2,"name":"Boutique","item":"https:\/\/www.safinel.fr\/boutique\/"},{"@type":"ListItem","position":3,"name":"Jie geng (Racines de Platycodon \u6854\u6897) 100g"}]},{"@type":"WebSite","@id":"https:\/\/www.safinel.fr\/#website","url":"https:\/\/www.safinel.fr\/","name":"Safinel","description":"","publisher":{"@id":"https:\/\/www.safinel.fr\/#organization"},"potentialAction":[{"@type":"SearchAction","target":{"@type":"EntryPoint","urlTemplate":"https:\/\/www.safinel.fr\/?s={search_term_string}"},"query-input":{"@type":"PropertyValueSpecification","valueRequired":true,"valueName":"search_term_string"}}],"inLanguage":"de"},{"@type":"Organization","@id":"https:\/\/www.safinel.fr\/#organization","name":"Safinel","url":"https:\/\/www.safinel.fr\/","logo":{"@type":"ImageObject","inLanguage":"de","@id":"https:\/\/www.safinel.fr\/#\/schema\/logo\/image\/","url":"https:\/\/www.safinel.fr\/wp-content\/uploads\/2021\/05\/boutique-cosmetique.png","contentUrl":"https:\/\/www.safinel.fr\/wp-content\/uploads\/2021\/05\/boutique-cosmetique.png","width":800,"height":200,"caption":"Safinel"},"image":{"@id":"https:\/\/www.safinel.fr\/#\/schema\/logo\/image\/"}}]}},"_links":{"self":[{"href":"https:\/\/www.safinel.fr\/de\/wp-json\/wp\/v2\/product\/3452","targetHints":{"allow":["GET"]}}],"collection":[{"href":"https:\/\/www.safinel.fr\/de\/wp-json\/wp\/v2\/product"}],"about":[{"href":"https:\/\/www.safinel.fr\/de\/wp-json\/wp\/v2\/types\/product"}],"wp:featuredmedia":[{"embeddable":true,"href":"https:\/\/www.safinel.fr\/de\/wp-json\/wp\/v2\/media\/3453"}],"wp:attachment":[{"href":"https:\/\/www.safinel.fr\/de\/wp-json\/wp\/v2\/media?parent=3452"}],"wp:term":[{"taxonomy":"product_brand","embeddable":true,"href":"https:\/\/www.safinel.fr\/de\/wp-json\/wp\/v2\/product_brand?post=3452"},{"taxonomy":"product_cat","embeddable":true,"href":"https:\/\/www.safinel.fr\/de\/wp-json\/wp\/v2\/product_cat?post=3452"},{"taxonomy":"product_tag","embeddable":true,"href":"https:\/\/www.safinel.fr\/de\/wp-json\/wp\/v2\/product_tag?post=3452"}],"curies":[{"name":"wp","href":"https:\/\/api.w.org\/{rel}","templated":true}]}}