{"id":3347,"date":"2022-09-30T18:43:43","date_gmt":"2022-09-30T18:43:43","guid":{"rendered":"https:\/\/www.safinel.fr\/?post_type=product&#038;p=3347"},"modified":"2023-12-28T17:15:39","modified_gmt":"2023-12-28T17:15:39","slug":"roucou-ol","status":"publish","type":"product","link":"https:\/\/www.safinel.fr\/de\/product-2\/roucou-ol\/","title":{"rendered":"Roucou-\u00d6l"},"content":{"rendered":"<p><strong>Roucou-\u00d6l<\/strong>\u00a0ist eine\u00a0<strong>\u00d6l<\/strong>\u00a0die sich aus den Vorteilen ergibt. Diese\u00a0<strong>\u00d6l<\/strong>\u00a0tugendhafte Pflanze mit dem ungew\u00f6hnlichen Namen wird in der Kosmetik, der Pharmazie und in Lebensmitteln verwendet.<\/p>\n<p>Entdecken wir gemeinsam die umwerfenden Eigenschaften dieser\u00a0<strong>\u00d6l<\/strong>\u00a0die von anderswo zu uns kommt.<\/p>\n<h2><strong>Herkunft und Eigenschaften von Roucou-\u00d6l<\/strong><\/h2>\n<p><strong>Roucou-\u00d6l<\/strong>, ist eine\u00a0<strong>\u00d6l<\/strong>\u00a0Sie stammt von einem s\u00fcdamerikanischen Strauch, der Rosenkranz genannt wird. Aus dieser sch\u00f6nen Pflanze w\u00e4chst eine wundersch\u00f6ne, herzf\u00f6rmige, r\u00f6tlich-braune, nicht zerbrechliche Frucht, die mit steifen Haaren bedeckt ist. Diese kastanien\u00e4hnliche Frucht hat mehrere Namen. \u00ab<strong>urucum<\/strong>\u00a0\u00bb, \u00ab l\u2019<strong>Lippenstiftbaum<\/strong>\u00a0\u00bb, \u00ab\u00a0<strong>Achiote<\/strong>\u00a0\u00bb, \u00ab\u00a0<strong>onoto<\/strong>\u00a0\u00bb oder \u00abder\u00a0<strong>gurren\u00a0<\/strong>\u00bb. Auf dem H\u00f6hepunkt ihrer Reife platzt die Frucht auf und gibt zahlreiche dunkelrote Samen frei. Diese haben eine starke f\u00e4rbende Wirkung.<\/p>\n<p>Es ist wichtig zu wissen, dass Str\u00e4ucher, die in einigen Teilen der Welt angebaut werden, im Rest der Welt unbekannt sind. Dies vorausgeschickt, ist diese vorteilhafte\u00a0<strong>\u00d6l<\/strong>\u00a0beginnt, bekannt zu werden.<\/p>\n<h3><strong>Eigenschaften<\/strong>\u00a0:<\/h3>\n<p><strong>Roucou-\u00d6l<\/strong>\u00a0umfasst:<\/p>\n<p>Die\u00a0<strong>Beta-Carotin<\/strong>, Vitamin E, Zink, Schwefel, Magnesium, Kalzium, Selen, Kupfer, Mangan, Ellags\u00e4ure, Norbixin, Bixin, Saponine, Gerbstoffe, Zellulose und \u00e4therische \u00d6le.<\/p>\n<p>Aus diesem Grund erweist sie sich als eine wahre Goldgrube an Vorteilen, n\u00e4mlich :<\/p>\n<ul>\n<li>Seine Macht\u00a0<strong>sch\u00fctzend und beruhigend<\/strong>\u00a0auf Ihrer Haut und Ihren Haaren gegen die UV-A-Strahlen der Sonne. Denn dank seines hohen Gehalts an Beta-Carotinen erfolgt eine\u00a0<strong>schnelle Produktion von Melanin.<\/strong>\u00a0Andererseits,\u00a0<strong>so bereitet sie die Haut vor<\/strong>\u00a0in der Sonne und\u00a0<strong>verst\u00e4rkt die Br\u00e4une<\/strong>.<\/li>\n<li>Eine Aktion\u00a0<strong>Anti-M\u00fccken- und Anti-Venenmittel<\/strong>\u00a0daher auch die Bezeichnung der Indianer als \u00abRoth\u00e4ute\u00bb. Sie schmierten sich n\u00e4mlich mit diesem\u00a0<strong>Farbton<\/strong>\u00a0um den\u00a0<strong>Sonne und Insekten<\/strong>. Ebenso wandten sie von\u00a0<strong>Urucum\u00f6l<\/strong>\u00a0auf Schlangenbisse.<\/li>\n<li><strong>Die antioxidative Wirkung<\/strong>, die hilft\u00a0<strong>Lebererkrankungen vorzubeugen<\/strong>,\u00a0<strong>Herz<\/strong>\u00a0(optimiert die Herzgesundheit.). Aber auch Krankheiten\u00a0<strong>Augen, in\u00a0<\/strong>die Augen sch\u00fctzen vor\u00a0<strong>altersbedingte Makuladegeneration<\/strong>\u00a0und\u00a0<strong>Krebserkrankungen<\/strong>.<\/li>\n<li>Seine\u00a0<strong>Anti-Falten-Wirkung<\/strong>, in\u00a0<strong>die Hautzellen sch\u00fctzen<\/strong>\u00a0oder\u00a0<strong>der Organe<\/strong>\u00a0vor den sch\u00e4dlichen Auswirkungen freier Radikale. Aus diesem Grund\u00a0<strong>Kampf<\/strong>\u00a0so gegen\u00a0<strong>vorzeitiges Altern<\/strong>.<\/li>\n<li>Die Wirkung\u00a0<strong>entz\u00fcndungshemmend<\/strong>, Sie k\u00f6nnen sich auf die\u00a0<strong>Angina<\/strong>\u00a0und\u00a0<strong>Halsschmerzen<\/strong>, Die\u00a0<strong>Entz\u00fcndungen<\/strong>\u00a0<strong>Okulare<\/strong>, l\u2019<strong>Hepatitis<\/strong>, ...<\/li>\n<li>Sie\u00a0<strong>Tonisiert<\/strong>\u00a0ein verlangsamtes Verdauungssystem und w\u00fcrde auch\u00a0<strong>schleiml\u00f6send<\/strong>.<\/li>\n<li>Seine dreifache Wirkung;\u00a0<strong>Antiseptikum<\/strong>,\u00a0<strong>antibakteriell<\/strong>\u00a0und\u00a0<strong>antimykotisch.<\/strong><\/li>\n<li>Sie\u00a0<strong>repariert und regeneriert<\/strong>\u00a0<strong>die Haut und das Haar<\/strong>,\u00a0<strong>vernarbt<\/strong>\u00a0Wunden und leichte Verletzungen,\u00a0<strong>weichmachend<\/strong>\u00a0und\u00a0<strong>n\u00e4hrend<\/strong>.<\/li>\n<\/ul>\n<h2><strong>Roucou-\u00d6l und K\u00fcchengeschichte!<\/strong><\/h2>\n<p>L<strong>\u2019Annatto-\u00d6l<\/strong>\u00a0l\u00e4dt sich auch in die Gastronomie ein! Mit seinen sch\u00f6nen r\u00f6tlichen Samen mit dreifachem Geschmack ;\u00a0<strong>bitter, fruchtig und pfeffrig<\/strong>. Dar\u00fcber hinaus, f\u00fcr ihre\u00a0\u00a0<strong>starke F\u00e4rbekraft<\/strong>. Daher tr\u00e4gt sie den Namen\u2019<strong>E160b<\/strong>\u00a0der das Derivat des\u00a0<strong>roucou<\/strong>\u00a0in der Lebensmittelindustrie.<\/p>\n<p><strong>Die Samen der Achiote<\/strong>\u00a0k\u00f6nnen verwendet werden\u00a0<strong>ganz<\/strong>, in\u00a0<strong>infundiertes \u00d6l<\/strong>,\u00a0<strong>gemahlen,<\/strong>\u00a0oder in Form von\u00a0<strong>Paste<\/strong>. Mimolette, industriell hergestelltes Vanilleeis oder Cheddar-K\u00e4se erhalten ihre Farbe durch diesen Farbstoff. Die Farbe variiert zwischen gelb und orange, je nachdem, wie hoch die Pigmentkonzentration in den Samen ist. Ihre Aromen bleiben hingegen unauff\u00e4llig. Am begehrtesten ist die Wirkung ihrer F\u00e4rbung auf Gerichte als Ersatz f\u00fcr Tomaten. Sie k\u00f6nnen Ihr eigenes\u00a0<strong>\u00d6l<\/strong>, sowie Ihre Butter\u00a0<strong>roucou<\/strong>.<\/p>\n<p>Bei den Rezepten ist f\u00fcr jeden Geschmack etwas dabei, sie passt hervorragend zu Fisch. Ansonsten gibt es eine Reihe von Rezepten, z. B. :<\/p>\n<p>Karottencremesuppe mit Kreuzk\u00fcmmel,\u00a0<strong>das \u00d6l des Annattos<\/strong>\u00a0und pochierten Garnelen. Aber auch die leckere Tortilla mit\u00a0<strong>das \u00d6l des Annattos<\/strong>, <a href=\"https:\/\/www.safinel.fr\/de\/product-2\/klebreis\/\"><strong>Reis<\/strong><\/a> pilaf\u00a0<strong>urucum<\/strong>\u00a0und Kokosnuss.<\/p>\n<h2><strong>Roucou-\u00d6l, silence on bronze!<\/strong><\/h2>\n<p>Mit der Ankunft des Sommers m\u00f6chten Sie unbedingt die Br\u00e4une Ihrer Haut verl\u00e4ngern. Warum nicht\u00a0<strong>die sch\u00f6ne goldene Farbe behalten<\/strong>,\u00a0<strong>der nicht tr\u00fcbt<\/strong>, Sie haben die M\u00f6glichkeit, sich w\u00e4hrend Ihres gesamten Urlaubs zu entspannen?<\/p>\n<p>Die L\u00f6sung ist die Anwendung von\u00a0<strong>das Br\u00e4unungs\u00f6l mit Annatto<\/strong>, Sie sollten Ihre Haut vor und nach dem Sonnenbaden sch\u00fctzen. Das bedeutet, dass Ihr\u00a0<strong>die Haut wird gut mit Feuchtigkeit versorgt<\/strong>, Die Haut wird nicht nur gut gepflegt, sie wird auch nur\u00a0<strong>Ihren Teint sublimieren<\/strong>. Dar\u00fcber hinaus wird sie schnell Ihr\u00a0<strong>\u00d6l<\/strong>\u00a0Favoritin w\u00e4hrend des Sommers und warum nicht das ganze Jahr \u00fcber.<\/p>\n<p>Um die besten Ergebnisse zu erzielen, wenden Sie au\u00dferdem Folgendes an\u00a0<strong>am Morgen<\/strong>\u00a0bevor Sie an den Strand gehen, nur auf dem K\u00f6rper. Tragen Sie dann Ihr\u00a0<strong>Br\u00e4unungs\u00f6l oder -creme<\/strong>, Sie sollten eine Sonnencreme mit SPF w\u00e4hlen, die an die Temperatur und Ihren Hauttyp angepasst ist. Effektiv,\u00a0<strong>das \u00d6l der Reku<\/strong>\u00a0ist ein\u00a0<strong>Br\u00e4unungsbooster<\/strong>\u00a0und ein\u00a0<strong>Pflege<\/strong>. Was die Pflege deiner Br\u00e4une betrifft, so vergiss nicht, dich danach wieder einzucremen.<\/p>\n<h2><strong>Roucou-\u00d6l, f\u00fcr wen?<\/strong><\/h2>\n<p><strong>Achiote-\u00d6l<\/strong>\u00a0ist vorteilhaft f\u00fcr\u00a0<strong>alle<\/strong>, au\u00dfer f\u00fcr\u00a0<strong>schwangere Frauen.<\/strong><\/p>\n<p>Das ist richtig, denn sie enth\u00e4lt eine hohe Konzentration an\u00a0<strong>Provitamin A<\/strong>. Generell gilt: Fragen Sie Ihren Arzt, Heilpraktiker oder eine andere medizinische Fachkraft um Rat, bevor Sie das Medikament einnehmen.\u2019<strong>onoto<\/strong>. Da es Durchfall oder Bauchschmerzen verursachen k\u00f6nnte. Oder ganz einfach\u00a0<strong>intolerant oder allergisch<\/strong>, Sie sollten daher bei der ersten Verwendung Vorsicht walten lassen.<\/p>\n<p>Denken Sie daran, dass\u00a0<strong>das \u00d6l des Annattos<\/strong>\u00a0ist sicherlich keine\u00a0<strong>\u00d6l<\/strong>\u00a0<strong>Besch\u00fctzerin<\/strong>\u00a0gegen die Sonne. Aber sehr wohl ein\u00a0<strong>Pflege<\/strong>\u00a0der Ihren\u00a0<strong>Schutz\u00f6l oder -creme<\/strong>\u00a0f\u00fcr\u00a0<strong>Ihre Br\u00e4une optimieren<\/strong>.<\/p>\n<p>In der K\u00fcche ist Vorsicht geboten! Bei der Herstellung Ihres eigenen\u00a0<strong>Roucou-\u00d6l<\/strong>. Dies k\u00f6nnte n\u00e4mlich zu Flecken auf Ihren Geschirrt\u00fcchern und Kleidungsst\u00fccken f\u00fchren.<\/p>\n<h2><strong>Wie wird es verwendet?<\/strong><\/h2>\n<p>Die Samen von\u00a0<strong>roucou<\/strong>\u00a0werden verbraucht in\u00a0<strong>Dekokt<\/strong>\u00a0von Bl\u00e4ttern oder Samen. Au\u00dferdem in\u00a0<strong>Wachs<\/strong>,\u00a0<strong>Paste<\/strong>\u00a0oder in Form von\u2019<strong>\u00d6l<\/strong>. In Bezug auf die\u00a0<strong>Pulver,\u00a0<\/strong>wird sie hinzugef\u00fcgt als\u00a0<strong>Aromat<\/strong>\u00a0oder\u00a0<strong>Farbstoff<\/strong>\u00a0in Kosmetikcremes.<\/p>\n<p>Hier ein Beispiel f\u00fcr einen Absud: Sie brauchen einen halben Teel\u00f6ffel Samen und Bl\u00e4tter. Anschlie\u00dfend lassen Sie es in hei\u00dfem Wasser ziehen, zehn Minuten lang und trinken bis zu drei Tassen pro Tag.<\/p>\n<p>L\u2019<strong>\u00d6l<\/strong>\u00a0wird direkt auf\u00a0<strong>die Haare<\/strong>\u00a0und\u00a0<strong>die Haut,<\/strong>\u00a0als Pflege vor und nach dem Sonnenbaden. Um ein maximales Ergebnis f\u00fcr Ihr Haar zu erzielen, entscheiden Sie sich f\u00fcr ein\u00a0<strong>\u00d6lbad,<\/strong>\u00a0w\u00e4hrend\u00a0<strong>einige Stunden<\/strong>\u00a0oder\u00a0<strong>die ganze Nacht<\/strong>. Was das Waschen angeht, so sollte es sanft sein, denken Sie daran, Ihr Haar gut auszusp\u00fclen.<\/p>\n<p>Schlie\u00dflich sollten Sie bei der Herstellung Ihrer Kosmetika einige\u00a0<strong>Tropfen \u00d6l<\/strong>\u00a0reichen aus, um Ihre Cremes, Pflegeprodukte und K\u00f6rpermilch zu verfeinern.<\/p>\n<h3><strong>Wo kann man Roucou-\u00d6l kaufen?<\/strong><\/h3>\n<p>Ganz einfach in Ihrem Online-Shop\u00a0<strong>safinel<\/strong>, Ihr\u00a0<strong>exotisches Gesch\u00e4ft par excellence<\/strong>. Sie ist nicht nur vollst\u00e4ndig in\u00a0<strong>Hygieneprodukte<\/strong>,\u00a0<strong>Heilpflanzen<\/strong>,\u00a0<strong>Tee<\/strong>\u00a0und\u00a0<strong>Kr\u00e4utertees<\/strong>,\u00a0<strong>Gew\u00fcrze<\/strong>,\u00a0<strong>Bienenkulturen<\/strong>,\u00a0<strong>Frauenhygiene<\/strong>. Aber auch in\u00a0<strong>fruchtbarkeitssteigernde Produkte<\/strong>, Bleiben Sie also dran und tun Sie Ihrer Gesundheit etwas Gutes!<\/p>","protected":false},"excerpt":{"rendered":"<p>Roucou-\u00d6l ist ein pflanzliches \u00d6l mit vielen Vorteilen. Dieses wohltuende \u00d6l mit dem ungew\u00f6hnlichen Namen wird in der Kosmetik, Pharmazie und Ern\u00e4hrung verwendet. Entdecken wir gemeinsam die erstaunlichen Eigenschaften dieses \u00d6ls, das aus fernen L\u00e4ndern zu uns kommt. Herkunft und Eigenschaften von Roucou-\u00d6l Roucou-\u00d6l wird aus einem s\u00fcdamerikanischen Strauch namens Roucouyer gewonnen. Dann entsteht [\u2026]","protected":false},"featured_media":0,"template":"","meta":[],"product_brand":[],"product_cat":[122,41],"product_tag":[],"class_list":{"0":"post-3347","1":"product","2":"type-product","3":"status-publish","5":"product_cat-huile-vegetale","6":"product_cat-produits-naturels-divers","8":"first","9":"instock","10":"shipping-taxable","11":"product-type-simple"},"yoast_head":"<!-- This site is optimized with the Yoast SEO plugin v26.6 - https:\/\/yoast.com\/wordpress\/plugins\/seo\/ -->\n<title>Huile de roucou I Bienfaits nombreux pour les cheveux<\/title>\n<meta name=\"description\" content=\"L\u2019huile de roucou\u00a0est une\u00a0huile\u00a0v\u00e9g\u00e9tale qui d\u00e9coule de bienfaits. Cette\u00a0huile est utilis\u00e9e en cosm\u00e9tique, pharmaceutique, et en alimentation.\" \/>\n<meta name=\"robots\" content=\"index, follow, max-snippet:-1, max-image-preview:large, max-video-preview:-1\" \/>\n<link rel=\"canonical\" href=\"https:\/\/www.safinel.fr\/de\/product-2\/roucou-ol\/\" \/>\n<meta property=\"og:locale\" content=\"de_DE\" \/>\n<meta property=\"og:type\" content=\"article\" \/>\n<meta property=\"og:title\" content=\"Huile de roucou I Bienfaits nombreux pour les cheveux\" \/>\n<meta property=\"og:description\" content=\"L\u2019huile de roucou\u00a0est une\u00a0huile\u00a0v\u00e9g\u00e9tale qui d\u00e9coule de bienfaits. Cette\u00a0huile est utilis\u00e9e en cosm\u00e9tique, pharmaceutique, et en alimentation.\" \/>\n<meta property=\"og:url\" content=\"https:\/\/www.safinel.fr\/de\/product-2\/roucou-ol\/\" \/>\n<meta property=\"og:site_name\" content=\"Safinel\" \/>\n<meta property=\"article:modified_time\" content=\"2023-12-28T17:15:39+00:00\" \/>\n<meta name=\"twitter:card\" content=\"summary_large_image\" \/>\n<meta name=\"twitter:label1\" content=\"Gesch\u00e4tzte Lesezeit\" \/>\n\t<meta name=\"twitter:data1\" content=\"6\u00a0Minuten\" \/>\n<script type=\"application\/ld+json\" class=\"yoast-schema-graph\">{\"@context\":\"https:\/\/schema.org\",\"@graph\":[{\"@type\":\"WebPage\",\"@id\":\"https:\/\/www.safinel.fr\/produit\/huile-de-roucou\/\",\"url\":\"https:\/\/www.safinel.fr\/produit\/huile-de-roucou\/\",\"name\":\"Huile de roucou I Bienfaits nombreux pour les cheveux\",\"isPartOf\":{\"@id\":\"https:\/\/www.safinel.fr\/#website\"},\"datePublished\":\"2022-09-30T18:43:43+00:00\",\"dateModified\":\"2023-12-28T17:15:39+00:00\",\"description\":\"L\u2019huile de roucou\u00a0est une\u00a0huile\u00a0v\u00e9g\u00e9tale qui d\u00e9coule de bienfaits. Cette\u00a0huile est utilis\u00e9e en cosm\u00e9tique, pharmaceutique, et en alimentation.\",\"breadcrumb\":{\"@id\":\"https:\/\/www.safinel.fr\/produit\/huile-de-roucou\/#breadcrumb\"},\"inLanguage\":\"de\",\"potentialAction\":[{\"@type\":\"ReadAction\",\"target\":[\"https:\/\/www.safinel.fr\/produit\/huile-de-roucou\/\"]}]},{\"@type\":\"BreadcrumbList\",\"@id\":\"https:\/\/www.safinel.fr\/produit\/huile-de-roucou\/#breadcrumb\",\"itemListElement\":[{\"@type\":\"ListItem\",\"position\":1,\"name\":\"Accueil\",\"item\":\"https:\/\/www.safinel.fr\/\"},{\"@type\":\"ListItem\",\"position\":2,\"name\":\"Boutique\",\"item\":\"https:\/\/www.safinel.fr\/boutique\/\"},{\"@type\":\"ListItem\",\"position\":3,\"name\":\"Huile de roucou\"}]},{\"@type\":\"WebSite\",\"@id\":\"https:\/\/www.safinel.fr\/#website\",\"url\":\"https:\/\/www.safinel.fr\/\",\"name\":\"Safinel\",\"description\":\"\",\"publisher\":{\"@id\":\"https:\/\/www.safinel.fr\/#organization\"},\"potentialAction\":[{\"@type\":\"SearchAction\",\"target\":{\"@type\":\"EntryPoint\",\"urlTemplate\":\"https:\/\/www.safinel.fr\/?s={search_term_string}\"},\"query-input\":{\"@type\":\"PropertyValueSpecification\",\"valueRequired\":true,\"valueName\":\"search_term_string\"}}],\"inLanguage\":\"de\"},{\"@type\":\"Organization\",\"@id\":\"https:\/\/www.safinel.fr\/#organization\",\"name\":\"Safinel\",\"url\":\"https:\/\/www.safinel.fr\/\",\"logo\":{\"@type\":\"ImageObject\",\"inLanguage\":\"de\",\"@id\":\"https:\/\/www.safinel.fr\/#\/schema\/logo\/image\/\",\"url\":\"https:\/\/www.safinel.fr\/wp-content\/uploads\/2021\/05\/boutique-cosmetique.png\",\"contentUrl\":\"https:\/\/www.safinel.fr\/wp-content\/uploads\/2021\/05\/boutique-cosmetique.png\",\"width\":800,\"height\":200,\"caption\":\"Safinel\"},\"image\":{\"@id\":\"https:\/\/www.safinel.fr\/#\/schema\/logo\/image\/\"}}]}<\/script>\n<!-- \/ Yoast SEO plugin. -->","yoast_head_json":{"title":"Roucou-\u00d6l I Zahlreiche Vorteile f\u00fcr das Haar","description":"Roucou-\u00d6l ist ein Pflanzen\u00f6l, das aus vielen Vorteilen hervorgeht. Das \u00d6l wird in der Kosmetik, der Pharmazie und in der Ern\u00e4hrung verwendet.","robots":{"index":"index","follow":"follow","max-snippet":"max-snippet:-1","max-image-preview":"max-image-preview:large","max-video-preview":"max-video-preview:-1"},"canonical":"https:\/\/www.safinel.fr\/de\/product-2\/roucou-ol\/","og_locale":"de_DE","og_type":"article","og_title":"Huile de roucou I Bienfaits nombreux pour les cheveux","og_description":"L\u2019huile de roucou\u00a0est une\u00a0huile\u00a0v\u00e9g\u00e9tale qui d\u00e9coule de bienfaits. Cette\u00a0huile est utilis\u00e9e en cosm\u00e9tique, pharmaceutique, et en alimentation.","og_url":"https:\/\/www.safinel.fr\/de\/product-2\/roucou-ol\/","og_site_name":"Safinel","article_modified_time":"2023-12-28T17:15:39+00:00","twitter_card":"summary_large_image","twitter_misc":{"Gesch\u00e4tzte Lesezeit":"6\u00a0Minuten"},"schema":{"@context":"https:\/\/schema.org","@graph":[{"@type":"WebPage","@id":"https:\/\/www.safinel.fr\/produit\/huile-de-roucou\/","url":"https:\/\/www.safinel.fr\/produit\/huile-de-roucou\/","name":"Roucou-\u00d6l I Zahlreiche Vorteile f\u00fcr das Haar","isPartOf":{"@id":"https:\/\/www.safinel.fr\/#website"},"datePublished":"2022-09-30T18:43:43+00:00","dateModified":"2023-12-28T17:15:39+00:00","description":"Roucou-\u00d6l ist ein Pflanzen\u00f6l, das aus vielen Vorteilen hervorgeht. Das \u00d6l wird in der Kosmetik, der Pharmazie und in der Ern\u00e4hrung verwendet.","breadcrumb":{"@id":"https:\/\/www.safinel.fr\/produit\/huile-de-roucou\/#breadcrumb"},"inLanguage":"de","potentialAction":[{"@type":"ReadAction","target":["https:\/\/www.safinel.fr\/produit\/huile-de-roucou\/"]}]},{"@type":"BreadcrumbList","@id":"https:\/\/www.safinel.fr\/produit\/huile-de-roucou\/#breadcrumb","itemListElement":[{"@type":"ListItem","position":1,"name":"Accueil","item":"https:\/\/www.safinel.fr\/"},{"@type":"ListItem","position":2,"name":"Boutique","item":"https:\/\/www.safinel.fr\/boutique\/"},{"@type":"ListItem","position":3,"name":"Huile de roucou"}]},{"@type":"WebSite","@id":"https:\/\/www.safinel.fr\/#website","url":"https:\/\/www.safinel.fr\/","name":"Safinel","description":"","publisher":{"@id":"https:\/\/www.safinel.fr\/#organization"},"potentialAction":[{"@type":"SearchAction","target":{"@type":"EntryPoint","urlTemplate":"https:\/\/www.safinel.fr\/?s={search_term_string}"},"query-input":{"@type":"PropertyValueSpecification","valueRequired":true,"valueName":"search_term_string"}}],"inLanguage":"de"},{"@type":"Organization","@id":"https:\/\/www.safinel.fr\/#organization","name":"Safinel","url":"https:\/\/www.safinel.fr\/","logo":{"@type":"ImageObject","inLanguage":"de","@id":"https:\/\/www.safinel.fr\/#\/schema\/logo\/image\/","url":"https:\/\/www.safinel.fr\/wp-content\/uploads\/2021\/05\/boutique-cosmetique.png","contentUrl":"https:\/\/www.safinel.fr\/wp-content\/uploads\/2021\/05\/boutique-cosmetique.png","width":800,"height":200,"caption":"Safinel"},"image":{"@id":"https:\/\/www.safinel.fr\/#\/schema\/logo\/image\/"}}]}},"_links":{"self":[{"href":"https:\/\/www.safinel.fr\/de\/wp-json\/wp\/v2\/product\/3347","targetHints":{"allow":["GET"]}}],"collection":[{"href":"https:\/\/www.safinel.fr\/de\/wp-json\/wp\/v2\/product"}],"about":[{"href":"https:\/\/www.safinel.fr\/de\/wp-json\/wp\/v2\/types\/product"}],"wp:attachment":[{"href":"https:\/\/www.safinel.fr\/de\/wp-json\/wp\/v2\/media?parent=3347"}],"wp:term":[{"taxonomy":"product_brand","embeddable":true,"href":"https:\/\/www.safinel.fr\/de\/wp-json\/wp\/v2\/product_brand?post=3347"},{"taxonomy":"product_cat","embeddable":true,"href":"https:\/\/www.safinel.fr\/de\/wp-json\/wp\/v2\/product_cat?post=3347"},{"taxonomy":"product_tag","embeddable":true,"href":"https:\/\/www.safinel.fr\/de\/wp-json\/wp\/v2\/product_tag?post=3347"}],"curies":[{"name":"wp","href":"https:\/\/api.w.org\/{rel}","templated":true}]}}