{"id":3324,"date":"2022-10-28T09:43:04","date_gmt":"2022-10-28T09:43:04","guid":{"rendered":"https:\/\/www.safinel.fr\/?post_type=product&#038;p=3324"},"modified":"2023-12-30T12:25:42","modified_gmt":"2023-12-30T12:25:42","slug":"du-zhong-eucommia-ulmoides","status":"publish","type":"product","link":"https:\/\/www.safinel.fr\/de\/product-2\/du-zhong-eucommia-ulmoides\/","title":{"rendered":"Du zhong (Eucomine-Rinde) 100g"},"content":{"rendered":"<p>Die Rinde von Eucomine Du Zhong wird wegen ihrer tonisierenden Wirkung auf den\u00a0<strong>Leber<\/strong>, am\u00a0<strong>Niere<\/strong>, Die\u00a0<strong>Sehnen<\/strong>\u00a0und die\u00a0<strong>Knochen<\/strong>. Dieses nat\u00fcrliche Arzneimittel ist Teil der chinesischen Naturheilkunde. Im Westen war es jahrhundertelang unbekannt, wird aber seit einigen Jahren immer bekannter. So findet man es regelm\u00e4\u00dfig in der phytotherapeutischen Behandlung.\u00a0<strong>Einfach zuzubereiten<\/strong>, Sie k\u00f6nnen sich zu Hause auf nat\u00fcrliche Weise erholen.<\/p>\n<h2><strong>Was ist Du Zhong Eucomine Rinde?<\/strong><\/h2>\n<p>Dieser Baum stammt aus China, kann aber auf allen feuchten B\u00f6den wachsen. Damit seine Rinde ihre belebende Wirkung entfalten kann, muss der Stamm mindestens 15 Jahre alt sein.<\/p>\n<p>Eine chinesische Legende erz\u00e4hlt von einem Mann namens\u00a0<strong>Du Zhong<\/strong>\u00a0hatte die Angewohnheit, t\u00e4glich die Rinde dieses Baumes zu verzehren. Auf diese Weise verbesserte er seine geistige Leistungsf\u00e4higkeit und seine Lebenserwartung von bis zu 100 Jahren erheblich.<\/p>\n<p>Die Rinde wurde nach diesem Mann benannt. Wenn Sie heute nach diesem nat\u00fcrlichen Heilmittel suchen, werden Sie es leichter unter diesem Namen finden.<\/p>\n<h2><strong>Eucommia ulmoides (\u675c\u4ef2): ein Nieren- und Leberbooster<\/strong><\/h2>\n<p>Die Wirkstoffe werden wirken auf\u00a0<strong>die Leber und die Niere<\/strong>. Die Leber wird dadurch\u00a0<strong>seine Vitalit\u00e4t steigern<\/strong>. Aus diesem Grund wird es viel\u00a0<strong>leistungsf\u00e4higer<\/strong>\u00a0um Energie zu speichern und an Ihren K\u00f6rper abzugeben. Dies ist eine Voraussetzung daf\u00fcr, dass Sie sich\u00a0<strong>in Form<\/strong>. Die Niere hingegen wird von \u00fcbersch\u00fcssigen Giftstoffen befreit und kann so weiterhin Ihre organischen Abfallstoffe f\u00fcr das Gleichgewicht Ihres K\u00f6rpers ausscheiden.<\/p>\n<h3><strong>Ein Blutdruckregulator<\/strong><\/h3>\n<p>Hierzulande kennt man den Baum vor allem wegen seiner Wirkung auf den K\u00f6rper.\u2019<strong>Bluthochdruck<\/strong>. Studien haben n\u00e4mlich bewiesen, dass seine Wirkung den Blutdruck senken kann. Dementsprechend wird es zur Vorbeugung eingesetzt, aber auch\u00a0<strong>Herz-Kreislauf-Erkrankungen heilen\u00a0<\/strong>da Bluthochdruck eine der Hauptursachen ist. F\u00fcr eine gute Regulierung sollten Sie au\u00dferdem versuchen\u00a0<a href=\"https:\/\/www.safinel.fr\/de\/product-2\/fumbwa-blatter\/\"><strong>die Bl\u00e4tter von Fumbwa<\/strong><\/a>\u00a0wie Gem\u00fcse zu essen<\/p>\n<h2><strong>Sehnen und Knochen mit Du Zhong st\u00e4rken<\/strong><\/h2>\n<p>Die Chinesen kennen es als ein Heilmittel, das\u00a0<strong>lindert Muskelkater<\/strong>, sondern auch die\u00a0<strong>Knochen- und B\u00e4nderschw\u00e4chen<\/strong>. Seine regelm\u00e4\u00dfige Einnahme pflegt die\u00a0<strong>R\u00fcckenschmerzen<\/strong>\u00a0und Entz\u00fcndungen insbesondere die\u2019<strong>Arthritis<\/strong>. Sie wird auch empfohlen f\u00fcr\u00a0<strong>Arthrose lindern<\/strong>.<\/p>\n<h3><strong>Der Freund von Diabetikern<\/strong><\/h3>\n<p>Die Einnahme von Du Zhong\u00a0<strong>(\u675c\u4ef2)<\/strong>, wie\u00a0<a href=\"https:\/\/www.safinel.fr\/de\/product-2\/moringa\/\"><strong>das Pulver von<\/strong>\u00a0<strong>Moringa<\/strong><\/a>, wird helfen\u00a0<strong>den Zuckerspiegel senken<\/strong>\u00a0wenn dieser zu stark ansteigt. Es ist die unverzichtbare nat\u00fcrliche Behandlung f\u00fcr Diabetiker wie die\u00a0<a href=\"https:\/\/www.safinel.fr\/de\/product-2\/rehmannia-wurzel\/\"><strong>Rehmannia-Wurzel<\/strong><\/a>. Dennoch kann es wie bei jedem nat\u00fcrlichen Medikament Wochen dauern, bis Sie \u00fcberzeugende Ergebnisse sehen.<\/p>\n<h3><strong>Kann Du Zhong allen Menschen verabreicht werden?<\/strong><\/h3>\n<p>Es ist kontraindiziert f\u00fcr Personen, die Medikamente gegen Diabetes, Bluthochdruck und alle Sorgen, die mit der Blutgerinnung zusammenh\u00e4ngen, einnehmen.<\/p>\n<h3><strong>Wie wird Eucommia ulmoides (\u675c\u4ef2) zubereitet?<\/strong><\/h3>\n<ul>\n<li>Die empfohlene Tagesdosis betr\u00e4gt 15 Gramm, die als Abkochung zubereitet werden sollten.<\/li>\n<li>Waschen und schneiden Sie die gew\u00fcnschte Menge in St\u00fccke.<\/li>\n<li>Koche es eine Viertelstunde lang und filtere es dann vor dem Trinken ab.<\/li>\n<\/ul>\n<p>Wir m\u00f6chten Sie daran erinnern, dass nat\u00fcrliche Behandlungen im Gegensatz zu chemischen Medikamenten regelm\u00e4\u00dfig und \u00fcber einen mehr oder weniger langen Zeitraum eingenommen werden m\u00fcssen, um dauerhaft zu wirken. Rechnen Sie mit 3 bis 5 Wochen, um eine \u00fcberzeugende Wirkung zu sehen.<\/p>","protected":false},"excerpt":{"rendered":"<p>Die Rinde von Eucomine Du Zhong wird wegen ihrer st\u00e4rkenden Wirkung auf Leber, Nieren, Sehnen und Knochen verwendet. Dieses Naturheilmittel ist Teil der chinesischen Naturmedizin. Im Westen jahrhundertelang unbekannt, gewinnt es seit einigen Jahren zunehmend an Bekanntheit. So findet es regelm\u00e4\u00dfig in der phytotherapeutischen Behandlung Verwendung. Es ist einfach zuzubereiten, Sie k\u00f6nnen [\u2026]","protected":false},"featured_media":3325,"template":"","meta":[],"product_brand":[],"product_cat":[15],"product_tag":[],"class_list":{"0":"post-3324","1":"product","2":"type-product","3":"status-publish","4":"has-post-thumbnail","6":"product_cat-fertilite","8":"first","9":"instock","10":"shipping-taxable","11":"purchasable","12":"product-type-simple"},"yoast_head":"<!-- This site is optimized with the Yoast SEO plugin v26.6 - https:\/\/yoast.com\/wordpress\/plugins\/seo\/ -->\n<title>Du zhong I Eucommia ulmoides (\u675c\u4ef2) I Contenance 100g<\/title>\n<meta name=\"description\" content=\"L\u2019\u00e9corce d\u2019Eucomine Du Zhong est utilis\u00e9e pour ses effets tonifiants sur le\u00a0foie, le\u00a0rein, les\u00a0tendons\u00a0et les\u00a0os. D\u00e9couvrez-l\u00e0 sans plus attendre !\" \/>\n<meta name=\"robots\" content=\"index, follow, max-snippet:-1, max-image-preview:large, max-video-preview:-1\" \/>\n<link rel=\"canonical\" href=\"https:\/\/www.safinel.fr\/de\/product-2\/du-zhong-eucommia-ulmoides\/\" \/>\n<meta property=\"og:locale\" content=\"de_DE\" \/>\n<meta property=\"og:type\" content=\"article\" \/>\n<meta property=\"og:title\" content=\"Du zhong I Eucommia ulmoides (\u675c\u4ef2) I Contenance 100g\" \/>\n<meta property=\"og:description\" content=\"L\u2019\u00e9corce d\u2019Eucomine Du Zhong est utilis\u00e9e pour ses effets tonifiants sur le\u00a0foie, le\u00a0rein, les\u00a0tendons\u00a0et les\u00a0os. D\u00e9couvrez-l\u00e0 sans plus attendre !\" \/>\n<meta property=\"og:url\" content=\"https:\/\/www.safinel.fr\/de\/product-2\/du-zhong-eucommia-ulmoides\/\" \/>\n<meta property=\"og:site_name\" content=\"Safinel\" \/>\n<meta property=\"article:modified_time\" content=\"2023-12-30T12:25:42+00:00\" \/>\n<meta property=\"og:image\" content=\"https:\/\/www.safinel.fr\/wp-content\/uploads\/2022\/10\/ecorce-dEucomine.jpg\" \/>\n\t<meta property=\"og:image:width\" content=\"600\" \/>\n\t<meta property=\"og:image:height\" content=\"600\" \/>\n\t<meta property=\"og:image:type\" content=\"image\/jpeg\" \/>\n<meta name=\"twitter:card\" content=\"summary_large_image\" \/>\n<meta name=\"twitter:label1\" content=\"Gesch\u00e4tzte Lesezeit\" \/>\n\t<meta name=\"twitter:data1\" content=\"3\u00a0Minuten\" \/>\n<script type=\"application\/ld+json\" class=\"yoast-schema-graph\">{\"@context\":\"https:\/\/schema.org\",\"@graph\":[{\"@type\":\"WebPage\",\"@id\":\"https:\/\/www.safinel.fr\/produit\/du-zhong-eucommia-ulmoides\/\",\"url\":\"https:\/\/www.safinel.fr\/produit\/du-zhong-eucommia-ulmoides\/\",\"name\":\"Du zhong I Eucommia ulmoides (\u675c\u4ef2) I Contenance 100g\",\"isPartOf\":{\"@id\":\"https:\/\/www.safinel.fr\/#website\"},\"primaryImageOfPage\":{\"@id\":\"https:\/\/www.safinel.fr\/produit\/du-zhong-eucommia-ulmoides\/#primaryimage\"},\"image\":{\"@id\":\"https:\/\/www.safinel.fr\/produit\/du-zhong-eucommia-ulmoides\/#primaryimage\"},\"thumbnailUrl\":\"https:\/\/www.safinel.fr\/wp-content\/uploads\/2022\/10\/ecorce-dEucomine.jpg\",\"datePublished\":\"2022-10-28T09:43:04+00:00\",\"dateModified\":\"2023-12-30T12:25:42+00:00\",\"description\":\"L\u2019\u00e9corce d\u2019Eucomine Du Zhong est utilis\u00e9e pour ses effets tonifiants sur le\u00a0foie, le\u00a0rein, les\u00a0tendons\u00a0et les\u00a0os. D\u00e9couvrez-l\u00e0 sans plus attendre !\",\"breadcrumb\":{\"@id\":\"https:\/\/www.safinel.fr\/produit\/du-zhong-eucommia-ulmoides\/#breadcrumb\"},\"inLanguage\":\"de\",\"potentialAction\":[{\"@type\":\"ReadAction\",\"target\":[\"https:\/\/www.safinel.fr\/produit\/du-zhong-eucommia-ulmoides\/\"]}]},{\"@type\":\"ImageObject\",\"inLanguage\":\"de\",\"@id\":\"https:\/\/www.safinel.fr\/produit\/du-zhong-eucommia-ulmoides\/#primaryimage\",\"url\":\"https:\/\/www.safinel.fr\/wp-content\/uploads\/2022\/10\/ecorce-dEucomine.jpg\",\"contentUrl\":\"https:\/\/www.safinel.fr\/wp-content\/uploads\/2022\/10\/ecorce-dEucomine.jpg\",\"width\":600,\"height\":600,\"caption\":\"Du zhong (\u00c9corce d\u2019Eucomine) 100g\"},{\"@type\":\"BreadcrumbList\",\"@id\":\"https:\/\/www.safinel.fr\/produit\/du-zhong-eucommia-ulmoides\/#breadcrumb\",\"itemListElement\":[{\"@type\":\"ListItem\",\"position\":1,\"name\":\"Accueil\",\"item\":\"https:\/\/www.safinel.fr\/\"},{\"@type\":\"ListItem\",\"position\":2,\"name\":\"Boutique\",\"item\":\"https:\/\/www.safinel.fr\/boutique\/\"},{\"@type\":\"ListItem\",\"position\":3,\"name\":\"Du zhong (\u00c9corce d&#8217;Eucomine) 100g\"}]},{\"@type\":\"WebSite\",\"@id\":\"https:\/\/www.safinel.fr\/#website\",\"url\":\"https:\/\/www.safinel.fr\/\",\"name\":\"Safinel\",\"description\":\"\",\"publisher\":{\"@id\":\"https:\/\/www.safinel.fr\/#organization\"},\"potentialAction\":[{\"@type\":\"SearchAction\",\"target\":{\"@type\":\"EntryPoint\",\"urlTemplate\":\"https:\/\/www.safinel.fr\/?s={search_term_string}\"},\"query-input\":{\"@type\":\"PropertyValueSpecification\",\"valueRequired\":true,\"valueName\":\"search_term_string\"}}],\"inLanguage\":\"de\"},{\"@type\":\"Organization\",\"@id\":\"https:\/\/www.safinel.fr\/#organization\",\"name\":\"Safinel\",\"url\":\"https:\/\/www.safinel.fr\/\",\"logo\":{\"@type\":\"ImageObject\",\"inLanguage\":\"de\",\"@id\":\"https:\/\/www.safinel.fr\/#\/schema\/logo\/image\/\",\"url\":\"https:\/\/www.safinel.fr\/wp-content\/uploads\/2021\/05\/boutique-cosmetique.png\",\"contentUrl\":\"https:\/\/www.safinel.fr\/wp-content\/uploads\/2021\/05\/boutique-cosmetique.png\",\"width\":800,\"height\":200,\"caption\":\"Safinel\"},\"image\":{\"@id\":\"https:\/\/www.safinel.fr\/#\/schema\/logo\/image\/\"}}]}<\/script>\n<!-- \/ Yoast SEO plugin. -->","yoast_head_json":{"title":"Du zhong I Eucommia ulmoides (\u675c\u4ef2) I Inhalt 100g","description":"Die Rinde von Eucomine Du Zhong wird wegen ihrer tonisierenden Wirkung auf Leber, Niere, Sehnen und Knochen verwendet. Entdecken Sie sie jetzt!","robots":{"index":"index","follow":"follow","max-snippet":"max-snippet:-1","max-image-preview":"max-image-preview:large","max-video-preview":"max-video-preview:-1"},"canonical":"https:\/\/www.safinel.fr\/de\/product-2\/du-zhong-eucommia-ulmoides\/","og_locale":"de_DE","og_type":"article","og_title":"Du zhong I Eucommia ulmoides (\u675c\u4ef2) I Contenance 100g","og_description":"L\u2019\u00e9corce d\u2019Eucomine Du Zhong est utilis\u00e9e pour ses effets tonifiants sur le\u00a0foie, le\u00a0rein, les\u00a0tendons\u00a0et les\u00a0os. D\u00e9couvrez-l\u00e0 sans plus attendre !","og_url":"https:\/\/www.safinel.fr\/de\/product-2\/du-zhong-eucommia-ulmoides\/","og_site_name":"Safinel","article_modified_time":"2023-12-30T12:25:42+00:00","og_image":[{"width":600,"height":600,"url":"https:\/\/www.safinel.fr\/wp-content\/uploads\/2022\/10\/ecorce-dEucomine.jpg","type":"image\/jpeg"}],"twitter_card":"summary_large_image","twitter_misc":{"Gesch\u00e4tzte Lesezeit":"3\u00a0Minuten"},"schema":{"@context":"https:\/\/schema.org","@graph":[{"@type":"WebPage","@id":"https:\/\/www.safinel.fr\/produit\/du-zhong-eucommia-ulmoides\/","url":"https:\/\/www.safinel.fr\/produit\/du-zhong-eucommia-ulmoides\/","name":"Du zhong I Eucommia ulmoides (\u675c\u4ef2) I Inhalt 100g","isPartOf":{"@id":"https:\/\/www.safinel.fr\/#website"},"primaryImageOfPage":{"@id":"https:\/\/www.safinel.fr\/produit\/du-zhong-eucommia-ulmoides\/#primaryimage"},"image":{"@id":"https:\/\/www.safinel.fr\/produit\/du-zhong-eucommia-ulmoides\/#primaryimage"},"thumbnailUrl":"https:\/\/www.safinel.fr\/wp-content\/uploads\/2022\/10\/ecorce-dEucomine.jpg","datePublished":"2022-10-28T09:43:04+00:00","dateModified":"2023-12-30T12:25:42+00:00","description":"Die Rinde von Eucomine Du Zhong wird wegen ihrer tonisierenden Wirkung auf Leber, Niere, Sehnen und Knochen verwendet. Entdecken Sie sie jetzt!","breadcrumb":{"@id":"https:\/\/www.safinel.fr\/produit\/du-zhong-eucommia-ulmoides\/#breadcrumb"},"inLanguage":"de","potentialAction":[{"@type":"ReadAction","target":["https:\/\/www.safinel.fr\/produit\/du-zhong-eucommia-ulmoides\/"]}]},{"@type":"ImageObject","inLanguage":"de","@id":"https:\/\/www.safinel.fr\/produit\/du-zhong-eucommia-ulmoides\/#primaryimage","url":"https:\/\/www.safinel.fr\/wp-content\/uploads\/2022\/10\/ecorce-dEucomine.jpg","contentUrl":"https:\/\/www.safinel.fr\/wp-content\/uploads\/2022\/10\/ecorce-dEucomine.jpg","width":600,"height":600,"caption":"Du zhong (\u00c9corce d\u2019Eucomine) 100g"},{"@type":"BreadcrumbList","@id":"https:\/\/www.safinel.fr\/produit\/du-zhong-eucommia-ulmoides\/#breadcrumb","itemListElement":[{"@type":"ListItem","position":1,"name":"Accueil","item":"https:\/\/www.safinel.fr\/"},{"@type":"ListItem","position":2,"name":"Boutique","item":"https:\/\/www.safinel.fr\/boutique\/"},{"@type":"ListItem","position":3,"name":"Du zhong (\u00c9corce d&#8217;Eucomine) 100g"}]},{"@type":"WebSite","@id":"https:\/\/www.safinel.fr\/#website","url":"https:\/\/www.safinel.fr\/","name":"Safinel","description":"","publisher":{"@id":"https:\/\/www.safinel.fr\/#organization"},"potentialAction":[{"@type":"SearchAction","target":{"@type":"EntryPoint","urlTemplate":"https:\/\/www.safinel.fr\/?s={search_term_string}"},"query-input":{"@type":"PropertyValueSpecification","valueRequired":true,"valueName":"search_term_string"}}],"inLanguage":"de"},{"@type":"Organization","@id":"https:\/\/www.safinel.fr\/#organization","name":"Safinel","url":"https:\/\/www.safinel.fr\/","logo":{"@type":"ImageObject","inLanguage":"de","@id":"https:\/\/www.safinel.fr\/#\/schema\/logo\/image\/","url":"https:\/\/www.safinel.fr\/wp-content\/uploads\/2021\/05\/boutique-cosmetique.png","contentUrl":"https:\/\/www.safinel.fr\/wp-content\/uploads\/2021\/05\/boutique-cosmetique.png","width":800,"height":200,"caption":"Safinel"},"image":{"@id":"https:\/\/www.safinel.fr\/#\/schema\/logo\/image\/"}}]}},"_links":{"self":[{"href":"https:\/\/www.safinel.fr\/de\/wp-json\/wp\/v2\/product\/3324","targetHints":{"allow":["GET"]}}],"collection":[{"href":"https:\/\/www.safinel.fr\/de\/wp-json\/wp\/v2\/product"}],"about":[{"href":"https:\/\/www.safinel.fr\/de\/wp-json\/wp\/v2\/types\/product"}],"wp:featuredmedia":[{"embeddable":true,"href":"https:\/\/www.safinel.fr\/de\/wp-json\/wp\/v2\/media\/3325"}],"wp:attachment":[{"href":"https:\/\/www.safinel.fr\/de\/wp-json\/wp\/v2\/media?parent=3324"}],"wp:term":[{"taxonomy":"product_brand","embeddable":true,"href":"https:\/\/www.safinel.fr\/de\/wp-json\/wp\/v2\/product_brand?post=3324"},{"taxonomy":"product_cat","embeddable":true,"href":"https:\/\/www.safinel.fr\/de\/wp-json\/wp\/v2\/product_cat?post=3324"},{"taxonomy":"product_tag","embeddable":true,"href":"https:\/\/www.safinel.fr\/de\/wp-json\/wp\/v2\/product_tag?post=3324"}],"curies":[{"name":"wp","href":"https:\/\/api.w.org\/{rel}","templated":true}]}}