{"id":3292,"date":"2022-10-25T17:02:39","date_gmt":"2022-10-25T17:02:39","guid":{"rendered":"https:\/\/www.safinel.fr\/?post_type=product&#038;p=3292"},"modified":"2023-12-28T17:15:41","modified_gmt":"2023-12-28T17:15:41","slug":"kudzu","status":"publish","type":"product","link":"https:\/\/www.safinel.fr\/de\/product-2\/kudzu\/","title":{"rendered":"Kudzu"},"content":{"rendered":"<p>Die\u00a0<strong>kudzu<\/strong>\u00a0ist eine Pflanze, die urspr\u00fcnglich aus Asien stammt. Ihr Name sagt Ihnen nichts? Dabei k\u00f6nnte sie Ihnen sehr n\u00fctzlich sein!<\/p>\n<p>Sie wird in der traditionellen chinesischen Medizin verwendet. Der aktive Teil der Pflanze ist die Wurzel, da sie Substanzen enth\u00e4lt, die auf die Neurotransmitter wirken. Tats\u00e4chlich ist es eine bekannte nat\u00fcrliche Methode, die dabei hilft, S\u00fcchte aller Art zu beruhigen.<\/p>\n<h2><strong>Was ist Kudzu?<\/strong><\/h2>\n<p>Der Kudzu, botanisch \u00bbPueraria lobata\u00bb genannt, geh\u00f6rt zur Familie der Fabaceae. Sie ist eine Kletterpflanze, die in China beheimatet ist. Sie wird in der traditionellen chinesischen Medizin, aber auch in der K\u00fcche verwendet. Die Pflanze geh\u00f6rt n\u00e4mlich auch zu den H\u00fclsenfr\u00fcchten und wird als st\u00e4rkehaltige Nahrungsmittel oder als Verdickungsmittel verwendet.<\/p>\n<p>Diese Kletterpflanze, die auch als \u201cjapanische Weinrebe\u201d bezeichnet wird, setzt sich an B\u00e4umen fest, die mehrere Dutzend Meter hoch werden k\u00f6nnen. Sie ist eine invasive Pflanze, die in W\u00e4ldern, auf Feldern oder auch an Stra\u00dfenr\u00e4ndern zu finden ist. \u00c4hnlich wie der Efeu setzt sie sich auch an H\u00e4usern fest.<\/p>\n<p>In der traditionellen chinesischen Medizin wurde Kudzu zur Behandlung von Fieber, Durchfall, Erbrechen, \u00dcbelkeit usw. verwendet. Heutzutage wird er jedoch aufgrund wissenschaftlicher Erkenntnisse haupts\u00e4chlich dazu verwendet, S\u00fcchte oder Zw\u00e4nge jeglicher Art zu verringern. Die Studien beziehen sich auf Alkoholismus und Rauchen.<\/p>\n<p>Wissenschaftliche Studien befassen sich mit Alkoholismus und Rauchen, aber seine Auswirkungen sind auch bei Essst\u00f6rungen vorteilhaft. Sowie auf Herz-Kreislauf-Erkrankungen, Stoffwechselerkrankungen wie Hypercholesterin\u00e4mie, Diabetes, Insulinresistenz...<\/p>\n<h2><strong>Popularisierung seiner T\u00e4tigkeit<\/strong><\/h2>\n<p>Unter all den positiven Eigenschaften der Kudzu-Pflanze ist ihre gr\u00f6\u00dfte Wohltat ihre anerkannte Wirksamkeit im Kampf gegen die verschiedenen S\u00fcchte. Diese Eigenschaft ist n\u00e4mlich auf die zahlreichen Isoflavonmolek\u00fcle der Pflanze zur\u00fcckzuf\u00fchren. Diese Bestandteile sind also der Grund f\u00fcr ihre suchtbek\u00e4mpfenden Eigenschaften.<\/p>\n<p>Man muss wissen, dass es das Dopamin ist, das f\u00fcr die Wohlgef\u00fchle verantwortlich ist, die sich aus der Einnahme von Drogen ergeben. Kudzu f\u00fchrt dazu, dass das Dopamin durch Serotonin ersetzt wird, da beide auf die gleiche Weise wirken. De facto wird das Gef\u00fchl der Abh\u00e4ngigkeit verschwinden, ohne Nebenwirkungen zu hinterlassen.<\/p>\n<p><strong>Isoflavone : <\/strong>Isoflavone sind eine Kategorie der Flavonoide und geh\u00f6ren zur Familie der Phyto\u00f6strogene. Sie sind pflanzliche Substanzen, die mit den weiblichen Hormonen, den \u00d6strogenen, verwandt sind.<\/p>\n<p><strong>Dopamin : <\/strong>Dopamin ist ein Molek\u00fcl, das im Gehirn vorkommt. Es dient als Neurotransmitter. Es sorgt im Gehirn f\u00fcr das Gef\u00fchl der Freude. Es ist Teil des sogenannten Belohnungskreislaufs. Es spielt eine wichtige Rolle, da es an der Motivation beteiligt ist.<\/p>\n<p><strong>Serotonin : <\/strong>Serotonin ist ein Neurotransmitter im Nervensystem, der dabei hilft, Ihre Stimmung zu regulieren und Sie davor bewahrt, depressiv zu werden oder sich schlecht zu f\u00fchlen. Es ist m\u00f6glich, den Serotoninspiegel durch chemische Methoden zu erh\u00f6hen, aber auch durch nat\u00fcrliche Verfahren.<\/p>\n<h2><strong>Die Zusammensetzung und Wirkung von Kudzu<\/strong><\/h2>\n<p>Zu den Wirkstoffen, die es so beliebt machen, geh\u00f6ren die Isoflavone. Sie sind eine Unterkategorie einer der gro\u00dfen Kategorien von Polyphenolen, die als Flavonoide bezeichnet werden. Das Besondere an ihnen ist, dass sie sich positiv auf das \u00d6strogen auswirken, wie wir bereits erl\u00e4utert haben.<\/p>\n<p>Beachten wir, dass das Isoflavon, das am interessantesten ist und die Eigenschaft hat, s\u00fcchtig machend zu wirken, das Puerarin ist. Es ist ein Isoflavonoid, das aus den Wurzeln der Pueraria lobata gewonnen wird. Es ist sein Hauptbestandteil und hat viele medizinische Eigenschaften, wie z. B. seinen Reichtum an Phyto\u00f6strogenen.<\/p>\n<p>Puerarin hat au\u00dferdem blutdrucksenkende Eigenschaften. Studien haben gezeigt, dass Kudzu die Lebensqualit\u00e4t verbessert und die mit Bluthochdruck verbundenen Symptome verringert. Da es ein \u00f6strogen\u00e4hnliches Mittel ist, kann es Frauen in den Wechseljahren helfen, diese Zeit besser zu \u00fcberstehen. W\u00e4hrend der Menopause sinkt n\u00e4mlich der \u00d6strogenspiegel.<\/p>\n<h2><strong>Kudzu und S\u00fcchte<\/strong><\/h2>\n<h3><strong>Kudzu und Tabak<\/strong><\/h3>\n<p>Diese Pflanze hat F\u00e4higkeiten zur Raucherentw\u00f6hnung und erleichtert das Aufh\u00f6ren mit dem Rauchen. Die Inhaltsstoffe wirken auf die Neurotransmitter, um mit den Nikotinrezeptoren zu interagieren.<\/p>\n<p>Kudzu hilft bei der Entw\u00f6hnung, aber ohne die \u00fcblicherweise beobachteten Nebenwirkungen wie Unruhe oder Reizbarkeit. Die Meinungen \u00fcber Kudzu zeigen, dass sich der Geschmack des Tabaks ver\u00e4ndert und f\u00fcr Raucher unangenehm wird.<\/p>\n<h3><strong>Kudzu und Alkohol<\/strong><\/h3>\n<p>Eine Studie hat gezeigt, dass er den K\u00f6rper nach \u00fcberm\u00e4\u00dfigem Alkoholkonsum entgiften kann oder auch gegen Alkoholismus wirksam ist. Es wurde beobachtet, dass er dabei hilft, sich nach einem gro\u00dfen Konsum besser zu erholen.<\/p>\n<p>Dieses Anti-Suchtmittel reduziert das Verlangen nach Alkohol sowie die Menge des Alkohols. Und das ist das Ergebnis einer Studie, die eine Woche lang an starken Trinkern durchgef\u00fchrt wurde. Seine Wirkung war also \u00fcberzeugend und hat seine Wirksamkeit bewiesen.<\/p>\n<h2><strong>Kudzu und seine Vorteile\u00a0<\/strong><\/h2>\n<p>Kudzu ist ein nat\u00fcrliches Heilmittel, das bei der Behandlung verschiedener Krankheiten helfen kann.<\/p>\n<p>In der Tat ist es :<\/p>\n<ul>\n<li>Hepatoprotektiv, Kudzu sch\u00fctzt die Leber.<\/li>\n<li>Als Antioxidans beugt es der Zellalterung und oxidativem Stress vor.<\/li>\n<li>Anti-Suchtmittel, es hemmt wirksam die Wirkung von Suchtmitteln jeglicher Art (Alkohol, Zigaretten, Zucker...).<\/li>\n<li>\u00d6strogen\u00e4hnlich, es ahmt das \u00d6strogen im K\u00f6rper nach.<\/li>\n<li>Als kardioprotektives Naturheilmittel beugt es u. a. einem Herzinfarkt vor.<\/li>\n<li>Blutdrucksenkend, Kudzu erweist sich als wirksam bei der Behandlung von niedrigem Blutdruck.<\/li>\n<li>F\u00f6rdert das Lernen und verbessert das Ged\u00e4chtnis. Tats\u00e4chlich werden derzeit Studien zur Behandlung der Alzheimer-Krankheit durchgef\u00fchrt.<\/li>\n<li>Immunstimulierend: Es stimuliert das Immunsystem<\/li>\n<li>Antidiabetikum, es tr\u00e4gt dazu bei, den Glukosespiegel im Blut zu senken und gleichzeitig das Insulin zu erh\u00f6hen.<\/li>\n<\/ul>\n<h3><strong>Kontraindikation<\/strong><\/h3>\n<ul>\n<li>Es wird davon abgeraten, Kudzu in F\u00e4llen von Brustkrebs oder einer Veranlagung zu Brustkrebs zu verwenden.<\/li>\n<li>Auch zu vermeiden, wenn man an Hyper\u00f6strogen\u00e4mie leidet. Diese \u00e4u\u00dfert sich durch Eierstockzysten oder <a href=\"https:\/\/www.safinel.fr\/de\/product-2\/creme-zur-vergroserung-von-brust-und-gesas\/\"><strong>im Brustbereich<\/strong><\/a>, ... durch das pr\u00e4menstruelle Syndrom ...<\/li>\n<li>Abgesehen davon weist diese Pflanze sehr wenig Toxizit\u00e4t auf, was durch Studien sowohl an Tieren als auch an Menschen belegt wurde.<\/li>\n<li>Trotzdem sollte man sich an die empfohlene Tagesdosis halten, die durchschnittlich 2 Gramm pro Tag betr\u00e4gt.<\/li>\n<\/ul>","protected":false},"excerpt":{"rendered":"<p>Kudzu ist eine Pflanze, die urspr\u00fcnglich aus Asien stammt. Ihr Name sagt Ihnen nichts? Dennoch k\u00f6nnte sie Ihnen sehr n\u00fctzlich sein! Sie wird in der traditionellen chinesischen Medizin verwendet. Der aktive Teil der Pflanze ist die Wurzel, da sie Substanzen enth\u00e4lt, die auf die Neurotransmitter wirken. Tats\u00e4chlich ist sie eine bekannte nat\u00fcrliche Methode, um [...].","protected":false},"featured_media":3295,"template":"","meta":[],"product_brand":[],"product_cat":[108],"product_tag":[],"class_list":{"0":"post-3292","1":"product","2":"type-product","3":"status-publish","4":"has-post-thumbnail","6":"product_cat-plantes-asiatiques","8":"first","9":"instock","10":"shipping-taxable","11":"purchasable","12":"product-type-variable"},"yoast_head":"<!-- This site is optimized with the Yoast SEO plugin v26.6 - https:\/\/yoast.com\/wordpress\/plugins\/seo\/ -->\n<title>Kudzu plante asiatique I Bienfaits nombreux I Achat en ligne<\/title>\n<meta name=\"description\" content=\"Le\u00a0kudzu\u00a0est une plante originaire d\u2019Asie. Son nom ne vous dit rien ? Pourtant, elle pourrait vous \u00eatre tr\u00e8s utile ! D\u00e9couvrez-l\u00e0 chez Safinel !\" \/>\n<meta name=\"robots\" content=\"index, follow, max-snippet:-1, max-image-preview:large, max-video-preview:-1\" \/>\n<link rel=\"canonical\" href=\"https:\/\/www.safinel.fr\/de\/product-2\/kudzu\/\" \/>\n<meta property=\"og:locale\" content=\"de_DE\" \/>\n<meta property=\"og:type\" content=\"article\" \/>\n<meta property=\"og:title\" content=\"Kudzu plante asiatique I Bienfaits nombreux I Achat en ligne\" \/>\n<meta property=\"og:description\" content=\"Le\u00a0kudzu\u00a0est une plante originaire d\u2019Asie. Son nom ne vous dit rien ? Pourtant, elle pourrait vous \u00eatre tr\u00e8s utile ! D\u00e9couvrez-l\u00e0 chez Safinel !\" \/>\n<meta property=\"og:url\" content=\"https:\/\/www.safinel.fr\/de\/product-2\/kudzu\/\" \/>\n<meta property=\"og:site_name\" content=\"Safinel\" \/>\n<meta property=\"article:modified_time\" content=\"2023-12-28T17:15:41+00:00\" \/>\n<meta property=\"og:image\" content=\"https:\/\/www.safinel.fr\/wp-content\/uploads\/2022\/10\/gelules-de-kuzdu.jpg\" \/>\n\t<meta property=\"og:image:width\" content=\"600\" \/>\n\t<meta property=\"og:image:height\" content=\"600\" \/>\n\t<meta property=\"og:image:type\" content=\"image\/jpeg\" \/>\n<meta name=\"twitter:card\" content=\"summary_large_image\" \/>\n<meta name=\"twitter:label1\" content=\"Gesch\u00e4tzte Lesezeit\" \/>\n\t<meta name=\"twitter:data1\" content=\"6\u00a0Minuten\" \/>\n<script type=\"application\/ld+json\" class=\"yoast-schema-graph\">{\"@context\":\"https:\/\/schema.org\",\"@graph\":[{\"@type\":\"WebPage\",\"@id\":\"https:\/\/www.safinel.fr\/produit\/kudzu\/\",\"url\":\"https:\/\/www.safinel.fr\/produit\/kudzu\/\",\"name\":\"Kudzu plante asiatique I Bienfaits nombreux I Achat en ligne\",\"isPartOf\":{\"@id\":\"https:\/\/www.safinel.fr\/#website\"},\"primaryImageOfPage\":{\"@id\":\"https:\/\/www.safinel.fr\/produit\/kudzu\/#primaryimage\"},\"image\":{\"@id\":\"https:\/\/www.safinel.fr\/produit\/kudzu\/#primaryimage\"},\"thumbnailUrl\":\"https:\/\/www.safinel.fr\/wp-content\/uploads\/2022\/10\/gelules-de-kuzdu.jpg\",\"datePublished\":\"2022-10-25T17:02:39+00:00\",\"dateModified\":\"2023-12-28T17:15:41+00:00\",\"description\":\"Le\u00a0kudzu\u00a0est une plante originaire d\u2019Asie. Son nom ne vous dit rien ? Pourtant, elle pourrait vous \u00eatre tr\u00e8s utile ! D\u00e9couvrez-l\u00e0 chez Safinel !\",\"breadcrumb\":{\"@id\":\"https:\/\/www.safinel.fr\/produit\/kudzu\/#breadcrumb\"},\"inLanguage\":\"de\",\"potentialAction\":[{\"@type\":\"ReadAction\",\"target\":[\"https:\/\/www.safinel.fr\/produit\/kudzu\/\"]}]},{\"@type\":\"ImageObject\",\"inLanguage\":\"de\",\"@id\":\"https:\/\/www.safinel.fr\/produit\/kudzu\/#primaryimage\",\"url\":\"https:\/\/www.safinel.fr\/wp-content\/uploads\/2022\/10\/gelules-de-kuzdu.jpg\",\"contentUrl\":\"https:\/\/www.safinel.fr\/wp-content\/uploads\/2022\/10\/gelules-de-kuzdu.jpg\",\"width\":600,\"height\":600,\"caption\":\"gelules de kuzdu\"},{\"@type\":\"BreadcrumbList\",\"@id\":\"https:\/\/www.safinel.fr\/produit\/kudzu\/#breadcrumb\",\"itemListElement\":[{\"@type\":\"ListItem\",\"position\":1,\"name\":\"Accueil\",\"item\":\"https:\/\/www.safinel.fr\/\"},{\"@type\":\"ListItem\",\"position\":2,\"name\":\"Boutique\",\"item\":\"https:\/\/www.safinel.fr\/boutique\/\"},{\"@type\":\"ListItem\",\"position\":3,\"name\":\"Kudzu\"}]},{\"@type\":\"WebSite\",\"@id\":\"https:\/\/www.safinel.fr\/#website\",\"url\":\"https:\/\/www.safinel.fr\/\",\"name\":\"Safinel\",\"description\":\"\",\"publisher\":{\"@id\":\"https:\/\/www.safinel.fr\/#organization\"},\"potentialAction\":[{\"@type\":\"SearchAction\",\"target\":{\"@type\":\"EntryPoint\",\"urlTemplate\":\"https:\/\/www.safinel.fr\/?s={search_term_string}\"},\"query-input\":{\"@type\":\"PropertyValueSpecification\",\"valueRequired\":true,\"valueName\":\"search_term_string\"}}],\"inLanguage\":\"de\"},{\"@type\":\"Organization\",\"@id\":\"https:\/\/www.safinel.fr\/#organization\",\"name\":\"Safinel\",\"url\":\"https:\/\/www.safinel.fr\/\",\"logo\":{\"@type\":\"ImageObject\",\"inLanguage\":\"de\",\"@id\":\"https:\/\/www.safinel.fr\/#\/schema\/logo\/image\/\",\"url\":\"https:\/\/www.safinel.fr\/wp-content\/uploads\/2021\/05\/boutique-cosmetique.png\",\"contentUrl\":\"https:\/\/www.safinel.fr\/wp-content\/uploads\/2021\/05\/boutique-cosmetique.png\",\"width\":800,\"height\":200,\"caption\":\"Safinel\"},\"image\":{\"@id\":\"https:\/\/www.safinel.fr\/#\/schema\/logo\/image\/\"}}]}<\/script>\n<!-- \/ Yoast SEO plugin. -->","yoast_head_json":{"title":"Kudzu asiatische Pflanze I Zahlreiche Vorteile I Online kaufen","description":"Kudzu ist eine Pflanze, die urspr\u00fcnglich aus Asien stammt. Ihr Name sagt Ihnen nichts? Dabei k\u00f6nnte sie Ihnen sehr n\u00fctzlich sein! Entdecken Sie sie bei Safinel!","robots":{"index":"index","follow":"follow","max-snippet":"max-snippet:-1","max-image-preview":"max-image-preview:large","max-video-preview":"max-video-preview:-1"},"canonical":"https:\/\/www.safinel.fr\/de\/product-2\/kudzu\/","og_locale":"de_DE","og_type":"article","og_title":"Kudzu plante asiatique I Bienfaits nombreux I Achat en ligne","og_description":"Le\u00a0kudzu\u00a0est une plante originaire d\u2019Asie. Son nom ne vous dit rien ? Pourtant, elle pourrait vous \u00eatre tr\u00e8s utile ! D\u00e9couvrez-l\u00e0 chez Safinel !","og_url":"https:\/\/www.safinel.fr\/de\/product-2\/kudzu\/","og_site_name":"Safinel","article_modified_time":"2023-12-28T17:15:41+00:00","og_image":[{"width":600,"height":600,"url":"https:\/\/www.safinel.fr\/wp-content\/uploads\/2022\/10\/gelules-de-kuzdu.jpg","type":"image\/jpeg"}],"twitter_card":"summary_large_image","twitter_misc":{"Gesch\u00e4tzte Lesezeit":"6\u00a0Minuten"},"schema":{"@context":"https:\/\/schema.org","@graph":[{"@type":"WebPage","@id":"https:\/\/www.safinel.fr\/produit\/kudzu\/","url":"https:\/\/www.safinel.fr\/produit\/kudzu\/","name":"Kudzu asiatische Pflanze I Zahlreiche Vorteile I Online kaufen","isPartOf":{"@id":"https:\/\/www.safinel.fr\/#website"},"primaryImageOfPage":{"@id":"https:\/\/www.safinel.fr\/produit\/kudzu\/#primaryimage"},"image":{"@id":"https:\/\/www.safinel.fr\/produit\/kudzu\/#primaryimage"},"thumbnailUrl":"https:\/\/www.safinel.fr\/wp-content\/uploads\/2022\/10\/gelules-de-kuzdu.jpg","datePublished":"2022-10-25T17:02:39+00:00","dateModified":"2023-12-28T17:15:41+00:00","description":"Kudzu ist eine Pflanze, die urspr\u00fcnglich aus Asien stammt. Ihr Name sagt Ihnen nichts? Dabei k\u00f6nnte sie Ihnen sehr n\u00fctzlich sein! Entdecken Sie sie bei Safinel!","breadcrumb":{"@id":"https:\/\/www.safinel.fr\/produit\/kudzu\/#breadcrumb"},"inLanguage":"de","potentialAction":[{"@type":"ReadAction","target":["https:\/\/www.safinel.fr\/produit\/kudzu\/"]}]},{"@type":"ImageObject","inLanguage":"de","@id":"https:\/\/www.safinel.fr\/produit\/kudzu\/#primaryimage","url":"https:\/\/www.safinel.fr\/wp-content\/uploads\/2022\/10\/gelules-de-kuzdu.jpg","contentUrl":"https:\/\/www.safinel.fr\/wp-content\/uploads\/2022\/10\/gelules-de-kuzdu.jpg","width":600,"height":600,"caption":"gelules de kuzdu"},{"@type":"BreadcrumbList","@id":"https:\/\/www.safinel.fr\/produit\/kudzu\/#breadcrumb","itemListElement":[{"@type":"ListItem","position":1,"name":"Accueil","item":"https:\/\/www.safinel.fr\/"},{"@type":"ListItem","position":2,"name":"Boutique","item":"https:\/\/www.safinel.fr\/boutique\/"},{"@type":"ListItem","position":3,"name":"Kudzu"}]},{"@type":"WebSite","@id":"https:\/\/www.safinel.fr\/#website","url":"https:\/\/www.safinel.fr\/","name":"Safinel","description":"","publisher":{"@id":"https:\/\/www.safinel.fr\/#organization"},"potentialAction":[{"@type":"SearchAction","target":{"@type":"EntryPoint","urlTemplate":"https:\/\/www.safinel.fr\/?s={search_term_string}"},"query-input":{"@type":"PropertyValueSpecification","valueRequired":true,"valueName":"search_term_string"}}],"inLanguage":"de"},{"@type":"Organization","@id":"https:\/\/www.safinel.fr\/#organization","name":"Safinel","url":"https:\/\/www.safinel.fr\/","logo":{"@type":"ImageObject","inLanguage":"de","@id":"https:\/\/www.safinel.fr\/#\/schema\/logo\/image\/","url":"https:\/\/www.safinel.fr\/wp-content\/uploads\/2021\/05\/boutique-cosmetique.png","contentUrl":"https:\/\/www.safinel.fr\/wp-content\/uploads\/2021\/05\/boutique-cosmetique.png","width":800,"height":200,"caption":"Safinel"},"image":{"@id":"https:\/\/www.safinel.fr\/#\/schema\/logo\/image\/"}}]}},"_links":{"self":[{"href":"https:\/\/www.safinel.fr\/de\/wp-json\/wp\/v2\/product\/3292","targetHints":{"allow":["GET"]}}],"collection":[{"href":"https:\/\/www.safinel.fr\/de\/wp-json\/wp\/v2\/product"}],"about":[{"href":"https:\/\/www.safinel.fr\/de\/wp-json\/wp\/v2\/types\/product"}],"wp:featuredmedia":[{"embeddable":true,"href":"https:\/\/www.safinel.fr\/de\/wp-json\/wp\/v2\/media\/3295"}],"wp:attachment":[{"href":"https:\/\/www.safinel.fr\/de\/wp-json\/wp\/v2\/media?parent=3292"}],"wp:term":[{"taxonomy":"product_brand","embeddable":true,"href":"https:\/\/www.safinel.fr\/de\/wp-json\/wp\/v2\/product_brand?post=3292"},{"taxonomy":"product_cat","embeddable":true,"href":"https:\/\/www.safinel.fr\/de\/wp-json\/wp\/v2\/product_cat?post=3292"},{"taxonomy":"product_tag","embeddable":true,"href":"https:\/\/www.safinel.fr\/de\/wp-json\/wp\/v2\/product_tag?post=3292"}],"curies":[{"name":"wp","href":"https:\/\/api.w.org\/{rel}","templated":true}]}}