{"id":312,"date":"2021-07-24T18:59:49","date_gmt":"2021-07-24T18:59:49","guid":{"rendered":"https:\/\/www.safinel.fr\/?post_type=product&#038;p=312"},"modified":"2023-12-30T13:52:14","modified_gmt":"2023-12-30T13:52:14","slug":"aktive-pflanzenkohle-30g","status":"publish","type":"product","link":"https:\/\/www.safinel.fr\/de\/product-2\/aktive-pflanzenkohle-30g\/","title":{"rendered":"Pflanzliche Aktivkohle 30g"},"content":{"rendered":"<p><span style=\"font-weight: 400;\">Zuallererst ist die pflanzliche Aktivkohle Kb Kosmetik das wirksamste der verbreiteten nat\u00fcrlichen Entgiftungsmittel. Diejenige, die aus der Verpuffung von Kokosnussschalen gewonnen wird, ist die unbestrittenste. Ihre Wirksamkeit bei der Abwehr verschiedener gesundheitlicher Probleme wie Darm- und Verdauungsst\u00f6rungen.\u00a0<\/span><\/p>\n<p><span style=\"font-weight: 400;\">Aktivierte Pflanzenkohle ist f\u00fcr ihre unz\u00e4hligen reinigenden und absorbierenden Eigenschaften bekannt, aber aufgrund ihrer vielseitigen Verwendbarkeit ist sie ein Muss unter den Produkten, die man immer dabei haben sollte.\u00a0<\/span><\/p>\n<p><span style=\"font-weight: 400;\">Sie wird jedoch in Form von schwarzem Pulver dargestellt. Sie ist so einfach wie m\u00f6glich verpackt, sodass man die Kohle nach Belieben verwenden und auch in Kosmetika oder Zahnpasta anwenden kann.\u00a0<\/span><\/p>\n<h2><b>Vorbeugende Ma\u00dfnahmen zur Verwendung von Aktivkohle<\/b><\/h2>\n<p><span style=\"font-weight: 400;\">Kohle beh\u00e4lt alles, sie vergleicht nicht zwischen dem, was \u00absch\u00e4dlich\u00bb ist, und dem, was gut ist. Es ist daher unerl\u00e4sslich, dass Sie die Einnahme von Kohle und anderen Behandlungen maximal zwei, besser drei Stunden auseinanderhalten, um zu verhindern, dass Ihre Behandlung aufgrund von Kohle abgebrochen wird.\u00a0<\/span><\/p>\n<p><span style=\"font-weight: 400;\">Da ihre Rolle maximal absorbierend ist. Pflanzenkohle kann die F\u00e4higkeiten Ihrer Medikamente (einschlie\u00dflich Antibiotika, l<\/span><span style=\"font-weight: 400;\">a Empf\u00e4ngnisverh\u00fctungspille, Beruhigungsmittel). <\/span><\/p>\n<p><span style=\"font-weight: 400;\">Wenn sie zur gleichen Zeit eingenommen werden. Nehmen Sie Ihre Medikamente daher am besten zu einer anderen Tageszeit ein oder zwei Stunden nach oder vor der Einnahme von Aktivkohle. Der Verzehr von viel Aktivkohle kann zu Verstopfung f\u00fchren.\u00a0<\/span><\/p>\n<h3><b>Kontraindikationen<\/b><\/h3>\n<ul>\n<li><span style=\"font-weight: 400;\"> Pflanzenkohle wird nicht empfohlen f\u00fcr stillende Frauen oder Frauen, die <a href=\"https:\/\/www.deodorant-naturel.com\/produit\/deodorant-100-naturel-femme-enceinte\/\"><strong>Lautsprecher<\/strong><\/a>.\u00a0<\/span><\/li>\n<li><span style=\"font-weight: 400;\"> Es wird Kindern unter 6 Jahren und S\u00e4uglingen strengstens abgeraten, es sei denn, der behandelnde Arzt empfiehlt es.\u00a0<\/span><\/li>\n<li><span style=\"font-weight: 400;\"> Kohle ist kein Antibiotikum, sondern ein Nahrungserg\u00e4nzungsmittel, das im Rahmen einer abwechslungsreichen Ern\u00e4hrung verwendet werden sollte. Nicht \u00fcber die empfohlene Dosis hinaus konsumieren.\u00a0<\/span><\/li>\n<\/ul>\n<p><b>Au\u00dferhalb der Reichweite von kleinen Kindern aufbewahren. Vor Hitze gesch\u00fctzt aufbewahren.<\/b><\/p>","protected":false},"excerpt":{"rendered":"<p>Zuallererst ist die pflanzliche Aktivkohle Kb Kosmetik das wirksamste der verbreiteten nat\u00fcrlichen Entgiftungsmittel. Diejenige, die aus der Verpuffung von Kokosnussschalen gewonnen wird, ist die unbestrittenste. Seine Wirksamkeit zur Abwendung verschiedener Gesundheitsprobleme wie Darm- und Verdauungsst\u00f6rungen.  Aktivierte Pflanzenkohle ist daf\u00fcr bekannt, [...].","protected":false},"featured_media":330,"template":"","meta":[],"product_brand":[],"product_cat":[34,40,41],"product_tag":[],"class_list":{"0":"post-312","1":"product","2":"type-product","3":"status-publish","4":"has-post-thumbnail","6":"product_cat-hygiene","7":"product_cat-kb-cosmetique","8":"product_cat-produits-naturels-divers","10":"first","11":"instock","12":"shipping-taxable","13":"purchasable","14":"product-type-simple"},"yoast_head":"<!-- This site is optimized with the Yoast SEO plugin v26.6 - https:\/\/yoast.com\/wordpress\/plugins\/seo\/ -->\n<title>Charbon v\u00e9g\u00e9tale actif 30g - Safinel<\/title>\n<meta name=\"robots\" content=\"index, follow, max-snippet:-1, max-image-preview:large, max-video-preview:-1\" \/>\n<link rel=\"canonical\" href=\"https:\/\/www.safinel.fr\/de\/product-2\/aktive-pflanzenkohle-30g\/\" \/>\n<meta property=\"og:locale\" content=\"de_DE\" \/>\n<meta property=\"og:type\" content=\"article\" \/>\n<meta property=\"og:title\" content=\"Charbon v\u00e9g\u00e9tale actif 30g - Safinel\" \/>\n<meta property=\"og:description\" content=\"Avant toute chose le charbon actif v\u00e9g\u00e9tal Kb cosm\u00e9tique est le plus efficace des d\u00e9sintoxiquant naturels r\u00e9pandus. Celui qui est issu de la d\u00e9flagration des coques de noix de coco est le plus\u00a0 indiscutable. Son efficacit\u00e9 pour parer divers soucis de sant\u00e9 comme des troubles\u00a0 intestinaux et digestifs.\u00a0 Le charbon v\u00e9g\u00e9tal activ\u00e9 est connu pour [...]\" \/>\n<meta property=\"og:url\" content=\"https:\/\/www.safinel.fr\/de\/product-2\/aktive-pflanzenkohle-30g\/\" \/>\n<meta property=\"og:site_name\" content=\"Safinel\" \/>\n<meta property=\"article:modified_time\" content=\"2023-12-30T13:52:14+00:00\" \/>\n<meta property=\"og:image\" content=\"https:\/\/www.safinel.fr\/wp-content\/uploads\/2021\/07\/charbon-vegetales-active-kb-cosmetique-1.jpg\" \/>\n\t<meta property=\"og:image:width\" content=\"458\" \/>\n\t<meta property=\"og:image:height\" content=\"458\" \/>\n\t<meta property=\"og:image:type\" content=\"image\/jpeg\" \/>\n<meta name=\"twitter:card\" content=\"summary_large_image\" \/>\n<meta name=\"twitter:label1\" content=\"Gesch\u00e4tzte Lesezeit\" \/>\n\t<meta name=\"twitter:data1\" content=\"2\u00a0Minuten\" \/>\n<script type=\"application\/ld+json\" class=\"yoast-schema-graph\">{\"@context\":\"https:\/\/schema.org\",\"@graph\":[{\"@type\":\"WebPage\",\"@id\":\"https:\/\/www.safinel.fr\/produit\/charbon-vegetale-actif-30g\/\",\"url\":\"https:\/\/www.safinel.fr\/produit\/charbon-vegetale-actif-30g\/\",\"name\":\"Charbon v\u00e9g\u00e9tale actif 30g - Safinel\",\"isPartOf\":{\"@id\":\"https:\/\/www.safinel.fr\/#website\"},\"primaryImageOfPage\":{\"@id\":\"https:\/\/www.safinel.fr\/produit\/charbon-vegetale-actif-30g\/#primaryimage\"},\"image\":{\"@id\":\"https:\/\/www.safinel.fr\/produit\/charbon-vegetale-actif-30g\/#primaryimage\"},\"thumbnailUrl\":\"https:\/\/www.safinel.fr\/wp-content\/uploads\/2021\/07\/charbon-vegetales-active-kb-cosmetique-1.jpg\",\"datePublished\":\"2021-07-24T18:59:49+00:00\",\"dateModified\":\"2023-12-30T13:52:14+00:00\",\"breadcrumb\":{\"@id\":\"https:\/\/www.safinel.fr\/produit\/charbon-vegetale-actif-30g\/#breadcrumb\"},\"inLanguage\":\"de\",\"potentialAction\":[{\"@type\":\"ReadAction\",\"target\":[\"https:\/\/www.safinel.fr\/produit\/charbon-vegetale-actif-30g\/\"]}]},{\"@type\":\"ImageObject\",\"inLanguage\":\"de\",\"@id\":\"https:\/\/www.safinel.fr\/produit\/charbon-vegetale-actif-30g\/#primaryimage\",\"url\":\"https:\/\/www.safinel.fr\/wp-content\/uploads\/2021\/07\/charbon-vegetales-active-kb-cosmetique-1.jpg\",\"contentUrl\":\"https:\/\/www.safinel.fr\/wp-content\/uploads\/2021\/07\/charbon-vegetales-active-kb-cosmetique-1.jpg\",\"width\":458,\"height\":458},{\"@type\":\"BreadcrumbList\",\"@id\":\"https:\/\/www.safinel.fr\/produit\/charbon-vegetale-actif-30g\/#breadcrumb\",\"itemListElement\":[{\"@type\":\"ListItem\",\"position\":1,\"name\":\"Accueil\",\"item\":\"https:\/\/www.safinel.fr\/\"},{\"@type\":\"ListItem\",\"position\":2,\"name\":\"Boutique\",\"item\":\"https:\/\/www.safinel.fr\/boutique\/\"},{\"@type\":\"ListItem\",\"position\":3,\"name\":\"Charbon v\u00e9g\u00e9tale actif 30g\"}]},{\"@type\":\"WebSite\",\"@id\":\"https:\/\/www.safinel.fr\/#website\",\"url\":\"https:\/\/www.safinel.fr\/\",\"name\":\"Safinel\",\"description\":\"\",\"publisher\":{\"@id\":\"https:\/\/www.safinel.fr\/#organization\"},\"potentialAction\":[{\"@type\":\"SearchAction\",\"target\":{\"@type\":\"EntryPoint\",\"urlTemplate\":\"https:\/\/www.safinel.fr\/?s={search_term_string}\"},\"query-input\":{\"@type\":\"PropertyValueSpecification\",\"valueRequired\":true,\"valueName\":\"search_term_string\"}}],\"inLanguage\":\"de\"},{\"@type\":\"Organization\",\"@id\":\"https:\/\/www.safinel.fr\/#organization\",\"name\":\"Safinel\",\"url\":\"https:\/\/www.safinel.fr\/\",\"logo\":{\"@type\":\"ImageObject\",\"inLanguage\":\"de\",\"@id\":\"https:\/\/www.safinel.fr\/#\/schema\/logo\/image\/\",\"url\":\"https:\/\/www.safinel.fr\/wp-content\/uploads\/2021\/05\/boutique-cosmetique.png\",\"contentUrl\":\"https:\/\/www.safinel.fr\/wp-content\/uploads\/2021\/05\/boutique-cosmetique.png\",\"width\":800,\"height\":200,\"caption\":\"Safinel\"},\"image\":{\"@id\":\"https:\/\/www.safinel.fr\/#\/schema\/logo\/image\/\"}}]}<\/script>\n<!-- \/ Yoast SEO plugin. -->","yoast_head_json":{"title":"Pflanzliche Aktivkohle 30g - Safinel","robots":{"index":"index","follow":"follow","max-snippet":"max-snippet:-1","max-image-preview":"max-image-preview:large","max-video-preview":"max-video-preview:-1"},"canonical":"https:\/\/www.safinel.fr\/de\/product-2\/aktive-pflanzenkohle-30g\/","og_locale":"de_DE","og_type":"article","og_title":"Charbon v\u00e9g\u00e9tale actif 30g - Safinel","og_description":"Avant toute chose le charbon actif v\u00e9g\u00e9tal Kb cosm\u00e9tique est le plus efficace des d\u00e9sintoxiquant naturels r\u00e9pandus. Celui qui est issu de la d\u00e9flagration des coques de noix de coco est le plus\u00a0 indiscutable. Son efficacit\u00e9 pour parer divers soucis de sant\u00e9 comme des troubles\u00a0 intestinaux et digestifs.\u00a0 Le charbon v\u00e9g\u00e9tal activ\u00e9 est connu pour [...]","og_url":"https:\/\/www.safinel.fr\/de\/product-2\/aktive-pflanzenkohle-30g\/","og_site_name":"Safinel","article_modified_time":"2023-12-30T13:52:14+00:00","og_image":[{"width":458,"height":458,"url":"https:\/\/www.safinel.fr\/wp-content\/uploads\/2021\/07\/charbon-vegetales-active-kb-cosmetique-1.jpg","type":"image\/jpeg"}],"twitter_card":"summary_large_image","twitter_misc":{"Gesch\u00e4tzte Lesezeit":"2\u00a0Minuten"},"schema":{"@context":"https:\/\/schema.org","@graph":[{"@type":"WebPage","@id":"https:\/\/www.safinel.fr\/produit\/charbon-vegetale-actif-30g\/","url":"https:\/\/www.safinel.fr\/produit\/charbon-vegetale-actif-30g\/","name":"Pflanzliche Aktivkohle 30g - Safinel","isPartOf":{"@id":"https:\/\/www.safinel.fr\/#website"},"primaryImageOfPage":{"@id":"https:\/\/www.safinel.fr\/produit\/charbon-vegetale-actif-30g\/#primaryimage"},"image":{"@id":"https:\/\/www.safinel.fr\/produit\/charbon-vegetale-actif-30g\/#primaryimage"},"thumbnailUrl":"https:\/\/www.safinel.fr\/wp-content\/uploads\/2021\/07\/charbon-vegetales-active-kb-cosmetique-1.jpg","datePublished":"2021-07-24T18:59:49+00:00","dateModified":"2023-12-30T13:52:14+00:00","breadcrumb":{"@id":"https:\/\/www.safinel.fr\/produit\/charbon-vegetale-actif-30g\/#breadcrumb"},"inLanguage":"de","potentialAction":[{"@type":"ReadAction","target":["https:\/\/www.safinel.fr\/produit\/charbon-vegetale-actif-30g\/"]}]},{"@type":"ImageObject","inLanguage":"de","@id":"https:\/\/www.safinel.fr\/produit\/charbon-vegetale-actif-30g\/#primaryimage","url":"https:\/\/www.safinel.fr\/wp-content\/uploads\/2021\/07\/charbon-vegetales-active-kb-cosmetique-1.jpg","contentUrl":"https:\/\/www.safinel.fr\/wp-content\/uploads\/2021\/07\/charbon-vegetales-active-kb-cosmetique-1.jpg","width":458,"height":458},{"@type":"BreadcrumbList","@id":"https:\/\/www.safinel.fr\/produit\/charbon-vegetale-actif-30g\/#breadcrumb","itemListElement":[{"@type":"ListItem","position":1,"name":"Accueil","item":"https:\/\/www.safinel.fr\/"},{"@type":"ListItem","position":2,"name":"Boutique","item":"https:\/\/www.safinel.fr\/boutique\/"},{"@type":"ListItem","position":3,"name":"Charbon v\u00e9g\u00e9tale actif 30g"}]},{"@type":"WebSite","@id":"https:\/\/www.safinel.fr\/#website","url":"https:\/\/www.safinel.fr\/","name":"Safinel","description":"","publisher":{"@id":"https:\/\/www.safinel.fr\/#organization"},"potentialAction":[{"@type":"SearchAction","target":{"@type":"EntryPoint","urlTemplate":"https:\/\/www.safinel.fr\/?s={search_term_string}"},"query-input":{"@type":"PropertyValueSpecification","valueRequired":true,"valueName":"search_term_string"}}],"inLanguage":"de"},{"@type":"Organization","@id":"https:\/\/www.safinel.fr\/#organization","name":"Safinel","url":"https:\/\/www.safinel.fr\/","logo":{"@type":"ImageObject","inLanguage":"de","@id":"https:\/\/www.safinel.fr\/#\/schema\/logo\/image\/","url":"https:\/\/www.safinel.fr\/wp-content\/uploads\/2021\/05\/boutique-cosmetique.png","contentUrl":"https:\/\/www.safinel.fr\/wp-content\/uploads\/2021\/05\/boutique-cosmetique.png","width":800,"height":200,"caption":"Safinel"},"image":{"@id":"https:\/\/www.safinel.fr\/#\/schema\/logo\/image\/"}}]}},"_links":{"self":[{"href":"https:\/\/www.safinel.fr\/de\/wp-json\/wp\/v2\/product\/312","targetHints":{"allow":["GET"]}}],"collection":[{"href":"https:\/\/www.safinel.fr\/de\/wp-json\/wp\/v2\/product"}],"about":[{"href":"https:\/\/www.safinel.fr\/de\/wp-json\/wp\/v2\/types\/product"}],"wp:featuredmedia":[{"embeddable":true,"href":"https:\/\/www.safinel.fr\/de\/wp-json\/wp\/v2\/media\/330"}],"wp:attachment":[{"href":"https:\/\/www.safinel.fr\/de\/wp-json\/wp\/v2\/media?parent=312"}],"wp:term":[{"taxonomy":"product_brand","embeddable":true,"href":"https:\/\/www.safinel.fr\/de\/wp-json\/wp\/v2\/product_brand?post=312"},{"taxonomy":"product_cat","embeddable":true,"href":"https:\/\/www.safinel.fr\/de\/wp-json\/wp\/v2\/product_cat?post=312"},{"taxonomy":"product_tag","embeddable":true,"href":"https:\/\/www.safinel.fr\/de\/wp-json\/wp\/v2\/product_tag?post=312"}],"curies":[{"name":"wp","href":"https:\/\/api.w.org\/{rel}","templated":true}]}}