{"id":311,"date":"2021-07-24T18:59:49","date_gmt":"2021-07-24T18:59:49","guid":{"rendered":"https:\/\/www.safinel.fr\/?post_type=product&#038;p=311"},"modified":"2023-12-30T13:52:05","modified_gmt":"2023-12-30T13:52:05","slug":"karite-vegetal-butter-brut-certified-organic-100ml","status":"publish","type":"product","link":"https:\/\/www.safinel.fr\/de\/product-2\/karite-vegetal-butter-brut-certified-organic-100ml\/","title":{"rendered":"Rohe pflanzliche Shea-Butter aus zertifiziertem Bio-Anbau 100ml"},"content":{"rendered":"<p><span style=\"font-weight: 400;\">Wunsch nach weicher und belebender Haut Kakaobutter ist ein Sch\u00f6nheitsverb\u00fcndeter Kennen Sie Karit\u00e9butter? Ein unglaublich reichhaltiger Wirkstoff. Sheabutter eignet sich hervorragend zur Vorbeugung von Falten und sch\u00fctzt das Haar vor klimatischen Einfl\u00fcssen (K\u00e4lte, Sonne...) Das Must-have in der Kosmetikwelt.\u00a0<\/span><\/p>\n<p><span style=\"font-weight: 400;\">Die Herkunft der Karit\u00e9butter Der Name Karit\u00e9 bedeutet Butterbaum Karit\u00e9 ist ein 10 bis 15 Meter hoher Baum, der wild w\u00e4chst und erst nach 15 Jahren Fr\u00fcchte tr\u00e4gt, die einen Mandelkern enthalten, aus dem die essbare Karit\u00e9butter gewonnen wird.\u00a0<\/span><\/p>\n<p><span style=\"font-weight: 400;\">Bekannt f\u00fcr seinen Reichtum an Vitamin A, E, D, essentiellen unges\u00e4ttigten Fetts\u00e4uren und \u00d6ls\u00e4ure. Farbe: Je nach Herkunft gelb, wei\u00df, gr\u00fcn oderbgrau.\u00a0<\/span><\/p>\n<p><span style=\"font-weight: 400;\">Textur: Fest, wirkt au\u00dferordentlich regenerierend auf Haut und Haar. Reparierende Feuchtigkeitscreme, n\u00e4hrt und beruhigt.\u00a0<\/span><\/p>\n<h2><b>Einige Tipps zur Verwendung von Sheabutter<\/b><\/h2>\n<ul>\n<li><span style=\"font-weight: 400;\">Zum Baden: Bei sehr trockener, dehydrierter, irritierter und reifer Haut geben Sie vor dem Duschen ein paar Waln\u00fcsse in Ihr Bad. Ihre Haut wird \u00fcberraschend weich.\u00a0<\/span><\/li>\n<li><span style=\"font-weight: 400;\">Als Massage: zur Lockerung der Muskeln. Sofortige Wirkung bei Muskelkater. - Nach der Haarentfernung: beruhigt und entlastet die Haut.\u00a0<\/span><\/li>\n<li><span style=\"font-weight: 400;\">Ein Anti-Streifenmittel: Bei Schwangerschaft oder w\u00e4hrend einer Di\u00e4t kann es als vorbeugende Pflege verwendet werden.\u00a0<\/span><\/li>\n<li><span style=\"font-weight: 400;\">Unerl\u00e4sslich f\u00fcr die Handpflege: Pflegt rissige H\u00e4nde, n\u00e4hrt und beschleunigt die Wundheilung.<\/span><\/li>\n<li><span style=\"font-weight: 400;\">F\u00fcr das Haar: Es sorgt f\u00fcr gesundes Haar genauso wie unser Sortiment an <a href=\"https:\/\/www.deodorant-naturel.com\/categorie-produit\/shampoing-solide\/\" target=\"_blank\" rel=\"noopener\"><strong>nat\u00fcrliches festes Shampoo<\/strong><\/a>, Es wirkt tiefgreifend, da es das Haar revitalisiert.\u00a0<\/span><\/li>\n<li><span style=\"font-weight: 400;\">F\u00fcr das Gesicht: Sch\u00fctzt die Epidermis, eignet sich perfekt f\u00fcr die Gesichtspflege, spendet Feuchtigkeit und macht die Haut elastisch. Als Maske sch\u00fctzt ideal zur St\u00e4rkung der Epidermis die Haut vor dem Austrocknen.\u00a0<\/span><\/li>\n<li><span style=\"font-weight: 400;\">Verwendung f\u00fcr die Lippen: Lippenbalsam f\u00fcr Winter und Sommer, macht die Lippen weich, n\u00e4hrt sie und spendet tiefgehende Feuchtigkeit.\u00a0<\/span><\/li>\n<li><span style=\"font-weight: 400;\">F\u00fcr Babys: auf die zarte Haut von S\u00e4uglingen, auf den gereizten Po.\u00a0<\/span><\/li>\n<li><span style=\"font-weight: 400;\">F\u00fcr M\u00e4nner: Pflege nach der Rasur und f\u00fcr empfindliche Hautpartien, beruhigt die durch das Rasurfeuer gereizte Haut. Ein sehr komplettes Produkt, das Sie immer zu Hause haben sollten. <\/span><\/li>\n<\/ul>\n<h3><b>Zutaten<\/b><\/h3>\n<p><span style=\"font-weight: 400;\">Karit\u00e9butter KB Kosmetik 100% rein, ohne Farb-, Duft- und Konservierungsstoffe. An einem trockenen, vor Hitze gesch\u00fctzten Ort aufbewahren. <\/span><\/p>","protected":false},"excerpt":{"rendered":"<p>D\u00e9sir de retrouver une peau douce et tonifiante, le beurre de cacao est un alli\u00e9 beaut\u00e9 Connaissez-vous le beurre de karit\u00e9 ? Actif d\u2019une incroyable richesse. Le beurre de karit\u00e9 est excellent en pr\u00e9vention des rides et prot\u00e8ge les cheveux des agressions du climat (froid, soleil\u2026)\u00a0 L&rsquo;incontournable dans le monde cosm\u00e9tique.\u00a0 L&rsquo;origine du beurre de [&#8230;]","protected":false},"featured_media":329,"template":"","meta":[],"product_brand":[],"product_cat":[34,40,41],"product_tag":[],"class_list":{"0":"post-311","1":"product","2":"type-product","3":"status-publish","4":"has-post-thumbnail","6":"product_cat-hygiene","7":"product_cat-kb-cosmetique","8":"product_cat-produits-naturels-divers","10":"first","11":"outofstock","12":"shipping-taxable","13":"purchasable","14":"product-type-simple"},"yoast_head":"<!-- This site is optimized with the Yoast SEO plugin v26.6 - https:\/\/yoast.com\/wordpress\/plugins\/seo\/ -->\n<title>Beurre v\u00e9g\u00e9tale de karit\u00e9 brut certifi\u00e9e bio 100ml - Safinel<\/title>\n<meta name=\"robots\" content=\"index, follow, max-snippet:-1, max-image-preview:large, max-video-preview:-1\" \/>\n<link rel=\"canonical\" href=\"https:\/\/www.safinel.fr\/de\/product-2\/karite-vegetal-butter-brut-certified-organic-100ml\/\" \/>\n<meta property=\"og:locale\" content=\"de_DE\" \/>\n<meta property=\"og:type\" content=\"article\" \/>\n<meta property=\"og:title\" content=\"Beurre v\u00e9g\u00e9tale de karit\u00e9 brut certifi\u00e9e bio 100ml - Safinel\" \/>\n<meta property=\"og:description\" content=\"D\u00e9sir de retrouver une peau douce et tonifiante, le beurre de cacao est un alli\u00e9 beaut\u00e9 Connaissez-vous le beurre de karit\u00e9 ? Actif d\u2019une incroyable richesse. Le beurre de karit\u00e9 est excellent en pr\u00e9vention des rides et prot\u00e8ge les cheveux des agressions du climat (froid, soleil\u2026)\u00a0 L&rsquo;incontournable dans le monde cosm\u00e9tique.\u00a0 L&rsquo;origine du beurre de [...]\" \/>\n<meta property=\"og:url\" content=\"https:\/\/www.safinel.fr\/de\/product-2\/karite-vegetal-butter-brut-certified-organic-100ml\/\" \/>\n<meta property=\"og:site_name\" content=\"Safinel\" \/>\n<meta property=\"article:modified_time\" content=\"2023-12-30T13:52:05+00:00\" \/>\n<meta property=\"og:image\" content=\"https:\/\/www.safinel.fr\/wp-content\/uploads\/2021\/07\/beurre-de-karate-brut-certifiee-bio-kb-cosmetique.jpg\" \/>\n\t<meta property=\"og:image:width\" content=\"250\" \/>\n\t<meta property=\"og:image:height\" content=\"250\" \/>\n\t<meta property=\"og:image:type\" content=\"image\/jpeg\" \/>\n<meta name=\"twitter:card\" content=\"summary_large_image\" \/>\n<meta name=\"twitter:label1\" content=\"Gesch\u00e4tzte Lesezeit\" \/>\n\t<meta name=\"twitter:data1\" content=\"2\u00a0Minuten\" \/>\n<script type=\"application\/ld+json\" class=\"yoast-schema-graph\">{\"@context\":\"https:\/\/schema.org\",\"@graph\":[{\"@type\":\"WebPage\",\"@id\":\"https:\/\/www.safinel.fr\/produit\/beurre-vegetale-de-karite-brut-certifiee-bio-100ml\/\",\"url\":\"https:\/\/www.safinel.fr\/produit\/beurre-vegetale-de-karite-brut-certifiee-bio-100ml\/\",\"name\":\"Beurre v\u00e9g\u00e9tale de karit\u00e9 brut certifi\u00e9e bio 100ml - Safinel\",\"isPartOf\":{\"@id\":\"https:\/\/www.safinel.fr\/#website\"},\"primaryImageOfPage\":{\"@id\":\"https:\/\/www.safinel.fr\/produit\/beurre-vegetale-de-karite-brut-certifiee-bio-100ml\/#primaryimage\"},\"image\":{\"@id\":\"https:\/\/www.safinel.fr\/produit\/beurre-vegetale-de-karite-brut-certifiee-bio-100ml\/#primaryimage\"},\"thumbnailUrl\":\"https:\/\/www.safinel.fr\/wp-content\/uploads\/2021\/07\/beurre-de-karate-brut-certifiee-bio-kb-cosmetique.jpg\",\"datePublished\":\"2021-07-24T18:59:49+00:00\",\"dateModified\":\"2023-12-30T13:52:05+00:00\",\"breadcrumb\":{\"@id\":\"https:\/\/www.safinel.fr\/produit\/beurre-vegetale-de-karite-brut-certifiee-bio-100ml\/#breadcrumb\"},\"inLanguage\":\"de\",\"potentialAction\":[{\"@type\":\"ReadAction\",\"target\":[\"https:\/\/www.safinel.fr\/produit\/beurre-vegetale-de-karite-brut-certifiee-bio-100ml\/\"]}]},{\"@type\":\"ImageObject\",\"inLanguage\":\"de\",\"@id\":\"https:\/\/www.safinel.fr\/produit\/beurre-vegetale-de-karite-brut-certifiee-bio-100ml\/#primaryimage\",\"url\":\"https:\/\/www.safinel.fr\/wp-content\/uploads\/2021\/07\/beurre-de-karate-brut-certifiee-bio-kb-cosmetique.jpg\",\"contentUrl\":\"https:\/\/www.safinel.fr\/wp-content\/uploads\/2021\/07\/beurre-de-karate-brut-certifiee-bio-kb-cosmetique.jpg\",\"width\":250,\"height\":250},{\"@type\":\"BreadcrumbList\",\"@id\":\"https:\/\/www.safinel.fr\/produit\/beurre-vegetale-de-karite-brut-certifiee-bio-100ml\/#breadcrumb\",\"itemListElement\":[{\"@type\":\"ListItem\",\"position\":1,\"name\":\"Accueil\",\"item\":\"https:\/\/www.safinel.fr\/\"},{\"@type\":\"ListItem\",\"position\":2,\"name\":\"Boutique\",\"item\":\"https:\/\/www.safinel.fr\/boutique\/\"},{\"@type\":\"ListItem\",\"position\":3,\"name\":\"Beurre v\u00e9g\u00e9tale de karit\u00e9 brut certifi\u00e9e bio 100ml\"}]},{\"@type\":\"WebSite\",\"@id\":\"https:\/\/www.safinel.fr\/#website\",\"url\":\"https:\/\/www.safinel.fr\/\",\"name\":\"Safinel\",\"description\":\"\",\"publisher\":{\"@id\":\"https:\/\/www.safinel.fr\/#organization\"},\"potentialAction\":[{\"@type\":\"SearchAction\",\"target\":{\"@type\":\"EntryPoint\",\"urlTemplate\":\"https:\/\/www.safinel.fr\/?s={search_term_string}\"},\"query-input\":{\"@type\":\"PropertyValueSpecification\",\"valueRequired\":true,\"valueName\":\"search_term_string\"}}],\"inLanguage\":\"de\"},{\"@type\":\"Organization\",\"@id\":\"https:\/\/www.safinel.fr\/#organization\",\"name\":\"Safinel\",\"url\":\"https:\/\/www.safinel.fr\/\",\"logo\":{\"@type\":\"ImageObject\",\"inLanguage\":\"de\",\"@id\":\"https:\/\/www.safinel.fr\/#\/schema\/logo\/image\/\",\"url\":\"https:\/\/www.safinel.fr\/wp-content\/uploads\/2021\/05\/boutique-cosmetique.png\",\"contentUrl\":\"https:\/\/www.safinel.fr\/wp-content\/uploads\/2021\/05\/boutique-cosmetique.png\",\"width\":800,\"height\":200,\"caption\":\"Safinel\"},\"image\":{\"@id\":\"https:\/\/www.safinel.fr\/#\/schema\/logo\/image\/\"}}]}<\/script>\n<!-- \/ Yoast SEO plugin. -->","yoast_head_json":{"title":"Rohe pflanzliche Shea-Butter aus zertifiziertem Bio-Anbau 100ml - Safinel","robots":{"index":"index","follow":"follow","max-snippet":"max-snippet:-1","max-image-preview":"max-image-preview:large","max-video-preview":"max-video-preview:-1"},"canonical":"https:\/\/www.safinel.fr\/de\/product-2\/karite-vegetal-butter-brut-certified-organic-100ml\/","og_locale":"de_DE","og_type":"article","og_title":"Beurre v\u00e9g\u00e9tale de karit\u00e9 brut certifi\u00e9e bio 100ml - Safinel","og_description":"D\u00e9sir de retrouver une peau douce et tonifiante, le beurre de cacao est un alli\u00e9 beaut\u00e9 Connaissez-vous le beurre de karit\u00e9 ? Actif d\u2019une incroyable richesse. Le beurre de karit\u00e9 est excellent en pr\u00e9vention des rides et prot\u00e8ge les cheveux des agressions du climat (froid, soleil\u2026)\u00a0 L&rsquo;incontournable dans le monde cosm\u00e9tique.\u00a0 L&rsquo;origine du beurre de [...]","og_url":"https:\/\/www.safinel.fr\/de\/product-2\/karite-vegetal-butter-brut-certified-organic-100ml\/","og_site_name":"Safinel","article_modified_time":"2023-12-30T13:52:05+00:00","og_image":[{"width":250,"height":250,"url":"https:\/\/www.safinel.fr\/wp-content\/uploads\/2021\/07\/beurre-de-karate-brut-certifiee-bio-kb-cosmetique.jpg","type":"image\/jpeg"}],"twitter_card":"summary_large_image","twitter_misc":{"Gesch\u00e4tzte Lesezeit":"2\u00a0Minuten"},"schema":{"@context":"https:\/\/schema.org","@graph":[{"@type":"WebPage","@id":"https:\/\/www.safinel.fr\/produit\/beurre-vegetale-de-karite-brut-certifiee-bio-100ml\/","url":"https:\/\/www.safinel.fr\/produit\/beurre-vegetale-de-karite-brut-certifiee-bio-100ml\/","name":"Rohe pflanzliche Shea-Butter aus zertifiziertem Bio-Anbau 100ml - Safinel","isPartOf":{"@id":"https:\/\/www.safinel.fr\/#website"},"primaryImageOfPage":{"@id":"https:\/\/www.safinel.fr\/produit\/beurre-vegetale-de-karite-brut-certifiee-bio-100ml\/#primaryimage"},"image":{"@id":"https:\/\/www.safinel.fr\/produit\/beurre-vegetale-de-karite-brut-certifiee-bio-100ml\/#primaryimage"},"thumbnailUrl":"https:\/\/www.safinel.fr\/wp-content\/uploads\/2021\/07\/beurre-de-karate-brut-certifiee-bio-kb-cosmetique.jpg","datePublished":"2021-07-24T18:59:49+00:00","dateModified":"2023-12-30T13:52:05+00:00","breadcrumb":{"@id":"https:\/\/www.safinel.fr\/produit\/beurre-vegetale-de-karite-brut-certifiee-bio-100ml\/#breadcrumb"},"inLanguage":"de","potentialAction":[{"@type":"ReadAction","target":["https:\/\/www.safinel.fr\/produit\/beurre-vegetale-de-karite-brut-certifiee-bio-100ml\/"]}]},{"@type":"ImageObject","inLanguage":"de","@id":"https:\/\/www.safinel.fr\/produit\/beurre-vegetale-de-karite-brut-certifiee-bio-100ml\/#primaryimage","url":"https:\/\/www.safinel.fr\/wp-content\/uploads\/2021\/07\/beurre-de-karate-brut-certifiee-bio-kb-cosmetique.jpg","contentUrl":"https:\/\/www.safinel.fr\/wp-content\/uploads\/2021\/07\/beurre-de-karate-brut-certifiee-bio-kb-cosmetique.jpg","width":250,"height":250},{"@type":"BreadcrumbList","@id":"https:\/\/www.safinel.fr\/produit\/beurre-vegetale-de-karite-brut-certifiee-bio-100ml\/#breadcrumb","itemListElement":[{"@type":"ListItem","position":1,"name":"Accueil","item":"https:\/\/www.safinel.fr\/"},{"@type":"ListItem","position":2,"name":"Boutique","item":"https:\/\/www.safinel.fr\/boutique\/"},{"@type":"ListItem","position":3,"name":"Beurre v\u00e9g\u00e9tale de karit\u00e9 brut certifi\u00e9e bio 100ml"}]},{"@type":"WebSite","@id":"https:\/\/www.safinel.fr\/#website","url":"https:\/\/www.safinel.fr\/","name":"Safinel","description":"","publisher":{"@id":"https:\/\/www.safinel.fr\/#organization"},"potentialAction":[{"@type":"SearchAction","target":{"@type":"EntryPoint","urlTemplate":"https:\/\/www.safinel.fr\/?s={search_term_string}"},"query-input":{"@type":"PropertyValueSpecification","valueRequired":true,"valueName":"search_term_string"}}],"inLanguage":"de"},{"@type":"Organization","@id":"https:\/\/www.safinel.fr\/#organization","name":"Safinel","url":"https:\/\/www.safinel.fr\/","logo":{"@type":"ImageObject","inLanguage":"de","@id":"https:\/\/www.safinel.fr\/#\/schema\/logo\/image\/","url":"https:\/\/www.safinel.fr\/wp-content\/uploads\/2021\/05\/boutique-cosmetique.png","contentUrl":"https:\/\/www.safinel.fr\/wp-content\/uploads\/2021\/05\/boutique-cosmetique.png","width":800,"height":200,"caption":"Safinel"},"image":{"@id":"https:\/\/www.safinel.fr\/#\/schema\/logo\/image\/"}}]}},"_links":{"self":[{"href":"https:\/\/www.safinel.fr\/de\/wp-json\/wp\/v2\/product\/311","targetHints":{"allow":["GET"]}}],"collection":[{"href":"https:\/\/www.safinel.fr\/de\/wp-json\/wp\/v2\/product"}],"about":[{"href":"https:\/\/www.safinel.fr\/de\/wp-json\/wp\/v2\/types\/product"}],"wp:featuredmedia":[{"embeddable":true,"href":"https:\/\/www.safinel.fr\/de\/wp-json\/wp\/v2\/media\/329"}],"wp:attachment":[{"href":"https:\/\/www.safinel.fr\/de\/wp-json\/wp\/v2\/media?parent=311"}],"wp:term":[{"taxonomy":"product_brand","embeddable":true,"href":"https:\/\/www.safinel.fr\/de\/wp-json\/wp\/v2\/product_brand?post=311"},{"taxonomy":"product_cat","embeddable":true,"href":"https:\/\/www.safinel.fr\/de\/wp-json\/wp\/v2\/product_cat?post=311"},{"taxonomy":"product_tag","embeddable":true,"href":"https:\/\/www.safinel.fr\/de\/wp-json\/wp\/v2\/product_tag?post=311"}],"curies":[{"name":"wp","href":"https:\/\/api.w.org\/{rel}","templated":true}]}}