{"id":3017,"date":"2022-10-04T17:27:44","date_gmt":"2022-10-04T17:27:44","guid":{"rendered":"https:\/\/www.safinel.fr\/?post_type=product&#038;p=3017"},"modified":"2023-12-28T17:15:37","modified_gmt":"2023-12-28T17:15:37","slug":"talbina-mehl-dorge","status":"publish","type":"product","link":"https:\/\/www.safinel.fr\/de\/product-2\/talbina-mehl-dorge\/","title":{"rendered":"Talbina (Gerstenmehl) 200g"},"content":{"rendered":"<p>Die Talbina ist eine\u00a0<strong>k\u00f6stliche kulinarische Zubereitung<\/strong>\u00a0die f\u00fcr ihre positive Wirkung auf den K\u00f6rper bekannt ist. In muslimischen L\u00e4ndern ist sie \u00fcbrigens seit Generationen bekannt. In der Tat wird sie in der prophetischen Tradition wegen ihrer zahlreichen Vorteile empfohlen.\u00a0<strong>Einfach zuzubereiten\u00a0<\/strong>und bestimmt f\u00fcr\u00a0<strong>die ganze Familie<\/strong>, Es ist ein Lebensmittel, das man in seiner K\u00fcche haben sollte.<\/p>\n<h2><strong>La Talbina aus der N\u00e4he<\/strong><\/h2>\n<p>Es ist eine\u00a0<strong>Gerstenmehl<\/strong>. Zuvor wurde die Gerste von ihrer Schale befreit, die nicht essbar ist. Das hei\u00dft, sein Korn wurde leicht poliert, ohne es zu ver\u00e4ndern. So beh\u00e4lt es alle seine Eigenschaften. Das ist der gro\u00dfe Unterschied zwischen diesem Getreide und Weizen oder Roggen. Seine Vitamine, Aminos\u00e4uren und Mineralien sind ein\u00a0<strong>Nektar f\u00fcr den K\u00f6rper<\/strong>.<\/p>\n<p>Insbesondere Personen, die Probleme mit der Verdauung haben.<\/p>\n<p>Aber auch schwangere Frauen, Kinder, \u00e4ltere Menschen und auch Sportler. Talbina wird zubereitet mit\u00a0<strong>Milch<\/strong>\u00a0und des\u00a0<a href=\"https:\/\/www.safinel.fr\/de\/product-category-2\/bienenzucht\/\"><strong>Honig<\/strong><\/a>. Und je nachdem, wie viel Fl\u00fcssigkeit Sie zu sich nehmen, erhalten Sie ein Getr\u00e4nk oder im Gegenteil einen Brei oder Porridge. Au\u00dferdem ist es eine komplette Mahlzeit. Deshalb ist es ratsam, keine zus\u00e4tzlichen Gerichte hinzuzuf\u00fcgen.<\/p>\n<h2><strong>Talbina: Hilfe bei depressiven Verstimmungen<\/strong><\/h2>\n<p>Es sind n\u00e4mlich Mineralien wie Magnesium und Kalium, die eine Wirkung auf das Gehirn haben werden. Sie werden unter anderem,\u00a0<strong>anregen<\/strong>\u00a0Neurotransmitter und erm\u00f6glichen so die Regulierung der \u00fcbersteigerten \u00dcberempfindlichkeit bei Zust\u00e4nden intensiver Traurigkeit wie dem\u00a0<a href=\"https:\/\/www.safinel.fr\/de\/product-2\/lions-mane-hydne-herisson\/\"><strong>Lion's mane<\/strong><\/a>. Dar\u00fcber hinaus werden animierte S\u00e4uren die\u00a0<strong>Serotoninproduktion<\/strong>.<\/p>\n<p>Seit einigen Jahren wei\u00df man jedoch, dass es einen Zusammenhang zwischen depressiven Verstimmungen und einer Abnahme dieses Stoffes gibt.  Schlie\u00dflich wird Vitamin E wie ein Schutzschild gegen die Zellalterung und damit gegen Senilit\u00e4t wirken.<\/p>\n<h2><strong>Ein guter Regulator\u00a0<\/strong><\/h2>\n<p>Die in der Gerste enthaltenen Ballaststoffe, die l\u00f6slich sind, haben die Eigenschaft, dass sie\u00a0<strong>verlangsamen<\/strong>\u00a0die Aufnahme von Zucker. Daher wird diese Zubereitung empfohlen f\u00fcr\u00a0<strong>Diabetiker<\/strong>\u00a0wie die\u00a0<strong>Rehmannia-Wurzel.\u00a0<\/strong>So k\u00f6nnen sie ihre Geschmacksknospen auf eine Reise schicken, ohne einen schnellen Anstieg des Blutzuckerspiegels zu riskieren. Au\u00dferdem wird dieses Nahrungsmittel dank des Kaliums eine Hilfe bei Problemen mit\u00a0<strong>Wassereinlagerungen<\/strong>.<\/p>\n<p>In der Tat wird es wie ein Diuretikum wirken, um dem Patienten Erleichterung zu verschaffen. Au\u00dferdem haben neuere Studien bewiesen, dass es hilft, die Entstehung von\u00a0<strong>Nierensteine<\/strong>. Aber auch Schlaganf\u00e4lle (AVC). Und schlie\u00dflich werden Sie auch feststellen, dass diese positiven Auswirkungen auf das Gleichgewicht der\u00a0<strong>Blutdruck<\/strong>.<\/p>\n<h3><strong>Unser Rezept f\u00fcr Talbina<\/strong><\/h3>\n<p>F\u00fcr 4 Personen planen Sie :<\/p>\n<ul>\n<li>60 Gramm Mehl, das sind 4 Essl\u00f6ffel.<\/li>\n<li>1 Liter Kuh- oder Pflanzenmilch (Soja oder Mandel)<\/li>\n<li><a href=\"https:\/\/www.restaurant-lentredeuxverres.com\/le-miel-de-jujubier-en-cuisine-pour-quelle-utilisation\/\" target=\"_blank\" rel=\"noopener\"><strong>Honig von der Jujube<\/strong><\/a>\u00a0oder\u2019<strong>Euphorbia<\/strong><\/li>\n<li>Trockenfr\u00fcchte: Rosinen, Mandeln, Cashewn\u00fcsse, Sesam<\/li>\n<\/ul>\n<p>Gie\u00dfen Sie die Fl\u00fcssigkeit in einen Topf und geben Sie nach und nach das Gerstenmehl hinzu, w\u00e4hrend Sie mit dem Handr\u00fchrger\u00e4t r\u00fchren. Achten Sie darauf, dass keine Kl\u00fcmpchen entstehen, und erhitzen Sie die Mischung bei niedriger Hitze eine Viertelstunde lang. R\u00fchren Sie regelm\u00e4\u00dfig um, bis ein P\u00fcree entsteht. Geben Sie nun den Honig nach Belieben hinzu. Nach dem Servieren bestreuen Sie diese K\u00f6stlichkeit mit Trockenfr\u00fcchten und lassen Sie es sich schmecken!<\/p>","protected":false},"excerpt":{"rendered":"<p>Entdecken Sie das Geheimnis einer k\u00f6stlichen selbstgemachten Talbina, indem Sie diese einfachen Schritte befolgen!<\/p>\n<p>Erhitzen Sie zun\u00e4chst Wasser auf kleiner Flamme und achten Sie darauf, dass es nicht \u00fcber 40 Grad hei\u00df wird, damit alle Vorteile der Zutaten erhalten bleiben. F\u00fcgen Sie dann 10 g Kamelmilch hinzu, die f\u00fcr ihre au\u00dfergew\u00f6hnlichen N\u00e4hrwerteigenschaften bekannt ist.<\/p>\n<p>Wenn die Milch gut eingearbeitet ist, langsam 15 g Gerstenmehl einr\u00fchren, um Klumpen zu vermeiden.<\/p>\n<p>F\u00fcr einen Hauch von S\u00fc\u00dfe r\u00fchren Sie schlie\u00dflich einen L\u00f6ffel Honig unter. Und schon ist Ihr k\u00f6stlicher Talbina bereit, genossen zu werden! Verpassen Sie nicht die Gelegenheit, dieses gesunde und nahrhafte Getr\u00e4nk zu genie\u00dfen, das Ihren Gaumen verw\u00f6hnt und Ihnen gleichzeitig eine Portion Wohlbefinden verleiht.<\/p>\n<p><strong>Bestellen Sie jetzt und genie\u00dfen Sie einen Moment puren Geschmacksvergn\u00fcgens.<\/strong><\/p>","protected":false},"featured_media":4374,"template":"","meta":[],"product_brand":[],"product_cat":[41],"product_tag":[],"class_list":{"0":"post-3017","1":"product","2":"type-product","3":"status-publish","4":"has-post-thumbnail","6":"product_cat-produits-naturels-divers","8":"first","9":"instock","10":"shipping-taxable","11":"purchasable","12":"product-type-simple"},"yoast_head":"<!-- This site is optimized with the Yoast SEO plugin v26.6 - https:\/\/yoast.com\/wordpress\/plugins\/seo\/ -->\n<title>Talbina I Farine d&#039;orge I Boisson aux bienfaits nombreux<\/title>\n<meta name=\"description\" content=\"La Talbina est une\u00a0pr\u00e9paration culinaire d\u00e9licieuse\u00a0r\u00e9put\u00e9e pour son effet b\u00e9n\u00e9fique sur l\u2019organisme. Adoptez-l\u00e0 sans plus attendre !\" \/>\n<meta name=\"robots\" content=\"index, follow, max-snippet:-1, max-image-preview:large, max-video-preview:-1\" \/>\n<link rel=\"canonical\" href=\"https:\/\/www.safinel.fr\/de\/product-2\/talbina-mehl-dorge\/\" \/>\n<meta property=\"og:locale\" content=\"de_DE\" \/>\n<meta property=\"og:type\" content=\"article\" \/>\n<meta property=\"og:title\" content=\"Talbina I Farine d&#039;orge I Boisson aux bienfaits nombreux\" \/>\n<meta property=\"og:description\" content=\"La Talbina est une\u00a0pr\u00e9paration culinaire d\u00e9licieuse\u00a0r\u00e9put\u00e9e pour son effet b\u00e9n\u00e9fique sur l\u2019organisme. Adoptez-l\u00e0 sans plus attendre !\" \/>\n<meta property=\"og:url\" content=\"https:\/\/www.safinel.fr\/de\/product-2\/talbina-mehl-dorge\/\" \/>\n<meta property=\"og:site_name\" content=\"Safinel\" \/>\n<meta property=\"article:modified_time\" content=\"2023-12-28T17:15:37+00:00\" \/>\n<meta property=\"og:image\" content=\"https:\/\/www.safinel.fr\/wp-content\/uploads\/2022\/10\/talbina-farine-dorge.jpg\" \/>\n\t<meta property=\"og:image:width\" content=\"600\" \/>\n\t<meta property=\"og:image:height\" content=\"600\" \/>\n\t<meta property=\"og:image:type\" content=\"image\/jpeg\" \/>\n<meta name=\"twitter:card\" content=\"summary_large_image\" \/>\n<meta name=\"twitter:label1\" content=\"Gesch\u00e4tzte Lesezeit\" \/>\n\t<meta name=\"twitter:data1\" content=\"3\u00a0Minuten\" \/>\n<script type=\"application\/ld+json\" class=\"yoast-schema-graph\">{\"@context\":\"https:\/\/schema.org\",\"@graph\":[{\"@type\":\"WebPage\",\"@id\":\"https:\/\/www.safinel.fr\/produit\/talbina-farine-dorge\/\",\"url\":\"https:\/\/www.safinel.fr\/produit\/talbina-farine-dorge\/\",\"name\":\"Talbina I Farine d'orge I Boisson aux bienfaits nombreux\",\"isPartOf\":{\"@id\":\"https:\/\/www.safinel.fr\/#website\"},\"primaryImageOfPage\":{\"@id\":\"https:\/\/www.safinel.fr\/produit\/talbina-farine-dorge\/#primaryimage\"},\"image\":{\"@id\":\"https:\/\/www.safinel.fr\/produit\/talbina-farine-dorge\/#primaryimage\"},\"thumbnailUrl\":\"https:\/\/www.safinel.fr\/wp-content\/uploads\/2022\/10\/talbina-farine-dorge.jpg\",\"datePublished\":\"2022-10-04T17:27:44+00:00\",\"dateModified\":\"2023-12-28T17:15:37+00:00\",\"description\":\"La Talbina est une\u00a0pr\u00e9paration culinaire d\u00e9licieuse\u00a0r\u00e9put\u00e9e pour son effet b\u00e9n\u00e9fique sur l\u2019organisme. Adoptez-l\u00e0 sans plus attendre !\",\"breadcrumb\":{\"@id\":\"https:\/\/www.safinel.fr\/produit\/talbina-farine-dorge\/#breadcrumb\"},\"inLanguage\":\"de\",\"potentialAction\":[{\"@type\":\"ReadAction\",\"target\":[\"https:\/\/www.safinel.fr\/produit\/talbina-farine-dorge\/\"]}]},{\"@type\":\"ImageObject\",\"inLanguage\":\"de\",\"@id\":\"https:\/\/www.safinel.fr\/produit\/talbina-farine-dorge\/#primaryimage\",\"url\":\"https:\/\/www.safinel.fr\/wp-content\/uploads\/2022\/10\/talbina-farine-dorge.jpg\",\"contentUrl\":\"https:\/\/www.safinel.fr\/wp-content\/uploads\/2022\/10\/talbina-farine-dorge.jpg\",\"width\":600,\"height\":600,\"caption\":\"talbina farine d'orge\"},{\"@type\":\"BreadcrumbList\",\"@id\":\"https:\/\/www.safinel.fr\/produit\/talbina-farine-dorge\/#breadcrumb\",\"itemListElement\":[{\"@type\":\"ListItem\",\"position\":1,\"name\":\"Accueil\",\"item\":\"https:\/\/www.safinel.fr\/\"},{\"@type\":\"ListItem\",\"position\":2,\"name\":\"Boutique\",\"item\":\"https:\/\/www.safinel.fr\/boutique\/\"},{\"@type\":\"ListItem\",\"position\":3,\"name\":\"Talbina (farine d&#8217;orge) 200g\"}]},{\"@type\":\"WebSite\",\"@id\":\"https:\/\/www.safinel.fr\/#website\",\"url\":\"https:\/\/www.safinel.fr\/\",\"name\":\"Safinel\",\"description\":\"\",\"publisher\":{\"@id\":\"https:\/\/www.safinel.fr\/#organization\"},\"potentialAction\":[{\"@type\":\"SearchAction\",\"target\":{\"@type\":\"EntryPoint\",\"urlTemplate\":\"https:\/\/www.safinel.fr\/?s={search_term_string}\"},\"query-input\":{\"@type\":\"PropertyValueSpecification\",\"valueRequired\":true,\"valueName\":\"search_term_string\"}}],\"inLanguage\":\"de\"},{\"@type\":\"Organization\",\"@id\":\"https:\/\/www.safinel.fr\/#organization\",\"name\":\"Safinel\",\"url\":\"https:\/\/www.safinel.fr\/\",\"logo\":{\"@type\":\"ImageObject\",\"inLanguage\":\"de\",\"@id\":\"https:\/\/www.safinel.fr\/#\/schema\/logo\/image\/\",\"url\":\"https:\/\/www.safinel.fr\/wp-content\/uploads\/2021\/05\/boutique-cosmetique.png\",\"contentUrl\":\"https:\/\/www.safinel.fr\/wp-content\/uploads\/2021\/05\/boutique-cosmetique.png\",\"width\":800,\"height\":200,\"caption\":\"Safinel\"},\"image\":{\"@id\":\"https:\/\/www.safinel.fr\/#\/schema\/logo\/image\/\"}}]}<\/script>\n<!-- \/ Yoast SEO plugin. -->","yoast_head_json":{"title":"Talbina I Gerstenmehl I Getr\u00e4nk mit vielen Vorteilen","description":"Talbina ist ein k\u00f6stliches Gericht, das f\u00fcr seine positive Wirkung auf den K\u00f6rper bekannt ist. Sie sollten sie unbedingt probieren!","robots":{"index":"index","follow":"follow","max-snippet":"max-snippet:-1","max-image-preview":"max-image-preview:large","max-video-preview":"max-video-preview:-1"},"canonical":"https:\/\/www.safinel.fr\/de\/product-2\/talbina-mehl-dorge\/","og_locale":"de_DE","og_type":"article","og_title":"Talbina I Farine d'orge I Boisson aux bienfaits nombreux","og_description":"La Talbina est une\u00a0pr\u00e9paration culinaire d\u00e9licieuse\u00a0r\u00e9put\u00e9e pour son effet b\u00e9n\u00e9fique sur l\u2019organisme. Adoptez-l\u00e0 sans plus attendre !","og_url":"https:\/\/www.safinel.fr\/de\/product-2\/talbina-mehl-dorge\/","og_site_name":"Safinel","article_modified_time":"2023-12-28T17:15:37+00:00","og_image":[{"width":600,"height":600,"url":"https:\/\/www.safinel.fr\/wp-content\/uploads\/2022\/10\/talbina-farine-dorge.jpg","type":"image\/jpeg"}],"twitter_card":"summary_large_image","twitter_misc":{"Gesch\u00e4tzte Lesezeit":"3\u00a0Minuten"},"schema":{"@context":"https:\/\/schema.org","@graph":[{"@type":"WebPage","@id":"https:\/\/www.safinel.fr\/produit\/talbina-farine-dorge\/","url":"https:\/\/www.safinel.fr\/produit\/talbina-farine-dorge\/","name":"Talbina I Gerstenmehl I Getr\u00e4nk mit vielen Vorteilen","isPartOf":{"@id":"https:\/\/www.safinel.fr\/#website"},"primaryImageOfPage":{"@id":"https:\/\/www.safinel.fr\/produit\/talbina-farine-dorge\/#primaryimage"},"image":{"@id":"https:\/\/www.safinel.fr\/produit\/talbina-farine-dorge\/#primaryimage"},"thumbnailUrl":"https:\/\/www.safinel.fr\/wp-content\/uploads\/2022\/10\/talbina-farine-dorge.jpg","datePublished":"2022-10-04T17:27:44+00:00","dateModified":"2023-12-28T17:15:37+00:00","description":"Talbina ist ein k\u00f6stliches Gericht, das f\u00fcr seine positive Wirkung auf den K\u00f6rper bekannt ist. Sie sollten sie unbedingt probieren!","breadcrumb":{"@id":"https:\/\/www.safinel.fr\/produit\/talbina-farine-dorge\/#breadcrumb"},"inLanguage":"de","potentialAction":[{"@type":"ReadAction","target":["https:\/\/www.safinel.fr\/produit\/talbina-farine-dorge\/"]}]},{"@type":"ImageObject","inLanguage":"de","@id":"https:\/\/www.safinel.fr\/produit\/talbina-farine-dorge\/#primaryimage","url":"https:\/\/www.safinel.fr\/wp-content\/uploads\/2022\/10\/talbina-farine-dorge.jpg","contentUrl":"https:\/\/www.safinel.fr\/wp-content\/uploads\/2022\/10\/talbina-farine-dorge.jpg","width":600,"height":600,"caption":"talbina farine d'orge"},{"@type":"BreadcrumbList","@id":"https:\/\/www.safinel.fr\/produit\/talbina-farine-dorge\/#breadcrumb","itemListElement":[{"@type":"ListItem","position":1,"name":"Accueil","item":"https:\/\/www.safinel.fr\/"},{"@type":"ListItem","position":2,"name":"Boutique","item":"https:\/\/www.safinel.fr\/boutique\/"},{"@type":"ListItem","position":3,"name":"Talbina (farine d&#8217;orge) 200g"}]},{"@type":"WebSite","@id":"https:\/\/www.safinel.fr\/#website","url":"https:\/\/www.safinel.fr\/","name":"Safinel","description":"","publisher":{"@id":"https:\/\/www.safinel.fr\/#organization"},"potentialAction":[{"@type":"SearchAction","target":{"@type":"EntryPoint","urlTemplate":"https:\/\/www.safinel.fr\/?s={search_term_string}"},"query-input":{"@type":"PropertyValueSpecification","valueRequired":true,"valueName":"search_term_string"}}],"inLanguage":"de"},{"@type":"Organization","@id":"https:\/\/www.safinel.fr\/#organization","name":"Safinel","url":"https:\/\/www.safinel.fr\/","logo":{"@type":"ImageObject","inLanguage":"de","@id":"https:\/\/www.safinel.fr\/#\/schema\/logo\/image\/","url":"https:\/\/www.safinel.fr\/wp-content\/uploads\/2021\/05\/boutique-cosmetique.png","contentUrl":"https:\/\/www.safinel.fr\/wp-content\/uploads\/2021\/05\/boutique-cosmetique.png","width":800,"height":200,"caption":"Safinel"},"image":{"@id":"https:\/\/www.safinel.fr\/#\/schema\/logo\/image\/"}}]}},"_links":{"self":[{"href":"https:\/\/www.safinel.fr\/de\/wp-json\/wp\/v2\/product\/3017","targetHints":{"allow":["GET"]}}],"collection":[{"href":"https:\/\/www.safinel.fr\/de\/wp-json\/wp\/v2\/product"}],"about":[{"href":"https:\/\/www.safinel.fr\/de\/wp-json\/wp\/v2\/types\/product"}],"wp:featuredmedia":[{"embeddable":true,"href":"https:\/\/www.safinel.fr\/de\/wp-json\/wp\/v2\/media\/4374"}],"wp:attachment":[{"href":"https:\/\/www.safinel.fr\/de\/wp-json\/wp\/v2\/media?parent=3017"}],"wp:term":[{"taxonomy":"product_brand","embeddable":true,"href":"https:\/\/www.safinel.fr\/de\/wp-json\/wp\/v2\/product_brand?post=3017"},{"taxonomy":"product_cat","embeddable":true,"href":"https:\/\/www.safinel.fr\/de\/wp-json\/wp\/v2\/product_cat?post=3017"},{"taxonomy":"product_tag","embeddable":true,"href":"https:\/\/www.safinel.fr\/de\/wp-json\/wp\/v2\/product_tag?post=3017"}],"curies":[{"name":"wp","href":"https:\/\/api.w.org\/{rel}","templated":true}]}}