{"id":3009,"date":"2022-10-03T18:13:05","date_gmt":"2022-10-03T18:13:05","guid":{"rendered":"https:\/\/www.safinel.fr\/?post_type=product&#038;p=3009"},"modified":"2023-12-28T17:15:37","modified_gmt":"2023-12-28T17:15:37","slug":"karottenseife","status":"publish","type":"product","link":"https:\/\/www.safinel.fr\/de\/product-2\/karottenseife\/","title":{"rendered":"Karottenseife 80g"},"content":{"rendered":"<p>Das Wohlbefinden und die Sch\u00f6nheit Ihrer Haut sind f\u00fcr M\u00e4nner und Frauen gleicherma\u00dfen wichtig. Denn wenn sie trocken ist, wird sie stumpf und ist anf\u00e4llig f\u00fcr Entz\u00fcndungen und Irritationen. Wenn Sie sie pflegen, bleibt sie\u00a0<strong>glatt, elastisch und strahlend<\/strong>. Mit der Karottenseife verw\u00f6hnen Sie Ihre Haut t\u00e4glich und bieten ihr L\u00f6sungen, um all ihre kleinen Sorgen zu beseitigen. Eine sch\u00f6ne Haut und ein strahlendes Aussehen: Das Leben wird Ihnen bestimmt gefallen!<\/p>\n<h2><strong>Karottenseife: eine Vielzahl von Vorteilen<\/strong><\/h2>\n<p>Ein schlechtes Aussehen oder Pickel k\u00f6nnen Ihre Lebensfreude beeintr\u00e4chtigen. Mit diesem Reiniger bek\u00e4mpfen Sie ihre kleinen Sorgen auf sanfte Weise.<\/p>\n<p>Die Karotte wird seit Jahrtausenden verwendet, um den gesamten Organismus zu unterst\u00fctzen. Sie wird ihm n\u00e4mlich dabei helfen, Krankheiten, Viren, Sch\u00e4den und Entz\u00fcndungen zu bek\u00e4mpfen. F\u00fcr Ihre Haut ist sie eine wahre Fundgrube. Ihre\u00a0<strong>Antioxidantien<\/strong>\u00a0und ihre Mineralien, insbesondere Kalium, werden\u00a0<strong>die Regeneration anregen<\/strong>\u00a0Ihrer Zellen sowie die\u00a0<strong>Vitamin A<\/strong>, Sie k\u00f6nnen den pH-Wert Ihrer Epidermis wieder ins Gleichgewicht bringen.\u00a0<strong>tiefgehende Feuchtigkeit spenden<\/strong>.<\/p>\n<p>Die Vitamine\u00a0<strong>B1<\/strong>\u00a0und\u00a0<strong>C<\/strong>\u00a0werden auch dazu beitragen, die Zellalterung zu bek\u00e4mpfen, aber auch die\u00a0<strong>braune Flecken<\/strong>. Sie werden einen strahlenden, ebenm\u00e4\u00dfigen Teint haben! Schlie\u00dflich die\u00a0<strong>Vitamin K<\/strong>\u00a0wird die Wundheilung unterst\u00fctzen, insbesondere die des\u2019<strong>Akne<\/strong>\u00a0wie der\u00a0<strong>Kurkumaseife<\/strong>. Sie haben verstanden, dass dies das Sch\u00f6nheits- und Wellnessprodukt ist, das Sie haben m\u00fcssen, um sich zu sublimieren.<\/p>\n<h2><strong>Karottenseife: f\u00fcr einen strahlenden Teint<\/strong><\/h2>\n<p>Seine Wirkstoffe werden auf Ihre Epidermis einwirken und ihre Trockenheit bek\u00e4mpfen. Denn seine Bio-Formel wird gleichzeitig reinigen und den Feuchtigkeitshaushalt unterst\u00fctzen. Im Gegensatz zu chemischen Reinigungsmitteln, die die Epidermis stark austrocknen. Hier wird sie gut gen\u00e4hrt und beh\u00e4lt ihre\u00a0<strong>Elastizit\u00e4t<\/strong>\u00a0und seine\u00a0<strong>Tonus<\/strong>. Au\u00dferdem wird Ihr ganzer K\u00f6rper von den Wirkungen der Antioxidantien und Vitamine profitieren.<\/p>\n<p>Sie werden eine glatte Haut haben und sehen, wie Ihre Pickel schneller heilen und ihre Spuren nach und nach verblassen. Im Gesicht werden Sie eine\u00a0<strong>einzigartiger Glanz<\/strong>\u00a0die Sie begeistern wird. Alle Familienmitglieder werden es zu ihrem liebsten Toilettenartikel machen. Und, f\u00fcr eine exotische Feuchtigkeitspflege, probieren Sie das\u00a0<strong>Papayaseife<\/strong>\u00a0das die gleichen feuchtigkeitsspendenden Eigenschaften hat.<\/p>\n<h3><strong>Eine Wellness-Routine, die Sie f\u00fcr Ihre Haut \u00fcbernehmen k\u00f6nnen<\/strong><\/h3>\n<p>Im Alltag sollten Sie daran denken, viel zu trinken, denn das wirkt sich sofort auf Ihre Epidermis aus. Und falls Sie es vergessen haben sollten: Denken Sie daran, dass sch\u00f6ne Haut in erster Linie eine\u00a0<strong>intensive Feuchtigkeitsversorgung<\/strong>. Aus diesem Grund brauchen Ihre Zellen Wasser (1,5 Liter pro Tag w\u00e4ren ideal). Befreien Sie Ihren K\u00f6rper, au\u00dfer dem Gesicht, beim Duschen von abgestorbenen Hautzellen mit einem\u00a0<strong>Peelinghandschuh aus Sisal<\/strong>\u00a0das die Durchblutung und die Ausscheidung von Giftstoffen anregen wird. Sp\u00fclen Sie sich zum Schluss mit Wasser ab\u00a0<strong>kalt<\/strong>.<\/p>\n<p>Dies wird den Effekt haben, dass Sie straffer und fester werden. Pflegen Sie Ihren K\u00f6rper anschlie\u00dfend mit einer Feuchtigkeitscreme wie dem\u00a0<strong>Butter<\/strong>\u00a0oder die\u00a0<a href=\"https:\/\/www.safinel.fr\/de\/product-2\/karite-schlagsahne\/\"><strong>Karit\u00e9-Schlagsahne<\/strong><\/a>. F\u00fcr Ihr Gesicht, wenn Sie empfindlich sind oder Akne haben, tragen Sie ein paar Tropfen des\u00a0<a href=\"https:\/\/www.safinel.fr\/de\/product-2\/anti-akne-serum-mit-nigella\/\"><strong>Anti-Akne-Serum mit Nigella<\/strong><\/a>.<\/p>","protected":false},"excerpt":{"rendered":"<p>Das Wohlbefinden und die Sch\u00f6nheit Ihrer Haut sind sowohl f\u00fcr M\u00e4nner als auch f\u00fcr Frauen von entscheidender Bedeutung. Denn wenn sie trocken ist, verliert sie an Glanz und neigt zu Entz\u00fcndungen und Reizungen. Durch die richtige Pflege bleibt sie glatt, elastisch und strahlend. Mit der Karottenseife verw\u00f6hnen Sie Ihre Haut t\u00e4glich und versorgen sie mit [\u2026]","protected":false},"featured_media":3010,"template":"","meta":[],"product_brand":[],"product_cat":[41,123],"product_tag":[],"class_list":{"0":"post-3009","1":"product","2":"type-product","3":"status-publish","4":"has-post-thumbnail","6":"product_cat-produits-naturels-divers","7":"product_cat-savon","9":"first","10":"instock","11":"shipping-taxable","12":"purchasable","13":"product-type-simple"},"yoast_head":"<!-- This site is optimized with the Yoast SEO plugin v26.6 - https:\/\/yoast.com\/wordpress\/plugins\/seo\/ -->\n<title>Savon carotte I Pour un teint lumineux I Savon bio<\/title>\n<meta name=\"description\" content=\"Avec le savon carotte, vous chouchouterez au quotidien votre peau et lui apporterez les solutions pour \u00e9radiquer tous ses petits soucis.\" \/>\n<meta name=\"robots\" content=\"index, follow, max-snippet:-1, max-image-preview:large, max-video-preview:-1\" \/>\n<link rel=\"canonical\" href=\"https:\/\/www.safinel.fr\/de\/product-2\/karottenseife\/\" \/>\n<meta property=\"og:locale\" content=\"de_DE\" \/>\n<meta property=\"og:type\" content=\"article\" \/>\n<meta property=\"og:title\" content=\"Savon carotte I Pour un teint lumineux I Savon bio\" \/>\n<meta property=\"og:description\" content=\"Avec le savon carotte, vous chouchouterez au quotidien votre peau et lui apporterez les solutions pour \u00e9radiquer tous ses petits soucis.\" \/>\n<meta property=\"og:url\" content=\"https:\/\/www.safinel.fr\/de\/product-2\/karottenseife\/\" \/>\n<meta property=\"og:site_name\" content=\"Safinel\" \/>\n<meta property=\"article:modified_time\" content=\"2023-12-28T17:15:37+00:00\" \/>\n<meta property=\"og:image\" content=\"https:\/\/www.safinel.fr\/wp-content\/uploads\/2022\/10\/savon-carotte.jpg\" \/>\n\t<meta property=\"og:image:width\" content=\"600\" \/>\n\t<meta property=\"og:image:height\" content=\"600\" \/>\n\t<meta property=\"og:image:type\" content=\"image\/jpeg\" \/>\n<meta name=\"twitter:card\" content=\"summary_large_image\" \/>\n<meta name=\"twitter:label1\" content=\"Gesch\u00e4tzte Lesezeit\" \/>\n\t<meta name=\"twitter:data1\" content=\"3\u00a0Minuten\" \/>\n<script type=\"application\/ld+json\" class=\"yoast-schema-graph\">{\"@context\":\"https:\/\/schema.org\",\"@graph\":[{\"@type\":\"WebPage\",\"@id\":\"https:\/\/www.safinel.fr\/produit\/savon-carotte\/\",\"url\":\"https:\/\/www.safinel.fr\/produit\/savon-carotte\/\",\"name\":\"Savon carotte I Pour un teint lumineux I Savon bio\",\"isPartOf\":{\"@id\":\"https:\/\/www.safinel.fr\/#website\"},\"primaryImageOfPage\":{\"@id\":\"https:\/\/www.safinel.fr\/produit\/savon-carotte\/#primaryimage\"},\"image\":{\"@id\":\"https:\/\/www.safinel.fr\/produit\/savon-carotte\/#primaryimage\"},\"thumbnailUrl\":\"https:\/\/www.safinel.fr\/wp-content\/uploads\/2022\/10\/savon-carotte.jpg\",\"datePublished\":\"2022-10-03T18:13:05+00:00\",\"dateModified\":\"2023-12-28T17:15:37+00:00\",\"description\":\"Avec le savon carotte, vous chouchouterez au quotidien votre peau et lui apporterez les solutions pour \u00e9radiquer tous ses petits soucis.\",\"breadcrumb\":{\"@id\":\"https:\/\/www.safinel.fr\/produit\/savon-carotte\/#breadcrumb\"},\"inLanguage\":\"de\",\"potentialAction\":[{\"@type\":\"ReadAction\",\"target\":[\"https:\/\/www.safinel.fr\/produit\/savon-carotte\/\"]}]},{\"@type\":\"ImageObject\",\"inLanguage\":\"de\",\"@id\":\"https:\/\/www.safinel.fr\/produit\/savon-carotte\/#primaryimage\",\"url\":\"https:\/\/www.safinel.fr\/wp-content\/uploads\/2022\/10\/savon-carotte.jpg\",\"contentUrl\":\"https:\/\/www.safinel.fr\/wp-content\/uploads\/2022\/10\/savon-carotte.jpg\",\"width\":600,\"height\":600,\"caption\":\"Savon carotte\"},{\"@type\":\"BreadcrumbList\",\"@id\":\"https:\/\/www.safinel.fr\/produit\/savon-carotte\/#breadcrumb\",\"itemListElement\":[{\"@type\":\"ListItem\",\"position\":1,\"name\":\"Accueil\",\"item\":\"https:\/\/www.safinel.fr\/\"},{\"@type\":\"ListItem\",\"position\":2,\"name\":\"Boutique\",\"item\":\"https:\/\/www.safinel.fr\/boutique\/\"},{\"@type\":\"ListItem\",\"position\":3,\"name\":\"Savon carotte 80g\"}]},{\"@type\":\"WebSite\",\"@id\":\"https:\/\/www.safinel.fr\/#website\",\"url\":\"https:\/\/www.safinel.fr\/\",\"name\":\"Safinel\",\"description\":\"\",\"publisher\":{\"@id\":\"https:\/\/www.safinel.fr\/#organization\"},\"potentialAction\":[{\"@type\":\"SearchAction\",\"target\":{\"@type\":\"EntryPoint\",\"urlTemplate\":\"https:\/\/www.safinel.fr\/?s={search_term_string}\"},\"query-input\":{\"@type\":\"PropertyValueSpecification\",\"valueRequired\":true,\"valueName\":\"search_term_string\"}}],\"inLanguage\":\"de\"},{\"@type\":\"Organization\",\"@id\":\"https:\/\/www.safinel.fr\/#organization\",\"name\":\"Safinel\",\"url\":\"https:\/\/www.safinel.fr\/\",\"logo\":{\"@type\":\"ImageObject\",\"inLanguage\":\"de\",\"@id\":\"https:\/\/www.safinel.fr\/#\/schema\/logo\/image\/\",\"url\":\"https:\/\/www.safinel.fr\/wp-content\/uploads\/2021\/05\/boutique-cosmetique.png\",\"contentUrl\":\"https:\/\/www.safinel.fr\/wp-content\/uploads\/2021\/05\/boutique-cosmetique.png\",\"width\":800,\"height\":200,\"caption\":\"Safinel\"},\"image\":{\"@id\":\"https:\/\/www.safinel.fr\/#\/schema\/logo\/image\/\"}}]}<\/script>\n<!-- \/ Yoast SEO plugin. -->","yoast_head_json":{"title":"Karottenseife I F\u00fcr einen strahlenden Teint I Bio-Seife","description":"Mit der Karottenseife verw\u00f6hnen Sie Ihre Haut t\u00e4glich und bieten ihr L\u00f6sungen, um all ihre kleinen Sorgen zu beseitigen.","robots":{"index":"index","follow":"follow","max-snippet":"max-snippet:-1","max-image-preview":"max-image-preview:large","max-video-preview":"max-video-preview:-1"},"canonical":"https:\/\/www.safinel.fr\/de\/product-2\/karottenseife\/","og_locale":"de_DE","og_type":"article","og_title":"Savon carotte I Pour un teint lumineux I Savon bio","og_description":"Avec le savon carotte, vous chouchouterez au quotidien votre peau et lui apporterez les solutions pour \u00e9radiquer tous ses petits soucis.","og_url":"https:\/\/www.safinel.fr\/de\/product-2\/karottenseife\/","og_site_name":"Safinel","article_modified_time":"2023-12-28T17:15:37+00:00","og_image":[{"width":600,"height":600,"url":"https:\/\/www.safinel.fr\/wp-content\/uploads\/2022\/10\/savon-carotte.jpg","type":"image\/jpeg"}],"twitter_card":"summary_large_image","twitter_misc":{"Gesch\u00e4tzte Lesezeit":"3\u00a0Minuten"},"schema":{"@context":"https:\/\/schema.org","@graph":[{"@type":"WebPage","@id":"https:\/\/www.safinel.fr\/produit\/savon-carotte\/","url":"https:\/\/www.safinel.fr\/produit\/savon-carotte\/","name":"Karottenseife I F\u00fcr einen strahlenden Teint I Bio-Seife","isPartOf":{"@id":"https:\/\/www.safinel.fr\/#website"},"primaryImageOfPage":{"@id":"https:\/\/www.safinel.fr\/produit\/savon-carotte\/#primaryimage"},"image":{"@id":"https:\/\/www.safinel.fr\/produit\/savon-carotte\/#primaryimage"},"thumbnailUrl":"https:\/\/www.safinel.fr\/wp-content\/uploads\/2022\/10\/savon-carotte.jpg","datePublished":"2022-10-03T18:13:05+00:00","dateModified":"2023-12-28T17:15:37+00:00","description":"Mit der Karottenseife verw\u00f6hnen Sie Ihre Haut t\u00e4glich und bieten ihr L\u00f6sungen, um all ihre kleinen Sorgen zu beseitigen.","breadcrumb":{"@id":"https:\/\/www.safinel.fr\/produit\/savon-carotte\/#breadcrumb"},"inLanguage":"de","potentialAction":[{"@type":"ReadAction","target":["https:\/\/www.safinel.fr\/produit\/savon-carotte\/"]}]},{"@type":"ImageObject","inLanguage":"de","@id":"https:\/\/www.safinel.fr\/produit\/savon-carotte\/#primaryimage","url":"https:\/\/www.safinel.fr\/wp-content\/uploads\/2022\/10\/savon-carotte.jpg","contentUrl":"https:\/\/www.safinel.fr\/wp-content\/uploads\/2022\/10\/savon-carotte.jpg","width":600,"height":600,"caption":"Savon carotte"},{"@type":"BreadcrumbList","@id":"https:\/\/www.safinel.fr\/produit\/savon-carotte\/#breadcrumb","itemListElement":[{"@type":"ListItem","position":1,"name":"Accueil","item":"https:\/\/www.safinel.fr\/"},{"@type":"ListItem","position":2,"name":"Boutique","item":"https:\/\/www.safinel.fr\/boutique\/"},{"@type":"ListItem","position":3,"name":"Savon carotte 80g"}]},{"@type":"WebSite","@id":"https:\/\/www.safinel.fr\/#website","url":"https:\/\/www.safinel.fr\/","name":"Safinel","description":"","publisher":{"@id":"https:\/\/www.safinel.fr\/#organization"},"potentialAction":[{"@type":"SearchAction","target":{"@type":"EntryPoint","urlTemplate":"https:\/\/www.safinel.fr\/?s={search_term_string}"},"query-input":{"@type":"PropertyValueSpecification","valueRequired":true,"valueName":"search_term_string"}}],"inLanguage":"de"},{"@type":"Organization","@id":"https:\/\/www.safinel.fr\/#organization","name":"Safinel","url":"https:\/\/www.safinel.fr\/","logo":{"@type":"ImageObject","inLanguage":"de","@id":"https:\/\/www.safinel.fr\/#\/schema\/logo\/image\/","url":"https:\/\/www.safinel.fr\/wp-content\/uploads\/2021\/05\/boutique-cosmetique.png","contentUrl":"https:\/\/www.safinel.fr\/wp-content\/uploads\/2021\/05\/boutique-cosmetique.png","width":800,"height":200,"caption":"Safinel"},"image":{"@id":"https:\/\/www.safinel.fr\/#\/schema\/logo\/image\/"}}]}},"_links":{"self":[{"href":"https:\/\/www.safinel.fr\/de\/wp-json\/wp\/v2\/product\/3009","targetHints":{"allow":["GET"]}}],"collection":[{"href":"https:\/\/www.safinel.fr\/de\/wp-json\/wp\/v2\/product"}],"about":[{"href":"https:\/\/www.safinel.fr\/de\/wp-json\/wp\/v2\/types\/product"}],"wp:featuredmedia":[{"embeddable":true,"href":"https:\/\/www.safinel.fr\/de\/wp-json\/wp\/v2\/media\/3010"}],"wp:attachment":[{"href":"https:\/\/www.safinel.fr\/de\/wp-json\/wp\/v2\/media?parent=3009"}],"wp:term":[{"taxonomy":"product_brand","embeddable":true,"href":"https:\/\/www.safinel.fr\/de\/wp-json\/wp\/v2\/product_brand?post=3009"},{"taxonomy":"product_cat","embeddable":true,"href":"https:\/\/www.safinel.fr\/de\/wp-json\/wp\/v2\/product_cat?post=3009"},{"taxonomy":"product_tag","embeddable":true,"href":"https:\/\/www.safinel.fr\/de\/wp-json\/wp\/v2\/product_tag?post=3009"}],"curies":[{"name":"wp","href":"https:\/\/api.w.org\/{rel}","templated":true}]}}