{"id":293,"date":"2021-07-24T18:59:25","date_gmt":"2021-07-24T18:59:25","guid":{"rendered":"https:\/\/www.safinel.fr\/?post_type=product&#038;p=293"},"modified":"2023-12-30T13:53:39","modified_gmt":"2023-12-30T13:53:39","slug":"schwarze-seife-mit-nigellaol-habachia-100g-nigella-source","status":"publish","type":"product","link":"https:\/\/www.safinel.fr\/de\/product-2\/schwarze-seife-mit-nigellaol-habachia-100g-nigella-source\/","title":{"rendered":"Habachia Schwarzk\u00fcmmel\u00f6lseife 100g - Nigelle Source"},"content":{"rendered":"<p>Zun\u00e4chst einmal muss man sagen, dass die schwarze Seife Schwarzes Schwarzk\u00fcmmel\u00f6l mit Sicherheit zu Ihrem Beauty-Must-Have wird... Wenn Sie sie einmal benutzt haben, werden Sie nicht mehr darauf verzichten k\u00f6nnen.<\/p>\n<p>Wenn Sie sich und Ihre Haut t\u00e4glich pflegen m\u00f6chten, sollten Sie die schwarze Seife Nigella Habachia unbedingt kennenlernen. Sie besitzt unz\u00e4hlige Vorteile f\u00fcr K\u00f6rper und Gesicht.<\/p>\n<p>Au\u00dferdem ist Nigella (besser bekannt unter dem Namen Schwarzk\u00fcmmel) eine aromatische Pflanze, die in vielen L\u00e4ndern des Orients angebaut wird. Diese kleine Pflanze mit ihren blauen Bl\u00fcten bringt jedes Jahr eine riesige Menge an kleinen, schwarzen, aromatischen Samen hervor, die viele positive Eigenschaften haben.<\/p>\n<p>Stattdessen haben M\u00e4nner und Frauen von \u00c4gypten \u00fcber Indien und China bis hin zu den Maghreb-Staaten den Schwarzk\u00fcmmel angenommen und damit experimentiert. Seit vielen Jahrhunderten verwenden sie es, ohne seine genaue Zusammensetzung zu kennen.<\/p>\n<p>Dennoch wurde das Geheimnis wegen der unermesslichen Ressourcen von Generation zu Generation weitergegeben. Die Wissenschaft zeigt uns heute, dass der Schwarzk\u00fcmmelsamen eine erstaunliche Komponente ist, die mit etablierten Fetten und S\u00e4uren gef\u00fcllt ist.<\/p>\n<p>In der Tat wirkt es sich positiv auf den Cholesterinspiegel, Diabetes, Entz\u00fcndungen und Bluthochdruck aus. Sie hilft Ihnen auch bei der Bek\u00e4mpfung aller Arten von kleinen Krankheiten wie Erk\u00e4ltungen, Asthma ...<\/p>\n<h3><strong>Die Vorteile von Nigella:<\/strong><\/h3>\n<p>Trotzdem enth\u00e4lt Schwarzk\u00fcmmel auch Thymoquinon und Nigellon. Sie sind bekannt f\u00fcr ihre antihistaminischen, wundheilenden, antioxidativen und antiinfekti\u00f6sen Vorteile.<\/p>\n<p>Dank Dieser wunderbaren Zusammensetzung, die zur Bek\u00e4mpfung von:<\/p>\n<p>- Hautalterung,<br \/>\n- Reparieren (Risse, Sonnenbrand, Narbenbildung)<br \/>\n- Beruhigen (Juckreiz, Reizungen, Entz\u00fcndungen)<br \/>\n- Sanfte Reinigung (Mitesser, Pickel, kleine Unreinheiten)<br \/>\n- Die Haut geschmeidig machen und n\u00e4hren .<br \/>\n- Akne, Ekzeme und Psoriasis behandeln<br \/>\n- Rheumatische Beschwerden lindern.<\/p>\n<p>In der Sch\u00f6nheitspflege ist sie jedoch aufgrund ihrer regenerierenden, beruhigenden und revitalisierenden Eigenschaften ideal. Sie wirkt Wunder bei empfindlicher, trockener und gereizter Haut.<\/p>\n<h3><strong>Zutaten:<\/strong><\/h3>\n<p>- \u00c4thiopisches Nigella-Samen\u00f6l<br \/>\n- Demineralisiertes Wasser<br \/>\n- Natriumhydroxid<br \/>\n- 100 % handwerklich und rein<\/p>","protected":false},"excerpt":{"rendered":"<p>Zun\u00e4chst einmal muss man sagen, dass die schwarze Seife mit Schwarzk\u00fcmmel\u00f6l mit Sicherheit Ihr absolutes Beauty-Must-have wird ... Einmal verwendet, werden Sie nicht mehr darauf verzichten wollen. Wenn Sie sich und Ihre Haut t\u00e4glich pflegen m\u00f6chten, sollten Sie die schwarze Seife Nigella Habachia kennenlernen. Sie hat unz\u00e4hlige Vorteile f\u00fcr [...].","protected":false},"featured_media":326,"template":"","meta":[],"product_brand":[],"product_cat":[34,123],"product_tag":[],"class_list":{"0":"post-293","1":"product","2":"type-product","3":"status-publish","4":"has-post-thumbnail","6":"product_cat-hygiene","7":"product_cat-savon","9":"first","10":"instock","11":"shipping-taxable","12":"purchasable","13":"product-type-simple"},"yoast_head":"<!-- This site is optimized with the Yoast SEO plugin v26.6 - https:\/\/yoast.com\/wordpress\/plugins\/seo\/ -->\n<title>Savon \u00e0 l&#039;huile de nigelle Habachia 100g - Nigelle Source - Safinel<\/title>\n<meta name=\"robots\" content=\"index, follow, max-snippet:-1, max-image-preview:large, max-video-preview:-1\" \/>\n<link rel=\"canonical\" href=\"https:\/\/www.safinel.fr\/de\/product-2\/schwarze-seife-mit-nigellaol-habachia-100g-nigella-source\/\" \/>\n<meta property=\"og:locale\" content=\"de_DE\" \/>\n<meta property=\"og:type\" content=\"article\" \/>\n<meta property=\"og:title\" content=\"Savon \u00e0 l&#039;huile de nigelle Habachia 100g - Nigelle Source - Safinel\" \/>\n<meta property=\"og:description\" content=\"Tout d&rsquo;abord, il faut dire que le savon noir huile de nigelle deviendra \u00e0 coup sur votre incontournable beaut\u00e9\u2026 Une fois utilis\u00e9, vous ne pourrez plus vous en passer. Vous d\u00e9sirez prendre soin de vous et de votre peau au quotidien, d\u00e9couvrez sans plus tarder le savon noir nigelle habachia. Il poss\u00e8de d&rsquo;innombrables bienfaits pour [...]\" \/>\n<meta property=\"og:url\" content=\"https:\/\/www.safinel.fr\/de\/product-2\/schwarze-seife-mit-nigellaol-habachia-100g-nigella-source\/\" \/>\n<meta property=\"og:site_name\" content=\"Safinel\" \/>\n<meta property=\"article:modified_time\" content=\"2023-12-30T13:53:39+00:00\" \/>\n<meta property=\"og:image\" content=\"https:\/\/www.safinel.fr\/wp-content\/uploads\/2021\/07\/savon-a-l-huile-de-nigelle-d-ethiopie-4.jpg\" \/>\n\t<meta property=\"og:image:width\" content=\"954\" \/>\n\t<meta property=\"og:image:height\" content=\"800\" \/>\n\t<meta property=\"og:image:type\" content=\"image\/jpeg\" \/>\n<meta name=\"twitter:card\" content=\"summary_large_image\" \/>\n<meta name=\"twitter:label1\" content=\"Gesch\u00e4tzte Lesezeit\" \/>\n\t<meta name=\"twitter:data1\" content=\"2\u00a0Minuten\" \/>\n<script type=\"application\/ld+json\" class=\"yoast-schema-graph\">{\"@context\":\"https:\/\/schema.org\",\"@graph\":[{\"@type\":\"WebPage\",\"@id\":\"https:\/\/www.safinel.fr\/produit\/savon-noir-a-lhuile-de-nigelle-habachia-100g-nigelle-source\/\",\"url\":\"https:\/\/www.safinel.fr\/produit\/savon-noir-a-lhuile-de-nigelle-habachia-100g-nigelle-source\/\",\"name\":\"Savon \u00e0 l'huile de nigelle Habachia 100g - Nigelle Source - Safinel\",\"isPartOf\":{\"@id\":\"https:\/\/www.safinel.fr\/#website\"},\"primaryImageOfPage\":{\"@id\":\"https:\/\/www.safinel.fr\/produit\/savon-noir-a-lhuile-de-nigelle-habachia-100g-nigelle-source\/#primaryimage\"},\"image\":{\"@id\":\"https:\/\/www.safinel.fr\/produit\/savon-noir-a-lhuile-de-nigelle-habachia-100g-nigelle-source\/#primaryimage\"},\"thumbnailUrl\":\"https:\/\/www.safinel.fr\/wp-content\/uploads\/2021\/07\/savon-a-l-huile-de-nigelle-d-ethiopie-4.jpg\",\"datePublished\":\"2021-07-24T18:59:25+00:00\",\"dateModified\":\"2023-12-30T13:53:39+00:00\",\"breadcrumb\":{\"@id\":\"https:\/\/www.safinel.fr\/produit\/savon-noir-a-lhuile-de-nigelle-habachia-100g-nigelle-source\/#breadcrumb\"},\"inLanguage\":\"de\",\"potentialAction\":[{\"@type\":\"ReadAction\",\"target\":[\"https:\/\/www.safinel.fr\/produit\/savon-noir-a-lhuile-de-nigelle-habachia-100g-nigelle-source\/\"]}]},{\"@type\":\"ImageObject\",\"inLanguage\":\"de\",\"@id\":\"https:\/\/www.safinel.fr\/produit\/savon-noir-a-lhuile-de-nigelle-habachia-100g-nigelle-source\/#primaryimage\",\"url\":\"https:\/\/www.safinel.fr\/wp-content\/uploads\/2021\/07\/savon-a-l-huile-de-nigelle-d-ethiopie-4.jpg\",\"contentUrl\":\"https:\/\/www.safinel.fr\/wp-content\/uploads\/2021\/07\/savon-a-l-huile-de-nigelle-d-ethiopie-4.jpg\",\"width\":954,\"height\":800},{\"@type\":\"BreadcrumbList\",\"@id\":\"https:\/\/www.safinel.fr\/produit\/savon-noir-a-lhuile-de-nigelle-habachia-100g-nigelle-source\/#breadcrumb\",\"itemListElement\":[{\"@type\":\"ListItem\",\"position\":1,\"name\":\"Accueil\",\"item\":\"https:\/\/www.safinel.fr\/\"},{\"@type\":\"ListItem\",\"position\":2,\"name\":\"Boutique\",\"item\":\"https:\/\/www.safinel.fr\/boutique\/\"},{\"@type\":\"ListItem\",\"position\":3,\"name\":\"Savon \u00e0 l&#8217;huile de nigelle Habachia 100g &#8211; Nigelle Source\"}]},{\"@type\":\"WebSite\",\"@id\":\"https:\/\/www.safinel.fr\/#website\",\"url\":\"https:\/\/www.safinel.fr\/\",\"name\":\"Safinel\",\"description\":\"\",\"publisher\":{\"@id\":\"https:\/\/www.safinel.fr\/#organization\"},\"potentialAction\":[{\"@type\":\"SearchAction\",\"target\":{\"@type\":\"EntryPoint\",\"urlTemplate\":\"https:\/\/www.safinel.fr\/?s={search_term_string}\"},\"query-input\":{\"@type\":\"PropertyValueSpecification\",\"valueRequired\":true,\"valueName\":\"search_term_string\"}}],\"inLanguage\":\"de\"},{\"@type\":\"Organization\",\"@id\":\"https:\/\/www.safinel.fr\/#organization\",\"name\":\"Safinel\",\"url\":\"https:\/\/www.safinel.fr\/\",\"logo\":{\"@type\":\"ImageObject\",\"inLanguage\":\"de\",\"@id\":\"https:\/\/www.safinel.fr\/#\/schema\/logo\/image\/\",\"url\":\"https:\/\/www.safinel.fr\/wp-content\/uploads\/2021\/05\/boutique-cosmetique.png\",\"contentUrl\":\"https:\/\/www.safinel.fr\/wp-content\/uploads\/2021\/05\/boutique-cosmetique.png\",\"width\":800,\"height\":200,\"caption\":\"Safinel\"},\"image\":{\"@id\":\"https:\/\/www.safinel.fr\/#\/schema\/logo\/image\/\"}}]}<\/script>\n<!-- \/ Yoast SEO plugin. -->","yoast_head_json":{"title":"Habachia Schwarzk\u00fcmmel\u00f6l Seife 100g - Nigella Source - Safinel","robots":{"index":"index","follow":"follow","max-snippet":"max-snippet:-1","max-image-preview":"max-image-preview:large","max-video-preview":"max-video-preview:-1"},"canonical":"https:\/\/www.safinel.fr\/de\/product-2\/schwarze-seife-mit-nigellaol-habachia-100g-nigella-source\/","og_locale":"de_DE","og_type":"article","og_title":"Savon \u00e0 l'huile de nigelle Habachia 100g - Nigelle Source - Safinel","og_description":"Tout d&rsquo;abord, il faut dire que le savon noir huile de nigelle deviendra \u00e0 coup sur votre incontournable beaut\u00e9\u2026 Une fois utilis\u00e9, vous ne pourrez plus vous en passer. Vous d\u00e9sirez prendre soin de vous et de votre peau au quotidien, d\u00e9couvrez sans plus tarder le savon noir nigelle habachia. Il poss\u00e8de d&rsquo;innombrables bienfaits pour [...]","og_url":"https:\/\/www.safinel.fr\/de\/product-2\/schwarze-seife-mit-nigellaol-habachia-100g-nigella-source\/","og_site_name":"Safinel","article_modified_time":"2023-12-30T13:53:39+00:00","og_image":[{"width":954,"height":800,"url":"https:\/\/www.safinel.fr\/wp-content\/uploads\/2021\/07\/savon-a-l-huile-de-nigelle-d-ethiopie-4.jpg","type":"image\/jpeg"}],"twitter_card":"summary_large_image","twitter_misc":{"Gesch\u00e4tzte Lesezeit":"2\u00a0Minuten"},"schema":{"@context":"https:\/\/schema.org","@graph":[{"@type":"WebPage","@id":"https:\/\/www.safinel.fr\/produit\/savon-noir-a-lhuile-de-nigelle-habachia-100g-nigelle-source\/","url":"https:\/\/www.safinel.fr\/produit\/savon-noir-a-lhuile-de-nigelle-habachia-100g-nigelle-source\/","name":"Habachia Schwarzk\u00fcmmel\u00f6l Seife 100g - Nigella Source - Safinel","isPartOf":{"@id":"https:\/\/www.safinel.fr\/#website"},"primaryImageOfPage":{"@id":"https:\/\/www.safinel.fr\/produit\/savon-noir-a-lhuile-de-nigelle-habachia-100g-nigelle-source\/#primaryimage"},"image":{"@id":"https:\/\/www.safinel.fr\/produit\/savon-noir-a-lhuile-de-nigelle-habachia-100g-nigelle-source\/#primaryimage"},"thumbnailUrl":"https:\/\/www.safinel.fr\/wp-content\/uploads\/2021\/07\/savon-a-l-huile-de-nigelle-d-ethiopie-4.jpg","datePublished":"2021-07-24T18:59:25+00:00","dateModified":"2023-12-30T13:53:39+00:00","breadcrumb":{"@id":"https:\/\/www.safinel.fr\/produit\/savon-noir-a-lhuile-de-nigelle-habachia-100g-nigelle-source\/#breadcrumb"},"inLanguage":"de","potentialAction":[{"@type":"ReadAction","target":["https:\/\/www.safinel.fr\/produit\/savon-noir-a-lhuile-de-nigelle-habachia-100g-nigelle-source\/"]}]},{"@type":"ImageObject","inLanguage":"de","@id":"https:\/\/www.safinel.fr\/produit\/savon-noir-a-lhuile-de-nigelle-habachia-100g-nigelle-source\/#primaryimage","url":"https:\/\/www.safinel.fr\/wp-content\/uploads\/2021\/07\/savon-a-l-huile-de-nigelle-d-ethiopie-4.jpg","contentUrl":"https:\/\/www.safinel.fr\/wp-content\/uploads\/2021\/07\/savon-a-l-huile-de-nigelle-d-ethiopie-4.jpg","width":954,"height":800},{"@type":"BreadcrumbList","@id":"https:\/\/www.safinel.fr\/produit\/savon-noir-a-lhuile-de-nigelle-habachia-100g-nigelle-source\/#breadcrumb","itemListElement":[{"@type":"ListItem","position":1,"name":"Accueil","item":"https:\/\/www.safinel.fr\/"},{"@type":"ListItem","position":2,"name":"Boutique","item":"https:\/\/www.safinel.fr\/boutique\/"},{"@type":"ListItem","position":3,"name":"Savon \u00e0 l&#8217;huile de nigelle Habachia 100g &#8211; Nigelle Source"}]},{"@type":"WebSite","@id":"https:\/\/www.safinel.fr\/#website","url":"https:\/\/www.safinel.fr\/","name":"Safinel","description":"","publisher":{"@id":"https:\/\/www.safinel.fr\/#organization"},"potentialAction":[{"@type":"SearchAction","target":{"@type":"EntryPoint","urlTemplate":"https:\/\/www.safinel.fr\/?s={search_term_string}"},"query-input":{"@type":"PropertyValueSpecification","valueRequired":true,"valueName":"search_term_string"}}],"inLanguage":"de"},{"@type":"Organization","@id":"https:\/\/www.safinel.fr\/#organization","name":"Safinel","url":"https:\/\/www.safinel.fr\/","logo":{"@type":"ImageObject","inLanguage":"de","@id":"https:\/\/www.safinel.fr\/#\/schema\/logo\/image\/","url":"https:\/\/www.safinel.fr\/wp-content\/uploads\/2021\/05\/boutique-cosmetique.png","contentUrl":"https:\/\/www.safinel.fr\/wp-content\/uploads\/2021\/05\/boutique-cosmetique.png","width":800,"height":200,"caption":"Safinel"},"image":{"@id":"https:\/\/www.safinel.fr\/#\/schema\/logo\/image\/"}}]}},"_links":{"self":[{"href":"https:\/\/www.safinel.fr\/de\/wp-json\/wp\/v2\/product\/293","targetHints":{"allow":["GET"]}}],"collection":[{"href":"https:\/\/www.safinel.fr\/de\/wp-json\/wp\/v2\/product"}],"about":[{"href":"https:\/\/www.safinel.fr\/de\/wp-json\/wp\/v2\/types\/product"}],"wp:featuredmedia":[{"embeddable":true,"href":"https:\/\/www.safinel.fr\/de\/wp-json\/wp\/v2\/media\/326"}],"wp:attachment":[{"href":"https:\/\/www.safinel.fr\/de\/wp-json\/wp\/v2\/media?parent=293"}],"wp:term":[{"taxonomy":"product_brand","embeddable":true,"href":"https:\/\/www.safinel.fr\/de\/wp-json\/wp\/v2\/product_brand?post=293"},{"taxonomy":"product_cat","embeddable":true,"href":"https:\/\/www.safinel.fr\/de\/wp-json\/wp\/v2\/product_cat?post=293"},{"taxonomy":"product_tag","embeddable":true,"href":"https:\/\/www.safinel.fr\/de\/wp-json\/wp\/v2\/product_tag?post=293"}],"curies":[{"name":"wp","href":"https:\/\/api.w.org\/{rel}","templated":true}]}}