{"id":2908,"date":"2022-09-26T15:21:17","date_gmt":"2022-09-26T15:21:17","guid":{"rendered":"https:\/\/www.safinel.fr\/?post_type=product&#038;p=2908"},"modified":"2024-01-08T06:59:35","modified_gmt":"2024-01-08T06:59:35","slug":"damla-ol","status":"publish","type":"product","link":"https:\/\/www.safinel.fr\/de\/product-2\/damla-ol\/","title":{"rendered":"Amla-\u00d6l Haar"},"content":{"rendered":"<p>L<strong>\u2019Amla-Haar\u00f6l<\/strong>\u00a0ist ein indisches \u00d6l mit zahlreichen Vorteilen. Dieses<strong>\u00a0indisches Elixier<\/strong>\u00a0sind Sie interessiert? Hier erfahren Sie, wie Sie Ihr Haar am besten stylen.<\/p>\n<h2><strong>Amla-Haar\u00f6l: Was ist das?\u00a0<\/strong><\/h2>\n<p><strong>Amla-\u00d6l\u00a0<\/strong>Die Haarfarbe kommt aus Indien und ist sehr bekannt und wird seit Jahrhunderten f\u00fcr die Sch\u00f6nheit der Haare verwendet. Sie hat viele positive Eigenschaften, vor allem f\u00fcr braunes und braunes Haar, aber auch f\u00fcr trockenes oder krauses Haar.<\/p>\n<p><strong>Sehr reich an Vitamin A, C und Antioxidantien,<\/strong>\u00a0Dieses Amla-\u00d6l ist sehr vielseitig. Denn es wirkt auf die Haarfaser und macht Ihr Haar kr\u00e4ftiger, gl\u00e4nzender oder auch l\u00e4nger.<\/p>\n<h2><strong>Amla-Haar\u00f6l: Ein \u00d6l, das es gut mit Ihnen meint\u00a0<\/strong><\/h2>\n<p>Wie wir Ihnen bereits gesagt haben, hat dieses Kosmetikum zahlreiche Vorteile. Dazu schauen wir uns diese an :<\/p>\n<ul>\n<li><strong>Kr\u00e4ftigt das Haar :<\/strong>\u00a0dieses \u00d6l ist ideal, um Ihr trockenes Haar mit N\u00e4hrstoffen und Feuchtigkeit zu versorgen und br\u00fcchige, gesch\u00e4digte Spitzen zu reparieren. So werden Sie feststellen, dass Ihr Haar viel weicher und gl\u00e4nzender wird.<\/li>\n<li><strong>Sch\u00fctzt das Haar\u00a0<\/strong>Die Pflege mit diesem Amla-Elixier ist sehr wirksam. Es st\u00e4rkt die Haarfaser von innen heraus. Verwenden Sie es regelm\u00e4\u00dfig und tragen Sie es wie eine herk\u00f6mmliche Haarkur auf Ihr Haar auf. Sie werden schnell eine Wirkung sehen!<\/li>\n<li><strong>Verlangsamt den Haarausfall und f\u00f6rdert das Haarwachstum :<\/strong>\u00a0dieses \u00d6l ist ideal, um den Haarausfall zu verlangsamen. Und das liegt an den enthaltenen Antioxidantien, die den Haarausfall verringern und das Wachstum f\u00f6rdern.<\/li>\n<li><strong>Verringert das Auftreten von grauen Haaren\u00a0<\/strong>: Dieses Kosmetikum eignet sich auch hervorragend, um das Ergrauen der Haare zu verlangsamen. Denn es hilft, das Haar dunkler zu machen, ohne dass es stumpf wird.<\/li>\n<\/ul>\n<p>Wenn Sie nach einem anderen Haar\u00f6l suchen, schauen Sie sich auch das\u2019<a href=\"https:\/\/www.safinel.fr\/de\/product-2\/leinol-haare\/\"><strong>Lein\u00f6l<\/strong><\/a>\u00a0in unserem Shop erh\u00e4ltlich.<\/p>\n<h2><strong>Wie verwende ich dieses Amla-Haar\u00f6l?\u00a0<\/strong><\/h2>\n<p>Dieses Amla-Haar\u00f6l kann auf zwei verschiedene Arten verwendet werden, als t\u00e4gliche Pflege oder als \u00d6lbad.<\/p>\n<ul>\n<li><strong>In der t\u00e4glichen Pflege :\u00a0<\/strong><\/li>\n<\/ul>\n<p>Wenn Sie dieses \u00d6lmazerat als t\u00e4gliche Pflege verwenden, ist es sehr wirksam, um Ihr Haar mit Feuchtigkeit zu versorgen, es zu n\u00e4hren und tiefgreifend zu st\u00e4rken.<\/p>\n<p>Nehmen Sie dazu etwas \u00d6l in die Hand und tragen Sie es nur auf das trockene Haar in den Spitzen auf. Sp\u00fclen Sie die Pflege nicht aus. Tragen Sie die Pflege regelm\u00e4\u00dfig auf, am besten t\u00e4glich. So werden Sie ein optimales Ergebnis sehen.<\/p>\n<ul>\n<li><strong>Im \u00d6lbad :<\/strong><\/li>\n<\/ul>\n<p>Sie alle kennen das Prinzip der \u00d6lb\u00e4der. Amla-Haar\u00f6l ist ideal, wenn Ihr Haar wirklich eine wirksame Pflege braucht, wenn es sehr trocken ist und anf\u00e4ngt zu brechen. Es ist auch perfekt f\u00fcr Kuren gegen Haarausfall oder zum Wachsen.<\/p>\n<p>Nehmen Sie etwas \u00d6l in die H\u00e4nde und verteilen Sie es auf dem gesamten Haar und auch auf der Kopfhaut. Dabei massieren Sie das \u00d6l, um die Durchblutung anzuregen und das Haarwachstum zu f\u00f6rdern.<\/p>\n<p>Lassen Sie das Ganze mindestens 1 Stunde und h\u00f6chstens \u00fcber Nacht einwirken, indem Sie Ihr Haar in ein Handtuch einwickeln. Danach waschen und sp\u00fclen Sie Ihr Haar wie gewohnt.<\/p>\n<h3><strong>Vorsichtsma\u00dfnahmen\u00a0<\/strong><\/h3>\n<p>Achten Sie darauf, dass Sie vor der Anwendung des Produkts einen Vertr\u00e4glichkeitstest in Ihrer Ellenbeuge durchf\u00fchren.<\/p>","protected":false},"excerpt":{"rendered":"<p>Amla-Haar\u00f6l ist ein indisches \u00d6l mit vielen positiven Eigenschaften. Sind Sie an diesem indischen Elixier interessiert? Entdecken Sie die Vorteile, die es Ihnen bietet, um Ihr Haar zu versch\u00f6nern. Amla-Haar\u00f6l: Was ist das?  Amla-Haar\u00f6l stammt aus Indien und wird seit Jahrhunderten f\u00fcr die Sch\u00f6nheit des Haares verwendet. Es hat viele positive Eigenschaften, [...].","protected":false},"featured_media":2909,"template":"","meta":[],"product_brand":[],"product_cat":[28,122,41],"product_tag":[],"class_list":{"0":"post-2908","1":"product","2":"type-product","3":"status-publish","4":"has-post-thumbnail","6":"product_cat-divers","7":"product_cat-huile-vegetale","8":"product_cat-produits-naturels-divers","10":"first","11":"instock","12":"shipping-taxable","13":"purchasable","14":"product-type-variable"},"yoast_head":"<!-- This site is optimized with the Yoast SEO plugin v26.6 - https:\/\/yoast.com\/wordpress\/plugins\/seo\/ -->\n<title>Huile amla cheveux | Huile naturelle | Bienfaits nombreux<\/title>\n<meta name=\"description\" content=\"L\u2019huile amla cheveux\u00a0est une huile indienne aux multiples bienfaits. D\u00e9couvrez, tous les avantages de ce dernier afin de sublimer votre chevelure.\" \/>\n<meta name=\"robots\" content=\"index, follow, max-snippet:-1, max-image-preview:large, max-video-preview:-1\" \/>\n<link rel=\"canonical\" href=\"https:\/\/www.safinel.fr\/de\/product-2\/damla-ol\/\" \/>\n<meta property=\"og:locale\" content=\"de_DE\" \/>\n<meta property=\"og:type\" content=\"article\" \/>\n<meta property=\"og:title\" content=\"Huile amla cheveux | Huile naturelle | Bienfaits nombreux\" \/>\n<meta property=\"og:description\" content=\"L\u2019huile amla cheveux\u00a0est une huile indienne aux multiples bienfaits. D\u00e9couvrez, tous les avantages de ce dernier afin de sublimer votre chevelure.\" \/>\n<meta property=\"og:url\" content=\"https:\/\/www.safinel.fr\/de\/product-2\/damla-ol\/\" \/>\n<meta property=\"og:site_name\" content=\"Safinel\" \/>\n<meta property=\"article:modified_time\" content=\"2024-01-08T06:59:35+00:00\" \/>\n<meta property=\"og:image\" content=\"https:\/\/www.safinel.fr\/wp-content\/uploads\/2022\/09\/huile-amla-cheveux.jpg\" \/>\n\t<meta property=\"og:image:width\" content=\"600\" \/>\n\t<meta property=\"og:image:height\" content=\"600\" \/>\n\t<meta property=\"og:image:type\" content=\"image\/jpeg\" \/>\n<meta name=\"twitter:card\" content=\"summary_large_image\" \/>\n<meta name=\"twitter:label1\" content=\"Gesch\u00e4tzte Lesezeit\" \/>\n\t<meta name=\"twitter:data1\" content=\"3\u00a0Minuten\" \/>\n<script type=\"application\/ld+json\" class=\"yoast-schema-graph\">{\"@context\":\"https:\/\/schema.org\",\"@graph\":[{\"@type\":\"WebPage\",\"@id\":\"https:\/\/www.safinel.fr\/produit\/huile-damla\/\",\"url\":\"https:\/\/www.safinel.fr\/produit\/huile-damla\/\",\"name\":\"Huile amla cheveux | Huile naturelle | Bienfaits nombreux\",\"isPartOf\":{\"@id\":\"https:\/\/www.safinel.fr\/#website\"},\"primaryImageOfPage\":{\"@id\":\"https:\/\/www.safinel.fr\/produit\/huile-damla\/#primaryimage\"},\"image\":{\"@id\":\"https:\/\/www.safinel.fr\/produit\/huile-damla\/#primaryimage\"},\"thumbnailUrl\":\"https:\/\/www.safinel.fr\/wp-content\/uploads\/2022\/09\/huile-amla-cheveux.jpg\",\"datePublished\":\"2022-09-26T15:21:17+00:00\",\"dateModified\":\"2024-01-08T06:59:35+00:00\",\"description\":\"L\u2019huile amla cheveux\u00a0est une huile indienne aux multiples bienfaits. D\u00e9couvrez, tous les avantages de ce dernier afin de sublimer votre chevelure.\",\"breadcrumb\":{\"@id\":\"https:\/\/www.safinel.fr\/produit\/huile-damla\/#breadcrumb\"},\"inLanguage\":\"de\",\"potentialAction\":[{\"@type\":\"ReadAction\",\"target\":[\"https:\/\/www.safinel.fr\/produit\/huile-damla\/\"]}]},{\"@type\":\"ImageObject\",\"inLanguage\":\"de\",\"@id\":\"https:\/\/www.safinel.fr\/produit\/huile-damla\/#primaryimage\",\"url\":\"https:\/\/www.safinel.fr\/wp-content\/uploads\/2022\/09\/huile-amla-cheveux.jpg\",\"contentUrl\":\"https:\/\/www.safinel.fr\/wp-content\/uploads\/2022\/09\/huile-amla-cheveux.jpg\",\"width\":600,\"height\":600,\"caption\":\"Huile d'amla\"},{\"@type\":\"BreadcrumbList\",\"@id\":\"https:\/\/www.safinel.fr\/produit\/huile-damla\/#breadcrumb\",\"itemListElement\":[{\"@type\":\"ListItem\",\"position\":1,\"name\":\"Accueil\",\"item\":\"https:\/\/www.safinel.fr\/\"},{\"@type\":\"ListItem\",\"position\":2,\"name\":\"Boutique\",\"item\":\"https:\/\/www.safinel.fr\/boutique\/\"},{\"@type\":\"ListItem\",\"position\":3,\"name\":\"Huile d&rsquo;amla cheveux\"}]},{\"@type\":\"WebSite\",\"@id\":\"https:\/\/www.safinel.fr\/#website\",\"url\":\"https:\/\/www.safinel.fr\/\",\"name\":\"Safinel\",\"description\":\"\",\"publisher\":{\"@id\":\"https:\/\/www.safinel.fr\/#organization\"},\"potentialAction\":[{\"@type\":\"SearchAction\",\"target\":{\"@type\":\"EntryPoint\",\"urlTemplate\":\"https:\/\/www.safinel.fr\/?s={search_term_string}\"},\"query-input\":{\"@type\":\"PropertyValueSpecification\",\"valueRequired\":true,\"valueName\":\"search_term_string\"}}],\"inLanguage\":\"de\"},{\"@type\":\"Organization\",\"@id\":\"https:\/\/www.safinel.fr\/#organization\",\"name\":\"Safinel\",\"url\":\"https:\/\/www.safinel.fr\/\",\"logo\":{\"@type\":\"ImageObject\",\"inLanguage\":\"de\",\"@id\":\"https:\/\/www.safinel.fr\/#\/schema\/logo\/image\/\",\"url\":\"https:\/\/www.safinel.fr\/wp-content\/uploads\/2021\/05\/boutique-cosmetique.png\",\"contentUrl\":\"https:\/\/www.safinel.fr\/wp-content\/uploads\/2021\/05\/boutique-cosmetique.png\",\"width\":800,\"height\":200,\"caption\":\"Safinel\"},\"image\":{\"@id\":\"https:\/\/www.safinel.fr\/#\/schema\/logo\/image\/\"}}]}<\/script>\n<!-- \/ Yoast SEO plugin. -->","yoast_head_json":{"title":"Amla-Haar\u00f6l | Nat\u00fcrliches \u00d6l | Zahlreiche Vorteile","description":"Amla-Haar\u00f6l ist ein indisches \u00d6l mit zahlreichen Vorteilen. Sie k\u00f6nnen es auch in Ihrem Haar verwenden.","robots":{"index":"index","follow":"follow","max-snippet":"max-snippet:-1","max-image-preview":"max-image-preview:large","max-video-preview":"max-video-preview:-1"},"canonical":"https:\/\/www.safinel.fr\/de\/product-2\/damla-ol\/","og_locale":"de_DE","og_type":"article","og_title":"Huile amla cheveux | Huile naturelle | Bienfaits nombreux","og_description":"L\u2019huile amla cheveux\u00a0est une huile indienne aux multiples bienfaits. D\u00e9couvrez, tous les avantages de ce dernier afin de sublimer votre chevelure.","og_url":"https:\/\/www.safinel.fr\/de\/product-2\/damla-ol\/","og_site_name":"Safinel","article_modified_time":"2024-01-08T06:59:35+00:00","og_image":[{"width":600,"height":600,"url":"https:\/\/www.safinel.fr\/wp-content\/uploads\/2022\/09\/huile-amla-cheveux.jpg","type":"image\/jpeg"}],"twitter_card":"summary_large_image","twitter_misc":{"Gesch\u00e4tzte Lesezeit":"3\u00a0Minuten"},"schema":{"@context":"https:\/\/schema.org","@graph":[{"@type":"WebPage","@id":"https:\/\/www.safinel.fr\/produit\/huile-damla\/","url":"https:\/\/www.safinel.fr\/produit\/huile-damla\/","name":"Amla-Haar\u00f6l | Nat\u00fcrliches \u00d6l | Zahlreiche Vorteile","isPartOf":{"@id":"https:\/\/www.safinel.fr\/#website"},"primaryImageOfPage":{"@id":"https:\/\/www.safinel.fr\/produit\/huile-damla\/#primaryimage"},"image":{"@id":"https:\/\/www.safinel.fr\/produit\/huile-damla\/#primaryimage"},"thumbnailUrl":"https:\/\/www.safinel.fr\/wp-content\/uploads\/2022\/09\/huile-amla-cheveux.jpg","datePublished":"2022-09-26T15:21:17+00:00","dateModified":"2024-01-08T06:59:35+00:00","description":"Amla-Haar\u00f6l ist ein indisches \u00d6l mit zahlreichen Vorteilen. Sie k\u00f6nnen es auch in Ihrem Haar verwenden.","breadcrumb":{"@id":"https:\/\/www.safinel.fr\/produit\/huile-damla\/#breadcrumb"},"inLanguage":"de","potentialAction":[{"@type":"ReadAction","target":["https:\/\/www.safinel.fr\/produit\/huile-damla\/"]}]},{"@type":"ImageObject","inLanguage":"de","@id":"https:\/\/www.safinel.fr\/produit\/huile-damla\/#primaryimage","url":"https:\/\/www.safinel.fr\/wp-content\/uploads\/2022\/09\/huile-amla-cheveux.jpg","contentUrl":"https:\/\/www.safinel.fr\/wp-content\/uploads\/2022\/09\/huile-amla-cheveux.jpg","width":600,"height":600,"caption":"Huile d'amla"},{"@type":"BreadcrumbList","@id":"https:\/\/www.safinel.fr\/produit\/huile-damla\/#breadcrumb","itemListElement":[{"@type":"ListItem","position":1,"name":"Accueil","item":"https:\/\/www.safinel.fr\/"},{"@type":"ListItem","position":2,"name":"Boutique","item":"https:\/\/www.safinel.fr\/boutique\/"},{"@type":"ListItem","position":3,"name":"Huile d&rsquo;amla cheveux"}]},{"@type":"WebSite","@id":"https:\/\/www.safinel.fr\/#website","url":"https:\/\/www.safinel.fr\/","name":"Safinel","description":"","publisher":{"@id":"https:\/\/www.safinel.fr\/#organization"},"potentialAction":[{"@type":"SearchAction","target":{"@type":"EntryPoint","urlTemplate":"https:\/\/www.safinel.fr\/?s={search_term_string}"},"query-input":{"@type":"PropertyValueSpecification","valueRequired":true,"valueName":"search_term_string"}}],"inLanguage":"de"},{"@type":"Organization","@id":"https:\/\/www.safinel.fr\/#organization","name":"Safinel","url":"https:\/\/www.safinel.fr\/","logo":{"@type":"ImageObject","inLanguage":"de","@id":"https:\/\/www.safinel.fr\/#\/schema\/logo\/image\/","url":"https:\/\/www.safinel.fr\/wp-content\/uploads\/2021\/05\/boutique-cosmetique.png","contentUrl":"https:\/\/www.safinel.fr\/wp-content\/uploads\/2021\/05\/boutique-cosmetique.png","width":800,"height":200,"caption":"Safinel"},"image":{"@id":"https:\/\/www.safinel.fr\/#\/schema\/logo\/image\/"}}]}},"_links":{"self":[{"href":"https:\/\/www.safinel.fr\/de\/wp-json\/wp\/v2\/product\/2908","targetHints":{"allow":["GET"]}}],"collection":[{"href":"https:\/\/www.safinel.fr\/de\/wp-json\/wp\/v2\/product"}],"about":[{"href":"https:\/\/www.safinel.fr\/de\/wp-json\/wp\/v2\/types\/product"}],"wp:featuredmedia":[{"embeddable":true,"href":"https:\/\/www.safinel.fr\/de\/wp-json\/wp\/v2\/media\/2909"}],"wp:attachment":[{"href":"https:\/\/www.safinel.fr\/de\/wp-json\/wp\/v2\/media?parent=2908"}],"wp:term":[{"taxonomy":"product_brand","embeddable":true,"href":"https:\/\/www.safinel.fr\/de\/wp-json\/wp\/v2\/product_brand?post=2908"},{"taxonomy":"product_cat","embeddable":true,"href":"https:\/\/www.safinel.fr\/de\/wp-json\/wp\/v2\/product_cat?post=2908"},{"taxonomy":"product_tag","embeddable":true,"href":"https:\/\/www.safinel.fr\/de\/wp-json\/wp\/v2\/product_tag?post=2908"}],"curies":[{"name":"wp","href":"https:\/\/api.w.org\/{rel}","templated":true}]}}