{"id":290,"date":"2021-07-24T18:59:25","date_gmt":"2021-07-24T18:59:25","guid":{"rendered":"https:\/\/www.safinel.fr\/?post_type=product&#038;p=290"},"modified":"2023-12-30T13:54:43","modified_gmt":"2023-12-30T13:54:43","slug":"festes-shampoo-fur-trockenes-und-geschadigtes-haar-mit-monoi-80g","status":"publish","type":"product","link":"https:\/\/www.safinel.fr\/de\/product-2\/festes-shampoo-fur-trockenes-und-geschadigtes-haar-mit-monoi-80g\/","title":{"rendered":"festes Shampoo f\u00fcr trockenes und gesch\u00e4digtes Haar mit Mono\u00ef 80g"},"content":{"rendered":"<p>Zun\u00e4chst einmal ist dieses feste Shampoo mit Monoi ein absolutes Muss f\u00fcr die Sch\u00f6nheitspflege Ihrer Haare... F\u00fcr alle Haartypen. .<\/p>\n<p>Lassen Sie sich direkt nach Polynesien reisen. Dieses Monoi-Shampoo macht jede Ihrer Duschen zu einer sonnigen Reise. Es verleiht dem Haar Geschmeidigkeit, Kraft und Glanz und versorgt es mit allen notwendigen N\u00e4hrstoffen.<\/p>\n<p>Zun\u00e4chst einmal ist dieses Mono\u00ef-Shampoo eine wahrhaft n\u00e4hrende Pflege. Es spendet dank seiner un\u00fcbertroffenen Inhaltsstoffe intensive Feuchtigkeit und versorgt das Haar mit N\u00e4hrstoffen.<\/p>\n<p>Denn es besteht aus Monoi-, Shea- und Macadamia\u00f6l sowie Phytokeratin, einem Protein, das nat\u00fcrlicherweise in Ihrem Haar vorkommt. Die vier Zutaten machen dieses Rezept zu einer perfekten Kombination f\u00fcr die Balance und das Wohlbefinden Ihres Haars.<\/p>\n<h3><strong>Die ideale Zusammensetzung :<\/strong><\/h3>\n<p>Dieses Shampoo besteht aus vier Inhaltsstoffen:<\/p>\n<ul>\n<li>Monoi-\u00d6l, das f\u00fcr seinen s\u00fc\u00dfen Duft sowie seine intensiven N\u00e4hrstoffe bekannt ist. Es zieht die Schuppenschicht Ihres Haars wirksam zusammen.<\/li>\n<li>Macadamia, die reich an Omega 7 ist. Sie wird perfekt sein, um den Mangel an Palmitoleins\u00e4ure zu ersetzen und das Haar zu st\u00e4rken.<\/li>\n<li>Sheabutter repariert die gesch\u00e4digte Haarfaser in der Tiefe.<\/li>\n<li>Phytokeratin verleiht Kraft, St\u00e4rke, Volumen und Glanz.<\/li>\n<\/ul>\n<p>Zusammenfassend l\u00e4sst sich sagen, dass alle diese Elemente dieses Shampoo zur perfekten Kombination f\u00fcr gesundes und gepflegtes Haar machen. Finden Sie Ihr Traumhaar wieder ...<\/p>\n<h3><strong>Null-Abfall-Ansatz :<\/strong><\/h3>\n<p>Erstens reicht das 80 g schwere Shampoo f\u00fcr 110 Haarw\u00e4schen, was 4 Flaschen eines sogenannten herk\u00f6mmlichen Shampoos entspricht.<\/p>\n<p>Zweitens ist festes Shampoo g\u00fcnstiger als ein herk\u00f6mmliches Shampoo aus dem Supermarkt und h\u00e4lt l\u00e4nger. Au\u00dferdem kann es Ihnen helfen, auf eine Pflegesp\u00fclung zu verzichten.<\/p>\n<p>Drittens erweist es sich aufgrund seiner Form, die keine Plastikverpackung erfordert, als sehr umweltfreundlich.<\/p>\n<p>Und schlie\u00dflich erweist sich dieses feste Shampoo als \u00fcberaus praktisch. Es l\u00e4sst sich in jeder Hinsicht transportieren, ohne dass Sie eine versch\u00fcttete Flasche im Gep\u00e4ck haben.<\/p>\n<h3><strong>Kleiner Tipp zur Verwendung:<\/strong><\/h3>\n<ul>\n<li>Befeuchten und verreiben Sie Ihr festes Shampoo auf Ihren H\u00e4nden.<\/li>\n<li>Sch\u00e4umen Sie auf, um einen recht dicken Schaum zu erhalten<\/li>\n<li>Verteilen Sie den Schaum im Haar und waschen Sie das Haar.<\/li>\n<li>Sp\u00fclen Sie es gr\u00fcndlich ab.<\/li>\n<li>Lassen Sie Ihr Shampoo trocknen<\/li>\n<\/ul>\n<h3><strong>Zusammensetzung :<\/strong><\/h3>\n<p>SODIUM COCOYL ISETHIONATE, BUTYROSPERMUM PARKII BUTTER, COCOS NUCIFERA OIL, PARFUM, GARDENIA TAHITENSIS FLOWER, TOCOPHEROL, MACADAMIA INTEGRIFOLIA SEED OIL,<\/p>","protected":false},"excerpt":{"rendered":"<p>Zun\u00e4chst einmal ist dieses feste Monoi-Shampoo ein Must-have f\u00fcr die Sch\u00f6nheitspflege Ihrer Haare... F\u00fcr alle Haartypen geeignet. Begeben Sie sich auf eine Reise nach Polynesien. Dieses Monoi-Shampoo verwandelt jede Ihrer Duschen in eine sonnige Reise. Es basiert auf polynesischen Geheimnissen und verleiht Ihrem Haar Geschmeidigkeit, Kraft, Glanz und [\u2026]","protected":false},"featured_media":323,"template":"","meta":[],"product_brand":[],"product_cat":[32,36],"product_tag":[],"class_list":{"0":"post-290","1":"product","2":"type-product","3":"status-publish","4":"has-post-thumbnail","6":"product_cat-curae","7":"product_cat-shampoing-solide","9":"first","10":"instock","11":"shipping-taxable","12":"purchasable","13":"product-type-simple"},"yoast_head":"<!-- This site is optimized with the Yoast SEO plugin v26.6 - https:\/\/yoast.com\/wordpress\/plugins\/seo\/ -->\n<title>shampoing solide cheveux sec et abim\u00e9s au Mono\u00ef 80g - Safinel<\/title>\n<meta name=\"robots\" content=\"index, follow, max-snippet:-1, max-image-preview:large, max-video-preview:-1\" \/>\n<link rel=\"canonical\" href=\"https:\/\/www.safinel.fr\/de\/product-2\/festes-shampoo-fur-trockenes-und-geschadigtes-haar-mit-monoi-80g\/\" \/>\n<meta property=\"og:locale\" content=\"de_DE\" \/>\n<meta property=\"og:type\" content=\"article\" \/>\n<meta property=\"og:title\" content=\"shampoing solide cheveux sec et abim\u00e9s au Mono\u00ef 80g - Safinel\" \/>\n<meta property=\"og:description\" content=\"Pour commencer , ce shampoing solide au mono\u00ef est l&rsquo;incontournable des soins beaut\u00e9 pour vos cheveux&#8230; Pour tous types de cheveux . Laissez-vous voyager tout droit en Polyn\u00e9sie. En effet, ce shampoing monoi fera de chacune de vos douches un pur voyage ensoleill\u00e9. Tout droit tir\u00e9 des secrets polyn\u00e9siens il redonnera souplesse force brillance et [...]\" \/>\n<meta property=\"og:url\" content=\"https:\/\/www.safinel.fr\/de\/product-2\/festes-shampoo-fur-trockenes-und-geschadigtes-haar-mit-monoi-80g\/\" \/>\n<meta property=\"og:site_name\" content=\"Safinel\" \/>\n<meta property=\"article:modified_time\" content=\"2023-12-30T13:54:43+00:00\" \/>\n<meta property=\"og:image\" content=\"https:\/\/www.safinel.fr\/wp-content\/uploads\/2021\/07\/shampoing-solide-au-monoi.jpg\" \/>\n\t<meta property=\"og:image:width\" content=\"800\" \/>\n\t<meta property=\"og:image:height\" content=\"800\" \/>\n\t<meta property=\"og:image:type\" content=\"image\/jpeg\" \/>\n<meta name=\"twitter:card\" content=\"summary_large_image\" \/>\n<meta name=\"twitter:label1\" content=\"Gesch\u00e4tzte Lesezeit\" \/>\n\t<meta name=\"twitter:data1\" content=\"2\u00a0Minuten\" \/>\n<script type=\"application\/ld+json\" class=\"yoast-schema-graph\">{\"@context\":\"https:\/\/schema.org\",\"@graph\":[{\"@type\":\"WebPage\",\"@id\":\"https:\/\/www.safinel.fr\/produit\/shampoing-solide-cheveux-sec-et-abimes-au-monoi-80g\/\",\"url\":\"https:\/\/www.safinel.fr\/produit\/shampoing-solide-cheveux-sec-et-abimes-au-monoi-80g\/\",\"name\":\"shampoing solide cheveux sec et abim\u00e9s au Mono\u00ef 80g - Safinel\",\"isPartOf\":{\"@id\":\"https:\/\/www.safinel.fr\/#website\"},\"primaryImageOfPage\":{\"@id\":\"https:\/\/www.safinel.fr\/produit\/shampoing-solide-cheveux-sec-et-abimes-au-monoi-80g\/#primaryimage\"},\"image\":{\"@id\":\"https:\/\/www.safinel.fr\/produit\/shampoing-solide-cheveux-sec-et-abimes-au-monoi-80g\/#primaryimage\"},\"thumbnailUrl\":\"https:\/\/www.safinel.fr\/wp-content\/uploads\/2021\/07\/shampoing-solide-au-monoi.jpg\",\"datePublished\":\"2021-07-24T18:59:25+00:00\",\"dateModified\":\"2023-12-30T13:54:43+00:00\",\"breadcrumb\":{\"@id\":\"https:\/\/www.safinel.fr\/produit\/shampoing-solide-cheveux-sec-et-abimes-au-monoi-80g\/#breadcrumb\"},\"inLanguage\":\"de\",\"potentialAction\":[{\"@type\":\"ReadAction\",\"target\":[\"https:\/\/www.safinel.fr\/produit\/shampoing-solide-cheveux-sec-et-abimes-au-monoi-80g\/\"]}]},{\"@type\":\"ImageObject\",\"inLanguage\":\"de\",\"@id\":\"https:\/\/www.safinel.fr\/produit\/shampoing-solide-cheveux-sec-et-abimes-au-monoi-80g\/#primaryimage\",\"url\":\"https:\/\/www.safinel.fr\/wp-content\/uploads\/2021\/07\/shampoing-solide-au-monoi.jpg\",\"contentUrl\":\"https:\/\/www.safinel.fr\/wp-content\/uploads\/2021\/07\/shampoing-solide-au-monoi.jpg\",\"width\":800,\"height\":800},{\"@type\":\"BreadcrumbList\",\"@id\":\"https:\/\/www.safinel.fr\/produit\/shampoing-solide-cheveux-sec-et-abimes-au-monoi-80g\/#breadcrumb\",\"itemListElement\":[{\"@type\":\"ListItem\",\"position\":1,\"name\":\"Accueil\",\"item\":\"https:\/\/www.safinel.fr\/\"},{\"@type\":\"ListItem\",\"position\":2,\"name\":\"Boutique\",\"item\":\"https:\/\/www.safinel.fr\/boutique\/\"},{\"@type\":\"ListItem\",\"position\":3,\"name\":\"shampoing solide cheveux sec et abim\u00e9s au Mono\u00ef 80g\"}]},{\"@type\":\"WebSite\",\"@id\":\"https:\/\/www.safinel.fr\/#website\",\"url\":\"https:\/\/www.safinel.fr\/\",\"name\":\"Safinel\",\"description\":\"\",\"publisher\":{\"@id\":\"https:\/\/www.safinel.fr\/#organization\"},\"potentialAction\":[{\"@type\":\"SearchAction\",\"target\":{\"@type\":\"EntryPoint\",\"urlTemplate\":\"https:\/\/www.safinel.fr\/?s={search_term_string}\"},\"query-input\":{\"@type\":\"PropertyValueSpecification\",\"valueRequired\":true,\"valueName\":\"search_term_string\"}}],\"inLanguage\":\"de\"},{\"@type\":\"Organization\",\"@id\":\"https:\/\/www.safinel.fr\/#organization\",\"name\":\"Safinel\",\"url\":\"https:\/\/www.safinel.fr\/\",\"logo\":{\"@type\":\"ImageObject\",\"inLanguage\":\"de\",\"@id\":\"https:\/\/www.safinel.fr\/#\/schema\/logo\/image\/\",\"url\":\"https:\/\/www.safinel.fr\/wp-content\/uploads\/2021\/05\/boutique-cosmetique.png\",\"contentUrl\":\"https:\/\/www.safinel.fr\/wp-content\/uploads\/2021\/05\/boutique-cosmetique.png\",\"width\":800,\"height\":200,\"caption\":\"Safinel\"},\"image\":{\"@id\":\"https:\/\/www.safinel.fr\/#\/schema\/logo\/image\/\"}}]}<\/script>\n<!-- \/ Yoast SEO plugin. -->","yoast_head_json":{"title":"festes Shampoo f\u00fcr trockenes und gesch\u00e4digtes Haar mit Monoi 80g - Safinel","robots":{"index":"index","follow":"follow","max-snippet":"max-snippet:-1","max-image-preview":"max-image-preview:large","max-video-preview":"max-video-preview:-1"},"canonical":"https:\/\/www.safinel.fr\/de\/product-2\/festes-shampoo-fur-trockenes-und-geschadigtes-haar-mit-monoi-80g\/","og_locale":"de_DE","og_type":"article","og_title":"shampoing solide cheveux sec et abim\u00e9s au Mono\u00ef 80g - Safinel","og_description":"Pour commencer , ce shampoing solide au mono\u00ef est l&rsquo;incontournable des soins beaut\u00e9 pour vos cheveux&#8230; Pour tous types de cheveux . Laissez-vous voyager tout droit en Polyn\u00e9sie. En effet, ce shampoing monoi fera de chacune de vos douches un pur voyage ensoleill\u00e9. Tout droit tir\u00e9 des secrets polyn\u00e9siens il redonnera souplesse force brillance et [...]","og_url":"https:\/\/www.safinel.fr\/de\/product-2\/festes-shampoo-fur-trockenes-und-geschadigtes-haar-mit-monoi-80g\/","og_site_name":"Safinel","article_modified_time":"2023-12-30T13:54:43+00:00","og_image":[{"width":800,"height":800,"url":"https:\/\/www.safinel.fr\/wp-content\/uploads\/2021\/07\/shampoing-solide-au-monoi.jpg","type":"image\/jpeg"}],"twitter_card":"summary_large_image","twitter_misc":{"Gesch\u00e4tzte Lesezeit":"2\u00a0Minuten"},"schema":{"@context":"https:\/\/schema.org","@graph":[{"@type":"WebPage","@id":"https:\/\/www.safinel.fr\/produit\/shampoing-solide-cheveux-sec-et-abimes-au-monoi-80g\/","url":"https:\/\/www.safinel.fr\/produit\/shampoing-solide-cheveux-sec-et-abimes-au-monoi-80g\/","name":"festes Shampoo f\u00fcr trockenes und gesch\u00e4digtes Haar mit Monoi 80g - Safinel","isPartOf":{"@id":"https:\/\/www.safinel.fr\/#website"},"primaryImageOfPage":{"@id":"https:\/\/www.safinel.fr\/produit\/shampoing-solide-cheveux-sec-et-abimes-au-monoi-80g\/#primaryimage"},"image":{"@id":"https:\/\/www.safinel.fr\/produit\/shampoing-solide-cheveux-sec-et-abimes-au-monoi-80g\/#primaryimage"},"thumbnailUrl":"https:\/\/www.safinel.fr\/wp-content\/uploads\/2021\/07\/shampoing-solide-au-monoi.jpg","datePublished":"2021-07-24T18:59:25+00:00","dateModified":"2023-12-30T13:54:43+00:00","breadcrumb":{"@id":"https:\/\/www.safinel.fr\/produit\/shampoing-solide-cheveux-sec-et-abimes-au-monoi-80g\/#breadcrumb"},"inLanguage":"de","potentialAction":[{"@type":"ReadAction","target":["https:\/\/www.safinel.fr\/produit\/shampoing-solide-cheveux-sec-et-abimes-au-monoi-80g\/"]}]},{"@type":"ImageObject","inLanguage":"de","@id":"https:\/\/www.safinel.fr\/produit\/shampoing-solide-cheveux-sec-et-abimes-au-monoi-80g\/#primaryimage","url":"https:\/\/www.safinel.fr\/wp-content\/uploads\/2021\/07\/shampoing-solide-au-monoi.jpg","contentUrl":"https:\/\/www.safinel.fr\/wp-content\/uploads\/2021\/07\/shampoing-solide-au-monoi.jpg","width":800,"height":800},{"@type":"BreadcrumbList","@id":"https:\/\/www.safinel.fr\/produit\/shampoing-solide-cheveux-sec-et-abimes-au-monoi-80g\/#breadcrumb","itemListElement":[{"@type":"ListItem","position":1,"name":"Accueil","item":"https:\/\/www.safinel.fr\/"},{"@type":"ListItem","position":2,"name":"Boutique","item":"https:\/\/www.safinel.fr\/boutique\/"},{"@type":"ListItem","position":3,"name":"shampoing solide cheveux sec et abim\u00e9s au Mono\u00ef 80g"}]},{"@type":"WebSite","@id":"https:\/\/www.safinel.fr\/#website","url":"https:\/\/www.safinel.fr\/","name":"Safinel","description":"","publisher":{"@id":"https:\/\/www.safinel.fr\/#organization"},"potentialAction":[{"@type":"SearchAction","target":{"@type":"EntryPoint","urlTemplate":"https:\/\/www.safinel.fr\/?s={search_term_string}"},"query-input":{"@type":"PropertyValueSpecification","valueRequired":true,"valueName":"search_term_string"}}],"inLanguage":"de"},{"@type":"Organization","@id":"https:\/\/www.safinel.fr\/#organization","name":"Safinel","url":"https:\/\/www.safinel.fr\/","logo":{"@type":"ImageObject","inLanguage":"de","@id":"https:\/\/www.safinel.fr\/#\/schema\/logo\/image\/","url":"https:\/\/www.safinel.fr\/wp-content\/uploads\/2021\/05\/boutique-cosmetique.png","contentUrl":"https:\/\/www.safinel.fr\/wp-content\/uploads\/2021\/05\/boutique-cosmetique.png","width":800,"height":200,"caption":"Safinel"},"image":{"@id":"https:\/\/www.safinel.fr\/#\/schema\/logo\/image\/"}}]}},"_links":{"self":[{"href":"https:\/\/www.safinel.fr\/de\/wp-json\/wp\/v2\/product\/290","targetHints":{"allow":["GET"]}}],"collection":[{"href":"https:\/\/www.safinel.fr\/de\/wp-json\/wp\/v2\/product"}],"about":[{"href":"https:\/\/www.safinel.fr\/de\/wp-json\/wp\/v2\/types\/product"}],"wp:featuredmedia":[{"embeddable":true,"href":"https:\/\/www.safinel.fr\/de\/wp-json\/wp\/v2\/media\/323"}],"wp:attachment":[{"href":"https:\/\/www.safinel.fr\/de\/wp-json\/wp\/v2\/media?parent=290"}],"wp:term":[{"taxonomy":"product_brand","embeddable":true,"href":"https:\/\/www.safinel.fr\/de\/wp-json\/wp\/v2\/product_brand?post=290"},{"taxonomy":"product_cat","embeddable":true,"href":"https:\/\/www.safinel.fr\/de\/wp-json\/wp\/v2\/product_cat?post=290"},{"taxonomy":"product_tag","embeddable":true,"href":"https:\/\/www.safinel.fr\/de\/wp-json\/wp\/v2\/product_tag?post=290"}],"curies":[{"name":"wp","href":"https:\/\/api.w.org\/{rel}","templated":true}]}}