{"id":2892,"date":"2022-09-25T16:25:03","date_gmt":"2022-09-25T16:25:03","guid":{"rendered":"https:\/\/www.safinel.fr\/?post_type=product&#038;p=2892"},"modified":"2024-12-27T22:43:07","modified_gmt":"2024-12-27T22:43:07","slug":"aphrodisierende-bonbons-lump-sugar","status":"publish","type":"product","link":"https:\/\/www.safinel.fr\/de\/product-2\/aphrodisierende-bonbons-lump-sugar\/","title":{"rendered":"Aphrodisiakisches Bonbon Lumpenzucker"},"content":{"rendered":"<p>Und wenn der\u00a0<strong>aphrodisierendes Bonbon Lump Sugar<\/strong>\u00a0war die perfekte Wahl, um Ihre intimen Momente aufzupeppen? Hergestellt aus sorgf\u00e4ltig ausgew\u00e4hlten nat\u00fcrlichen Zutaten, wurden diese Bonbons speziell daf\u00fcr entwickelt, Ihr Verlangen zu stimulieren und Ihre Sinne zu wecken...<\/p>\n<h2><strong>Das aphrodisierende Bonbon Lump Sugar: Was ist das?<\/strong><\/h2>\n<p>Lump Sugar Bonbons enthalten n\u00e4mlich nat\u00fcrliche Inhaltsstoffe, die f\u00fcr ihre aphrodisischen Eigenschaften bekannt sind. Jedes Bonbon wird mit Extrakten aus Pflanzen und Kr\u00e4utern infundiert, die f\u00fcr ihre F\u00e4higkeit bekannt sind, die Libido zu steigern und\u00a0<a href=\"https:\/\/www.safinel.fr\/de\/product-2\/king-kong-honey-aphrodisiakum\/\"><strong>die sexuelle Leistungsf\u00e4higkeit verbessern<\/strong><\/a>.<\/p>\n<p>Die Lump Sugar-Bonbons sind insbesondere darauf ausgelegt, schnell und effektiv zu wirken. Dank ihrer einzigartigen Rezeptur regen diese Bonbons die Durchblutung an. Dies f\u00fchrt bei M\u00e4nnern zu einer besseren Erektion und bei Frauen zu einer erh\u00f6hten Empfindlichkeit.<\/p>\n<h2><strong>Aphrodisierendes Bonbon Lump Sugar: Ein au\u00dfergew\u00f6hnliches Geschmackserlebnis<\/strong><\/h2>\n<p>Neben ihrer aphrodisischen Wirkung bieten Lump Sugar-Bonbons auch ein au\u00dfergew\u00f6hnliches Geschmackserlebnis. Denn diese s\u00fc\u00dfen Bonbons, die in einer Vielzahl k\u00f6stlicher Geschmacksrichtungen erh\u00e4ltlich sind, werden Ihren Gaumen verw\u00f6hnen. Und das, w\u00e4hrend Sie Ihnen eine Extraportion Genuss bieten.<\/p>\n<p>Diese\u00a0<strong>aphrodisierende Bonbons<\/strong>\u00a0sind praktisch und einfach zu verwenden. Egal, ob Sie zu Hause, unterwegs oder auf einer Party sind, diese unauff\u00e4lligen S\u00fc\u00dfigkeiten k\u00f6nnen diskret konsumiert werden und sorgen f\u00fcr ein sofortiges aphrodisisches Erlebnis. Genie\u00dfen Sie einfach ein Bonbon und warten Sie auf die Wirkung.<\/p>\n<h3><strong>V\u00f6llerei mit Ihren aphrodisischen Bonbons!<\/strong><\/h3>\n<p>Sicherheit und Qualit\u00e4t sind unsere obersten Priorit\u00e4ten. Die Bonbons von Lump Sugar werden in zertifizierten Anlagen unter Einhaltung der strengsten Hygiene- und Sicherheitsstandards hergestellt.<\/p>\n<p>Wenn Sie nach einer k\u00f6stlichen M\u00f6glichkeit suchen, Ihre Sexualit\u00e4t aufzupeppen, sind diese aphrodisischen Bonbons genau das Richtige f\u00fcr Sie. Ihre Kombination aus nat\u00fcrlichen Inhaltsstoffen und stimulierenden Effekten macht sie zu einer attraktiven Option f\u00fcr alle, die ihr Vergn\u00fcgen intensivieren m\u00f6chten.<\/p>\n<p>Z\u00f6gern Sie nicht l\u00e4nger und probieren Sie die<strong>\u00a0Lump Sugar-Bonbons<\/strong>\u00a0jetzt und entdecken Sie eine neue Dimension sinnlichen Vergn\u00fcgens.<\/p>","protected":false},"excerpt":{"rendered":"<p><img decoding=\"async\" class=\"size-full wp-image-5091 aligncenter\" src=\"https:\/\/www.safinel.fr\/wp-content\/uploads\/2021\/06\/BANNIERE-ICONE-SAFINEL.webp\" alt=\"Satines-R\u00fcckversicherung\" width=\"800\" height=\"200\" srcset=\"https:\/\/www.safinel.fr\/wp-content\/uploads\/2021\/06\/BANNIERE-ICONE-SAFINEL.webp 800w, https:\/\/www.safinel.fr\/wp-content\/uploads\/2021\/06\/BANNIERE-ICONE-SAFINEL-600x150.webp 600w, https:\/\/www.safinel.fr\/wp-content\/uploads\/2021\/06\/BANNIERE-ICONE-SAFINEL-768x192.webp 768w\" sizes=\"(max-width: 800px) 100vw, 800px\" \/><\/p>","protected":false},"featured_media":2894,"template":"","meta":[],"product_brand":[],"product_cat":[102],"product_tag":[],"class_list":{"0":"post-2892","1":"product","2":"type-product","3":"status-publish","4":"has-post-thumbnail","6":"product_cat-bonbon-aphrodisiaque","8":"first","9":"outofstock","10":"shipping-taxable","11":"purchasable","12":"product-type-simple"},"yoast_head":"<!-- This site is optimized with the Yoast SEO plugin v26.6 - https:\/\/yoast.com\/wordpress\/plugins\/seo\/ -->\n<title>Bonbon aphrodisiaque lump sugar | Pimenter vos moments intimes<\/title>\n<meta name=\"description\" content=\"Et si le\u00a0bonbon aphrodisiaque Lump Sugar\u00a0\u00e9tait le choix parfait pour pimenter vos moments intimes\u00a0? Adoptez-le sans plus attendre !\" \/>\n<meta name=\"robots\" content=\"index, follow, max-snippet:-1, max-image-preview:large, max-video-preview:-1\" \/>\n<link rel=\"canonical\" href=\"https:\/\/www.safinel.fr\/de\/product-2\/aphrodisierende-bonbons-lump-sugar\/\" \/>\n<meta property=\"og:locale\" content=\"de_DE\" \/>\n<meta property=\"og:type\" content=\"article\" \/>\n<meta property=\"og:title\" content=\"Bonbon aphrodisiaque lump sugar | Pimenter vos moments intimes\" \/>\n<meta property=\"og:description\" content=\"Et si le\u00a0bonbon aphrodisiaque Lump Sugar\u00a0\u00e9tait le choix parfait pour pimenter vos moments intimes\u00a0? Adoptez-le sans plus attendre !\" \/>\n<meta property=\"og:url\" content=\"https:\/\/www.safinel.fr\/de\/product-2\/aphrodisierende-bonbons-lump-sugar\/\" \/>\n<meta property=\"og:site_name\" content=\"Safinel\" \/>\n<meta property=\"article:modified_time\" content=\"2024-12-27T22:43:07+00:00\" \/>\n<meta property=\"og:image\" content=\"https:\/\/www.safinel.fr\/wp-content\/uploads\/2022\/09\/bonbon-aphrodisiaque-lump-sugar.jpg\" \/>\n\t<meta property=\"og:image:width\" content=\"600\" \/>\n\t<meta property=\"og:image:height\" content=\"600\" \/>\n\t<meta property=\"og:image:type\" content=\"image\/jpeg\" \/>\n<meta name=\"twitter:card\" content=\"summary_large_image\" \/>\n<meta name=\"twitter:label1\" content=\"Gesch\u00e4tzte Lesezeit\" \/>\n\t<meta name=\"twitter:data1\" content=\"2\u00a0Minuten\" \/>\n<script type=\"application\/ld+json\" class=\"yoast-schema-graph\">{\"@context\":\"https:\/\/schema.org\",\"@graph\":[{\"@type\":\"WebPage\",\"@id\":\"https:\/\/www.safinel.fr\/produit\/bonbon-aphrodisiaque-lump-sugar\/\",\"url\":\"https:\/\/www.safinel.fr\/produit\/bonbon-aphrodisiaque-lump-sugar\/\",\"name\":\"Bonbon aphrodisiaque lump sugar | Pimenter vos moments intimes\",\"isPartOf\":{\"@id\":\"https:\/\/www.safinel.fr\/#website\"},\"primaryImageOfPage\":{\"@id\":\"https:\/\/www.safinel.fr\/produit\/bonbon-aphrodisiaque-lump-sugar\/#primaryimage\"},\"image\":{\"@id\":\"https:\/\/www.safinel.fr\/produit\/bonbon-aphrodisiaque-lump-sugar\/#primaryimage\"},\"thumbnailUrl\":\"https:\/\/www.safinel.fr\/wp-content\/uploads\/2022\/09\/bonbon-aphrodisiaque-lump-sugar.jpg\",\"datePublished\":\"2022-09-25T16:25:03+00:00\",\"dateModified\":\"2024-12-27T22:43:07+00:00\",\"description\":\"Et si le\u00a0bonbon aphrodisiaque Lump Sugar\u00a0\u00e9tait le choix parfait pour pimenter vos moments intimes\u00a0? Adoptez-le sans plus attendre !\",\"breadcrumb\":{\"@id\":\"https:\/\/www.safinel.fr\/produit\/bonbon-aphrodisiaque-lump-sugar\/#breadcrumb\"},\"inLanguage\":\"de\",\"potentialAction\":[{\"@type\":\"ReadAction\",\"target\":[\"https:\/\/www.safinel.fr\/produit\/bonbon-aphrodisiaque-lump-sugar\/\"]}]},{\"@type\":\"ImageObject\",\"inLanguage\":\"de\",\"@id\":\"https:\/\/www.safinel.fr\/produit\/bonbon-aphrodisiaque-lump-sugar\/#primaryimage\",\"url\":\"https:\/\/www.safinel.fr\/wp-content\/uploads\/2022\/09\/bonbon-aphrodisiaque-lump-sugar.jpg\",\"contentUrl\":\"https:\/\/www.safinel.fr\/wp-content\/uploads\/2022\/09\/bonbon-aphrodisiaque-lump-sugar.jpg\",\"width\":600,\"height\":600,\"caption\":\"Bonbon aphrodisiaque lump sugar\"},{\"@type\":\"BreadcrumbList\",\"@id\":\"https:\/\/www.safinel.fr\/produit\/bonbon-aphrodisiaque-lump-sugar\/#breadcrumb\",\"itemListElement\":[{\"@type\":\"ListItem\",\"position\":1,\"name\":\"Accueil\",\"item\":\"https:\/\/www.safinel.fr\/\"},{\"@type\":\"ListItem\",\"position\":2,\"name\":\"Boutique\",\"item\":\"https:\/\/www.safinel.fr\/boutique\/\"},{\"@type\":\"ListItem\",\"position\":3,\"name\":\"Bonbon aphrodisiaque lump sugar\"}]},{\"@type\":\"WebSite\",\"@id\":\"https:\/\/www.safinel.fr\/#website\",\"url\":\"https:\/\/www.safinel.fr\/\",\"name\":\"Safinel\",\"description\":\"\",\"publisher\":{\"@id\":\"https:\/\/www.safinel.fr\/#organization\"},\"potentialAction\":[{\"@type\":\"SearchAction\",\"target\":{\"@type\":\"EntryPoint\",\"urlTemplate\":\"https:\/\/www.safinel.fr\/?s={search_term_string}\"},\"query-input\":{\"@type\":\"PropertyValueSpecification\",\"valueRequired\":true,\"valueName\":\"search_term_string\"}}],\"inLanguage\":\"de\"},{\"@type\":\"Organization\",\"@id\":\"https:\/\/www.safinel.fr\/#organization\",\"name\":\"Safinel\",\"url\":\"https:\/\/www.safinel.fr\/\",\"logo\":{\"@type\":\"ImageObject\",\"inLanguage\":\"de\",\"@id\":\"https:\/\/www.safinel.fr\/#\/schema\/logo\/image\/\",\"url\":\"https:\/\/www.safinel.fr\/wp-content\/uploads\/2021\/05\/boutique-cosmetique.png\",\"contentUrl\":\"https:\/\/www.safinel.fr\/wp-content\/uploads\/2021\/05\/boutique-cosmetique.png\",\"width\":800,\"height\":200,\"caption\":\"Safinel\"},\"image\":{\"@id\":\"https:\/\/www.safinel.fr\/#\/schema\/logo\/image\/\"}}]}<\/script>\n<!-- \/ Yoast SEO plugin. -->","yoast_head_json":{"title":"Aphrodisierende Bonbons lump sugar | Peppen Sie Ihre intimen Momente auf","description":"Lump Sugar ist ein aphrodisierendes Bonbon, mit dem Sie Ihre Intimit\u00e4ten aufpeppen k\u00f6nnen. Nehmen Sie es an!","robots":{"index":"index","follow":"follow","max-snippet":"max-snippet:-1","max-image-preview":"max-image-preview:large","max-video-preview":"max-video-preview:-1"},"canonical":"https:\/\/www.safinel.fr\/de\/product-2\/aphrodisierende-bonbons-lump-sugar\/","og_locale":"de_DE","og_type":"article","og_title":"Bonbon aphrodisiaque lump sugar | Pimenter vos moments intimes","og_description":"Et si le\u00a0bonbon aphrodisiaque Lump Sugar\u00a0\u00e9tait le choix parfait pour pimenter vos moments intimes\u00a0? Adoptez-le sans plus attendre !","og_url":"https:\/\/www.safinel.fr\/de\/product-2\/aphrodisierende-bonbons-lump-sugar\/","og_site_name":"Safinel","article_modified_time":"2024-12-27T22:43:07+00:00","og_image":[{"width":600,"height":600,"url":"https:\/\/www.safinel.fr\/wp-content\/uploads\/2022\/09\/bonbon-aphrodisiaque-lump-sugar.jpg","type":"image\/jpeg"}],"twitter_card":"summary_large_image","twitter_misc":{"Gesch\u00e4tzte Lesezeit":"2\u00a0Minuten"},"schema":{"@context":"https:\/\/schema.org","@graph":[{"@type":"WebPage","@id":"https:\/\/www.safinel.fr\/produit\/bonbon-aphrodisiaque-lump-sugar\/","url":"https:\/\/www.safinel.fr\/produit\/bonbon-aphrodisiaque-lump-sugar\/","name":"Aphrodisierende Bonbons lump sugar | Peppen Sie Ihre intimen Momente auf","isPartOf":{"@id":"https:\/\/www.safinel.fr\/#website"},"primaryImageOfPage":{"@id":"https:\/\/www.safinel.fr\/produit\/bonbon-aphrodisiaque-lump-sugar\/#primaryimage"},"image":{"@id":"https:\/\/www.safinel.fr\/produit\/bonbon-aphrodisiaque-lump-sugar\/#primaryimage"},"thumbnailUrl":"https:\/\/www.safinel.fr\/wp-content\/uploads\/2022\/09\/bonbon-aphrodisiaque-lump-sugar.jpg","datePublished":"2022-09-25T16:25:03+00:00","dateModified":"2024-12-27T22:43:07+00:00","description":"Lump Sugar ist ein aphrodisierendes Bonbon, mit dem Sie Ihre Intimit\u00e4ten aufpeppen k\u00f6nnen. Nehmen Sie es an!","breadcrumb":{"@id":"https:\/\/www.safinel.fr\/produit\/bonbon-aphrodisiaque-lump-sugar\/#breadcrumb"},"inLanguage":"de","potentialAction":[{"@type":"ReadAction","target":["https:\/\/www.safinel.fr\/produit\/bonbon-aphrodisiaque-lump-sugar\/"]}]},{"@type":"ImageObject","inLanguage":"de","@id":"https:\/\/www.safinel.fr\/produit\/bonbon-aphrodisiaque-lump-sugar\/#primaryimage","url":"https:\/\/www.safinel.fr\/wp-content\/uploads\/2022\/09\/bonbon-aphrodisiaque-lump-sugar.jpg","contentUrl":"https:\/\/www.safinel.fr\/wp-content\/uploads\/2022\/09\/bonbon-aphrodisiaque-lump-sugar.jpg","width":600,"height":600,"caption":"Bonbon aphrodisiaque lump sugar"},{"@type":"BreadcrumbList","@id":"https:\/\/www.safinel.fr\/produit\/bonbon-aphrodisiaque-lump-sugar\/#breadcrumb","itemListElement":[{"@type":"ListItem","position":1,"name":"Accueil","item":"https:\/\/www.safinel.fr\/"},{"@type":"ListItem","position":2,"name":"Boutique","item":"https:\/\/www.safinel.fr\/boutique\/"},{"@type":"ListItem","position":3,"name":"Bonbon aphrodisiaque lump sugar"}]},{"@type":"WebSite","@id":"https:\/\/www.safinel.fr\/#website","url":"https:\/\/www.safinel.fr\/","name":"Safinel","description":"","publisher":{"@id":"https:\/\/www.safinel.fr\/#organization"},"potentialAction":[{"@type":"SearchAction","target":{"@type":"EntryPoint","urlTemplate":"https:\/\/www.safinel.fr\/?s={search_term_string}"},"query-input":{"@type":"PropertyValueSpecification","valueRequired":true,"valueName":"search_term_string"}}],"inLanguage":"de"},{"@type":"Organization","@id":"https:\/\/www.safinel.fr\/#organization","name":"Safinel","url":"https:\/\/www.safinel.fr\/","logo":{"@type":"ImageObject","inLanguage":"de","@id":"https:\/\/www.safinel.fr\/#\/schema\/logo\/image\/","url":"https:\/\/www.safinel.fr\/wp-content\/uploads\/2021\/05\/boutique-cosmetique.png","contentUrl":"https:\/\/www.safinel.fr\/wp-content\/uploads\/2021\/05\/boutique-cosmetique.png","width":800,"height":200,"caption":"Safinel"},"image":{"@id":"https:\/\/www.safinel.fr\/#\/schema\/logo\/image\/"}}]}},"_links":{"self":[{"href":"https:\/\/www.safinel.fr\/de\/wp-json\/wp\/v2\/product\/2892","targetHints":{"allow":["GET"]}}],"collection":[{"href":"https:\/\/www.safinel.fr\/de\/wp-json\/wp\/v2\/product"}],"about":[{"href":"https:\/\/www.safinel.fr\/de\/wp-json\/wp\/v2\/types\/product"}],"wp:featuredmedia":[{"embeddable":true,"href":"https:\/\/www.safinel.fr\/de\/wp-json\/wp\/v2\/media\/2894"}],"wp:attachment":[{"href":"https:\/\/www.safinel.fr\/de\/wp-json\/wp\/v2\/media?parent=2892"}],"wp:term":[{"taxonomy":"product_brand","embeddable":true,"href":"https:\/\/www.safinel.fr\/de\/wp-json\/wp\/v2\/product_brand?post=2892"},{"taxonomy":"product_cat","embeddable":true,"href":"https:\/\/www.safinel.fr\/de\/wp-json\/wp\/v2\/product_cat?post=2892"},{"taxonomy":"product_tag","embeddable":true,"href":"https:\/\/www.safinel.fr\/de\/wp-json\/wp\/v2\/product_tag?post=2892"}],"curies":[{"name":"wp","href":"https:\/\/api.w.org\/{rel}","templated":true}]}}