{"id":2890,"date":"2022-09-25T15:46:04","date_gmt":"2022-09-25T15:46:04","guid":{"rendered":"https:\/\/www.safinel.fr\/?post_type=product&#038;p=2890"},"modified":"2026-02-08T18:25:14","modified_gmt":"2026-02-08T18:25:14","slug":"wurfelmehl","status":"publish","type":"product","link":"https:\/\/www.safinel.fr\/de\/product-2\/wurfelmehl\/","title":{"rendered":"Yamswurzelmehl 1kg"},"content":{"rendered":"<p>Sie haben wahrscheinlich schon vom\u00a0<strong>verdammt<\/strong>... Manchmal auch als\u00a0<strong>foufou<\/strong>, Dieses aus Afrika stammende Gericht ist nicht nur f\u00fcr seinen Geschmack, sondern auch f\u00fcr seine N\u00e4hrstoffe bekannt. Aus diesem Grund ist Ihr<strong>\u00a0Safinel Wellness-Shop<\/strong>\u00a0m\u00f6chte Ihnen die\u00a0<strong>Yamswurzelmehl.<\/strong><\/p>\n<h2><strong>Zoom auf Yamswurzelmehl!\u00a0<\/strong><\/h2>\n<p>Die Yamswurzel, die manchmal mit Maniok verwechselt wird, ist eine Pflanze, die zur Familie der Dioscoreaceae geh\u00f6rt. Letztere wird in tropischen Regionen angebaut. Bekannt ist sie als\u00a0<strong>Pflanze<\/strong>\u00a0kletternd, hat sie st\u00e4rkehaltige Knollen.<\/p>\n<p><strong>Der Ignam<\/strong>\u00a0ist eine Pflanze, die auf der ganzen Welt beliebt ist. Sie wird vor allem in tropischen Klimazonen angebaut und ist nicht nur wegen ihres Geschmacks, sondern auch wegen ihres N\u00e4hrstoffgehalts beliebt.<\/p>\n<p>Wenn Sie auch zu den Menschen geh\u00f6ren, die sich gerne mit dem Thema \"Sexualit\u00e4t\" besch\u00e4ftigen, ist es wichtig, dass Sie sich mit dem Thema \"Sexualit\u00e4t\" auseinandersetzen.\u00a0<strong>Gew\u00fcrze<\/strong>\u00a0reich an Vorteilen,\u00a0<strong>Yamswurzel<\/strong>\u00a0k\u00f6nnte Sie durchaus verf\u00fchren.<\/p>\n<h2><strong>Warum Yamswurzelmehl?\u00a0<\/strong><\/h2>\n<p>Zun\u00e4chst einmal: Kennen Sie die Yamswurzel wirklich? Tats\u00e4chlich ist sie den meisten Menschen in Frankreich nicht unbedingt bekannt, dabei ist sie ein\u00a0<strong>Gem\u00fcse<\/strong>\u00a0schmackhaft und angenehm im Mund. Auch wenn manche sie noch mit Maniok oder S\u00fc\u00dfkartoffeln vergleichen, hat die Yamswurzel doch einen ganz eigenen Geschmack. Die Yamswurzel ist zart schmelzend und sehr angenehm im Gaumen.<\/p>\n<p>Dies ist einer der Gr\u00fcnde, warum Ihr<strong>\u00a0Wellness-Shop<\/strong>\u00a0m\u00f6chte das Yamswurzelmehl in den Vordergrund stellen. Es kann zwar wie herk\u00f6mmliches Mehl verzehrt werden, hat jedoch viele positive Eigenschaften.<\/p>\n<p>Es stimmt, dass dieses Mehl normalerweise mit Menschen in Verbindung gebracht wird, die ihr Gewicht kontrollieren wollen. Dieses Mehl ist sehr n\u00e4hrstoffreich, hat aber nur wenige Kalorien und k\u00f6nnte Sie \u00fcberraschen.<\/p>\n<h2><strong>Wie verwende ich Yamswurzelmehl?\u00a0<\/strong><\/h2>\n<p>Sie wollen endlich von Yamswurzelmehl und seinen vielen positiven Eigenschaften profitieren, und das ist auch verst\u00e4ndlich! Ob es nun darum geht, Ihr Gewicht im Gleichgewicht zu halten, oder um den angenehmen Geschmack, Yamswurzelmehl gef\u00e4llt.<\/p>\n<p>Das ist einer der Gr\u00fcnde, warum Ihr Wellness-Shop m\u00f6chte, dass Sie dieses wunderbare Naturprodukt kennenlernen.<\/p>\n<p>F\u00fcr Ihre Kuchen oder andere Zubereitungen ist diese\u00a0<strong>Knollenmehl\u00a0<\/strong>kann Sie begleiten. Denn diese Yamswurzelst\u00e4rke kann wie die klassischen St\u00e4rken verwendet werden und ist ein nicht zu untersch\u00e4tzender Vorteil f\u00fcr Ihre K\u00fcche.<\/p>\n<p>Z\u00f6gern Sie also nicht l\u00e4nger und lassen Sie sich von diesem angenehmsten aller Naturprodukte verzaubern.<\/p>\n<h3><strong>Der Unterschied zwischen Yamswurzel und Maniok\u00a0<\/strong><\/h3>\n<p>Wie die<strong>\u00a0<a href=\"https:\/\/www.safinel.fr\/de\/product-2\/djeka-blatter\/\">Djeka-Bl\u00e4tter<\/a><\/strong>\u00a0mit den\u00a0<strong><a href=\"https:\/\/www.safinel.fr\/de\/product-2\/himbeerblatter\/\">Himbeerbl\u00e4tter<\/a>,<\/strong>\u00a0Yamswurzel und\u00a0<a href=\"https:\/\/www.safinel.fr\/de\/maniok\/\"><strong>Maniok<\/strong><\/a>\u00a0k\u00f6nnen verwechselt werden! F\u00fcr Feinanalytiker ist der Unterschied jedoch ganz einfach! Auch wenn ihre Form auf den ersten Blick recht \u00e4hnlich aussieht, kann man bei genauerem Hinsehen eine weichere Haut an der Yamswurzel erkennen. Maniok hat eine Haut mit kleinen H\u00e4rchen.<\/p>\n<p>Au\u00dferdem hat dieser beim Schneiden eine hellere Farbe als sein Konkurrent. Lassen Sie uns zum Schluss noch \u00fcber den Geschmack sprechen! Wenn Sie beide auf die gleiche Weise zubereiten k\u00f6nnen, werden Sie wahrscheinlich \u00fcberrascht sein, wie unterschiedlich sie schmecken! Maniok hat ein neutraleres Mundgef\u00fchl, w\u00e4hrend Yamswurzel s\u00fc\u00dfer ist.<\/p>\n<p>Sie haben es verstanden: Wenn beide einen Mehrwert f\u00fcr Ihren K\u00f6rper darstellen k\u00f6nnen, dann gehen Sie keinen Schritt weiter und profitieren Sie von dem im Shop angebotenen Yamswurzelmehl.<\/p>","protected":false},"excerpt":{"rendered":"<p>Sie haben wahrscheinlich schon einmal vom Foutu geh\u00f6rt... Dieses aus Afrika stammende Gericht, das manchmal auch Foufou genannt wird, ist nicht nur f\u00fcr seinen Geschmack, sondern auch f\u00fcr seinen N\u00e4hrwert bekannt. Aus diesem Grund m\u00f6chte Ihr Wellness-Shop Safinel Ihnen das Yamsmehl n\u00e4herbringen. Zoom auf Yamswurzelmehl! Die Yamswurzel, die manchmal mit Maniok verwechselt wird, ist eine Pflanze, die zu [\u2026]","protected":false},"featured_media":2891,"template":"","meta":[],"product_brand":[],"product_cat":[28,150],"product_tag":[],"class_list":{"0":"post-2890","1":"product","2":"type-product","3":"status-publish","4":"has-post-thumbnail","6":"product_cat-divers","7":"product_cat-legume-africain","9":"first","10":"outofstock","11":"shipping-taxable","12":"purchasable","13":"product-type-simple"},"yoast_head":"<!-- This site is optimized with the Yoast SEO plugin v26.6 - https:\/\/yoast.com\/wordpress\/plugins\/seo\/ -->\n<title>Farine d\u2019igname | Achat en ligne | Conseils d&#039;utilisation<\/title>\n<meta name=\"description\" content=\"Votre\u00a0boutique de bien-\u00eatre Safinel\u00a0souhaite vous faire d\u00e9couvrir la\u00a0farine d\u2019igname. Adoptez-l\u00e0 sans plus attendre en quelques clics !\" \/>\n<meta name=\"robots\" content=\"index, follow, max-snippet:-1, max-image-preview:large, max-video-preview:-1\" \/>\n<link rel=\"canonical\" href=\"https:\/\/www.safinel.fr\/de\/product-2\/wurfelmehl\/\" \/>\n<meta property=\"og:locale\" content=\"de_DE\" \/>\n<meta property=\"og:type\" content=\"article\" \/>\n<meta property=\"og:title\" content=\"Farine d\u2019igname | Achat en ligne | Conseils d&#039;utilisation\" \/>\n<meta property=\"og:description\" content=\"Votre\u00a0boutique de bien-\u00eatre Safinel\u00a0souhaite vous faire d\u00e9couvrir la\u00a0farine d\u2019igname. Adoptez-l\u00e0 sans plus attendre en quelques clics !\" \/>\n<meta property=\"og:url\" content=\"https:\/\/www.safinel.fr\/de\/product-2\/wurfelmehl\/\" \/>\n<meta property=\"og:site_name\" content=\"Safinel\" \/>\n<meta property=\"article:modified_time\" content=\"2026-02-08T18:25:14+00:00\" \/>\n<meta property=\"og:image\" content=\"https:\/\/www.safinel.fr\/wp-content\/uploads\/2022\/09\/farine-d-igname.jpg\" \/>\n\t<meta property=\"og:image:width\" content=\"600\" \/>\n\t<meta property=\"og:image:height\" content=\"600\" \/>\n\t<meta property=\"og:image:type\" content=\"image\/jpeg\" \/>\n<meta name=\"twitter:card\" content=\"summary_large_image\" \/>\n<meta name=\"twitter:label1\" content=\"Gesch\u00e4tzte Lesezeit\" \/>\n\t<meta name=\"twitter:data1\" content=\"3\u00a0Minuten\" \/>\n<script type=\"application\/ld+json\" class=\"yoast-schema-graph\">{\"@context\":\"https:\/\/schema.org\",\"@graph\":[{\"@type\":\"WebPage\",\"@id\":\"https:\/\/www.safinel.fr\/produit\/farine-digname\/\",\"url\":\"https:\/\/www.safinel.fr\/produit\/farine-digname\/\",\"name\":\"Farine d\u2019igname | Achat en ligne | Conseils d'utilisation\",\"isPartOf\":{\"@id\":\"https:\/\/www.safinel.fr\/#website\"},\"primaryImageOfPage\":{\"@id\":\"https:\/\/www.safinel.fr\/produit\/farine-digname\/#primaryimage\"},\"image\":{\"@id\":\"https:\/\/www.safinel.fr\/produit\/farine-digname\/#primaryimage\"},\"thumbnailUrl\":\"https:\/\/www.safinel.fr\/wp-content\/uploads\/2022\/09\/farine-d-igname.jpg\",\"datePublished\":\"2022-09-25T15:46:04+00:00\",\"dateModified\":\"2026-02-08T18:25:14+00:00\",\"description\":\"Votre\u00a0boutique de bien-\u00eatre Safinel\u00a0souhaite vous faire d\u00e9couvrir la\u00a0farine d\u2019igname. Adoptez-l\u00e0 sans plus attendre en quelques clics !\",\"breadcrumb\":{\"@id\":\"https:\/\/www.safinel.fr\/produit\/farine-digname\/#breadcrumb\"},\"inLanguage\":\"de\",\"potentialAction\":[{\"@type\":\"ReadAction\",\"target\":[\"https:\/\/www.safinel.fr\/produit\/farine-digname\/\"]}]},{\"@type\":\"ImageObject\",\"inLanguage\":\"de\",\"@id\":\"https:\/\/www.safinel.fr\/produit\/farine-digname\/#primaryimage\",\"url\":\"https:\/\/www.safinel.fr\/wp-content\/uploads\/2022\/09\/farine-d-igname.jpg\",\"contentUrl\":\"https:\/\/www.safinel.fr\/wp-content\/uploads\/2022\/09\/farine-d-igname.jpg\",\"width\":600,\"height\":600,\"caption\":\"Farine d\u2019igname\"},{\"@type\":\"BreadcrumbList\",\"@id\":\"https:\/\/www.safinel.fr\/produit\/farine-digname\/#breadcrumb\",\"itemListElement\":[{\"@type\":\"ListItem\",\"position\":1,\"name\":\"Accueil\",\"item\":\"https:\/\/www.safinel.fr\/\"},{\"@type\":\"ListItem\",\"position\":2,\"name\":\"Boutique\",\"item\":\"https:\/\/www.safinel.fr\/boutique\/\"},{\"@type\":\"ListItem\",\"position\":3,\"name\":\"Farine d&#8217;igname 1kg\"}]},{\"@type\":\"WebSite\",\"@id\":\"https:\/\/www.safinel.fr\/#website\",\"url\":\"https:\/\/www.safinel.fr\/\",\"name\":\"Safinel\",\"description\":\"\",\"publisher\":{\"@id\":\"https:\/\/www.safinel.fr\/#organization\"},\"potentialAction\":[{\"@type\":\"SearchAction\",\"target\":{\"@type\":\"EntryPoint\",\"urlTemplate\":\"https:\/\/www.safinel.fr\/?s={search_term_string}\"},\"query-input\":{\"@type\":\"PropertyValueSpecification\",\"valueRequired\":true,\"valueName\":\"search_term_string\"}}],\"inLanguage\":\"de\"},{\"@type\":\"Organization\",\"@id\":\"https:\/\/www.safinel.fr\/#organization\",\"name\":\"Safinel\",\"url\":\"https:\/\/www.safinel.fr\/\",\"logo\":{\"@type\":\"ImageObject\",\"inLanguage\":\"de\",\"@id\":\"https:\/\/www.safinel.fr\/#\/schema\/logo\/image\/\",\"url\":\"https:\/\/www.safinel.fr\/wp-content\/uploads\/2021\/05\/boutique-cosmetique.png\",\"contentUrl\":\"https:\/\/www.safinel.fr\/wp-content\/uploads\/2021\/05\/boutique-cosmetique.png\",\"width\":800,\"height\":200,\"caption\":\"Safinel\"},\"image\":{\"@id\":\"https:\/\/www.safinel.fr\/#\/schema\/logo\/image\/\"}}]}<\/script>\n<!-- \/ Yoast SEO plugin. -->","yoast_head_json":{"title":"Yamswurzelmehl | Online kaufen | Anwendungstipps","description":"Ihr Safinel Wellness-Shop m\u00f6chte Ihnen das Yamswurzelmehl n\u00e4her bringen. Mit nur wenigen Klicks k\u00f6nnen Sie es sich zu eigen machen!","robots":{"index":"index","follow":"follow","max-snippet":"max-snippet:-1","max-image-preview":"max-image-preview:large","max-video-preview":"max-video-preview:-1"},"canonical":"https:\/\/www.safinel.fr\/de\/product-2\/wurfelmehl\/","og_locale":"de_DE","og_type":"article","og_title":"Farine d\u2019igname | Achat en ligne | Conseils d'utilisation","og_description":"Votre\u00a0boutique de bien-\u00eatre Safinel\u00a0souhaite vous faire d\u00e9couvrir la\u00a0farine d\u2019igname. Adoptez-l\u00e0 sans plus attendre en quelques clics !","og_url":"https:\/\/www.safinel.fr\/de\/product-2\/wurfelmehl\/","og_site_name":"Safinel","article_modified_time":"2026-02-08T18:25:14+00:00","og_image":[{"width":600,"height":600,"url":"https:\/\/www.safinel.fr\/wp-content\/uploads\/2022\/09\/farine-d-igname.jpg","type":"image\/jpeg"}],"twitter_card":"summary_large_image","twitter_misc":{"Gesch\u00e4tzte Lesezeit":"3\u00a0Minuten"},"schema":{"@context":"https:\/\/schema.org","@graph":[{"@type":"WebPage","@id":"https:\/\/www.safinel.fr\/produit\/farine-digname\/","url":"https:\/\/www.safinel.fr\/produit\/farine-digname\/","name":"Yamswurzelmehl | Online kaufen | Anwendungstipps","isPartOf":{"@id":"https:\/\/www.safinel.fr\/#website"},"primaryImageOfPage":{"@id":"https:\/\/www.safinel.fr\/produit\/farine-digname\/#primaryimage"},"image":{"@id":"https:\/\/www.safinel.fr\/produit\/farine-digname\/#primaryimage"},"thumbnailUrl":"https:\/\/www.safinel.fr\/wp-content\/uploads\/2022\/09\/farine-d-igname.jpg","datePublished":"2022-09-25T15:46:04+00:00","dateModified":"2026-02-08T18:25:14+00:00","description":"Ihr Safinel Wellness-Shop m\u00f6chte Ihnen das Yamswurzelmehl n\u00e4her bringen. Mit nur wenigen Klicks k\u00f6nnen Sie es sich zu eigen machen!","breadcrumb":{"@id":"https:\/\/www.safinel.fr\/produit\/farine-digname\/#breadcrumb"},"inLanguage":"de","potentialAction":[{"@type":"ReadAction","target":["https:\/\/www.safinel.fr\/produit\/farine-digname\/"]}]},{"@type":"ImageObject","inLanguage":"de","@id":"https:\/\/www.safinel.fr\/produit\/farine-digname\/#primaryimage","url":"https:\/\/www.safinel.fr\/wp-content\/uploads\/2022\/09\/farine-d-igname.jpg","contentUrl":"https:\/\/www.safinel.fr\/wp-content\/uploads\/2022\/09\/farine-d-igname.jpg","width":600,"height":600,"caption":"Farine d\u2019igname"},{"@type":"BreadcrumbList","@id":"https:\/\/www.safinel.fr\/produit\/farine-digname\/#breadcrumb","itemListElement":[{"@type":"ListItem","position":1,"name":"Accueil","item":"https:\/\/www.safinel.fr\/"},{"@type":"ListItem","position":2,"name":"Boutique","item":"https:\/\/www.safinel.fr\/boutique\/"},{"@type":"ListItem","position":3,"name":"Farine d&#8217;igname 1kg"}]},{"@type":"WebSite","@id":"https:\/\/www.safinel.fr\/#website","url":"https:\/\/www.safinel.fr\/","name":"Safinel","description":"","publisher":{"@id":"https:\/\/www.safinel.fr\/#organization"},"potentialAction":[{"@type":"SearchAction","target":{"@type":"EntryPoint","urlTemplate":"https:\/\/www.safinel.fr\/?s={search_term_string}"},"query-input":{"@type":"PropertyValueSpecification","valueRequired":true,"valueName":"search_term_string"}}],"inLanguage":"de"},{"@type":"Organization","@id":"https:\/\/www.safinel.fr\/#organization","name":"Safinel","url":"https:\/\/www.safinel.fr\/","logo":{"@type":"ImageObject","inLanguage":"de","@id":"https:\/\/www.safinel.fr\/#\/schema\/logo\/image\/","url":"https:\/\/www.safinel.fr\/wp-content\/uploads\/2021\/05\/boutique-cosmetique.png","contentUrl":"https:\/\/www.safinel.fr\/wp-content\/uploads\/2021\/05\/boutique-cosmetique.png","width":800,"height":200,"caption":"Safinel"},"image":{"@id":"https:\/\/www.safinel.fr\/#\/schema\/logo\/image\/"}}]}},"_links":{"self":[{"href":"https:\/\/www.safinel.fr\/de\/wp-json\/wp\/v2\/product\/2890","targetHints":{"allow":["GET"]}}],"collection":[{"href":"https:\/\/www.safinel.fr\/de\/wp-json\/wp\/v2\/product"}],"about":[{"href":"https:\/\/www.safinel.fr\/de\/wp-json\/wp\/v2\/types\/product"}],"wp:featuredmedia":[{"embeddable":true,"href":"https:\/\/www.safinel.fr\/de\/wp-json\/wp\/v2\/media\/2891"}],"wp:attachment":[{"href":"https:\/\/www.safinel.fr\/de\/wp-json\/wp\/v2\/media?parent=2890"}],"wp:term":[{"taxonomy":"product_brand","embeddable":true,"href":"https:\/\/www.safinel.fr\/de\/wp-json\/wp\/v2\/product_brand?post=2890"},{"taxonomy":"product_cat","embeddable":true,"href":"https:\/\/www.safinel.fr\/de\/wp-json\/wp\/v2\/product_cat?post=2890"},{"taxonomy":"product_tag","embeddable":true,"href":"https:\/\/www.safinel.fr\/de\/wp-json\/wp\/v2\/product_tag?post=2890"}],"curies":[{"name":"wp","href":"https:\/\/api.w.org\/{rel}","templated":true}]}}