{"id":289,"date":"2021-07-24T18:59:25","date_gmt":"2021-07-24T18:59:25","guid":{"rendered":"https:\/\/www.safinel.fr\/?post_type=product&#038;p=289"},"modified":"2023-12-28T17:15:05","modified_gmt":"2023-12-28T17:15:05","slug":"festes-shampoo-mit-fettigen-wurzeln-und-rosa-largil-80g","status":"publish","type":"product","link":"https:\/\/www.safinel.fr\/de\/product-2\/festes-shampoo-mit-fettigen-wurzeln-und-rosa-largil-80g\/","title":{"rendered":"festes Shampoo mit fettiger Wurzel mit rosa Tonerde 80g"},"content":{"rendered":"<p>Das feste Bio-Shampoo mit rosa Tonerde ist das Must-have f\u00fcr fettiges und strapaziertes Haar... Wenn Sie es einmal ausprobiert haben, werden Sie nicht mehr darauf verzichten k\u00f6nnen, da sind Sie sich sicher.<\/p>\n<p>Zun\u00e4chst einmal muss man sagen, dass dieses feste Shampoo eine subtile Mischung aus wei\u00dfer und roter Tonerde ist. Daf\u00fcr wird es mit Sicherheit zur idealen Pflege f\u00fcr Ihr fettiges, trockenes und gesch\u00e4digtes Haar werden.<\/p>\n<p>Trotzdem zieht die rosa Tonerde alle Vorteile aus diesem milden Shampoo. Sie ist bekannt f\u00fcr ihre absorbierenden Eigenschaften gegen Unreinheiten und \u00fcbersch\u00fcssigen Talg, bleibt aber trotz allem belebend und sanft. Dank all dieser Vorteile wird dieses Shampoo zum perfekten Verb\u00fcndeten f\u00fcr trockenes und gesch\u00e4digtes Haar.<\/p>\n<p>Zusammenfassend l\u00e4sst sich sagen, dass dieses feste Shampoo mit Tonerde in jeder Hinsicht zum besten Freund Ihrer Haare werden wird. Das Shampoo ist nicht nur umweltfreundlich, sondern auch handwerklich hergestellt und 100 % handgemahlen.<\/p>\n<h3><strong>Die Vorteile von festem Shampoo mit rosa Tonerde :<\/strong><\/h3>\n<ul>\n<li>N\u00e4hrt tief<\/li>\n<li>Echte Pflege<\/li>\n<li>absorbierend (\u00fcbersch\u00fcssiger Talg)<\/li>\n<li>Kampf gegen Unreinheiten<\/li>\n<li>sanft zu Ihrem Haar +<\/li>\n<\/ul>\n<h3><strong>Eine unbestrittene \u00d6kologische und biologische L\u00f6sung :<\/strong><\/h3>\n<p>Erstens ist festes Shampoo g\u00fcnstiger als ein herk\u00f6mmliches Shampoo aus dem Supermarkt und h\u00e4lt l\u00e4nger. Au\u00dferdem kann es Ihnen helfen, auf eine Pflegesp\u00fclung zu verzichten.<\/p>\n<p>Zweitens reicht das 80 g schwere Shampoo f\u00fcr 110 Haarw\u00e4schen, was 4 Flaschen eines sogenannten herk\u00f6mmlichen Shampoos entspricht.<\/p>\n<p>Drittens erweist es sich aufgrund seiner Form, die keine Plastikverpackung erfordert, als sehr umweltfreundlich.<\/p>\n<p>Und schlie\u00dflich erweist sich dieses feste Shampoo als \u00fcberaus praktisch. Es l\u00e4sst sich in jeder Hinsicht transportieren, ohne dass Sie eine versch\u00fcttete Flasche im Gep\u00e4ck haben.<\/p>\n<h3><strong>Zutaten:<\/strong><\/h3>\n<h6>BUTYROSPERMUM PARKII BUTTER, SODIUM COCOYL ISETHIONATE, MACADAMIA TERNIFOLIA SEED OIL, GLICINE SOJA OIL, PINK CLAY, PFLANZEN\u00d6L AUS SOJA (GLYCINE SOJA (SOYBEAN) OIL), PFLANZEN\u00d6L AUS JOJOBA (SIMMONDSIA CHINENSIS (JOJOBA) SEED OIL), \u00c4THERISCHES BERGAMOTTE\u00d6L (CITRUS AURANTIUM BERGAMIA (BERGAMOT) FRUIT OIL), \u00c4THERISCHES ROSENGERANIEN\u00d6L (PELARGONIUM ASPERUM (ODER GRAVEOLENS) OIL), KALTGEPRESSTES \u00c4THERISCHES MANDARINEN\u00d6L (CITRUS RETICULATA BLANCO), \u00c4THERISCHES NEROLI\u00d6L (CITRUS AURANTIUM VAR. AMARA).<\/h6>\n<h3><strong>Tipps zur Verwendung :<\/strong><\/h3>\n<ul>\n<li>Befeuchten und verreiben Sie Ihr festes Shampoo auf Ihren H\u00e4nden.<\/li>\n<li>Sch\u00e4umen Sie auf, um einen recht dicken Schaum zu erhalten<\/li>\n<li>Verteilen Sie den Schaum im Haar und waschen Sie das Haar.<\/li>\n<li>Sp\u00fclen Sie es gr\u00fcndlich ab.<\/li>\n<li>Lassen Sie Ihr Shampoo trocknen<\/li>\n<\/ul>","protected":false},"excerpt":{"rendered":"<p>Das feste Bio-Shampoo mit rosa Tonerde ist ein Muss f\u00fcr fettiges und strapaziertes Haar... Wenn Sie es einmal ausprobiert haben, werden Sie es nicht mehr missen wollen, da k\u00f6nnen Sie sicher sein. Zun\u00e4chst einmal ist dieses feste Shampoo eine raffinierte Mischung aus wei\u00dfer und roter Tonerde. Es wird jedoch mit Sicherheit zum [\u2026]","protected":false},"featured_media":322,"template":"","meta":[],"product_brand":[],"product_cat":[32,36],"product_tag":[],"class_list":{"0":"post-289","1":"product","2":"type-product","3":"status-publish","4":"has-post-thumbnail","6":"product_cat-curae","7":"product_cat-shampoing-solide","9":"first","10":"instock","11":"shipping-taxable","12":"purchasable","13":"product-type-simple"},"yoast_head":"<!-- This site is optimized with the Yoast SEO plugin v26.6 - https:\/\/yoast.com\/wordpress\/plugins\/seo\/ -->\n<title>shampoing solide racine grasse a l&#039;Argile Rose 80g - Safinel<\/title>\n<meta name=\"robots\" content=\"index, follow, max-snippet:-1, max-image-preview:large, max-video-preview:-1\" \/>\n<link rel=\"canonical\" href=\"https:\/\/www.safinel.fr\/de\/product-2\/festes-shampoo-mit-fettigen-wurzeln-und-rosa-largil-80g\/\" \/>\n<meta property=\"og:locale\" content=\"de_DE\" \/>\n<meta property=\"og:type\" content=\"article\" \/>\n<meta property=\"og:title\" content=\"shampoing solide racine grasse a l&#039;Argile Rose 80g - Safinel\" \/>\n<meta property=\"og:description\" content=\"Le shampoing solide bio \u00e0 l&rsquo;argile rose le must have pour les cheveux gras et abim\u00e9s&#8230; Une fois essay\u00e9 vous ne pourrez plus vous en passer soyez en s\u00fbr. Tout d&rsquo;abord il faut dire que ce shampoing solide est un subtil m\u00e9lange d\u2019argile blanche et d\u2019argile rouge. En revanche, il deviendra \u00e0 coup s\u00fbr le [...]\" \/>\n<meta property=\"og:url\" content=\"https:\/\/www.safinel.fr\/de\/product-2\/festes-shampoo-mit-fettigen-wurzeln-und-rosa-largil-80g\/\" \/>\n<meta property=\"og:site_name\" content=\"Safinel\" \/>\n<meta property=\"article:modified_time\" content=\"2023-12-28T17:15:05+00:00\" \/>\n<meta property=\"og:image\" content=\"https:\/\/www.safinel.fr\/wp-content\/uploads\/2021\/07\/shampoing-solide-racine-grasse-argille-rose-2.jpg\" \/>\n\t<meta property=\"og:image:width\" content=\"1136\" \/>\n\t<meta property=\"og:image:height\" content=\"1125\" \/>\n\t<meta property=\"og:image:type\" content=\"image\/jpeg\" \/>\n<meta name=\"twitter:card\" content=\"summary_large_image\" \/>\n<meta name=\"twitter:label1\" content=\"Gesch\u00e4tzte Lesezeit\" \/>\n\t<meta name=\"twitter:data1\" content=\"2\u00a0Minuten\" \/>\n<script type=\"application\/ld+json\" class=\"yoast-schema-graph\">{\"@context\":\"https:\/\/schema.org\",\"@graph\":[{\"@type\":\"WebPage\",\"@id\":\"https:\/\/www.safinel.fr\/produit\/shampoing-solide-racine-grasse-a-largile-rose-80g\/\",\"url\":\"https:\/\/www.safinel.fr\/produit\/shampoing-solide-racine-grasse-a-largile-rose-80g\/\",\"name\":\"shampoing solide racine grasse a l'Argile Rose 80g - Safinel\",\"isPartOf\":{\"@id\":\"https:\/\/www.safinel.fr\/#website\"},\"primaryImageOfPage\":{\"@id\":\"https:\/\/www.safinel.fr\/produit\/shampoing-solide-racine-grasse-a-largile-rose-80g\/#primaryimage\"},\"image\":{\"@id\":\"https:\/\/www.safinel.fr\/produit\/shampoing-solide-racine-grasse-a-largile-rose-80g\/#primaryimage\"},\"thumbnailUrl\":\"https:\/\/www.safinel.fr\/wp-content\/uploads\/2021\/07\/shampoing-solide-racine-grasse-argille-rose-2.jpg\",\"datePublished\":\"2021-07-24T18:59:25+00:00\",\"dateModified\":\"2023-12-28T17:15:05+00:00\",\"breadcrumb\":{\"@id\":\"https:\/\/www.safinel.fr\/produit\/shampoing-solide-racine-grasse-a-largile-rose-80g\/#breadcrumb\"},\"inLanguage\":\"de\",\"potentialAction\":[{\"@type\":\"ReadAction\",\"target\":[\"https:\/\/www.safinel.fr\/produit\/shampoing-solide-racine-grasse-a-largile-rose-80g\/\"]}]},{\"@type\":\"ImageObject\",\"inLanguage\":\"de\",\"@id\":\"https:\/\/www.safinel.fr\/produit\/shampoing-solide-racine-grasse-a-largile-rose-80g\/#primaryimage\",\"url\":\"https:\/\/www.safinel.fr\/wp-content\/uploads\/2021\/07\/shampoing-solide-racine-grasse-argille-rose-2.jpg\",\"contentUrl\":\"https:\/\/www.safinel.fr\/wp-content\/uploads\/2021\/07\/shampoing-solide-racine-grasse-argille-rose-2.jpg\",\"width\":1136,\"height\":1125},{\"@type\":\"BreadcrumbList\",\"@id\":\"https:\/\/www.safinel.fr\/produit\/shampoing-solide-racine-grasse-a-largile-rose-80g\/#breadcrumb\",\"itemListElement\":[{\"@type\":\"ListItem\",\"position\":1,\"name\":\"Accueil\",\"item\":\"https:\/\/www.safinel.fr\/\"},{\"@type\":\"ListItem\",\"position\":2,\"name\":\"Boutique\",\"item\":\"https:\/\/www.safinel.fr\/boutique\/\"},{\"@type\":\"ListItem\",\"position\":3,\"name\":\"shampoing solide racine grasse a l&rsquo;Argile Rose 80g\"}]},{\"@type\":\"WebSite\",\"@id\":\"https:\/\/www.safinel.fr\/#website\",\"url\":\"https:\/\/www.safinel.fr\/\",\"name\":\"Safinel\",\"description\":\"\",\"publisher\":{\"@id\":\"https:\/\/www.safinel.fr\/#organization\"},\"potentialAction\":[{\"@type\":\"SearchAction\",\"target\":{\"@type\":\"EntryPoint\",\"urlTemplate\":\"https:\/\/www.safinel.fr\/?s={search_term_string}\"},\"query-input\":{\"@type\":\"PropertyValueSpecification\",\"valueRequired\":true,\"valueName\":\"search_term_string\"}}],\"inLanguage\":\"de\"},{\"@type\":\"Organization\",\"@id\":\"https:\/\/www.safinel.fr\/#organization\",\"name\":\"Safinel\",\"url\":\"https:\/\/www.safinel.fr\/\",\"logo\":{\"@type\":\"ImageObject\",\"inLanguage\":\"de\",\"@id\":\"https:\/\/www.safinel.fr\/#\/schema\/logo\/image\/\",\"url\":\"https:\/\/www.safinel.fr\/wp-content\/uploads\/2021\/05\/boutique-cosmetique.png\",\"contentUrl\":\"https:\/\/www.safinel.fr\/wp-content\/uploads\/2021\/05\/boutique-cosmetique.png\",\"width\":800,\"height\":200,\"caption\":\"Safinel\"},\"image\":{\"@id\":\"https:\/\/www.safinel.fr\/#\/schema\/logo\/image\/\"}}]}<\/script>\n<!-- \/ Yoast SEO plugin. -->","yoast_head_json":{"title":"festes Shampoo mit fettiger Wurzel mit rosa Tonerde 80g - Safinel","robots":{"index":"index","follow":"follow","max-snippet":"max-snippet:-1","max-image-preview":"max-image-preview:large","max-video-preview":"max-video-preview:-1"},"canonical":"https:\/\/www.safinel.fr\/de\/product-2\/festes-shampoo-mit-fettigen-wurzeln-und-rosa-largil-80g\/","og_locale":"de_DE","og_type":"article","og_title":"shampoing solide racine grasse a l'Argile Rose 80g - Safinel","og_description":"Le shampoing solide bio \u00e0 l&rsquo;argile rose le must have pour les cheveux gras et abim\u00e9s&#8230; Une fois essay\u00e9 vous ne pourrez plus vous en passer soyez en s\u00fbr. Tout d&rsquo;abord il faut dire que ce shampoing solide est un subtil m\u00e9lange d\u2019argile blanche et d\u2019argile rouge. En revanche, il deviendra \u00e0 coup s\u00fbr le [...]","og_url":"https:\/\/www.safinel.fr\/de\/product-2\/festes-shampoo-mit-fettigen-wurzeln-und-rosa-largil-80g\/","og_site_name":"Safinel","article_modified_time":"2023-12-28T17:15:05+00:00","og_image":[{"width":1136,"height":1125,"url":"https:\/\/www.safinel.fr\/wp-content\/uploads\/2021\/07\/shampoing-solide-racine-grasse-argille-rose-2.jpg","type":"image\/jpeg"}],"twitter_card":"summary_large_image","twitter_misc":{"Gesch\u00e4tzte Lesezeit":"2\u00a0Minuten"},"schema":{"@context":"https:\/\/schema.org","@graph":[{"@type":"WebPage","@id":"https:\/\/www.safinel.fr\/produit\/shampoing-solide-racine-grasse-a-largile-rose-80g\/","url":"https:\/\/www.safinel.fr\/produit\/shampoing-solide-racine-grasse-a-largile-rose-80g\/","name":"festes Shampoo mit fettiger Wurzel mit rosa Tonerde 80g - Safinel","isPartOf":{"@id":"https:\/\/www.safinel.fr\/#website"},"primaryImageOfPage":{"@id":"https:\/\/www.safinel.fr\/produit\/shampoing-solide-racine-grasse-a-largile-rose-80g\/#primaryimage"},"image":{"@id":"https:\/\/www.safinel.fr\/produit\/shampoing-solide-racine-grasse-a-largile-rose-80g\/#primaryimage"},"thumbnailUrl":"https:\/\/www.safinel.fr\/wp-content\/uploads\/2021\/07\/shampoing-solide-racine-grasse-argille-rose-2.jpg","datePublished":"2021-07-24T18:59:25+00:00","dateModified":"2023-12-28T17:15:05+00:00","breadcrumb":{"@id":"https:\/\/www.safinel.fr\/produit\/shampoing-solide-racine-grasse-a-largile-rose-80g\/#breadcrumb"},"inLanguage":"de","potentialAction":[{"@type":"ReadAction","target":["https:\/\/www.safinel.fr\/produit\/shampoing-solide-racine-grasse-a-largile-rose-80g\/"]}]},{"@type":"ImageObject","inLanguage":"de","@id":"https:\/\/www.safinel.fr\/produit\/shampoing-solide-racine-grasse-a-largile-rose-80g\/#primaryimage","url":"https:\/\/www.safinel.fr\/wp-content\/uploads\/2021\/07\/shampoing-solide-racine-grasse-argille-rose-2.jpg","contentUrl":"https:\/\/www.safinel.fr\/wp-content\/uploads\/2021\/07\/shampoing-solide-racine-grasse-argille-rose-2.jpg","width":1136,"height":1125},{"@type":"BreadcrumbList","@id":"https:\/\/www.safinel.fr\/produit\/shampoing-solide-racine-grasse-a-largile-rose-80g\/#breadcrumb","itemListElement":[{"@type":"ListItem","position":1,"name":"Accueil","item":"https:\/\/www.safinel.fr\/"},{"@type":"ListItem","position":2,"name":"Boutique","item":"https:\/\/www.safinel.fr\/boutique\/"},{"@type":"ListItem","position":3,"name":"shampoing solide racine grasse a l&rsquo;Argile Rose 80g"}]},{"@type":"WebSite","@id":"https:\/\/www.safinel.fr\/#website","url":"https:\/\/www.safinel.fr\/","name":"Safinel","description":"","publisher":{"@id":"https:\/\/www.safinel.fr\/#organization"},"potentialAction":[{"@type":"SearchAction","target":{"@type":"EntryPoint","urlTemplate":"https:\/\/www.safinel.fr\/?s={search_term_string}"},"query-input":{"@type":"PropertyValueSpecification","valueRequired":true,"valueName":"search_term_string"}}],"inLanguage":"de"},{"@type":"Organization","@id":"https:\/\/www.safinel.fr\/#organization","name":"Safinel","url":"https:\/\/www.safinel.fr\/","logo":{"@type":"ImageObject","inLanguage":"de","@id":"https:\/\/www.safinel.fr\/#\/schema\/logo\/image\/","url":"https:\/\/www.safinel.fr\/wp-content\/uploads\/2021\/05\/boutique-cosmetique.png","contentUrl":"https:\/\/www.safinel.fr\/wp-content\/uploads\/2021\/05\/boutique-cosmetique.png","width":800,"height":200,"caption":"Safinel"},"image":{"@id":"https:\/\/www.safinel.fr\/#\/schema\/logo\/image\/"}}]}},"_links":{"self":[{"href":"https:\/\/www.safinel.fr\/de\/wp-json\/wp\/v2\/product\/289","targetHints":{"allow":["GET"]}}],"collection":[{"href":"https:\/\/www.safinel.fr\/de\/wp-json\/wp\/v2\/product"}],"about":[{"href":"https:\/\/www.safinel.fr\/de\/wp-json\/wp\/v2\/types\/product"}],"wp:featuredmedia":[{"embeddable":true,"href":"https:\/\/www.safinel.fr\/de\/wp-json\/wp\/v2\/media\/322"}],"wp:attachment":[{"href":"https:\/\/www.safinel.fr\/de\/wp-json\/wp\/v2\/media?parent=289"}],"wp:term":[{"taxonomy":"product_brand","embeddable":true,"href":"https:\/\/www.safinel.fr\/de\/wp-json\/wp\/v2\/product_brand?post=289"},{"taxonomy":"product_cat","embeddable":true,"href":"https:\/\/www.safinel.fr\/de\/wp-json\/wp\/v2\/product_cat?post=289"},{"taxonomy":"product_tag","embeddable":true,"href":"https:\/\/www.safinel.fr\/de\/wp-json\/wp\/v2\/product_tag?post=289"}],"curies":[{"name":"wp","href":"https:\/\/api.w.org\/{rel}","templated":true}]}}