{"id":2881,"date":"2022-09-24T19:01:28","date_gmt":"2022-09-24T19:01:28","guid":{"rendered":"https:\/\/www.safinel.fr\/?post_type=product&#038;p=2881"},"modified":"2023-12-30T16:49:09","modified_gmt":"2023-12-30T16:49:09","slug":"reines-propolis-pulver","status":"publish","type":"product","link":"https:\/\/www.safinel.fr\/de\/product-2\/reines-propolis-pulver\/","title":{"rendered":"Reines Propolispulver"},"content":{"rendered":"<p>Propolis, eine nat\u00fcrliche Substanz, die von Bienen produziert wird, ist wegen ihrer zahlreichen positiven Wirkungen auf unsere Gesundheit sehr beliebt. Hier erfahren Sie alles Wissenswerte \u00fcber diese wunderbare Entdeckung der Imkerei und insbesondere \u00fcber Propolispulver: seine Verwendung, seine Vorteile und die\u00a0<strong>Zusatzinformationen<\/strong>\u00a0um diese Ressource besser zu verstehen.<\/p>\n<h2><strong>Was ist Propolis?<\/strong><\/h2>\n<p>Zun\u00e4chst einmal ist es unerl\u00e4sslich, die Definition von Propolis zu kennen, bevor man sich mit der Pulverversion befasst. Propolis ist ein Pflanzenharz, das von Bienen von bestimmten B\u00e4umen und Str\u00e4uchern gesammelt wird, wenn diese Propolis produzieren. <a href=\"https:\/\/www.safinel.fr\/de\/product-category-2\/bienenzucht\/\"><strong>Honig<\/strong><\/a>. Dieses Harz wird dann mit den Speichelsekreten der Bienen vermischt und zu einem wachsartigen Material verarbeitet, das im Wesentlichen eines der Baumaterialien des Bienenstocks darstellt.<\/p>\n<p>Propolis wird als \u00abZement\u00bb verwendet, um die Struktur des Bienenstocks zu st\u00e4rken, und hat au\u00dferdem antibakterielle und antimykotische Eigenschaften, mit denen es die Bienen vor Infektionen und Krankheiten sch\u00fctzen kann. Seit Jahrtausenden haben die Menschen diese Qualit\u00e4ten erkannt und verwenden Propolis f\u00fcr verschiedene medizinische Zwecke.<\/p>\n<h2><strong>Propolispulver: Eigenschaften und Vorteile<\/strong><\/h2>\n<p>Da Sie nun eine Vorstellung davon haben, was Propolis ist, kommen wir nun zu seiner Pulverform. Die\u00a0<strong>Propolis-Pulver<\/strong>\u00a0wird nach einem Verfahren gewonnen, bei dem das Rohharz getrocknet und gemahlen wird. Bei dieser Methode bleiben alle positiven Eigenschaften des Propolis erhalten, w\u00e4hrend seine Handhabung und Verwendung erleichtert wird.<\/p>\n<p>Zoom auf einige Vorteile :<\/p>\n<ul>\n<li><strong>Hohe Konzentration an Wirkstoffen :<\/strong> dieses Pulver ist hochkonzentriert an Flavonoiden und anderen bioaktiven Molek\u00fclen, die f\u00fcr die positiven Auswirkungen auf unsere Gesundheit verantwortlich sind.<\/li>\n<li><strong>Einfache Handhabung :<\/strong> im Gegensatz zur rohen oder fl\u00fcssigen Form l\u00e4sst sich Pulver leicht in verschiedenen Zubereitungen aufl\u00f6sen und erm\u00f6glicht eine schnelle Einnahme.<\/li>\n<li><strong>Vielfalt der Besch\u00e4ftigung :<\/strong>\u00a0Propolispulver kann in verschiedene Tr\u00e4gerstoffe wie Kapseln, Tabletten, Sirupe eingearbeitet werden, <a href=\"https:\/\/www.safinel.fr\/de\/product-category-2\/aufhellende-cremes\/\"><strong>Cremes<\/strong><\/a>, usw. und erm\u00f6glicht so eine individuelle Nutzung nach Ihren Bed\u00fcrfnissen.<\/li>\n<\/ul>\n<h2><strong>Warum sollte man sich f\u00fcr Propolis-Pulver entscheiden?<\/strong><\/h2>\n<h3><strong>Ern\u00e4hrungsqualit\u00e4ten<\/strong><\/h3>\n<p>Propolis-Pulver ist reich an essentiellen N\u00e4hrstoffen wie Vitaminen, Mineralien und Spurenelementen. Es enth\u00e4lt insbesondere Vitamin E, Eisen, Mangan, Selen und Zink, die f\u00fcr eine gute K\u00f6rperfunktion notwendig sind. Au\u00dferdem sind einige dieser Mineralien, wie Zink und Selen, in gr\u00f6\u00dferen Mengen als in rohem Propolis enthalten.<\/p>\n<h3><strong>Ausgezeichnete Bioverf\u00fcgbarkeit<\/strong><\/h3>\n<p>Die Pulverform erm\u00f6glicht eine bessere Aufnahme der N\u00e4hrstoffe durch den K\u00f6rper, da die Wirkstoffe schneller aufgenommen werden als bei anderen Darreichungsformen von Propolis. Die schnelle Aufl\u00f6sung des Produkts f\u00f6rdert n\u00e4mlich einen effizienteren und vollst\u00e4ndigeren \u00dcbergang der zahlreichen medizinischen Eigenschaften in die Zellen.<\/p>\n<h3><strong>Vielfalt an therapeutischen Anwendungen<\/strong><\/h3>\n<p>Die gesundheitlichen Vorteile von Propolispulver sind betr\u00e4chtlich. Es besitzt Eigenschaften :<\/p>\n<ul>\n<li><strong>Antioxidantien :<\/strong> Flavonoide helfen, freie Radikale zu neutralisieren, die f\u00fcr vorzeitiges Altern und verschiedene Krankheiten verantwortlich sind.<\/li>\n<li><strong>Entz\u00fcndungshemmend :<\/strong> reduziert Entz\u00fcndungen auf nat\u00fcrliche Weise, indem es entz\u00fcndungsf\u00f6rdernde Enzyme hemmt und den Sauerstoffgehalt im Gewebe erh\u00f6ht.<\/li>\n<li><strong>Immunstimulierend :<\/strong> der regelm\u00e4\u00dfige Verzehr dieses reinen Pulvers st\u00e4rkt unser Immunsystem, wodurch wir weniger anf\u00e4llig f\u00fcr Infektionen sind.<\/li>\n<li><strong>Antivirale Mittel :<\/strong> Sie ist auch eine gef\u00fcrchtete Waffe gegen Viren, insbesondere gegen die, die f\u00fcr Erk\u00e4ltungen und Grippe verantwortlich sind.<\/li>\n<\/ul>\n<h3><strong>Wie verwende ich dieses Pulver?<\/strong><\/h3>\n<p>Es gibt mehrere M\u00f6glichkeiten, Propolispulver wirksam einzusetzen:<\/p>\n<ol>\n<li>Als Nahrungserg\u00e4nzungsmittel: Mischen Sie einen halben Teel\u00f6ffel des Pulvers mit Wasser, Fruchtsaft oder Honig und nehmen Sie diese Mischung ein- bis zweimal t\u00e4glich zu sich, um Ihr Immunsystem zu st\u00e4rken.<\/li>\n<li>Zum Gurgeln: Verd\u00fcnnen Sie einen Teel\u00f6ffel Propolispulver in einem Glas lauwarmen Wassers und gurgeln Sie damit einige Minuten lang. Diese Methode eignet sich hervorragend zur Linderung von Halsschmerzen und Erkrankungen im Mundraum.<\/li>\n<li>Zur lokalen Anwendung: Sie k\u00f6nnen dieses Pulver mit einer neutralen Creme mischen und diese Mischung direkt auf Wunden, Akne und andere Hautprobleme auftragen, um die Heilung zu f\u00f6rdern.<\/li>\n<li>Inhalation: Br\u00fchen Sie einen Teel\u00f6ffel Pulver in einer Sch\u00fcssel mit hei\u00dfem Wasser auf und inhalieren Sie die D\u00e4mpfe, um Sinusitis und andere Atemwegserkrankungen zu lindern.<\/li>\n<\/ol>\n<p>Um die therapeutische Wirkung des Propolis-Pulvers voll auszusch\u00f6pfen, sollten Sie die Dosierungsempfehlungen sorgf\u00e4ltig befolgen und vor Beginn einer Behandlung einen Gesundheitsexperten konsultieren, vor allem bei Schwangerschaft, Stillzeit oder Allergien gegen Bienenprodukte.<\/p>","protected":false},"excerpt":{"rendered":"<p><img decoding=\"async\" class=\"size-full wp-image-5091 aligncenter\" src=\"https:\/\/www.safinel.fr\/wp-content\/uploads\/2021\/06\/BANNIERE-ICONE-SAFINEL.webp\" alt=\"Satines-R\u00fcckversicherung\" width=\"800\" height=\"200\" srcset=\"https:\/\/www.safinel.fr\/wp-content\/uploads\/2021\/06\/BANNIERE-ICONE-SAFINEL.webp 800w, https:\/\/www.safinel.fr\/wp-content\/uploads\/2021\/06\/BANNIERE-ICONE-SAFINEL-600x150.webp 600w, https:\/\/www.safinel.fr\/wp-content\/uploads\/2021\/06\/BANNIERE-ICONE-SAFINEL-768x192.webp 768w\" sizes=\"(max-width: 800px) 100vw, 800px\" \/><\/p>","protected":false},"featured_media":2882,"template":"","meta":[],"product_brand":[],"product_cat":[24,41],"product_tag":[],"class_list":{"0":"post-2881","1":"product","2":"type-product","3":"status-publish","4":"has-post-thumbnail","6":"product_cat-apiculture","7":"product_cat-produits-naturels-divers","9":"first","10":"instock","11":"shipping-taxable","12":"purchasable","13":"product-type-variable"},"yoast_head":"<!-- This site is optimized with the Yoast SEO plugin v26.6 - https:\/\/yoast.com\/wordpress\/plugins\/seo\/ -->\n<title>Propolis pure en poudre | Bienfaits nombreux | Achat en France<\/title>\n<meta name=\"description\" content=\"La propolis pure en poudre, substance naturelle produite par les abeilles, est tr\u00e8s pris\u00e9e pour ses nombreuses vertus sur notre sant\u00e9.\" \/>\n<meta name=\"robots\" content=\"index, follow, max-snippet:-1, max-image-preview:large, max-video-preview:-1\" \/>\n<link rel=\"canonical\" href=\"https:\/\/www.safinel.fr\/de\/product-2\/reines-propolis-pulver\/\" \/>\n<meta property=\"og:locale\" content=\"de_DE\" \/>\n<meta property=\"og:type\" content=\"article\" \/>\n<meta property=\"og:title\" content=\"Propolis pure en poudre | Bienfaits nombreux | Achat en France\" \/>\n<meta property=\"og:description\" content=\"La propolis pure en poudre, substance naturelle produite par les abeilles, est tr\u00e8s pris\u00e9e pour ses nombreuses vertus sur notre sant\u00e9.\" \/>\n<meta property=\"og:url\" content=\"https:\/\/www.safinel.fr\/de\/product-2\/reines-propolis-pulver\/\" \/>\n<meta property=\"og:site_name\" content=\"Safinel\" \/>\n<meta property=\"article:modified_time\" content=\"2023-12-30T16:49:09+00:00\" \/>\n<meta property=\"og:image\" content=\"https:\/\/www.safinel.fr\/wp-content\/uploads\/2022\/09\/propolis-poudre-50gr-site.jpg\" \/>\n\t<meta property=\"og:image:width\" content=\"600\" \/>\n\t<meta property=\"og:image:height\" content=\"518\" \/>\n\t<meta property=\"og:image:type\" content=\"image\/jpeg\" \/>\n<meta name=\"twitter:card\" content=\"summary_large_image\" \/>\n<meta name=\"twitter:label1\" content=\"Gesch\u00e4tzte Lesezeit\" \/>\n\t<meta name=\"twitter:data1\" content=\"4\u00a0Minuten\" \/>\n<script type=\"application\/ld+json\" class=\"yoast-schema-graph\">{\"@context\":\"https:\/\/schema.org\",\"@graph\":[{\"@type\":\"WebPage\",\"@id\":\"https:\/\/www.safinel.fr\/produit\/propolis-pure-en-poudre\/\",\"url\":\"https:\/\/www.safinel.fr\/produit\/propolis-pure-en-poudre\/\",\"name\":\"Propolis pure en poudre | Bienfaits nombreux | Achat en France\",\"isPartOf\":{\"@id\":\"https:\/\/www.safinel.fr\/#website\"},\"primaryImageOfPage\":{\"@id\":\"https:\/\/www.safinel.fr\/produit\/propolis-pure-en-poudre\/#primaryimage\"},\"image\":{\"@id\":\"https:\/\/www.safinel.fr\/produit\/propolis-pure-en-poudre\/#primaryimage\"},\"thumbnailUrl\":\"https:\/\/www.safinel.fr\/wp-content\/uploads\/2022\/09\/propolis-poudre-50gr-site.jpg\",\"datePublished\":\"2022-09-24T19:01:28+00:00\",\"dateModified\":\"2023-12-30T16:49:09+00:00\",\"description\":\"La propolis pure en poudre, substance naturelle produite par les abeilles, est tr\u00e8s pris\u00e9e pour ses nombreuses vertus sur notre sant\u00e9.\",\"breadcrumb\":{\"@id\":\"https:\/\/www.safinel.fr\/produit\/propolis-pure-en-poudre\/#breadcrumb\"},\"inLanguage\":\"de\",\"potentialAction\":[{\"@type\":\"ReadAction\",\"target\":[\"https:\/\/www.safinel.fr\/produit\/propolis-pure-en-poudre\/\"]}]},{\"@type\":\"ImageObject\",\"inLanguage\":\"de\",\"@id\":\"https:\/\/www.safinel.fr\/produit\/propolis-pure-en-poudre\/#primaryimage\",\"url\":\"https:\/\/www.safinel.fr\/wp-content\/uploads\/2022\/09\/propolis-poudre-50gr-site.jpg\",\"contentUrl\":\"https:\/\/www.safinel.fr\/wp-content\/uploads\/2022\/09\/propolis-poudre-50gr-site.jpg\",\"width\":600,\"height\":518,\"caption\":\"Propolis pure en poudre\"},{\"@type\":\"BreadcrumbList\",\"@id\":\"https:\/\/www.safinel.fr\/produit\/propolis-pure-en-poudre\/#breadcrumb\",\"itemListElement\":[{\"@type\":\"ListItem\",\"position\":1,\"name\":\"Accueil\",\"item\":\"https:\/\/www.safinel.fr\/\"},{\"@type\":\"ListItem\",\"position\":2,\"name\":\"Boutique\",\"item\":\"https:\/\/www.safinel.fr\/boutique\/\"},{\"@type\":\"ListItem\",\"position\":3,\"name\":\"Propolis pure en poudre\"}]},{\"@type\":\"WebSite\",\"@id\":\"https:\/\/www.safinel.fr\/#website\",\"url\":\"https:\/\/www.safinel.fr\/\",\"name\":\"Safinel\",\"description\":\"\",\"publisher\":{\"@id\":\"https:\/\/www.safinel.fr\/#organization\"},\"potentialAction\":[{\"@type\":\"SearchAction\",\"target\":{\"@type\":\"EntryPoint\",\"urlTemplate\":\"https:\/\/www.safinel.fr\/?s={search_term_string}\"},\"query-input\":{\"@type\":\"PropertyValueSpecification\",\"valueRequired\":true,\"valueName\":\"search_term_string\"}}],\"inLanguage\":\"de\"},{\"@type\":\"Organization\",\"@id\":\"https:\/\/www.safinel.fr\/#organization\",\"name\":\"Safinel\",\"url\":\"https:\/\/www.safinel.fr\/\",\"logo\":{\"@type\":\"ImageObject\",\"inLanguage\":\"de\",\"@id\":\"https:\/\/www.safinel.fr\/#\/schema\/logo\/image\/\",\"url\":\"https:\/\/www.safinel.fr\/wp-content\/uploads\/2021\/05\/boutique-cosmetique.png\",\"contentUrl\":\"https:\/\/www.safinel.fr\/wp-content\/uploads\/2021\/05\/boutique-cosmetique.png\",\"width\":800,\"height\":200,\"caption\":\"Safinel\"},\"image\":{\"@id\":\"https:\/\/www.safinel.fr\/#\/schema\/logo\/image\/\"}}]}<\/script>\n<!-- \/ Yoast SEO plugin. -->","yoast_head_json":{"title":"Reines Propolis Pulver | Zahlreiche Vorteile | Kauf in Frankreich","description":"Reines Propolis-Pulver ist eine nat\u00fcrliche Substanz, die von Bienen produziert wird und wegen ihrer zahlreichen positiven Wirkungen auf unsere Gesundheit sehr beliebt ist.","robots":{"index":"index","follow":"follow","max-snippet":"max-snippet:-1","max-image-preview":"max-image-preview:large","max-video-preview":"max-video-preview:-1"},"canonical":"https:\/\/www.safinel.fr\/de\/product-2\/reines-propolis-pulver\/","og_locale":"de_DE","og_type":"article","og_title":"Propolis pure en poudre | Bienfaits nombreux | Achat en France","og_description":"La propolis pure en poudre, substance naturelle produite par les abeilles, est tr\u00e8s pris\u00e9e pour ses nombreuses vertus sur notre sant\u00e9.","og_url":"https:\/\/www.safinel.fr\/de\/product-2\/reines-propolis-pulver\/","og_site_name":"Safinel","article_modified_time":"2023-12-30T16:49:09+00:00","og_image":[{"width":600,"height":518,"url":"https:\/\/www.safinel.fr\/wp-content\/uploads\/2022\/09\/propolis-poudre-50gr-site.jpg","type":"image\/jpeg"}],"twitter_card":"summary_large_image","twitter_misc":{"Gesch\u00e4tzte Lesezeit":"4\u00a0Minuten"},"schema":{"@context":"https:\/\/schema.org","@graph":[{"@type":"WebPage","@id":"https:\/\/www.safinel.fr\/produit\/propolis-pure-en-poudre\/","url":"https:\/\/www.safinel.fr\/produit\/propolis-pure-en-poudre\/","name":"Reines Propolis Pulver | Zahlreiche Vorteile | Kauf in Frankreich","isPartOf":{"@id":"https:\/\/www.safinel.fr\/#website"},"primaryImageOfPage":{"@id":"https:\/\/www.safinel.fr\/produit\/propolis-pure-en-poudre\/#primaryimage"},"image":{"@id":"https:\/\/www.safinel.fr\/produit\/propolis-pure-en-poudre\/#primaryimage"},"thumbnailUrl":"https:\/\/www.safinel.fr\/wp-content\/uploads\/2022\/09\/propolis-poudre-50gr-site.jpg","datePublished":"2022-09-24T19:01:28+00:00","dateModified":"2023-12-30T16:49:09+00:00","description":"Reines Propolis-Pulver ist eine nat\u00fcrliche Substanz, die von Bienen produziert wird und wegen ihrer zahlreichen positiven Wirkungen auf unsere Gesundheit sehr beliebt ist.","breadcrumb":{"@id":"https:\/\/www.safinel.fr\/produit\/propolis-pure-en-poudre\/#breadcrumb"},"inLanguage":"de","potentialAction":[{"@type":"ReadAction","target":["https:\/\/www.safinel.fr\/produit\/propolis-pure-en-poudre\/"]}]},{"@type":"ImageObject","inLanguage":"de","@id":"https:\/\/www.safinel.fr\/produit\/propolis-pure-en-poudre\/#primaryimage","url":"https:\/\/www.safinel.fr\/wp-content\/uploads\/2022\/09\/propolis-poudre-50gr-site.jpg","contentUrl":"https:\/\/www.safinel.fr\/wp-content\/uploads\/2022\/09\/propolis-poudre-50gr-site.jpg","width":600,"height":518,"caption":"Propolis pure en poudre"},{"@type":"BreadcrumbList","@id":"https:\/\/www.safinel.fr\/produit\/propolis-pure-en-poudre\/#breadcrumb","itemListElement":[{"@type":"ListItem","position":1,"name":"Accueil","item":"https:\/\/www.safinel.fr\/"},{"@type":"ListItem","position":2,"name":"Boutique","item":"https:\/\/www.safinel.fr\/boutique\/"},{"@type":"ListItem","position":3,"name":"Propolis pure en poudre"}]},{"@type":"WebSite","@id":"https:\/\/www.safinel.fr\/#website","url":"https:\/\/www.safinel.fr\/","name":"Safinel","description":"","publisher":{"@id":"https:\/\/www.safinel.fr\/#organization"},"potentialAction":[{"@type":"SearchAction","target":{"@type":"EntryPoint","urlTemplate":"https:\/\/www.safinel.fr\/?s={search_term_string}"},"query-input":{"@type":"PropertyValueSpecification","valueRequired":true,"valueName":"search_term_string"}}],"inLanguage":"de"},{"@type":"Organization","@id":"https:\/\/www.safinel.fr\/#organization","name":"Safinel","url":"https:\/\/www.safinel.fr\/","logo":{"@type":"ImageObject","inLanguage":"de","@id":"https:\/\/www.safinel.fr\/#\/schema\/logo\/image\/","url":"https:\/\/www.safinel.fr\/wp-content\/uploads\/2021\/05\/boutique-cosmetique.png","contentUrl":"https:\/\/www.safinel.fr\/wp-content\/uploads\/2021\/05\/boutique-cosmetique.png","width":800,"height":200,"caption":"Safinel"},"image":{"@id":"https:\/\/www.safinel.fr\/#\/schema\/logo\/image\/"}}]}},"_links":{"self":[{"href":"https:\/\/www.safinel.fr\/de\/wp-json\/wp\/v2\/product\/2881","targetHints":{"allow":["GET"]}}],"collection":[{"href":"https:\/\/www.safinel.fr\/de\/wp-json\/wp\/v2\/product"}],"about":[{"href":"https:\/\/www.safinel.fr\/de\/wp-json\/wp\/v2\/types\/product"}],"wp:featuredmedia":[{"embeddable":true,"href":"https:\/\/www.safinel.fr\/de\/wp-json\/wp\/v2\/media\/2882"}],"wp:attachment":[{"href":"https:\/\/www.safinel.fr\/de\/wp-json\/wp\/v2\/media?parent=2881"}],"wp:term":[{"taxonomy":"product_brand","embeddable":true,"href":"https:\/\/www.safinel.fr\/de\/wp-json\/wp\/v2\/product_brand?post=2881"},{"taxonomy":"product_cat","embeddable":true,"href":"https:\/\/www.safinel.fr\/de\/wp-json\/wp\/v2\/product_cat?post=2881"},{"taxonomy":"product_tag","embeddable":true,"href":"https:\/\/www.safinel.fr\/de\/wp-json\/wp\/v2\/product_tag?post=2881"}],"curies":[{"name":"wp","href":"https:\/\/api.w.org\/{rel}","templated":true}]}}