{"id":2850,"date":"2022-09-21T18:39:46","date_gmt":"2022-09-21T18:39:46","guid":{"rendered":"https:\/\/www.safinel.fr\/?post_type=product&#038;p=2850"},"modified":"2023-12-28T17:15:36","modified_gmt":"2023-12-28T17:15:36","slug":"nila-seife","status":"publish","type":"product","link":"https:\/\/www.safinel.fr\/de\/product-2\/nila-seife\/","title":{"rendered":"Nila-Seife 70g"},"content":{"rendered":"<p>Sie haben Hautunreinheiten und m\u00f6chten sich davon befreien? Gibt es an bestimmten Stellen Ihres K\u00f6rpers dunkle Stellen? Entdecken Sie jetzt die Nila-Seife . Sie besteht aus Nila-Pulver, einem 100 % nat\u00fcrlichen Mineral mit k\u00f6nigsblauer Farbe, das seinen Ursprung in den Rocky Mountains der marokkanischen Sahara hat. Sehen wir uns die Vorteile und die Anwendung dieser au\u00dfergew\u00f6hnlichen Seife an!<\/p>\n<h2><strong>Was sind die Vorteile der Nila Seife blau Royal<\/strong><\/h2>\n<p>Das jahrtausendealte Sch\u00f6nheitsgeheimnis der Saharauis, das <a href=\"https:\/\/www.safinel.fr\/de\/product-2\/nilapulver\/\"><strong>Nila<\/strong><\/a> steckt voller au\u00dfergew\u00f6hnlicher Eigenschaften, die von Kosmetiklaboren sehr begehrt sind:<\/p>\n<ul>\n<li>Aufhellend, hellt den Teint auf und hilft, braune Flecken zu mildern.<\/li>\n<li>Dieses feuchtigkeitsspendende Naturprodukt verwandelt raue Stellen wie Ellenbogen, Knie oder F\u00fc\u00dfe. Es hinterl\u00e4sst eine weiche und seidige Haut.<\/li>\n<li>Anti-Aging, verlangsamt Alterserscheinungen wie Falten und feine Linien. Die Haut wird revitalisiert und verj\u00fcngt.<\/li>\n<\/ul>\n<p>Diese handgemachte Seife von 100 g wird hergestellt aus :<\/p>\n<ul>\n<li>Glycerin: Mit seiner sch\u00fctzenden Wirkung st\u00e4rkt es die Hautbarriere gegen \u00e4u\u00dfere Einfl\u00fcsse. Es macht die Haut geschmeidig und tr\u00e4gt zum Feuchtigkeitsgehalt der Haut bei.<\/li>\n<li>Argan\u00f6l: Anti-Falten-Pflege, reich an Vitamin E und Antioxidantien. Es wirkt regenerierend.<\/li>\n<li>Karit\u00e9butter: Ein aus den Fr\u00fcchten des Karit\u00e9baums gewonnener Fettk\u00f6rper mit einem hohen Vitamin-A-Gehalt. Ihre Wirkung ist sch\u00fctzend, feuchtigkeitsspendend und wundheilend.<\/li>\n<li>Reinigungswirkstoff: Sein Waschschaum reinigt gr\u00fcndlich und befreit Ihre Haut von festsitzenden Unreinheiten.<\/li>\n<\/ul>\n<p>Die Nila Royal Seife enth\u00e4lt keine \u00e4therischen \u00d6le.<\/p>\n<h2><strong>Wie verwende ich die blaue Nila-Seife?<\/strong><\/h2>\n<p>Wie bei einer traditionellen Seife beginnst du mit :<\/p>\n<ol>\n<li>Den gew\u00fcnschten K\u00f6rperteil mit lauwarmem Wasser befeuchten<\/li>\n<li>Seife zwischen den H\u00e4nden aufsch\u00e4umen<\/li>\n<li>Tragen Sie den Schaum in kreisenden Bewegungen auf<\/li>\n<li>Sp\u00fclen Sie die behandelte Stelle gr\u00fcndlich mit klarem Wasser ab.<\/li>\n<\/ol>\n<h2><strong>Welche Kontraindikationen gibt es?<\/strong><\/h2>\n<p>Dieses Toilettenprodukt ist ausschlie\u00dflich auf die \u00e4u\u00dferliche Anwendung beschr\u00e4nkt.<\/p>\n<p>Die Augenpartie sorgf\u00e4ltig meiden.<\/p>\n<h3><strong>Zusammensetzung :<\/strong><\/h3>\n<ul>\n<li>Propylenglykol (Stabilisator) ;<\/li>\n<li>glycerin (sch\u00fctzend) ;<\/li>\n<li>sodiumstearate (reiniger) ;<\/li>\n<li>cooamidopropyl betcene (Kokos\u00f6lderivat) ;<\/li>\n<li>Sorbitol ;<\/li>\n<li>indigo wird suffruticosa powder (Nila-Mineralpulver) ;<\/li>\n<li>butyrospermum parkii (shea) butter (Sheabutter) ;<\/li>\n<li>arganiaspinosa kernel oil (Argan\u00f6l).<\/li>\n<\/ul>","protected":false},"excerpt":{"rendered":"<p><img decoding=\"async\" class=\"size-full wp-image-5091 aligncenter\" src=\"https:\/\/www.safinel.fr\/wp-content\/uploads\/2021\/06\/BANNIERE-ICONE-SAFINEL.webp\" alt=\"Satines-R\u00fcckversicherung\" width=\"800\" height=\"200\" srcset=\"https:\/\/www.safinel.fr\/wp-content\/uploads\/2021\/06\/BANNIERE-ICONE-SAFINEL.webp 800w, https:\/\/www.safinel.fr\/wp-content\/uploads\/2021\/06\/BANNIERE-ICONE-SAFINEL-600x150.webp 600w, https:\/\/www.safinel.fr\/wp-content\/uploads\/2021\/06\/BANNIERE-ICONE-SAFINEL-768x192.webp 768w\" sizes=\"(max-width: 800px) 100vw, 800px\" \/><\/p>","protected":false},"featured_media":2851,"template":"","meta":[],"product_brand":[],"product_cat":[28,164,123],"product_tag":[],"class_list":{"0":"post-2850","1":"product","2":"type-product","3":"status-publish","4":"has-post-thumbnail","6":"product_cat-divers","7":"product_cat-nila","8":"product_cat-savon","10":"first","11":"instock","12":"shipping-taxable","13":"purchasable","14":"product-type-simple"},"yoast_head":"<!-- This site is optimized with the Yoast SEO plugin v26.6 - https:\/\/yoast.com\/wordpress\/plugins\/seo\/ -->\n<title>Savon Nila bleu I Savon \u00e9claircissant I Bienfaits nombreux<\/title>\n<meta name=\"description\" content=\"D\u00e9couvrez d\u00e8s maintenant le savon Nila bleu. Il est formul\u00e9 \u00e0 base de poudre de Nila, un min\u00e9ral 100\u00a0% naturel. Achat rapide et s\u00e9curis\u00e9 !\" \/>\n<meta name=\"robots\" content=\"index, follow, max-snippet:-1, max-image-preview:large, max-video-preview:-1\" \/>\n<link rel=\"canonical\" href=\"https:\/\/www.safinel.fr\/de\/product-2\/nila-seife\/\" \/>\n<meta property=\"og:locale\" content=\"de_DE\" \/>\n<meta property=\"og:type\" content=\"article\" \/>\n<meta property=\"og:title\" content=\"Savon Nila bleu I Savon \u00e9claircissant I Bienfaits nombreux\" \/>\n<meta property=\"og:description\" content=\"D\u00e9couvrez d\u00e8s maintenant le savon Nila bleu. Il est formul\u00e9 \u00e0 base de poudre de Nila, un min\u00e9ral 100\u00a0% naturel. Achat rapide et s\u00e9curis\u00e9 !\" \/>\n<meta property=\"og:url\" content=\"https:\/\/www.safinel.fr\/de\/product-2\/nila-seife\/\" \/>\n<meta property=\"og:site_name\" content=\"Safinel\" \/>\n<meta property=\"article:modified_time\" content=\"2023-12-28T17:15:36+00:00\" \/>\n<meta property=\"og:image\" content=\"https:\/\/www.safinel.fr\/wp-content\/uploads\/2022\/09\/savon-nila.jpg\" \/>\n\t<meta property=\"og:image:width\" content=\"600\" \/>\n\t<meta property=\"og:image:height\" content=\"600\" \/>\n\t<meta property=\"og:image:type\" content=\"image\/jpeg\" \/>\n<meta name=\"twitter:card\" content=\"summary_large_image\" \/>\n<meta name=\"twitter:label1\" content=\"Gesch\u00e4tzte Lesezeit\" \/>\n\t<meta name=\"twitter:data1\" content=\"2\u00a0Minuten\" \/>\n<script type=\"application\/ld+json\" class=\"yoast-schema-graph\">{\"@context\":\"https:\/\/schema.org\",\"@graph\":[{\"@type\":\"WebPage\",\"@id\":\"https:\/\/www.safinel.fr\/produit\/savon-nila\/\",\"url\":\"https:\/\/www.safinel.fr\/produit\/savon-nila\/\",\"name\":\"Savon Nila bleu I Savon \u00e9claircissant I Bienfaits nombreux\",\"isPartOf\":{\"@id\":\"https:\/\/www.safinel.fr\/#website\"},\"primaryImageOfPage\":{\"@id\":\"https:\/\/www.safinel.fr\/produit\/savon-nila\/#primaryimage\"},\"image\":{\"@id\":\"https:\/\/www.safinel.fr\/produit\/savon-nila\/#primaryimage\"},\"thumbnailUrl\":\"https:\/\/www.safinel.fr\/wp-content\/uploads\/2022\/09\/savon-nila.jpg\",\"datePublished\":\"2022-09-21T18:39:46+00:00\",\"dateModified\":\"2023-12-28T17:15:36+00:00\",\"description\":\"D\u00e9couvrez d\u00e8s maintenant le savon Nila bleu. Il est formul\u00e9 \u00e0 base de poudre de Nila, un min\u00e9ral 100\u00a0% naturel. Achat rapide et s\u00e9curis\u00e9 !\",\"breadcrumb\":{\"@id\":\"https:\/\/www.safinel.fr\/produit\/savon-nila\/#breadcrumb\"},\"inLanguage\":\"de\",\"potentialAction\":[{\"@type\":\"ReadAction\",\"target\":[\"https:\/\/www.safinel.fr\/produit\/savon-nila\/\"]}]},{\"@type\":\"ImageObject\",\"inLanguage\":\"de\",\"@id\":\"https:\/\/www.safinel.fr\/produit\/savon-nila\/#primaryimage\",\"url\":\"https:\/\/www.safinel.fr\/wp-content\/uploads\/2022\/09\/savon-nila.jpg\",\"contentUrl\":\"https:\/\/www.safinel.fr\/wp-content\/uploads\/2022\/09\/savon-nila.jpg\",\"width\":600,\"height\":600,\"caption\":\"savon nila\"},{\"@type\":\"BreadcrumbList\",\"@id\":\"https:\/\/www.safinel.fr\/produit\/savon-nila\/#breadcrumb\",\"itemListElement\":[{\"@type\":\"ListItem\",\"position\":1,\"name\":\"Accueil\",\"item\":\"https:\/\/www.safinel.fr\/\"},{\"@type\":\"ListItem\",\"position\":2,\"name\":\"Boutique\",\"item\":\"https:\/\/www.safinel.fr\/boutique\/\"},{\"@type\":\"ListItem\",\"position\":3,\"name\":\"Savon nila 70g\"}]},{\"@type\":\"WebSite\",\"@id\":\"https:\/\/www.safinel.fr\/#website\",\"url\":\"https:\/\/www.safinel.fr\/\",\"name\":\"Safinel\",\"description\":\"\",\"publisher\":{\"@id\":\"https:\/\/www.safinel.fr\/#organization\"},\"potentialAction\":[{\"@type\":\"SearchAction\",\"target\":{\"@type\":\"EntryPoint\",\"urlTemplate\":\"https:\/\/www.safinel.fr\/?s={search_term_string}\"},\"query-input\":{\"@type\":\"PropertyValueSpecification\",\"valueRequired\":true,\"valueName\":\"search_term_string\"}}],\"inLanguage\":\"de\"},{\"@type\":\"Organization\",\"@id\":\"https:\/\/www.safinel.fr\/#organization\",\"name\":\"Safinel\",\"url\":\"https:\/\/www.safinel.fr\/\",\"logo\":{\"@type\":\"ImageObject\",\"inLanguage\":\"de\",\"@id\":\"https:\/\/www.safinel.fr\/#\/schema\/logo\/image\/\",\"url\":\"https:\/\/www.safinel.fr\/wp-content\/uploads\/2021\/05\/boutique-cosmetique.png\",\"contentUrl\":\"https:\/\/www.safinel.fr\/wp-content\/uploads\/2021\/05\/boutique-cosmetique.png\",\"width\":800,\"height\":200,\"caption\":\"Safinel\"},\"image\":{\"@id\":\"https:\/\/www.safinel.fr\/#\/schema\/logo\/image\/\"}}]}<\/script>\n<!-- \/ Yoast SEO plugin. -->","yoast_head_json":{"title":"Blaue Nila-Seife I Aufhellende Seife I Zahlreiche Vorteile","description":"Entdecken Sie jetzt die blaue Nila-Seife. Sie ist aus Nila-Pulver formuliert, einem 100 % nat\u00fcrlichen Mineral. Schneller und sicherer Einkauf!","robots":{"index":"index","follow":"follow","max-snippet":"max-snippet:-1","max-image-preview":"max-image-preview:large","max-video-preview":"max-video-preview:-1"},"canonical":"https:\/\/www.safinel.fr\/de\/product-2\/nila-seife\/","og_locale":"de_DE","og_type":"article","og_title":"Savon Nila bleu I Savon \u00e9claircissant I Bienfaits nombreux","og_description":"D\u00e9couvrez d\u00e8s maintenant le savon Nila bleu. Il est formul\u00e9 \u00e0 base de poudre de Nila, un min\u00e9ral 100\u00a0% naturel. Achat rapide et s\u00e9curis\u00e9 !","og_url":"https:\/\/www.safinel.fr\/de\/product-2\/nila-seife\/","og_site_name":"Safinel","article_modified_time":"2023-12-28T17:15:36+00:00","og_image":[{"width":600,"height":600,"url":"https:\/\/www.safinel.fr\/wp-content\/uploads\/2022\/09\/savon-nila.jpg","type":"image\/jpeg"}],"twitter_card":"summary_large_image","twitter_misc":{"Gesch\u00e4tzte Lesezeit":"2\u00a0Minuten"},"schema":{"@context":"https:\/\/schema.org","@graph":[{"@type":"WebPage","@id":"https:\/\/www.safinel.fr\/produit\/savon-nila\/","url":"https:\/\/www.safinel.fr\/produit\/savon-nila\/","name":"Blaue Nila-Seife I Aufhellende Seife I Zahlreiche Vorteile","isPartOf":{"@id":"https:\/\/www.safinel.fr\/#website"},"primaryImageOfPage":{"@id":"https:\/\/www.safinel.fr\/produit\/savon-nila\/#primaryimage"},"image":{"@id":"https:\/\/www.safinel.fr\/produit\/savon-nila\/#primaryimage"},"thumbnailUrl":"https:\/\/www.safinel.fr\/wp-content\/uploads\/2022\/09\/savon-nila.jpg","datePublished":"2022-09-21T18:39:46+00:00","dateModified":"2023-12-28T17:15:36+00:00","description":"Entdecken Sie jetzt die blaue Nila-Seife. Sie ist aus Nila-Pulver formuliert, einem 100 % nat\u00fcrlichen Mineral. Schneller und sicherer Einkauf!","breadcrumb":{"@id":"https:\/\/www.safinel.fr\/produit\/savon-nila\/#breadcrumb"},"inLanguage":"de","potentialAction":[{"@type":"ReadAction","target":["https:\/\/www.safinel.fr\/produit\/savon-nila\/"]}]},{"@type":"ImageObject","inLanguage":"de","@id":"https:\/\/www.safinel.fr\/produit\/savon-nila\/#primaryimage","url":"https:\/\/www.safinel.fr\/wp-content\/uploads\/2022\/09\/savon-nila.jpg","contentUrl":"https:\/\/www.safinel.fr\/wp-content\/uploads\/2022\/09\/savon-nila.jpg","width":600,"height":600,"caption":"savon nila"},{"@type":"BreadcrumbList","@id":"https:\/\/www.safinel.fr\/produit\/savon-nila\/#breadcrumb","itemListElement":[{"@type":"ListItem","position":1,"name":"Accueil","item":"https:\/\/www.safinel.fr\/"},{"@type":"ListItem","position":2,"name":"Boutique","item":"https:\/\/www.safinel.fr\/boutique\/"},{"@type":"ListItem","position":3,"name":"Savon nila 70g"}]},{"@type":"WebSite","@id":"https:\/\/www.safinel.fr\/#website","url":"https:\/\/www.safinel.fr\/","name":"Safinel","description":"","publisher":{"@id":"https:\/\/www.safinel.fr\/#organization"},"potentialAction":[{"@type":"SearchAction","target":{"@type":"EntryPoint","urlTemplate":"https:\/\/www.safinel.fr\/?s={search_term_string}"},"query-input":{"@type":"PropertyValueSpecification","valueRequired":true,"valueName":"search_term_string"}}],"inLanguage":"de"},{"@type":"Organization","@id":"https:\/\/www.safinel.fr\/#organization","name":"Safinel","url":"https:\/\/www.safinel.fr\/","logo":{"@type":"ImageObject","inLanguage":"de","@id":"https:\/\/www.safinel.fr\/#\/schema\/logo\/image\/","url":"https:\/\/www.safinel.fr\/wp-content\/uploads\/2021\/05\/boutique-cosmetique.png","contentUrl":"https:\/\/www.safinel.fr\/wp-content\/uploads\/2021\/05\/boutique-cosmetique.png","width":800,"height":200,"caption":"Safinel"},"image":{"@id":"https:\/\/www.safinel.fr\/#\/schema\/logo\/image\/"}}]}},"_links":{"self":[{"href":"https:\/\/www.safinel.fr\/de\/wp-json\/wp\/v2\/product\/2850","targetHints":{"allow":["GET"]}}],"collection":[{"href":"https:\/\/www.safinel.fr\/de\/wp-json\/wp\/v2\/product"}],"about":[{"href":"https:\/\/www.safinel.fr\/de\/wp-json\/wp\/v2\/types\/product"}],"wp:featuredmedia":[{"embeddable":true,"href":"https:\/\/www.safinel.fr\/de\/wp-json\/wp\/v2\/media\/2851"}],"wp:attachment":[{"href":"https:\/\/www.safinel.fr\/de\/wp-json\/wp\/v2\/media?parent=2850"}],"wp:term":[{"taxonomy":"product_brand","embeddable":true,"href":"https:\/\/www.safinel.fr\/de\/wp-json\/wp\/v2\/product_brand?post=2850"},{"taxonomy":"product_cat","embeddable":true,"href":"https:\/\/www.safinel.fr\/de\/wp-json\/wp\/v2\/product_cat?post=2850"},{"taxonomy":"product_tag","embeddable":true,"href":"https:\/\/www.safinel.fr\/de\/wp-json\/wp\/v2\/product_tag?post=2850"}],"curies":[{"name":"wp","href":"https:\/\/api.w.org\/{rel}","templated":true}]}}