{"id":2837,"date":"2022-09-20T15:58:15","date_gmt":"2022-09-20T15:58:15","guid":{"rendered":"https:\/\/www.safinel.fr\/?post_type=product&#038;p=2837"},"modified":"2023-12-30T12:28:43","modified_gmt":"2023-12-30T12:28:43","slug":"reglisseursstabe","status":"publish","type":"product","link":"https:\/\/www.safinel.fr\/de\/product-2\/reglisseursstabe\/","title":{"rendered":"Bio-Lakritzstangen"},"content":{"rendered":"<p><strong>Lakritze<\/strong>\u00a0ist eine Pflanze, deren Name oft Kindheitserinnerungen hervorruft. Sie ist im Bereich der Naturheilkunde anerkannt, da sie zahlreiche therapeutische Eigenschaften besitzt. Die Pflanze ist zwischen 1 m und 1,5 m hoch und stammt urspr\u00fcnglich aus S\u00fcdeuropa und Westasien. Man findet sie vor allem in w\u00e4rmeren L\u00e4ndern. Hier k\u00f6nnen Sie gleich die Bio-Lakritzstangen von Safinel entdecken.<\/p>\n<p>Lakritze wird seit Jahrhunderten verwendet, sei es von den \u00c4gyptern, den Chinesen, in der indischen Medizin oder auch in der tibetischen Medizin. Auch die R\u00f6mer und Griechen verzehrten es wegen seiner zahlreichen positiven Wirkungen.<\/p>\n<p>In der Textilbranche ist es n\u00fctzlich, um Wolle zu f\u00e4rben, aber am h\u00e4ufigsten kennen wir es aus der S\u00fc\u00dfwarenindustrie, wo es zur Herstellung von Bonbons verwendet wird.<\/p>\n<p>Sein Geschmack ist s\u00fc\u00df, mild und bitter.<\/p>\n<h2><strong>Ein \u00dcberblick \u00fcber die unumg\u00e4ngliche s\u00fc\u00dfe Bio-Wurzel<\/strong><\/h2>\n<p>Dieser Teil der Pflanze ist n\u00e4mlich f\u00fcr uns von besonderem Interesse.<\/p>\n<p><strong>Bio-Lakritzstangen<\/strong>\u00a0sind die getrockneten Wurzeln der Pflanze. auch bekannt als \u00ab.\u00ab\u00a0<strong>Lakritzholz<\/strong>\u00a0\u00bb oder \u00ab\u00a0<strong>S\u00fc\u00dfwurzel\u00a0<\/strong>\u00bb sie haben eine 50-mal h\u00f6here S\u00fc\u00dfkraft als Rohrzucker!<\/p>\n<p>Die Anh\u00e4nger der\u00a0<strong>Naturprodukte<\/strong>\u00a0die auf der Suche nach einem kleinen s\u00fc\u00dfen Geschmack sind, k\u00f6nnten durchaus interessiert sein.<\/p>\n<h2><strong>Die Vorteile von Lakritzstangen :\u00a0<\/strong><\/h2>\n<p>Die Vorteile von Lakritz, die seit Jahrhunderten und auf der ganzen Welt anerkannt sind, sind vielf\u00e4ltig. Wir nennen hier unter anderem:<\/p>\n<ul>\n<li>Linderung von Halsschmerzen und Husten.<\/li>\n<li>Bek\u00e4mpfung von Winterviren.<\/li>\n<li>Magenschmerzen lindern.<\/li>\n<li>Halten Sie Ihren Atem frisch.<\/li>\n<li>Entz\u00fcndungen des Verdauungstrakts lindern.<\/li>\n<li>Behandlung von Aphthen.<\/li>\n<\/ul>\n<p>Diese St\u00e4bchen werden auch verwendet, um das Verlangen nach einer Zigarette zu vertreiben. Durch ihren starken Geschmack k\u00f6nnen sie so lange gekaut werden, bis das Verlangen nach einer Zigarette nachl\u00e4sst. Sie stellen daher einen recht interessanten Ersatz f\u00fcr Zigaretten dar.<\/p>\n<h2><strong>Die Verwendung von Zuckerwurzeln<\/strong><\/h2>\n<p>Die Lakritzstange ist leicht zu transportieren und wird am h\u00e4ufigsten gekaut. Sie ist auch als Tee sehr bekannt und eine wertvolle Zutat f\u00fcr die Zubereitung von Sirup.<\/p>\n<h3><strong>Lakritze in der K\u00fcche\u00a0<\/strong><\/h3>\n<ul>\n<li>Sie wird Ihre Cremedesserts wunderbar parf\u00fcmieren.<\/li>\n<li>Als Gew\u00fcrz vers\u00fc\u00dft es Ihre Gerichte oder verleiht ihnen eine salzig-s\u00fc\u00dfe Note.<\/li>\n<li>Sie ist auch f\u00fcr die Zubereitung von Erfrischungsgetr\u00e4nken bekannt.<\/li>\n<li>Hier ist ein Rezept mit einem ganz besonderen Geschmack, das Ihnen in Zeiten von M\u00fcdigkeit oder K\u00e4lte sehr gut tun wird.<\/li>\n<\/ul>\n<h3><strong>Kr\u00e4utertee Ingwer Lakritze<\/strong><\/h3>\n<p><strong>Zutaten :<\/strong><\/p>\n<p>- Ein halber L\u00f6ffel\u00a0<strong>Ingwerpulver (interner Link Ingwerpulver)<\/strong><\/p>\n<p>- 4 kleine\u00a0<strong>Lakritzstangen<\/strong><\/p>\n<p><strong>- Akazienhonig (interner Link Akazienhonig)<\/strong><\/p>\n<p><strong>Vorbereitung :<\/strong><\/p>\n<ol>\n<li>1 Liter Wasser zum Kochen bringen.<\/li>\n<li>Gie\u00dfen <strong><a href=\"https:\/\/www.safinel.fr\/de\/product-2\/ingwer\/\">Ingwerpulver<\/a><\/strong><\/li>\n<li>Die Mischung auf 4 Teegl\u00e4ser verteilen.<\/li>\n<li>Geben Sie in jedes Glas eine kleine Lakritzstange.<\/li>\n<li>Ziehen lassen und dann einen Essl\u00f6ffel <a href=\"https:\/\/www.safinel.fr\/de\/product-2\/tannenhonig\/\"><strong>Tannenhonig<\/strong><\/a>.<\/li>\n<li>Und wenn Sie den Geschmack von Lakritze mit anderen Pflanzen verbinden und ihre Vorteile in Ihren Kr\u00e4utertees vervielfachen m\u00f6chten, finden Sie hier einige Seiten, die Sie interessieren k\u00f6nnten.<\/li>\n<\/ol>\n<h3><strong>Kontraindikationen f\u00fcr Lakritzstangen\u00a0<\/strong><\/h3>\n<ul>\n<li>Seien Sie dennoch vorsichtig, denn Lakritze kann in zu hohen Dosen giftig werden.<\/li>\n<li>Sie ist auch w\u00e4hrend der Schwangerschaft oder Stillzeit sowie bei Bluthochdruck kontraindiziert.<\/li>\n<\/ul>","protected":false},"excerpt":{"rendered":"<p>Lakritze ist eine Pflanze, deren Name oft Kindheitserinnerungen hervorruft. Sie ist im Bereich der Naturheilkunde anerkannt, da sie zahlreiche therapeutische Eigenschaften besitzt. Die Pflanze ist zwischen 1 m und 1,5 m hoch und stammt aus S\u00fcdeuropa und Westasien. Man findet sie vor allem [...].","protected":false},"featured_media":2838,"template":"","meta":[],"product_brand":[],"product_cat":[28,27],"product_tag":[],"class_list":{"0":"post-2837","1":"product","2":"type-product","3":"status-publish","4":"has-post-thumbnail","6":"product_cat-divers","7":"product_cat-plantes-medicinales","9":"first","10":"instock","11":"shipping-taxable","12":"purchasable","13":"product-type-variable"},"yoast_head":"<!-- This site is optimized with the Yoast SEO plugin v26.6 - https:\/\/yoast.com\/wordpress\/plugins\/seo\/ -->\n<title>B\u00e2tons de r\u00e9glisse bio I Bienfaits nombreux I Racines sucr\u00e9es<\/title>\n<meta name=\"description\" content=\"La r\u00e9glisse\u00a0est une plante dont le nom \u00e9voque bien souvent des souvenirs d\u2019enfance. Ici, d\u00e9couvrez notre s\u00e9lection de b\u00e2tons de r\u00e9glisse\u00a0bio.\" \/>\n<meta name=\"robots\" content=\"index, follow, max-snippet:-1, max-image-preview:large, max-video-preview:-1\" \/>\n<link rel=\"canonical\" href=\"https:\/\/www.safinel.fr\/de\/product-2\/reglisseursstabe\/\" \/>\n<meta property=\"og:locale\" content=\"de_DE\" \/>\n<meta property=\"og:type\" content=\"article\" \/>\n<meta property=\"og:title\" content=\"B\u00e2tons de r\u00e9glisse bio I Bienfaits nombreux I Racines sucr\u00e9es\" \/>\n<meta property=\"og:description\" content=\"La r\u00e9glisse\u00a0est une plante dont le nom \u00e9voque bien souvent des souvenirs d\u2019enfance. Ici, d\u00e9couvrez notre s\u00e9lection de b\u00e2tons de r\u00e9glisse\u00a0bio.\" \/>\n<meta property=\"og:url\" content=\"https:\/\/www.safinel.fr\/de\/product-2\/reglisseursstabe\/\" \/>\n<meta property=\"og:site_name\" content=\"Safinel\" \/>\n<meta property=\"article:modified_time\" content=\"2023-12-30T12:28:43+00:00\" \/>\n<meta property=\"og:image\" content=\"https:\/\/www.safinel.fr\/wp-content\/uploads\/2022\/09\/batons-de-reglisse.jpg\" \/>\n\t<meta property=\"og:image:width\" content=\"600\" \/>\n\t<meta property=\"og:image:height\" content=\"600\" \/>\n\t<meta property=\"og:image:type\" content=\"image\/jpeg\" \/>\n<meta name=\"twitter:card\" content=\"summary_large_image\" \/>\n<meta name=\"twitter:label1\" content=\"Gesch\u00e4tzte Lesezeit\" \/>\n\t<meta name=\"twitter:data1\" content=\"3\u00a0Minuten\" \/>\n<script type=\"application\/ld+json\" class=\"yoast-schema-graph\">{\"@context\":\"https:\/\/schema.org\",\"@graph\":[{\"@type\":\"WebPage\",\"@id\":\"https:\/\/www.safinel.fr\/produit\/batons-de-reglisse\/\",\"url\":\"https:\/\/www.safinel.fr\/produit\/batons-de-reglisse\/\",\"name\":\"B\u00e2tons de r\u00e9glisse bio I Bienfaits nombreux I Racines sucr\u00e9es\",\"isPartOf\":{\"@id\":\"https:\/\/www.safinel.fr\/#website\"},\"primaryImageOfPage\":{\"@id\":\"https:\/\/www.safinel.fr\/produit\/batons-de-reglisse\/#primaryimage\"},\"image\":{\"@id\":\"https:\/\/www.safinel.fr\/produit\/batons-de-reglisse\/#primaryimage\"},\"thumbnailUrl\":\"https:\/\/www.safinel.fr\/wp-content\/uploads\/2022\/09\/batons-de-reglisse.jpg\",\"datePublished\":\"2022-09-20T15:58:15+00:00\",\"dateModified\":\"2023-12-30T12:28:43+00:00\",\"description\":\"La r\u00e9glisse\u00a0est une plante dont le nom \u00e9voque bien souvent des souvenirs d\u2019enfance. Ici, d\u00e9couvrez notre s\u00e9lection de b\u00e2tons de r\u00e9glisse\u00a0bio.\",\"breadcrumb\":{\"@id\":\"https:\/\/www.safinel.fr\/produit\/batons-de-reglisse\/#breadcrumb\"},\"inLanguage\":\"de\",\"potentialAction\":[{\"@type\":\"ReadAction\",\"target\":[\"https:\/\/www.safinel.fr\/produit\/batons-de-reglisse\/\"]}]},{\"@type\":\"ImageObject\",\"inLanguage\":\"de\",\"@id\":\"https:\/\/www.safinel.fr\/produit\/batons-de-reglisse\/#primaryimage\",\"url\":\"https:\/\/www.safinel.fr\/wp-content\/uploads\/2022\/09\/batons-de-reglisse.jpg\",\"contentUrl\":\"https:\/\/www.safinel.fr\/wp-content\/uploads\/2022\/09\/batons-de-reglisse.jpg\",\"width\":600,\"height\":600,\"caption\":\"B\u00e2tons de r\u00e9glisse bio\"},{\"@type\":\"BreadcrumbList\",\"@id\":\"https:\/\/www.safinel.fr\/produit\/batons-de-reglisse\/#breadcrumb\",\"itemListElement\":[{\"@type\":\"ListItem\",\"position\":1,\"name\":\"Accueil\",\"item\":\"https:\/\/www.safinel.fr\/\"},{\"@type\":\"ListItem\",\"position\":2,\"name\":\"Boutique\",\"item\":\"https:\/\/www.safinel.fr\/boutique\/\"},{\"@type\":\"ListItem\",\"position\":3,\"name\":\"B\u00e2tons de r\u00e9glisse bio\"}]},{\"@type\":\"WebSite\",\"@id\":\"https:\/\/www.safinel.fr\/#website\",\"url\":\"https:\/\/www.safinel.fr\/\",\"name\":\"Safinel\",\"description\":\"\",\"publisher\":{\"@id\":\"https:\/\/www.safinel.fr\/#organization\"},\"potentialAction\":[{\"@type\":\"SearchAction\",\"target\":{\"@type\":\"EntryPoint\",\"urlTemplate\":\"https:\/\/www.safinel.fr\/?s={search_term_string}\"},\"query-input\":{\"@type\":\"PropertyValueSpecification\",\"valueRequired\":true,\"valueName\":\"search_term_string\"}}],\"inLanguage\":\"de\"},{\"@type\":\"Organization\",\"@id\":\"https:\/\/www.safinel.fr\/#organization\",\"name\":\"Safinel\",\"url\":\"https:\/\/www.safinel.fr\/\",\"logo\":{\"@type\":\"ImageObject\",\"inLanguage\":\"de\",\"@id\":\"https:\/\/www.safinel.fr\/#\/schema\/logo\/image\/\",\"url\":\"https:\/\/www.safinel.fr\/wp-content\/uploads\/2021\/05\/boutique-cosmetique.png\",\"contentUrl\":\"https:\/\/www.safinel.fr\/wp-content\/uploads\/2021\/05\/boutique-cosmetique.png\",\"width\":800,\"height\":200,\"caption\":\"Safinel\"},\"image\":{\"@id\":\"https:\/\/www.safinel.fr\/#\/schema\/logo\/image\/\"}}]}<\/script>\n<!-- \/ Yoast SEO plugin. -->","yoast_head_json":{"title":"Bio-Lakritzstangen I Zahlreiche Vorteile I S\u00fc\u00dfe Wurzeln","description":"Lakritz ist eine Pflanze, deren Name sehr oft Kindheitserinnerungen hervorruft. Hier finden Sie unsere Auswahl an Bio-Lakritzstangen.","robots":{"index":"index","follow":"follow","max-snippet":"max-snippet:-1","max-image-preview":"max-image-preview:large","max-video-preview":"max-video-preview:-1"},"canonical":"https:\/\/www.safinel.fr\/de\/product-2\/reglisseursstabe\/","og_locale":"de_DE","og_type":"article","og_title":"B\u00e2tons de r\u00e9glisse bio I Bienfaits nombreux I Racines sucr\u00e9es","og_description":"La r\u00e9glisse\u00a0est une plante dont le nom \u00e9voque bien souvent des souvenirs d\u2019enfance. Ici, d\u00e9couvrez notre s\u00e9lection de b\u00e2tons de r\u00e9glisse\u00a0bio.","og_url":"https:\/\/www.safinel.fr\/de\/product-2\/reglisseursstabe\/","og_site_name":"Safinel","article_modified_time":"2023-12-30T12:28:43+00:00","og_image":[{"width":600,"height":600,"url":"https:\/\/www.safinel.fr\/wp-content\/uploads\/2022\/09\/batons-de-reglisse.jpg","type":"image\/jpeg"}],"twitter_card":"summary_large_image","twitter_misc":{"Gesch\u00e4tzte Lesezeit":"3\u00a0Minuten"},"schema":{"@context":"https:\/\/schema.org","@graph":[{"@type":"WebPage","@id":"https:\/\/www.safinel.fr\/produit\/batons-de-reglisse\/","url":"https:\/\/www.safinel.fr\/produit\/batons-de-reglisse\/","name":"Bio-Lakritzstangen I Zahlreiche Vorteile I S\u00fc\u00dfe Wurzeln","isPartOf":{"@id":"https:\/\/www.safinel.fr\/#website"},"primaryImageOfPage":{"@id":"https:\/\/www.safinel.fr\/produit\/batons-de-reglisse\/#primaryimage"},"image":{"@id":"https:\/\/www.safinel.fr\/produit\/batons-de-reglisse\/#primaryimage"},"thumbnailUrl":"https:\/\/www.safinel.fr\/wp-content\/uploads\/2022\/09\/batons-de-reglisse.jpg","datePublished":"2022-09-20T15:58:15+00:00","dateModified":"2023-12-30T12:28:43+00:00","description":"Lakritz ist eine Pflanze, deren Name sehr oft Kindheitserinnerungen hervorruft. Hier finden Sie unsere Auswahl an Bio-Lakritzstangen.","breadcrumb":{"@id":"https:\/\/www.safinel.fr\/produit\/batons-de-reglisse\/#breadcrumb"},"inLanguage":"de","potentialAction":[{"@type":"ReadAction","target":["https:\/\/www.safinel.fr\/produit\/batons-de-reglisse\/"]}]},{"@type":"ImageObject","inLanguage":"de","@id":"https:\/\/www.safinel.fr\/produit\/batons-de-reglisse\/#primaryimage","url":"https:\/\/www.safinel.fr\/wp-content\/uploads\/2022\/09\/batons-de-reglisse.jpg","contentUrl":"https:\/\/www.safinel.fr\/wp-content\/uploads\/2022\/09\/batons-de-reglisse.jpg","width":600,"height":600,"caption":"B\u00e2tons de r\u00e9glisse bio"},{"@type":"BreadcrumbList","@id":"https:\/\/www.safinel.fr\/produit\/batons-de-reglisse\/#breadcrumb","itemListElement":[{"@type":"ListItem","position":1,"name":"Accueil","item":"https:\/\/www.safinel.fr\/"},{"@type":"ListItem","position":2,"name":"Boutique","item":"https:\/\/www.safinel.fr\/boutique\/"},{"@type":"ListItem","position":3,"name":"B\u00e2tons de r\u00e9glisse bio"}]},{"@type":"WebSite","@id":"https:\/\/www.safinel.fr\/#website","url":"https:\/\/www.safinel.fr\/","name":"Safinel","description":"","publisher":{"@id":"https:\/\/www.safinel.fr\/#organization"},"potentialAction":[{"@type":"SearchAction","target":{"@type":"EntryPoint","urlTemplate":"https:\/\/www.safinel.fr\/?s={search_term_string}"},"query-input":{"@type":"PropertyValueSpecification","valueRequired":true,"valueName":"search_term_string"}}],"inLanguage":"de"},{"@type":"Organization","@id":"https:\/\/www.safinel.fr\/#organization","name":"Safinel","url":"https:\/\/www.safinel.fr\/","logo":{"@type":"ImageObject","inLanguage":"de","@id":"https:\/\/www.safinel.fr\/#\/schema\/logo\/image\/","url":"https:\/\/www.safinel.fr\/wp-content\/uploads\/2021\/05\/boutique-cosmetique.png","contentUrl":"https:\/\/www.safinel.fr\/wp-content\/uploads\/2021\/05\/boutique-cosmetique.png","width":800,"height":200,"caption":"Safinel"},"image":{"@id":"https:\/\/www.safinel.fr\/#\/schema\/logo\/image\/"}}]}},"_links":{"self":[{"href":"https:\/\/www.safinel.fr\/de\/wp-json\/wp\/v2\/product\/2837","targetHints":{"allow":["GET"]}}],"collection":[{"href":"https:\/\/www.safinel.fr\/de\/wp-json\/wp\/v2\/product"}],"about":[{"href":"https:\/\/www.safinel.fr\/de\/wp-json\/wp\/v2\/types\/product"}],"wp:featuredmedia":[{"embeddable":true,"href":"https:\/\/www.safinel.fr\/de\/wp-json\/wp\/v2\/media\/2838"}],"wp:attachment":[{"href":"https:\/\/www.safinel.fr\/de\/wp-json\/wp\/v2\/media?parent=2837"}],"wp:term":[{"taxonomy":"product_brand","embeddable":true,"href":"https:\/\/www.safinel.fr\/de\/wp-json\/wp\/v2\/product_brand?post=2837"},{"taxonomy":"product_cat","embeddable":true,"href":"https:\/\/www.safinel.fr\/de\/wp-json\/wp\/v2\/product_cat?post=2837"},{"taxonomy":"product_tag","embeddable":true,"href":"https:\/\/www.safinel.fr\/de\/wp-json\/wp\/v2\/product_tag?post=2837"}],"curies":[{"name":"wp","href":"https:\/\/api.w.org\/{rel}","templated":true}]}}