{"id":270,"date":"2021-07-24T18:58:59","date_gmt":"2021-07-24T18:58:59","guid":{"rendered":"https:\/\/www.safinel.fr\/?post_type=product&#038;p=270"},"modified":"2023-12-30T13:53:20","modified_gmt":"2023-12-30T13:53:20","slug":"festes-shampoo-mit-kaffee-und-kakaobutter-65g-volumen-glanz","status":"publish","type":"product","link":"https:\/\/www.safinel.fr\/de\/product-2\/festes-shampoo-mit-kaffee-und-kakaobutter-65g-volumen-glanz\/","title":{"rendered":"Festes Shampoo mit Kaffee und Kakaobutter 65g (Volumen &amp; Glanz)"},"content":{"rendered":"<p>Weil Br\u00fcnette nichts z\u00e4hlen, haben wir das richtige Shampoo f\u00fcr Sie! Bei D\u00e9odorant Naturel ist unsere Kategorie von <b>feste Shampoos <\/b>ist sehr vielf\u00e4ltig.<span class=\"Apple-converted-space\">\u00a0<\/span>Machen Sie sich auf den Weg zum <b>festes Shampoo mit Kaffee und Kakaobutter<\/b>. Der Verb\u00fcndete f\u00fcr dunkles Haar, f\u00fcr einen Glanz, wie Sie ihn noch nie erlebt haben!<span class=\"Apple-converted-space\">\u00a0<\/span><\/p>\n<h3><b>Das feste Shampoo mit Kaffee und Kakaobutter: eine genussvolle und zugleich geniale Zusammensetzung<span class=\"Apple-converted-space\">\u00a0<\/span><\/b><\/h3>\n<p>Dieses feste Shampoo kommt in Form eines harten Seifenkiesels daher - nicht mehr und nicht weniger. Seine Inhaltsstoffe wurden sorgf\u00e4ltig ausgew\u00e4hlt und sind nat\u00fcrlich alle nat\u00fcrlich! Da wir gerne wissen, was wir auf unser Haar auftragen, bietet Ihnen dieses Shampoo die Garantie f\u00fcr eine gesunde Zusammensetzung!<span class=\"Apple-converted-space\">\u00a0<\/span><\/p>\n<p>Warum sollten Sie sich f\u00fcr unser festes Shampoo mit Kaffee und Kakaobutter entscheiden? Die Antwort ist viel zu lang, um in diesen Artikel zu passen. Also kurz und knapp: Weil es nat\u00fcrlich toll ist!<span class=\"Apple-converted-space\">\u00a0<\/span><\/p>\n<p>Zun\u00e4chst einmal ist er sehr kosteng\u00fcnstig. Ein <b>festes Brot<\/b> dieser Gr\u00f6\u00dfe entspricht etwa 80 bis 100 Waschg\u00e4ngen. Das entspricht 3 Flaschen mit 250 g fl\u00fcssigem Shampoo! Au\u00dferdem ist es umweltfreundlich und gesund f\u00fcr Sie und die Umwelt. Ein Null-Abfall-Ansatz, der gut tut!<span class=\"Apple-converted-space\">\u00a0<\/span><\/p>\n<h3><b>Alle Vorteile Ihres festen Shampoos mit Kaffee und Kakaobutter<span class=\"Apple-converted-space\">\u00a0<\/span><\/b><\/h3>\n<p>Dieser harte Shampoo-Kiesel wurde speziell f\u00fcr braunes bis dunkles Haar entwickelt:<span class=\"Apple-converted-space\">\u00a0<\/span><\/p>\n<ul>\n<li>Es wird feinem und plattem Haar Volumen verleihen ;<span class=\"Apple-converted-space\">\u00a0<\/span><\/li>\n<li>Dieses feste Shampoo macht das Haar weich und gl\u00e4nzend ;<span class=\"Apple-converted-space\">\u00a0<\/span><\/li>\n<li>Es reinigt die Kopfhaut ;<span class=\"Apple-converted-space\">\u00a0<\/span><\/li>\n<li>Es ist eine echte Haarpflege, die stumpfem Haar Leben einhaucht.<span class=\"Apple-converted-space\">\u00a0<\/span><\/li>\n<\/ul>\n<p>Und das alles nat\u00fcrlich mit dem herrlichen Gourmetduft dieser 100% Naturkosmetik!<span class=\"Apple-converted-space\">\u00a0<\/span><\/p>\n<h3><b>Wie verwende ich dieses feste nat\u00fcrliche Shampoo?<span class=\"Apple-converted-space\">\u00a0<\/span><\/b><\/h3>\n<p>Nichts ist einfacher als das! Sch\u00e4umen Sie Ihr Shampoo einfach mit Wasser zwischen Ihren H\u00e4nden auf. Verwenden Sie den Schaum dann, um Ihr Haar vom Ansatz bis in die Spitzen zu reinigen. Anschlie\u00dfend sp\u00fclen Sie das Haar einfach mit lauwarmem Wasser aus.<span class=\"Apple-converted-space\">\u00a0<\/span><\/p>\n<p>Zur Abwechslung zwischendurch k\u00f6nnen Sie sich auch f\u00fcr das leckere <b><a href=\"https:\/\/www.deodorant-naturel.com\/produit\/shampoing-solide-noix-de-coco-nourrissant-cheveux-sec-abime-65g\/\">festes Kokosnuss-Shampoo<\/a> !<span class=\"Apple-converted-space\">\u00a0<\/span><\/b><\/p>\n<h3><b>Aufbewahrung<span class=\"Apple-converted-space\">\u00a0<\/span><\/b><\/h3>\n<p>Achten Sie darauf, dass Sie Ihr nat\u00fcrliches Zero-Waste-Shampoo zwischen den Anwendungen gut trocknen lassen.<\/p>","protected":false},"excerpt":{"rendered":"<p>Verleiht dem Haar Volumen und Glanz und kl\u00e4rt die Kopfhaut.<\/p>\n<p>\u26a0\ufe0f <strong>Effekte nur bei braunem Haar<\/strong>\u00a0\u26a0\ufe0f<\/p>","protected":false},"featured_media":305,"template":"","meta":[],"product_brand":[],"product_cat":[34,36],"product_tag":[],"class_list":{"0":"post-270","1":"product","2":"type-product","3":"status-publish","4":"has-post-thumbnail","6":"product_cat-hygiene","7":"product_cat-shampoing-solide","9":"first","10":"outofstock","11":"shipping-taxable","12":"purchasable","13":"product-type-simple"},"yoast_head":"<!-- This site is optimized with the Yoast SEO plugin v26.6 - https:\/\/yoast.com\/wordpress\/plugins\/seo\/ -->\n<title>Shampoing solide au caf\u00e9 et beurre de cacao 65g (Volume &amp; Brillance) - Safinel<\/title>\n<meta name=\"robots\" content=\"index, follow, max-snippet:-1, max-image-preview:large, max-video-preview:-1\" \/>\n<link rel=\"canonical\" href=\"https:\/\/www.safinel.fr\/de\/product-2\/festes-shampoo-mit-kaffee-und-kakaobutter-65g-volumen-glanz\/\" \/>\n<meta property=\"og:locale\" content=\"de_DE\" \/>\n<meta property=\"og:type\" content=\"article\" \/>\n<meta property=\"og:title\" content=\"Shampoing solide au caf\u00e9 et beurre de cacao 65g (Volume &amp; Brillance) - Safinel\" \/>\n<meta property=\"og:description\" content=\"Donne du volume et de la brillance \u00e0 vos cheveux, et assainit le cuir chevelu.  \u26a0\ufe0f Effets uniquement sur les cheveux bruns\u00a0\u26a0\ufe0f\" \/>\n<meta property=\"og:url\" content=\"https:\/\/www.safinel.fr\/de\/product-2\/festes-shampoo-mit-kaffee-und-kakaobutter-65g-volumen-glanz\/\" \/>\n<meta property=\"og:site_name\" content=\"Safinel\" \/>\n<meta property=\"article:modified_time\" content=\"2023-12-30T13:53:20+00:00\" \/>\n<meta property=\"og:image\" content=\"https:\/\/www.safinel.fr\/wp-content\/uploads\/2021\/07\/barre-de-shampooing-eclaircissante-au-ca_description-3pt.jpg\" \/>\n\t<meta property=\"og:image:width\" content=\"653\" \/>\n\t<meta property=\"og:image:height\" content=\"591\" \/>\n\t<meta property=\"og:image:type\" content=\"image\/jpeg\" \/>\n<meta name=\"twitter:card\" content=\"summary_large_image\" \/>\n<meta name=\"twitter:label1\" content=\"Gesch\u00e4tzte Lesezeit\" \/>\n\t<meta name=\"twitter:data1\" content=\"2\u00a0Minuten\" \/>\n<script type=\"application\/ld+json\" class=\"yoast-schema-graph\">{\"@context\":\"https:\/\/schema.org\",\"@graph\":[{\"@type\":\"WebPage\",\"@id\":\"https:\/\/www.safinel.fr\/produit\/shampoing-solide-au-cafe-et-beurre-de-cacao-65g-volume-brillance\/\",\"url\":\"https:\/\/www.safinel.fr\/produit\/shampoing-solide-au-cafe-et-beurre-de-cacao-65g-volume-brillance\/\",\"name\":\"Shampoing solide au caf\u00e9 et beurre de cacao 65g (Volume & Brillance) - Safinel\",\"isPartOf\":{\"@id\":\"https:\/\/www.safinel.fr\/#website\"},\"primaryImageOfPage\":{\"@id\":\"https:\/\/www.safinel.fr\/produit\/shampoing-solide-au-cafe-et-beurre-de-cacao-65g-volume-brillance\/#primaryimage\"},\"image\":{\"@id\":\"https:\/\/www.safinel.fr\/produit\/shampoing-solide-au-cafe-et-beurre-de-cacao-65g-volume-brillance\/#primaryimage\"},\"thumbnailUrl\":\"https:\/\/www.safinel.fr\/wp-content\/uploads\/2021\/07\/barre-de-shampooing-eclaircissante-au-ca_description-3pt.jpg\",\"datePublished\":\"2021-07-24T18:58:59+00:00\",\"dateModified\":\"2023-12-30T13:53:20+00:00\",\"breadcrumb\":{\"@id\":\"https:\/\/www.safinel.fr\/produit\/shampoing-solide-au-cafe-et-beurre-de-cacao-65g-volume-brillance\/#breadcrumb\"},\"inLanguage\":\"de\",\"potentialAction\":[{\"@type\":\"ReadAction\",\"target\":[\"https:\/\/www.safinel.fr\/produit\/shampoing-solide-au-cafe-et-beurre-de-cacao-65g-volume-brillance\/\"]}]},{\"@type\":\"ImageObject\",\"inLanguage\":\"de\",\"@id\":\"https:\/\/www.safinel.fr\/produit\/shampoing-solide-au-cafe-et-beurre-de-cacao-65g-volume-brillance\/#primaryimage\",\"url\":\"https:\/\/www.safinel.fr\/wp-content\/uploads\/2021\/07\/barre-de-shampooing-eclaircissante-au-ca_description-3pt.jpg\",\"contentUrl\":\"https:\/\/www.safinel.fr\/wp-content\/uploads\/2021\/07\/barre-de-shampooing-eclaircissante-au-ca_description-3pt.jpg\",\"width\":653,\"height\":591},{\"@type\":\"BreadcrumbList\",\"@id\":\"https:\/\/www.safinel.fr\/produit\/shampoing-solide-au-cafe-et-beurre-de-cacao-65g-volume-brillance\/#breadcrumb\",\"itemListElement\":[{\"@type\":\"ListItem\",\"position\":1,\"name\":\"Accueil\",\"item\":\"https:\/\/www.safinel.fr\/\"},{\"@type\":\"ListItem\",\"position\":2,\"name\":\"Boutique\",\"item\":\"https:\/\/www.safinel.fr\/boutique\/\"},{\"@type\":\"ListItem\",\"position\":3,\"name\":\"Shampoing solide au caf\u00e9 et beurre de cacao 65g (Volume &#038; Brillance)\"}]},{\"@type\":\"WebSite\",\"@id\":\"https:\/\/www.safinel.fr\/#website\",\"url\":\"https:\/\/www.safinel.fr\/\",\"name\":\"Safinel\",\"description\":\"\",\"publisher\":{\"@id\":\"https:\/\/www.safinel.fr\/#organization\"},\"potentialAction\":[{\"@type\":\"SearchAction\",\"target\":{\"@type\":\"EntryPoint\",\"urlTemplate\":\"https:\/\/www.safinel.fr\/?s={search_term_string}\"},\"query-input\":{\"@type\":\"PropertyValueSpecification\",\"valueRequired\":true,\"valueName\":\"search_term_string\"}}],\"inLanguage\":\"de\"},{\"@type\":\"Organization\",\"@id\":\"https:\/\/www.safinel.fr\/#organization\",\"name\":\"Safinel\",\"url\":\"https:\/\/www.safinel.fr\/\",\"logo\":{\"@type\":\"ImageObject\",\"inLanguage\":\"de\",\"@id\":\"https:\/\/www.safinel.fr\/#\/schema\/logo\/image\/\",\"url\":\"https:\/\/www.safinel.fr\/wp-content\/uploads\/2021\/05\/boutique-cosmetique.png\",\"contentUrl\":\"https:\/\/www.safinel.fr\/wp-content\/uploads\/2021\/05\/boutique-cosmetique.png\",\"width\":800,\"height\":200,\"caption\":\"Safinel\"},\"image\":{\"@id\":\"https:\/\/www.safinel.fr\/#\/schema\/logo\/image\/\"}}]}<\/script>\n<!-- \/ Yoast SEO plugin. -->","yoast_head_json":{"title":"Festes Shampoo mit Kaffee und Kakaobutter 65g (Volumen &amp; Glanz) - Safinel","robots":{"index":"index","follow":"follow","max-snippet":"max-snippet:-1","max-image-preview":"max-image-preview:large","max-video-preview":"max-video-preview:-1"},"canonical":"https:\/\/www.safinel.fr\/de\/product-2\/festes-shampoo-mit-kaffee-und-kakaobutter-65g-volumen-glanz\/","og_locale":"de_DE","og_type":"article","og_title":"Shampoing solide au caf\u00e9 et beurre de cacao 65g (Volume & Brillance) - Safinel","og_description":"Donne du volume et de la brillance \u00e0 vos cheveux, et assainit le cuir chevelu.  \u26a0\ufe0f Effets uniquement sur les cheveux bruns\u00a0\u26a0\ufe0f","og_url":"https:\/\/www.safinel.fr\/de\/product-2\/festes-shampoo-mit-kaffee-und-kakaobutter-65g-volumen-glanz\/","og_site_name":"Safinel","article_modified_time":"2023-12-30T13:53:20+00:00","og_image":[{"width":653,"height":591,"url":"https:\/\/www.safinel.fr\/wp-content\/uploads\/2021\/07\/barre-de-shampooing-eclaircissante-au-ca_description-3pt.jpg","type":"image\/jpeg"}],"twitter_card":"summary_large_image","twitter_misc":{"Gesch\u00e4tzte Lesezeit":"2\u00a0Minuten"},"schema":{"@context":"https:\/\/schema.org","@graph":[{"@type":"WebPage","@id":"https:\/\/www.safinel.fr\/produit\/shampoing-solide-au-cafe-et-beurre-de-cacao-65g-volume-brillance\/","url":"https:\/\/www.safinel.fr\/produit\/shampoing-solide-au-cafe-et-beurre-de-cacao-65g-volume-brillance\/","name":"Festes Shampoo mit Kaffee und Kakaobutter 65g (Volumen &amp; Glanz) - Safinel","isPartOf":{"@id":"https:\/\/www.safinel.fr\/#website"},"primaryImageOfPage":{"@id":"https:\/\/www.safinel.fr\/produit\/shampoing-solide-au-cafe-et-beurre-de-cacao-65g-volume-brillance\/#primaryimage"},"image":{"@id":"https:\/\/www.safinel.fr\/produit\/shampoing-solide-au-cafe-et-beurre-de-cacao-65g-volume-brillance\/#primaryimage"},"thumbnailUrl":"https:\/\/www.safinel.fr\/wp-content\/uploads\/2021\/07\/barre-de-shampooing-eclaircissante-au-ca_description-3pt.jpg","datePublished":"2021-07-24T18:58:59+00:00","dateModified":"2023-12-30T13:53:20+00:00","breadcrumb":{"@id":"https:\/\/www.safinel.fr\/produit\/shampoing-solide-au-cafe-et-beurre-de-cacao-65g-volume-brillance\/#breadcrumb"},"inLanguage":"de","potentialAction":[{"@type":"ReadAction","target":["https:\/\/www.safinel.fr\/produit\/shampoing-solide-au-cafe-et-beurre-de-cacao-65g-volume-brillance\/"]}]},{"@type":"ImageObject","inLanguage":"de","@id":"https:\/\/www.safinel.fr\/produit\/shampoing-solide-au-cafe-et-beurre-de-cacao-65g-volume-brillance\/#primaryimage","url":"https:\/\/www.safinel.fr\/wp-content\/uploads\/2021\/07\/barre-de-shampooing-eclaircissante-au-ca_description-3pt.jpg","contentUrl":"https:\/\/www.safinel.fr\/wp-content\/uploads\/2021\/07\/barre-de-shampooing-eclaircissante-au-ca_description-3pt.jpg","width":653,"height":591},{"@type":"BreadcrumbList","@id":"https:\/\/www.safinel.fr\/produit\/shampoing-solide-au-cafe-et-beurre-de-cacao-65g-volume-brillance\/#breadcrumb","itemListElement":[{"@type":"ListItem","position":1,"name":"Accueil","item":"https:\/\/www.safinel.fr\/"},{"@type":"ListItem","position":2,"name":"Boutique","item":"https:\/\/www.safinel.fr\/boutique\/"},{"@type":"ListItem","position":3,"name":"Shampoing solide au caf\u00e9 et beurre de cacao 65g (Volume &#038; Brillance)"}]},{"@type":"WebSite","@id":"https:\/\/www.safinel.fr\/#website","url":"https:\/\/www.safinel.fr\/","name":"Safinel","description":"","publisher":{"@id":"https:\/\/www.safinel.fr\/#organization"},"potentialAction":[{"@type":"SearchAction","target":{"@type":"EntryPoint","urlTemplate":"https:\/\/www.safinel.fr\/?s={search_term_string}"},"query-input":{"@type":"PropertyValueSpecification","valueRequired":true,"valueName":"search_term_string"}}],"inLanguage":"de"},{"@type":"Organization","@id":"https:\/\/www.safinel.fr\/#organization","name":"Safinel","url":"https:\/\/www.safinel.fr\/","logo":{"@type":"ImageObject","inLanguage":"de","@id":"https:\/\/www.safinel.fr\/#\/schema\/logo\/image\/","url":"https:\/\/www.safinel.fr\/wp-content\/uploads\/2021\/05\/boutique-cosmetique.png","contentUrl":"https:\/\/www.safinel.fr\/wp-content\/uploads\/2021\/05\/boutique-cosmetique.png","width":800,"height":200,"caption":"Safinel"},"image":{"@id":"https:\/\/www.safinel.fr\/#\/schema\/logo\/image\/"}}]}},"_links":{"self":[{"href":"https:\/\/www.safinel.fr\/de\/wp-json\/wp\/v2\/product\/270","targetHints":{"allow":["GET"]}}],"collection":[{"href":"https:\/\/www.safinel.fr\/de\/wp-json\/wp\/v2\/product"}],"about":[{"href":"https:\/\/www.safinel.fr\/de\/wp-json\/wp\/v2\/types\/product"}],"wp:featuredmedia":[{"embeddable":true,"href":"https:\/\/www.safinel.fr\/de\/wp-json\/wp\/v2\/media\/305"}],"wp:attachment":[{"href":"https:\/\/www.safinel.fr\/de\/wp-json\/wp\/v2\/media?parent=270"}],"wp:term":[{"taxonomy":"product_brand","embeddable":true,"href":"https:\/\/www.safinel.fr\/de\/wp-json\/wp\/v2\/product_brand?post=270"},{"taxonomy":"product_cat","embeddable":true,"href":"https:\/\/www.safinel.fr\/de\/wp-json\/wp\/v2\/product_cat?post=270"},{"taxonomy":"product_tag","embeddable":true,"href":"https:\/\/www.safinel.fr\/de\/wp-json\/wp\/v2\/product_tag?post=270"}],"curies":[{"name":"wp","href":"https:\/\/api.w.org\/{rel}","templated":true}]}}