{"id":269,"date":"2021-07-24T18:58:59","date_gmt":"2021-07-24T18:58:59","guid":{"rendered":"https:\/\/www.safinel.fr\/?post_type=product&#038;p=269"},"modified":"2024-01-01T18:13:41","modified_gmt":"2024-01-01T18:13:41","slug":"festes-nahrendes-shampoo-mit-darganol-und-hanfol-65g","status":"publish","type":"product","link":"https:\/\/www.safinel.fr\/de\/product-2\/festes-nahrendes-shampoo-mit-darganol-und-hanfol-65g\/","title":{"rendered":"Argan\u00f6l und Hanf\u00f6l n\u00e4hrendes festes Shampoo 65g"},"content":{"rendered":"<p>Dieser kleine Kieselstein ist ein echtes Must-have f\u00fcr die Pflege Ihrer Haare. Und doch wissen viele von Ihnen noch nicht, dass es ihn gibt! Lassen Sie sich nicht von seiner geringen Gr\u00f6\u00dfe t\u00e4uschen, der <b>festes nat\u00fcrliches Shampoo<\/b> hat mehr Vorteile, als Sie vielleicht denken. Fokus auf Ihren neuen Sch\u00f6nheitsverb\u00fcndeten, den <b>nat\u00fcrliches festes Shampoo mit n\u00e4hrendem \u00d6l<\/b>\u2019<b>d-\u00d6l<\/b>\u2019<b>argan und<\/b>\u2019<b>Hanf\u00f6l.<\/b><\/p>\n<h3><b>Das nat\u00fcrliche n\u00e4hrende Shampoo: Die Kraft feuchtigkeitsspendender \u00d6le<\/b><\/h3>\n<p>Sobald man sich f\u00fcr den <b>festes Shampoo<\/b>, Man kann sich nicht von ihm trennen! Das n\u00e4hrende feste Shampoo mit Argan\u00f6l und Hanf\u00f6l wird viele begeistern. <b>L<\/b>\u2019<b>d-\u00d6l<\/b>\u2019<b>argan<\/b> wird Ihr Haar tiefgreifend n\u00e4hren. Was ist mit <b>l<\/b>\u2019<b>Hanf\u00f6l, <\/b>sie ist daf\u00fcr bekannt, der Haarfaser Geschmeidigkeit und Elastizit\u00e4t zu verleihen. Eine Kombination, die Ihrem Haar Geschmeidigkeit und Glanz verleiht.<span class=\"Apple-converted-space\">\u00a0<\/span><\/p>\n<p>Dieses feste Shampoo ist ein echtes kleines Wundermittel!<span class=\"Apple-converted-space\">\u00a0<\/span><\/p>\n<p><b>Zutaten :<\/b> <i>Sodium Cocoa Sulfate, nat\u00fcrliche biologische Kakaobutter, <\/i><a href=\"https:\/\/www.amlou.fr\/produit\/huile-dolive-bio\/\" target=\"_blank\" rel=\"noopener\"><b><i>natives Oliven\u00f6l extra<\/i><\/b><\/a><i>, d-\u00d6l<\/i>\u2019<i>Argan aus biologischem Anbau, Hanfsamen\u00f6l aus biologischem Anbau, Glimmer<\/i><\/p>\n<h3><b>Was sind die Vorteile des n\u00e4hrenden festen Shampoos mit Argan\u00f6l?<\/b><\/h3>\n<p>Eine so kleine Seife mit so vielen Eigenschaften - ist das \u00fcberhaupt m\u00f6glich? Nun ja, diese <b>nat\u00fcrliche n\u00e4hrende Haarkosmetik<\/b> wird Ihnen den Mund offen stehen lassen. Dieses nat\u00fcrliche Shampoo st\u00e4rkt nicht nur das Haar, sondern hat noch viele weitere Vorteile:<span class=\"Apple-converted-space\">\u00a0<\/span><\/p>\n<ul>\n<li>Er ist sehr <b>wirtschaftlich<\/b> ! Festes Shampoo kann je nach Marke bis zu drei Flaschen fl\u00fcssigem Shampoo entsprechen ;<\/li>\n<li><b>\u00d6kologisch<\/b> ! Keine Wasserverschwendung, keine Verpackung und somit auch kein Abfall ;<\/li>\n<li>Er ist <b>mit nat\u00fcrlichen Produkten hergestellt<\/b> ;<\/li>\n<li>Dank seiner Gr\u00f6\u00dfe und seines kompakten Formats ist er <b>leicht transportierbar<\/b>. Es besteht vor allem keine Gefahr, dass es untergeht.<\/li>\n<\/ul>\n<p><b>Wie <\/b><b>das feste Shampoo Argan\u00f6l und Hanf verwenden?<\/b><\/p>\n<p>Sie sind mit diesem Format nicht vertraut und fragen sich, wie man festes Shampoo anwendet? Wir verraten es Ihnen!<\/p>\n<p>Sie wird wie eine herk\u00f6mmliche Seife verwendet: Sch\u00e4umen Sie sie einfach in den H\u00e4nden auf und verteilen Sie den Schaum auf Ihrem Haar. Sp\u00fclen Sie es aus und genie\u00dfen Sie es!<span class=\"Apple-converted-space\">\u00a0Entdecken Sie auch den <a href=\"https:\/\/www.deodorant-naturel.com\/produit\/shampoing-solide-nourrissant-a-la-rose-75g\/\"><strong>festes Shampoo mit Rosenwasser<\/strong><\/a>.\u00a0<\/span><\/p>\n<h3><b>Vorsichtsma\u00dfnahmen und Aufbewahrung<\/b><\/h3>\n<p>Lassen Sie Ihre Seife nach jedem Gebrauch trocknen und bewahren Sie sie in einer kleinen Dose auf.<\/p>\n<p>Bei Augenkontakt mit klarem Wasser sp\u00fclen.<\/p>","protected":false},"excerpt":{"rendered":"<p>Dieser kleine Kieselstein ist ein echtes Must-Have f\u00fcr die Pflege Ihrer Haare. Und doch kennen viele von Ihnen ihn noch gar nicht! Lassen Sie sich nicht von seiner geringen Gr\u00f6\u00dfe t\u00e4uschen, denn das nat\u00fcrliche feste Shampoo hat viel mehr Vorteile, als Sie denken. Konzentrieren Sie sich auf Ihren neuen Beauty-Verb\u00fcndeten, das feste Shampoo [\u2026]","protected":false},"featured_media":304,"template":"","meta":[],"product_brand":[],"product_cat":[34,36],"product_tag":[],"class_list":{"0":"post-269","1":"product","2":"type-product","3":"status-publish","4":"has-post-thumbnail","6":"product_cat-hygiene","7":"product_cat-shampoing-solide","9":"first","10":"instock","11":"shipping-taxable","12":"purchasable","13":"product-type-simple"},"yoast_head":"<!-- This site is optimized with the Yoast SEO plugin v26.6 - https:\/\/yoast.com\/wordpress\/plugins\/seo\/ -->\n<title>Shampoing solide nourrissant \u00e0 l&#039;huile d&#039;argan et \u00e0 l&#039;huile de chanvre 65g - Safinel<\/title>\n<meta name=\"robots\" content=\"index, follow, max-snippet:-1, max-image-preview:large, max-video-preview:-1\" \/>\n<link rel=\"canonical\" href=\"https:\/\/www.safinel.fr\/de\/product-2\/festes-nahrendes-shampoo-mit-darganol-und-hanfol-65g\/\" \/>\n<meta property=\"og:locale\" content=\"de_DE\" \/>\n<meta property=\"og:type\" content=\"article\" \/>\n<meta property=\"og:title\" content=\"Shampoing solide nourrissant \u00e0 l&#039;huile d&#039;argan et \u00e0 l&#039;huile de chanvre 65g - Safinel\" \/>\n<meta property=\"og:description\" content=\"Ce petit galet est un v\u00e9ritable must have pour le soin de vos cheveux. Et pourtant, nombreux d\u2019entre vous ne connaissent pas encore son existence !\u00a0Ne vous fiez pas \u00e0 sa petite taille, le shampoing naturel solide poss\u00e8de bien plus d\u2019avantages que vous ne le pensez.\u00a0Focus sur votre nouvel alli\u00e9 de beaut\u00e9, le shampoing solide [...]\" \/>\n<meta property=\"og:url\" content=\"https:\/\/www.safinel.fr\/de\/product-2\/festes-nahrendes-shampoo-mit-darganol-und-hanfol-65g\/\" \/>\n<meta property=\"og:site_name\" content=\"Safinel\" \/>\n<meta property=\"article:modified_time\" content=\"2024-01-01T18:13:41+00:00\" \/>\n<meta property=\"og:image\" content=\"https:\/\/www.safinel.fr\/wp-content\/uploads\/2021\/07\/barre-de-shampooing-eclaircissante-au-ca_description-3pt-600x591-copie.jpg\" \/>\n\t<meta property=\"og:image:width\" content=\"600\" \/>\n\t<meta property=\"og:image:height\" content=\"591\" \/>\n\t<meta property=\"og:image:type\" content=\"image\/jpeg\" \/>\n<meta name=\"twitter:card\" content=\"summary_large_image\" \/>\n<meta name=\"twitter:label1\" content=\"Gesch\u00e4tzte Lesezeit\" \/>\n\t<meta name=\"twitter:data1\" content=\"2\u00a0Minuten\" \/>\n<script type=\"application\/ld+json\" class=\"yoast-schema-graph\">{\"@context\":\"https:\/\/schema.org\",\"@graph\":[{\"@type\":\"WebPage\",\"@id\":\"https:\/\/www.safinel.fr\/produit\/shampoing-solide-nourrissant-a-lhuile-dargan-et-a-lhuile-de-chanvre-65g\/\",\"url\":\"https:\/\/www.safinel.fr\/produit\/shampoing-solide-nourrissant-a-lhuile-dargan-et-a-lhuile-de-chanvre-65g\/\",\"name\":\"Shampoing solide nourrissant \u00e0 l'huile d'argan et \u00e0 l'huile de chanvre 65g - Safinel\",\"isPartOf\":{\"@id\":\"https:\/\/www.safinel.fr\/#website\"},\"primaryImageOfPage\":{\"@id\":\"https:\/\/www.safinel.fr\/produit\/shampoing-solide-nourrissant-a-lhuile-dargan-et-a-lhuile-de-chanvre-65g\/#primaryimage\"},\"image\":{\"@id\":\"https:\/\/www.safinel.fr\/produit\/shampoing-solide-nourrissant-a-lhuile-dargan-et-a-lhuile-de-chanvre-65g\/#primaryimage\"},\"thumbnailUrl\":\"https:\/\/www.safinel.fr\/wp-content\/uploads\/2021\/07\/barre-de-shampooing-eclaircissante-au-ca_description-3pt-600x591-copie.jpg\",\"datePublished\":\"2021-07-24T18:58:59+00:00\",\"dateModified\":\"2024-01-01T18:13:41+00:00\",\"breadcrumb\":{\"@id\":\"https:\/\/www.safinel.fr\/produit\/shampoing-solide-nourrissant-a-lhuile-dargan-et-a-lhuile-de-chanvre-65g\/#breadcrumb\"},\"inLanguage\":\"de\",\"potentialAction\":[{\"@type\":\"ReadAction\",\"target\":[\"https:\/\/www.safinel.fr\/produit\/shampoing-solide-nourrissant-a-lhuile-dargan-et-a-lhuile-de-chanvre-65g\/\"]}]},{\"@type\":\"ImageObject\",\"inLanguage\":\"de\",\"@id\":\"https:\/\/www.safinel.fr\/produit\/shampoing-solide-nourrissant-a-lhuile-dargan-et-a-lhuile-de-chanvre-65g\/#primaryimage\",\"url\":\"https:\/\/www.safinel.fr\/wp-content\/uploads\/2021\/07\/barre-de-shampooing-eclaircissante-au-ca_description-3pt-600x591-copie.jpg\",\"contentUrl\":\"https:\/\/www.safinel.fr\/wp-content\/uploads\/2021\/07\/barre-de-shampooing-eclaircissante-au-ca_description-3pt-600x591-copie.jpg\",\"width\":600,\"height\":591},{\"@type\":\"BreadcrumbList\",\"@id\":\"https:\/\/www.safinel.fr\/produit\/shampoing-solide-nourrissant-a-lhuile-dargan-et-a-lhuile-de-chanvre-65g\/#breadcrumb\",\"itemListElement\":[{\"@type\":\"ListItem\",\"position\":1,\"name\":\"Accueil\",\"item\":\"https:\/\/www.safinel.fr\/\"},{\"@type\":\"ListItem\",\"position\":2,\"name\":\"Boutique\",\"item\":\"https:\/\/www.safinel.fr\/boutique\/\"},{\"@type\":\"ListItem\",\"position\":3,\"name\":\"Shampoing solide nourrissant \u00e0 l&#8217;huile d&#8217;argan et \u00e0 l&#8217;huile de chanvre 65g\"}]},{\"@type\":\"WebSite\",\"@id\":\"https:\/\/www.safinel.fr\/#website\",\"url\":\"https:\/\/www.safinel.fr\/\",\"name\":\"Safinel\",\"description\":\"\",\"publisher\":{\"@id\":\"https:\/\/www.safinel.fr\/#organization\"},\"potentialAction\":[{\"@type\":\"SearchAction\",\"target\":{\"@type\":\"EntryPoint\",\"urlTemplate\":\"https:\/\/www.safinel.fr\/?s={search_term_string}\"},\"query-input\":{\"@type\":\"PropertyValueSpecification\",\"valueRequired\":true,\"valueName\":\"search_term_string\"}}],\"inLanguage\":\"de\"},{\"@type\":\"Organization\",\"@id\":\"https:\/\/www.safinel.fr\/#organization\",\"name\":\"Safinel\",\"url\":\"https:\/\/www.safinel.fr\/\",\"logo\":{\"@type\":\"ImageObject\",\"inLanguage\":\"de\",\"@id\":\"https:\/\/www.safinel.fr\/#\/schema\/logo\/image\/\",\"url\":\"https:\/\/www.safinel.fr\/wp-content\/uploads\/2021\/05\/boutique-cosmetique.png\",\"contentUrl\":\"https:\/\/www.safinel.fr\/wp-content\/uploads\/2021\/05\/boutique-cosmetique.png\",\"width\":800,\"height\":200,\"caption\":\"Safinel\"},\"image\":{\"@id\":\"https:\/\/www.safinel.fr\/#\/schema\/logo\/image\/\"}}]}<\/script>\n<!-- \/ Yoast SEO plugin. -->","yoast_head_json":{"title":"Argan\u00f6l und Hanf\u00f6l n\u00e4hrendes festes Shampoo 65g - Safinel","robots":{"index":"index","follow":"follow","max-snippet":"max-snippet:-1","max-image-preview":"max-image-preview:large","max-video-preview":"max-video-preview:-1"},"canonical":"https:\/\/www.safinel.fr\/de\/product-2\/festes-nahrendes-shampoo-mit-darganol-und-hanfol-65g\/","og_locale":"de_DE","og_type":"article","og_title":"Shampoing solide nourrissant \u00e0 l'huile d'argan et \u00e0 l'huile de chanvre 65g - Safinel","og_description":"Ce petit galet est un v\u00e9ritable must have pour le soin de vos cheveux. Et pourtant, nombreux d\u2019entre vous ne connaissent pas encore son existence !\u00a0Ne vous fiez pas \u00e0 sa petite taille, le shampoing naturel solide poss\u00e8de bien plus d\u2019avantages que vous ne le pensez.\u00a0Focus sur votre nouvel alli\u00e9 de beaut\u00e9, le shampoing solide [...]","og_url":"https:\/\/www.safinel.fr\/de\/product-2\/festes-nahrendes-shampoo-mit-darganol-und-hanfol-65g\/","og_site_name":"Safinel","article_modified_time":"2024-01-01T18:13:41+00:00","og_image":[{"width":600,"height":591,"url":"https:\/\/www.safinel.fr\/wp-content\/uploads\/2021\/07\/barre-de-shampooing-eclaircissante-au-ca_description-3pt-600x591-copie.jpg","type":"image\/jpeg"}],"twitter_card":"summary_large_image","twitter_misc":{"Gesch\u00e4tzte Lesezeit":"2\u00a0Minuten"},"schema":{"@context":"https:\/\/schema.org","@graph":[{"@type":"WebPage","@id":"https:\/\/www.safinel.fr\/produit\/shampoing-solide-nourrissant-a-lhuile-dargan-et-a-lhuile-de-chanvre-65g\/","url":"https:\/\/www.safinel.fr\/produit\/shampoing-solide-nourrissant-a-lhuile-dargan-et-a-lhuile-de-chanvre-65g\/","name":"Argan\u00f6l und Hanf\u00f6l n\u00e4hrendes festes Shampoo 65g - Safinel","isPartOf":{"@id":"https:\/\/www.safinel.fr\/#website"},"primaryImageOfPage":{"@id":"https:\/\/www.safinel.fr\/produit\/shampoing-solide-nourrissant-a-lhuile-dargan-et-a-lhuile-de-chanvre-65g\/#primaryimage"},"image":{"@id":"https:\/\/www.safinel.fr\/produit\/shampoing-solide-nourrissant-a-lhuile-dargan-et-a-lhuile-de-chanvre-65g\/#primaryimage"},"thumbnailUrl":"https:\/\/www.safinel.fr\/wp-content\/uploads\/2021\/07\/barre-de-shampooing-eclaircissante-au-ca_description-3pt-600x591-copie.jpg","datePublished":"2021-07-24T18:58:59+00:00","dateModified":"2024-01-01T18:13:41+00:00","breadcrumb":{"@id":"https:\/\/www.safinel.fr\/produit\/shampoing-solide-nourrissant-a-lhuile-dargan-et-a-lhuile-de-chanvre-65g\/#breadcrumb"},"inLanguage":"de","potentialAction":[{"@type":"ReadAction","target":["https:\/\/www.safinel.fr\/produit\/shampoing-solide-nourrissant-a-lhuile-dargan-et-a-lhuile-de-chanvre-65g\/"]}]},{"@type":"ImageObject","inLanguage":"de","@id":"https:\/\/www.safinel.fr\/produit\/shampoing-solide-nourrissant-a-lhuile-dargan-et-a-lhuile-de-chanvre-65g\/#primaryimage","url":"https:\/\/www.safinel.fr\/wp-content\/uploads\/2021\/07\/barre-de-shampooing-eclaircissante-au-ca_description-3pt-600x591-copie.jpg","contentUrl":"https:\/\/www.safinel.fr\/wp-content\/uploads\/2021\/07\/barre-de-shampooing-eclaircissante-au-ca_description-3pt-600x591-copie.jpg","width":600,"height":591},{"@type":"BreadcrumbList","@id":"https:\/\/www.safinel.fr\/produit\/shampoing-solide-nourrissant-a-lhuile-dargan-et-a-lhuile-de-chanvre-65g\/#breadcrumb","itemListElement":[{"@type":"ListItem","position":1,"name":"Accueil","item":"https:\/\/www.safinel.fr\/"},{"@type":"ListItem","position":2,"name":"Boutique","item":"https:\/\/www.safinel.fr\/boutique\/"},{"@type":"ListItem","position":3,"name":"Shampoing solide nourrissant \u00e0 l&#8217;huile d&#8217;argan et \u00e0 l&#8217;huile de chanvre 65g"}]},{"@type":"WebSite","@id":"https:\/\/www.safinel.fr\/#website","url":"https:\/\/www.safinel.fr\/","name":"Safinel","description":"","publisher":{"@id":"https:\/\/www.safinel.fr\/#organization"},"potentialAction":[{"@type":"SearchAction","target":{"@type":"EntryPoint","urlTemplate":"https:\/\/www.safinel.fr\/?s={search_term_string}"},"query-input":{"@type":"PropertyValueSpecification","valueRequired":true,"valueName":"search_term_string"}}],"inLanguage":"de"},{"@type":"Organization","@id":"https:\/\/www.safinel.fr\/#organization","name":"Safinel","url":"https:\/\/www.safinel.fr\/","logo":{"@type":"ImageObject","inLanguage":"de","@id":"https:\/\/www.safinel.fr\/#\/schema\/logo\/image\/","url":"https:\/\/www.safinel.fr\/wp-content\/uploads\/2021\/05\/boutique-cosmetique.png","contentUrl":"https:\/\/www.safinel.fr\/wp-content\/uploads\/2021\/05\/boutique-cosmetique.png","width":800,"height":200,"caption":"Safinel"},"image":{"@id":"https:\/\/www.safinel.fr\/#\/schema\/logo\/image\/"}}]}},"_links":{"self":[{"href":"https:\/\/www.safinel.fr\/de\/wp-json\/wp\/v2\/product\/269","targetHints":{"allow":["GET"]}}],"collection":[{"href":"https:\/\/www.safinel.fr\/de\/wp-json\/wp\/v2\/product"}],"about":[{"href":"https:\/\/www.safinel.fr\/de\/wp-json\/wp\/v2\/types\/product"}],"wp:featuredmedia":[{"embeddable":true,"href":"https:\/\/www.safinel.fr\/de\/wp-json\/wp\/v2\/media\/304"}],"wp:attachment":[{"href":"https:\/\/www.safinel.fr\/de\/wp-json\/wp\/v2\/media?parent=269"}],"wp:term":[{"taxonomy":"product_brand","embeddable":true,"href":"https:\/\/www.safinel.fr\/de\/wp-json\/wp\/v2\/product_brand?post=269"},{"taxonomy":"product_cat","embeddable":true,"href":"https:\/\/www.safinel.fr\/de\/wp-json\/wp\/v2\/product_cat?post=269"},{"taxonomy":"product_tag","embeddable":true,"href":"https:\/\/www.safinel.fr\/de\/wp-json\/wp\/v2\/product_tag?post=269"}],"curies":[{"name":"wp","href":"https:\/\/api.w.org\/{rel}","templated":true}]}}