{"id":2686,"date":"2022-09-11T10:24:20","date_gmt":"2022-09-11T10:24:20","guid":{"rendered":"https:\/\/www.safinel.fr\/?post_type=product&#038;p=2686"},"modified":"2023-12-28T17:15:36","modified_gmt":"2023-12-28T17:15:36","slug":"pulver-aus-rohen-ruben","status":"publish","type":"product","link":"https:\/\/www.safinel.fr\/de\/product-2\/pulver-aus-rohen-ruben\/","title":{"rendered":"Pulver aus rohen R\u00fcben 100g"},"content":{"rendered":"<p>Die R\u00fcbe ist ein Gem\u00fcse mit vielen Vorteilen. Sie k\u00f6nnen sie in verschiedenen Formen verwenden und vor allem dauerhaft aufbewahren. Sie ist als Pulver erh\u00e4ltlich und kann aufgrund ihrer zahlreichen Eigenschaften in der K\u00fcche oder in der Kosmetik verwendet werden. Entdecken Sie dieses Pulver aus rohen R\u00fcben.<\/p>\n<h2><strong>Was sind die Vorteile von rohem R\u00fcbenpulver?<\/strong><\/h2>\n<p>Das Pulver aus rohen R\u00fcben ist sowohl lecker als auch s\u00fc\u00df. Sie k\u00f6nnen es in allen Rezepten (s\u00fc\u00df oder herzhaft) verwenden, da es sich leicht anpassen l\u00e4sst. Da es antioxidative Eigenschaften enth\u00e4lt, tr\u00e4gt es voll und ganz zu Ihrer guten Gesundheit bei.<\/p>\n<p>Rohes R\u00fcbenpulver ist ein biologisches Superfood. Es bietet enorme Vorteile f\u00fcr den K\u00f6rper.<\/p>\n<p>\u00dcbrigens: Wenn Sie keinen Zucker verwenden, k\u00f6nnen Sie auch das Pulver aus rohen R\u00fcben in Ihre Kochgewohnheiten einbeziehen. Dies wird Ihnen eine bessere Gesundheit bescheren. Es verleiht Ihren <a href=\"https:\/\/www.safinel.fr\/de\/afrikanisches-gericht\/\"><strong>Einnahmen<\/strong><\/a> und Ihr Leben wird erf\u00fcllt sein. R\u00fcbenpulver ist eine hervorragende Zutat mit vielen gesundheitlichen Vorteilen.<\/p>\n<h3><strong>Wie wird es verwendet?<\/strong><\/h3>\n<p>Um das rohe R\u00fcbenpulver zu verwenden, m\u00fcssen Sie einige Schritte befolgen. Auf 300 ml Fl\u00fcssigkeit sollten Sie 2 Teel\u00f6ffel rohes R\u00fcbenpulver verwenden. Sie k\u00f6nnen es in verschiedenen Getr\u00e4nken verwenden: hei\u00dfe Milch, hei\u00dfe Schokolade, Milchshake oder auch Smoothie. Es verleiht Ihren Zubereitungen mehr Geschmack und Farbe.<\/p>\n<p>Mit seiner S\u00fc\u00dfe wird er alle Ihre Desserts k\u00f6stlich machen. Sie m\u00fcssen also nur 2 Teel\u00f6ffel direkt in Ihre Zubereitungen geben, um sie zu verfeinern. Egal, ob es sich um Geb\u00e4ck, Feingeb\u00e4ck oder Mousse handelt, es tr\u00e4gt dazu bei, den Zuckerverbrauch zu reduzieren. Es ist jedoch ratsam, das Pulver vor der Verwendung zu rehydrieren.<\/p>\n<p>Bei Salaten und allen Eierspeisen kannst du sie direkt mit dem R\u00fcbenpulver bestreuen.<\/p>\n<p>So! Sie wissen alles \u00fcber rohes R\u00fcbenpulver. Verfeinern Sie Ihre Mahlzeiten und bleiben Sie gesund!<\/p>","protected":false},"excerpt":{"rendered":"<p>La betterave est un l\u00e9gume aux bienfaits multiples. Vous pouvez l&rsquo;utiliser sous plusieurs formes et surtout, la conserver durablement. Existant en poudre, elle peut servir en cuisine ou en cosm\u00e9tique, du fait de ses nombreuses propri\u00e9t\u00e9s. D\u00e9couvrez cette poudre de betteraves crues. Quels sont les bienfaits de la poudre de betteraves crues ? La poudre [&#8230;]","protected":false},"featured_media":2687,"template":"","meta":[],"product_brand":[],"product_cat":[44,150],"product_tag":[],"class_list":{"0":"post-2686","1":"product","2":"type-product","3":"status-publish","4":"has-post-thumbnail","6":"product_cat-epices","7":"product_cat-legume-africain","9":"first","10":"instock","11":"shipping-taxable","12":"purchasable","13":"product-type-simple"},"yoast_head":"<!-- This site is optimized with the Yoast SEO plugin v26.6 - https:\/\/yoast.com\/wordpress\/plugins\/seo\/ -->\n<title>Poudre de betteraves I Bienfaits nombreux I Achat rapide<\/title>\n<meta name=\"description\" content=\"La betterave est un l\u00e9gume aux bienfaits multiples. Vous pouvez l&#039;utiliser sous plusieurs formes. Ici, d\u00e9couvrez la poudre de betteraves crues.\" \/>\n<meta name=\"robots\" content=\"index, follow, max-snippet:-1, max-image-preview:large, max-video-preview:-1\" \/>\n<link rel=\"canonical\" href=\"https:\/\/www.safinel.fr\/de\/product-2\/pulver-aus-rohen-ruben\/\" \/>\n<meta property=\"og:locale\" content=\"de_DE\" \/>\n<meta property=\"og:type\" content=\"article\" \/>\n<meta property=\"og:title\" content=\"Poudre de betteraves I Bienfaits nombreux I Achat rapide\" \/>\n<meta property=\"og:description\" content=\"La betterave est un l\u00e9gume aux bienfaits multiples. Vous pouvez l&#039;utiliser sous plusieurs formes. Ici, d\u00e9couvrez la poudre de betteraves crues.\" \/>\n<meta property=\"og:url\" content=\"https:\/\/www.safinel.fr\/de\/product-2\/pulver-aus-rohen-ruben\/\" \/>\n<meta property=\"og:site_name\" content=\"Safinel\" \/>\n<meta property=\"article:modified_time\" content=\"2023-12-28T17:15:36+00:00\" \/>\n<meta property=\"og:image\" content=\"https:\/\/www.safinel.fr\/wp-content\/uploads\/2022\/09\/Poudre-De-Betteraves-Crues-.jpg\" \/>\n\t<meta property=\"og:image:width\" content=\"600\" \/>\n\t<meta property=\"og:image:height\" content=\"600\" \/>\n\t<meta property=\"og:image:type\" content=\"image\/jpeg\" \/>\n<meta name=\"twitter:card\" content=\"summary_large_image\" \/>\n<meta name=\"twitter:label1\" content=\"Gesch\u00e4tzte Lesezeit\" \/>\n\t<meta name=\"twitter:data1\" content=\"2\u00a0Minuten\" \/>\n<script type=\"application\/ld+json\" class=\"yoast-schema-graph\">{\"@context\":\"https:\/\/schema.org\",\"@graph\":[{\"@type\":\"WebPage\",\"@id\":\"https:\/\/www.safinel.fr\/produit\/poudre-de-betteraves-crues\/\",\"url\":\"https:\/\/www.safinel.fr\/produit\/poudre-de-betteraves-crues\/\",\"name\":\"Poudre de betteraves I Bienfaits nombreux I Achat rapide\",\"isPartOf\":{\"@id\":\"https:\/\/www.safinel.fr\/#website\"},\"primaryImageOfPage\":{\"@id\":\"https:\/\/www.safinel.fr\/produit\/poudre-de-betteraves-crues\/#primaryimage\"},\"image\":{\"@id\":\"https:\/\/www.safinel.fr\/produit\/poudre-de-betteraves-crues\/#primaryimage\"},\"thumbnailUrl\":\"https:\/\/www.safinel.fr\/wp-content\/uploads\/2022\/09\/Poudre-De-Betteraves-Crues-.jpg\",\"datePublished\":\"2022-09-11T10:24:20+00:00\",\"dateModified\":\"2023-12-28T17:15:36+00:00\",\"description\":\"La betterave est un l\u00e9gume aux bienfaits multiples. Vous pouvez l'utiliser sous plusieurs formes. Ici, d\u00e9couvrez la poudre de betteraves crues.\",\"breadcrumb\":{\"@id\":\"https:\/\/www.safinel.fr\/produit\/poudre-de-betteraves-crues\/#breadcrumb\"},\"inLanguage\":\"de\",\"potentialAction\":[{\"@type\":\"ReadAction\",\"target\":[\"https:\/\/www.safinel.fr\/produit\/poudre-de-betteraves-crues\/\"]}]},{\"@type\":\"ImageObject\",\"inLanguage\":\"de\",\"@id\":\"https:\/\/www.safinel.fr\/produit\/poudre-de-betteraves-crues\/#primaryimage\",\"url\":\"https:\/\/www.safinel.fr\/wp-content\/uploads\/2022\/09\/Poudre-De-Betteraves-Crues-.jpg\",\"contentUrl\":\"https:\/\/www.safinel.fr\/wp-content\/uploads\/2022\/09\/Poudre-De-Betteraves-Crues-.jpg\",\"width\":600,\"height\":600,\"caption\":\"Poudre de betteraves crues 100g\"},{\"@type\":\"BreadcrumbList\",\"@id\":\"https:\/\/www.safinel.fr\/produit\/poudre-de-betteraves-crues\/#breadcrumb\",\"itemListElement\":[{\"@type\":\"ListItem\",\"position\":1,\"name\":\"Accueil\",\"item\":\"https:\/\/www.safinel.fr\/\"},{\"@type\":\"ListItem\",\"position\":2,\"name\":\"Boutique\",\"item\":\"https:\/\/www.safinel.fr\/boutique\/\"},{\"@type\":\"ListItem\",\"position\":3,\"name\":\"Poudre de betteraves crues 100g\"}]},{\"@type\":\"WebSite\",\"@id\":\"https:\/\/www.safinel.fr\/#website\",\"url\":\"https:\/\/www.safinel.fr\/\",\"name\":\"Safinel\",\"description\":\"\",\"publisher\":{\"@id\":\"https:\/\/www.safinel.fr\/#organization\"},\"potentialAction\":[{\"@type\":\"SearchAction\",\"target\":{\"@type\":\"EntryPoint\",\"urlTemplate\":\"https:\/\/www.safinel.fr\/?s={search_term_string}\"},\"query-input\":{\"@type\":\"PropertyValueSpecification\",\"valueRequired\":true,\"valueName\":\"search_term_string\"}}],\"inLanguage\":\"de\"},{\"@type\":\"Organization\",\"@id\":\"https:\/\/www.safinel.fr\/#organization\",\"name\":\"Safinel\",\"url\":\"https:\/\/www.safinel.fr\/\",\"logo\":{\"@type\":\"ImageObject\",\"inLanguage\":\"de\",\"@id\":\"https:\/\/www.safinel.fr\/#\/schema\/logo\/image\/\",\"url\":\"https:\/\/www.safinel.fr\/wp-content\/uploads\/2021\/05\/boutique-cosmetique.png\",\"contentUrl\":\"https:\/\/www.safinel.fr\/wp-content\/uploads\/2021\/05\/boutique-cosmetique.png\",\"width\":800,\"height\":200,\"caption\":\"Safinel\"},\"image\":{\"@id\":\"https:\/\/www.safinel.fr\/#\/schema\/logo\/image\/\"}}]}<\/script>\n<!-- \/ Yoast SEO plugin. -->","yoast_head_json":{"title":"R\u00fcbenpulver I Zahlreiche Vorteile I Schneller Kauf","description":"Die R\u00fcbe ist ein Gem\u00fcse mit vielen Vorteilen. Sie k\u00f6nnen sie in verschiedenen Formen verwenden. Hier erfahren Sie mehr \u00fcber das Pulver aus roher Rote Bete.","robots":{"index":"index","follow":"follow","max-snippet":"max-snippet:-1","max-image-preview":"max-image-preview:large","max-video-preview":"max-video-preview:-1"},"canonical":"https:\/\/www.safinel.fr\/de\/product-2\/pulver-aus-rohen-ruben\/","og_locale":"de_DE","og_type":"article","og_title":"Poudre de betteraves I Bienfaits nombreux I Achat rapide","og_description":"La betterave est un l\u00e9gume aux bienfaits multiples. Vous pouvez l'utiliser sous plusieurs formes. Ici, d\u00e9couvrez la poudre de betteraves crues.","og_url":"https:\/\/www.safinel.fr\/de\/product-2\/pulver-aus-rohen-ruben\/","og_site_name":"Safinel","article_modified_time":"2023-12-28T17:15:36+00:00","og_image":[{"width":600,"height":600,"url":"https:\/\/www.safinel.fr\/wp-content\/uploads\/2022\/09\/Poudre-De-Betteraves-Crues-.jpg","type":"image\/jpeg"}],"twitter_card":"summary_large_image","twitter_misc":{"Gesch\u00e4tzte Lesezeit":"2\u00a0Minuten"},"schema":{"@context":"https:\/\/schema.org","@graph":[{"@type":"WebPage","@id":"https:\/\/www.safinel.fr\/produit\/poudre-de-betteraves-crues\/","url":"https:\/\/www.safinel.fr\/produit\/poudre-de-betteraves-crues\/","name":"R\u00fcbenpulver I Zahlreiche Vorteile I Schneller Kauf","isPartOf":{"@id":"https:\/\/www.safinel.fr\/#website"},"primaryImageOfPage":{"@id":"https:\/\/www.safinel.fr\/produit\/poudre-de-betteraves-crues\/#primaryimage"},"image":{"@id":"https:\/\/www.safinel.fr\/produit\/poudre-de-betteraves-crues\/#primaryimage"},"thumbnailUrl":"https:\/\/www.safinel.fr\/wp-content\/uploads\/2022\/09\/Poudre-De-Betteraves-Crues-.jpg","datePublished":"2022-09-11T10:24:20+00:00","dateModified":"2023-12-28T17:15:36+00:00","description":"Die R\u00fcbe ist ein Gem\u00fcse mit vielen Vorteilen. Sie k\u00f6nnen sie in verschiedenen Formen verwenden. Hier erfahren Sie mehr \u00fcber das Pulver aus roher Rote Bete.","breadcrumb":{"@id":"https:\/\/www.safinel.fr\/produit\/poudre-de-betteraves-crues\/#breadcrumb"},"inLanguage":"de","potentialAction":[{"@type":"ReadAction","target":["https:\/\/www.safinel.fr\/produit\/poudre-de-betteraves-crues\/"]}]},{"@type":"ImageObject","inLanguage":"de","@id":"https:\/\/www.safinel.fr\/produit\/poudre-de-betteraves-crues\/#primaryimage","url":"https:\/\/www.safinel.fr\/wp-content\/uploads\/2022\/09\/Poudre-De-Betteraves-Crues-.jpg","contentUrl":"https:\/\/www.safinel.fr\/wp-content\/uploads\/2022\/09\/Poudre-De-Betteraves-Crues-.jpg","width":600,"height":600,"caption":"Poudre de betteraves crues 100g"},{"@type":"BreadcrumbList","@id":"https:\/\/www.safinel.fr\/produit\/poudre-de-betteraves-crues\/#breadcrumb","itemListElement":[{"@type":"ListItem","position":1,"name":"Accueil","item":"https:\/\/www.safinel.fr\/"},{"@type":"ListItem","position":2,"name":"Boutique","item":"https:\/\/www.safinel.fr\/boutique\/"},{"@type":"ListItem","position":3,"name":"Poudre de betteraves crues 100g"}]},{"@type":"WebSite","@id":"https:\/\/www.safinel.fr\/#website","url":"https:\/\/www.safinel.fr\/","name":"Safinel","description":"","publisher":{"@id":"https:\/\/www.safinel.fr\/#organization"},"potentialAction":[{"@type":"SearchAction","target":{"@type":"EntryPoint","urlTemplate":"https:\/\/www.safinel.fr\/?s={search_term_string}"},"query-input":{"@type":"PropertyValueSpecification","valueRequired":true,"valueName":"search_term_string"}}],"inLanguage":"de"},{"@type":"Organization","@id":"https:\/\/www.safinel.fr\/#organization","name":"Safinel","url":"https:\/\/www.safinel.fr\/","logo":{"@type":"ImageObject","inLanguage":"de","@id":"https:\/\/www.safinel.fr\/#\/schema\/logo\/image\/","url":"https:\/\/www.safinel.fr\/wp-content\/uploads\/2021\/05\/boutique-cosmetique.png","contentUrl":"https:\/\/www.safinel.fr\/wp-content\/uploads\/2021\/05\/boutique-cosmetique.png","width":800,"height":200,"caption":"Safinel"},"image":{"@id":"https:\/\/www.safinel.fr\/#\/schema\/logo\/image\/"}}]}},"_links":{"self":[{"href":"https:\/\/www.safinel.fr\/de\/wp-json\/wp\/v2\/product\/2686","targetHints":{"allow":["GET"]}}],"collection":[{"href":"https:\/\/www.safinel.fr\/de\/wp-json\/wp\/v2\/product"}],"about":[{"href":"https:\/\/www.safinel.fr\/de\/wp-json\/wp\/v2\/types\/product"}],"wp:featuredmedia":[{"embeddable":true,"href":"https:\/\/www.safinel.fr\/de\/wp-json\/wp\/v2\/media\/2687"}],"wp:attachment":[{"href":"https:\/\/www.safinel.fr\/de\/wp-json\/wp\/v2\/media?parent=2686"}],"wp:term":[{"taxonomy":"product_brand","embeddable":true,"href":"https:\/\/www.safinel.fr\/de\/wp-json\/wp\/v2\/product_brand?post=2686"},{"taxonomy":"product_cat","embeddable":true,"href":"https:\/\/www.safinel.fr\/de\/wp-json\/wp\/v2\/product_cat?post=2686"},{"taxonomy":"product_tag","embeddable":true,"href":"https:\/\/www.safinel.fr\/de\/wp-json\/wp\/v2\/product_tag?post=2686"}],"curies":[{"name":"wp","href":"https:\/\/api.w.org\/{rel}","templated":true}]}}