{"id":268,"date":"2021-07-24T18:58:59","date_gmt":"2021-07-24T18:58:59","guid":{"rendered":"https:\/\/www.safinel.fr\/?post_type=product&#038;p=268"},"modified":"2023-12-30T13:54:04","modified_gmt":"2023-12-30T13:54:04","slug":"festes-shampoo-gegen-entzundungen-mit-rosenwasser-fur-lockiges-und-langes-haar-75g","status":"publish","type":"product","link":"https:\/\/www.safinel.fr\/de\/product-2\/festes-shampoo-gegen-entzundungen-mit-rosenwasser-fur-lockiges-und-langes-haar-75g\/","title":{"rendered":"Entz\u00fcndungshemmendes festes Shampoo mit Rosenwasser (lockiges und langes Haar) 75g"},"content":{"rendered":"<p>Lange, lockige Haare sind zwar wundersch\u00f6n, haben aber auch ihre Nachteile, was die Pflege angeht. Aber bei D\u00e9odorant Naturel denken wir an alle. Ihr nat\u00fcrlicher Online-Shop hat daher sorgf\u00e4ltig eine ganze Reihe von <b>Sortiment an festen Shampoos.<span class=\"Apple-converted-space\">\u00a0<\/span><\/b>Die <b>entz\u00fcndungshemmendes festes Shampoo mit Rosenwasser <\/b>ist speziell f\u00fcr langes und lockiges Haar geeignet!<span class=\"Apple-converted-space\">\u00a0<\/span><\/p>\n<h2><b>Das entz\u00fcndungshemmende feste Shampoo, f\u00fcr gesundes Haar<span class=\"Apple-converted-space\">\u00a0<\/span><\/b><\/h2>\n<p>Diese <b>festes Shampoobrot<\/b> ist ein Kieselstein in runder Form. Seine klug zusammengestellte Zusammensetzung ist ein wahrer Schatz f\u00fcr gereizte Kopfhaut. Einer seiner Hauptbestandteile ist das zarte Rosenwasser. Dieses Hydrolat ist bekannt f\u00fcr seine <b>Tugenden zur Linderung von R\u00f6tungen und Irritationen<\/b>. Er hat auch<b> entz\u00fcndungshemmende Vorteile<\/b> und <b>steigert die Durchblutung der Kopfhaut<\/b>. Dies neigt dazu, das Haarwachstum zu verbessern!<span class=\"Apple-converted-space\">\u00a0<\/span><\/p>\n<p>Dar\u00fcber hinaus profitieren Sie von einer<b> Anti-Frizz-Wirkung<\/b> das unseren lockigen K\u00f6pfen gefallen wird. Dieses feste Shampoo ist ein <b>Anti-Schuppenmittel<\/b> das die Kopfhaut sanft reinigt. Dank der Karit\u00e9butter wird Ihr Haar<b> mit Feuchtigkeit versorgt und tiefgreifend gen\u00e4hrt.<span class=\"Apple-converted-space\">\u00a0<\/span><\/b><\/p>\n<p>Erhalten Sie definierte Locken und gesundes Haar mit diesem <b>Shampoo mit Null-Abfall!<span class=\"Apple-converted-space\">\u00a0<\/span><\/b><\/p>\n<p><b>Zutaten :<\/b> <i><a href=\"https:\/\/www.aroma-zone.com\/info\/fiche-technique\/emulsifiant-btms-aroma-zone\" target=\"_blank\" rel=\"noopener\"><strong>Methosulfat (BTMS),<\/strong><\/a> Cetearylalkohol, nat\u00fcrliche Bio-Sheabutter, Bio-Jojoba\u00f6l, Bio-Walnuss\u00f6l, Oliven\u00f6l.<\/i>\u2019<i>oliv, <a href=\"https:\/\/www.encens-store.fr\/produit\/huile-essentielle-maison-rose-musk\/\" target=\"_blank\" rel=\"noopener\"><strong>\u00e4therisches Rosen\u00f6l<\/strong><\/a><\/i><\/p>\n<h3><b>Unsere Tipps zur Verwendung<span class=\"Apple-converted-space\">\u00a0<\/span><\/b><\/h3>\n<p>Hier sind einige Tipps zur Verwendung dieses festen nat\u00fcrlichen Rosenshampoos :<span class=\"Apple-converted-space\">\u00a0<\/span><\/p>\n<ol>\n<li>Seifenst\u00fcck mit Seife befeuchten ;<span class=\"Apple-converted-space\">\u00a0<\/span><\/li>\n<li>Zwischen den H\u00e4nden aufsch\u00e4umen und den Schaum ernten ;<span class=\"Apple-converted-space\">\u00a0<\/span><\/li>\n<li>Beginnen Sie mit dem Ansatz und massieren Sie die Kopfhaut; ;<span class=\"Apple-converted-space\">\u00a0<\/span><\/li>\n<li>Gr\u00fcndlich mit klarem Wasser sp\u00fclen ;<span class=\"Apple-converted-space\">\u00a0<\/span><\/li>\n<\/ol>\n<p>Um Ihr Haar intensiv mit Feuchtigkeit zu versorgen, sollten Sie mit einer Haarkur beginnen! Tragen Sie du <a href=\"https:\/\/www.deodorant-naturel.com\/produit\/beurre-vegetale-de-karite-brut-certifiee-bio-100ml\/\"><b>Karit\u00e9butter<\/b><\/a> auf das gesamte Haar auftragen und dabei besonders auf die Spitzen achten. Lassen Sie diese Pflege einige Stunden einwirken. Verwenden Sie schlie\u00dflich Ihr nat\u00fcrliches festes Shampoo!<span class=\"Apple-converted-space\">\u00a0<\/span><\/p>\n<h3><b>Aufbewahrung<span class=\"Apple-converted-space\">\u00a0festes Shampoo Rosenwasser<\/span><\/b><\/h3>\n<p>Lassen Sie Ihr festes Shampoo auf einer Seifenschale stehen und achten Sie darauf, dass das Wasser nicht stehen bleibt.<span class=\"Apple-converted-space\">\u00a0<\/span><\/p>","protected":false},"excerpt":{"rendered":"<p>Les cheveux longs et boucl\u00e9s, bien que magnifiques, ont leur lot d\u2019inconv\u00e9nients en terme d\u2019entretien. Mais chez D\u00e9odorant Naturel, on pense \u00e0 tout le monde. Votre boutique naturelle en ligne a donc soigneusement s\u00e9lectionn\u00e9 toute une gamme de shampoings solides.\u00a0Le shampoing solide anti-inflammatoire \u00e0 l\u2019eau de rose est sp\u00e9cifiquement adapt\u00e9 pour les cheveux longs et [&#8230;]","protected":false},"featured_media":303,"template":"","meta":[],"product_brand":[],"product_cat":[34,36],"product_tag":[],"class_list":{"0":"post-268","1":"product","2":"type-product","3":"status-publish","4":"has-post-thumbnail","6":"product_cat-hygiene","7":"product_cat-shampoing-solide","9":"first","10":"outofstock","11":"shipping-taxable","12":"purchasable","13":"product-type-simple"},"yoast_head":"<!-- This site is optimized with the Yoast SEO plugin v26.6 - https:\/\/yoast.com\/wordpress\/plugins\/seo\/ -->\n<title>Shampoing solide anti-inflammatoire a l&#039;eau de rose (cheveux boucl\u00e9s et longs) 75g - Safinel<\/title>\n<meta name=\"robots\" content=\"index, follow, max-snippet:-1, max-image-preview:large, max-video-preview:-1\" \/>\n<link rel=\"canonical\" href=\"https:\/\/www.safinel.fr\/de\/product-2\/festes-shampoo-gegen-entzundungen-mit-rosenwasser-fur-lockiges-und-langes-haar-75g\/\" \/>\n<meta property=\"og:locale\" content=\"de_DE\" \/>\n<meta property=\"og:type\" content=\"article\" \/>\n<meta property=\"og:title\" content=\"Shampoing solide anti-inflammatoire a l&#039;eau de rose (cheveux boucl\u00e9s et longs) 75g - Safinel\" \/>\n<meta property=\"og:description\" content=\"Les cheveux longs et boucl\u00e9s, bien que magnifiques, ont leur lot d\u2019inconv\u00e9nients en terme d\u2019entretien. Mais chez D\u00e9odorant Naturel, on pense \u00e0 tout le monde. Votre boutique naturelle en ligne a donc soigneusement s\u00e9lectionn\u00e9 toute une gamme de shampoings solides.\u00a0Le shampoing solide anti-inflammatoire \u00e0 l\u2019eau de rose est sp\u00e9cifiquement adapt\u00e9 pour les cheveux longs et [...]\" \/>\n<meta property=\"og:url\" content=\"https:\/\/www.safinel.fr\/de\/product-2\/festes-shampoo-gegen-entzundungen-mit-rosenwasser-fur-lockiges-und-langes-haar-75g\/\" \/>\n<meta property=\"og:site_name\" content=\"Safinel\" \/>\n<meta property=\"article:modified_time\" content=\"2023-12-30T13:54:04+00:00\" \/>\n<meta property=\"og:image\" content=\"https:\/\/www.safinel.fr\/wp-content\/uploads\/2021\/07\/df.jpg\" \/>\n\t<meta property=\"og:image:width\" content=\"800\" \/>\n\t<meta property=\"og:image:height\" content=\"800\" \/>\n\t<meta property=\"og:image:type\" content=\"image\/jpeg\" \/>\n<meta name=\"twitter:card\" content=\"summary_large_image\" \/>\n<meta name=\"twitter:label1\" content=\"Gesch\u00e4tzte Lesezeit\" \/>\n\t<meta name=\"twitter:data1\" content=\"2\u00a0Minuten\" \/>\n<script type=\"application\/ld+json\" class=\"yoast-schema-graph\">{\"@context\":\"https:\/\/schema.org\",\"@graph\":[{\"@type\":\"WebPage\",\"@id\":\"https:\/\/www.safinel.fr\/produit\/shampoing-solide-anti-inflammatoire-a-leau-de-rose-cheveux-boucles-et-longs-75g\/\",\"url\":\"https:\/\/www.safinel.fr\/produit\/shampoing-solide-anti-inflammatoire-a-leau-de-rose-cheveux-boucles-et-longs-75g\/\",\"name\":\"Shampoing solide anti-inflammatoire a l'eau de rose (cheveux boucl\u00e9s et longs) 75g - Safinel\",\"isPartOf\":{\"@id\":\"https:\/\/www.safinel.fr\/#website\"},\"primaryImageOfPage\":{\"@id\":\"https:\/\/www.safinel.fr\/produit\/shampoing-solide-anti-inflammatoire-a-leau-de-rose-cheveux-boucles-et-longs-75g\/#primaryimage\"},\"image\":{\"@id\":\"https:\/\/www.safinel.fr\/produit\/shampoing-solide-anti-inflammatoire-a-leau-de-rose-cheveux-boucles-et-longs-75g\/#primaryimage\"},\"thumbnailUrl\":\"https:\/\/www.safinel.fr\/wp-content\/uploads\/2021\/07\/df.jpg\",\"datePublished\":\"2021-07-24T18:58:59+00:00\",\"dateModified\":\"2023-12-30T13:54:04+00:00\",\"breadcrumb\":{\"@id\":\"https:\/\/www.safinel.fr\/produit\/shampoing-solide-anti-inflammatoire-a-leau-de-rose-cheveux-boucles-et-longs-75g\/#breadcrumb\"},\"inLanguage\":\"de\",\"potentialAction\":[{\"@type\":\"ReadAction\",\"target\":[\"https:\/\/www.safinel.fr\/produit\/shampoing-solide-anti-inflammatoire-a-leau-de-rose-cheveux-boucles-et-longs-75g\/\"]}]},{\"@type\":\"ImageObject\",\"inLanguage\":\"de\",\"@id\":\"https:\/\/www.safinel.fr\/produit\/shampoing-solide-anti-inflammatoire-a-leau-de-rose-cheveux-boucles-et-longs-75g\/#primaryimage\",\"url\":\"https:\/\/www.safinel.fr\/wp-content\/uploads\/2021\/07\/df.jpg\",\"contentUrl\":\"https:\/\/www.safinel.fr\/wp-content\/uploads\/2021\/07\/df.jpg\",\"width\":800,\"height\":800},{\"@type\":\"BreadcrumbList\",\"@id\":\"https:\/\/www.safinel.fr\/produit\/shampoing-solide-anti-inflammatoire-a-leau-de-rose-cheveux-boucles-et-longs-75g\/#breadcrumb\",\"itemListElement\":[{\"@type\":\"ListItem\",\"position\":1,\"name\":\"Accueil\",\"item\":\"https:\/\/www.safinel.fr\/\"},{\"@type\":\"ListItem\",\"position\":2,\"name\":\"Boutique\",\"item\":\"https:\/\/www.safinel.fr\/boutique\/\"},{\"@type\":\"ListItem\",\"position\":3,\"name\":\"Shampoing solide anti-inflammatoire a l&#8217;eau de rose (cheveux boucl\u00e9s et longs) 75g\"}]},{\"@type\":\"WebSite\",\"@id\":\"https:\/\/www.safinel.fr\/#website\",\"url\":\"https:\/\/www.safinel.fr\/\",\"name\":\"Safinel\",\"description\":\"\",\"publisher\":{\"@id\":\"https:\/\/www.safinel.fr\/#organization\"},\"potentialAction\":[{\"@type\":\"SearchAction\",\"target\":{\"@type\":\"EntryPoint\",\"urlTemplate\":\"https:\/\/www.safinel.fr\/?s={search_term_string}\"},\"query-input\":{\"@type\":\"PropertyValueSpecification\",\"valueRequired\":true,\"valueName\":\"search_term_string\"}}],\"inLanguage\":\"de\"},{\"@type\":\"Organization\",\"@id\":\"https:\/\/www.safinel.fr\/#organization\",\"name\":\"Safinel\",\"url\":\"https:\/\/www.safinel.fr\/\",\"logo\":{\"@type\":\"ImageObject\",\"inLanguage\":\"de\",\"@id\":\"https:\/\/www.safinel.fr\/#\/schema\/logo\/image\/\",\"url\":\"https:\/\/www.safinel.fr\/wp-content\/uploads\/2021\/05\/boutique-cosmetique.png\",\"contentUrl\":\"https:\/\/www.safinel.fr\/wp-content\/uploads\/2021\/05\/boutique-cosmetique.png\",\"width\":800,\"height\":200,\"caption\":\"Safinel\"},\"image\":{\"@id\":\"https:\/\/www.safinel.fr\/#\/schema\/logo\/image\/\"}}]}<\/script>\n<!-- \/ Yoast SEO plugin. -->","yoast_head_json":{"title":"Entz\u00fcndungshemmendes festes Shampoo mit Rosenwasser (lockiges und langes Haar) 75g - Safinel","robots":{"index":"index","follow":"follow","max-snippet":"max-snippet:-1","max-image-preview":"max-image-preview:large","max-video-preview":"max-video-preview:-1"},"canonical":"https:\/\/www.safinel.fr\/de\/product-2\/festes-shampoo-gegen-entzundungen-mit-rosenwasser-fur-lockiges-und-langes-haar-75g\/","og_locale":"de_DE","og_type":"article","og_title":"Shampoing solide anti-inflammatoire a l'eau de rose (cheveux boucl\u00e9s et longs) 75g - Safinel","og_description":"Les cheveux longs et boucl\u00e9s, bien que magnifiques, ont leur lot d\u2019inconv\u00e9nients en terme d\u2019entretien. Mais chez D\u00e9odorant Naturel, on pense \u00e0 tout le monde. Votre boutique naturelle en ligne a donc soigneusement s\u00e9lectionn\u00e9 toute une gamme de shampoings solides.\u00a0Le shampoing solide anti-inflammatoire \u00e0 l\u2019eau de rose est sp\u00e9cifiquement adapt\u00e9 pour les cheveux longs et [...]","og_url":"https:\/\/www.safinel.fr\/de\/product-2\/festes-shampoo-gegen-entzundungen-mit-rosenwasser-fur-lockiges-und-langes-haar-75g\/","og_site_name":"Safinel","article_modified_time":"2023-12-30T13:54:04+00:00","og_image":[{"width":800,"height":800,"url":"https:\/\/www.safinel.fr\/wp-content\/uploads\/2021\/07\/df.jpg","type":"image\/jpeg"}],"twitter_card":"summary_large_image","twitter_misc":{"Gesch\u00e4tzte Lesezeit":"2\u00a0Minuten"},"schema":{"@context":"https:\/\/schema.org","@graph":[{"@type":"WebPage","@id":"https:\/\/www.safinel.fr\/produit\/shampoing-solide-anti-inflammatoire-a-leau-de-rose-cheveux-boucles-et-longs-75g\/","url":"https:\/\/www.safinel.fr\/produit\/shampoing-solide-anti-inflammatoire-a-leau-de-rose-cheveux-boucles-et-longs-75g\/","name":"Entz\u00fcndungshemmendes festes Shampoo mit Rosenwasser (lockiges und langes Haar) 75g - Safinel","isPartOf":{"@id":"https:\/\/www.safinel.fr\/#website"},"primaryImageOfPage":{"@id":"https:\/\/www.safinel.fr\/produit\/shampoing-solide-anti-inflammatoire-a-leau-de-rose-cheveux-boucles-et-longs-75g\/#primaryimage"},"image":{"@id":"https:\/\/www.safinel.fr\/produit\/shampoing-solide-anti-inflammatoire-a-leau-de-rose-cheveux-boucles-et-longs-75g\/#primaryimage"},"thumbnailUrl":"https:\/\/www.safinel.fr\/wp-content\/uploads\/2021\/07\/df.jpg","datePublished":"2021-07-24T18:58:59+00:00","dateModified":"2023-12-30T13:54:04+00:00","breadcrumb":{"@id":"https:\/\/www.safinel.fr\/produit\/shampoing-solide-anti-inflammatoire-a-leau-de-rose-cheveux-boucles-et-longs-75g\/#breadcrumb"},"inLanguage":"de","potentialAction":[{"@type":"ReadAction","target":["https:\/\/www.safinel.fr\/produit\/shampoing-solide-anti-inflammatoire-a-leau-de-rose-cheveux-boucles-et-longs-75g\/"]}]},{"@type":"ImageObject","inLanguage":"de","@id":"https:\/\/www.safinel.fr\/produit\/shampoing-solide-anti-inflammatoire-a-leau-de-rose-cheveux-boucles-et-longs-75g\/#primaryimage","url":"https:\/\/www.safinel.fr\/wp-content\/uploads\/2021\/07\/df.jpg","contentUrl":"https:\/\/www.safinel.fr\/wp-content\/uploads\/2021\/07\/df.jpg","width":800,"height":800},{"@type":"BreadcrumbList","@id":"https:\/\/www.safinel.fr\/produit\/shampoing-solide-anti-inflammatoire-a-leau-de-rose-cheveux-boucles-et-longs-75g\/#breadcrumb","itemListElement":[{"@type":"ListItem","position":1,"name":"Accueil","item":"https:\/\/www.safinel.fr\/"},{"@type":"ListItem","position":2,"name":"Boutique","item":"https:\/\/www.safinel.fr\/boutique\/"},{"@type":"ListItem","position":3,"name":"Shampoing solide anti-inflammatoire a l&#8217;eau de rose (cheveux boucl\u00e9s et longs) 75g"}]},{"@type":"WebSite","@id":"https:\/\/www.safinel.fr\/#website","url":"https:\/\/www.safinel.fr\/","name":"Safinel","description":"","publisher":{"@id":"https:\/\/www.safinel.fr\/#organization"},"potentialAction":[{"@type":"SearchAction","target":{"@type":"EntryPoint","urlTemplate":"https:\/\/www.safinel.fr\/?s={search_term_string}"},"query-input":{"@type":"PropertyValueSpecification","valueRequired":true,"valueName":"search_term_string"}}],"inLanguage":"de"},{"@type":"Organization","@id":"https:\/\/www.safinel.fr\/#organization","name":"Safinel","url":"https:\/\/www.safinel.fr\/","logo":{"@type":"ImageObject","inLanguage":"de","@id":"https:\/\/www.safinel.fr\/#\/schema\/logo\/image\/","url":"https:\/\/www.safinel.fr\/wp-content\/uploads\/2021\/05\/boutique-cosmetique.png","contentUrl":"https:\/\/www.safinel.fr\/wp-content\/uploads\/2021\/05\/boutique-cosmetique.png","width":800,"height":200,"caption":"Safinel"},"image":{"@id":"https:\/\/www.safinel.fr\/#\/schema\/logo\/image\/"}}]}},"_links":{"self":[{"href":"https:\/\/www.safinel.fr\/de\/wp-json\/wp\/v2\/product\/268","targetHints":{"allow":["GET"]}}],"collection":[{"href":"https:\/\/www.safinel.fr\/de\/wp-json\/wp\/v2\/product"}],"about":[{"href":"https:\/\/www.safinel.fr\/de\/wp-json\/wp\/v2\/types\/product"}],"wp:featuredmedia":[{"embeddable":true,"href":"https:\/\/www.safinel.fr\/de\/wp-json\/wp\/v2\/media\/303"}],"wp:attachment":[{"href":"https:\/\/www.safinel.fr\/de\/wp-json\/wp\/v2\/media?parent=268"}],"wp:term":[{"taxonomy":"product_brand","embeddable":true,"href":"https:\/\/www.safinel.fr\/de\/wp-json\/wp\/v2\/product_brand?post=268"},{"taxonomy":"product_cat","embeddable":true,"href":"https:\/\/www.safinel.fr\/de\/wp-json\/wp\/v2\/product_cat?post=268"},{"taxonomy":"product_tag","embeddable":true,"href":"https:\/\/www.safinel.fr\/de\/wp-json\/wp\/v2\/product_tag?post=268"}],"curies":[{"name":"wp","href":"https:\/\/api.w.org\/{rel}","templated":true}]}}