{"id":2679,"date":"2022-09-11T10:10:54","date_gmt":"2022-09-11T10:10:54","guid":{"rendered":"https:\/\/www.safinel.fr\/?post_type=product&#038;p=2679"},"modified":"2024-03-12T13:20:37","modified_gmt":"2024-03-12T13:20:37","slug":"weiser-henne-in-kegel","status":"publish","type":"product","link":"https:\/\/www.safinel.fr\/de\/product-2\/weiser-henne-in-kegel\/","title":{"rendered":"Wei\u00dfes Henna in Kegeln"},"content":{"rendered":"<p>Traditionell wird das nat\u00fcrliche, dunkelorangefarbene Henna zur Versch\u00f6nerung von Br\u00e4uten im Maghreb, in der arabischen Welt und in Asien verwendet. In den letzten Jahren hat sich jedoch wei\u00dfes Henna als die\u00a0<strong>neuer Trend<\/strong>\u00a0der verg\u00e4nglichen T\u00e4towierung. Die Farbe verleiht dem Tattoo eine au\u00dfergew\u00f6hnliche Wirkung, die es so beliebt macht. So wird es beispielsweise verwendet, um\u00a0<strong>die Sch\u00f6nheit der Br\u00e4ute sublimieren<\/strong>\u00a0aus allen L\u00e4ndern der Welt. Aber auch alle Frauen, die sich auf originelle Weise sch\u00f6n machen wollen. Mit dem wei\u00dfen Henna-Kegel k\u00f6nnen Sie\u00a0<strong>Ihre H\u00e4nde und F\u00fc\u00dfe schm\u00fccken<\/strong>\u00a0und die Ihrer Lieben mit Leichtigkeit.<\/p>\n<h2><strong>Wei\u00dfes Henna aus der N\u00e4he<\/strong><\/h2>\n<p>Im Unterschied zum traditionellen Henna wird es aus Farbstoffen und Kosmetika, darunter Klebstoff, hergestellt. Aus diesem Grund wird es auch als K\u00f6rperfarbe bezeichnet. Dadurch bleiben seine Farbstoffe auf der Oberfl\u00e4che Ihrer Haut, wie bei einem Make-up.<\/p>\n<p>Personen mit sehr reaktiver und empfindlicher Haut wird empfohlen, vorher einen Test zu machen.<\/p>\n<h2><strong>Die Vorteile von wei\u00dfem Henna in Kegelform<\/strong><\/h2>\n<p>Wer T\u00e4towierungen gewohnt ist, wei\u00df, wie schwer es ist, sie zu entfernen, wenn es sich um ein dunkles Orange handelt. Sie m\u00fcssen wochenlang warten, bis die Zeichnungen verblassen. Mit Wei\u00df geh\u00f6rt dieser \u00c4rger der Vergangenheit an. Es h\u00e4lt maximal 48 Stunden. Und wenn Sie es vorher entfernen wollen, brauchen Sie es nur<strong>\u00a0unter Wasser gehen<\/strong>.<\/p>\n<p>Ein weiterer Vorteil ist die Farbe, die sich mit der\u00a0<strong>alle Hauttypen<\/strong>. Br\u00fcnette sind davon begeistert, denn das\u00a0<strong>Kontrast wird verst\u00e4rkt<\/strong>. Es ist wie ein Diamant, den man am Finger tr\u00e4gt. Helle Hauttypen suchen ihn wegen seiner\u00a0<strong>diskrete Eleganz<\/strong>. Zusammenfassend l\u00e4sst sich sagen, dass er einhellige Zustimmung findet!<\/p>\n<p>Schlie\u00dflich sollten Sie, wenn Sie t\u00e4towiert werden, h\u00f6chstens zwei Stunden warten, um ein sch\u00f6nes Ergebnis zu erzielen. Bei traditionellem Henna hingegen m\u00fcssen Sie viel l\u00e4nger warten, und die Farbe wird erst am n\u00e4chsten Tag dunkler.<\/p>\n<h2><strong>Wei\u00dfes Henna in Kegelform, der Liebling der Br\u00e4ute<\/strong><\/h2>\n<p>Zuk\u00fcnftige Braut, Sie suchen\u00a0<strong>eine<\/strong>\u00a0<strong>Schmuckst\u00fcck, das Sie sublimieren wird<\/strong>\u00a0in Ihrem wundersch\u00f6nen Kleid? Das ist genau richtig! Ihre H\u00e4nde und F\u00fc\u00dfe werden, je nach Geschmack, einfach umwerfend aussehen. Die\u00a0<strong><a href=\"https:\/\/www.ecole-du-massage.com\/comment-prendre-soin-de-ses-cheveux-en-2022\/\" target=\"_blank\" rel=\"noopener\">feine und zarte Zeichnungen<\/a>\u00a0<\/strong>werden den Eindruck erwecken, dass sich die Spitze Ihres Kleides bis zu Ihren Fingerspitzen erstreckt. Und dann ist da noch die Symbolik der Farbe Wei\u00df, die an Reinheit, Frieden und Weisheit erinnert. Kein Zweifel, Sie werden unbestreitbar die Sch\u00f6nste sein.<\/p>\n<h3><strong>Ideal f\u00fcr Partys<\/strong><\/h3>\n<p>Eine Geburt, ein Geburtstag, der Abschluss eines Studiums... All diese Ereignisse bieten die Gelegenheit, sich mit der Familie oder Freunden zu treffen. Wenn Sie Frauen ein originelles Tattoo vorschlagen, ist das eine sch\u00f6ne M\u00f6glichkeit, um\u00a0<strong>die br\u00fcderlichen Bande st\u00e4rken<\/strong>. Sich sch\u00f6n zu f\u00fchlen, tr\u00e4gt zum Gl\u00fcck bei. Stellen Sie sich also die Freude vor, wenn sie die sch\u00f6nen Zeichnungen auf ihren H\u00e4nden sehen.<\/p>\n<h3><strong>Welche Menge?<\/strong><\/h3>\n<p>Um Ihnen den Einkauf zu erleichtern, bieten wir Ihnen verschiedene Mengen an :<\/p>\n<ul>\n<li>1 Kegel f\u00fcr den pers\u00f6nlichen Gebrauch<\/li>\n<li>3 Kegel, wenn Sie Ihre Familie und Freundinnen verzaubern wollen<\/li>\n<li>12 Kegel, um Ihre Sch\u00f6nheitsausfl\u00fcge das ganze Jahr \u00fcber vorwegzunehmen.<\/li>\n<\/ul>\n<p>Wei\u00dfes Henna in Kegelform wird\u00a0<strong>der Trumpf, der Sie sublimieren wird<\/strong>. Denken Sie auch daran, Ihr Haar zu verw\u00f6hnen, das Ihre Weiblichkeit widerspiegelt, mit unseren\u00a0<a href=\"https:\/\/www.safinel.fr\/de\/product-category-2\/haarbotox\/\"><strong>Haarbotox<\/strong><\/a>.<\/p>","protected":false},"excerpt":{"rendered":"<p>Traditionell wird nat\u00fcrliches Henna in dunkler orange Farbe verwendet, um Br\u00e4ute im Maghreb, in der arabischen Welt und in Asien zu versch\u00f6nern. In den letzten Jahren hat sich jedoch wei\u00dfes Henna zum neuen Trend f\u00fcr tempor\u00e4re Tattoos entwickelt. Seine Farbe verleiht ihm ein au\u00dfergew\u00f6hnliches Aussehen, das seinen Erfolg ausmacht. So wird es verwendet, um die Sch\u00f6nheit [\u2026] zu unterstreichen.","protected":false},"featured_media":2683,"template":"","meta":[],"product_brand":[],"product_cat":[28],"product_tag":[],"class_list":{"0":"post-2679","1":"product","2":"type-product","3":"status-publish","4":"has-post-thumbnail","6":"product_cat-divers","8":"first","9":"outofstock","10":"shipping-taxable","11":"purchasable","12":"product-type-variable"},"yoast_head":"<!-- This site is optimized with the Yoast SEO plugin v26.6 - https:\/\/yoast.com\/wordpress\/plugins\/seo\/ -->\n<title>Henn\u00e9 blanc en c\u00f4ne I Id\u00e9al pour mariage I Achat s\u00e9curis\u00e9<\/title>\n<meta name=\"description\" content=\"Le henn\u00e9 blanc est devenu la\u00a0nouvelle tendance\u00a0du tatouage \u00e9ph\u00e9m\u00e8re. Sa couleur lui octroie un rendu exceptionnel qui fait son succ\u00e8s.\" \/>\n<meta name=\"robots\" content=\"index, follow, max-snippet:-1, max-image-preview:large, max-video-preview:-1\" \/>\n<link rel=\"canonical\" href=\"https:\/\/www.safinel.fr\/de\/product-2\/weiser-henne-in-kegel\/\" \/>\n<meta property=\"og:locale\" content=\"de_DE\" \/>\n<meta property=\"og:type\" content=\"article\" \/>\n<meta property=\"og:title\" content=\"Henn\u00e9 blanc en c\u00f4ne I Id\u00e9al pour mariage I Achat s\u00e9curis\u00e9\" \/>\n<meta property=\"og:description\" content=\"Le henn\u00e9 blanc est devenu la\u00a0nouvelle tendance\u00a0du tatouage \u00e9ph\u00e9m\u00e8re. Sa couleur lui octroie un rendu exceptionnel qui fait son succ\u00e8s.\" \/>\n<meta property=\"og:url\" content=\"https:\/\/www.safinel.fr\/de\/product-2\/weiser-henne-in-kegel\/\" \/>\n<meta property=\"og:site_name\" content=\"Safinel\" \/>\n<meta property=\"article:modified_time\" content=\"2024-03-12T13:20:37+00:00\" \/>\n<meta property=\"og:image\" content=\"https:\/\/www.safinel.fr\/wp-content\/uploads\/2022\/09\/henne-blanc-en-cone.jpg\" \/>\n\t<meta property=\"og:image:width\" content=\"600\" \/>\n\t<meta property=\"og:image:height\" content=\"600\" \/>\n\t<meta property=\"og:image:type\" content=\"image\/jpeg\" \/>\n<meta name=\"twitter:card\" content=\"summary_large_image\" \/>\n<meta name=\"twitter:label1\" content=\"Gesch\u00e4tzte Lesezeit\" \/>\n\t<meta name=\"twitter:data1\" content=\"3\u00a0Minuten\" \/>\n<script type=\"application\/ld+json\" class=\"yoast-schema-graph\">{\"@context\":\"https:\/\/schema.org\",\"@graph\":[{\"@type\":\"WebPage\",\"@id\":\"https:\/\/www.safinel.fr\/produit\/henne-blanc-en-cone\/\",\"url\":\"https:\/\/www.safinel.fr\/produit\/henne-blanc-en-cone\/\",\"name\":\"Henn\u00e9 blanc en c\u00f4ne I Id\u00e9al pour mariage I Achat s\u00e9curis\u00e9\",\"isPartOf\":{\"@id\":\"https:\/\/www.safinel.fr\/#website\"},\"primaryImageOfPage\":{\"@id\":\"https:\/\/www.safinel.fr\/produit\/henne-blanc-en-cone\/#primaryimage\"},\"image\":{\"@id\":\"https:\/\/www.safinel.fr\/produit\/henne-blanc-en-cone\/#primaryimage\"},\"thumbnailUrl\":\"https:\/\/www.safinel.fr\/wp-content\/uploads\/2022\/09\/henne-blanc-en-cone.jpg\",\"datePublished\":\"2022-09-11T10:10:54+00:00\",\"dateModified\":\"2024-03-12T13:20:37+00:00\",\"description\":\"Le henn\u00e9 blanc est devenu la\u00a0nouvelle tendance\u00a0du tatouage \u00e9ph\u00e9m\u00e8re. Sa couleur lui octroie un rendu exceptionnel qui fait son succ\u00e8s.\",\"breadcrumb\":{\"@id\":\"https:\/\/www.safinel.fr\/produit\/henne-blanc-en-cone\/#breadcrumb\"},\"inLanguage\":\"de\",\"potentialAction\":[{\"@type\":\"ReadAction\",\"target\":[\"https:\/\/www.safinel.fr\/produit\/henne-blanc-en-cone\/\"]}]},{\"@type\":\"ImageObject\",\"inLanguage\":\"de\",\"@id\":\"https:\/\/www.safinel.fr\/produit\/henne-blanc-en-cone\/#primaryimage\",\"url\":\"https:\/\/www.safinel.fr\/wp-content\/uploads\/2022\/09\/henne-blanc-en-cone.jpg\",\"contentUrl\":\"https:\/\/www.safinel.fr\/wp-content\/uploads\/2022\/09\/henne-blanc-en-cone.jpg\",\"width\":600,\"height\":600,\"caption\":\"Henn\u00e9 blanc en c\u00f4ne\"},{\"@type\":\"BreadcrumbList\",\"@id\":\"https:\/\/www.safinel.fr\/produit\/henne-blanc-en-cone\/#breadcrumb\",\"itemListElement\":[{\"@type\":\"ListItem\",\"position\":1,\"name\":\"Accueil\",\"item\":\"https:\/\/www.safinel.fr\/\"},{\"@type\":\"ListItem\",\"position\":2,\"name\":\"Boutique\",\"item\":\"https:\/\/www.safinel.fr\/boutique\/\"},{\"@type\":\"ListItem\",\"position\":3,\"name\":\"Henn\u00e9 blanc en c\u00f4ne\"}]},{\"@type\":\"WebSite\",\"@id\":\"https:\/\/www.safinel.fr\/#website\",\"url\":\"https:\/\/www.safinel.fr\/\",\"name\":\"Safinel\",\"description\":\"\",\"publisher\":{\"@id\":\"https:\/\/www.safinel.fr\/#organization\"},\"potentialAction\":[{\"@type\":\"SearchAction\",\"target\":{\"@type\":\"EntryPoint\",\"urlTemplate\":\"https:\/\/www.safinel.fr\/?s={search_term_string}\"},\"query-input\":{\"@type\":\"PropertyValueSpecification\",\"valueRequired\":true,\"valueName\":\"search_term_string\"}}],\"inLanguage\":\"de\"},{\"@type\":\"Organization\",\"@id\":\"https:\/\/www.safinel.fr\/#organization\",\"name\":\"Safinel\",\"url\":\"https:\/\/www.safinel.fr\/\",\"logo\":{\"@type\":\"ImageObject\",\"inLanguage\":\"de\",\"@id\":\"https:\/\/www.safinel.fr\/#\/schema\/logo\/image\/\",\"url\":\"https:\/\/www.safinel.fr\/wp-content\/uploads\/2021\/05\/boutique-cosmetique.png\",\"contentUrl\":\"https:\/\/www.safinel.fr\/wp-content\/uploads\/2021\/05\/boutique-cosmetique.png\",\"width\":800,\"height\":200,\"caption\":\"Safinel\"},\"image\":{\"@id\":\"https:\/\/www.safinel.fr\/#\/schema\/logo\/image\/\"}}]}<\/script>\n<!-- \/ Yoast SEO plugin. -->","yoast_head_json":{"title":"Wei\u00dfes Henna in Kegelform I Ideal f\u00fcr Hochzeiten I Sicherer Einkauf","description":"Wei\u00dfes Henna ist der neue Trend unter den verg\u00e4nglichen Tattoos. Seine Farbe verleiht ihm ein au\u00dfergew\u00f6hnliches Aussehen, was seinen Erfolg ausmacht.","robots":{"index":"index","follow":"follow","max-snippet":"max-snippet:-1","max-image-preview":"max-image-preview:large","max-video-preview":"max-video-preview:-1"},"canonical":"https:\/\/www.safinel.fr\/de\/product-2\/weiser-henne-in-kegel\/","og_locale":"de_DE","og_type":"article","og_title":"Henn\u00e9 blanc en c\u00f4ne I Id\u00e9al pour mariage I Achat s\u00e9curis\u00e9","og_description":"Le henn\u00e9 blanc est devenu la\u00a0nouvelle tendance\u00a0du tatouage \u00e9ph\u00e9m\u00e8re. Sa couleur lui octroie un rendu exceptionnel qui fait son succ\u00e8s.","og_url":"https:\/\/www.safinel.fr\/de\/product-2\/weiser-henne-in-kegel\/","og_site_name":"Safinel","article_modified_time":"2024-03-12T13:20:37+00:00","og_image":[{"width":600,"height":600,"url":"https:\/\/www.safinel.fr\/wp-content\/uploads\/2022\/09\/henne-blanc-en-cone.jpg","type":"image\/jpeg"}],"twitter_card":"summary_large_image","twitter_misc":{"Gesch\u00e4tzte Lesezeit":"3\u00a0Minuten"},"schema":{"@context":"https:\/\/schema.org","@graph":[{"@type":"WebPage","@id":"https:\/\/www.safinel.fr\/produit\/henne-blanc-en-cone\/","url":"https:\/\/www.safinel.fr\/produit\/henne-blanc-en-cone\/","name":"Wei\u00dfes Henna in Kegelform I Ideal f\u00fcr Hochzeiten I Sicherer Einkauf","isPartOf":{"@id":"https:\/\/www.safinel.fr\/#website"},"primaryImageOfPage":{"@id":"https:\/\/www.safinel.fr\/produit\/henne-blanc-en-cone\/#primaryimage"},"image":{"@id":"https:\/\/www.safinel.fr\/produit\/henne-blanc-en-cone\/#primaryimage"},"thumbnailUrl":"https:\/\/www.safinel.fr\/wp-content\/uploads\/2022\/09\/henne-blanc-en-cone.jpg","datePublished":"2022-09-11T10:10:54+00:00","dateModified":"2024-03-12T13:20:37+00:00","description":"Wei\u00dfes Henna ist der neue Trend unter den verg\u00e4nglichen Tattoos. Seine Farbe verleiht ihm ein au\u00dfergew\u00f6hnliches Aussehen, was seinen Erfolg ausmacht.","breadcrumb":{"@id":"https:\/\/www.safinel.fr\/produit\/henne-blanc-en-cone\/#breadcrumb"},"inLanguage":"de","potentialAction":[{"@type":"ReadAction","target":["https:\/\/www.safinel.fr\/produit\/henne-blanc-en-cone\/"]}]},{"@type":"ImageObject","inLanguage":"de","@id":"https:\/\/www.safinel.fr\/produit\/henne-blanc-en-cone\/#primaryimage","url":"https:\/\/www.safinel.fr\/wp-content\/uploads\/2022\/09\/henne-blanc-en-cone.jpg","contentUrl":"https:\/\/www.safinel.fr\/wp-content\/uploads\/2022\/09\/henne-blanc-en-cone.jpg","width":600,"height":600,"caption":"Henn\u00e9 blanc en c\u00f4ne"},{"@type":"BreadcrumbList","@id":"https:\/\/www.safinel.fr\/produit\/henne-blanc-en-cone\/#breadcrumb","itemListElement":[{"@type":"ListItem","position":1,"name":"Accueil","item":"https:\/\/www.safinel.fr\/"},{"@type":"ListItem","position":2,"name":"Boutique","item":"https:\/\/www.safinel.fr\/boutique\/"},{"@type":"ListItem","position":3,"name":"Henn\u00e9 blanc en c\u00f4ne"}]},{"@type":"WebSite","@id":"https:\/\/www.safinel.fr\/#website","url":"https:\/\/www.safinel.fr\/","name":"Safinel","description":"","publisher":{"@id":"https:\/\/www.safinel.fr\/#organization"},"potentialAction":[{"@type":"SearchAction","target":{"@type":"EntryPoint","urlTemplate":"https:\/\/www.safinel.fr\/?s={search_term_string}"},"query-input":{"@type":"PropertyValueSpecification","valueRequired":true,"valueName":"search_term_string"}}],"inLanguage":"de"},{"@type":"Organization","@id":"https:\/\/www.safinel.fr\/#organization","name":"Safinel","url":"https:\/\/www.safinel.fr\/","logo":{"@type":"ImageObject","inLanguage":"de","@id":"https:\/\/www.safinel.fr\/#\/schema\/logo\/image\/","url":"https:\/\/www.safinel.fr\/wp-content\/uploads\/2021\/05\/boutique-cosmetique.png","contentUrl":"https:\/\/www.safinel.fr\/wp-content\/uploads\/2021\/05\/boutique-cosmetique.png","width":800,"height":200,"caption":"Safinel"},"image":{"@id":"https:\/\/www.safinel.fr\/#\/schema\/logo\/image\/"}}]}},"_links":{"self":[{"href":"https:\/\/www.safinel.fr\/de\/wp-json\/wp\/v2\/product\/2679","targetHints":{"allow":["GET"]}}],"collection":[{"href":"https:\/\/www.safinel.fr\/de\/wp-json\/wp\/v2\/product"}],"about":[{"href":"https:\/\/www.safinel.fr\/de\/wp-json\/wp\/v2\/types\/product"}],"wp:featuredmedia":[{"embeddable":true,"href":"https:\/\/www.safinel.fr\/de\/wp-json\/wp\/v2\/media\/2683"}],"wp:attachment":[{"href":"https:\/\/www.safinel.fr\/de\/wp-json\/wp\/v2\/media?parent=2679"}],"wp:term":[{"taxonomy":"product_brand","embeddable":true,"href":"https:\/\/www.safinel.fr\/de\/wp-json\/wp\/v2\/product_brand?post=2679"},{"taxonomy":"product_cat","embeddable":true,"href":"https:\/\/www.safinel.fr\/de\/wp-json\/wp\/v2\/product_cat?post=2679"},{"taxonomy":"product_tag","embeddable":true,"href":"https:\/\/www.safinel.fr\/de\/wp-json\/wp\/v2\/product_tag?post=2679"}],"curies":[{"name":"wp","href":"https:\/\/api.w.org\/{rel}","templated":true}]}}