{"id":2675,"date":"2022-09-11T09:45:13","date_gmt":"2022-09-11T09:45:13","guid":{"rendered":"https:\/\/www.safinel.fr\/?post_type=product&#038;p=2675"},"modified":"2024-07-17T07:52:53","modified_gmt":"2024-07-17T07:52:53","slug":"dambunu-blatter","status":"publish","type":"product","link":"https:\/\/www.safinel.fr\/de\/product-2\/dambunu-blatter\/","title":{"rendered":"Ambunu-Bl\u00e4tter (Nat\u00fcrliches Entwirrungsgras)"},"content":{"rendered":"<p>Heutzutage gewinnt die R\u00fcckkehr zur Nat\u00fcrlichkeit im Bereich der Sch\u00f6nheitspflege immer mehr an Bedeutung, egal ob es sich um K\u00f6rper- oder Haarpflege handelt. In der Tat, f\u00fcr <a href=\"https:\/\/www.safinel.fr\/de\/product-category-2\/haarbotox\/\"><strong>Haarpflege<\/strong><\/a>, Es gibt eine Reihe von Pflanzen, die verschiedene Vorteile f\u00fcr das Haar haben. Dazu geh\u00f6rt auch Ambunu, ein sehr interessantes afrikanisches Kraut, das f\u00fcr die nat\u00fcrliche Entwirrung des Haares sehr n\u00fctzlich ist. Hier ist ein \u00dcberblick \u00fcber dieses Wunder der Natur.<\/p>\n<h2><strong>Ambunu: Was ist das?\u00a0<\/strong><\/h2>\n<p>Es handelt sich um ein Kraut, das in einigen afrikanischen L\u00e4ndern w\u00e4chst, wie: Tschad, Niger, Burkina-Faso, Mosambik. Ambunu, auch Falscher Sesam genannt, mit dem wissenschaftlichen Namen Ceratotheca sesamoides, ist eine Pflanze aus der Familie der Pedaliaceae, die saisonal w\u00e4chst, oft direkt nach den Regenzeiten. Es ist eine krautige Pflanze, die \u00fcber mehrere Vorteile verf\u00fcgt.<\/p>\n<p>Es wird in der afrikanischen Pharmakop\u00f6e zur Heilung verschiedener Krankheiten verwendet, ist aber auch sehr n\u00fctzlich f\u00fcr die Haarpflege. Wenn sie in getrocknetem und pulverisiertem Zustand verwendet wird, hat sie eine klebrige Textur, was ihr ihre Rolle als nat\u00fcrlicher Entwirrer der Haare verleiht. Ambunu ist eine Pflanze, die viele Antioxidantien und Aminos\u00e4uren enth\u00e4lt. Diese machen sie zu einer entz\u00fcndungshemmenden und antioxidativen Pflanze.<\/p>\n<h2><strong>Die Eigenschaften von Ambunu auf das Haar<\/strong><\/h2>\n<p>Neben diesen essbaren Eigenschaften verf\u00fcgt Ambunu \u00fcber eine Reihe weiterer Eigenschaften f\u00fcr das Haar. Die Pflanze enth\u00e4lt n\u00e4mlich in gro\u00dfen Mengen Saponin. Dabei handelt es sich um ein nat\u00fcrliches Molek\u00fcl, das Ambunu die weichmachende und entwirrende Eigenschaft verleiht. Mit seinen antiseptischen Eigenschaften und der oberfl\u00e4chenaktiven Eigenschaft der Saponine spendet Ambunu dem Haar intensive Feuchtigkeit, macht es geschmeidig und l\u00e4sst sich leicht entwirren. Es ist eine nat\u00fcrliche Pflanze, die den Haarausfall begrenzt, indem sie trockener Kopfhaut vorbeugt.<\/p>\n<p>Sie st\u00e4rkt das Haar, indem sie ihm Volumen verleiht. Ambunu ist eine nat\u00fcrliche Entwirrungs- und Weichmachpflanze und pflegt Ihr Haar, indem es ihm Glanz verleiht. Es ist ein nat\u00fcrlicher Conditioner, der Alopezie bek\u00e4mpft und das Haarwachstum anregt. Es wird dringend empfohlen, es zum Entwirren Ihrer Haare zu verwenden, da diese Pflanze neben all diesen Vorteilen auch helfen kann, Ihre Kopfhaut von Juckreiz zu befreien und Schuppen aus Ihren Haaren zu entfernen.<\/p>\n<h3><strong>Wie Sie dieses nat\u00fcrliche Entwirrungsgras f\u00fcr Ihre Haarpflege verwenden k\u00f6nnen<\/strong><\/h3>\n<p>Die Verwendung dieser Pflanze f\u00fcr die Haarpflege ist sehr einfach und leicht zu bewerkstelligen. Es handelt sich um ein Produkt, das Sie als Erg\u00e4nzung zu Ihrem Shampoo verwenden k\u00f6nnen. F\u00fcr die Zubereitung ben\u00f6tigen Sie nur hei\u00dfes Wasser und einen kleinen Beh\u00e4lter. Geben Sie also in etwa einen Liter hei\u00dfes Wasser und geben Sie ein bis zwei Essl\u00f6ffel Ambunu-Pulver oder getrocknete Bl\u00e4tter hinein.<\/p>\n<p>Lassen Sie es mindestens 30 Minuten ruhen, damit Sie die eigentliche Zusammensetzung Ihrer nat\u00fcrlichen Haarsp\u00fclung vornehmen k\u00f6nnen.<\/p>\n<p>Wenn die Zusammensetzung mit der idealen Textur vollst\u00e4ndig abgek\u00fchlt ist, tragen Sie sie auf die <strong>Haar<\/strong> leicht feucht halten. Anschlie\u00dfend massieren Sie die Kopfhaut gut, damit das Wasser des Produkts in die Kopfhaut eindringen kann. Mithilfe einer B\u00fcrste entwirren Sie das Haar. Sie k\u00f6nnen das Produkt einige Minuten im Haar lassen oder es direkt nach dem Entwirren mit viel Wasser aussp\u00fclen.<\/p>","protected":false},"excerpt":{"rendered":"<p>Die Verwendung dieser Pflanze f\u00fcr die Haarpflege ist sehr einfach und sehr leicht zu bewerkstelligen.<\/p>\n<p>Es ist ein Produkt, das Sie als Erg\u00e4nzung zu Ihrem Shampoo verwenden k\u00f6nnen.<\/p>\n<p><img decoding=\"async\" class=\"size-full wp-image-5091 aligncenter\" src=\"https:\/\/www.safinel.fr\/wp-content\/uploads\/2021\/06\/BANNIERE-ICONE-SAFINEL.webp\" alt=\"Satines-R\u00fcckversicherung\" width=\"800\" height=\"200\" srcset=\"https:\/\/www.safinel.fr\/wp-content\/uploads\/2021\/06\/BANNIERE-ICONE-SAFINEL.webp 800w, https:\/\/www.safinel.fr\/wp-content\/uploads\/2021\/06\/BANNIERE-ICONE-SAFINEL-600x150.webp 600w, https:\/\/www.safinel.fr\/wp-content\/uploads\/2021\/06\/BANNIERE-ICONE-SAFINEL-768x192.webp 768w\" sizes=\"(max-width: 800px) 100vw, 800px\" \/><\/p>","protected":false},"featured_media":2676,"template":"","meta":[],"product_brand":[],"product_cat":[27],"product_tag":[],"class_list":{"0":"post-2675","1":"product","2":"type-product","3":"status-publish","4":"has-post-thumbnail","6":"product_cat-plantes-medicinales","8":"first","9":"outofstock","10":"shipping-taxable","11":"purchasable","12":"product-type-variable"},"yoast_head":"<!-- This site is optimized with the Yoast SEO plugin v26.6 - https:\/\/yoast.com\/wordpress\/plugins\/seo\/ -->\n<title>Ambunu I Herbe d\u00e9m\u00ealante naturelle I Achat s\u00e9curis\u00e9<\/title>\n<meta name=\"description\" content=\"Pour les soins capillaires, il existe plusieurs plantes qui disposent de divers avantages pour les cheveux. Parmi celles-ci, il y a l\u2019ambunu.\" \/>\n<meta name=\"robots\" content=\"index, follow, max-snippet:-1, max-image-preview:large, max-video-preview:-1\" \/>\n<link rel=\"canonical\" href=\"https:\/\/www.safinel.fr\/de\/product-2\/dambunu-blatter\/\" \/>\n<meta property=\"og:locale\" content=\"de_DE\" \/>\n<meta property=\"og:type\" content=\"article\" \/>\n<meta property=\"og:title\" content=\"Ambunu I Herbe d\u00e9m\u00ealante naturelle I Achat s\u00e9curis\u00e9\" \/>\n<meta property=\"og:description\" content=\"Pour les soins capillaires, il existe plusieurs plantes qui disposent de divers avantages pour les cheveux. Parmi celles-ci, il y a l\u2019ambunu.\" \/>\n<meta property=\"og:url\" content=\"https:\/\/www.safinel.fr\/de\/product-2\/dambunu-blatter\/\" \/>\n<meta property=\"og:site_name\" content=\"Safinel\" \/>\n<meta property=\"article:modified_time\" content=\"2024-07-17T07:52:53+00:00\" \/>\n<meta property=\"og:image\" content=\"https:\/\/www.safinel.fr\/wp-content\/uploads\/2022\/09\/feuilles-ambunu.jpg\" \/>\n\t<meta property=\"og:image:width\" content=\"600\" \/>\n\t<meta property=\"og:image:height\" content=\"600\" \/>\n\t<meta property=\"og:image:type\" content=\"image\/jpeg\" \/>\n<meta name=\"twitter:card\" content=\"summary_large_image\" \/>\n<meta name=\"twitter:label1\" content=\"Gesch\u00e4tzte Lesezeit\" \/>\n\t<meta name=\"twitter:data1\" content=\"3\u00a0Minuten\" \/>\n<script type=\"application\/ld+json\" class=\"yoast-schema-graph\">{\"@context\":\"https:\/\/schema.org\",\"@graph\":[{\"@type\":\"WebPage\",\"@id\":\"https:\/\/www.safinel.fr\/produit\/feuilles-dambunu\/\",\"url\":\"https:\/\/www.safinel.fr\/produit\/feuilles-dambunu\/\",\"name\":\"Ambunu I Herbe d\u00e9m\u00ealante naturelle I Achat s\u00e9curis\u00e9\",\"isPartOf\":{\"@id\":\"https:\/\/www.safinel.fr\/#website\"},\"primaryImageOfPage\":{\"@id\":\"https:\/\/www.safinel.fr\/produit\/feuilles-dambunu\/#primaryimage\"},\"image\":{\"@id\":\"https:\/\/www.safinel.fr\/produit\/feuilles-dambunu\/#primaryimage\"},\"thumbnailUrl\":\"https:\/\/www.safinel.fr\/wp-content\/uploads\/2022\/09\/feuilles-ambunu.jpg\",\"datePublished\":\"2022-09-11T09:45:13+00:00\",\"dateModified\":\"2024-07-17T07:52:53+00:00\",\"description\":\"Pour les soins capillaires, il existe plusieurs plantes qui disposent de divers avantages pour les cheveux. Parmi celles-ci, il y a l\u2019ambunu.\",\"breadcrumb\":{\"@id\":\"https:\/\/www.safinel.fr\/produit\/feuilles-dambunu\/#breadcrumb\"},\"inLanguage\":\"de\",\"potentialAction\":[{\"@type\":\"ReadAction\",\"target\":[\"https:\/\/www.safinel.fr\/produit\/feuilles-dambunu\/\"]}]},{\"@type\":\"ImageObject\",\"inLanguage\":\"de\",\"@id\":\"https:\/\/www.safinel.fr\/produit\/feuilles-dambunu\/#primaryimage\",\"url\":\"https:\/\/www.safinel.fr\/wp-content\/uploads\/2022\/09\/feuilles-ambunu.jpg\",\"contentUrl\":\"https:\/\/www.safinel.fr\/wp-content\/uploads\/2022\/09\/feuilles-ambunu.jpg\",\"width\":600,\"height\":600,\"caption\":\"Ambunu I Herbe d\u00e9m\u00ealante naturelle\"},{\"@type\":\"BreadcrumbList\",\"@id\":\"https:\/\/www.safinel.fr\/produit\/feuilles-dambunu\/#breadcrumb\",\"itemListElement\":[{\"@type\":\"ListItem\",\"position\":1,\"name\":\"Accueil\",\"item\":\"https:\/\/www.safinel.fr\/\"},{\"@type\":\"ListItem\",\"position\":2,\"name\":\"Boutique\",\"item\":\"https:\/\/www.safinel.fr\/boutique\/\"},{\"@type\":\"ListItem\",\"position\":3,\"name\":\"Feuilles d&#8217;ambunu (Herbe d\u00e9m\u00ealante naturelle)\"}]},{\"@type\":\"WebSite\",\"@id\":\"https:\/\/www.safinel.fr\/#website\",\"url\":\"https:\/\/www.safinel.fr\/\",\"name\":\"Safinel\",\"description\":\"\",\"publisher\":{\"@id\":\"https:\/\/www.safinel.fr\/#organization\"},\"potentialAction\":[{\"@type\":\"SearchAction\",\"target\":{\"@type\":\"EntryPoint\",\"urlTemplate\":\"https:\/\/www.safinel.fr\/?s={search_term_string}\"},\"query-input\":{\"@type\":\"PropertyValueSpecification\",\"valueRequired\":true,\"valueName\":\"search_term_string\"}}],\"inLanguage\":\"de\"},{\"@type\":\"Organization\",\"@id\":\"https:\/\/www.safinel.fr\/#organization\",\"name\":\"Safinel\",\"url\":\"https:\/\/www.safinel.fr\/\",\"logo\":{\"@type\":\"ImageObject\",\"inLanguage\":\"de\",\"@id\":\"https:\/\/www.safinel.fr\/#\/schema\/logo\/image\/\",\"url\":\"https:\/\/www.safinel.fr\/wp-content\/uploads\/2021\/05\/boutique-cosmetique.png\",\"contentUrl\":\"https:\/\/www.safinel.fr\/wp-content\/uploads\/2021\/05\/boutique-cosmetique.png\",\"width\":800,\"height\":200,\"caption\":\"Safinel\"},\"image\":{\"@id\":\"https:\/\/www.safinel.fr\/#\/schema\/logo\/image\/\"}}]}<\/script>\n<!-- \/ Yoast SEO plugin. -->","yoast_head_json":{"title":"Ambunu I Nat\u00fcrliches Entwirrungsgras I Sicherer Einkauf","description":"F\u00fcr die Haarpflege gibt es mehrere Pflanzen, die \u00fcber verschiedene Vorteile f\u00fcr das Haar verf\u00fcgen. Zu diesen Pflanzen geh\u00f6rt Ambunu.","robots":{"index":"index","follow":"follow","max-snippet":"max-snippet:-1","max-image-preview":"max-image-preview:large","max-video-preview":"max-video-preview:-1"},"canonical":"https:\/\/www.safinel.fr\/de\/product-2\/dambunu-blatter\/","og_locale":"de_DE","og_type":"article","og_title":"Ambunu I Herbe d\u00e9m\u00ealante naturelle I Achat s\u00e9curis\u00e9","og_description":"Pour les soins capillaires, il existe plusieurs plantes qui disposent de divers avantages pour les cheveux. Parmi celles-ci, il y a l\u2019ambunu.","og_url":"https:\/\/www.safinel.fr\/de\/product-2\/dambunu-blatter\/","og_site_name":"Safinel","article_modified_time":"2024-07-17T07:52:53+00:00","og_image":[{"width":600,"height":600,"url":"https:\/\/www.safinel.fr\/wp-content\/uploads\/2022\/09\/feuilles-ambunu.jpg","type":"image\/jpeg"}],"twitter_card":"summary_large_image","twitter_misc":{"Gesch\u00e4tzte Lesezeit":"3\u00a0Minuten"},"schema":{"@context":"https:\/\/schema.org","@graph":[{"@type":"WebPage","@id":"https:\/\/www.safinel.fr\/produit\/feuilles-dambunu\/","url":"https:\/\/www.safinel.fr\/produit\/feuilles-dambunu\/","name":"Ambunu I Nat\u00fcrliches Entwirrungsgras I Sicherer Einkauf","isPartOf":{"@id":"https:\/\/www.safinel.fr\/#website"},"primaryImageOfPage":{"@id":"https:\/\/www.safinel.fr\/produit\/feuilles-dambunu\/#primaryimage"},"image":{"@id":"https:\/\/www.safinel.fr\/produit\/feuilles-dambunu\/#primaryimage"},"thumbnailUrl":"https:\/\/www.safinel.fr\/wp-content\/uploads\/2022\/09\/feuilles-ambunu.jpg","datePublished":"2022-09-11T09:45:13+00:00","dateModified":"2024-07-17T07:52:53+00:00","description":"F\u00fcr die Haarpflege gibt es mehrere Pflanzen, die \u00fcber verschiedene Vorteile f\u00fcr das Haar verf\u00fcgen. Zu diesen Pflanzen geh\u00f6rt Ambunu.","breadcrumb":{"@id":"https:\/\/www.safinel.fr\/produit\/feuilles-dambunu\/#breadcrumb"},"inLanguage":"de","potentialAction":[{"@type":"ReadAction","target":["https:\/\/www.safinel.fr\/produit\/feuilles-dambunu\/"]}]},{"@type":"ImageObject","inLanguage":"de","@id":"https:\/\/www.safinel.fr\/produit\/feuilles-dambunu\/#primaryimage","url":"https:\/\/www.safinel.fr\/wp-content\/uploads\/2022\/09\/feuilles-ambunu.jpg","contentUrl":"https:\/\/www.safinel.fr\/wp-content\/uploads\/2022\/09\/feuilles-ambunu.jpg","width":600,"height":600,"caption":"Ambunu I Herbe d\u00e9m\u00ealante naturelle"},{"@type":"BreadcrumbList","@id":"https:\/\/www.safinel.fr\/produit\/feuilles-dambunu\/#breadcrumb","itemListElement":[{"@type":"ListItem","position":1,"name":"Accueil","item":"https:\/\/www.safinel.fr\/"},{"@type":"ListItem","position":2,"name":"Boutique","item":"https:\/\/www.safinel.fr\/boutique\/"},{"@type":"ListItem","position":3,"name":"Feuilles d&#8217;ambunu (Herbe d\u00e9m\u00ealante naturelle)"}]},{"@type":"WebSite","@id":"https:\/\/www.safinel.fr\/#website","url":"https:\/\/www.safinel.fr\/","name":"Safinel","description":"","publisher":{"@id":"https:\/\/www.safinel.fr\/#organization"},"potentialAction":[{"@type":"SearchAction","target":{"@type":"EntryPoint","urlTemplate":"https:\/\/www.safinel.fr\/?s={search_term_string}"},"query-input":{"@type":"PropertyValueSpecification","valueRequired":true,"valueName":"search_term_string"}}],"inLanguage":"de"},{"@type":"Organization","@id":"https:\/\/www.safinel.fr\/#organization","name":"Safinel","url":"https:\/\/www.safinel.fr\/","logo":{"@type":"ImageObject","inLanguage":"de","@id":"https:\/\/www.safinel.fr\/#\/schema\/logo\/image\/","url":"https:\/\/www.safinel.fr\/wp-content\/uploads\/2021\/05\/boutique-cosmetique.png","contentUrl":"https:\/\/www.safinel.fr\/wp-content\/uploads\/2021\/05\/boutique-cosmetique.png","width":800,"height":200,"caption":"Safinel"},"image":{"@id":"https:\/\/www.safinel.fr\/#\/schema\/logo\/image\/"}}]}},"_links":{"self":[{"href":"https:\/\/www.safinel.fr\/de\/wp-json\/wp\/v2\/product\/2675","targetHints":{"allow":["GET"]}}],"collection":[{"href":"https:\/\/www.safinel.fr\/de\/wp-json\/wp\/v2\/product"}],"about":[{"href":"https:\/\/www.safinel.fr\/de\/wp-json\/wp\/v2\/types\/product"}],"wp:featuredmedia":[{"embeddable":true,"href":"https:\/\/www.safinel.fr\/de\/wp-json\/wp\/v2\/media\/2676"}],"wp:attachment":[{"href":"https:\/\/www.safinel.fr\/de\/wp-json\/wp\/v2\/media?parent=2675"}],"wp:term":[{"taxonomy":"product_brand","embeddable":true,"href":"https:\/\/www.safinel.fr\/de\/wp-json\/wp\/v2\/product_brand?post=2675"},{"taxonomy":"product_cat","embeddable":true,"href":"https:\/\/www.safinel.fr\/de\/wp-json\/wp\/v2\/product_cat?post=2675"},{"taxonomy":"product_tag","embeddable":true,"href":"https:\/\/www.safinel.fr\/de\/wp-json\/wp\/v2\/product_tag?post=2675"}],"curies":[{"name":"wp","href":"https:\/\/api.w.org\/{rel}","templated":true}]}}