{"id":2671,"date":"2022-09-11T09:39:37","date_gmt":"2022-09-11T09:39:37","guid":{"rendered":"https:\/\/www.safinel.fr\/?post_type=product&#038;p=2671"},"modified":"2023-12-28T17:15:37","modified_gmt":"2023-12-28T17:15:37","slug":"klebreismehl","status":"publish","type":"product","link":"https:\/\/www.safinel.fr\/de\/product-2\/klebreismehl\/","title":{"rendered":"Mehl aus Klebreis"},"content":{"rendered":"<p>Entdecken Sie die\u00a0<strong>Klebreismehl<\/strong>, Die wichtigste Zutat in der asiatischen K\u00fcche! SAFINEL bietet sie in einem 400g-Beutel einzeln oder in einem g\u00fcnstigen 3er-Pack zu einem reduzierten Preis an!<\/p>\n<h2><strong>Mehl aus Klebreis: eine Hauptzutat der asiatischen K\u00fcche!<\/strong><\/h2>\n<p>Klebreismehl ist ein\u00a0<strong>pflanzliche Zutat<\/strong>\u00a0die sich f\u00fcr\u00a0<strong>Veganer<\/strong>, Die\u00a0<strong>Vegetarier<\/strong>\u00a0und Personen\u00a0<strong>mit einer Glutenunvertr\u00e4glichkeit.\u00a0<\/strong><\/p>\n<p>Diese wird n\u00e4mlich von\u00a0<strong>gemahlener klebriger Reis<\/strong>, Dies verleiht dem Mehl nach dem Anfeuchten eine besondere Textur.\u00a0<strong>dick und flauschig<\/strong>.<\/p>\n<p>So bieten wir Ihnen eine\u00a0<strong>hochwertiges Klebreismehl<\/strong>\u00a0mit dem Sie viele\u00a0<strong>asiatische Rezepte<\/strong>\u00a0und andere.<\/p>\n<p>Entdecken Sie auch unsere\u00a0<strong>Klebreis<\/strong>\u00a0aus hochwertigen K\u00f6rnern!<\/p>\n<h2><strong>Wie verwenden Sie Ihr Klebreismehl?<\/strong><\/h2>\n<p>Klebreismehl kann auf viele verschiedene Arten verwendet werden, sei es f\u00fcr Gerichte, Vorspeisen oder Desserts! Sorgen Sie f\u00fcr Abwechslung und entdecken Sie einige seiner Verwendungsm\u00f6glichkeiten :<\/p>\n<ul>\n<li>Erstens ist sie ideal f\u00fcr\u00a0<strong>verdicken\u00a0<\/strong>deine verschiedenen\u00a0<strong>So\u00dfen\u00a0<\/strong>ohne Gluten hinzuzuf\u00fcgen.<\/li>\n<\/ul>\n<ul>\n<li>Zweitens eignet sich diese f\u00fcr viele asiatische S\u00fc\u00dfspeisen und Geb\u00e4ck wie z. B.\u00a0<strong>japanische Mochis<\/strong>, Die\u00a0<strong>Kokoskugeln<\/strong>, am<strong>\u00a0Nian Gao\u00a0<\/strong>oder das<strong>\u00a0Tangyuan\u00a0<\/strong>chinesisch.<\/li>\n<\/ul>\n<ul>\n<li>Sie ist aber auch die Hauptzutat f\u00fcr die Herstellung von\u00a0<strong>selbstgemachte Reiswaffeln.<\/strong><\/li>\n<\/ul>\n<ul>\n<li>Schlie\u00dflich wird sie perfekt f\u00fcr die Gestaltung von\u00a0<strong>Banh Cuon<\/strong>\u00a0(vietnamesische Pfannkuchen).<\/li>\n<\/ul>\n<h2><strong>Unser Rezept f\u00fcr Gourmet-Mochis<\/strong><\/h2>\n<p>Mochi ist eine\u00a0<strong>japanisches Geb\u00e4ck<\/strong>\u00a0der in Japan zu vielen Rezepten gereicht wird. Dieser wird traditionell mit Bohnencreme gef\u00fcllt, kann aber je nach Geschmack leicht mit verschiedenen F\u00fcllungen versehen werden.<\/p>\n<p>Wir stellen Ihnen hier unser Rezept f\u00fcr\u00a0<strong>Mochis mit gro\u00dfz\u00fcgiger Mandelf\u00fcllung<\/strong>\u00a0! Ein purer Genuss! Wagen Sie Mischungen und variieren Sie die Gen\u00fcsse, indem Sie Ihre\u00a0<strong>Nudeln aus Klebreis<\/strong>\u00a0aus deinen Lieblingszutaten!<\/p>\n<h2><strong>Zutaten<\/strong><\/h2>\n<p><strong>F\u00fcr den Mochi-Teig :<\/strong><\/p>\n<ul>\n<li>80 g Mehl aus <a href=\"https:\/\/www.safinel.fr\/de\/product-2\/klebreis\/\"><strong>Klebreis<\/strong><\/a>\u00a0;<\/li>\n<li>70 g Zucker ;<\/li>\n<li>140 ml Wasser.<\/li>\n<li>Maisst\u00e4rke \/ Maizena<\/li>\n<\/ul>\n<p><strong>F\u00fcr den Belag :<\/strong><\/p>\n<ul>\n<li>120 g gemahlene Mandeln ;<\/li>\n<li>80 g Puderzucker ;<\/li>\n<li>40 g Mandelp\u00fcree ;<\/li>\n<li>40 ml Wasser.<\/li>\n<\/ul>\n<h3><strong>Vorbereitung<\/strong><\/h3>\n<p><strong>F\u00fcr den Belag<\/strong><\/p>\n<ol>\n<li>Geben Sie das Mandelpulver, den Puderzucker und das Mandelmus in eine Sch\u00fcssel und verr\u00fchren Sie alles.<\/li>\n<li>Geben Sie dann nach und nach Wasser hinzu und r\u00fchren Sie so lange, bis ein ausreichend cremiger Teig entstanden ist.<\/li>\n<li>Formen Sie schlie\u00dflich kleine Teigb\u00e4lle, mit denen Sie Ihre Mochis garnieren k\u00f6nnen.<\/li>\n<\/ol>\n<p><strong>Mochi-Teig und Zusammensetzen\u00a0<\/strong><\/p>\n<ul>\n<li>Geben Sie zun\u00e4chst das Klebreismehl, den Zucker und das Wasser in eine Glassch\u00fcssel. Dann verr\u00fchren Sie alles, bis eine gleichm\u00e4\u00dfige Mischung entsteht.<\/li>\n<\/ul>\n<ul>\n<li>Filtern Sie dann Ihre Sch\u00fcssel und passieren Sie sie\u00a0<strong>zweimal 1 Minute 30 in der Mikrowelle bei 1000w\u00a0<\/strong>indem Sie den Teig zwischen den beiden Durchg\u00e4ngen leicht durchmischen.<\/li>\n<\/ul>\n<ul>\n<li>Schneiden Sie dann Ihren Teig in mehrere Kugeln. Da der Teig sehr klebrig ist, geben Sie noch etwas\u00a0<strong>Maisst\u00e4rke<\/strong>\u00a0um diesen Schritt zu erleichtern.<\/li>\n<\/ul>\n<ul>\n<li>Gl\u00e4tten Sie schlie\u00dflich mit einem\u00a0<strong>antihaftbeschichtetes Nudelholz<\/strong>\u00a0Die Kugeln mit der Mandelmasse f\u00fcllen und vorsichtig verschlie\u00dfen. Rollen Sie Ihre Mochis so, dass sie gut verschlossen sind und eine sch\u00f6ne runde Form erhalten.<\/li>\n<\/ul>\n<ul>\n<li>Und schon sind Ihre Gourmet-Mandel-Mochis fertig!<\/li>\n<\/ul>","protected":false},"excerpt":{"rendered":"<p>Entdecken Sie das Mehl aus Klebreis, der Hauptzutat der asiatischen K\u00fcche! SAFINEL bietet es Ihnen in einem 400g-Beutel einzeln oder in einem g\u00fcnstigen 3er-Pack zu einem reduzierten Preis an! Mehl aus Klebreis: eine Hauptzutat der asiatischen K\u00fcche! Klebreismehl ist eine pflanzliche Zutat, die f\u00fcr Veganer geeignet ist, [...].","protected":false},"featured_media":2672,"template":"","meta":[],"product_brand":[],"product_cat":[28],"product_tag":[],"class_list":{"0":"post-2671","1":"product","2":"type-product","3":"status-publish","4":"has-post-thumbnail","6":"product_cat-divers","8":"first","9":"instock","10":"shipping-taxable","11":"purchasable","12":"product-type-variable"},"yoast_head":"<!-- This site is optimized with the Yoast SEO plugin v26.6 - https:\/\/yoast.com\/wordpress\/plugins\/seo\/ -->\n<title>Farine de riz gluant I Achat s\u00e9curis\u00e9 I Recettes en ligne<\/title>\n<meta name=\"description\" content=\"D\u00e9couvrez la\u00a0farine de riz gluant, l\u2019ingr\u00e9dient phare dans la cuisine asiatique\u00a0! SAFINEL vous la propose dans un sachet de 400g.\" \/>\n<meta name=\"robots\" content=\"index, follow, max-snippet:-1, max-image-preview:large, max-video-preview:-1\" \/>\n<link rel=\"canonical\" href=\"https:\/\/www.safinel.fr\/de\/product-2\/klebreismehl\/\" \/>\n<meta property=\"og:locale\" content=\"de_DE\" \/>\n<meta property=\"og:type\" content=\"article\" \/>\n<meta property=\"og:title\" content=\"Farine de riz gluant I Achat s\u00e9curis\u00e9 I Recettes en ligne\" \/>\n<meta property=\"og:description\" content=\"D\u00e9couvrez la\u00a0farine de riz gluant, l\u2019ingr\u00e9dient phare dans la cuisine asiatique\u00a0! SAFINEL vous la propose dans un sachet de 400g.\" \/>\n<meta property=\"og:url\" content=\"https:\/\/www.safinel.fr\/de\/product-2\/klebreismehl\/\" \/>\n<meta property=\"og:site_name\" content=\"Safinel\" \/>\n<meta property=\"article:modified_time\" content=\"2023-12-28T17:15:37+00:00\" \/>\n<meta property=\"og:image\" content=\"https:\/\/www.safinel.fr\/wp-content\/uploads\/2022\/09\/farine-de-riz-gluant.jpg\" \/>\n\t<meta property=\"og:image:width\" content=\"600\" \/>\n\t<meta property=\"og:image:height\" content=\"600\" \/>\n\t<meta property=\"og:image:type\" content=\"image\/jpeg\" \/>\n<meta name=\"twitter:card\" content=\"summary_large_image\" \/>\n<meta name=\"twitter:label1\" content=\"Gesch\u00e4tzte Lesezeit\" \/>\n\t<meta name=\"twitter:data1\" content=\"3\u00a0Minuten\" \/>\n<script type=\"application\/ld+json\" class=\"yoast-schema-graph\">{\"@context\":\"https:\/\/schema.org\",\"@graph\":[{\"@type\":\"WebPage\",\"@id\":\"https:\/\/www.safinel.fr\/produit\/farine-de-riz-gluant\/\",\"url\":\"https:\/\/www.safinel.fr\/produit\/farine-de-riz-gluant\/\",\"name\":\"Farine de riz gluant I Achat s\u00e9curis\u00e9 I Recettes en ligne\",\"isPartOf\":{\"@id\":\"https:\/\/www.safinel.fr\/#website\"},\"primaryImageOfPage\":{\"@id\":\"https:\/\/www.safinel.fr\/produit\/farine-de-riz-gluant\/#primaryimage\"},\"image\":{\"@id\":\"https:\/\/www.safinel.fr\/produit\/farine-de-riz-gluant\/#primaryimage\"},\"thumbnailUrl\":\"https:\/\/www.safinel.fr\/wp-content\/uploads\/2022\/09\/farine-de-riz-gluant.jpg\",\"datePublished\":\"2022-09-11T09:39:37+00:00\",\"dateModified\":\"2023-12-28T17:15:37+00:00\",\"description\":\"D\u00e9couvrez la\u00a0farine de riz gluant, l\u2019ingr\u00e9dient phare dans la cuisine asiatique\u00a0! SAFINEL vous la propose dans un sachet de 400g.\",\"breadcrumb\":{\"@id\":\"https:\/\/www.safinel.fr\/produit\/farine-de-riz-gluant\/#breadcrumb\"},\"inLanguage\":\"de\",\"potentialAction\":[{\"@type\":\"ReadAction\",\"target\":[\"https:\/\/www.safinel.fr\/produit\/farine-de-riz-gluant\/\"]}]},{\"@type\":\"ImageObject\",\"inLanguage\":\"de\",\"@id\":\"https:\/\/www.safinel.fr\/produit\/farine-de-riz-gluant\/#primaryimage\",\"url\":\"https:\/\/www.safinel.fr\/wp-content\/uploads\/2022\/09\/farine-de-riz-gluant.jpg\",\"contentUrl\":\"https:\/\/www.safinel.fr\/wp-content\/uploads\/2022\/09\/farine-de-riz-gluant.jpg\",\"width\":600,\"height\":600,\"caption\":\"Farine de riz gluant\"},{\"@type\":\"BreadcrumbList\",\"@id\":\"https:\/\/www.safinel.fr\/produit\/farine-de-riz-gluant\/#breadcrumb\",\"itemListElement\":[{\"@type\":\"ListItem\",\"position\":1,\"name\":\"Accueil\",\"item\":\"https:\/\/www.safinel.fr\/\"},{\"@type\":\"ListItem\",\"position\":2,\"name\":\"Boutique\",\"item\":\"https:\/\/www.safinel.fr\/boutique\/\"},{\"@type\":\"ListItem\",\"position\":3,\"name\":\"Farine de riz gluant\"}]},{\"@type\":\"WebSite\",\"@id\":\"https:\/\/www.safinel.fr\/#website\",\"url\":\"https:\/\/www.safinel.fr\/\",\"name\":\"Safinel\",\"description\":\"\",\"publisher\":{\"@id\":\"https:\/\/www.safinel.fr\/#organization\"},\"potentialAction\":[{\"@type\":\"SearchAction\",\"target\":{\"@type\":\"EntryPoint\",\"urlTemplate\":\"https:\/\/www.safinel.fr\/?s={search_term_string}\"},\"query-input\":{\"@type\":\"PropertyValueSpecification\",\"valueRequired\":true,\"valueName\":\"search_term_string\"}}],\"inLanguage\":\"de\"},{\"@type\":\"Organization\",\"@id\":\"https:\/\/www.safinel.fr\/#organization\",\"name\":\"Safinel\",\"url\":\"https:\/\/www.safinel.fr\/\",\"logo\":{\"@type\":\"ImageObject\",\"inLanguage\":\"de\",\"@id\":\"https:\/\/www.safinel.fr\/#\/schema\/logo\/image\/\",\"url\":\"https:\/\/www.safinel.fr\/wp-content\/uploads\/2021\/05\/boutique-cosmetique.png\",\"contentUrl\":\"https:\/\/www.safinel.fr\/wp-content\/uploads\/2021\/05\/boutique-cosmetique.png\",\"width\":800,\"height\":200,\"caption\":\"Safinel\"},\"image\":{\"@id\":\"https:\/\/www.safinel.fr\/#\/schema\/logo\/image\/\"}}]}<\/script>\n<!-- \/ Yoast SEO plugin. -->","yoast_head_json":{"title":"Klebreismehl I Sicheres Einkaufen I Rezepte online","description":"Entdecken Sie das Mehl aus Klebreis, der Hauptzutat in der asiatischen K\u00fcche! SAFINEL bietet es Ihnen in einem 400g-Beutel an.","robots":{"index":"index","follow":"follow","max-snippet":"max-snippet:-1","max-image-preview":"max-image-preview:large","max-video-preview":"max-video-preview:-1"},"canonical":"https:\/\/www.safinel.fr\/de\/product-2\/klebreismehl\/","og_locale":"de_DE","og_type":"article","og_title":"Farine de riz gluant I Achat s\u00e9curis\u00e9 I Recettes en ligne","og_description":"D\u00e9couvrez la\u00a0farine de riz gluant, l\u2019ingr\u00e9dient phare dans la cuisine asiatique\u00a0! SAFINEL vous la propose dans un sachet de 400g.","og_url":"https:\/\/www.safinel.fr\/de\/product-2\/klebreismehl\/","og_site_name":"Safinel","article_modified_time":"2023-12-28T17:15:37+00:00","og_image":[{"width":600,"height":600,"url":"https:\/\/www.safinel.fr\/wp-content\/uploads\/2022\/09\/farine-de-riz-gluant.jpg","type":"image\/jpeg"}],"twitter_card":"summary_large_image","twitter_misc":{"Gesch\u00e4tzte Lesezeit":"3\u00a0Minuten"},"schema":{"@context":"https:\/\/schema.org","@graph":[{"@type":"WebPage","@id":"https:\/\/www.safinel.fr\/produit\/farine-de-riz-gluant\/","url":"https:\/\/www.safinel.fr\/produit\/farine-de-riz-gluant\/","name":"Klebreismehl I Sicheres Einkaufen I Rezepte online","isPartOf":{"@id":"https:\/\/www.safinel.fr\/#website"},"primaryImageOfPage":{"@id":"https:\/\/www.safinel.fr\/produit\/farine-de-riz-gluant\/#primaryimage"},"image":{"@id":"https:\/\/www.safinel.fr\/produit\/farine-de-riz-gluant\/#primaryimage"},"thumbnailUrl":"https:\/\/www.safinel.fr\/wp-content\/uploads\/2022\/09\/farine-de-riz-gluant.jpg","datePublished":"2022-09-11T09:39:37+00:00","dateModified":"2023-12-28T17:15:37+00:00","description":"Entdecken Sie das Mehl aus Klebreis, der Hauptzutat in der asiatischen K\u00fcche! SAFINEL bietet es Ihnen in einem 400g-Beutel an.","breadcrumb":{"@id":"https:\/\/www.safinel.fr\/produit\/farine-de-riz-gluant\/#breadcrumb"},"inLanguage":"de","potentialAction":[{"@type":"ReadAction","target":["https:\/\/www.safinel.fr\/produit\/farine-de-riz-gluant\/"]}]},{"@type":"ImageObject","inLanguage":"de","@id":"https:\/\/www.safinel.fr\/produit\/farine-de-riz-gluant\/#primaryimage","url":"https:\/\/www.safinel.fr\/wp-content\/uploads\/2022\/09\/farine-de-riz-gluant.jpg","contentUrl":"https:\/\/www.safinel.fr\/wp-content\/uploads\/2022\/09\/farine-de-riz-gluant.jpg","width":600,"height":600,"caption":"Farine de riz gluant"},{"@type":"BreadcrumbList","@id":"https:\/\/www.safinel.fr\/produit\/farine-de-riz-gluant\/#breadcrumb","itemListElement":[{"@type":"ListItem","position":1,"name":"Accueil","item":"https:\/\/www.safinel.fr\/"},{"@type":"ListItem","position":2,"name":"Boutique","item":"https:\/\/www.safinel.fr\/boutique\/"},{"@type":"ListItem","position":3,"name":"Farine de riz gluant"}]},{"@type":"WebSite","@id":"https:\/\/www.safinel.fr\/#website","url":"https:\/\/www.safinel.fr\/","name":"Safinel","description":"","publisher":{"@id":"https:\/\/www.safinel.fr\/#organization"},"potentialAction":[{"@type":"SearchAction","target":{"@type":"EntryPoint","urlTemplate":"https:\/\/www.safinel.fr\/?s={search_term_string}"},"query-input":{"@type":"PropertyValueSpecification","valueRequired":true,"valueName":"search_term_string"}}],"inLanguage":"de"},{"@type":"Organization","@id":"https:\/\/www.safinel.fr\/#organization","name":"Safinel","url":"https:\/\/www.safinel.fr\/","logo":{"@type":"ImageObject","inLanguage":"de","@id":"https:\/\/www.safinel.fr\/#\/schema\/logo\/image\/","url":"https:\/\/www.safinel.fr\/wp-content\/uploads\/2021\/05\/boutique-cosmetique.png","contentUrl":"https:\/\/www.safinel.fr\/wp-content\/uploads\/2021\/05\/boutique-cosmetique.png","width":800,"height":200,"caption":"Safinel"},"image":{"@id":"https:\/\/www.safinel.fr\/#\/schema\/logo\/image\/"}}]}},"_links":{"self":[{"href":"https:\/\/www.safinel.fr\/de\/wp-json\/wp\/v2\/product\/2671","targetHints":{"allow":["GET"]}}],"collection":[{"href":"https:\/\/www.safinel.fr\/de\/wp-json\/wp\/v2\/product"}],"about":[{"href":"https:\/\/www.safinel.fr\/de\/wp-json\/wp\/v2\/types\/product"}],"wp:featuredmedia":[{"embeddable":true,"href":"https:\/\/www.safinel.fr\/de\/wp-json\/wp\/v2\/media\/2672"}],"wp:attachment":[{"href":"https:\/\/www.safinel.fr\/de\/wp-json\/wp\/v2\/media?parent=2671"}],"wp:term":[{"taxonomy":"product_brand","embeddable":true,"href":"https:\/\/www.safinel.fr\/de\/wp-json\/wp\/v2\/product_brand?post=2671"},{"taxonomy":"product_cat","embeddable":true,"href":"https:\/\/www.safinel.fr\/de\/wp-json\/wp\/v2\/product_cat?post=2671"},{"taxonomy":"product_tag","embeddable":true,"href":"https:\/\/www.safinel.fr\/de\/wp-json\/wp\/v2\/product_tag?post=2671"}],"curies":[{"name":"wp","href":"https:\/\/api.w.org\/{rel}","templated":true}]}}