{"id":267,"date":"2021-07-24T18:58:59","date_gmt":"2021-07-24T18:58:59","guid":{"rendered":"https:\/\/www.safinel.fr\/?post_type=product&#038;p=267"},"modified":"2023-12-28T17:15:04","modified_gmt":"2023-12-28T17:15:04","slug":"festes-shampoo-mit-ingwer-gegen-haarausfall-65g","status":"publish","type":"product","link":"https:\/\/www.safinel.fr\/de\/product-2\/festes-shampoo-mit-ingwer-gegen-haarausfall-65g\/","title":{"rendered":"Festes Shampoo mit Ingwer gegen Haarausfall 65g"},"content":{"rendered":"<p>Was sagen Sie zu einem <i>umweltfreundliches Shampoo, das wirksam ist und Ihnen Geld spart<\/i> ? Unser <b>festes Seifenst\u00fcck<\/b> erf\u00fcllt alle Ihre Erwartungen!<span class=\"Apple-converted-space\">\u00a0<\/span>Unser <b>nat\u00fcrliches festes Shampoo gegen Haarausfall ist mit Ingwer angereichert<\/b>, Das macht sie zu einer der besten Haarpflegeprodukte der Welt. Wenn Sie also sch\u00f6ne Haare haben wollen, sollten Sie diese kleine Kosmetika mit Null-Abfall-Anteil verwenden!<span class=\"Apple-converted-space\">\u00a0<\/span><\/p>\n<h2><b>Ein nat\u00fcrliches Shampoo gegen Haarausfall: wirksam und gesund!<span class=\"Apple-converted-space\">\u00a0<\/span><\/b><\/h2>\n<p>Es ist schwer, schlechte Gewohnheiten abzulegen. Denn ja, das klassische Fl\u00fcssigshampoo ist eine schlechte Angewohnheit. Es ist umweltsch\u00e4dlich, manchmal teuer und seine Zusammensetzung ist alles andere als vorbildlich. Ganz im Gegenteil.<span class=\"Apple-converted-space\">\u00a0<\/span><\/p>\n<p>Wenn Ihnen also jemand sagt, dass dieser<b> kleiner Kieselstein aus Naturseife<\/b> kann Ihnen helfen, auf sich selbst zu achten. Und gleichzeitig auf die Umwelt achten ... Sie sollten die Gelegenheit beim Schopf packen!<span class=\"Apple-converted-space\">\u00a0<\/span><\/p>\n<p>Dieses Shampoo ist ein Konzentrat aus nat\u00fcrlichen Inhaltsstoffen. Eine einzigartige, gekonnt zusammengestellte Formel. Mit einer st\u00e4rkenden Wirkung gegen Haarausfall.<span class=\"Apple-converted-space\">\u00a0<\/span><\/p>\n<p><b>Zutaten : <\/b><i>Sodium coco sulfate, <a href=\"https:\/\/www.deodorant-naturel.com\/produit\/shampoing-solide-au-cafe-et-beurre-de-cacao-65g\/\"><strong>Kakaobutter<\/strong><\/a> biologisch nat\u00fcrlich, Kokosnuss\u00f6l extra nativ, Extrakt von<\/i>\u2019<i>Brennnessel, Pfefferminzextrakt, Ingwerextrakt, <a href=\"https:\/\/www.aroma-zone.com\/info\/fiche-technique\/huile-essentielle-menthe-poivree-bio-aroma-zone\" target=\"_blank\" rel=\"noopener\"><strong>\u00e4therisches Pfefferminz\u00f6l<\/strong><\/a><\/i><\/p>\n<h3><b>Die Wirksamkeit von Ingwer in diesem nat\u00fcrlichen festen Shampoo<span class=\"Apple-converted-space\">\u00a0<\/span><\/b><\/h3>\n<p>Unser <b>nat\u00fcrliches hartes Shampoo<\/b> enth\u00e4lt viele pflanzliche \u00d6le. Aber Ingwer verleiht ihm eine Vielzahl von Vorteilen:<span class=\"Apple-converted-space\">\u00a0<\/span><\/p>\n<ul>\n<li>Dieses Rhizom verbessert die Blutzirkulation von der Wurzel an, was sowohl das Wachstum anregt. Aber auch gegen Haarausfall ;<span class=\"Apple-converted-space\">\u00a0Entdecken Sie auch den <a href=\"https:\/\/www.biomielandco.com\/huiles\/310-serum-anti-chute-naturel.html\" target=\"_blank\" rel=\"noopener\"><strong>serum haarwuchs<\/strong><\/a><\/span><\/li>\n<li>Dieses nat\u00fcrliche Shampoo st\u00e4rkt die Haarfaser ;<span class=\"Apple-converted-space\">\u00a0<\/span><\/li>\n<li>Sie n\u00e4hrt tiefgehend und spendet Feuchtigkeit.<span class=\"Apple-converted-space\">\u00a0<\/span><\/li>\n<\/ul>\n<h3><b>So verwenden Sie das feste Shampoo mit Ingwer richtig <span class=\"Apple-converted-space\">\u00a0<\/span><\/b><\/h3>\n<p>Bereit f\u00fcr viele Verwendungszwecke? Denn dieses\u00a0<b>festes Shampoo<\/b>\u00a0<strong>Ingwer<\/strong> entspricht mindestens zwei 250g-Flaschen Fl\u00fcssigshampoo!<span class=\"Apple-converted-space\">\u00a0<\/span><\/p>\n<p>Und f\u00fcr sch\u00f6nes, gepflegtes Haar gibt es nichts Einfacheres:<span class=\"Apple-converted-space\">\u00a0<\/span><\/p>\n<ol>\n<li>Festes Shampoo mit Ingwer befeuchten ;<span class=\"Apple-converted-space\">\u00a0<\/span><\/li>\n<li>Verwenden Sie den durch Reibung entstandenen Schaum, um den Ansatz zu massieren. Fahren Sie mit den L\u00e4ngen und Spitzen fort; ;<span class=\"Apple-converted-space\">\u00a0<\/span><\/li>\n<li>Sp\u00fclen Sie das Haar gr\u00fcndlich aus und lassen Sie es am besten an der Luft trocknen.<span class=\"Apple-converted-space\">\u00a0<\/span><\/li>\n<\/ol>\n<p><b>Vorsichtsma\u00dfnahmen<span class=\"Apple-converted-space\">\u00a0<\/span><\/b><\/p>\n<p>Bei Kontakt mit den Augen sofort aussp\u00fclen.<\/p>","protected":false},"excerpt":{"rendered":"<p>Wie w\u00e4re es mit einem umweltfreundlichen, wirksamen Shampoo, mit dem Sie Geld sparen k\u00f6nnen? Unser festes Seifenst\u00fcck erf\u00fcllt alle Ihre Erwartungen! Unser nat\u00fcrliches festes Shampoo gegen Haarausfall ist mit Ingwer angereichert, wodurch es zahlreiche positive Eigenschaften hat. Entscheiden Sie sich also f\u00fcr sch\u00f6nes Haar und probieren Sie dieses kleine Zero-Waste-Kosmetikprodukt aus!  Ein nat\u00fcrliches Shampoo [\u2026]","protected":false},"featured_media":302,"template":"","meta":[],"product_brand":[],"product_cat":[34,36],"product_tag":[],"class_list":{"0":"post-267","1":"product","2":"type-product","3":"status-publish","4":"has-post-thumbnail","6":"product_cat-hygiene","7":"product_cat-shampoing-solide","9":"first","10":"outofstock","11":"shipping-taxable","12":"purchasable","13":"product-type-simple"},"yoast_head":"<!-- This site is optimized with the Yoast SEO plugin v26.6 - https:\/\/yoast.com\/wordpress\/plugins\/seo\/ -->\n<title>Shampoing solide au gingembre anti chute 65g - Safinel<\/title>\n<meta name=\"robots\" content=\"index, follow, max-snippet:-1, max-image-preview:large, max-video-preview:-1\" \/>\n<link rel=\"canonical\" href=\"https:\/\/www.safinel.fr\/de\/product-2\/festes-shampoo-mit-ingwer-gegen-haarausfall-65g\/\" \/>\n<meta property=\"og:locale\" content=\"de_DE\" \/>\n<meta property=\"og:type\" content=\"article\" \/>\n<meta property=\"og:title\" content=\"Shampoing solide au gingembre anti chute 65g - Safinel\" \/>\n<meta property=\"og:description\" content=\"Que dites-vous d\u2019un shampoing \u00e9cologique, efficace, et qui vous fait faire des \u00e9conomies ? Notre pain de savon solide r\u00e9pond \u00e0 toutes vos attentes !\u00a0Notre shampoing solide naturel anti-chute est enrichi au gingembre, ce qui lui donne de nombreuses vertus. Alors, pour une belle chevelure, adoptez ce petit cosm\u00e9tique z\u00e9ro d\u00e9chet !\u00a0 Un shampoing naturel [...]\" \/>\n<meta property=\"og:url\" content=\"https:\/\/www.safinel.fr\/de\/product-2\/festes-shampoo-mit-ingwer-gegen-haarausfall-65g\/\" \/>\n<meta property=\"og:site_name\" content=\"Safinel\" \/>\n<meta property=\"article:modified_time\" content=\"2023-12-28T17:15:04+00:00\" \/>\n<meta property=\"og:image\" content=\"https:\/\/www.safinel.fr\/wp-content\/uploads\/2021\/07\/234ff874b76f2ed21035b96ef138b9fb.jpg\" \/>\n\t<meta property=\"og:image:width\" content=\"750\" \/>\n\t<meta property=\"og:image:height\" content=\"750\" \/>\n\t<meta property=\"og:image:type\" content=\"image\/jpeg\" \/>\n<meta name=\"twitter:card\" content=\"summary_large_image\" \/>\n<meta name=\"twitter:label1\" content=\"Gesch\u00e4tzte Lesezeit\" \/>\n\t<meta name=\"twitter:data1\" content=\"2\u00a0Minuten\" \/>\n<script type=\"application\/ld+json\" class=\"yoast-schema-graph\">{\"@context\":\"https:\/\/schema.org\",\"@graph\":[{\"@type\":\"WebPage\",\"@id\":\"https:\/\/www.safinel.fr\/produit\/shampoing-solide-au-gingembre-anti-chute-65g\/\",\"url\":\"https:\/\/www.safinel.fr\/produit\/shampoing-solide-au-gingembre-anti-chute-65g\/\",\"name\":\"Shampoing solide au gingembre anti chute 65g - Safinel\",\"isPartOf\":{\"@id\":\"https:\/\/www.safinel.fr\/#website\"},\"primaryImageOfPage\":{\"@id\":\"https:\/\/www.safinel.fr\/produit\/shampoing-solide-au-gingembre-anti-chute-65g\/#primaryimage\"},\"image\":{\"@id\":\"https:\/\/www.safinel.fr\/produit\/shampoing-solide-au-gingembre-anti-chute-65g\/#primaryimage\"},\"thumbnailUrl\":\"https:\/\/www.safinel.fr\/wp-content\/uploads\/2021\/07\/234ff874b76f2ed21035b96ef138b9fb.jpg\",\"datePublished\":\"2021-07-24T18:58:59+00:00\",\"dateModified\":\"2023-12-28T17:15:04+00:00\",\"breadcrumb\":{\"@id\":\"https:\/\/www.safinel.fr\/produit\/shampoing-solide-au-gingembre-anti-chute-65g\/#breadcrumb\"},\"inLanguage\":\"de\",\"potentialAction\":[{\"@type\":\"ReadAction\",\"target\":[\"https:\/\/www.safinel.fr\/produit\/shampoing-solide-au-gingembre-anti-chute-65g\/\"]}]},{\"@type\":\"ImageObject\",\"inLanguage\":\"de\",\"@id\":\"https:\/\/www.safinel.fr\/produit\/shampoing-solide-au-gingembre-anti-chute-65g\/#primaryimage\",\"url\":\"https:\/\/www.safinel.fr\/wp-content\/uploads\/2021\/07\/234ff874b76f2ed21035b96ef138b9fb.jpg\",\"contentUrl\":\"https:\/\/www.safinel.fr\/wp-content\/uploads\/2021\/07\/234ff874b76f2ed21035b96ef138b9fb.jpg\",\"width\":750,\"height\":750},{\"@type\":\"BreadcrumbList\",\"@id\":\"https:\/\/www.safinel.fr\/produit\/shampoing-solide-au-gingembre-anti-chute-65g\/#breadcrumb\",\"itemListElement\":[{\"@type\":\"ListItem\",\"position\":1,\"name\":\"Accueil\",\"item\":\"https:\/\/www.safinel.fr\/\"},{\"@type\":\"ListItem\",\"position\":2,\"name\":\"Boutique\",\"item\":\"https:\/\/www.safinel.fr\/boutique\/\"},{\"@type\":\"ListItem\",\"position\":3,\"name\":\"Shampoing solide au gingembre anti chute 65g\"}]},{\"@type\":\"WebSite\",\"@id\":\"https:\/\/www.safinel.fr\/#website\",\"url\":\"https:\/\/www.safinel.fr\/\",\"name\":\"Safinel\",\"description\":\"\",\"publisher\":{\"@id\":\"https:\/\/www.safinel.fr\/#organization\"},\"potentialAction\":[{\"@type\":\"SearchAction\",\"target\":{\"@type\":\"EntryPoint\",\"urlTemplate\":\"https:\/\/www.safinel.fr\/?s={search_term_string}\"},\"query-input\":{\"@type\":\"PropertyValueSpecification\",\"valueRequired\":true,\"valueName\":\"search_term_string\"}}],\"inLanguage\":\"de\"},{\"@type\":\"Organization\",\"@id\":\"https:\/\/www.safinel.fr\/#organization\",\"name\":\"Safinel\",\"url\":\"https:\/\/www.safinel.fr\/\",\"logo\":{\"@type\":\"ImageObject\",\"inLanguage\":\"de\",\"@id\":\"https:\/\/www.safinel.fr\/#\/schema\/logo\/image\/\",\"url\":\"https:\/\/www.safinel.fr\/wp-content\/uploads\/2021\/05\/boutique-cosmetique.png\",\"contentUrl\":\"https:\/\/www.safinel.fr\/wp-content\/uploads\/2021\/05\/boutique-cosmetique.png\",\"width\":800,\"height\":200,\"caption\":\"Safinel\"},\"image\":{\"@id\":\"https:\/\/www.safinel.fr\/#\/schema\/logo\/image\/\"}}]}<\/script>\n<!-- \/ Yoast SEO plugin. -->","yoast_head_json":{"title":"Festes Shampoo mit Ingwer gegen Haarausfall 65g - Safinel","robots":{"index":"index","follow":"follow","max-snippet":"max-snippet:-1","max-image-preview":"max-image-preview:large","max-video-preview":"max-video-preview:-1"},"canonical":"https:\/\/www.safinel.fr\/de\/product-2\/festes-shampoo-mit-ingwer-gegen-haarausfall-65g\/","og_locale":"de_DE","og_type":"article","og_title":"Shampoing solide au gingembre anti chute 65g - Safinel","og_description":"Que dites-vous d\u2019un shampoing \u00e9cologique, efficace, et qui vous fait faire des \u00e9conomies ? Notre pain de savon solide r\u00e9pond \u00e0 toutes vos attentes !\u00a0Notre shampoing solide naturel anti-chute est enrichi au gingembre, ce qui lui donne de nombreuses vertus. Alors, pour une belle chevelure, adoptez ce petit cosm\u00e9tique z\u00e9ro d\u00e9chet !\u00a0 Un shampoing naturel [...]","og_url":"https:\/\/www.safinel.fr\/de\/product-2\/festes-shampoo-mit-ingwer-gegen-haarausfall-65g\/","og_site_name":"Safinel","article_modified_time":"2023-12-28T17:15:04+00:00","og_image":[{"width":750,"height":750,"url":"https:\/\/www.safinel.fr\/wp-content\/uploads\/2021\/07\/234ff874b76f2ed21035b96ef138b9fb.jpg","type":"image\/jpeg"}],"twitter_card":"summary_large_image","twitter_misc":{"Gesch\u00e4tzte Lesezeit":"2\u00a0Minuten"},"schema":{"@context":"https:\/\/schema.org","@graph":[{"@type":"WebPage","@id":"https:\/\/www.safinel.fr\/produit\/shampoing-solide-au-gingembre-anti-chute-65g\/","url":"https:\/\/www.safinel.fr\/produit\/shampoing-solide-au-gingembre-anti-chute-65g\/","name":"Festes Shampoo mit Ingwer gegen Haarausfall 65g - Safinel","isPartOf":{"@id":"https:\/\/www.safinel.fr\/#website"},"primaryImageOfPage":{"@id":"https:\/\/www.safinel.fr\/produit\/shampoing-solide-au-gingembre-anti-chute-65g\/#primaryimage"},"image":{"@id":"https:\/\/www.safinel.fr\/produit\/shampoing-solide-au-gingembre-anti-chute-65g\/#primaryimage"},"thumbnailUrl":"https:\/\/www.safinel.fr\/wp-content\/uploads\/2021\/07\/234ff874b76f2ed21035b96ef138b9fb.jpg","datePublished":"2021-07-24T18:58:59+00:00","dateModified":"2023-12-28T17:15:04+00:00","breadcrumb":{"@id":"https:\/\/www.safinel.fr\/produit\/shampoing-solide-au-gingembre-anti-chute-65g\/#breadcrumb"},"inLanguage":"de","potentialAction":[{"@type":"ReadAction","target":["https:\/\/www.safinel.fr\/produit\/shampoing-solide-au-gingembre-anti-chute-65g\/"]}]},{"@type":"ImageObject","inLanguage":"de","@id":"https:\/\/www.safinel.fr\/produit\/shampoing-solide-au-gingembre-anti-chute-65g\/#primaryimage","url":"https:\/\/www.safinel.fr\/wp-content\/uploads\/2021\/07\/234ff874b76f2ed21035b96ef138b9fb.jpg","contentUrl":"https:\/\/www.safinel.fr\/wp-content\/uploads\/2021\/07\/234ff874b76f2ed21035b96ef138b9fb.jpg","width":750,"height":750},{"@type":"BreadcrumbList","@id":"https:\/\/www.safinel.fr\/produit\/shampoing-solide-au-gingembre-anti-chute-65g\/#breadcrumb","itemListElement":[{"@type":"ListItem","position":1,"name":"Accueil","item":"https:\/\/www.safinel.fr\/"},{"@type":"ListItem","position":2,"name":"Boutique","item":"https:\/\/www.safinel.fr\/boutique\/"},{"@type":"ListItem","position":3,"name":"Shampoing solide au gingembre anti chute 65g"}]},{"@type":"WebSite","@id":"https:\/\/www.safinel.fr\/#website","url":"https:\/\/www.safinel.fr\/","name":"Safinel","description":"","publisher":{"@id":"https:\/\/www.safinel.fr\/#organization"},"potentialAction":[{"@type":"SearchAction","target":{"@type":"EntryPoint","urlTemplate":"https:\/\/www.safinel.fr\/?s={search_term_string}"},"query-input":{"@type":"PropertyValueSpecification","valueRequired":true,"valueName":"search_term_string"}}],"inLanguage":"de"},{"@type":"Organization","@id":"https:\/\/www.safinel.fr\/#organization","name":"Safinel","url":"https:\/\/www.safinel.fr\/","logo":{"@type":"ImageObject","inLanguage":"de","@id":"https:\/\/www.safinel.fr\/#\/schema\/logo\/image\/","url":"https:\/\/www.safinel.fr\/wp-content\/uploads\/2021\/05\/boutique-cosmetique.png","contentUrl":"https:\/\/www.safinel.fr\/wp-content\/uploads\/2021\/05\/boutique-cosmetique.png","width":800,"height":200,"caption":"Safinel"},"image":{"@id":"https:\/\/www.safinel.fr\/#\/schema\/logo\/image\/"}}]}},"_links":{"self":[{"href":"https:\/\/www.safinel.fr\/de\/wp-json\/wp\/v2\/product\/267","targetHints":{"allow":["GET"]}}],"collection":[{"href":"https:\/\/www.safinel.fr\/de\/wp-json\/wp\/v2\/product"}],"about":[{"href":"https:\/\/www.safinel.fr\/de\/wp-json\/wp\/v2\/types\/product"}],"wp:featuredmedia":[{"embeddable":true,"href":"https:\/\/www.safinel.fr\/de\/wp-json\/wp\/v2\/media\/302"}],"wp:attachment":[{"href":"https:\/\/www.safinel.fr\/de\/wp-json\/wp\/v2\/media?parent=267"}],"wp:term":[{"taxonomy":"product_brand","embeddable":true,"href":"https:\/\/www.safinel.fr\/de\/wp-json\/wp\/v2\/product_brand?post=267"},{"taxonomy":"product_cat","embeddable":true,"href":"https:\/\/www.safinel.fr\/de\/wp-json\/wp\/v2\/product_cat?post=267"},{"taxonomy":"product_tag","embeddable":true,"href":"https:\/\/www.safinel.fr\/de\/wp-json\/wp\/v2\/product_tag?post=267"}],"curies":[{"name":"wp","href":"https:\/\/api.w.org\/{rel}","templated":true}]}}