{"id":2614,"date":"2022-09-08T17:18:10","date_gmt":"2022-09-08T17:18:10","guid":{"rendered":"https:\/\/www.safinel.fr\/?post_type=product&#038;p=2614"},"modified":"2023-12-28T17:15:34","modified_gmt":"2023-12-28T17:15:34","slug":"analfissur-paket","status":"publish","type":"product","link":"https:\/\/www.safinel.fr\/de\/product-2\/analfissur-paket\/","title":{"rendered":"Analfissuren-Paket"},"content":{"rendered":"<p>Schmerzen um den Anus herum sind keineswegs ein Einzelfall, sondern k\u00f6nnen k\u00f6rperlich und manchmal auch psychisch l\u00e4stig sein. Deshalb gibt es in Ihrem Safinel Online-Shop den<strong>\u00a0Analfissur-Paket<\/strong>\u00a0steht im Rampenlicht.<\/p>\n<h2><strong>Was ist das Analfissuren-Paket?\u00a0<\/strong><\/h2>\n<p>Eine\u00a0<strong>Analfissur<\/strong>\u00a0ist eine Wunde im Bereich des Anus. Manchmal ist sie sehr schmerzhaft und Sie k\u00f6nnen sie anhand bestimmter Symptome erkennen. Ein bildgebendes Verfahren ist in diesem Fall nicht unbedingt erforderlich, aber es ist wichtig, dass Sie einen Arzt aufsuchen, um die Diagnose zu best\u00e4tigen.<\/p>\n<p>Eine Analfissur wird in der Regel von mehreren Vorzeichen begleitet, u. a. :<\/p>\n<ul>\n<li>Schmerzen beim Stuhlgang sowie danach<\/li>\n<li>Etwas Juckreiz in der N\u00e4he des Anus<\/li>\n<li>Eine offensichtliche Wunde um den Anus herum<\/li>\n<li>Beobachtung von Blut im Stuhl<\/li>\n<\/ul>\n<p>Auch wenn all diese Symptome nicht unbedingt eine Analfissur darstellen, ist die Wahrscheinlichkeit gro\u00df, dass es sich um eine schmerzhafte Ulzeration des Analrandes, also eine Analfissur, handelt.<\/p>\n<h2><strong>Auf Entdeckungsreise durch das Analfissuren-Paket<\/strong><\/h2>\n<p>Ihre Gesundheitsbegleiterin widmet sich der Suche und anschlie\u00dfenden sorgf\u00e4ltigen Auswahl von qualitativ hochwertigen Produkten, die auch Ihrem Wohlbefinden zugutekommen. Aus diesem Grund m\u00f6chte sie Ihnen das ber\u00fchmte Analfissuren-Paket vorstellen.<\/p>\n<p>Wenn dieser Schmerz f\u00fcr manche Menschen manchmal ein Tabu ist, k\u00f6nnen Sie beruhigt sein, denn wir haben wahrscheinlich genau das Richtige f\u00fcr Sie.<\/p>\n<p>Was, wenn die Zeit reif ist f\u00fcr eine Begegnung mit diesem\u00a0<strong>nat\u00fcrliche Behandlung<\/strong>\u00a0? Platz endlich f\u00fcr die Zusammensetzung dieses Pakets :<\/p>\n<ul>\n<li>gr\u00fcne Tonerde surfine<\/li>\n<li>Aloe-vera-Fruchtfleisch<\/li>\n<li>Oliven\u00f6l<\/li>\n<li>Thymianhonig oder <strong><a href=\"https:\/\/www.safinel.fr\/de\/product-2\/doranger-honig-aus-marokko\/\">Orangenbaum<\/a><\/strong><\/li>\n<li>und eine<strong style=\"color: #555555;\">\u00a0Anale Einlaufbirne<\/strong><\/li>\n<\/ul>\n<p>Sie sind wahrscheinlich neugierig darauf, mehr \u00fcber die Vorteile und die Anwendung des Analfissuren-Pakets zu erfahren. Das ist gut so, denn Ihr Online-Wellness-Shop m\u00f6chte Ihnen die Vorz\u00fcge der einzelnen Bestandteile dieses Pakets n\u00e4her bringen.<\/p>\n<h2><strong>Die Vorteile des Analfissuren-Pakets<\/strong><\/h2>\n<p>Die\u00a0<strong>Analschmerzen\u00a0<\/strong>Kratzen kann sehr l\u00e4stig sein, nicht nur wegen der Stelle, an der sich die Wunde befindet, sondern auch wegen des st\u00e4ndigen Juckreizes, der mit dem Riss verbunden ist. Wenn das Kratzen nicht unbedingt eine positive L\u00f6sung auf lange Sicht ist, treffen Sie die<strong>\u00a0Naturprodukte<\/strong>\u00a0die von Ihrem Safinel-Gesundheitsbegleiter angeboten werden.<\/p>\n<p>Das von Ihrem Online-Shop hervorgehobene Paket hat seinen Nutzen f\u00fcr :<\/p>\n<ul>\n<li>Juckreiz lindern<\/li>\n<li>Den Buckel in der N\u00e4he des Anus erleichtern<\/li>\n<li>Die Wunde behandeln<\/li>\n<li>Schmerzen beim und nach dem Stuhlgang entfernen<\/li>\n<\/ul>\n<p>Sie haben es wahrscheinlich schon gemerkt: Ihr Gesundheitsbegleiter\u00a0<strong>Safinel<\/strong>, Ich m\u00f6chte Ihnen eine Behandlung vorstellen, die in dieser Situation mehr als hilfreich sein kann.<\/p>\n<h2><strong>Wie sieht Ihr nat\u00fcrliches Heilmittel aus?<\/strong><\/h2>\n<p>M\u00f6chten Sie von dieser nat\u00fcrlichen Behandlung profitieren, um die Schmerzen einer Analfissur zu lindern? Dann machen Sie keinen Schritt weiter und lernen Sie das Pr\u00e4parat kennen! F\u00fcr ca. 10 Dosen, d. h. 30 ml pro Anwendung.<\/p>\n<p>Nehmen Sie zun\u00e4chst 80 g gr\u00fcne Tonerde und mischen Sie sie mit 110 ml Quellwasser, bis eine homogene Fl\u00fcssigkeit entsteht. Dann f\u00fcgen Sie 40 g Oliven\u00f6l und Aloe-vera-Fruchtfleisch hinzu. Zum Schluss f\u00fcgen Sie Orangenbl\u00fctenhonig hinzu und mixen alles, bis Sie eine fl\u00fcssige Mischung erhalten.<\/p>\n<p>Jetzt m\u00fcssen Sie es nur noch mithilfe der Birne auftragen, die in Ihrem Analfissuren-Paket enthalten ist!<\/p>\n<h3><strong>Ihr Safinel Shop m\u00f6chte Ihnen auch...\u00a0<\/strong><\/h3>\n<p>Ihr Gesundheitsbegleiter Safinel ist stets um die Produkte bem\u00fcht, die er Ihnen anbietet. Aus diesem Grund w\u00e4hlt er mit Ernsthaftigkeit und Sorgfalt Artikel aus der Natur aus, die Sie auf diese Weise zufriedenstellen k\u00f6nnten. Machen Sie aus diesem Grund die Begegnung mit der\u00a0<strong><a href=\"https:\/\/www.safinel.fr\/de\/product-2\/eibischwurzel\/\">Eibischwurzel<\/a>\u00a0<\/strong>und seine zahlreichen Vorteile.<\/p>","protected":false},"excerpt":{"rendered":"<p><strong>Zusammensetzung :<\/strong><\/p>\n<ul>\n<li>gr\u00fcne Tonerde surfine 100g<\/li>\n<li>Aloe-vera-Fruchtfleisch 50g<\/li>\n<li>Oliven\u00f6l 50g<\/li>\n<li>Thymianhonig oder <strong><a href=\"https:\/\/www.safinel.fr\/de\/product-2\/doranger-honig-aus-marokko\/\">Orangenbaum<\/a><\/strong> 40g<\/li>\n<li>und eine<strong style=\"color: #555555;\">\u00a0Anale Einlaufbirne<\/strong><\/li>\n<\/ul>","protected":false},"featured_media":2616,"template":"","meta":[],"product_brand":[],"product_cat":[34],"product_tag":[],"class_list":{"0":"post-2614","1":"product","2":"type-product","3":"status-publish","4":"has-post-thumbnail","6":"product_cat-hygiene","8":"first","9":"outofstock","10":"shipping-taxable","11":"purchasable","12":"product-type-variable"},"yoast_head":"<!-- This site is optimized with the Yoast SEO plugin v26.6 - https:\/\/yoast.com\/wordpress\/plugins\/seo\/ -->\n<title>Fissure anale I Rem\u00e8de naturel I Produits de qualit\u00e9<\/title>\n<meta name=\"description\" content=\"Loin d\u2019\u00eatre un cas isol\u00e9, les douleurs autour de l\u2019anus peuvent \u00eatre g\u00eanantes physiquement et parfois m\u00eame mentalement. Adoptez le pack fissure anale !\" \/>\n<meta name=\"robots\" content=\"index, follow, max-snippet:-1, max-image-preview:large, max-video-preview:-1\" \/>\n<link rel=\"canonical\" href=\"https:\/\/www.safinel.fr\/de\/product-2\/analfissur-paket\/\" \/>\n<meta property=\"og:locale\" content=\"de_DE\" \/>\n<meta property=\"og:type\" content=\"article\" \/>\n<meta property=\"og:title\" content=\"Fissure anale I Rem\u00e8de naturel I Produits de qualit\u00e9\" \/>\n<meta property=\"og:description\" content=\"Loin d\u2019\u00eatre un cas isol\u00e9, les douleurs autour de l\u2019anus peuvent \u00eatre g\u00eanantes physiquement et parfois m\u00eame mentalement. Adoptez le pack fissure anale !\" \/>\n<meta property=\"og:url\" content=\"https:\/\/www.safinel.fr\/de\/product-2\/analfissur-paket\/\" \/>\n<meta property=\"og:site_name\" content=\"Safinel\" \/>\n<meta property=\"article:modified_time\" content=\"2023-12-28T17:15:34+00:00\" \/>\n<meta property=\"og:image\" content=\"https:\/\/www.safinel.fr\/wp-content\/uploads\/2022\/09\/pack-fissure-anale.jpg\" \/>\n\t<meta property=\"og:image:width\" content=\"600\" \/>\n\t<meta property=\"og:image:height\" content=\"600\" \/>\n\t<meta property=\"og:image:type\" content=\"image\/jpeg\" \/>\n<meta name=\"twitter:card\" content=\"summary_large_image\" \/>\n<meta name=\"twitter:label1\" content=\"Gesch\u00e4tzte Lesezeit\" \/>\n\t<meta name=\"twitter:data1\" content=\"3\u00a0Minuten\" \/>\n<script type=\"application\/ld+json\" class=\"yoast-schema-graph\">{\"@context\":\"https:\/\/schema.org\",\"@graph\":[{\"@type\":\"WebPage\",\"@id\":\"https:\/\/www.safinel.fr\/produit\/pack-fissure-anale\/\",\"url\":\"https:\/\/www.safinel.fr\/produit\/pack-fissure-anale\/\",\"name\":\"Fissure anale I Rem\u00e8de naturel I Produits de qualit\u00e9\",\"isPartOf\":{\"@id\":\"https:\/\/www.safinel.fr\/#website\"},\"primaryImageOfPage\":{\"@id\":\"https:\/\/www.safinel.fr\/produit\/pack-fissure-anale\/#primaryimage\"},\"image\":{\"@id\":\"https:\/\/www.safinel.fr\/produit\/pack-fissure-anale\/#primaryimage\"},\"thumbnailUrl\":\"https:\/\/www.safinel.fr\/wp-content\/uploads\/2022\/09\/pack-fissure-anale.jpg\",\"datePublished\":\"2022-09-08T17:18:10+00:00\",\"dateModified\":\"2023-12-28T17:15:34+00:00\",\"description\":\"Loin d\u2019\u00eatre un cas isol\u00e9, les douleurs autour de l\u2019anus peuvent \u00eatre g\u00eanantes physiquement et parfois m\u00eame mentalement. Adoptez le pack fissure anale !\",\"breadcrumb\":{\"@id\":\"https:\/\/www.safinel.fr\/produit\/pack-fissure-anale\/#breadcrumb\"},\"inLanguage\":\"de\",\"potentialAction\":[{\"@type\":\"ReadAction\",\"target\":[\"https:\/\/www.safinel.fr\/produit\/pack-fissure-anale\/\"]}]},{\"@type\":\"ImageObject\",\"inLanguage\":\"de\",\"@id\":\"https:\/\/www.safinel.fr\/produit\/pack-fissure-anale\/#primaryimage\",\"url\":\"https:\/\/www.safinel.fr\/wp-content\/uploads\/2022\/09\/pack-fissure-anale.jpg\",\"contentUrl\":\"https:\/\/www.safinel.fr\/wp-content\/uploads\/2022\/09\/pack-fissure-anale.jpg\",\"width\":600,\"height\":600,\"caption\":\"fissure anale\"},{\"@type\":\"BreadcrumbList\",\"@id\":\"https:\/\/www.safinel.fr\/produit\/pack-fissure-anale\/#breadcrumb\",\"itemListElement\":[{\"@type\":\"ListItem\",\"position\":1,\"name\":\"Accueil\",\"item\":\"https:\/\/www.safinel.fr\/\"},{\"@type\":\"ListItem\",\"position\":2,\"name\":\"Boutique\",\"item\":\"https:\/\/www.safinel.fr\/boutique\/\"},{\"@type\":\"ListItem\",\"position\":3,\"name\":\"Pack fissure anale\"}]},{\"@type\":\"WebSite\",\"@id\":\"https:\/\/www.safinel.fr\/#website\",\"url\":\"https:\/\/www.safinel.fr\/\",\"name\":\"Safinel\",\"description\":\"\",\"publisher\":{\"@id\":\"https:\/\/www.safinel.fr\/#organization\"},\"potentialAction\":[{\"@type\":\"SearchAction\",\"target\":{\"@type\":\"EntryPoint\",\"urlTemplate\":\"https:\/\/www.safinel.fr\/?s={search_term_string}\"},\"query-input\":{\"@type\":\"PropertyValueSpecification\",\"valueRequired\":true,\"valueName\":\"search_term_string\"}}],\"inLanguage\":\"de\"},{\"@type\":\"Organization\",\"@id\":\"https:\/\/www.safinel.fr\/#organization\",\"name\":\"Safinel\",\"url\":\"https:\/\/www.safinel.fr\/\",\"logo\":{\"@type\":\"ImageObject\",\"inLanguage\":\"de\",\"@id\":\"https:\/\/www.safinel.fr\/#\/schema\/logo\/image\/\",\"url\":\"https:\/\/www.safinel.fr\/wp-content\/uploads\/2021\/05\/boutique-cosmetique.png\",\"contentUrl\":\"https:\/\/www.safinel.fr\/wp-content\/uploads\/2021\/05\/boutique-cosmetique.png\",\"width\":800,\"height\":200,\"caption\":\"Safinel\"},\"image\":{\"@id\":\"https:\/\/www.safinel.fr\/#\/schema\/logo\/image\/\"}}]}<\/script>\n<!-- \/ Yoast SEO plugin. -->","yoast_head_json":{"title":"Analfissur I Nat\u00fcrliches Heilmittel I Qualit\u00e4tsprodukte","description":"Schmerzen um den Anus herum sind keineswegs ein Einzelfall, sondern k\u00f6nnen k\u00f6rperlich und manchmal auch psychisch l\u00e4stig sein. Nehmen Sie das Analfissuren-Paket an!","robots":{"index":"index","follow":"follow","max-snippet":"max-snippet:-1","max-image-preview":"max-image-preview:large","max-video-preview":"max-video-preview:-1"},"canonical":"https:\/\/www.safinel.fr\/de\/product-2\/analfissur-paket\/","og_locale":"de_DE","og_type":"article","og_title":"Fissure anale I Rem\u00e8de naturel I Produits de qualit\u00e9","og_description":"Loin d\u2019\u00eatre un cas isol\u00e9, les douleurs autour de l\u2019anus peuvent \u00eatre g\u00eanantes physiquement et parfois m\u00eame mentalement. Adoptez le pack fissure anale !","og_url":"https:\/\/www.safinel.fr\/de\/product-2\/analfissur-paket\/","og_site_name":"Safinel","article_modified_time":"2023-12-28T17:15:34+00:00","og_image":[{"width":600,"height":600,"url":"https:\/\/www.safinel.fr\/wp-content\/uploads\/2022\/09\/pack-fissure-anale.jpg","type":"image\/jpeg"}],"twitter_card":"summary_large_image","twitter_misc":{"Gesch\u00e4tzte Lesezeit":"3\u00a0Minuten"},"schema":{"@context":"https:\/\/schema.org","@graph":[{"@type":"WebPage","@id":"https:\/\/www.safinel.fr\/produit\/pack-fissure-anale\/","url":"https:\/\/www.safinel.fr\/produit\/pack-fissure-anale\/","name":"Analfissur I Nat\u00fcrliches Heilmittel I Qualit\u00e4tsprodukte","isPartOf":{"@id":"https:\/\/www.safinel.fr\/#website"},"primaryImageOfPage":{"@id":"https:\/\/www.safinel.fr\/produit\/pack-fissure-anale\/#primaryimage"},"image":{"@id":"https:\/\/www.safinel.fr\/produit\/pack-fissure-anale\/#primaryimage"},"thumbnailUrl":"https:\/\/www.safinel.fr\/wp-content\/uploads\/2022\/09\/pack-fissure-anale.jpg","datePublished":"2022-09-08T17:18:10+00:00","dateModified":"2023-12-28T17:15:34+00:00","description":"Schmerzen um den Anus herum sind keineswegs ein Einzelfall, sondern k\u00f6nnen k\u00f6rperlich und manchmal auch psychisch l\u00e4stig sein. Nehmen Sie das Analfissuren-Paket an!","breadcrumb":{"@id":"https:\/\/www.safinel.fr\/produit\/pack-fissure-anale\/#breadcrumb"},"inLanguage":"de","potentialAction":[{"@type":"ReadAction","target":["https:\/\/www.safinel.fr\/produit\/pack-fissure-anale\/"]}]},{"@type":"ImageObject","inLanguage":"de","@id":"https:\/\/www.safinel.fr\/produit\/pack-fissure-anale\/#primaryimage","url":"https:\/\/www.safinel.fr\/wp-content\/uploads\/2022\/09\/pack-fissure-anale.jpg","contentUrl":"https:\/\/www.safinel.fr\/wp-content\/uploads\/2022\/09\/pack-fissure-anale.jpg","width":600,"height":600,"caption":"fissure anale"},{"@type":"BreadcrumbList","@id":"https:\/\/www.safinel.fr\/produit\/pack-fissure-anale\/#breadcrumb","itemListElement":[{"@type":"ListItem","position":1,"name":"Accueil","item":"https:\/\/www.safinel.fr\/"},{"@type":"ListItem","position":2,"name":"Boutique","item":"https:\/\/www.safinel.fr\/boutique\/"},{"@type":"ListItem","position":3,"name":"Pack fissure anale"}]},{"@type":"WebSite","@id":"https:\/\/www.safinel.fr\/#website","url":"https:\/\/www.safinel.fr\/","name":"Safinel","description":"","publisher":{"@id":"https:\/\/www.safinel.fr\/#organization"},"potentialAction":[{"@type":"SearchAction","target":{"@type":"EntryPoint","urlTemplate":"https:\/\/www.safinel.fr\/?s={search_term_string}"},"query-input":{"@type":"PropertyValueSpecification","valueRequired":true,"valueName":"search_term_string"}}],"inLanguage":"de"},{"@type":"Organization","@id":"https:\/\/www.safinel.fr\/#organization","name":"Safinel","url":"https:\/\/www.safinel.fr\/","logo":{"@type":"ImageObject","inLanguage":"de","@id":"https:\/\/www.safinel.fr\/#\/schema\/logo\/image\/","url":"https:\/\/www.safinel.fr\/wp-content\/uploads\/2021\/05\/boutique-cosmetique.png","contentUrl":"https:\/\/www.safinel.fr\/wp-content\/uploads\/2021\/05\/boutique-cosmetique.png","width":800,"height":200,"caption":"Safinel"},"image":{"@id":"https:\/\/www.safinel.fr\/#\/schema\/logo\/image\/"}}]}},"_links":{"self":[{"href":"https:\/\/www.safinel.fr\/de\/wp-json\/wp\/v2\/product\/2614","targetHints":{"allow":["GET"]}}],"collection":[{"href":"https:\/\/www.safinel.fr\/de\/wp-json\/wp\/v2\/product"}],"about":[{"href":"https:\/\/www.safinel.fr\/de\/wp-json\/wp\/v2\/types\/product"}],"wp:featuredmedia":[{"embeddable":true,"href":"https:\/\/www.safinel.fr\/de\/wp-json\/wp\/v2\/media\/2616"}],"wp:attachment":[{"href":"https:\/\/www.safinel.fr\/de\/wp-json\/wp\/v2\/media?parent=2614"}],"wp:term":[{"taxonomy":"product_brand","embeddable":true,"href":"https:\/\/www.safinel.fr\/de\/wp-json\/wp\/v2\/product_brand?post=2614"},{"taxonomy":"product_cat","embeddable":true,"href":"https:\/\/www.safinel.fr\/de\/wp-json\/wp\/v2\/product_cat?post=2614"},{"taxonomy":"product_tag","embeddable":true,"href":"https:\/\/www.safinel.fr\/de\/wp-json\/wp\/v2\/product_tag?post=2614"}],"curies":[{"name":"wp","href":"https:\/\/api.w.org\/{rel}","templated":true}]}}