{"id":2561,"date":"2022-09-06T18:51:22","date_gmt":"2022-09-06T18:51:22","guid":{"rendered":"https:\/\/www.safinel.fr\/?post_type=product&#038;p=2561"},"modified":"2026-04-08T10:38:32","modified_gmt":"2026-04-08T10:38:32","slug":"kognon-mousso","status":"publish","type":"product","link":"https:\/\/www.safinel.fr\/de\/product-2\/kognon-mousso\/","title":{"rendered":"Frieden Kognon mousso"},"content":{"rendered":"<p>Kognon mousso ist ein Getr\u00e4nk, mit dem man viele Krankheiten heilen kann. Es ist nicht nur ein nat\u00fcrliches Aphrodisiakum, sondern hilft auch bei der Behandlung von H\u00e4morrhoiden und Bauchschmerzen. Erfahren Sie hier mehr \u00fcber dieses nat\u00fcrliche Arzneimittel!<\/p>\n<h2><strong>Beschreibung von Kognon mousso<\/strong><\/h2>\n<p>Kognon mousso ist ein\u00a0<strong>Naturheilmittel<\/strong>\u00a0sehr wirksam ist. Es wurde an der Elfenbeink\u00fcste hergestellt und hilft bei der Behandlung zahlreicher Infektionen. Dieses aphrodisierende Getr\u00e4nk hilft bei Bauchschmerzen und Migr\u00e4ne. Es hilft auch bei der Behandlung von inneren und \u00e4u\u00dferen H\u00e4morrhoiden. Ebenso bek\u00e4mpft es allgemeine M\u00fcdigkeit und Bluthochdruck. Dar\u00fcber hinaus hilft es bei vorzeitiger Ejakulation und sexueller Impotenz.<\/p>\n<p>Im Gegensatz zu einigen pharmazeutischen Medikamenten ist Kogno moussou\u00a0<strong>hat wenig Nebenwirkungen<\/strong>. Au\u00dferdem ist es sowohl f\u00fcr M\u00e4nner als auch f\u00fcr Frauen geeignet. Dank der nat\u00fcrlichen Inhaltsstoffe kann es lange aufbewahrt werden, ohne dass es sich zersetzt oder seinen Geschmack ver\u00e4ndert.<\/p>\n<h2><strong>Zusammensetzung<\/strong><\/h2>\n<p>Kognon-mousso ist ein\u00a0<strong>Produkt 100% nat\u00fcrlich<\/strong>. Er wird aus der Rinde und dem Saft von Ysopbl\u00e4ttern hergestellt. Er enth\u00e4lt auch eine kleine Menge an\u00a0<a href=\"https:\/\/www.safinel.fr\/de\/product-2\/ingwer\/\"><strong>Ingwer<\/strong><\/a>. Au\u00dferdem erh\u00e4lt es dadurch seine gelbliche Farbe. Es besteht au\u00dferdem aus Mineralwasser und einigen Mengen Zucker. Au\u00dferdem wurde das Getr\u00e4nk Kognon-moussou von Pharmakop\u00f6e-Spezialisten \u00fcberpr\u00fcft, bevor es auf den Markt gebracht wurde.<\/p>\n<h3><strong>Gebrauchsanweisung<\/strong><\/h3>\n<p>Kognon mousso ist ein Produkt mit wenigen unerw\u00fcnschten Nebenwirkungen. Damit es jedoch seine Wirkung entfalten kann, m\u00fcssen Sie es wie in der Packungsbeilage beschrieben einnehmen. Vor der Einnahme des Arzneimittels sollten Sie\u00a0<strong>die Flasche gut sch\u00fctteln<\/strong>. Dann nehmen Sie zwei Teegl\u00e4ser, einmal t\u00e4glich, am besten nach oder vor dem Abendessen.<\/p>\n<p>Nach der Einnahme einer Dosis sollte ein Abstand von drei Tagen eingehalten werden, bevor eine weitere Dosis eingenommen wird. Au\u00dferdem ist zu beachten, dass dieses Produkt f\u00fcr schwangere Frauen verboten ist. Au\u00dferdem darf es nicht in die Reichweite von Kindern gelangen.<\/p>","protected":false},"excerpt":{"rendered":"<p><img decoding=\"async\" class=\"size-full wp-image-5091 aligncenter\" src=\"https:\/\/www.safinel.fr\/wp-content\/uploads\/2021\/06\/BANNIERE-ICONE-SAFINEL.webp\" alt=\"Satines-R\u00fcckversicherung\" width=\"800\" height=\"200\" srcset=\"https:\/\/www.safinel.fr\/wp-content\/uploads\/2021\/06\/BANNIERE-ICONE-SAFINEL.webp 800w, https:\/\/www.safinel.fr\/wp-content\/uploads\/2021\/06\/BANNIERE-ICONE-SAFINEL-600x150.webp 600w, https:\/\/www.safinel.fr\/wp-content\/uploads\/2021\/06\/BANNIERE-ICONE-SAFINEL-768x192.webp 768w\" sizes=\"(max-width: 800px) 100vw, 800px\" \/><\/p>","protected":false},"featured_media":4092,"template":"","meta":[],"product_brand":[],"product_cat":[91],"product_tag":[],"class_list":{"0":"post-2561","1":"product","2":"type-product","3":"status-publish","4":"has-post-thumbnail","6":"product_cat-boisson-aphrodisiaque-africaine","8":"first","9":"instock","10":"shipping-taxable","11":"purchasable","12":"product-type-simple"},"yoast_head":"<!-- This site is optimized with the Yoast SEO plugin v26.6 - https:\/\/yoast.com\/wordpress\/plugins\/seo\/ -->\n<title>Kognon mousso I Boisson aphrodisiaque b\u00e9n\u00e9fique<\/title>\n<meta name=\"description\" content=\"Kognon mousso est une boisson qui permet de soigner de nombreuses maladies. En plus d\u2019\u00eatre un aphrodisiaque naturel. Adoptez-l\u00e0 !\" \/>\n<meta name=\"robots\" content=\"index, follow, max-snippet:-1, max-image-preview:large, max-video-preview:-1\" \/>\n<link rel=\"canonical\" href=\"https:\/\/www.safinel.fr\/de\/product-2\/kognon-mousso\/\" \/>\n<meta property=\"og:locale\" content=\"de_DE\" \/>\n<meta property=\"og:type\" content=\"article\" \/>\n<meta property=\"og:title\" content=\"Kognon mousso I Boisson aphrodisiaque b\u00e9n\u00e9fique\" \/>\n<meta property=\"og:description\" content=\"Kognon mousso est une boisson qui permet de soigner de nombreuses maladies. En plus d\u2019\u00eatre un aphrodisiaque naturel. Adoptez-l\u00e0 !\" \/>\n<meta property=\"og:url\" content=\"https:\/\/www.safinel.fr\/de\/product-2\/kognon-mousso\/\" \/>\n<meta property=\"og:site_name\" content=\"Safinel\" \/>\n<meta property=\"article:modified_time\" content=\"2026-04-08T10:38:32+00:00\" \/>\n<meta property=\"og:image\" content=\"https:\/\/www.safinel.fr\/wp-content\/uploads\/2022\/09\/la-paix-equivalent-kognon-mousso.jpg\" \/>\n\t<meta property=\"og:image:width\" content=\"600\" \/>\n\t<meta property=\"og:image:height\" content=\"600\" \/>\n\t<meta property=\"og:image:type\" content=\"image\/jpeg\" \/>\n<meta name=\"twitter:card\" content=\"summary_large_image\" \/>\n<meta name=\"twitter:label1\" content=\"Gesch\u00e4tzte Lesezeit\" \/>\n\t<meta name=\"twitter:data1\" content=\"2\u00a0Minuten\" \/>\n<script type=\"application\/ld+json\" class=\"yoast-schema-graph\">{\"@context\":\"https:\/\/schema.org\",\"@graph\":[{\"@type\":\"WebPage\",\"@id\":\"https:\/\/www.safinel.fr\/produit\/kognon-mousso\/\",\"url\":\"https:\/\/www.safinel.fr\/produit\/kognon-mousso\/\",\"name\":\"Kognon mousso I Boisson aphrodisiaque b\u00e9n\u00e9fique\",\"isPartOf\":{\"@id\":\"https:\/\/www.safinel.fr\/#website\"},\"primaryImageOfPage\":{\"@id\":\"https:\/\/www.safinel.fr\/produit\/kognon-mousso\/#primaryimage\"},\"image\":{\"@id\":\"https:\/\/www.safinel.fr\/produit\/kognon-mousso\/#primaryimage\"},\"thumbnailUrl\":\"https:\/\/www.safinel.fr\/wp-content\/uploads\/2022\/09\/la-paix-equivalent-kognon-mousso.jpg\",\"datePublished\":\"2022-09-06T18:51:22+00:00\",\"dateModified\":\"2026-04-08T10:38:32+00:00\",\"description\":\"Kognon mousso est une boisson qui permet de soigner de nombreuses maladies. En plus d\u2019\u00eatre un aphrodisiaque naturel. Adoptez-l\u00e0 !\",\"breadcrumb\":{\"@id\":\"https:\/\/www.safinel.fr\/produit\/kognon-mousso\/#breadcrumb\"},\"inLanguage\":\"de\",\"potentialAction\":[{\"@type\":\"ReadAction\",\"target\":[\"https:\/\/www.safinel.fr\/produit\/kognon-mousso\/\"]}]},{\"@type\":\"ImageObject\",\"inLanguage\":\"de\",\"@id\":\"https:\/\/www.safinel.fr\/produit\/kognon-mousso\/#primaryimage\",\"url\":\"https:\/\/www.safinel.fr\/wp-content\/uploads\/2022\/09\/la-paix-equivalent-kognon-mousso.jpg\",\"contentUrl\":\"https:\/\/www.safinel.fr\/wp-content\/uploads\/2022\/09\/la-paix-equivalent-kognon-mousso.jpg\",\"width\":600,\"height\":600,\"caption\":\"La Paix (\u00c9quivalent Kognon mousso)\"},{\"@type\":\"BreadcrumbList\",\"@id\":\"https:\/\/www.safinel.fr\/produit\/kognon-mousso\/#breadcrumb\",\"itemListElement\":[{\"@type\":\"ListItem\",\"position\":1,\"name\":\"Accueil\",\"item\":\"https:\/\/www.safinel.fr\/\"},{\"@type\":\"ListItem\",\"position\":2,\"name\":\"Boutique\",\"item\":\"https:\/\/www.safinel.fr\/boutique\/\"},{\"@type\":\"ListItem\",\"position\":3,\"name\":\"La Paix Kognon mousso\"}]},{\"@type\":\"WebSite\",\"@id\":\"https:\/\/www.safinel.fr\/#website\",\"url\":\"https:\/\/www.safinel.fr\/\",\"name\":\"Safinel\",\"description\":\"\",\"publisher\":{\"@id\":\"https:\/\/www.safinel.fr\/#organization\"},\"potentialAction\":[{\"@type\":\"SearchAction\",\"target\":{\"@type\":\"EntryPoint\",\"urlTemplate\":\"https:\/\/www.safinel.fr\/?s={search_term_string}\"},\"query-input\":{\"@type\":\"PropertyValueSpecification\",\"valueRequired\":true,\"valueName\":\"search_term_string\"}}],\"inLanguage\":\"de\"},{\"@type\":\"Organization\",\"@id\":\"https:\/\/www.safinel.fr\/#organization\",\"name\":\"Safinel\",\"url\":\"https:\/\/www.safinel.fr\/\",\"logo\":{\"@type\":\"ImageObject\",\"inLanguage\":\"de\",\"@id\":\"https:\/\/www.safinel.fr\/#\/schema\/logo\/image\/\",\"url\":\"https:\/\/www.safinel.fr\/wp-content\/uploads\/2021\/05\/boutique-cosmetique.png\",\"contentUrl\":\"https:\/\/www.safinel.fr\/wp-content\/uploads\/2021\/05\/boutique-cosmetique.png\",\"width\":800,\"height\":200,\"caption\":\"Safinel\"},\"image\":{\"@id\":\"https:\/\/www.safinel.fr\/#\/schema\/logo\/image\/\"}}]}<\/script>\n<!-- \/ Yoast SEO plugin. -->","yoast_head_json":{"title":"Kognon mousso I Aphrodisiakisches Getr\u00e4nk mit Nutzen","description":"Kognon mousso ist ein Getr\u00e4nk, mit dem man viele Krankheiten heilen kann. Au\u00dferdem ist es ein nat\u00fcrliches Aphrodisiakum. Nehmen Sie es an!","robots":{"index":"index","follow":"follow","max-snippet":"max-snippet:-1","max-image-preview":"max-image-preview:large","max-video-preview":"max-video-preview:-1"},"canonical":"https:\/\/www.safinel.fr\/de\/product-2\/kognon-mousso\/","og_locale":"de_DE","og_type":"article","og_title":"Kognon mousso I Boisson aphrodisiaque b\u00e9n\u00e9fique","og_description":"Kognon mousso est une boisson qui permet de soigner de nombreuses maladies. En plus d\u2019\u00eatre un aphrodisiaque naturel. Adoptez-l\u00e0 !","og_url":"https:\/\/www.safinel.fr\/de\/product-2\/kognon-mousso\/","og_site_name":"Safinel","article_modified_time":"2026-04-08T10:38:32+00:00","og_image":[{"width":600,"height":600,"url":"https:\/\/www.safinel.fr\/wp-content\/uploads\/2022\/09\/la-paix-equivalent-kognon-mousso.jpg","type":"image\/jpeg"}],"twitter_card":"summary_large_image","twitter_misc":{"Gesch\u00e4tzte Lesezeit":"2\u00a0Minuten"},"schema":{"@context":"https:\/\/schema.org","@graph":[{"@type":"WebPage","@id":"https:\/\/www.safinel.fr\/produit\/kognon-mousso\/","url":"https:\/\/www.safinel.fr\/produit\/kognon-mousso\/","name":"Kognon mousso I Aphrodisiakisches Getr\u00e4nk mit Nutzen","isPartOf":{"@id":"https:\/\/www.safinel.fr\/#website"},"primaryImageOfPage":{"@id":"https:\/\/www.safinel.fr\/produit\/kognon-mousso\/#primaryimage"},"image":{"@id":"https:\/\/www.safinel.fr\/produit\/kognon-mousso\/#primaryimage"},"thumbnailUrl":"https:\/\/www.safinel.fr\/wp-content\/uploads\/2022\/09\/la-paix-equivalent-kognon-mousso.jpg","datePublished":"2022-09-06T18:51:22+00:00","dateModified":"2026-04-08T10:38:32+00:00","description":"Kognon mousso ist ein Getr\u00e4nk, mit dem man viele Krankheiten heilen kann. Au\u00dferdem ist es ein nat\u00fcrliches Aphrodisiakum. Nehmen Sie es an!","breadcrumb":{"@id":"https:\/\/www.safinel.fr\/produit\/kognon-mousso\/#breadcrumb"},"inLanguage":"de","potentialAction":[{"@type":"ReadAction","target":["https:\/\/www.safinel.fr\/produit\/kognon-mousso\/"]}]},{"@type":"ImageObject","inLanguage":"de","@id":"https:\/\/www.safinel.fr\/produit\/kognon-mousso\/#primaryimage","url":"https:\/\/www.safinel.fr\/wp-content\/uploads\/2022\/09\/la-paix-equivalent-kognon-mousso.jpg","contentUrl":"https:\/\/www.safinel.fr\/wp-content\/uploads\/2022\/09\/la-paix-equivalent-kognon-mousso.jpg","width":600,"height":600,"caption":"La Paix (\u00c9quivalent Kognon mousso)"},{"@type":"BreadcrumbList","@id":"https:\/\/www.safinel.fr\/produit\/kognon-mousso\/#breadcrumb","itemListElement":[{"@type":"ListItem","position":1,"name":"Accueil","item":"https:\/\/www.safinel.fr\/"},{"@type":"ListItem","position":2,"name":"Boutique","item":"https:\/\/www.safinel.fr\/boutique\/"},{"@type":"ListItem","position":3,"name":"La Paix Kognon mousso"}]},{"@type":"WebSite","@id":"https:\/\/www.safinel.fr\/#website","url":"https:\/\/www.safinel.fr\/","name":"Safinel","description":"","publisher":{"@id":"https:\/\/www.safinel.fr\/#organization"},"potentialAction":[{"@type":"SearchAction","target":{"@type":"EntryPoint","urlTemplate":"https:\/\/www.safinel.fr\/?s={search_term_string}"},"query-input":{"@type":"PropertyValueSpecification","valueRequired":true,"valueName":"search_term_string"}}],"inLanguage":"de"},{"@type":"Organization","@id":"https:\/\/www.safinel.fr\/#organization","name":"Safinel","url":"https:\/\/www.safinel.fr\/","logo":{"@type":"ImageObject","inLanguage":"de","@id":"https:\/\/www.safinel.fr\/#\/schema\/logo\/image\/","url":"https:\/\/www.safinel.fr\/wp-content\/uploads\/2021\/05\/boutique-cosmetique.png","contentUrl":"https:\/\/www.safinel.fr\/wp-content\/uploads\/2021\/05\/boutique-cosmetique.png","width":800,"height":200,"caption":"Safinel"},"image":{"@id":"https:\/\/www.safinel.fr\/#\/schema\/logo\/image\/"}}]}},"_links":{"self":[{"href":"https:\/\/www.safinel.fr\/de\/wp-json\/wp\/v2\/product\/2561","targetHints":{"allow":["GET"]}}],"collection":[{"href":"https:\/\/www.safinel.fr\/de\/wp-json\/wp\/v2\/product"}],"about":[{"href":"https:\/\/www.safinel.fr\/de\/wp-json\/wp\/v2\/types\/product"}],"wp:featuredmedia":[{"embeddable":true,"href":"https:\/\/www.safinel.fr\/de\/wp-json\/wp\/v2\/media\/4092"}],"wp:attachment":[{"href":"https:\/\/www.safinel.fr\/de\/wp-json\/wp\/v2\/media?parent=2561"}],"wp:term":[{"taxonomy":"product_brand","embeddable":true,"href":"https:\/\/www.safinel.fr\/de\/wp-json\/wp\/v2\/product_brand?post=2561"},{"taxonomy":"product_cat","embeddable":true,"href":"https:\/\/www.safinel.fr\/de\/wp-json\/wp\/v2\/product_cat?post=2561"},{"taxonomy":"product_tag","embeddable":true,"href":"https:\/\/www.safinel.fr\/de\/wp-json\/wp\/v2\/product_tag?post=2561"}],"curies":[{"name":"wp","href":"https:\/\/api.w.org\/{rel}","templated":true}]}}