{"id":2496,"date":"2022-09-01T17:04:13","date_gmt":"2022-09-01T17:04:13","guid":{"rendered":"https:\/\/www.safinel.fr\/?post_type=product&#038;p=2496"},"modified":"2023-12-30T12:29:30","modified_gmt":"2023-12-30T12:29:30","slug":"donagre-gelules","status":"publish","type":"product","link":"https:\/\/www.safinel.fr\/de\/product-2\/donagre-gelules\/","title":{"rendered":"60 Kapseln Nachtkerze"},"content":{"rendered":"<p>Nachtkerzenkapseln werden Ihr\u00a0<strong>trumpf gesundheit und sch\u00f6nheit<\/strong>. Sie haben Eigenschaften, die Ihnen helfen werden, die Schmerzen Ihres pr\u00e4menstruellen Zyklus zu lindern und\u00a0<strong>Ihre Fruchtbarkeit anregen<\/strong>.\u00a0<strong>Beruhigend und feuchtigkeitsspendend,<\/strong>\u00a0sie werden Ihnen eine strahlende Haut und einen schmerzfreien K\u00f6rper verleihen.<\/p>\n<h2><strong>Nachtkerzenkapseln genauer unter die Lupe genommen<\/strong><\/h2>\n<p>Dies sind Kapseln mit Nachtkerzen\u00f6l. Die Nachtkerze ist eine Pflanze mit gelben Bl\u00fcten, die aus Nordamerika stammt. Sie hat eine kurze Lebensdauer und wird in ihrem zweiten Jahr ihre h\u00fcbschen Bl\u00fcten und Samen hervorbringen. Diese wiederum liefern das wertvolle \u00d6l. Die Vorteile des \u00d6ls sind vielf\u00e4ltig, wir erkl\u00e4ren es Ihnen.<\/p>\n<h2><strong>Nachtkerzenkapseln, ein Fruchtbarkeitsf\u00f6rderer<\/strong><\/h2>\n<p>Sie werden eine\u00a0<strong>Wirkung auf den Zervixschleim<\/strong>\u00a0(der Schleim, der sich im Geb\u00e4rmutterhals befindet). Dadurch wird der Schleim dichter, was Ihnen hilft, schneller schwanger zu werden.<\/p>\n<p>Nehmen Sie 3 Kapseln pro Tag: morgens, mittags und abends, 14 Tage lang. Beginnen Sie am ersten Tag Ihrer Menstruation.<\/p>\n<h3><strong>F\u00fcr eine erf\u00fcllte Haut\u00a0<\/strong><\/h3>\n<p>Dank seiner\u00a0<strong>feuchtigkeitsspendende Eigenschaften<\/strong>, Sie werden eine gesunde und strahlende Haut haben. Vitamin F wird Ihren N\u00e4geln und Haaren Glanz und St\u00e4rke verleihen. Es wird Ihr unbestreitbarer Sch\u00f6nheitsvorteil sein.<\/p>\n<p>F\u00fcr Ihre Sch\u00f6nheit sollten Sie eine Kapsel pro Tag einnehmen.<\/p>\n<h3><strong>Schluss mit pr\u00e4menstruellen Schmerzen<\/strong><\/h3>\n<p>Der Schmerz, den viele Frauen w\u00e4hrend dieser Zeit erleben, macht sie reizbar und launisch. Die Nachtkerzenkapseln werden\u00a0<strong>Schmerzen lindern\u00a0<\/strong>und\u00a0<strong>die Nervosit\u00e4t unter Kontrolle bringen<\/strong>. Sie werden diesen Moment beruhigt erleben.<\/p>\n<ul>\n<li>Nehmen Sie 2 bis 3 Kapseln pro Tag w\u00e4hrend der letzten 10 Tage des Zyklus ein. Das hei\u00dft, bevor Ihre Menstruation einsetzt. Es dauert mindestens zwei Zyklen, bis Sie Ergebnisse sehen.<\/li>\n<li>Um die orale Aufnahme zu erg\u00e4nzen, k\u00f6nnen Sie auftragen von\u00a0<a href=\"https:\/\/www.safinel.fr\/de\/product-2\/bio-donagrasol\/\"><strong>Nachtkerzen\u00f6l<\/strong><\/a>\u00a0direkt auf Ihre Haut und auf die schmerzenden Stellen.<\/li>\n<\/ul>","protected":false},"excerpt":{"rendered":"<p>Les g\u00e9lules d\u2019onagre vont devenir votre\u00a0atout sant\u00e9 et beaut\u00e9. Elles ont des propri\u00e9t\u00e9s qui vont vous aider \u00e0 calmer les douleurs de votre cycle pr\u00e9menstruel et\u00a0stimuler votre fertilit\u00e9.\u00a0Apaisantes et hydratantes,\u00a0elles vont vous donner une peau lumineuse et un corps exempt de douleurs. Les g\u00e9lules d\u2019onagre de plus pr\u00e8s Ce sont des capsules d\u2019huile d\u2019onagre. L\u2019onagre [&#8230;]","protected":false},"featured_media":2497,"template":"","meta":[],"product_brand":[],"product_cat":[28],"product_tag":[],"class_list":{"0":"post-2496","1":"product","2":"type-product","3":"status-publish","4":"has-post-thumbnail","6":"product_cat-divers","8":"first","9":"instock","10":"shipping-taxable","11":"purchasable","12":"product-type-simple"},"yoast_head":"<!-- This site is optimized with the Yoast SEO plugin v26.6 - https:\/\/yoast.com\/wordpress\/plugins\/seo\/ -->\n<title>G\u00e9lules d&#039;onagre I Stimuler votre fertilit\u00e9 naturellement<\/title>\n<meta name=\"description\" content=\"Les g\u00e9lules d\u2019onagre vont devenir votre\u00a0atout sant\u00e9 et beaut\u00e9. Propri\u00e9t\u00e9s qui vont vous aider \u00e0 calmer les douleurs de votre cycle pr\u00e9menstruel.\" \/>\n<meta name=\"robots\" content=\"index, follow, max-snippet:-1, max-image-preview:large, max-video-preview:-1\" \/>\n<link rel=\"canonical\" href=\"https:\/\/www.safinel.fr\/de\/product-2\/donagre-gelules\/\" \/>\n<meta property=\"og:locale\" content=\"de_DE\" \/>\n<meta property=\"og:type\" content=\"article\" \/>\n<meta property=\"og:title\" content=\"G\u00e9lules d&#039;onagre I Stimuler votre fertilit\u00e9 naturellement\" \/>\n<meta property=\"og:description\" content=\"Les g\u00e9lules d\u2019onagre vont devenir votre\u00a0atout sant\u00e9 et beaut\u00e9. Propri\u00e9t\u00e9s qui vont vous aider \u00e0 calmer les douleurs de votre cycle pr\u00e9menstruel.\" \/>\n<meta property=\"og:url\" content=\"https:\/\/www.safinel.fr\/de\/product-2\/donagre-gelules\/\" \/>\n<meta property=\"og:site_name\" content=\"Safinel\" \/>\n<meta property=\"article:modified_time\" content=\"2023-12-30T12:29:30+00:00\" \/>\n<meta property=\"og:image\" content=\"https:\/\/www.safinel.fr\/wp-content\/uploads\/2022\/09\/gelules-onagres.jpg\" \/>\n\t<meta property=\"og:image:width\" content=\"600\" \/>\n\t<meta property=\"og:image:height\" content=\"600\" \/>\n\t<meta property=\"og:image:type\" content=\"image\/jpeg\" \/>\n<meta name=\"twitter:card\" content=\"summary_large_image\" \/>\n<meta name=\"twitter:label1\" content=\"Gesch\u00e4tzte Lesezeit\" \/>\n\t<meta name=\"twitter:data1\" content=\"2\u00a0Minuten\" \/>\n<script type=\"application\/ld+json\" class=\"yoast-schema-graph\">{\"@context\":\"https:\/\/schema.org\",\"@graph\":[{\"@type\":\"WebPage\",\"@id\":\"https:\/\/www.safinel.fr\/produit\/gelules-donagre\/\",\"url\":\"https:\/\/www.safinel.fr\/produit\/gelules-donagre\/\",\"name\":\"G\u00e9lules d'onagre I Stimuler votre fertilit\u00e9 naturellement\",\"isPartOf\":{\"@id\":\"https:\/\/www.safinel.fr\/#website\"},\"primaryImageOfPage\":{\"@id\":\"https:\/\/www.safinel.fr\/produit\/gelules-donagre\/#primaryimage\"},\"image\":{\"@id\":\"https:\/\/www.safinel.fr\/produit\/gelules-donagre\/#primaryimage\"},\"thumbnailUrl\":\"https:\/\/www.safinel.fr\/wp-content\/uploads\/2022\/09\/gelules-onagres.jpg\",\"datePublished\":\"2022-09-01T17:04:13+00:00\",\"dateModified\":\"2023-12-30T12:29:30+00:00\",\"description\":\"Les g\u00e9lules d\u2019onagre vont devenir votre\u00a0atout sant\u00e9 et beaut\u00e9. Propri\u00e9t\u00e9s qui vont vous aider \u00e0 calmer les douleurs de votre cycle pr\u00e9menstruel.\",\"breadcrumb\":{\"@id\":\"https:\/\/www.safinel.fr\/produit\/gelules-donagre\/#breadcrumb\"},\"inLanguage\":\"de\",\"potentialAction\":[{\"@type\":\"ReadAction\",\"target\":[\"https:\/\/www.safinel.fr\/produit\/gelules-donagre\/\"]}]},{\"@type\":\"ImageObject\",\"inLanguage\":\"de\",\"@id\":\"https:\/\/www.safinel.fr\/produit\/gelules-donagre\/#primaryimage\",\"url\":\"https:\/\/www.safinel.fr\/wp-content\/uploads\/2022\/09\/gelules-onagres.jpg\",\"contentUrl\":\"https:\/\/www.safinel.fr\/wp-content\/uploads\/2022\/09\/gelules-onagres.jpg\",\"width\":600,\"height\":600,\"caption\":\"60 g\u00e9lules d'onagre\"},{\"@type\":\"BreadcrumbList\",\"@id\":\"https:\/\/www.safinel.fr\/produit\/gelules-donagre\/#breadcrumb\",\"itemListElement\":[{\"@type\":\"ListItem\",\"position\":1,\"name\":\"Accueil\",\"item\":\"https:\/\/www.safinel.fr\/\"},{\"@type\":\"ListItem\",\"position\":2,\"name\":\"Boutique\",\"item\":\"https:\/\/www.safinel.fr\/boutique\/\"},{\"@type\":\"ListItem\",\"position\":3,\"name\":\"60 g\u00e9lules d&#8217;onagre\"}]},{\"@type\":\"WebSite\",\"@id\":\"https:\/\/www.safinel.fr\/#website\",\"url\":\"https:\/\/www.safinel.fr\/\",\"name\":\"Safinel\",\"description\":\"\",\"publisher\":{\"@id\":\"https:\/\/www.safinel.fr\/#organization\"},\"potentialAction\":[{\"@type\":\"SearchAction\",\"target\":{\"@type\":\"EntryPoint\",\"urlTemplate\":\"https:\/\/www.safinel.fr\/?s={search_term_string}\"},\"query-input\":{\"@type\":\"PropertyValueSpecification\",\"valueRequired\":true,\"valueName\":\"search_term_string\"}}],\"inLanguage\":\"de\"},{\"@type\":\"Organization\",\"@id\":\"https:\/\/www.safinel.fr\/#organization\",\"name\":\"Safinel\",\"url\":\"https:\/\/www.safinel.fr\/\",\"logo\":{\"@type\":\"ImageObject\",\"inLanguage\":\"de\",\"@id\":\"https:\/\/www.safinel.fr\/#\/schema\/logo\/image\/\",\"url\":\"https:\/\/www.safinel.fr\/wp-content\/uploads\/2021\/05\/boutique-cosmetique.png\",\"contentUrl\":\"https:\/\/www.safinel.fr\/wp-content\/uploads\/2021\/05\/boutique-cosmetique.png\",\"width\":800,\"height\":200,\"caption\":\"Safinel\"},\"image\":{\"@id\":\"https:\/\/www.safinel.fr\/#\/schema\/logo\/image\/\"}}]}<\/script>\n<!-- \/ Yoast SEO plugin. -->","yoast_head_json":{"title":"Nachtkerzenkapseln I Stimulieren Sie Ihre Fruchtbarkeit auf nat\u00fcrliche Weise","description":"Nachtkerzenkapseln werden Ihr Trumpf in Sachen Gesundheit und Sch\u00f6nheit werden. Eigenschaften, die Ihnen helfen werden, die Schmerzen Ihres pr\u00e4menstruellen Zyklus zu lindern.","robots":{"index":"index","follow":"follow","max-snippet":"max-snippet:-1","max-image-preview":"max-image-preview:large","max-video-preview":"max-video-preview:-1"},"canonical":"https:\/\/www.safinel.fr\/de\/product-2\/donagre-gelules\/","og_locale":"de_DE","og_type":"article","og_title":"G\u00e9lules d'onagre I Stimuler votre fertilit\u00e9 naturellement","og_description":"Les g\u00e9lules d\u2019onagre vont devenir votre\u00a0atout sant\u00e9 et beaut\u00e9. Propri\u00e9t\u00e9s qui vont vous aider \u00e0 calmer les douleurs de votre cycle pr\u00e9menstruel.","og_url":"https:\/\/www.safinel.fr\/de\/product-2\/donagre-gelules\/","og_site_name":"Safinel","article_modified_time":"2023-12-30T12:29:30+00:00","og_image":[{"width":600,"height":600,"url":"https:\/\/www.safinel.fr\/wp-content\/uploads\/2022\/09\/gelules-onagres.jpg","type":"image\/jpeg"}],"twitter_card":"summary_large_image","twitter_misc":{"Gesch\u00e4tzte Lesezeit":"2\u00a0Minuten"},"schema":{"@context":"https:\/\/schema.org","@graph":[{"@type":"WebPage","@id":"https:\/\/www.safinel.fr\/produit\/gelules-donagre\/","url":"https:\/\/www.safinel.fr\/produit\/gelules-donagre\/","name":"Nachtkerzenkapseln I Stimulieren Sie Ihre Fruchtbarkeit auf nat\u00fcrliche Weise","isPartOf":{"@id":"https:\/\/www.safinel.fr\/#website"},"primaryImageOfPage":{"@id":"https:\/\/www.safinel.fr\/produit\/gelules-donagre\/#primaryimage"},"image":{"@id":"https:\/\/www.safinel.fr\/produit\/gelules-donagre\/#primaryimage"},"thumbnailUrl":"https:\/\/www.safinel.fr\/wp-content\/uploads\/2022\/09\/gelules-onagres.jpg","datePublished":"2022-09-01T17:04:13+00:00","dateModified":"2023-12-30T12:29:30+00:00","description":"Nachtkerzenkapseln werden Ihr Trumpf in Sachen Gesundheit und Sch\u00f6nheit werden. Eigenschaften, die Ihnen helfen werden, die Schmerzen Ihres pr\u00e4menstruellen Zyklus zu lindern.","breadcrumb":{"@id":"https:\/\/www.safinel.fr\/produit\/gelules-donagre\/#breadcrumb"},"inLanguage":"de","potentialAction":[{"@type":"ReadAction","target":["https:\/\/www.safinel.fr\/produit\/gelules-donagre\/"]}]},{"@type":"ImageObject","inLanguage":"de","@id":"https:\/\/www.safinel.fr\/produit\/gelules-donagre\/#primaryimage","url":"https:\/\/www.safinel.fr\/wp-content\/uploads\/2022\/09\/gelules-onagres.jpg","contentUrl":"https:\/\/www.safinel.fr\/wp-content\/uploads\/2022\/09\/gelules-onagres.jpg","width":600,"height":600,"caption":"60 g\u00e9lules d'onagre"},{"@type":"BreadcrumbList","@id":"https:\/\/www.safinel.fr\/produit\/gelules-donagre\/#breadcrumb","itemListElement":[{"@type":"ListItem","position":1,"name":"Accueil","item":"https:\/\/www.safinel.fr\/"},{"@type":"ListItem","position":2,"name":"Boutique","item":"https:\/\/www.safinel.fr\/boutique\/"},{"@type":"ListItem","position":3,"name":"60 g\u00e9lules d&#8217;onagre"}]},{"@type":"WebSite","@id":"https:\/\/www.safinel.fr\/#website","url":"https:\/\/www.safinel.fr\/","name":"Safinel","description":"","publisher":{"@id":"https:\/\/www.safinel.fr\/#organization"},"potentialAction":[{"@type":"SearchAction","target":{"@type":"EntryPoint","urlTemplate":"https:\/\/www.safinel.fr\/?s={search_term_string}"},"query-input":{"@type":"PropertyValueSpecification","valueRequired":true,"valueName":"search_term_string"}}],"inLanguage":"de"},{"@type":"Organization","@id":"https:\/\/www.safinel.fr\/#organization","name":"Safinel","url":"https:\/\/www.safinel.fr\/","logo":{"@type":"ImageObject","inLanguage":"de","@id":"https:\/\/www.safinel.fr\/#\/schema\/logo\/image\/","url":"https:\/\/www.safinel.fr\/wp-content\/uploads\/2021\/05\/boutique-cosmetique.png","contentUrl":"https:\/\/www.safinel.fr\/wp-content\/uploads\/2021\/05\/boutique-cosmetique.png","width":800,"height":200,"caption":"Safinel"},"image":{"@id":"https:\/\/www.safinel.fr\/#\/schema\/logo\/image\/"}}]}},"_links":{"self":[{"href":"https:\/\/www.safinel.fr\/de\/wp-json\/wp\/v2\/product\/2496","targetHints":{"allow":["GET"]}}],"collection":[{"href":"https:\/\/www.safinel.fr\/de\/wp-json\/wp\/v2\/product"}],"about":[{"href":"https:\/\/www.safinel.fr\/de\/wp-json\/wp\/v2\/types\/product"}],"wp:featuredmedia":[{"embeddable":true,"href":"https:\/\/www.safinel.fr\/de\/wp-json\/wp\/v2\/media\/2497"}],"wp:attachment":[{"href":"https:\/\/www.safinel.fr\/de\/wp-json\/wp\/v2\/media?parent=2496"}],"wp:term":[{"taxonomy":"product_brand","embeddable":true,"href":"https:\/\/www.safinel.fr\/de\/wp-json\/wp\/v2\/product_brand?post=2496"},{"taxonomy":"product_cat","embeddable":true,"href":"https:\/\/www.safinel.fr\/de\/wp-json\/wp\/v2\/product_cat?post=2496"},{"taxonomy":"product_tag","embeddable":true,"href":"https:\/\/www.safinel.fr\/de\/wp-json\/wp\/v2\/product_tag?post=2496"}],"curies":[{"name":"wp","href":"https:\/\/api.w.org\/{rel}","templated":true}]}}