{"id":2494,"date":"2022-09-01T17:02:48","date_gmt":"2022-09-01T17:02:48","guid":{"rendered":"https:\/\/www.safinel.fr\/?post_type=product&#038;p=2494"},"modified":"2024-03-30T18:13:26","modified_gmt":"2024-03-30T18:13:26","slug":"bio-donagrasol","status":"publish","type":"product","link":"https:\/\/www.safinel.fr\/de\/product-2\/bio-donagrasol\/","title":{"rendered":"Bio-Nachtkerzen\u00f6l 60ml"},"content":{"rendered":"<p>Nachtkerzen\u00f6l ist das Mittel zum Zweck, um<strong>\u00a0sch\u00f6n von innen und au\u00dfen.<\/strong>\u00a0Dies ist das Trend\u00f6l f\u00fcr Menschen, die sich auf nat\u00fcrliche Weise um sich selbst k\u00fcmmern wollen. Es wird die Schmerzen lindern, die mit der weiblichen Intimit\u00e4t verbunden sind.\u00a0<strong>Die Haut n\u00e4hren<\/strong>\u00a0um sie zu versch\u00f6nern und\u00a0<strong>Entz\u00fcndungen lindern<\/strong>. Wenn Sie es noch nicht kennen, ist es das \u00d6l, das Sie entdecken m\u00fcssen!<\/p>\n<h2><strong>Nachtkerzen\u00f6l : Das Schmerzmittel der Frauen<\/strong><\/h2>\n<p>Es wird aus den Samen der Nachtkerze hergestellt, jener Pflanze, die auch als Abendsch\u00f6nheit bezeichnet wird, da ihre Bl\u00fcten bei Sonnenuntergang aufbl\u00fchen. In der Pflanzenheilkunde ist das \u00d6l daf\u00fcr bekannt, pr\u00e4menstruelle Syndrome zu lindern. Es wird\u00a0<strong>Schmerzen im Bauchbereich reduzieren<\/strong>,\u00a0<strong>Spannungen in den Br\u00fcsten beruhigen\u00a0<\/strong>und\u00a0<strong>Reizbarkeit mildern<\/strong>. Tats\u00e4chlich wird sie das hormonelle Gleichgewicht im K\u00f6rper der Frau wiederherstellen. Daher wirkt sie auch beruhigend auf Frauen, die sich in der Pr\u00e4menopause oder in der Menopause befinden. Sie wird Hitzewallungen, Stimmungsschwankungen sowie trockene Haut und Schleimh\u00e4ute lindern.<\/p>\n<p>Egal, in welcher Lebensphase Sie sich befinden, Sie k\u00f6nnen es mit Gelassenheit begr\u00fc\u00dfen.<\/p>\n<p>Probieren Sie auch unseren\u00a0<a href=\"https:\/\/www.safinel.fr\/de\/product-2\/nigella-honig\/\"><strong>Nigella-Honig<\/strong><\/a>\u00a0bekannt daf\u00fcr, schmerzhafte Menstruationsbeschwerden zu lindern.<\/p>\n<h3><strong>F\u00fcr eine gesunde und sch\u00f6ne Haut<\/strong><\/h3>\n<p>Dank ihrer Zusammensetzung, die reich an essentiellen Fetts\u00e4uren ist, wirkt sie auf die Haut ein, indem sie sie mit Feuchtigkeit versorgt und gleichzeitig ihre Elastizit\u00e4t und Geschmeidigkeit bewahrt. Sie k\u00f6nnen es daher t\u00e4glich als Feuchtigkeitspflege anwenden. Au\u00dferdem wirkt es der Hautalterung entgegen. Es ist die\u00a0<strong>Anti-Aging-Pflege<\/strong>\u00a0! Schlie\u00dflich ist sie\u00a0<strong>wird Hautirritationen lindern<\/strong>. Insbesondere bei Ekzemen, die sie perfekt behandeln wird. Aber auch bei trockener Haut. Von nun an werden Sie eine gesunde und strahlende Haut haben.<\/p>\n<p>Entdecken Sie auch unsere\u00a0<strong>Aloe-Vera-Gel<\/strong>, Die Haut ist sehr weich und geschmeidig.<\/p>\n<h3><strong>Eine Barriere gegen Entz\u00fcndungen<\/strong><\/h3>\n<p>Schmerzen, die man t\u00e4glich erlebt, sind etwas, das einen extrem behindert. Sie k\u00f6nnen Sie an der Arbeit hindern, Sie von anderen Menschen abschneiden und Sie deprimieren. Nachtkerzen\u00f6l wird\u00a0<strong>entz\u00fcndliche Zust\u00e4nde reduzieren\u00a0<\/strong>im Allgemeinen und erm\u00f6glichen es Ihnen, Ihr Leben wieder in den Griff zu bekommen. Sie k\u00f6nnen es also auch bei Gelenkschmerzen anwenden. Und zwar bei Arthritis oder rheumatoider Arthritis, die dadurch gelindert und gelindert werden.<\/p>\n<h2><strong>Vorsichtsma\u00dfnahmen bei der Verwendung von Nachtkerzen\u00f6l<\/strong><\/h2>\n<p>Generell gilt: Seien Sie vorsichtig, wenn Sie einen allergischen Hintergrund haben. Und wenn Sie regelm\u00e4\u00dfig Medikamente einnehmen, fragen Sie Ihren Arzt um Rat, um Wechselwirkungen mit anderen Medikamenten zu vermeiden.<\/p>\n<p>Au\u00dferdem ist dieses \u00d6l\u00a0<strong>abgeraten f\u00fcr schwangere oder stillende Frauen<\/strong>. Und sie ist bei Epilepsie kontraindiziert.<\/p>\n<h2><strong>Wie man Nachtkerzen\u00f6l verwendet<\/strong><\/h2>\n<p>Reiben Sie mit sauberen H\u00e4nden t\u00e4glich die schmerzenden Stellen ein.<\/p>\n<p>Sie k\u00f6nnen auch Ihre Salate mit einem Teel\u00f6ffel w\u00fcrzen. Erhitzen Sie es jedoch nicht, um alle seine Vorteile zu nutzen.<\/p>\n<h3><strong>Unser Sch\u00f6nheitstipp :<\/strong><\/h3>\n<p>F\u00fcr eine beruhigende K\u00f6rperpflege: Verd\u00fcnnen Sie einen L\u00f6ffel Nachtkerzen\u00f6l mit 2 Tropfen \u00e4therischem Rosengeranien\u00f6l. F\u00fcr gr\u00f6\u00dfere Mengen mischen Sie 50 ml und 20 Tropfen. So erhalten Sie eine feuchtigkeitsspendende und ausgleichende Pflege f\u00fcr Ihre Haut. Sie k\u00f6nnen diese Mischung t\u00e4glich auf Ihre gesamte Haut auftragen.<\/p>\n<p>Bewahren Sie die Flasche im K\u00fchlschrank auf, da sie sehr schnell ranzig wird.<\/p>\n<p>Um eine optimale Wirkung zu erzielen, k\u00f6nnen Sie das \u00d6l mit der Einnahme von\u00a0<strong><a href=\"https:\/\/www.safinel.fr\/de\/product-2\/donagre-gelules\/\">Nachtkerzenkapseln<\/a>.<\/strong><\/p>","protected":false},"excerpt":{"rendered":"<p>Nachtkerzen\u00f6l ist das Mittel, um von innen und au\u00dfen sch\u00f6n zu sein.\u00a0Es ist das Trend\u00f6l f\u00fcr Menschen, die sich auf nat\u00fcrliche Weise pflegen m\u00f6chten. Es lindert Schmerzen im Intimbereich der Frau. Es pflegt die Haut, macht sie sch\u00f6ner und lindert Entz\u00fcndungen. Wenn Sie es noch nicht kennen, sollten Sie dieses \u00d6l unbedingt entdecken! Nachtkerzen\u00f6l: Das Schmerzmittel f\u00fcr Frauen Es [\u2026]","protected":false},"featured_media":2495,"template":"","meta":[],"product_brand":[],"product_cat":[28,122],"product_tag":[],"class_list":{"0":"post-2494","1":"product","2":"type-product","3":"status-publish","4":"has-post-thumbnail","6":"product_cat-divers","7":"product_cat-huile-vegetale","9":"first","10":"instock","11":"shipping-taxable","12":"purchasable","13":"product-type-simple"},"yoast_head":"<!-- This site is optimized with the Yoast SEO plugin v26.6 - https:\/\/yoast.com\/wordpress\/plugins\/seo\/ -->\n<title>Huile d&#039;onagre I Bienfaits nombreux I Huile naturelle &amp; bio<\/title>\n<meta name=\"description\" content=\"L\u2019huile d\u2019onagre, rem\u00e8de pour \u00eatre\u00a0belle de l\u2019int\u00e9rieur et de l\u2019ext\u00e9rieur.\u00a0C\u2019est l\u2019huile pour les personnes qui veulent prendre soin d\u2019elles naturellement.\" \/>\n<meta name=\"robots\" content=\"index, follow, max-snippet:-1, max-image-preview:large, max-video-preview:-1\" \/>\n<link rel=\"canonical\" href=\"https:\/\/www.safinel.fr\/de\/product-2\/bio-donagrasol\/\" \/>\n<meta property=\"og:locale\" content=\"de_DE\" \/>\n<meta property=\"og:type\" content=\"article\" \/>\n<meta property=\"og:title\" content=\"Huile d&#039;onagre I Bienfaits nombreux I Huile naturelle &amp; bio\" \/>\n<meta property=\"og:description\" content=\"L\u2019huile d\u2019onagre, rem\u00e8de pour \u00eatre\u00a0belle de l\u2019int\u00e9rieur et de l\u2019ext\u00e9rieur.\u00a0C\u2019est l\u2019huile pour les personnes qui veulent prendre soin d\u2019elles naturellement.\" \/>\n<meta property=\"og:url\" content=\"https:\/\/www.safinel.fr\/de\/product-2\/bio-donagrasol\/\" \/>\n<meta property=\"og:site_name\" content=\"Safinel\" \/>\n<meta property=\"article:modified_time\" content=\"2024-03-30T18:13:26+00:00\" \/>\n<meta property=\"og:image\" content=\"https:\/\/www.safinel.fr\/wp-content\/uploads\/2022\/09\/huile-onagre.jpg\" \/>\n\t<meta property=\"og:image:width\" content=\"600\" \/>\n\t<meta property=\"og:image:height\" content=\"600\" \/>\n\t<meta property=\"og:image:type\" content=\"image\/jpeg\" \/>\n<meta name=\"twitter:card\" content=\"summary_large_image\" \/>\n<meta name=\"twitter:label1\" content=\"Gesch\u00e4tzte Lesezeit\" \/>\n\t<meta name=\"twitter:data1\" content=\"3\u00a0Minuten\" \/>\n<script type=\"application\/ld+json\" class=\"yoast-schema-graph\">{\"@context\":\"https:\/\/schema.org\",\"@graph\":[{\"@type\":\"WebPage\",\"@id\":\"https:\/\/www.safinel.fr\/produit\/huile-donagre-bio\/\",\"url\":\"https:\/\/www.safinel.fr\/produit\/huile-donagre-bio\/\",\"name\":\"Huile d'onagre I Bienfaits nombreux I Huile naturelle & bio\",\"isPartOf\":{\"@id\":\"https:\/\/www.safinel.fr\/#website\"},\"primaryImageOfPage\":{\"@id\":\"https:\/\/www.safinel.fr\/produit\/huile-donagre-bio\/#primaryimage\"},\"image\":{\"@id\":\"https:\/\/www.safinel.fr\/produit\/huile-donagre-bio\/#primaryimage\"},\"thumbnailUrl\":\"https:\/\/www.safinel.fr\/wp-content\/uploads\/2022\/09\/huile-onagre.jpg\",\"datePublished\":\"2022-09-01T17:02:48+00:00\",\"dateModified\":\"2024-03-30T18:13:26+00:00\",\"description\":\"L\u2019huile d\u2019onagre, rem\u00e8de pour \u00eatre\u00a0belle de l\u2019int\u00e9rieur et de l\u2019ext\u00e9rieur.\u00a0C\u2019est l\u2019huile pour les personnes qui veulent prendre soin d\u2019elles naturellement.\",\"breadcrumb\":{\"@id\":\"https:\/\/www.safinel.fr\/produit\/huile-donagre-bio\/#breadcrumb\"},\"inLanguage\":\"de\",\"potentialAction\":[{\"@type\":\"ReadAction\",\"target\":[\"https:\/\/www.safinel.fr\/produit\/huile-donagre-bio\/\"]}]},{\"@type\":\"ImageObject\",\"inLanguage\":\"de\",\"@id\":\"https:\/\/www.safinel.fr\/produit\/huile-donagre-bio\/#primaryimage\",\"url\":\"https:\/\/www.safinel.fr\/wp-content\/uploads\/2022\/09\/huile-onagre.jpg\",\"contentUrl\":\"https:\/\/www.safinel.fr\/wp-content\/uploads\/2022\/09\/huile-onagre.jpg\",\"width\":600,\"height\":600,\"caption\":\"Huile d'onagre bio 60ml\"},{\"@type\":\"BreadcrumbList\",\"@id\":\"https:\/\/www.safinel.fr\/produit\/huile-donagre-bio\/#breadcrumb\",\"itemListElement\":[{\"@type\":\"ListItem\",\"position\":1,\"name\":\"Accueil\",\"item\":\"https:\/\/www.safinel.fr\/\"},{\"@type\":\"ListItem\",\"position\":2,\"name\":\"Boutique\",\"item\":\"https:\/\/www.safinel.fr\/boutique\/\"},{\"@type\":\"ListItem\",\"position\":3,\"name\":\"Huile d&#8217;onagre bio 60ml\"}]},{\"@type\":\"WebSite\",\"@id\":\"https:\/\/www.safinel.fr\/#website\",\"url\":\"https:\/\/www.safinel.fr\/\",\"name\":\"Safinel\",\"description\":\"\",\"publisher\":{\"@id\":\"https:\/\/www.safinel.fr\/#organization\"},\"potentialAction\":[{\"@type\":\"SearchAction\",\"target\":{\"@type\":\"EntryPoint\",\"urlTemplate\":\"https:\/\/www.safinel.fr\/?s={search_term_string}\"},\"query-input\":{\"@type\":\"PropertyValueSpecification\",\"valueRequired\":true,\"valueName\":\"search_term_string\"}}],\"inLanguage\":\"de\"},{\"@type\":\"Organization\",\"@id\":\"https:\/\/www.safinel.fr\/#organization\",\"name\":\"Safinel\",\"url\":\"https:\/\/www.safinel.fr\/\",\"logo\":{\"@type\":\"ImageObject\",\"inLanguage\":\"de\",\"@id\":\"https:\/\/www.safinel.fr\/#\/schema\/logo\/image\/\",\"url\":\"https:\/\/www.safinel.fr\/wp-content\/uploads\/2021\/05\/boutique-cosmetique.png\",\"contentUrl\":\"https:\/\/www.safinel.fr\/wp-content\/uploads\/2021\/05\/boutique-cosmetique.png\",\"width\":800,\"height\":200,\"caption\":\"Safinel\"},\"image\":{\"@id\":\"https:\/\/www.safinel.fr\/#\/schema\/logo\/image\/\"}}]}<\/script>\n<!-- \/ Yoast SEO plugin. -->","yoast_head_json":{"title":"Nachtkerzen\u00f6l I Zahlreiche Vorteile I Nat\u00fcrliches &amp; Bio-\u00d6l","description":"Nachtkerzen\u00f6l ist ein Heilmittel, um von innen und au\u00dfen sch\u00f6n zu sein. Es ist das \u00d6l f\u00fcr Menschen, die sich auf nat\u00fcrliche Weise um sich selbst k\u00fcmmern wollen.","robots":{"index":"index","follow":"follow","max-snippet":"max-snippet:-1","max-image-preview":"max-image-preview:large","max-video-preview":"max-video-preview:-1"},"canonical":"https:\/\/www.safinel.fr\/de\/product-2\/bio-donagrasol\/","og_locale":"de_DE","og_type":"article","og_title":"Huile d'onagre I Bienfaits nombreux I Huile naturelle & bio","og_description":"L\u2019huile d\u2019onagre, rem\u00e8de pour \u00eatre\u00a0belle de l\u2019int\u00e9rieur et de l\u2019ext\u00e9rieur.\u00a0C\u2019est l\u2019huile pour les personnes qui veulent prendre soin d\u2019elles naturellement.","og_url":"https:\/\/www.safinel.fr\/de\/product-2\/bio-donagrasol\/","og_site_name":"Safinel","article_modified_time":"2024-03-30T18:13:26+00:00","og_image":[{"width":600,"height":600,"url":"https:\/\/www.safinel.fr\/wp-content\/uploads\/2022\/09\/huile-onagre.jpg","type":"image\/jpeg"}],"twitter_card":"summary_large_image","twitter_misc":{"Gesch\u00e4tzte Lesezeit":"3\u00a0Minuten"},"schema":{"@context":"https:\/\/schema.org","@graph":[{"@type":"WebPage","@id":"https:\/\/www.safinel.fr\/produit\/huile-donagre-bio\/","url":"https:\/\/www.safinel.fr\/produit\/huile-donagre-bio\/","name":"Nachtkerzen\u00f6l I Zahlreiche Vorteile I Nat\u00fcrliches &amp; Bio-\u00d6l","isPartOf":{"@id":"https:\/\/www.safinel.fr\/#website"},"primaryImageOfPage":{"@id":"https:\/\/www.safinel.fr\/produit\/huile-donagre-bio\/#primaryimage"},"image":{"@id":"https:\/\/www.safinel.fr\/produit\/huile-donagre-bio\/#primaryimage"},"thumbnailUrl":"https:\/\/www.safinel.fr\/wp-content\/uploads\/2022\/09\/huile-onagre.jpg","datePublished":"2022-09-01T17:02:48+00:00","dateModified":"2024-03-30T18:13:26+00:00","description":"Nachtkerzen\u00f6l ist ein Heilmittel, um von innen und au\u00dfen sch\u00f6n zu sein. Es ist das \u00d6l f\u00fcr Menschen, die sich auf nat\u00fcrliche Weise um sich selbst k\u00fcmmern wollen.","breadcrumb":{"@id":"https:\/\/www.safinel.fr\/produit\/huile-donagre-bio\/#breadcrumb"},"inLanguage":"de","potentialAction":[{"@type":"ReadAction","target":["https:\/\/www.safinel.fr\/produit\/huile-donagre-bio\/"]}]},{"@type":"ImageObject","inLanguage":"de","@id":"https:\/\/www.safinel.fr\/produit\/huile-donagre-bio\/#primaryimage","url":"https:\/\/www.safinel.fr\/wp-content\/uploads\/2022\/09\/huile-onagre.jpg","contentUrl":"https:\/\/www.safinel.fr\/wp-content\/uploads\/2022\/09\/huile-onagre.jpg","width":600,"height":600,"caption":"Huile d'onagre bio 60ml"},{"@type":"BreadcrumbList","@id":"https:\/\/www.safinel.fr\/produit\/huile-donagre-bio\/#breadcrumb","itemListElement":[{"@type":"ListItem","position":1,"name":"Accueil","item":"https:\/\/www.safinel.fr\/"},{"@type":"ListItem","position":2,"name":"Boutique","item":"https:\/\/www.safinel.fr\/boutique\/"},{"@type":"ListItem","position":3,"name":"Huile d&#8217;onagre bio 60ml"}]},{"@type":"WebSite","@id":"https:\/\/www.safinel.fr\/#website","url":"https:\/\/www.safinel.fr\/","name":"Safinel","description":"","publisher":{"@id":"https:\/\/www.safinel.fr\/#organization"},"potentialAction":[{"@type":"SearchAction","target":{"@type":"EntryPoint","urlTemplate":"https:\/\/www.safinel.fr\/?s={search_term_string}"},"query-input":{"@type":"PropertyValueSpecification","valueRequired":true,"valueName":"search_term_string"}}],"inLanguage":"de"},{"@type":"Organization","@id":"https:\/\/www.safinel.fr\/#organization","name":"Safinel","url":"https:\/\/www.safinel.fr\/","logo":{"@type":"ImageObject","inLanguage":"de","@id":"https:\/\/www.safinel.fr\/#\/schema\/logo\/image\/","url":"https:\/\/www.safinel.fr\/wp-content\/uploads\/2021\/05\/boutique-cosmetique.png","contentUrl":"https:\/\/www.safinel.fr\/wp-content\/uploads\/2021\/05\/boutique-cosmetique.png","width":800,"height":200,"caption":"Safinel"},"image":{"@id":"https:\/\/www.safinel.fr\/#\/schema\/logo\/image\/"}}]}},"_links":{"self":[{"href":"https:\/\/www.safinel.fr\/de\/wp-json\/wp\/v2\/product\/2494","targetHints":{"allow":["GET"]}}],"collection":[{"href":"https:\/\/www.safinel.fr\/de\/wp-json\/wp\/v2\/product"}],"about":[{"href":"https:\/\/www.safinel.fr\/de\/wp-json\/wp\/v2\/types\/product"}],"wp:featuredmedia":[{"embeddable":true,"href":"https:\/\/www.safinel.fr\/de\/wp-json\/wp\/v2\/media\/2495"}],"wp:attachment":[{"href":"https:\/\/www.safinel.fr\/de\/wp-json\/wp\/v2\/media?parent=2494"}],"wp:term":[{"taxonomy":"product_brand","embeddable":true,"href":"https:\/\/www.safinel.fr\/de\/wp-json\/wp\/v2\/product_brand?post=2494"},{"taxonomy":"product_cat","embeddable":true,"href":"https:\/\/www.safinel.fr\/de\/wp-json\/wp\/v2\/product_cat?post=2494"},{"taxonomy":"product_tag","embeddable":true,"href":"https:\/\/www.safinel.fr\/de\/wp-json\/wp\/v2\/product_tag?post=2494"}],"curies":[{"name":"wp","href":"https:\/\/api.w.org\/{rel}","templated":true}]}}