{"id":2492,"date":"2022-09-01T16:50:34","date_gmt":"2022-09-01T16:50:34","guid":{"rendered":"https:\/\/www.safinel.fr\/?post_type=product&#038;p=2492"},"modified":"2023-12-30T12:29:40","modified_gmt":"2023-12-30T12:29:40","slug":"alchemilla-bio-gelules","status":"publish","type":"product","link":"https:\/\/www.safinel.fr\/de\/product-2\/alchemilla-bio-gelules\/","title":{"rendered":"Bio-Frauenmantelkapseln"},"content":{"rendered":"<p>Ihr Leben als Frau ist gepr\u00e4gt von\u00a0<strong>hormonelle Ver\u00e4nderungen<\/strong>\u00a0altersbedingt, durch Schwangerschaften, Lebenspr\u00fcfungen und auch durch\u00a0<strong>Syndrome im Zusammenhang mit\u00a0<\/strong>Ihre<strong>\u00a0Intimit\u00e4t.\u00a0<\/strong>Dank der Alchemilla-Bio-Kapseln wird Ihr K\u00f6rper die nat\u00fcrliche L\u00f6sung haben, um diese inneren St\u00fcrme gelassen zu \u00fcberstehen.<\/p>\n<h2><strong>Ein wirksames Mittel, das an Bekanntheit gewinnt\u00a0<\/strong><\/h2>\n<p>Frauenmantelkapseln werden aus der gleichnamigen Pflanze hergestellt. Naturheilkundler verwenden ihn wegen seiner Qualit\u00e4ten\u00a0<strong>blutstillend, schwellungshemmend, austrocknend\u00a0<\/strong>und\u00a0<strong>belebend<\/strong>. Sie lindert Entz\u00fcndungen und l\u00e4sst geschwollenes Gewebe abschwellen. In Kapseln hat es den gleichen Effekt mit einer gezielten Wirkung auf den Darm, die Geb\u00e4rmutter und ihre Umgebung.<\/p>\n<h2><strong>Alchemilla-Kapseln: eine Barriere gegen Blutungen<\/strong><\/h2>\n<p>Die Wirkstoffe dieser Pflanze werden Folgendes bewirken\u00a0<strong>Blutungen stoppen<\/strong>. Das bedeutet, dass sich der Durchmesser der Gef\u00e4\u00dfe verengt und auf seine normale Gr\u00f6\u00dfe zur\u00fcckkehrt. Dadurch wird der Blutfluss verringert. Das ist die Antwort auf zu starke Menstruationsblutungen und Blutungen, die au\u00dferhalb der Periode auftreten k\u00f6nnen.<\/p>\n<p>F\u00fcr die Lochie empfehlen wir Ihnen, mit Kr\u00e4utertees von\u00a0<a href=\"https:\/\/www.safinel.fr\/de\/product-2\/himbeerblatter\/\"><strong>Himbeerbl\u00e4tter<\/strong><\/a>.<\/p>\n<h3><strong>Ein St\u00e4rkungsmittel f\u00fcr das Geb\u00e4rmuttergewebe<\/strong><\/h3>\n<p>Diese Kapseln erm\u00f6glichen\u00a0<strong>tonisieren\u00a0<\/strong>die Geb\u00e4rmutter, insbesondere nach einer Geburt. Die allgemeine Straffung der Geb\u00e4rmutter verhindert und heilt auch die Senkung der Geb\u00e4rmutterorgane. Von nun an wird diese Region\u00a0<strong>angeregt und belebt<\/strong>.<\/p>\n<h3><strong>Freund von Frauen in der Perimenopause<\/strong><\/h3>\n<p>Frauenmantel wird Ihnen diesen nicht immer leichten \u00dcbergang erleichtern. Wir empfehlen Ihnen, erg\u00e4nzend dazu zu nehmen,\u00a0<a href=\"https:\/\/www.safinel.fr\/de\/product-2\/monchspfeffer\/\"><strong>M\u00f6nchspfeffer-Kapseln<\/strong><\/a>.<\/p>\n<h3><strong>Wie werden Bio-Frauenmantel-Kapseln eingenommen?<\/strong><\/h3>\n<p>Die Einnahme sollte vor den Mahlzeiten erfolgen.  Tagesdosis: 3 Kapseln, die w\u00e4hrend der Menstruation abgesetzt werden sollten.<\/p>\n<p>Vor oder w\u00e4hrend der Menopause: 3 Monate lang 3 Einnahmen pro Tag. Jeden Monat eine Woche lang mit der Einnahme aufh\u00f6ren. F\u00fcr schwangere oder stillende Frauen kontraindiziert. Personen mit Verstopfung wird von der Einnahme abgeraten, da sie eine antidiarrhoische Wirkung haben.<\/p>","protected":false},"excerpt":{"rendered":"<p><strong>Eigenschaften :<\/strong><\/p>\n<ul>\n<li>90 Kapseln<\/li>\n<li>Bio<\/li>\n<li>Hergestellt in Frankreich<\/li>\n<\/ul>","protected":false},"featured_media":2493,"template":"","meta":[],"product_brand":[],"product_cat":[23],"product_tag":[],"class_list":{"0":"post-2492","1":"product","2":"type-product","3":"status-publish","4":"has-post-thumbnail","6":"product_cat-hygiene-feminine","8":"first","9":"outofstock","10":"shipping-taxable","11":"purchasable","12":"product-type-simple"},"yoast_head":"<!-- This site is optimized with the Yoast SEO plugin v26.6 - https:\/\/yoast.com\/wordpress\/plugins\/seo\/ -->\n<title>G\u00e9lules alch\u00e9mille bio I Bienfaits nombreux pour votre corps<\/title>\n<meta name=\"description\" content=\"Gr\u00e2ce aux g\u00e9lules Alch\u00e9mille Bio, votre corps aura la solution naturelle pour traverser ces temp\u00eates int\u00e9rieures sereinement.\" \/>\n<meta name=\"robots\" content=\"index, follow, max-snippet:-1, max-image-preview:large, max-video-preview:-1\" \/>\n<link rel=\"canonical\" href=\"https:\/\/www.safinel.fr\/de\/product-2\/alchemilla-bio-gelules\/\" \/>\n<meta property=\"og:locale\" content=\"de_DE\" \/>\n<meta property=\"og:type\" content=\"article\" \/>\n<meta property=\"og:title\" content=\"G\u00e9lules alch\u00e9mille bio I Bienfaits nombreux pour votre corps\" \/>\n<meta property=\"og:description\" content=\"Gr\u00e2ce aux g\u00e9lules Alch\u00e9mille Bio, votre corps aura la solution naturelle pour traverser ces temp\u00eates int\u00e9rieures sereinement.\" \/>\n<meta property=\"og:url\" content=\"https:\/\/www.safinel.fr\/de\/product-2\/alchemilla-bio-gelules\/\" \/>\n<meta property=\"og:site_name\" content=\"Safinel\" \/>\n<meta property=\"article:modified_time\" content=\"2023-12-30T12:29:40+00:00\" \/>\n<meta property=\"og:image\" content=\"https:\/\/www.safinel.fr\/wp-content\/uploads\/2022\/09\/ge\u0301lule-Alche\u0301mille-bio.jpg\" \/>\n\t<meta property=\"og:image:width\" content=\"600\" \/>\n\t<meta property=\"og:image:height\" content=\"600\" \/>\n\t<meta property=\"og:image:type\" content=\"image\/jpeg\" \/>\n<meta name=\"twitter:card\" content=\"summary_large_image\" \/>\n<meta name=\"twitter:label1\" content=\"Gesch\u00e4tzte Lesezeit\" \/>\n\t<meta name=\"twitter:data1\" content=\"2\u00a0Minuten\" \/>\n<script type=\"application\/ld+json\" class=\"yoast-schema-graph\">{\"@context\":\"https:\/\/schema.org\",\"@graph\":[{\"@type\":\"WebPage\",\"@id\":\"https:\/\/www.safinel.fr\/produit\/gelules-alchemille-bio\/\",\"url\":\"https:\/\/www.safinel.fr\/produit\/gelules-alchemille-bio\/\",\"name\":\"G\u00e9lules alch\u00e9mille bio I Bienfaits nombreux pour votre corps\",\"isPartOf\":{\"@id\":\"https:\/\/www.safinel.fr\/#website\"},\"primaryImageOfPage\":{\"@id\":\"https:\/\/www.safinel.fr\/produit\/gelules-alchemille-bio\/#primaryimage\"},\"image\":{\"@id\":\"https:\/\/www.safinel.fr\/produit\/gelules-alchemille-bio\/#primaryimage\"},\"thumbnailUrl\":\"https:\/\/www.safinel.fr\/wp-content\/uploads\/2022\/09\/ge\u0301lule-Alche\u0301mille-bio.jpg\",\"datePublished\":\"2022-09-01T16:50:34+00:00\",\"dateModified\":\"2023-12-30T12:29:40+00:00\",\"description\":\"Gr\u00e2ce aux g\u00e9lules Alch\u00e9mille Bio, votre corps aura la solution naturelle pour traverser ces temp\u00eates int\u00e9rieures sereinement.\",\"breadcrumb\":{\"@id\":\"https:\/\/www.safinel.fr\/produit\/gelules-alchemille-bio\/#breadcrumb\"},\"inLanguage\":\"de\",\"potentialAction\":[{\"@type\":\"ReadAction\",\"target\":[\"https:\/\/www.safinel.fr\/produit\/gelules-alchemille-bio\/\"]}]},{\"@type\":\"ImageObject\",\"inLanguage\":\"de\",\"@id\":\"https:\/\/www.safinel.fr\/produit\/gelules-alchemille-bio\/#primaryimage\",\"url\":\"https:\/\/www.safinel.fr\/wp-content\/uploads\/2022\/09\/ge\u0301lule-Alche\u0301mille-bio.jpg\",\"contentUrl\":\"https:\/\/www.safinel.fr\/wp-content\/uploads\/2022\/09\/ge\u0301lule-Alche\u0301mille-bio.jpg\",\"width\":600,\"height\":600,\"caption\":\"G\u00e9lules alch\u00e9mille bio\"},{\"@type\":\"BreadcrumbList\",\"@id\":\"https:\/\/www.safinel.fr\/produit\/gelules-alchemille-bio\/#breadcrumb\",\"itemListElement\":[{\"@type\":\"ListItem\",\"position\":1,\"name\":\"Accueil\",\"item\":\"https:\/\/www.safinel.fr\/\"},{\"@type\":\"ListItem\",\"position\":2,\"name\":\"Boutique\",\"item\":\"https:\/\/www.safinel.fr\/boutique\/\"},{\"@type\":\"ListItem\",\"position\":3,\"name\":\"G\u00e9lules alch\u00e9mille bio\"}]},{\"@type\":\"WebSite\",\"@id\":\"https:\/\/www.safinel.fr\/#website\",\"url\":\"https:\/\/www.safinel.fr\/\",\"name\":\"Safinel\",\"description\":\"\",\"publisher\":{\"@id\":\"https:\/\/www.safinel.fr\/#organization\"},\"potentialAction\":[{\"@type\":\"SearchAction\",\"target\":{\"@type\":\"EntryPoint\",\"urlTemplate\":\"https:\/\/www.safinel.fr\/?s={search_term_string}\"},\"query-input\":{\"@type\":\"PropertyValueSpecification\",\"valueRequired\":true,\"valueName\":\"search_term_string\"}}],\"inLanguage\":\"de\"},{\"@type\":\"Organization\",\"@id\":\"https:\/\/www.safinel.fr\/#organization\",\"name\":\"Safinel\",\"url\":\"https:\/\/www.safinel.fr\/\",\"logo\":{\"@type\":\"ImageObject\",\"inLanguage\":\"de\",\"@id\":\"https:\/\/www.safinel.fr\/#\/schema\/logo\/image\/\",\"url\":\"https:\/\/www.safinel.fr\/wp-content\/uploads\/2021\/05\/boutique-cosmetique.png\",\"contentUrl\":\"https:\/\/www.safinel.fr\/wp-content\/uploads\/2021\/05\/boutique-cosmetique.png\",\"width\":800,\"height\":200,\"caption\":\"Safinel\"},\"image\":{\"@id\":\"https:\/\/www.safinel.fr\/#\/schema\/logo\/image\/\"}}]}<\/script>\n<!-- \/ Yoast SEO plugin. -->","yoast_head_json":{"title":"Bio-Alchemilla-Kapseln I Zahlreiche Vorteile f\u00fcr Ihren K\u00f6rper","description":"Dank der Alchemilla-Bio-Kapseln wird Ihr K\u00f6rper die nat\u00fcrliche L\u00f6sung haben, um diese inneren St\u00fcrme gelassen zu \u00fcberstehen.","robots":{"index":"index","follow":"follow","max-snippet":"max-snippet:-1","max-image-preview":"max-image-preview:large","max-video-preview":"max-video-preview:-1"},"canonical":"https:\/\/www.safinel.fr\/de\/product-2\/alchemilla-bio-gelules\/","og_locale":"de_DE","og_type":"article","og_title":"G\u00e9lules alch\u00e9mille bio I Bienfaits nombreux pour votre corps","og_description":"Gr\u00e2ce aux g\u00e9lules Alch\u00e9mille Bio, votre corps aura la solution naturelle pour traverser ces temp\u00eates int\u00e9rieures sereinement.","og_url":"https:\/\/www.safinel.fr\/de\/product-2\/alchemilla-bio-gelules\/","og_site_name":"Safinel","article_modified_time":"2023-12-30T12:29:40+00:00","og_image":[{"width":600,"height":600,"url":"https:\/\/www.safinel.fr\/wp-content\/uploads\/2022\/09\/ge\u0301lule-Alche\u0301mille-bio.jpg","type":"image\/jpeg"}],"twitter_card":"summary_large_image","twitter_misc":{"Gesch\u00e4tzte Lesezeit":"2\u00a0Minuten"},"schema":{"@context":"https:\/\/schema.org","@graph":[{"@type":"WebPage","@id":"https:\/\/www.safinel.fr\/produit\/gelules-alchemille-bio\/","url":"https:\/\/www.safinel.fr\/produit\/gelules-alchemille-bio\/","name":"Bio-Alchemilla-Kapseln I Zahlreiche Vorteile f\u00fcr Ihren K\u00f6rper","isPartOf":{"@id":"https:\/\/www.safinel.fr\/#website"},"primaryImageOfPage":{"@id":"https:\/\/www.safinel.fr\/produit\/gelules-alchemille-bio\/#primaryimage"},"image":{"@id":"https:\/\/www.safinel.fr\/produit\/gelules-alchemille-bio\/#primaryimage"},"thumbnailUrl":"https:\/\/www.safinel.fr\/wp-content\/uploads\/2022\/09\/ge\u0301lule-Alche\u0301mille-bio.jpg","datePublished":"2022-09-01T16:50:34+00:00","dateModified":"2023-12-30T12:29:40+00:00","description":"Dank der Alchemilla-Bio-Kapseln wird Ihr K\u00f6rper die nat\u00fcrliche L\u00f6sung haben, um diese inneren St\u00fcrme gelassen zu \u00fcberstehen.","breadcrumb":{"@id":"https:\/\/www.safinel.fr\/produit\/gelules-alchemille-bio\/#breadcrumb"},"inLanguage":"de","potentialAction":[{"@type":"ReadAction","target":["https:\/\/www.safinel.fr\/produit\/gelules-alchemille-bio\/"]}]},{"@type":"ImageObject","inLanguage":"de","@id":"https:\/\/www.safinel.fr\/produit\/gelules-alchemille-bio\/#primaryimage","url":"https:\/\/www.safinel.fr\/wp-content\/uploads\/2022\/09\/ge\u0301lule-Alche\u0301mille-bio.jpg","contentUrl":"https:\/\/www.safinel.fr\/wp-content\/uploads\/2022\/09\/ge\u0301lule-Alche\u0301mille-bio.jpg","width":600,"height":600,"caption":"G\u00e9lules alch\u00e9mille bio"},{"@type":"BreadcrumbList","@id":"https:\/\/www.safinel.fr\/produit\/gelules-alchemille-bio\/#breadcrumb","itemListElement":[{"@type":"ListItem","position":1,"name":"Accueil","item":"https:\/\/www.safinel.fr\/"},{"@type":"ListItem","position":2,"name":"Boutique","item":"https:\/\/www.safinel.fr\/boutique\/"},{"@type":"ListItem","position":3,"name":"G\u00e9lules alch\u00e9mille bio"}]},{"@type":"WebSite","@id":"https:\/\/www.safinel.fr\/#website","url":"https:\/\/www.safinel.fr\/","name":"Safinel","description":"","publisher":{"@id":"https:\/\/www.safinel.fr\/#organization"},"potentialAction":[{"@type":"SearchAction","target":{"@type":"EntryPoint","urlTemplate":"https:\/\/www.safinel.fr\/?s={search_term_string}"},"query-input":{"@type":"PropertyValueSpecification","valueRequired":true,"valueName":"search_term_string"}}],"inLanguage":"de"},{"@type":"Organization","@id":"https:\/\/www.safinel.fr\/#organization","name":"Safinel","url":"https:\/\/www.safinel.fr\/","logo":{"@type":"ImageObject","inLanguage":"de","@id":"https:\/\/www.safinel.fr\/#\/schema\/logo\/image\/","url":"https:\/\/www.safinel.fr\/wp-content\/uploads\/2021\/05\/boutique-cosmetique.png","contentUrl":"https:\/\/www.safinel.fr\/wp-content\/uploads\/2021\/05\/boutique-cosmetique.png","width":800,"height":200,"caption":"Safinel"},"image":{"@id":"https:\/\/www.safinel.fr\/#\/schema\/logo\/image\/"}}]}},"_links":{"self":[{"href":"https:\/\/www.safinel.fr\/de\/wp-json\/wp\/v2\/product\/2492","targetHints":{"allow":["GET"]}}],"collection":[{"href":"https:\/\/www.safinel.fr\/de\/wp-json\/wp\/v2\/product"}],"about":[{"href":"https:\/\/www.safinel.fr\/de\/wp-json\/wp\/v2\/types\/product"}],"wp:featuredmedia":[{"embeddable":true,"href":"https:\/\/www.safinel.fr\/de\/wp-json\/wp\/v2\/media\/2493"}],"wp:attachment":[{"href":"https:\/\/www.safinel.fr\/de\/wp-json\/wp\/v2\/media?parent=2492"}],"wp:term":[{"taxonomy":"product_brand","embeddable":true,"href":"https:\/\/www.safinel.fr\/de\/wp-json\/wp\/v2\/product_brand?post=2492"},{"taxonomy":"product_cat","embeddable":true,"href":"https:\/\/www.safinel.fr\/de\/wp-json\/wp\/v2\/product_cat?post=2492"},{"taxonomy":"product_tag","embeddable":true,"href":"https:\/\/www.safinel.fr\/de\/wp-json\/wp\/v2\/product_tag?post=2492"}],"curies":[{"name":"wp","href":"https:\/\/api.w.org\/{rel}","templated":true}]}}