{"id":246,"date":"2021-07-24T18:58:58","date_gmt":"2021-07-24T18:58:58","guid":{"rendered":"https:\/\/www.safinel.fr\/?post_type=product&#038;p=246"},"modified":"2023-12-30T13:56:03","modified_gmt":"2023-12-30T13:56:03","slug":"naturliches-deodorant-petit-grain-bigarade-fleur-doranger-50ml","status":"publish","type":"product","link":"https:\/\/www.safinel.fr\/de\/product-2\/naturliches-deodorant-petit-grain-bigarade-fleur-doranger-50ml\/","title":{"rendered":"Nat\u00fcrliches Deodorant - Petit grain Bigarade (Orangenbl\u00fcte) 50ml"},"content":{"rendered":"<p>Was?! Sie sind noch nicht auf ein nat\u00fcrliches Deodorant umgestiegen?! Dann lassen Sie uns Abhilfe schaffen! Denn wir werden Ihnen ein kleines Wunder vorschlagen... Es handelt sich um das <b>nat\u00fcrliches Deodorant Petit grain bigaradier<\/b>, Der Duft von Orangenbl\u00fcten.<span class=\"Apple-converted-space\">\u00a0<\/span><\/p>\n<p>Dieses kleine Wunder mit <i>nat\u00fcrliche Inhaltsstoffe 100%<\/i> wird schnell zum besten Freund Ihrer Achseln werden!<span class=\"Apple-converted-space\">\u00a0<\/span><\/p>\n<h2><b>Das nat\u00fcrliche Deodorant Petit grain bigaradier: f\u00fcr diejenigen, die sich lieben<span class=\"Apple-converted-space\">\u00a0<\/span><\/b><\/h2>\n<p>Dieses nat\u00fcrliche Deodorant ist ein echter Frischekick! Es stammt aus Frankreich und wird nur mit nat\u00fcrlichen Inhaltsstoffen hergestellt. Sie werden von seinen<b> antibakterielle und antimykotische Vorteile<\/b>. Er handelt nicht wie ein <b>Antitranspirant<\/b>, sondern eher als ein <b>Feuchtigkeitsabsorber<\/b>. Und dabei gleichzeitig schlechte Ger\u00fcche neutralisieren!<span class=\"Apple-converted-space\">\u00a0<\/span><\/p>\n<p>Genie\u00dfen Sie die <b>zarter, s\u00fc\u00dfer Duft der Orangenbl\u00fcte<\/b>. Die Zitrusnoten dieses Deodorants lassen Sie herk\u00f6mmliche (und chemische!) Deodorants vergessen.<span class=\"Apple-converted-space\">\u00a0<\/span><\/p>\n<p><b>Zutaten :<\/b> <i>Coco nucifera oil (<a href=\"https:\/\/www.aroma-zone.com\/info\/fiche-technique\/huile-vegetale-coco-bio-aroma-zone\" target=\"_blank\" rel=\"noopener\"><strong>Kokosnuss\u00f6l<\/strong><\/a>), Natriumhydrogencarbonat (Natron), Cera alba (Bienenwachs), Citrus aurantium amara leaf\/twig oil (Bitterorangenblatt- und -zweig\u00f6l)<\/i><\/p>\n<h3><b>Wie verwende ich dieses nat\u00fcrliche Deodorant mit Orangenbl\u00fcten?<span class=\"Apple-converted-space\">\u00a0<\/span><\/b><\/h3>\n<p>Die <b>nat\u00fcrliches Deodorant Petit grain bigarade<\/b> ist sehr einfach zu verwenden:<span class=\"Apple-converted-space\">\u00a0<\/span><\/p>\n<ol>\n<li>H\u00e4nde waschen und mit dem Finger eine Haselnuss aufnehmen ;<span class=\"Apple-converted-space\">\u00a0<\/span><\/li>\n<li>Unter den sauberen und trockenen Achseln auftragen ;<span class=\"Apple-converted-space\">\u00a0<\/span><\/li>\n<li>Wenn das cremige Deodorant mit der Haut in Ber\u00fchrung kommt, wird es harmonisch schmelzen.<\/li>\n<\/ol>\n<p>Und das ist es! Saubere Achseln, die nach Orangenbl\u00fcten duften!<span class=\"Apple-converted-space\">\u00a0<\/span><\/p>\n<h3><b>Ich lade mit einem Klick auf!<span class=\"Apple-converted-space\">\u00a0<\/span><\/b><\/h3>\n<p>Das ist auch der Vorteil, wenn Sie auf nat\u00fcrliche Produkte umsteigen: Sie sparen Geld und schonen die Umwelt. Wenn sich Ihr nat\u00fcrliches Deodorant dem Ende zuneigt, m\u00fcssen Sie es einfach nur nachf\u00fcllen! Das geht ganz einfach. Es gibt die <b><a href=\"https:\/\/www.deodorant-naturel.com\/produit\/recharge-deodorant-naturel-petit-grain-bigarade-30g\/\">nachf\u00fcllen des nat\u00fcrlichen Deodorants Petit grain bigarade<\/a>.<\/b> Eine <i>ganz kleine Preise, um nur das Produkt zu bezahlen und sonst nichts!<span class=\"Apple-converted-space\">\u00a0<\/span><\/i><\/p>\n<p>Und wenn Sie Lust auf ein bisschen Abwechslung haben, finden Sie die Nachf\u00fcllpackung, die Ihnen Lust macht! Und klicken Sie!<span class=\"Apple-converted-space\">\u00a0<\/span><\/p>\n<h3><b>Aufbewahrung<span class=\"Apple-converted-space\">\u00a0<\/span><\/b><\/h3>\n<p>In der Originalverpackung aufbewahren und vor Hitze und Feuchtigkeit sch\u00fctzen. Ganz einfach!<span class=\"Apple-converted-space\">\u00a0<\/span><\/p>\n<h3><b>Vorsichtsma\u00dfnahmen<\/b><\/h3>\n<p>Dieses nat\u00fcrliche Deodorant kann von den <a href=\"https:\/\/www.deodorant-naturel.com\/produit\/deodorant-100-naturel-femme-enceinte\/\"><strong>schwangere Frauen<\/strong><\/a> erst ab dem dritten Schwangerschaftsmonat.<span class=\"Apple-converted-space\">\u00a0<\/span><\/p>\n<p>Sollte es zu einer unerw\u00fcnschten Hautreaktion kommen, verwenden Sie das Produkt bitte nicht mehr.<\/p>","protected":false},"excerpt":{"rendered":"<p>Quoi ?! Vous n\u2019\u00eates pas encore pass\u00e9 au d\u00e9odorant naturel ?! Alors, laissez-nous rem\u00e9dier \u00e0 cela ! Parce que nous allons vous proposer une petite merveille\u2026 \u00a0Il s\u2019agit du d\u00e9odorant naturel petit grain bigaradier, \u00e0 la d\u00e9licieuse odeur de fleur d\u2019oranger.\u00a0 Cette petite merveille aux ingr\u00e9dients 100% naturels va rapidement devenir la meilleure amie de [&#8230;]","protected":false},"featured_media":276,"template":"","meta":[],"product_brand":[],"product_cat":[32],"product_tag":[],"class_list":{"0":"post-246","1":"product","2":"type-product","3":"status-publish","4":"has-post-thumbnail","6":"product_cat-curae","8":"first","9":"outofstock","10":"shipping-taxable","11":"purchasable","12":"product-type-simple"},"yoast_head":"<!-- This site is optimized with the Yoast SEO plugin v26.6 - https:\/\/yoast.com\/wordpress\/plugins\/seo\/ -->\n<title>D\u00e9odorant naturel - Petit grain Bigarade (fleur d&#039;oranger) 50ml - Safinel<\/title>\n<meta name=\"robots\" content=\"index, follow, max-snippet:-1, max-image-preview:large, max-video-preview:-1\" \/>\n<link rel=\"canonical\" href=\"https:\/\/www.safinel.fr\/de\/product-2\/naturliches-deodorant-petit-grain-bigarade-fleur-doranger-50ml\/\" \/>\n<meta property=\"og:locale\" content=\"de_DE\" \/>\n<meta property=\"og:type\" content=\"article\" \/>\n<meta property=\"og:title\" content=\"D\u00e9odorant naturel - Petit grain Bigarade (fleur d&#039;oranger) 50ml - Safinel\" \/>\n<meta property=\"og:description\" content=\"Quoi ?! Vous n\u2019\u00eates pas encore pass\u00e9 au d\u00e9odorant naturel ?! Alors, laissez-nous rem\u00e9dier \u00e0 cela ! Parce que nous allons vous proposer une petite merveille\u2026 \u00a0Il s\u2019agit du d\u00e9odorant naturel petit grain bigaradier, \u00e0 la d\u00e9licieuse odeur de fleur d\u2019oranger.\u00a0 Cette petite merveille aux ingr\u00e9dients 100% naturels va rapidement devenir la meilleure amie de [...]\" \/>\n<meta property=\"og:url\" content=\"https:\/\/www.safinel.fr\/de\/product-2\/naturliches-deodorant-petit-grain-bigarade-fleur-doranger-50ml\/\" \/>\n<meta property=\"og:site_name\" content=\"Safinel\" \/>\n<meta property=\"article:modified_time\" content=\"2023-12-30T13:56:03+00:00\" \/>\n<meta property=\"og:image\" content=\"https:\/\/www.safinel.fr\/wp-content\/uploads\/2021\/07\/559-large_default.jpg\" \/>\n\t<meta property=\"og:image:width\" content=\"800\" \/>\n\t<meta property=\"og:image:height\" content=\"800\" \/>\n\t<meta property=\"og:image:type\" content=\"image\/jpeg\" \/>\n<meta name=\"twitter:card\" content=\"summary_large_image\" \/>\n<meta name=\"twitter:label1\" content=\"Gesch\u00e4tzte Lesezeit\" \/>\n\t<meta name=\"twitter:data1\" content=\"2\u00a0Minuten\" \/>\n<script type=\"application\/ld+json\" class=\"yoast-schema-graph\">{\"@context\":\"https:\/\/schema.org\",\"@graph\":[{\"@type\":\"WebPage\",\"@id\":\"https:\/\/www.safinel.fr\/produit\/deodorant-naturel-petit-grain-bigarade-fleur-doranger-50ml\/\",\"url\":\"https:\/\/www.safinel.fr\/produit\/deodorant-naturel-petit-grain-bigarade-fleur-doranger-50ml\/\",\"name\":\"D\u00e9odorant naturel - Petit grain Bigarade (fleur d'oranger) 50ml - Safinel\",\"isPartOf\":{\"@id\":\"https:\/\/www.safinel.fr\/#website\"},\"primaryImageOfPage\":{\"@id\":\"https:\/\/www.safinel.fr\/produit\/deodorant-naturel-petit-grain-bigarade-fleur-doranger-50ml\/#primaryimage\"},\"image\":{\"@id\":\"https:\/\/www.safinel.fr\/produit\/deodorant-naturel-petit-grain-bigarade-fleur-doranger-50ml\/#primaryimage\"},\"thumbnailUrl\":\"https:\/\/www.safinel.fr\/wp-content\/uploads\/2021\/07\/559-large_default.jpg\",\"datePublished\":\"2021-07-24T18:58:58+00:00\",\"dateModified\":\"2023-12-30T13:56:03+00:00\",\"breadcrumb\":{\"@id\":\"https:\/\/www.safinel.fr\/produit\/deodorant-naturel-petit-grain-bigarade-fleur-doranger-50ml\/#breadcrumb\"},\"inLanguage\":\"de\",\"potentialAction\":[{\"@type\":\"ReadAction\",\"target\":[\"https:\/\/www.safinel.fr\/produit\/deodorant-naturel-petit-grain-bigarade-fleur-doranger-50ml\/\"]}]},{\"@type\":\"ImageObject\",\"inLanguage\":\"de\",\"@id\":\"https:\/\/www.safinel.fr\/produit\/deodorant-naturel-petit-grain-bigarade-fleur-doranger-50ml\/#primaryimage\",\"url\":\"https:\/\/www.safinel.fr\/wp-content\/uploads\/2021\/07\/559-large_default.jpg\",\"contentUrl\":\"https:\/\/www.safinel.fr\/wp-content\/uploads\/2021\/07\/559-large_default.jpg\",\"width\":800,\"height\":800},{\"@type\":\"BreadcrumbList\",\"@id\":\"https:\/\/www.safinel.fr\/produit\/deodorant-naturel-petit-grain-bigarade-fleur-doranger-50ml\/#breadcrumb\",\"itemListElement\":[{\"@type\":\"ListItem\",\"position\":1,\"name\":\"Accueil\",\"item\":\"https:\/\/www.safinel.fr\/\"},{\"@type\":\"ListItem\",\"position\":2,\"name\":\"Boutique\",\"item\":\"https:\/\/www.safinel.fr\/boutique\/\"},{\"@type\":\"ListItem\",\"position\":3,\"name\":\"D\u00e9odorant naturel &#8211; Petit grain Bigarade (fleur d&#8217;oranger) 50ml\"}]},{\"@type\":\"WebSite\",\"@id\":\"https:\/\/www.safinel.fr\/#website\",\"url\":\"https:\/\/www.safinel.fr\/\",\"name\":\"Safinel\",\"description\":\"\",\"publisher\":{\"@id\":\"https:\/\/www.safinel.fr\/#organization\"},\"potentialAction\":[{\"@type\":\"SearchAction\",\"target\":{\"@type\":\"EntryPoint\",\"urlTemplate\":\"https:\/\/www.safinel.fr\/?s={search_term_string}\"},\"query-input\":{\"@type\":\"PropertyValueSpecification\",\"valueRequired\":true,\"valueName\":\"search_term_string\"}}],\"inLanguage\":\"de\"},{\"@type\":\"Organization\",\"@id\":\"https:\/\/www.safinel.fr\/#organization\",\"name\":\"Safinel\",\"url\":\"https:\/\/www.safinel.fr\/\",\"logo\":{\"@type\":\"ImageObject\",\"inLanguage\":\"de\",\"@id\":\"https:\/\/www.safinel.fr\/#\/schema\/logo\/image\/\",\"url\":\"https:\/\/www.safinel.fr\/wp-content\/uploads\/2021\/05\/boutique-cosmetique.png\",\"contentUrl\":\"https:\/\/www.safinel.fr\/wp-content\/uploads\/2021\/05\/boutique-cosmetique.png\",\"width\":800,\"height\":200,\"caption\":\"Safinel\"},\"image\":{\"@id\":\"https:\/\/www.safinel.fr\/#\/schema\/logo\/image\/\"}}]}<\/script>\n<!-- \/ Yoast SEO plugin. -->","yoast_head_json":{"title":"Nat\u00fcrliches Deodorant - Petit grain Bigarade (Orangenbl\u00fcte) 50ml - Safinel","robots":{"index":"index","follow":"follow","max-snippet":"max-snippet:-1","max-image-preview":"max-image-preview:large","max-video-preview":"max-video-preview:-1"},"canonical":"https:\/\/www.safinel.fr\/de\/product-2\/naturliches-deodorant-petit-grain-bigarade-fleur-doranger-50ml\/","og_locale":"de_DE","og_type":"article","og_title":"D\u00e9odorant naturel - Petit grain Bigarade (fleur d'oranger) 50ml - Safinel","og_description":"Quoi ?! Vous n\u2019\u00eates pas encore pass\u00e9 au d\u00e9odorant naturel ?! Alors, laissez-nous rem\u00e9dier \u00e0 cela ! Parce que nous allons vous proposer une petite merveille\u2026 \u00a0Il s\u2019agit du d\u00e9odorant naturel petit grain bigaradier, \u00e0 la d\u00e9licieuse odeur de fleur d\u2019oranger.\u00a0 Cette petite merveille aux ingr\u00e9dients 100% naturels va rapidement devenir la meilleure amie de [...]","og_url":"https:\/\/www.safinel.fr\/de\/product-2\/naturliches-deodorant-petit-grain-bigarade-fleur-doranger-50ml\/","og_site_name":"Safinel","article_modified_time":"2023-12-30T13:56:03+00:00","og_image":[{"width":800,"height":800,"url":"https:\/\/www.safinel.fr\/wp-content\/uploads\/2021\/07\/559-large_default.jpg","type":"image\/jpeg"}],"twitter_card":"summary_large_image","twitter_misc":{"Gesch\u00e4tzte Lesezeit":"2\u00a0Minuten"},"schema":{"@context":"https:\/\/schema.org","@graph":[{"@type":"WebPage","@id":"https:\/\/www.safinel.fr\/produit\/deodorant-naturel-petit-grain-bigarade-fleur-doranger-50ml\/","url":"https:\/\/www.safinel.fr\/produit\/deodorant-naturel-petit-grain-bigarade-fleur-doranger-50ml\/","name":"Nat\u00fcrliches Deodorant - Petit grain Bigarade (Orangenbl\u00fcte) 50ml - Safinel","isPartOf":{"@id":"https:\/\/www.safinel.fr\/#website"},"primaryImageOfPage":{"@id":"https:\/\/www.safinel.fr\/produit\/deodorant-naturel-petit-grain-bigarade-fleur-doranger-50ml\/#primaryimage"},"image":{"@id":"https:\/\/www.safinel.fr\/produit\/deodorant-naturel-petit-grain-bigarade-fleur-doranger-50ml\/#primaryimage"},"thumbnailUrl":"https:\/\/www.safinel.fr\/wp-content\/uploads\/2021\/07\/559-large_default.jpg","datePublished":"2021-07-24T18:58:58+00:00","dateModified":"2023-12-30T13:56:03+00:00","breadcrumb":{"@id":"https:\/\/www.safinel.fr\/produit\/deodorant-naturel-petit-grain-bigarade-fleur-doranger-50ml\/#breadcrumb"},"inLanguage":"de","potentialAction":[{"@type":"ReadAction","target":["https:\/\/www.safinel.fr\/produit\/deodorant-naturel-petit-grain-bigarade-fleur-doranger-50ml\/"]}]},{"@type":"ImageObject","inLanguage":"de","@id":"https:\/\/www.safinel.fr\/produit\/deodorant-naturel-petit-grain-bigarade-fleur-doranger-50ml\/#primaryimage","url":"https:\/\/www.safinel.fr\/wp-content\/uploads\/2021\/07\/559-large_default.jpg","contentUrl":"https:\/\/www.safinel.fr\/wp-content\/uploads\/2021\/07\/559-large_default.jpg","width":800,"height":800},{"@type":"BreadcrumbList","@id":"https:\/\/www.safinel.fr\/produit\/deodorant-naturel-petit-grain-bigarade-fleur-doranger-50ml\/#breadcrumb","itemListElement":[{"@type":"ListItem","position":1,"name":"Accueil","item":"https:\/\/www.safinel.fr\/"},{"@type":"ListItem","position":2,"name":"Boutique","item":"https:\/\/www.safinel.fr\/boutique\/"},{"@type":"ListItem","position":3,"name":"D\u00e9odorant naturel &#8211; Petit grain Bigarade (fleur d&#8217;oranger) 50ml"}]},{"@type":"WebSite","@id":"https:\/\/www.safinel.fr\/#website","url":"https:\/\/www.safinel.fr\/","name":"Safinel","description":"","publisher":{"@id":"https:\/\/www.safinel.fr\/#organization"},"potentialAction":[{"@type":"SearchAction","target":{"@type":"EntryPoint","urlTemplate":"https:\/\/www.safinel.fr\/?s={search_term_string}"},"query-input":{"@type":"PropertyValueSpecification","valueRequired":true,"valueName":"search_term_string"}}],"inLanguage":"de"},{"@type":"Organization","@id":"https:\/\/www.safinel.fr\/#organization","name":"Safinel","url":"https:\/\/www.safinel.fr\/","logo":{"@type":"ImageObject","inLanguage":"de","@id":"https:\/\/www.safinel.fr\/#\/schema\/logo\/image\/","url":"https:\/\/www.safinel.fr\/wp-content\/uploads\/2021\/05\/boutique-cosmetique.png","contentUrl":"https:\/\/www.safinel.fr\/wp-content\/uploads\/2021\/05\/boutique-cosmetique.png","width":800,"height":200,"caption":"Safinel"},"image":{"@id":"https:\/\/www.safinel.fr\/#\/schema\/logo\/image\/"}}]}},"_links":{"self":[{"href":"https:\/\/www.safinel.fr\/de\/wp-json\/wp\/v2\/product\/246","targetHints":{"allow":["GET"]}}],"collection":[{"href":"https:\/\/www.safinel.fr\/de\/wp-json\/wp\/v2\/product"}],"about":[{"href":"https:\/\/www.safinel.fr\/de\/wp-json\/wp\/v2\/types\/product"}],"wp:featuredmedia":[{"embeddable":true,"href":"https:\/\/www.safinel.fr\/de\/wp-json\/wp\/v2\/media\/276"}],"wp:attachment":[{"href":"https:\/\/www.safinel.fr\/de\/wp-json\/wp\/v2\/media?parent=246"}],"wp:term":[{"taxonomy":"product_brand","embeddable":true,"href":"https:\/\/www.safinel.fr\/de\/wp-json\/wp\/v2\/product_brand?post=246"},{"taxonomy":"product_cat","embeddable":true,"href":"https:\/\/www.safinel.fr\/de\/wp-json\/wp\/v2\/product_cat?post=246"},{"taxonomy":"product_tag","embeddable":true,"href":"https:\/\/www.safinel.fr\/de\/wp-json\/wp\/v2\/product_tag?post=246"}],"curies":[{"name":"wp","href":"https:\/\/api.w.org\/{rel}","templated":true}]}}