{"id":245,"date":"2021-07-24T18:58:58","date_gmt":"2021-07-24T18:58:58","guid":{"rendered":"https:\/\/www.safinel.fr\/?post_type=product&#038;p=245"},"modified":"2023-12-30T13:55:58","modified_gmt":"2023-12-30T13:55:58","slug":"naturliches-deodorant-lavendel-patchouli-50g","status":"publish","type":"product","link":"https:\/\/www.safinel.fr\/de\/product-2\/naturliches-deodorant-lavendel-patchouli-50g\/","title":{"rendered":"Nat\u00fcrliches Deodorant - Lavendel &amp; Patchouli 50g"},"content":{"rendered":"<p>Warum sollten Sie aufh\u00f6ren, herk\u00f6mmliche Deodorants zu verwenden? Ganz einfach, um das<b> nat\u00fcrliches Deodorant Lavendel und Patchouli<\/b>, nat\u00fcrlich!<span class=\"Apple-converted-space\">\u00a0<\/span><\/p>\n<p>Entdecken Sie ohne weitere Verz\u00f6gerung diese <b>in Frankreich hergestellte Deodorantcreme<\/b>, Sie werden Ihre Meinung \u00fcber gr\u00fcne Kosmetika \u00e4ndern!<\/p>\n<h2><b>Das nat\u00fcrliche Deodorant Lavendel und Patchouli: Ihr neuer nat\u00fcrlicher Verb\u00fcndeter!<span class=\"Apple-converted-space\">\u00a0<\/span><\/b><\/h2>\n<p>Dieses nat\u00fcrliche Deodorant wirkt wie ein <b>Schwei\u00dfregulator<\/b>. Aber auch als ein<b> effektiver Geruchsbek\u00e4mpfer<\/b>. Er wird Ihnen alle seine <b>antimykotische, beruhigende und antibakterielle Vorteile<\/b>. All das, <i>ohne jegliche gesundheitssch\u00e4dliche endokrine Disruptoren.<\/i><\/p>\n<p>Sein zarter Geruch nach Patschuli und Lavendel ist sehr angenehm und erfrischend. <span class=\"Apple-converted-space\">\u00a0<\/span><\/p>\n<p><b>Zutaten : <\/b><i>Coco nucifera oil (Bio-Kokos\u00f6l), Sodium bicarbonate (Natriumbicarbonat), cera alba (Bienenwachs), lavandula officinalise (Lavendel\u00f6l), citrus sinensis (Orange), pogostomon cablin (<a href=\"https:\/\/www.encens-store.fr\/produit\/huile-essentielle-maison-patchouli\/\" target=\"_blank\" rel=\"noopener\"><strong>Patchouli<\/strong><\/a>),<span class=\"Apple-converted-space\">\u00a0 <\/span>Cananga odorata (\u00e4therisches Ylang-Ylang-\u00d6l), Atlantica-Zedern (Atlaszeder).<\/i><\/p>\n<p>Ach ja! Und Ihr nat\u00fcrliches Deodorant hat nat\u00fcrlich nur <b>nie an Tieren getestet wurde.<\/b> Das klingt selbstverst\u00e4ndlich, aber es ist besser, es zu pr\u00e4zisieren!<span class=\"Apple-converted-space\">\u00a0<\/span><\/p>\n<h3><b>Unsere Tipps zur Verwendung<span class=\"Apple-converted-space\">\u00a0<\/span><\/b><\/h3>\n<p>Die <b>nat\u00fcrliches langanhaltendes Deodorant<\/b> mit Patchouli und Lavendel kann t\u00e4glich angewendet werden. Am besten nach dem Duschen, um den ganzen Tag lang frisch und sauber zu bleiben.<span class=\"Apple-converted-space\">\u00a0<\/span><\/p>\n<p>Tragen Sie eine haselnussgro\u00dfe Menge mit dem Finger unter den Achseln auf. Die cremige Textur dieses Deodorants ist sehr angenehm und besitzt au\u00dferdem <b>feuchtigkeitsspendende Tugenden.<span class=\"Apple-converted-space\">\u00a0<\/span><\/b><\/p>\n<p>Ihr Deodorant ist nicht nur <b>\u00f6kologisch<\/b>, ist auch sehr <b>wirtschaftlich<\/b> ! Denken Sie daran, Ihre Kosmetika nachzuf\u00fcllen, sobald sie sich dem Ende zuneigen. Seine Aluminiumverpackung ist zu 100 % wiederverwertbar. Sie k\u00f6nnen sie auch unendlich oft wiederverwenden!<span class=\"Apple-converted-space\">\u00a0<\/span><\/p>\n<h3><b>Aufbewahrung<span class=\"Apple-converted-space\">\u00a0<\/span><\/b><\/h3>\n<p>Dieses wirksame nat\u00fcrliche Deodorant kann sehr gut an einem trockenen, vor Hitze gesch\u00fctzten Ort aufbewahrt werden.<span class=\"Apple-converted-space\">\u00a0<\/span><\/p>\n<p><b>Vorsichtsma\u00dfnahmen<span class=\"Apple-converted-space\">\u00a0<\/span><\/b><\/p>\n<p>Denken Sie daran, sich vor und nach jedem Gebrauch immer die H\u00e4nde zu waschen.<span class=\"Apple-converted-space\">\u00a0<\/span><\/p>\n<p>Dieses Deodorant ist aufgrund der enthaltenen \u00e4therischen \u00d6le f\u00fcr schwangere Frauen nicht geeignet. Z\u00f6gern Sie aber nicht, sich an unseren <a href=\"https:\/\/www.deodorant-naturel.com\/produit\/deodorant-100-naturel-femme-enceinte\/\"><b>nat\u00fcrliches Deodorant f\u00fcr schwangere Frauen<\/b><\/a> !<span class=\"Apple-converted-space\">\u00a0<\/span><\/p>","protected":false},"excerpt":{"rendered":"<p>Warum sollten Sie aufh\u00f6ren, herk\u00f6mmliche Deodorants zu verwenden? Ganz einfach, um das nat\u00fcrliche Deodorant Lavendel und Patchouli zu \u00fcbernehmen, nat\u00fcrlich!  Entdecken Sie gleich diese in Frankreich hergestellte Deodorantcreme, die Ihre Meinung \u00fcber gr\u00fcne Kosmetik \u00e4ndern wird! Das nat\u00fcrliche Deodorant Lavendel und Patchouli: Ihr neuer Verb\u00fcndeter in Sachen Nat\u00fcrlichkeit!  Dieses Deodorant [...].","protected":false},"featured_media":275,"template":"","meta":[],"product_brand":[],"product_cat":[32],"product_tag":[],"class_list":{"0":"post-245","1":"product","2":"type-product","3":"status-publish","4":"has-post-thumbnail","6":"product_cat-curae","8":"first","9":"outofstock","10":"shipping-taxable","11":"purchasable","12":"product-type-simple"},"yoast_head":"<!-- This site is optimized with the Yoast SEO plugin v26.6 - https:\/\/yoast.com\/wordpress\/plugins\/seo\/ -->\n<title>D\u00e9odorant naturel - Lavande &amp; patchouli 50g - Safinel<\/title>\n<meta name=\"robots\" content=\"index, follow, max-snippet:-1, max-image-preview:large, max-video-preview:-1\" \/>\n<link rel=\"canonical\" href=\"https:\/\/www.safinel.fr\/de\/product-2\/naturliches-deodorant-lavendel-patchouli-50g\/\" \/>\n<meta property=\"og:locale\" content=\"de_DE\" \/>\n<meta property=\"og:type\" content=\"article\" \/>\n<meta property=\"og:title\" content=\"D\u00e9odorant naturel - Lavande &amp; patchouli 50g - Safinel\" \/>\n<meta property=\"og:description\" content=\"Pourquoi arr\u00eater d\u2019utiliser les d\u00e9odorants classiques ? Tout simplement pour adopter le d\u00e9odorant naturel lavande et patchouli, bien s\u00fbr !\u00a0 D\u00e9couvrez sans plus attendre cette cr\u00e8me d\u00e9odorante fabriqu\u00e9e en France, qui vous fera changer d\u2019avis sur la cosm\u00e9tique verte ! Le d\u00e9odorant naturel lavande et patchouli : votre nouvel alli\u00e9 au naturel !\u00a0 Ce d\u00e9odorant [...]\" \/>\n<meta property=\"og:url\" content=\"https:\/\/www.safinel.fr\/de\/product-2\/naturliches-deodorant-lavendel-patchouli-50g\/\" \/>\n<meta property=\"og:site_name\" content=\"Safinel\" \/>\n<meta property=\"article:modified_time\" content=\"2023-12-30T13:55:58+00:00\" \/>\n<meta property=\"og:image\" content=\"https:\/\/www.safinel.fr\/wp-content\/uploads\/2021\/07\/555-large_default.jpg\" \/>\n\t<meta property=\"og:image:width\" content=\"800\" \/>\n\t<meta property=\"og:image:height\" content=\"800\" \/>\n\t<meta property=\"og:image:type\" content=\"image\/jpeg\" \/>\n<meta name=\"twitter:card\" content=\"summary_large_image\" \/>\n<meta name=\"twitter:label1\" content=\"Gesch\u00e4tzte Lesezeit\" \/>\n\t<meta name=\"twitter:data1\" content=\"2\u00a0Minuten\" \/>\n<script type=\"application\/ld+json\" class=\"yoast-schema-graph\">{\"@context\":\"https:\/\/schema.org\",\"@graph\":[{\"@type\":\"WebPage\",\"@id\":\"https:\/\/www.safinel.fr\/produit\/deodorant-naturel-lavande-patchouli-50g\/\",\"url\":\"https:\/\/www.safinel.fr\/produit\/deodorant-naturel-lavande-patchouli-50g\/\",\"name\":\"D\u00e9odorant naturel - Lavande & patchouli 50g - Safinel\",\"isPartOf\":{\"@id\":\"https:\/\/www.safinel.fr\/#website\"},\"primaryImageOfPage\":{\"@id\":\"https:\/\/www.safinel.fr\/produit\/deodorant-naturel-lavande-patchouli-50g\/#primaryimage\"},\"image\":{\"@id\":\"https:\/\/www.safinel.fr\/produit\/deodorant-naturel-lavande-patchouli-50g\/#primaryimage\"},\"thumbnailUrl\":\"https:\/\/www.safinel.fr\/wp-content\/uploads\/2021\/07\/555-large_default.jpg\",\"datePublished\":\"2021-07-24T18:58:58+00:00\",\"dateModified\":\"2023-12-30T13:55:58+00:00\",\"breadcrumb\":{\"@id\":\"https:\/\/www.safinel.fr\/produit\/deodorant-naturel-lavande-patchouli-50g\/#breadcrumb\"},\"inLanguage\":\"de\",\"potentialAction\":[{\"@type\":\"ReadAction\",\"target\":[\"https:\/\/www.safinel.fr\/produit\/deodorant-naturel-lavande-patchouli-50g\/\"]}]},{\"@type\":\"ImageObject\",\"inLanguage\":\"de\",\"@id\":\"https:\/\/www.safinel.fr\/produit\/deodorant-naturel-lavande-patchouli-50g\/#primaryimage\",\"url\":\"https:\/\/www.safinel.fr\/wp-content\/uploads\/2021\/07\/555-large_default.jpg\",\"contentUrl\":\"https:\/\/www.safinel.fr\/wp-content\/uploads\/2021\/07\/555-large_default.jpg\",\"width\":800,\"height\":800},{\"@type\":\"BreadcrumbList\",\"@id\":\"https:\/\/www.safinel.fr\/produit\/deodorant-naturel-lavande-patchouli-50g\/#breadcrumb\",\"itemListElement\":[{\"@type\":\"ListItem\",\"position\":1,\"name\":\"Accueil\",\"item\":\"https:\/\/www.safinel.fr\/\"},{\"@type\":\"ListItem\",\"position\":2,\"name\":\"Boutique\",\"item\":\"https:\/\/www.safinel.fr\/boutique\/\"},{\"@type\":\"ListItem\",\"position\":3,\"name\":\"D\u00e9odorant naturel &#8211; Lavande &#038; patchouli 50g\"}]},{\"@type\":\"WebSite\",\"@id\":\"https:\/\/www.safinel.fr\/#website\",\"url\":\"https:\/\/www.safinel.fr\/\",\"name\":\"Safinel\",\"description\":\"\",\"publisher\":{\"@id\":\"https:\/\/www.safinel.fr\/#organization\"},\"potentialAction\":[{\"@type\":\"SearchAction\",\"target\":{\"@type\":\"EntryPoint\",\"urlTemplate\":\"https:\/\/www.safinel.fr\/?s={search_term_string}\"},\"query-input\":{\"@type\":\"PropertyValueSpecification\",\"valueRequired\":true,\"valueName\":\"search_term_string\"}}],\"inLanguage\":\"de\"},{\"@type\":\"Organization\",\"@id\":\"https:\/\/www.safinel.fr\/#organization\",\"name\":\"Safinel\",\"url\":\"https:\/\/www.safinel.fr\/\",\"logo\":{\"@type\":\"ImageObject\",\"inLanguage\":\"de\",\"@id\":\"https:\/\/www.safinel.fr\/#\/schema\/logo\/image\/\",\"url\":\"https:\/\/www.safinel.fr\/wp-content\/uploads\/2021\/05\/boutique-cosmetique.png\",\"contentUrl\":\"https:\/\/www.safinel.fr\/wp-content\/uploads\/2021\/05\/boutique-cosmetique.png\",\"width\":800,\"height\":200,\"caption\":\"Safinel\"},\"image\":{\"@id\":\"https:\/\/www.safinel.fr\/#\/schema\/logo\/image\/\"}}]}<\/script>\n<!-- \/ Yoast SEO plugin. -->","yoast_head_json":{"title":"Nat\u00fcrliches Deodorant - Lavendel &amp; Patchouli 50g - Safinel","robots":{"index":"index","follow":"follow","max-snippet":"max-snippet:-1","max-image-preview":"max-image-preview:large","max-video-preview":"max-video-preview:-1"},"canonical":"https:\/\/www.safinel.fr\/de\/product-2\/naturliches-deodorant-lavendel-patchouli-50g\/","og_locale":"de_DE","og_type":"article","og_title":"D\u00e9odorant naturel - Lavande & patchouli 50g - Safinel","og_description":"Pourquoi arr\u00eater d\u2019utiliser les d\u00e9odorants classiques ? Tout simplement pour adopter le d\u00e9odorant naturel lavande et patchouli, bien s\u00fbr !\u00a0 D\u00e9couvrez sans plus attendre cette cr\u00e8me d\u00e9odorante fabriqu\u00e9e en France, qui vous fera changer d\u2019avis sur la cosm\u00e9tique verte ! Le d\u00e9odorant naturel lavande et patchouli : votre nouvel alli\u00e9 au naturel !\u00a0 Ce d\u00e9odorant [...]","og_url":"https:\/\/www.safinel.fr\/de\/product-2\/naturliches-deodorant-lavendel-patchouli-50g\/","og_site_name":"Safinel","article_modified_time":"2023-12-30T13:55:58+00:00","og_image":[{"width":800,"height":800,"url":"https:\/\/www.safinel.fr\/wp-content\/uploads\/2021\/07\/555-large_default.jpg","type":"image\/jpeg"}],"twitter_card":"summary_large_image","twitter_misc":{"Gesch\u00e4tzte Lesezeit":"2\u00a0Minuten"},"schema":{"@context":"https:\/\/schema.org","@graph":[{"@type":"WebPage","@id":"https:\/\/www.safinel.fr\/produit\/deodorant-naturel-lavande-patchouli-50g\/","url":"https:\/\/www.safinel.fr\/produit\/deodorant-naturel-lavande-patchouli-50g\/","name":"Nat\u00fcrliches Deodorant - Lavendel &amp; Patchouli 50g - Safinel","isPartOf":{"@id":"https:\/\/www.safinel.fr\/#website"},"primaryImageOfPage":{"@id":"https:\/\/www.safinel.fr\/produit\/deodorant-naturel-lavande-patchouli-50g\/#primaryimage"},"image":{"@id":"https:\/\/www.safinel.fr\/produit\/deodorant-naturel-lavande-patchouli-50g\/#primaryimage"},"thumbnailUrl":"https:\/\/www.safinel.fr\/wp-content\/uploads\/2021\/07\/555-large_default.jpg","datePublished":"2021-07-24T18:58:58+00:00","dateModified":"2023-12-30T13:55:58+00:00","breadcrumb":{"@id":"https:\/\/www.safinel.fr\/produit\/deodorant-naturel-lavande-patchouli-50g\/#breadcrumb"},"inLanguage":"de","potentialAction":[{"@type":"ReadAction","target":["https:\/\/www.safinel.fr\/produit\/deodorant-naturel-lavande-patchouli-50g\/"]}]},{"@type":"ImageObject","inLanguage":"de","@id":"https:\/\/www.safinel.fr\/produit\/deodorant-naturel-lavande-patchouli-50g\/#primaryimage","url":"https:\/\/www.safinel.fr\/wp-content\/uploads\/2021\/07\/555-large_default.jpg","contentUrl":"https:\/\/www.safinel.fr\/wp-content\/uploads\/2021\/07\/555-large_default.jpg","width":800,"height":800},{"@type":"BreadcrumbList","@id":"https:\/\/www.safinel.fr\/produit\/deodorant-naturel-lavande-patchouli-50g\/#breadcrumb","itemListElement":[{"@type":"ListItem","position":1,"name":"Accueil","item":"https:\/\/www.safinel.fr\/"},{"@type":"ListItem","position":2,"name":"Boutique","item":"https:\/\/www.safinel.fr\/boutique\/"},{"@type":"ListItem","position":3,"name":"D\u00e9odorant naturel &#8211; Lavande &#038; patchouli 50g"}]},{"@type":"WebSite","@id":"https:\/\/www.safinel.fr\/#website","url":"https:\/\/www.safinel.fr\/","name":"Safinel","description":"","publisher":{"@id":"https:\/\/www.safinel.fr\/#organization"},"potentialAction":[{"@type":"SearchAction","target":{"@type":"EntryPoint","urlTemplate":"https:\/\/www.safinel.fr\/?s={search_term_string}"},"query-input":{"@type":"PropertyValueSpecification","valueRequired":true,"valueName":"search_term_string"}}],"inLanguage":"de"},{"@type":"Organization","@id":"https:\/\/www.safinel.fr\/#organization","name":"Safinel","url":"https:\/\/www.safinel.fr\/","logo":{"@type":"ImageObject","inLanguage":"de","@id":"https:\/\/www.safinel.fr\/#\/schema\/logo\/image\/","url":"https:\/\/www.safinel.fr\/wp-content\/uploads\/2021\/05\/boutique-cosmetique.png","contentUrl":"https:\/\/www.safinel.fr\/wp-content\/uploads\/2021\/05\/boutique-cosmetique.png","width":800,"height":200,"caption":"Safinel"},"image":{"@id":"https:\/\/www.safinel.fr\/#\/schema\/logo\/image\/"}}]}},"_links":{"self":[{"href":"https:\/\/www.safinel.fr\/de\/wp-json\/wp\/v2\/product\/245","targetHints":{"allow":["GET"]}}],"collection":[{"href":"https:\/\/www.safinel.fr\/de\/wp-json\/wp\/v2\/product"}],"about":[{"href":"https:\/\/www.safinel.fr\/de\/wp-json\/wp\/v2\/types\/product"}],"wp:featuredmedia":[{"embeddable":true,"href":"https:\/\/www.safinel.fr\/de\/wp-json\/wp\/v2\/media\/275"}],"wp:attachment":[{"href":"https:\/\/www.safinel.fr\/de\/wp-json\/wp\/v2\/media?parent=245"}],"wp:term":[{"taxonomy":"product_brand","embeddable":true,"href":"https:\/\/www.safinel.fr\/de\/wp-json\/wp\/v2\/product_brand?post=245"},{"taxonomy":"product_cat","embeddable":true,"href":"https:\/\/www.safinel.fr\/de\/wp-json\/wp\/v2\/product_cat?post=245"},{"taxonomy":"product_tag","embeddable":true,"href":"https:\/\/www.safinel.fr\/de\/wp-json\/wp\/v2\/product_tag?post=245"}],"curies":[{"name":"wp","href":"https:\/\/api.w.org\/{rel}","templated":true}]}}