{"id":2444,"date":"2022-08-30T18:20:22","date_gmt":"2022-08-30T18:20:22","guid":{"rendered":"https:\/\/www.safinel.fr\/?post_type=product&#038;p=2444"},"modified":"2024-08-22T18:17:33","modified_gmt":"2024-08-22T18:17:33","slug":"citrullinmalat","status":"publish","type":"product","link":"https:\/\/www.safinel.fr\/de\/product-2\/citrullinmalat\/","title":{"rendered":"Citrullinmalat"},"content":{"rendered":"<p>Citrullinmalat ist ein\u00a0<strong>Nahrungserg\u00e4nzung<\/strong>\u00a0f\u00fcr die s<strong>portifs<\/strong>. Er ist bekannt f\u00fcr seine Wirkung auf den\u00a0<strong>Verz\u00f6gerung der Muskelerm\u00fcdung, der Erholung und des Masseaufbaus<\/strong>. Er wird Ihnen helfen, regelm\u00e4\u00dfig zu trainieren und \u00fcberzeugende Ergebnisse zu erzielen.<\/p>\n<h2><strong>Citrullinmalat genauer unter die Lupe genommen<\/strong><\/h2>\n<p>Dieses Nahrungserg\u00e4nzungsmittel ist eine Mischung aus der Aminos\u00e4ure L-Citrullin und Apfels\u00e4ure. Apfels\u00e4ure ist ein Bestandteil, der bei der\u00a0<strong>Energiegewinnung<\/strong>\u00a0des K\u00f6rpers, sondern vor allem auf die\u00a0<strong>Erholung nach einer Anstrengung<\/strong>. L-Citrullin unterst\u00fctzt den K\u00f6rper dabei\u00a0<strong>seinen Abfall entsorgen<\/strong>, insbesondere nach k\u00f6rperlicher Anstrengung. Und, sie ist ein Stimulans f\u00fcr die\u00a0<strong>Massenzunahme<\/strong>\u00a0muskul\u00e4r.<\/p>\n<h2><strong>Warum sollte man sich f\u00fcr dieses Nahrungserg\u00e4nzungsmittel entscheiden?<\/strong><\/h2>\n<p>Im Bereich des Sports und insbesondere des Bodybuildings gibt es sehr viele Nahrungserg\u00e4nzungsmittel. Dennoch k\u00f6nnte ein Gro\u00dfteil von ihnen durch eine richtige Ern\u00e4hrung ersetzt werden. Dies ist bei Citrullinmalat nicht der Fall. In der Tat sind Aminos\u00e4uren f\u00fcr eine gute Funktion unerl\u00e4sslich. Einige werden von Ihrem K\u00f6rper selbst produziert und andere m\u00fcssen Sie zu sich nehmen, um das reibungslose Funktionieren des K\u00f6rpers zu unterst\u00fctzen. L-Citrullin wird von Ihrem K\u00f6rper zwar hergestellt, aber nur in geringen Mengen. Aus diesem Grund ist es sinnvoll, Ihren K\u00f6rper mit L-Citrullin zu versorgen, wenn Sie regelm\u00e4\u00dfig trainieren. Die Kombination aus dieser Aminos\u00e4ure und Malat hat sehr positive Eigenschaften, insbesondere durch\u00a0<strong>Vortraining<\/strong>\u00a0und f\u00fcr den Masseaufbau.<\/p>\n<h3><strong>Entspannung der Blutgef\u00e4\u00dfe<\/strong><\/h3>\n<p>Wenn Sie trainieren, str\u00f6mt Blut in die Muskeln. Diese Mischung (und besonders das L-Citrullin) bewirkt Folgendes\u00a0<strong>Ihre Blutgef\u00e4\u00dfe zu erweitern<\/strong>. So k\u00f6nnen sich Ihre Muskeln leichter erholen.<\/p>\n<h3><strong>Energiezufuhr<\/strong><\/h3>\n<p>Dank der Apfels\u00e4ure werden Sie den Zyklus der Energiezufuhr anregen. Sie werden also einen\u00a0<strong>produktiveres Training<\/strong>. Denn so sind Sie in der Lage, mehr Wiederholungen Ihrer \u00dcbungen zu machen.<\/p>\n<h3><strong>Hilft bei der Muskelkontraktion<\/strong><\/h3>\n<p>W\u00e4hrend Ihrer Trainingseinheit werden Sie Abfallprodukte (vor allem Laktate) produzieren, die dazu f\u00fchren, dass Ihre Muskeln weniger gut kontrahieren k\u00f6nnen. Dies ist auf einen sehr sauren pH-Wert zur\u00fcckzuf\u00fchren. Citrullinmalat wird wie eine Barriere wirken und der pH-Wert wird im Normalbereich bleiben. So k\u00f6nnen Sie\u00a0<strong>Ihre Sitzung verl\u00e4ngern und Muskelkater vorbeugen<\/strong>.<\/p>\n<h2><strong>Warum sollte man Citrullinmalat vor dem Training einnehmen?<\/strong><\/h2>\n<p>Wenn Sie Ihr Pr\u00e4parat vor dem Sport einnehmen, profitieren Ihre Muskeln von einer h\u00f6heren N\u00e4hrstoffzufuhr (durch die Erweiterung der Blutgef\u00e4\u00dfe). Und als Folge davon wird am Ende Ihres Trainings die\u00a0<strong>Muskelreparatur, Abfallbeseitigung und Erholung<\/strong>\u00a0werden besser sein. Sie werden automatisch sp\u00fcren\u00a0<strong>weniger Muskelkater. \u00a0<\/strong><\/p>\n<h3><strong>Wie wird Citrullinmalat eingenommen?<\/strong><\/h3>\n<ul>\n<li>Mischen Sie in einem gro\u00dfen Glas Wasser eine volle Dosis (das entspricht etwa 3 Gramm). Trinken Sie das Pr\u00e4parat eine halbe Stunde vor Ihrem Training. Es ist auch m\u00f6glich, das Nahrungserg\u00e4nzungsmittel in Ihre Pre-Workout-Getr\u00e4nke zu mischen.<\/li>\n<li>Um Ihren Muskeln noch mehr zu helfen, probieren Sie die\u2019<a href=\"https:\/\/www.safinel.fr\/de\/product-2\/ashwagandha-ganze-wurzel\/\"><strong>Ashwagandha<\/strong><\/a>, die Pflanze der Sportler.<\/li>\n<li>Wir m\u00f6chten Sie daran erinnern, dass Citrullinmalat kein Ersatz f\u00fcr eine gesunde und ausgewogene Ern\u00e4hrung ist.<\/li>\n<\/ul>\n<h3><strong>Rat zur Erhaltung :\u00a0<\/strong><\/h3>\n<p>Sch\u00fctzen Sie dieses Produkt vor Licht und Hitze.<\/p>","protected":false},"excerpt":{"rendered":"<p>Citrullinmalat ist ein Nahrungserg\u00e4nzungsmittel f\u00fcr Sportler. Es ist f\u00fcr seine Wirkung auf die Verz\u00f6gerung der Muskelerm\u00fcdung, die Erholung und den Masseaufbau bekannt. Es wird Ihnen helfen, regelm\u00e4\u00dfig zu trainieren und \u00fcberzeugende Ergebnisse zu erzielen. Citrullinmalat n\u00e4her betrachtet Dieses Nahrungserg\u00e4nzungsmittel ist eine Mischung aus einem [...].","protected":false},"featured_media":2445,"template":"","meta":[],"product_brand":[],"product_cat":[28],"product_tag":[],"class_list":{"0":"post-2444","1":"product","2":"type-product","3":"status-publish","4":"has-post-thumbnail","6":"product_cat-divers","8":"first","9":"outofstock","10":"shipping-taxable","11":"purchasable","12":"product-type-variable"},"yoast_head":"<!-- This site is optimized with the Yoast SEO plugin v26.6 - https:\/\/yoast.com\/wordpress\/plugins\/seo\/ -->\n<title>Malate de citrulline I Compl\u00e9ment alimentaire I Achat rapide<\/title>\n<meta name=\"description\" content=\"Le malate de citrulline est un\u00a0compl\u00e9ment alimentaire\u00a0pour les sportifs. Il est connu pour son action sur le\u00a0retardement de la fatigue musculaire.\" \/>\n<meta name=\"robots\" content=\"index, follow, max-snippet:-1, max-image-preview:large, max-video-preview:-1\" \/>\n<link rel=\"canonical\" href=\"https:\/\/www.safinel.fr\/de\/product-2\/citrullinmalat\/\" \/>\n<meta property=\"og:locale\" content=\"de_DE\" \/>\n<meta property=\"og:type\" content=\"article\" \/>\n<meta property=\"og:title\" content=\"Malate de citrulline I Compl\u00e9ment alimentaire I Achat rapide\" \/>\n<meta property=\"og:description\" content=\"Le malate de citrulline est un\u00a0compl\u00e9ment alimentaire\u00a0pour les sportifs. Il est connu pour son action sur le\u00a0retardement de la fatigue musculaire.\" \/>\n<meta property=\"og:url\" content=\"https:\/\/www.safinel.fr\/de\/product-2\/citrullinmalat\/\" \/>\n<meta property=\"og:site_name\" content=\"Safinel\" \/>\n<meta property=\"article:modified_time\" content=\"2024-08-22T18:17:33+00:00\" \/>\n<meta property=\"og:image\" content=\"https:\/\/www.safinel.fr\/wp-content\/uploads\/2022\/08\/Malate-De-Citrulline.jpg\" \/>\n\t<meta property=\"og:image:width\" content=\"600\" \/>\n\t<meta property=\"og:image:height\" content=\"600\" \/>\n\t<meta property=\"og:image:type\" content=\"image\/jpeg\" \/>\n<meta name=\"twitter:card\" content=\"summary_large_image\" \/>\n<meta name=\"twitter:label1\" content=\"Gesch\u00e4tzte Lesezeit\" \/>\n\t<meta name=\"twitter:data1\" content=\"3\u00a0Minuten\" \/>\n<script type=\"application\/ld+json\" class=\"yoast-schema-graph\">{\"@context\":\"https:\/\/schema.org\",\"@graph\":[{\"@type\":\"WebPage\",\"@id\":\"https:\/\/www.safinel.fr\/produit\/malate-de-citrulline\/\",\"url\":\"https:\/\/www.safinel.fr\/produit\/malate-de-citrulline\/\",\"name\":\"Malate de citrulline I Compl\u00e9ment alimentaire I Achat rapide\",\"isPartOf\":{\"@id\":\"https:\/\/www.safinel.fr\/#website\"},\"primaryImageOfPage\":{\"@id\":\"https:\/\/www.safinel.fr\/produit\/malate-de-citrulline\/#primaryimage\"},\"image\":{\"@id\":\"https:\/\/www.safinel.fr\/produit\/malate-de-citrulline\/#primaryimage\"},\"thumbnailUrl\":\"https:\/\/www.safinel.fr\/wp-content\/uploads\/2022\/08\/Malate-De-Citrulline.jpg\",\"datePublished\":\"2022-08-30T18:20:22+00:00\",\"dateModified\":\"2024-08-22T18:17:33+00:00\",\"description\":\"Le malate de citrulline est un\u00a0compl\u00e9ment alimentaire\u00a0pour les sportifs. Il est connu pour son action sur le\u00a0retardement de la fatigue musculaire.\",\"breadcrumb\":{\"@id\":\"https:\/\/www.safinel.fr\/produit\/malate-de-citrulline\/#breadcrumb\"},\"inLanguage\":\"de\",\"potentialAction\":[{\"@type\":\"ReadAction\",\"target\":[\"https:\/\/www.safinel.fr\/produit\/malate-de-citrulline\/\"]}]},{\"@type\":\"ImageObject\",\"inLanguage\":\"de\",\"@id\":\"https:\/\/www.safinel.fr\/produit\/malate-de-citrulline\/#primaryimage\",\"url\":\"https:\/\/www.safinel.fr\/wp-content\/uploads\/2022\/08\/Malate-De-Citrulline.jpg\",\"contentUrl\":\"https:\/\/www.safinel.fr\/wp-content\/uploads\/2022\/08\/Malate-De-Citrulline.jpg\",\"width\":600,\"height\":600,\"caption\":\"Malate de Citrulline\"},{\"@type\":\"BreadcrumbList\",\"@id\":\"https:\/\/www.safinel.fr\/produit\/malate-de-citrulline\/#breadcrumb\",\"itemListElement\":[{\"@type\":\"ListItem\",\"position\":1,\"name\":\"Accueil\",\"item\":\"https:\/\/www.safinel.fr\/\"},{\"@type\":\"ListItem\",\"position\":2,\"name\":\"Boutique\",\"item\":\"https:\/\/www.safinel.fr\/boutique\/\"},{\"@type\":\"ListItem\",\"position\":3,\"name\":\"Malate de Citrulline\"}]},{\"@type\":\"WebSite\",\"@id\":\"https:\/\/www.safinel.fr\/#website\",\"url\":\"https:\/\/www.safinel.fr\/\",\"name\":\"Safinel\",\"description\":\"\",\"publisher\":{\"@id\":\"https:\/\/www.safinel.fr\/#organization\"},\"potentialAction\":[{\"@type\":\"SearchAction\",\"target\":{\"@type\":\"EntryPoint\",\"urlTemplate\":\"https:\/\/www.safinel.fr\/?s={search_term_string}\"},\"query-input\":{\"@type\":\"PropertyValueSpecification\",\"valueRequired\":true,\"valueName\":\"search_term_string\"}}],\"inLanguage\":\"de\"},{\"@type\":\"Organization\",\"@id\":\"https:\/\/www.safinel.fr\/#organization\",\"name\":\"Safinel\",\"url\":\"https:\/\/www.safinel.fr\/\",\"logo\":{\"@type\":\"ImageObject\",\"inLanguage\":\"de\",\"@id\":\"https:\/\/www.safinel.fr\/#\/schema\/logo\/image\/\",\"url\":\"https:\/\/www.safinel.fr\/wp-content\/uploads\/2021\/05\/boutique-cosmetique.png\",\"contentUrl\":\"https:\/\/www.safinel.fr\/wp-content\/uploads\/2021\/05\/boutique-cosmetique.png\",\"width\":800,\"height\":200,\"caption\":\"Safinel\"},\"image\":{\"@id\":\"https:\/\/www.safinel.fr\/#\/schema\/logo\/image\/\"}}]}<\/script>\n<!-- \/ Yoast SEO plugin. -->","yoast_head_json":{"title":"Citrullinmalat I Nahrungserg\u00e4nzungsmittel I Schneller Kauf","description":"Citrullinmalat ist ein Nahrungserg\u00e4nzungsmittel f\u00fcr Sportler. Es ist f\u00fcr seine Wirkung zur Verz\u00f6gerung der Muskelerm\u00fcdung bekannt.","robots":{"index":"index","follow":"follow","max-snippet":"max-snippet:-1","max-image-preview":"max-image-preview:large","max-video-preview":"max-video-preview:-1"},"canonical":"https:\/\/www.safinel.fr\/de\/product-2\/citrullinmalat\/","og_locale":"de_DE","og_type":"article","og_title":"Malate de citrulline I Compl\u00e9ment alimentaire I Achat rapide","og_description":"Le malate de citrulline est un\u00a0compl\u00e9ment alimentaire\u00a0pour les sportifs. Il est connu pour son action sur le\u00a0retardement de la fatigue musculaire.","og_url":"https:\/\/www.safinel.fr\/de\/product-2\/citrullinmalat\/","og_site_name":"Safinel","article_modified_time":"2024-08-22T18:17:33+00:00","og_image":[{"width":600,"height":600,"url":"https:\/\/www.safinel.fr\/wp-content\/uploads\/2022\/08\/Malate-De-Citrulline.jpg","type":"image\/jpeg"}],"twitter_card":"summary_large_image","twitter_misc":{"Gesch\u00e4tzte Lesezeit":"3\u00a0Minuten"},"schema":{"@context":"https:\/\/schema.org","@graph":[{"@type":"WebPage","@id":"https:\/\/www.safinel.fr\/produit\/malate-de-citrulline\/","url":"https:\/\/www.safinel.fr\/produit\/malate-de-citrulline\/","name":"Citrullinmalat I Nahrungserg\u00e4nzungsmittel I Schneller Kauf","isPartOf":{"@id":"https:\/\/www.safinel.fr\/#website"},"primaryImageOfPage":{"@id":"https:\/\/www.safinel.fr\/produit\/malate-de-citrulline\/#primaryimage"},"image":{"@id":"https:\/\/www.safinel.fr\/produit\/malate-de-citrulline\/#primaryimage"},"thumbnailUrl":"https:\/\/www.safinel.fr\/wp-content\/uploads\/2022\/08\/Malate-De-Citrulline.jpg","datePublished":"2022-08-30T18:20:22+00:00","dateModified":"2024-08-22T18:17:33+00:00","description":"Citrullinmalat ist ein Nahrungserg\u00e4nzungsmittel f\u00fcr Sportler. Es ist f\u00fcr seine Wirkung zur Verz\u00f6gerung der Muskelerm\u00fcdung bekannt.","breadcrumb":{"@id":"https:\/\/www.safinel.fr\/produit\/malate-de-citrulline\/#breadcrumb"},"inLanguage":"de","potentialAction":[{"@type":"ReadAction","target":["https:\/\/www.safinel.fr\/produit\/malate-de-citrulline\/"]}]},{"@type":"ImageObject","inLanguage":"de","@id":"https:\/\/www.safinel.fr\/produit\/malate-de-citrulline\/#primaryimage","url":"https:\/\/www.safinel.fr\/wp-content\/uploads\/2022\/08\/Malate-De-Citrulline.jpg","contentUrl":"https:\/\/www.safinel.fr\/wp-content\/uploads\/2022\/08\/Malate-De-Citrulline.jpg","width":600,"height":600,"caption":"Malate de Citrulline"},{"@type":"BreadcrumbList","@id":"https:\/\/www.safinel.fr\/produit\/malate-de-citrulline\/#breadcrumb","itemListElement":[{"@type":"ListItem","position":1,"name":"Accueil","item":"https:\/\/www.safinel.fr\/"},{"@type":"ListItem","position":2,"name":"Boutique","item":"https:\/\/www.safinel.fr\/boutique\/"},{"@type":"ListItem","position":3,"name":"Malate de Citrulline"}]},{"@type":"WebSite","@id":"https:\/\/www.safinel.fr\/#website","url":"https:\/\/www.safinel.fr\/","name":"Safinel","description":"","publisher":{"@id":"https:\/\/www.safinel.fr\/#organization"},"potentialAction":[{"@type":"SearchAction","target":{"@type":"EntryPoint","urlTemplate":"https:\/\/www.safinel.fr\/?s={search_term_string}"},"query-input":{"@type":"PropertyValueSpecification","valueRequired":true,"valueName":"search_term_string"}}],"inLanguage":"de"},{"@type":"Organization","@id":"https:\/\/www.safinel.fr\/#organization","name":"Safinel","url":"https:\/\/www.safinel.fr\/","logo":{"@type":"ImageObject","inLanguage":"de","@id":"https:\/\/www.safinel.fr\/#\/schema\/logo\/image\/","url":"https:\/\/www.safinel.fr\/wp-content\/uploads\/2021\/05\/boutique-cosmetique.png","contentUrl":"https:\/\/www.safinel.fr\/wp-content\/uploads\/2021\/05\/boutique-cosmetique.png","width":800,"height":200,"caption":"Safinel"},"image":{"@id":"https:\/\/www.safinel.fr\/#\/schema\/logo\/image\/"}}]}},"_links":{"self":[{"href":"https:\/\/www.safinel.fr\/de\/wp-json\/wp\/v2\/product\/2444","targetHints":{"allow":["GET"]}}],"collection":[{"href":"https:\/\/www.safinel.fr\/de\/wp-json\/wp\/v2\/product"}],"about":[{"href":"https:\/\/www.safinel.fr\/de\/wp-json\/wp\/v2\/types\/product"}],"wp:featuredmedia":[{"embeddable":true,"href":"https:\/\/www.safinel.fr\/de\/wp-json\/wp\/v2\/media\/2445"}],"wp:attachment":[{"href":"https:\/\/www.safinel.fr\/de\/wp-json\/wp\/v2\/media?parent=2444"}],"wp:term":[{"taxonomy":"product_brand","embeddable":true,"href":"https:\/\/www.safinel.fr\/de\/wp-json\/wp\/v2\/product_brand?post=2444"},{"taxonomy":"product_cat","embeddable":true,"href":"https:\/\/www.safinel.fr\/de\/wp-json\/wp\/v2\/product_cat?post=2444"},{"taxonomy":"product_tag","embeddable":true,"href":"https:\/\/www.safinel.fr\/de\/wp-json\/wp\/v2\/product_tag?post=2444"}],"curies":[{"name":"wp","href":"https:\/\/api.w.org\/{rel}","templated":true}]}}